{"id":36725,"date":"2025-03-25T17:56:13","date_gmt":"2025-03-25T16:56:13","guid":{"rendered":"https:\/\/staging.cremiacosmetics.com\/?post_type=product&#038;p=36725"},"modified":"2025-04-15T14:02:36","modified_gmt":"2025-04-15T12:02:36","slug":"sebo-foam-150","status":"publish","type":"product","link":"https:\/\/staging.cremiacosmetics.com\/?product=sebo-foam-150","title":{"rendered":"Sebo Foam 150 ml"},"content":{"rendered":"<p>Alkalmaz\u00e1sa: F\u00fajjunk a tenyer\u00fcnkre egy di\u00f3nyi habot \u00e9s k\u00f6rk\u00f6r\u00f6s mozdulatokkal tiszt\u00edtsuk le vele az arcunkat, majd b\u0151 v\u00edzzel \u00f6bl\u00edts\u00fck le.<\/p>\n<p>Figyelmeztet\u00e9s: A term\u00e9k szemirrit\u00e1ci\u00f3t okozhat. Szembe ker\u00fcl\u00e9s eset\u00e9n b\u0151 langyos v\u00edzzel \u00f6bl\u00edtsd ki!<\/p>\n<p>F\u0151 hat\u00f3anyagai:<\/p>\n<ul>\n<li>N\u00f6v\u00e9nyi tenzidkever\u00e9k: k\u00edm\u00e9letesen tiszt\u00edt\u00f3 fel\u00fcletakt\u00edv anyagok, melyek n\u00f6v\u00e9nyi eredet\u0171ek.<\/li>\n<li>Ichtiol: gyullad\u00e1scs\u00f6kkent\u0151, faggy\u00fatermel\u0151d\u00e9st cs\u00f6kkent\u0151 hat\u00e1s, Az ichtyol &#8211; k\u00e1tr\u00e1ny egy v\u00edzben old\u00f3d\u00f3, szerves sz\u00e9n vegy\u00fclet, amit a tiroli bitumenes pal\u00e1kb\u00f3l \u00e1ll\u00edtanak el\u0151.<\/li>\n<li>Jojoba olaj: b\u0151rpuh\u00edt\u00f3, a faggy\u00fa \u00f6sszet\u00e9tel\u00e9hez hasonl\u00f3 viaszos olaj, seborrhe\u00e1s b\u0151rre a faggy\u00fatermel\u0151d\u00e9st befoly\u00e1solja<\/li>\n<li>Glicerin: b\u0151rpuh\u00edt\u00f3, hidrat\u00e1l\u00f3 hat\u00e1s<\/li>\n<li>Zs\u00e1lya ill\u00f3olaj: gyullad\u00e1scs\u00f6kkent\u0151, v\u00e9rkering\u00e9st fokoz\u00f3 ill\u00f3olaj<\/li>\n<\/ul>\n<p>\u00d6sszet\u00e9tel: Aqua, Rosa Damascena flower rose water, Glycerin, Sodium cocoamphoacetate, Lauryl Glucoside, Sodium cocoyl glutamate carboyzlate, Caprylic capril glucoside, glyceryl caprylate, Simmondsia Chinensis Seed Oil, Citric acid, Polyglyceryl-6 oleate, Sodium surfactin, Phenoxyethanol,Ethylhexylglycerin, Fragrance, Ammonium bitumensulfonicum<\/p>\n<p>CPNP:5081622<\/p>\n","protected":false},"excerpt":{"rendered":"<p>A <strong>SEBO<\/strong> term\u00e9kcsal\u00e1d ichtiolos arctiszt\u00edt\u00f3, gyullad\u00e1scs\u00f6kkent\u0151 arclemos\u00f3 hab tagja.<\/p>\n<p>A seborrhe\u00e1s, acn\u00e9s, gyulladt b\u0151r letiszt\u00edt\u00e1s\u00e1ra szolg\u00e1l, mely a n\u00f6v\u00e9nyi tenzideknek k\u00f6sz\u00f6nhet\u0151en hat\u00e9konyan, de gyeng\u00e9den tiszt\u00edtja a b\u0151rt. A b\u0151r letiszt\u00edt\u00e1sa ut\u00e1n azonnal \u00e9rezhet\u0151 \u00e9s l\u00e1that\u00f3 a b\u0151rpuh\u00edt\u00f3 hat\u00e1sa, mely \u00e1pol\u00f3 \u00f6sszetev\u0151inek k\u00f6sz\u00f6nhet\u0151, mint a damaszkuszi r\u00f3zsav\u00edz, a glicerin \u00e9s a frakcion\u00e1lt k\u00f3kuszolaj. Gy\u00f3gyn\u00f6v\u00e9nyes illat\u00e1t a zs\u00e1lya ill\u00f3olajnak k\u00f6sz\u00f6nheti. Az ichtiol a faggy\u00fatermel\u00e9st hat\u00e9konyan szab\u00e1lyoz\u00f3 \u00e1sv\u00e1nyi eredet\u0171 term\u00e9szetes \u00f6sszetev\u0151.<\/p>\n<p>Otthoni \u00e1pol\u00e1sra aj\u00e1nljuk szeborrhe\u00e1s b\u0151rre nappalra az Azulene Cream-et, a Calm serumot, \u00e9jszak\u00e1ra a Probiom Night kr\u00e9met. A Ginkgo Renew Cream a benne tal\u00e1lhat\u00f3 b\u0151rregener\u00e1l\u00f3 hat\u00f3anyagoknak k\u00f6sz\u00f6nhet\u0151en szint\u00e9n j\u00f3 v\u00e1laszt\u00e1s nappali kr\u00e9mk\u00e9nt.<\/p>\n","protected":false},"featured_media":36697,"comment_status":"open","ping_status":"closed","template":"","meta":[],"product_brand":[],"product_cat":[452,1409,482],"product_tag":[],"class_list":{"0":"post-36725","1":"product","2":"type-product","3":"status-publish","4":"has-post-thumbnail","6":"product_cat-arctisztitas","7":"product_cat-arctisztitas-tonizalas","8":"product_cat-osszes","10":"first","11":"instock","12":"taxable","13":"shipping-taxable","14":"purchasable","15":"product-type-simple"},"bundled_by":[],"bundle_stock_status":"instock","bundle_stock_quantity":null,"bundle_virtual":false,"bundle_layout":"","bundle_add_to_cart_form_location":"","bundle_editable_in_cart":false,"bundle_sold_individually_context":"","bundle_item_grouping":"","bundle_min_size":"","bundle_max_size":"","bundle_price":[],"bundled_items":[],"bundle_sell_ids":[],"yoast_head":"<!-- This site is optimized with the Yoast SEO Premium plugin v24.9 (Yoast SEO v24.9) - https:\/\/yoast.com\/wordpress\/plugins\/seo\/ -->\n<title>Sebo Foam 150 ml - Cremia Cosmetics<\/title>\n<meta name=\"robots\" content=\"index, follow, max-snippet:-1, max-image-preview:large, max-video-preview:-1\" \/>\n<link rel=\"canonical\" href=\"https:\/\/staging.cremiacosmetics.com\/osszes-termek\/sebo-foam-150\/\" \/>\n<meta property=\"og:locale\" content=\"en_US\" \/>\n<meta property=\"og:type\" content=\"article\" \/>\n<meta property=\"og:title\" content=\"Sebo Foam 150 ml\" \/>\n<meta property=\"og:description\" content=\"A SEBO term\u00e9kcsal\u00e1d ichtiolos arctiszt\u00edt\u00f3, gyullad\u00e1scs\u00f6kkent\u0151 arclemos\u00f3 hab tagja.  A seborrhe\u00e1s, acn\u00e9s, gyulladt b\u0151r letiszt\u00edt\u00e1s\u00e1ra szolg\u00e1l, mely a n\u00f6v\u00e9nyi tenzideknek k\u00f6sz\u00f6nhet\u0151en hat\u00e9konyan, de gyeng\u00e9den tiszt\u00edtja a b\u0151rt. A b\u0151r letiszt\u00edt\u00e1sa ut\u00e1n azonnal \u00e9rezhet\u0151 \u00e9s l\u00e1that\u00f3 a b\u0151rpuh\u00edt\u00f3 hat\u00e1sa, mely \u00e1pol\u00f3 \u00f6sszetev\u0151inek k\u00f6sz\u00f6nhet\u0151, mint a damaszkuszi r\u00f3zsav\u00edz, a glicerin \u00e9s a frakcion\u00e1lt k\u00f3kuszolaj. Gy\u00f3gyn\u00f6v\u00e9nyes illat\u00e1t a zs\u00e1lya ill\u00f3olajnak k\u00f6sz\u00f6nheti. Az ichtiol a faggy\u00fatermel\u00e9st hat\u00e9konyan szab\u00e1lyoz\u00f3 \u00e1sv\u00e1nyi eredet\u0171 term\u00e9szetes \u00f6sszetev\u0151.  Otthoni \u00e1pol\u00e1sra aj\u00e1nljuk szeborrhe\u00e1s b\u0151rre nappalra az Azulene Cream-et, a Calm serumot, \u00e9jszak\u00e1ra a Probiom Night kr\u00e9met. A Ginkgo Renew Cream a benne tal\u00e1lhat\u00f3 b\u0151rregener\u00e1l\u00f3 hat\u00f3anyagoknak k\u00f6sz\u00f6nhet\u0151en szint\u00e9n j\u00f3 v\u00e1laszt\u00e1s nappali kr\u00e9mk\u00e9nt.\" \/>\n<meta property=\"og:url\" content=\"https:\/\/staging.cremiacosmetics.com\/osszes-termek\/sebo-foam-150\/\" \/>\n<meta property=\"og:site_name\" content=\"Cremia Cosmetics\" \/>\n<meta property=\"article:publisher\" content=\"https:\/\/www.facebook.com\/cremiacosmetics\" \/>\n<meta property=\"article:modified_time\" content=\"2025-04-15T12:02:36+00:00\" \/>\n<meta property=\"og:image\" content=\"https:\/\/staging.cremiacosmetics.com\/wp-content\/uploads\/2025\/03\/Sebo-Foam.jpg\" \/>\n\t<meta property=\"og:image:width\" content=\"1000\" \/>\n\t<meta property=\"og:image:height\" content=\"1000\" \/>\n\t<meta property=\"og:image:type\" content=\"image\/jpeg\" \/>\n<meta name=\"twitter:card\" content=\"summary_large_image\" \/>\n<meta name=\"twitter:label1\" content=\"Price\" \/>\n\t<meta name=\"twitter:data1\" content=\"9 990&nbsp;&#070;&#116;\" \/>\n\t<meta name=\"twitter:label2\" content=\"Availability\" \/>\n\t<meta name=\"twitter:data2\" content=\"In stock\" \/>\n<script type=\"application\/ld+json\" class=\"yoast-schema-graph\">{\"@context\":\"https:\/\/schema.org\",\"@graph\":[{\"@type\":\"WebPage\",\"@id\":\"https:\/\/staging.cremiacosmetics.com\/osszes-termek\/sebo-foam-150\/\",\"url\":\"https:\/\/staging.cremiacosmetics.com\/osszes-termek\/sebo-foam-150\/\",\"name\":\"Sebo Foam 150 ml - Cremia Cosmetics\",\"isPartOf\":{\"@id\":\"https:\/\/staging.cremiacosmetics.com\/#website\"},\"primaryImageOfPage\":{\"@id\":\"https:\/\/staging.cremiacosmetics.com\/osszes-termek\/sebo-foam-150\/#primaryimage\"},\"image\":{\"@id\":\"https:\/\/staging.cremiacosmetics.com\/osszes-termek\/sebo-foam-150\/#primaryimage\"},\"thumbnailUrl\":\"https:\/\/staging.cremiacosmetics.com\/wp-content\/uploads\/2025\/03\/Sebo-Foam.jpg\",\"datePublished\":\"2025-03-25T16:56:13+00:00\",\"dateModified\":\"2025-04-15T12:02:36+00:00\",\"breadcrumb\":{\"@id\":\"https:\/\/staging.cremiacosmetics.com\/osszes-termek\/sebo-foam-150\/#breadcrumb\"},\"inLanguage\":\"en-US\",\"potentialAction\":[{\"@type\":\"ReadAction\",\"target\":[\"https:\/\/staging.cremiacosmetics.com\/osszes-termek\/sebo-foam-150\/\"]}]},{\"@type\":\"ImageObject\",\"inLanguage\":\"en-US\",\"@id\":\"https:\/\/staging.cremiacosmetics.com\/osszes-termek\/sebo-foam-150\/#primaryimage\",\"url\":\"https:\/\/staging.cremiacosmetics.com\/wp-content\/uploads\/2025\/03\/Sebo-Foam.jpg\",\"contentUrl\":\"https:\/\/staging.cremiacosmetics.com\/wp-content\/uploads\/2025\/03\/Sebo-Foam.jpg\",\"width\":1000,\"height\":1000},{\"@type\":\"BreadcrumbList\",\"@id\":\"https:\/\/staging.cremiacosmetics.com\/osszes-termek\/sebo-foam-150\/#breadcrumb\",\"itemListElement\":[{\"@type\":\"ListItem\",\"position\":1,\"name\":\"Kezd\u0151lap\",\"item\":\"https:\/\/staging.cremiacosmetics.com\/\"},{\"@type\":\"ListItem\",\"position\":2,\"name\":\"\u00d6sszes term\u00e9k\",\"item\":\"https:\/\/staging.cremiacosmetics.com\/?page_id=15931\"},{\"@type\":\"ListItem\",\"position\":3,\"name\":\"Sebo Foam 150 ml\"}]},{\"@type\":\"WebSite\",\"@id\":\"https:\/\/staging.cremiacosmetics.com\/#website\",\"url\":\"https:\/\/staging.cremiacosmetics.com\/\",\"name\":\"Cremia Cosmetics\",\"description\":\"Nature-powered beauty\",\"publisher\":{\"@id\":\"https:\/\/staging.cremiacosmetics.com\/#organization\"},\"potentialAction\":[{\"@type\":\"SearchAction\",\"target\":{\"@type\":\"EntryPoint\",\"urlTemplate\":\"https:\/\/staging.cremiacosmetics.com\/?s={search_term_string}\"},\"query-input\":{\"@type\":\"PropertyValueSpecification\",\"valueRequired\":true,\"valueName\":\"search_term_string\"}}],\"inLanguage\":\"en-US\"},{\"@type\":\"Organization\",\"@id\":\"https:\/\/staging.cremiacosmetics.com\/#organization\",\"name\":\"Cremia Cosmetics\",\"url\":\"https:\/\/staging.cremiacosmetics.com\/\",\"logo\":{\"@type\":\"ImageObject\",\"inLanguage\":\"en-US\",\"@id\":\"https:\/\/staging.cremiacosmetics.com\/#\/schema\/logo\/image\/\",\"url\":\"https:\/\/staging.cremiacosmetics.com\/wp-content\/uploads\/2024\/03\/Cremia-logo-15x15mm.svg\",\"contentUrl\":\"https:\/\/staging.cremiacosmetics.com\/wp-content\/uploads\/2024\/03\/Cremia-logo-15x15mm.svg\",\"width\":42,\"height\":42,\"caption\":\"Cremia Cosmetics\"},\"image\":{\"@id\":\"https:\/\/staging.cremiacosmetics.com\/#\/schema\/logo\/image\/\"},\"sameAs\":[\"https:\/\/www.facebook.com\/cremiacosmetics\",\"https:\/\/www.instagram.com\/cremiacosmetics\/\"]}]}<\/script>\n<meta property=\"product:price:amount\" content=\"9990\" \/>\n<meta property=\"product:price:currency\" content=\"HUF\" \/>\n<meta property=\"og:availability\" content=\"instock\" \/>\n<meta property=\"product:availability\" content=\"instock\" \/>\n<meta property=\"product:retailer_item_id\" content=\"C-SF-HU-150\" \/>\n<meta property=\"product:condition\" content=\"new\" \/>\n<!-- \/ Yoast SEO Premium plugin. -->","yoast_head_json":{"title":"Sebo Foam 150 ml - Cremia Cosmetics","robots":{"index":"index","follow":"follow","max-snippet":"max-snippet:-1","max-image-preview":"max-image-preview:large","max-video-preview":"max-video-preview:-1"},"canonical":"https:\/\/staging.cremiacosmetics.com\/osszes-termek\/sebo-foam-150\/","og_locale":"en_US","og_type":"article","og_title":"Sebo Foam 150 ml","og_description":"A SEBO term\u00e9kcsal\u00e1d ichtiolos arctiszt\u00edt\u00f3, gyullad\u00e1scs\u00f6kkent\u0151 arclemos\u00f3 hab tagja.  A seborrhe\u00e1s, acn\u00e9s, gyulladt b\u0151r letiszt\u00edt\u00e1s\u00e1ra szolg\u00e1l, mely a n\u00f6v\u00e9nyi tenzideknek k\u00f6sz\u00f6nhet\u0151en hat\u00e9konyan, de gyeng\u00e9den tiszt\u00edtja a b\u0151rt. A b\u0151r letiszt\u00edt\u00e1sa ut\u00e1n azonnal \u00e9rezhet\u0151 \u00e9s l\u00e1that\u00f3 a b\u0151rpuh\u00edt\u00f3 hat\u00e1sa, mely \u00e1pol\u00f3 \u00f6sszetev\u0151inek k\u00f6sz\u00f6nhet\u0151, mint a damaszkuszi r\u00f3zsav\u00edz, a glicerin \u00e9s a frakcion\u00e1lt k\u00f3kuszolaj. Gy\u00f3gyn\u00f6v\u00e9nyes illat\u00e1t a zs\u00e1lya ill\u00f3olajnak k\u00f6sz\u00f6nheti. Az ichtiol a faggy\u00fatermel\u00e9st hat\u00e9konyan szab\u00e1lyoz\u00f3 \u00e1sv\u00e1nyi eredet\u0171 term\u00e9szetes \u00f6sszetev\u0151.  Otthoni \u00e1pol\u00e1sra aj\u00e1nljuk szeborrhe\u00e1s b\u0151rre nappalra az Azulene Cream-et, a Calm serumot, \u00e9jszak\u00e1ra a Probiom Night kr\u00e9met. A Ginkgo Renew Cream a benne tal\u00e1lhat\u00f3 b\u0151rregener\u00e1l\u00f3 hat\u00f3anyagoknak k\u00f6sz\u00f6nhet\u0151en szint\u00e9n j\u00f3 v\u00e1laszt\u00e1s nappali kr\u00e9mk\u00e9nt.","og_url":"https:\/\/staging.cremiacosmetics.com\/osszes-termek\/sebo-foam-150\/","og_site_name":"Cremia Cosmetics","article_publisher":"https:\/\/www.facebook.com\/cremiacosmetics","article_modified_time":"2025-04-15T12:02:36+00:00","og_image":[{"width":1000,"height":1000,"url":"https:\/\/staging.cremiacosmetics.com\/wp-content\/uploads\/2025\/03\/Sebo-Foam.jpg","type":"image\/jpeg"}],"twitter_card":"summary_large_image","twitter_misc":{"Price":"9 990&nbsp;&#70;&#116;","Availability":"In stock"},"schema":{"@context":"https:\/\/schema.org","@graph":[{"@type":"WebPage","@id":"https:\/\/staging.cremiacosmetics.com\/osszes-termek\/sebo-foam-150\/","url":"https:\/\/staging.cremiacosmetics.com\/osszes-termek\/sebo-foam-150\/","name":"Sebo Foam 150 ml - Cremia Cosmetics","isPartOf":{"@id":"https:\/\/staging.cremiacosmetics.com\/#website"},"primaryImageOfPage":{"@id":"https:\/\/staging.cremiacosmetics.com\/osszes-termek\/sebo-foam-150\/#primaryimage"},"image":{"@id":"https:\/\/staging.cremiacosmetics.com\/osszes-termek\/sebo-foam-150\/#primaryimage"},"thumbnailUrl":"https:\/\/staging.cremiacosmetics.com\/wp-content\/uploads\/2025\/03\/Sebo-Foam.jpg","datePublished":"2025-03-25T16:56:13+00:00","dateModified":"2025-04-15T12:02:36+00:00","breadcrumb":{"@id":"https:\/\/staging.cremiacosmetics.com\/osszes-termek\/sebo-foam-150\/#breadcrumb"},"inLanguage":"en-US","potentialAction":[{"@type":"ReadAction","target":["https:\/\/staging.cremiacosmetics.com\/osszes-termek\/sebo-foam-150\/"]}]},{"@type":"ImageObject","inLanguage":"en-US","@id":"https:\/\/staging.cremiacosmetics.com\/osszes-termek\/sebo-foam-150\/#primaryimage","url":"https:\/\/staging.cremiacosmetics.com\/wp-content\/uploads\/2025\/03\/Sebo-Foam.jpg","contentUrl":"https:\/\/staging.cremiacosmetics.com\/wp-content\/uploads\/2025\/03\/Sebo-Foam.jpg","width":1000,"height":1000},{"@type":"BreadcrumbList","@id":"https:\/\/staging.cremiacosmetics.com\/osszes-termek\/sebo-foam-150\/#breadcrumb","itemListElement":[{"@type":"ListItem","position":1,"name":"Kezd\u0151lap","item":"https:\/\/staging.cremiacosmetics.com\/"},{"@type":"ListItem","position":2,"name":"\u00d6sszes term\u00e9k","item":"https:\/\/staging.cremiacosmetics.com\/?page_id=15931"},{"@type":"ListItem","position":3,"name":"Sebo Foam 150 ml"}]},{"@type":"WebSite","@id":"https:\/\/staging.cremiacosmetics.com\/#website","url":"https:\/\/staging.cremiacosmetics.com\/","name":"Cremia Cosmetics","description":"Nature-powered beauty","publisher":{"@id":"https:\/\/staging.cremiacosmetics.com\/#organization"},"potentialAction":[{"@type":"SearchAction","target":{"@type":"EntryPoint","urlTemplate":"https:\/\/staging.cremiacosmetics.com\/?s={search_term_string}"},"query-input":{"@type":"PropertyValueSpecification","valueRequired":true,"valueName":"search_term_string"}}],"inLanguage":"en-US"},{"@type":"Organization","@id":"https:\/\/staging.cremiacosmetics.com\/#organization","name":"Cremia Cosmetics","url":"https:\/\/staging.cremiacosmetics.com\/","logo":{"@type":"ImageObject","inLanguage":"en-US","@id":"https:\/\/staging.cremiacosmetics.com\/#\/schema\/logo\/image\/","url":"https:\/\/staging.cremiacosmetics.com\/wp-content\/uploads\/2024\/03\/Cremia-logo-15x15mm.svg","contentUrl":"https:\/\/staging.cremiacosmetics.com\/wp-content\/uploads\/2024\/03\/Cremia-logo-15x15mm.svg","width":42,"height":42,"caption":"Cremia Cosmetics"},"image":{"@id":"https:\/\/staging.cremiacosmetics.com\/#\/schema\/logo\/image\/"},"sameAs":["https:\/\/www.facebook.com\/cremiacosmetics","https:\/\/www.instagram.com\/cremiacosmetics\/"]}]},"product_price_amount":"9990","product_price_currency":"HUF","og_availability":"instock","product_availability":"instock","product_retailer_item_id":"C-SF-HU-150","product_condition":"new"},"_links":{"self":[{"href":"https:\/\/staging.cremiacosmetics.com\/index.php?rest_route=\/wp\/v2\/product\/36725","targetHints":{"allow":["GET"]}}],"collection":[{"href":"https:\/\/staging.cremiacosmetics.com\/index.php?rest_route=\/wp\/v2\/product"}],"about":[{"href":"https:\/\/staging.cremiacosmetics.com\/index.php?rest_route=\/wp\/v2\/types\/product"}],"replies":[{"embeddable":true,"href":"https:\/\/staging.cremiacosmetics.com\/index.php?rest_route=%2Fwp%2Fv2%2Fcomments&post=36725"}],"version-history":[{"count":4,"href":"https:\/\/staging.cremiacosmetics.com\/index.php?rest_route=\/wp\/v2\/product\/36725\/revisions"}],"predecessor-version":[{"id":36780,"href":"https:\/\/staging.cremiacosmetics.com\/index.php?rest_route=\/wp\/v2\/product\/36725\/revisions\/36780"}],"wp:featuredmedia":[{"embeddable":true,"href":"https:\/\/staging.cremiacosmetics.com\/index.php?rest_route=\/wp\/v2\/media\/36697"}],"wp:attachment":[{"href":"https:\/\/staging.cremiacosmetics.com\/index.php?rest_route=%2Fwp%2Fv2%2Fmedia&parent=36725"}],"wp:term":[{"taxonomy":"product_brand","embeddable":true,"href":"https:\/\/staging.cremiacosmetics.com\/index.php?rest_route=%2Fwp%2Fv2%2Fproduct_brand&post=36725"},{"taxonomy":"product_cat","embeddable":true,"href":"https:\/\/staging.cremiacosmetics.com\/index.php?rest_route=%2Fwp%2Fv2%2Fproduct_cat&post=36725"},{"taxonomy":"product_tag","embeddable":true,"href":"https:\/\/staging.cremiacosmetics.com\/index.php?rest_route=%2Fwp%2Fv2%2Fproduct_tag&post=36725"}],"curies":[{"name":"wp","href":"https:\/\/api.w.org\/{rel}","templated":true}]}}