{"id":36716,"date":"2025-03-24T12:37:03","date_gmt":"2025-03-24T11:37:03","guid":{"rendered":"https:\/\/staging.cremiacosmetics.com\/?post_type=product&#038;p=36716"},"modified":"2025-04-15T14:12:27","modified_gmt":"2025-04-15T12:12:27","slug":"q-noni-serum","status":"publish","type":"product","link":"https:\/\/staging.cremiacosmetics.com\/?product=q-noni-serum","title":{"rendered":"Q. Noni Serum 15ml"},"content":{"rendered":"<h5 data-start=\"295\" data-end=\"319\"><strong data-start=\"300\" data-end=\"319\">F\u0151 hat\u00f3anyagok:<\/strong><\/h5>\n<ul data-start=\"320\" data-end=\"881\">\n<li data-start=\"320\" data-end=\"633\"><strong data-start=\"322\" data-end=\"337\">QUORA NONI\u2122<\/strong>: A Morinda citrifolia (Noni) n\u00f6v\u00e9nyi \u0151ssejtjeib\u0151l sz\u00e1rmaz\u00f3 akt\u00edv hat\u00f3anyag, amely megakad\u00e1lyozza a b\u0151rt k\u00e1ros\u00edt\u00f3 bakt\u00e9riumok (pl. Cutibacterium acnes) k\u00f6z\u00f6tti kommunik\u00e1ci\u00f3t. G\u00e1tolja a virulens biofilm k\u00e9pz\u0151d\u00e9s\u00e9t, ez\u00e1ltal cs\u00f6kkenti az akn\u00e9 kialakul\u00e1s\u00e1t \u00e9s t\u00e1mogatja a b\u0151r eg\u00e9szs\u00e9ges mikrobiomj\u00e1t.<\/li>\n<li data-start=\"634\" data-end=\"758\"><strong data-start=\"636\" data-end=\"651\">Hyaluronsav<\/strong>: Kis \u00e9s nagy molekulat\u00f6meg\u0171 hialuronsav kombin\u00e1ci\u00f3ja, amely m\u00e9lyen hidrat\u00e1lja \u00e9s puh\u00e1v\u00e1 var\u00e1zsolja a b\u0151rt.<\/li>\n<li data-start=\"759\" data-end=\"881\"><strong data-start=\"761\" data-end=\"785\">Damaszkuszi r\u00f3zsav\u00edz<\/strong>: Term\u00e9szetes hidrat\u00e1l\u00f3, amely frissess\u00e9get \u00e9s nyugtat\u00f3 hat\u00e1st biztos\u00edt az irrit\u00e1lt b\u0151r sz\u00e1m\u00e1ra.<\/li>\n<\/ul>\n<h5 data-start=\"1118\" data-end=\"1139\"><strong data-start=\"1123\" data-end=\"1139\">Alkalmaz\u00e1sa:<\/strong><\/h5>\n<p data-start=\"1140\" data-end=\"1337\">Cseppints a tenyeredbe, vagy k\u00f6zvetlen\u00fcl az arcodra 4-5 csepp sz\u00e9rumot, vidd fel k\u00f6rk\u00f6r\u00f6s mozdulatokkal a megtiszt\u00edtott \u00e9s toniz\u00e1lt b\u0151rre. Pillanatokon bel\u00fcl felsz\u00edv\u00f3dik.<\/p>\n<h5><strong>\u00d6sszetev\u0151k:<\/strong><\/h5>\n<p>\u00d6sszetev\u0151k: Aqua, Rosa damascena flower water, Glycerin, Quora Noni, Hyaluronic acid, Phenoxyethanol, Ethylhexylglycerine, Phenethyl Glycol and Glyceril caprilate<\/p>\n<p>CPNP: 5081617<\/p>\n","protected":false},"excerpt":{"rendered":"<p>A <strong>Q.<\/strong> <strong data-start=\"40\" data-end=\"67\">Noni Serum<\/strong> egy k\u00fcl\u00f6nleges hyaluronsav sz\u00e9rum, amely kifejezetten az akn\u00e9s b\u0151r ig\u00e9nyeire lett tervezve. A QUORA NONI technol\u00f3gi\u00e1nak k\u00f6sz\u00f6nhet\u0151en seg\u00edt helyre\u00e1ll\u00edtani a b\u0151r mikrobiomj\u00e1nak egyens\u00faly\u00e1t \u00e9s jav\u00edtani a b\u0151rfelsz\u00edn megjelen\u00e9s\u00e9t.<\/p>\n<h5 data-start=\"883\" data-end=\"900\"><strong data-start=\"888\" data-end=\"900\">El\u0151ny\u00f6k:<\/strong><\/h5>\n<ul data-start=\"901\" data-end=\"1116\">\n<li data-start=\"901\" data-end=\"951\">G\u00e1tolja az akn\u00e9t okoz\u00f3 bakt\u00e9riumok szaporod\u00e1s\u00e1t.<\/li>\n<li data-start=\"952\" data-end=\"997\">T\u00e1mogatja a b\u0151r mikrobiomj\u00e1nak egyens\u00faly\u00e1t.<\/li>\n<li data-start=\"998\" data-end=\"1051\">Cs\u00f6kkenti az akn\u00e9s b\u0151r gyullad\u00e1s\u00e1t \u00e9s irrit\u00e1ci\u00f3j\u00e1t.<\/li>\n<li data-start=\"1052\" data-end=\"1116\">Intenz\u00edv hidrat\u00e1l\u00e1st ny\u00fajt, mik\u00f6zben jav\u00edtja a b\u0151r text\u00far\u00e1j\u00e1t.<\/li>\n<\/ul>\n<h5 data-start=\"1339\" data-end=\"1363\"><strong data-start=\"1344\" data-end=\"1363\">Kinek aj\u00e1nljuk?<\/strong><\/h5>\n<p data-start=\"1364\" data-end=\"1531\">Azoknak, akik akn\u00e9s vagy probl\u00e9m\u00e1s b\u0151rrel k\u00fczdenek, \u00e9s olyan megold\u00e1st keresnek, amely egyszerre hidrat\u00e1l \u00e9s seg\u00edt helyre\u00e1ll\u00edtani a b\u0151r term\u00e9szetes v\u00e9delmi rendszer\u00e9t.<\/p>\n","protected":false},"featured_media":36694,"comment_status":"open","ping_status":"closed","template":"","meta":[],"product_brand":[],"product_cat":[444,482],"product_tag":[],"class_list":{"0":"post-36716","1":"product","2":"type-product","3":"status-publish","4":"has-post-thumbnail","6":"product_cat-olajmentes_szerumok","7":"product_cat-osszes","9":"first","10":"instock","11":"taxable","12":"shipping-taxable","13":"purchasable","14":"product-type-simple"},"bundled_by":[],"bundle_stock_status":"instock","bundle_stock_quantity":null,"bundle_virtual":false,"bundle_layout":"","bundle_add_to_cart_form_location":"","bundle_editable_in_cart":false,"bundle_sold_individually_context":"","bundle_item_grouping":"","bundle_min_size":"","bundle_max_size":"","bundle_price":[],"bundled_items":[],"bundle_sell_ids":[],"yoast_head":"<!-- This site is optimized with the Yoast SEO Premium plugin v24.9 (Yoast SEO v24.9) - https:\/\/yoast.com\/wordpress\/plugins\/seo\/ -->\n<title>Q. Noni Serum 15ml - Cremia Cosmetics<\/title>\n<meta name=\"robots\" content=\"index, follow, max-snippet:-1, max-image-preview:large, max-video-preview:-1\" \/>\n<link rel=\"canonical\" href=\"https:\/\/staging.cremiacosmetics.com\/osszes-termek\/q-noni-serum\/\" \/>\n<meta property=\"og:locale\" content=\"en_US\" \/>\n<meta property=\"og:type\" content=\"article\" \/>\n<meta property=\"og:title\" content=\"Q. Noni Serum 15ml\" \/>\n<meta property=\"og:description\" content=\"A Q. Noni Serum egy k\u00fcl\u00f6nleges hyaluronsav sz\u00e9rum, amely kifejezetten az akn\u00e9s b\u0151r ig\u00e9nyeire lett tervezve. A QUORA NONI technol\u00f3gi\u00e1nak k\u00f6sz\u00f6nhet\u0151en seg\u00edt helyre\u00e1ll\u00edtani a b\u0151r mikrobiomj\u00e1nak egyens\u00faly\u00e1t \u00e9s jav\u00edtani a b\u0151rfelsz\u00edn megjelen\u00e9s\u00e9t. El\u0151ny\u00f6k:   G\u00e1tolja az akn\u00e9t okoz\u00f3 bakt\u00e9riumok szaporod\u00e1s\u00e1t.  T\u00e1mogatja a b\u0151r mikrobiomj\u00e1nak egyens\u00faly\u00e1t.  Cs\u00f6kkenti az akn\u00e9s b\u0151r gyullad\u00e1s\u00e1t \u00e9s irrit\u00e1ci\u00f3j\u00e1t.  Intenz\u00edv hidrat\u00e1l\u00e1st ny\u00fajt, mik\u00f6zben jav\u00edtja a b\u0151r text\u00far\u00e1j\u00e1t.  Kinek aj\u00e1nljuk? Azoknak, akik akn\u00e9s vagy probl\u00e9m\u00e1s b\u0151rrel k\u00fczdenek, \u00e9s olyan megold\u00e1st keresnek, amely egyszerre hidrat\u00e1l \u00e9s seg\u00edt helyre\u00e1ll\u00edtani a b\u0151r term\u00e9szetes v\u00e9delmi rendszer\u00e9t.\" \/>\n<meta property=\"og:url\" content=\"https:\/\/staging.cremiacosmetics.com\/osszes-termek\/q-noni-serum\/\" \/>\n<meta property=\"og:site_name\" content=\"Cremia Cosmetics\" \/>\n<meta property=\"article:publisher\" content=\"https:\/\/www.facebook.com\/cremiacosmetics\" \/>\n<meta property=\"article:modified_time\" content=\"2025-04-15T12:12:27+00:00\" \/>\n<meta property=\"og:image\" content=\"https:\/\/staging.cremiacosmetics.com\/wp-content\/uploads\/2025\/03\/Q-noni-serum.jpg\" \/>\n\t<meta property=\"og:image:width\" content=\"1000\" \/>\n\t<meta property=\"og:image:height\" content=\"1000\" \/>\n\t<meta property=\"og:image:type\" content=\"image\/jpeg\" \/>\n<meta name=\"twitter:card\" content=\"summary_large_image\" \/>\n<meta name=\"twitter:label1\" content=\"Price\" \/>\n\t<meta name=\"twitter:data1\" content=\"12 490&nbsp;&#070;&#116;\" \/>\n\t<meta name=\"twitter:label2\" content=\"Availability\" \/>\n\t<meta name=\"twitter:data2\" content=\"In stock\" \/>\n<script type=\"application\/ld+json\" class=\"yoast-schema-graph\">{\"@context\":\"https:\/\/schema.org\",\"@graph\":[{\"@type\":\"WebPage\",\"@id\":\"https:\/\/staging.cremiacosmetics.com\/osszes-termek\/q-noni-serum\/\",\"url\":\"https:\/\/staging.cremiacosmetics.com\/osszes-termek\/q-noni-serum\/\",\"name\":\"Q. Noni Serum 15ml - Cremia Cosmetics\",\"isPartOf\":{\"@id\":\"https:\/\/staging.cremiacosmetics.com\/#website\"},\"primaryImageOfPage\":{\"@id\":\"https:\/\/staging.cremiacosmetics.com\/osszes-termek\/q-noni-serum\/#primaryimage\"},\"image\":{\"@id\":\"https:\/\/staging.cremiacosmetics.com\/osszes-termek\/q-noni-serum\/#primaryimage\"},\"thumbnailUrl\":\"https:\/\/staging.cremiacosmetics.com\/wp-content\/uploads\/2025\/03\/Q-noni-serum.jpg\",\"datePublished\":\"2025-03-24T11:37:03+00:00\",\"dateModified\":\"2025-04-15T12:12:27+00:00\",\"breadcrumb\":{\"@id\":\"https:\/\/staging.cremiacosmetics.com\/osszes-termek\/q-noni-serum\/#breadcrumb\"},\"inLanguage\":\"en-US\",\"potentialAction\":[{\"@type\":\"ReadAction\",\"target\":[\"https:\/\/staging.cremiacosmetics.com\/osszes-termek\/q-noni-serum\/\"]}]},{\"@type\":\"ImageObject\",\"inLanguage\":\"en-US\",\"@id\":\"https:\/\/staging.cremiacosmetics.com\/osszes-termek\/q-noni-serum\/#primaryimage\",\"url\":\"https:\/\/staging.cremiacosmetics.com\/wp-content\/uploads\/2025\/03\/Q-noni-serum.jpg\",\"contentUrl\":\"https:\/\/staging.cremiacosmetics.com\/wp-content\/uploads\/2025\/03\/Q-noni-serum.jpg\",\"width\":1000,\"height\":1000},{\"@type\":\"BreadcrumbList\",\"@id\":\"https:\/\/staging.cremiacosmetics.com\/osszes-termek\/q-noni-serum\/#breadcrumb\",\"itemListElement\":[{\"@type\":\"ListItem\",\"position\":1,\"name\":\"Kezd\u0151lap\",\"item\":\"https:\/\/staging.cremiacosmetics.com\/\"},{\"@type\":\"ListItem\",\"position\":2,\"name\":\"\u00d6sszes term\u00e9k\",\"item\":\"https:\/\/staging.cremiacosmetics.com\/?page_id=15931\"},{\"@type\":\"ListItem\",\"position\":3,\"name\":\"Q. Noni Serum 15ml\"}]},{\"@type\":\"WebSite\",\"@id\":\"https:\/\/staging.cremiacosmetics.com\/#website\",\"url\":\"https:\/\/staging.cremiacosmetics.com\/\",\"name\":\"Cremia Cosmetics\",\"description\":\"Nature-powered beauty\",\"publisher\":{\"@id\":\"https:\/\/staging.cremiacosmetics.com\/#organization\"},\"potentialAction\":[{\"@type\":\"SearchAction\",\"target\":{\"@type\":\"EntryPoint\",\"urlTemplate\":\"https:\/\/staging.cremiacosmetics.com\/?s={search_term_string}\"},\"query-input\":{\"@type\":\"PropertyValueSpecification\",\"valueRequired\":true,\"valueName\":\"search_term_string\"}}],\"inLanguage\":\"en-US\"},{\"@type\":\"Organization\",\"@id\":\"https:\/\/staging.cremiacosmetics.com\/#organization\",\"name\":\"Cremia Cosmetics\",\"url\":\"https:\/\/staging.cremiacosmetics.com\/\",\"logo\":{\"@type\":\"ImageObject\",\"inLanguage\":\"en-US\",\"@id\":\"https:\/\/staging.cremiacosmetics.com\/#\/schema\/logo\/image\/\",\"url\":\"https:\/\/staging.cremiacosmetics.com\/wp-content\/uploads\/2024\/03\/Cremia-logo-15x15mm.svg\",\"contentUrl\":\"https:\/\/staging.cremiacosmetics.com\/wp-content\/uploads\/2024\/03\/Cremia-logo-15x15mm.svg\",\"width\":42,\"height\":42,\"caption\":\"Cremia Cosmetics\"},\"image\":{\"@id\":\"https:\/\/staging.cremiacosmetics.com\/#\/schema\/logo\/image\/\"},\"sameAs\":[\"https:\/\/www.facebook.com\/cremiacosmetics\",\"https:\/\/www.instagram.com\/cremiacosmetics\/\"]}]}<\/script>\n<meta property=\"product:price:amount\" content=\"12490\" \/>\n<meta property=\"product:price:currency\" content=\"HUF\" \/>\n<meta property=\"og:availability\" content=\"instock\" \/>\n<meta property=\"product:availability\" content=\"instock\" \/>\n<meta property=\"product:retailer_item_id\" content=\"C-QNS-HU-15\" \/>\n<meta property=\"product:condition\" content=\"new\" \/>\n<!-- \/ Yoast SEO Premium plugin. -->","yoast_head_json":{"title":"Q. Noni Serum 15ml - Cremia Cosmetics","robots":{"index":"index","follow":"follow","max-snippet":"max-snippet:-1","max-image-preview":"max-image-preview:large","max-video-preview":"max-video-preview:-1"},"canonical":"https:\/\/staging.cremiacosmetics.com\/osszes-termek\/q-noni-serum\/","og_locale":"en_US","og_type":"article","og_title":"Q. Noni Serum 15ml","og_description":"A Q. Noni Serum egy k\u00fcl\u00f6nleges hyaluronsav sz\u00e9rum, amely kifejezetten az akn\u00e9s b\u0151r ig\u00e9nyeire lett tervezve. A QUORA NONI technol\u00f3gi\u00e1nak k\u00f6sz\u00f6nhet\u0151en seg\u00edt helyre\u00e1ll\u00edtani a b\u0151r mikrobiomj\u00e1nak egyens\u00faly\u00e1t \u00e9s jav\u00edtani a b\u0151rfelsz\u00edn megjelen\u00e9s\u00e9t. El\u0151ny\u00f6k:   G\u00e1tolja az akn\u00e9t okoz\u00f3 bakt\u00e9riumok szaporod\u00e1s\u00e1t.  T\u00e1mogatja a b\u0151r mikrobiomj\u00e1nak egyens\u00faly\u00e1t.  Cs\u00f6kkenti az akn\u00e9s b\u0151r gyullad\u00e1s\u00e1t \u00e9s irrit\u00e1ci\u00f3j\u00e1t.  Intenz\u00edv hidrat\u00e1l\u00e1st ny\u00fajt, mik\u00f6zben jav\u00edtja a b\u0151r text\u00far\u00e1j\u00e1t.  Kinek aj\u00e1nljuk? Azoknak, akik akn\u00e9s vagy probl\u00e9m\u00e1s b\u0151rrel k\u00fczdenek, \u00e9s olyan megold\u00e1st keresnek, amely egyszerre hidrat\u00e1l \u00e9s seg\u00edt helyre\u00e1ll\u00edtani a b\u0151r term\u00e9szetes v\u00e9delmi rendszer\u00e9t.","og_url":"https:\/\/staging.cremiacosmetics.com\/osszes-termek\/q-noni-serum\/","og_site_name":"Cremia Cosmetics","article_publisher":"https:\/\/www.facebook.com\/cremiacosmetics","article_modified_time":"2025-04-15T12:12:27+00:00","og_image":[{"width":1000,"height":1000,"url":"https:\/\/staging.cremiacosmetics.com\/wp-content\/uploads\/2025\/03\/Q-noni-serum.jpg","type":"image\/jpeg"}],"twitter_card":"summary_large_image","twitter_misc":{"Price":"12 490&nbsp;&#70;&#116;","Availability":"In stock"},"schema":{"@context":"https:\/\/schema.org","@graph":[{"@type":"WebPage","@id":"https:\/\/staging.cremiacosmetics.com\/osszes-termek\/q-noni-serum\/","url":"https:\/\/staging.cremiacosmetics.com\/osszes-termek\/q-noni-serum\/","name":"Q. Noni Serum 15ml - Cremia Cosmetics","isPartOf":{"@id":"https:\/\/staging.cremiacosmetics.com\/#website"},"primaryImageOfPage":{"@id":"https:\/\/staging.cremiacosmetics.com\/osszes-termek\/q-noni-serum\/#primaryimage"},"image":{"@id":"https:\/\/staging.cremiacosmetics.com\/osszes-termek\/q-noni-serum\/#primaryimage"},"thumbnailUrl":"https:\/\/staging.cremiacosmetics.com\/wp-content\/uploads\/2025\/03\/Q-noni-serum.jpg","datePublished":"2025-03-24T11:37:03+00:00","dateModified":"2025-04-15T12:12:27+00:00","breadcrumb":{"@id":"https:\/\/staging.cremiacosmetics.com\/osszes-termek\/q-noni-serum\/#breadcrumb"},"inLanguage":"en-US","potentialAction":[{"@type":"ReadAction","target":["https:\/\/staging.cremiacosmetics.com\/osszes-termek\/q-noni-serum\/"]}]},{"@type":"ImageObject","inLanguage":"en-US","@id":"https:\/\/staging.cremiacosmetics.com\/osszes-termek\/q-noni-serum\/#primaryimage","url":"https:\/\/staging.cremiacosmetics.com\/wp-content\/uploads\/2025\/03\/Q-noni-serum.jpg","contentUrl":"https:\/\/staging.cremiacosmetics.com\/wp-content\/uploads\/2025\/03\/Q-noni-serum.jpg","width":1000,"height":1000},{"@type":"BreadcrumbList","@id":"https:\/\/staging.cremiacosmetics.com\/osszes-termek\/q-noni-serum\/#breadcrumb","itemListElement":[{"@type":"ListItem","position":1,"name":"Kezd\u0151lap","item":"https:\/\/staging.cremiacosmetics.com\/"},{"@type":"ListItem","position":2,"name":"\u00d6sszes term\u00e9k","item":"https:\/\/staging.cremiacosmetics.com\/?page_id=15931"},{"@type":"ListItem","position":3,"name":"Q. Noni Serum 15ml"}]},{"@type":"WebSite","@id":"https:\/\/staging.cremiacosmetics.com\/#website","url":"https:\/\/staging.cremiacosmetics.com\/","name":"Cremia Cosmetics","description":"Nature-powered beauty","publisher":{"@id":"https:\/\/staging.cremiacosmetics.com\/#organization"},"potentialAction":[{"@type":"SearchAction","target":{"@type":"EntryPoint","urlTemplate":"https:\/\/staging.cremiacosmetics.com\/?s={search_term_string}"},"query-input":{"@type":"PropertyValueSpecification","valueRequired":true,"valueName":"search_term_string"}}],"inLanguage":"en-US"},{"@type":"Organization","@id":"https:\/\/staging.cremiacosmetics.com\/#organization","name":"Cremia Cosmetics","url":"https:\/\/staging.cremiacosmetics.com\/","logo":{"@type":"ImageObject","inLanguage":"en-US","@id":"https:\/\/staging.cremiacosmetics.com\/#\/schema\/logo\/image\/","url":"https:\/\/staging.cremiacosmetics.com\/wp-content\/uploads\/2024\/03\/Cremia-logo-15x15mm.svg","contentUrl":"https:\/\/staging.cremiacosmetics.com\/wp-content\/uploads\/2024\/03\/Cremia-logo-15x15mm.svg","width":42,"height":42,"caption":"Cremia Cosmetics"},"image":{"@id":"https:\/\/staging.cremiacosmetics.com\/#\/schema\/logo\/image\/"},"sameAs":["https:\/\/www.facebook.com\/cremiacosmetics","https:\/\/www.instagram.com\/cremiacosmetics\/"]}]},"product_price_amount":"12490","product_price_currency":"HUF","og_availability":"instock","product_availability":"instock","product_retailer_item_id":"C-QNS-HU-15","product_condition":"new"},"_links":{"self":[{"href":"https:\/\/staging.cremiacosmetics.com\/index.php?rest_route=\/wp\/v2\/product\/36716","targetHints":{"allow":["GET"]}}],"collection":[{"href":"https:\/\/staging.cremiacosmetics.com\/index.php?rest_route=\/wp\/v2\/product"}],"about":[{"href":"https:\/\/staging.cremiacosmetics.com\/index.php?rest_route=\/wp\/v2\/types\/product"}],"replies":[{"embeddable":true,"href":"https:\/\/staging.cremiacosmetics.com\/index.php?rest_route=%2Fwp%2Fv2%2Fcomments&post=36716"}],"version-history":[{"count":5,"href":"https:\/\/staging.cremiacosmetics.com\/index.php?rest_route=\/wp\/v2\/product\/36716\/revisions"}],"predecessor-version":[{"id":36851,"href":"https:\/\/staging.cremiacosmetics.com\/index.php?rest_route=\/wp\/v2\/product\/36716\/revisions\/36851"}],"wp:featuredmedia":[{"embeddable":true,"href":"https:\/\/staging.cremiacosmetics.com\/index.php?rest_route=\/wp\/v2\/media\/36694"}],"wp:attachment":[{"href":"https:\/\/staging.cremiacosmetics.com\/index.php?rest_route=%2Fwp%2Fv2%2Fmedia&parent=36716"}],"wp:term":[{"taxonomy":"product_brand","embeddable":true,"href":"https:\/\/staging.cremiacosmetics.com\/index.php?rest_route=%2Fwp%2Fv2%2Fproduct_brand&post=36716"},{"taxonomy":"product_cat","embeddable":true,"href":"https:\/\/staging.cremiacosmetics.com\/index.php?rest_route=%2Fwp%2Fv2%2Fproduct_cat&post=36716"},{"taxonomy":"product_tag","embeddable":true,"href":"https:\/\/staging.cremiacosmetics.com\/index.php?rest_route=%2Fwp%2Fv2%2Fproduct_tag&post=36716"}],"curies":[{"name":"wp","href":"https:\/\/api.w.org\/{rel}","templated":true}]}}