{"id":36712,"date":"2025-03-24T12:32:42","date_gmt":"2025-03-24T11:32:42","guid":{"rendered":"https:\/\/staging.cremiacosmetics.com\/?post_type=product&#038;p=36712"},"modified":"2025-04-15T14:19:40","modified_gmt":"2025-04-15T12:19:40","slug":"niacinamide-serum","status":"publish","type":"product","link":"https:\/\/staging.cremiacosmetics.com\/?product=niacinamide-serum","title":{"rendered":"Niacinamide Serum 15ml"},"content":{"rendered":"<h5 data-start=\"833\" data-end=\"859\"><strong data-start=\"839\" data-end=\"857\">F\u0151 hat\u00f3anyagok<\/strong><\/h5>\n<ul data-start=\"860\" data-end=\"1308\">\n<li data-start=\"860\" data-end=\"1097\"><strong data-start=\"862\" data-end=\"876\">Niacinamid<\/strong>: A B3-vitamin sz\u00e1rmaz\u00e9ka, amely sokoldal\u00faan t\u00e1mogatja a b\u0151r norm\u00e1l m\u0171k\u00f6d\u00e9s\u00e9t. Seg\u00edt helyre\u00e1ll\u00edtani a b\u0151r v\u00e9d\u0151g\u00e1tj\u00e1t, jav\u00edtja a text\u00far\u00e1t, cs\u00f6kkenti a k\u00f6rnyezeti \u00e1rtalmakat, \u00e9s el\u0151seg\u00edti az egyenletesebb b\u0151rt\u00f3nus kialakul\u00e1s\u00e1t.<\/li>\n<li data-start=\"1098\" data-end=\"1228\"><strong data-start=\"1100\" data-end=\"1115\">Hyaluronsav<\/strong>: Kis \u00e9s nagy molekulat\u00f6meg\u0171 v\u00e1ltozatai m\u00e9lyen hidrat\u00e1lj\u00e1k a b\u0151rt, el\u0151seg\u00edtve annak puhas\u00e1g\u00e1t \u00e9s rugalmass\u00e1g\u00e1t.<\/li>\n<li data-start=\"1229\" data-end=\"1308\"><strong data-start=\"1231\" data-end=\"1255\">Damaszkuszi r\u00f3zsav\u00edz<\/strong>: Hidrat\u00e1l\u00f3 hat\u00e1s\u00e1val friss\u00edti \u00e9s nyugtatja a b\u0151rt.<\/li>\n<\/ul>\n<p data-start=\"1333\" data-end=\"1526\">\u00d6sszetev\u0151k: Aqua, Salvia officinalis Flower\/Leaf\/Stem water, Rosa damascena flower water, Hyaluronic acid, Phenoxyethanol, Ethylhexylglycerine, Phenethyl Glycol and Glyceril caprilate, phenoxyethanol ethylhexyl glycerin<\/p>\n<p data-start=\"1333\" data-end=\"1526\">CPNP: 5081639<\/p>\n","protected":false},"excerpt":{"rendered":"<p data-start=\"45\" data-end=\"339\">A <strong data-start=\"47\" data-end=\"81\">Niacinamide Serum<\/strong>\u00a0egy faggy\u00fatermel\u00e9st szab\u00e1lyoz\u00f3, hidrat\u00e1l\u00f3 hialuronsav sz\u00e9rum, amely ide\u00e1lis megold\u00e1s zs\u00edros, v\u00edzhi\u00e1nyos, kombin\u00e1lt b\u0151r kezel\u00e9s\u00e9re.<\/p>\n<h5 data-start=\"341\" data-end=\"360\"><strong data-start=\"347\" data-end=\"358\">El\u0151ny\u00f6k<\/strong><\/h5>\n<ul data-start=\"361\" data-end=\"630\">\n<li data-start=\"361\" data-end=\"429\">Cs\u00f6kkenti a faggy\u00fatermel\u00e9st, ez\u00e1ltal m\u00e9rs\u00e9kli a b\u0151r zs\u00edross\u00e1g\u00e1t.<\/li>\n<li data-start=\"430\" data-end=\"508\">Jav\u00edtja a b\u0151r text\u00far\u00e1j\u00e1t \u00e9s t\u00f3nus\u00e1t, seg\u00edtve az egyenletesebb megjelen\u00e9st.<\/li>\n<li data-start=\"509\" data-end=\"564\">T\u00e1mogatja a b\u0151r term\u00e9szetes v\u00e9d\u0151g\u00e1tj\u00e1nak m\u0171k\u00f6d\u00e9s\u00e9t.<\/li>\n<li data-start=\"565\" data-end=\"630\">Intenz\u00edven hidrat\u00e1l, hogy a b\u0151r puh\u00e1bb \u00e9s rugalmasabb legyen.<\/li>\n<\/ul>\n","protected":false},"featured_media":36691,"comment_status":"open","ping_status":"closed","template":"","meta":[],"product_brand":[],"product_cat":[444,482],"product_tag":[],"class_list":{"0":"post-36712","1":"product","2":"type-product","3":"status-publish","4":"has-post-thumbnail","6":"product_cat-olajmentes_szerumok","7":"product_cat-osszes","9":"first","10":"instock","11":"taxable","12":"shipping-taxable","13":"purchasable","14":"product-type-simple"},"bundled_by":[],"bundle_stock_status":"instock","bundle_stock_quantity":null,"bundle_virtual":false,"bundle_layout":"","bundle_add_to_cart_form_location":"","bundle_editable_in_cart":false,"bundle_sold_individually_context":"","bundle_item_grouping":"","bundle_min_size":"","bundle_max_size":"","bundle_price":[],"bundled_items":[],"bundle_sell_ids":[],"yoast_head":"<!-- This site is optimized with the Yoast SEO Premium plugin v24.9 (Yoast SEO v24.9) - https:\/\/yoast.com\/wordpress\/plugins\/seo\/ -->\n<title>Niacinamide Serum 15ml - Cremia Cosmetics<\/title>\n<meta name=\"robots\" content=\"index, follow, max-snippet:-1, max-image-preview:large, max-video-preview:-1\" \/>\n<link rel=\"canonical\" href=\"https:\/\/staging.cremiacosmetics.com\/osszes-termek\/niacinamide-serum\/\" \/>\n<meta property=\"og:locale\" content=\"en_US\" \/>\n<meta property=\"og:type\" content=\"article\" \/>\n<meta property=\"og:title\" content=\"Niacinamide Serum 15ml\" \/>\n<meta property=\"og:description\" content=\"A Niacinamide Serum\u00a0egy faggy\u00fatermel\u00e9st szab\u00e1lyoz\u00f3, hidrat\u00e1l\u00f3 hialuronsav sz\u00e9rum, amely ide\u00e1lis megold\u00e1s zs\u00edros, v\u00edzhi\u00e1nyos, kombin\u00e1lt b\u0151r kezel\u00e9s\u00e9re.  El\u0151ny\u00f6k   Cs\u00f6kkenti a faggy\u00fatermel\u00e9st, ez\u00e1ltal m\u00e9rs\u00e9kli a b\u0151r zs\u00edross\u00e1g\u00e1t.  Jav\u00edtja a b\u0151r text\u00far\u00e1j\u00e1t \u00e9s t\u00f3nus\u00e1t, seg\u00edtve az egyenletesebb megjelen\u00e9st.  T\u00e1mogatja a b\u0151r term\u00e9szetes v\u00e9d\u0151g\u00e1tj\u00e1nak m\u0171k\u00f6d\u00e9s\u00e9t.  Intenz\u00edven hidrat\u00e1l, hogy a b\u0151r puh\u00e1bb \u00e9s rugalmasabb legyen.\" \/>\n<meta property=\"og:url\" content=\"https:\/\/staging.cremiacosmetics.com\/osszes-termek\/niacinamide-serum\/\" \/>\n<meta property=\"og:site_name\" content=\"Cremia Cosmetics\" \/>\n<meta property=\"article:publisher\" content=\"https:\/\/www.facebook.com\/cremiacosmetics\" \/>\n<meta property=\"article:modified_time\" content=\"2025-04-15T12:19:40+00:00\" \/>\n<meta property=\"og:image\" content=\"https:\/\/staging.cremiacosmetics.com\/wp-content\/uploads\/2025\/03\/Niacinamide-serum.jpg\" \/>\n\t<meta property=\"og:image:width\" content=\"1000\" \/>\n\t<meta property=\"og:image:height\" content=\"1000\" \/>\n\t<meta property=\"og:image:type\" content=\"image\/jpeg\" \/>\n<meta name=\"twitter:card\" content=\"summary_large_image\" \/>\n<meta name=\"twitter:label1\" content=\"Price\" \/>\n\t<meta name=\"twitter:data1\" content=\"10 990&nbsp;&#070;&#116;\" \/>\n\t<meta name=\"twitter:label2\" content=\"Availability\" \/>\n\t<meta name=\"twitter:data2\" content=\"In stock\" \/>\n<script type=\"application\/ld+json\" class=\"yoast-schema-graph\">{\"@context\":\"https:\/\/schema.org\",\"@graph\":[{\"@type\":\"WebPage\",\"@id\":\"https:\/\/staging.cremiacosmetics.com\/osszes-termek\/niacinamide-serum\/\",\"url\":\"https:\/\/staging.cremiacosmetics.com\/osszes-termek\/niacinamide-serum\/\",\"name\":\"Niacinamide Serum 15ml - Cremia Cosmetics\",\"isPartOf\":{\"@id\":\"https:\/\/staging.cremiacosmetics.com\/#website\"},\"primaryImageOfPage\":{\"@id\":\"https:\/\/staging.cremiacosmetics.com\/osszes-termek\/niacinamide-serum\/#primaryimage\"},\"image\":{\"@id\":\"https:\/\/staging.cremiacosmetics.com\/osszes-termek\/niacinamide-serum\/#primaryimage\"},\"thumbnailUrl\":\"https:\/\/staging.cremiacosmetics.com\/wp-content\/uploads\/2025\/03\/Niacinamide-serum.jpg\",\"datePublished\":\"2025-03-24T11:32:42+00:00\",\"dateModified\":\"2025-04-15T12:19:40+00:00\",\"breadcrumb\":{\"@id\":\"https:\/\/staging.cremiacosmetics.com\/osszes-termek\/niacinamide-serum\/#breadcrumb\"},\"inLanguage\":\"en-US\",\"potentialAction\":[{\"@type\":\"ReadAction\",\"target\":[\"https:\/\/staging.cremiacosmetics.com\/osszes-termek\/niacinamide-serum\/\"]}]},{\"@type\":\"ImageObject\",\"inLanguage\":\"en-US\",\"@id\":\"https:\/\/staging.cremiacosmetics.com\/osszes-termek\/niacinamide-serum\/#primaryimage\",\"url\":\"https:\/\/staging.cremiacosmetics.com\/wp-content\/uploads\/2025\/03\/Niacinamide-serum.jpg\",\"contentUrl\":\"https:\/\/staging.cremiacosmetics.com\/wp-content\/uploads\/2025\/03\/Niacinamide-serum.jpg\",\"width\":1000,\"height\":1000},{\"@type\":\"BreadcrumbList\",\"@id\":\"https:\/\/staging.cremiacosmetics.com\/osszes-termek\/niacinamide-serum\/#breadcrumb\",\"itemListElement\":[{\"@type\":\"ListItem\",\"position\":1,\"name\":\"Kezd\u0151lap\",\"item\":\"https:\/\/staging.cremiacosmetics.com\/\"},{\"@type\":\"ListItem\",\"position\":2,\"name\":\"\u00d6sszes term\u00e9k\",\"item\":\"https:\/\/staging.cremiacosmetics.com\/?page_id=15931\"},{\"@type\":\"ListItem\",\"position\":3,\"name\":\"Niacinamide Serum 15ml\"}]},{\"@type\":\"WebSite\",\"@id\":\"https:\/\/staging.cremiacosmetics.com\/#website\",\"url\":\"https:\/\/staging.cremiacosmetics.com\/\",\"name\":\"Cremia Cosmetics\",\"description\":\"Nature-powered beauty\",\"publisher\":{\"@id\":\"https:\/\/staging.cremiacosmetics.com\/#organization\"},\"potentialAction\":[{\"@type\":\"SearchAction\",\"target\":{\"@type\":\"EntryPoint\",\"urlTemplate\":\"https:\/\/staging.cremiacosmetics.com\/?s={search_term_string}\"},\"query-input\":{\"@type\":\"PropertyValueSpecification\",\"valueRequired\":true,\"valueName\":\"search_term_string\"}}],\"inLanguage\":\"en-US\"},{\"@type\":\"Organization\",\"@id\":\"https:\/\/staging.cremiacosmetics.com\/#organization\",\"name\":\"Cremia Cosmetics\",\"url\":\"https:\/\/staging.cremiacosmetics.com\/\",\"logo\":{\"@type\":\"ImageObject\",\"inLanguage\":\"en-US\",\"@id\":\"https:\/\/staging.cremiacosmetics.com\/#\/schema\/logo\/image\/\",\"url\":\"https:\/\/staging.cremiacosmetics.com\/wp-content\/uploads\/2024\/03\/Cremia-logo-15x15mm.svg\",\"contentUrl\":\"https:\/\/staging.cremiacosmetics.com\/wp-content\/uploads\/2024\/03\/Cremia-logo-15x15mm.svg\",\"width\":42,\"height\":42,\"caption\":\"Cremia Cosmetics\"},\"image\":{\"@id\":\"https:\/\/staging.cremiacosmetics.com\/#\/schema\/logo\/image\/\"},\"sameAs\":[\"https:\/\/www.facebook.com\/cremiacosmetics\",\"https:\/\/www.instagram.com\/cremiacosmetics\/\"]}]}<\/script>\n<meta property=\"product:price:amount\" content=\"10990\" \/>\n<meta property=\"product:price:currency\" content=\"HUF\" \/>\n<meta property=\"og:availability\" content=\"instock\" \/>\n<meta property=\"product:availability\" content=\"instock\" \/>\n<meta property=\"product:retailer_item_id\" content=\"C-NS-HU-15\" \/>\n<meta property=\"product:condition\" content=\"new\" \/>\n<!-- \/ Yoast SEO Premium plugin. -->","yoast_head_json":{"title":"Niacinamide Serum 15ml - Cremia Cosmetics","robots":{"index":"index","follow":"follow","max-snippet":"max-snippet:-1","max-image-preview":"max-image-preview:large","max-video-preview":"max-video-preview:-1"},"canonical":"https:\/\/staging.cremiacosmetics.com\/osszes-termek\/niacinamide-serum\/","og_locale":"en_US","og_type":"article","og_title":"Niacinamide Serum 15ml","og_description":"A Niacinamide Serum\u00a0egy faggy\u00fatermel\u00e9st szab\u00e1lyoz\u00f3, hidrat\u00e1l\u00f3 hialuronsav sz\u00e9rum, amely ide\u00e1lis megold\u00e1s zs\u00edros, v\u00edzhi\u00e1nyos, kombin\u00e1lt b\u0151r kezel\u00e9s\u00e9re.  El\u0151ny\u00f6k   Cs\u00f6kkenti a faggy\u00fatermel\u00e9st, ez\u00e1ltal m\u00e9rs\u00e9kli a b\u0151r zs\u00edross\u00e1g\u00e1t.  Jav\u00edtja a b\u0151r text\u00far\u00e1j\u00e1t \u00e9s t\u00f3nus\u00e1t, seg\u00edtve az egyenletesebb megjelen\u00e9st.  T\u00e1mogatja a b\u0151r term\u00e9szetes v\u00e9d\u0151g\u00e1tj\u00e1nak m\u0171k\u00f6d\u00e9s\u00e9t.  Intenz\u00edven hidrat\u00e1l, hogy a b\u0151r puh\u00e1bb \u00e9s rugalmasabb legyen.","og_url":"https:\/\/staging.cremiacosmetics.com\/osszes-termek\/niacinamide-serum\/","og_site_name":"Cremia Cosmetics","article_publisher":"https:\/\/www.facebook.com\/cremiacosmetics","article_modified_time":"2025-04-15T12:19:40+00:00","og_image":[{"width":1000,"height":1000,"url":"https:\/\/staging.cremiacosmetics.com\/wp-content\/uploads\/2025\/03\/Niacinamide-serum.jpg","type":"image\/jpeg"}],"twitter_card":"summary_large_image","twitter_misc":{"Price":"10 990&nbsp;&#70;&#116;","Availability":"In stock"},"schema":{"@context":"https:\/\/schema.org","@graph":[{"@type":"WebPage","@id":"https:\/\/staging.cremiacosmetics.com\/osszes-termek\/niacinamide-serum\/","url":"https:\/\/staging.cremiacosmetics.com\/osszes-termek\/niacinamide-serum\/","name":"Niacinamide Serum 15ml - Cremia Cosmetics","isPartOf":{"@id":"https:\/\/staging.cremiacosmetics.com\/#website"},"primaryImageOfPage":{"@id":"https:\/\/staging.cremiacosmetics.com\/osszes-termek\/niacinamide-serum\/#primaryimage"},"image":{"@id":"https:\/\/staging.cremiacosmetics.com\/osszes-termek\/niacinamide-serum\/#primaryimage"},"thumbnailUrl":"https:\/\/staging.cremiacosmetics.com\/wp-content\/uploads\/2025\/03\/Niacinamide-serum.jpg","datePublished":"2025-03-24T11:32:42+00:00","dateModified":"2025-04-15T12:19:40+00:00","breadcrumb":{"@id":"https:\/\/staging.cremiacosmetics.com\/osszes-termek\/niacinamide-serum\/#breadcrumb"},"inLanguage":"en-US","potentialAction":[{"@type":"ReadAction","target":["https:\/\/staging.cremiacosmetics.com\/osszes-termek\/niacinamide-serum\/"]}]},{"@type":"ImageObject","inLanguage":"en-US","@id":"https:\/\/staging.cremiacosmetics.com\/osszes-termek\/niacinamide-serum\/#primaryimage","url":"https:\/\/staging.cremiacosmetics.com\/wp-content\/uploads\/2025\/03\/Niacinamide-serum.jpg","contentUrl":"https:\/\/staging.cremiacosmetics.com\/wp-content\/uploads\/2025\/03\/Niacinamide-serum.jpg","width":1000,"height":1000},{"@type":"BreadcrumbList","@id":"https:\/\/staging.cremiacosmetics.com\/osszes-termek\/niacinamide-serum\/#breadcrumb","itemListElement":[{"@type":"ListItem","position":1,"name":"Kezd\u0151lap","item":"https:\/\/staging.cremiacosmetics.com\/"},{"@type":"ListItem","position":2,"name":"\u00d6sszes term\u00e9k","item":"https:\/\/staging.cremiacosmetics.com\/?page_id=15931"},{"@type":"ListItem","position":3,"name":"Niacinamide Serum 15ml"}]},{"@type":"WebSite","@id":"https:\/\/staging.cremiacosmetics.com\/#website","url":"https:\/\/staging.cremiacosmetics.com\/","name":"Cremia Cosmetics","description":"Nature-powered beauty","publisher":{"@id":"https:\/\/staging.cremiacosmetics.com\/#organization"},"potentialAction":[{"@type":"SearchAction","target":{"@type":"EntryPoint","urlTemplate":"https:\/\/staging.cremiacosmetics.com\/?s={search_term_string}"},"query-input":{"@type":"PropertyValueSpecification","valueRequired":true,"valueName":"search_term_string"}}],"inLanguage":"en-US"},{"@type":"Organization","@id":"https:\/\/staging.cremiacosmetics.com\/#organization","name":"Cremia Cosmetics","url":"https:\/\/staging.cremiacosmetics.com\/","logo":{"@type":"ImageObject","inLanguage":"en-US","@id":"https:\/\/staging.cremiacosmetics.com\/#\/schema\/logo\/image\/","url":"https:\/\/staging.cremiacosmetics.com\/wp-content\/uploads\/2024\/03\/Cremia-logo-15x15mm.svg","contentUrl":"https:\/\/staging.cremiacosmetics.com\/wp-content\/uploads\/2024\/03\/Cremia-logo-15x15mm.svg","width":42,"height":42,"caption":"Cremia Cosmetics"},"image":{"@id":"https:\/\/staging.cremiacosmetics.com\/#\/schema\/logo\/image\/"},"sameAs":["https:\/\/www.facebook.com\/cremiacosmetics","https:\/\/www.instagram.com\/cremiacosmetics\/"]}]},"product_price_amount":"10990","product_price_currency":"HUF","og_availability":"instock","product_availability":"instock","product_retailer_item_id":"C-NS-HU-15","product_condition":"new"},"_links":{"self":[{"href":"https:\/\/staging.cremiacosmetics.com\/index.php?rest_route=\/wp\/v2\/product\/36712","targetHints":{"allow":["GET"]}}],"collection":[{"href":"https:\/\/staging.cremiacosmetics.com\/index.php?rest_route=\/wp\/v2\/product"}],"about":[{"href":"https:\/\/staging.cremiacosmetics.com\/index.php?rest_route=\/wp\/v2\/types\/product"}],"replies":[{"embeddable":true,"href":"https:\/\/staging.cremiacosmetics.com\/index.php?rest_route=%2Fwp%2Fv2%2Fcomments&post=36712"}],"version-history":[{"count":3,"href":"https:\/\/staging.cremiacosmetics.com\/index.php?rest_route=\/wp\/v2\/product\/36712\/revisions"}],"predecessor-version":[{"id":36787,"href":"https:\/\/staging.cremiacosmetics.com\/index.php?rest_route=\/wp\/v2\/product\/36712\/revisions\/36787"}],"wp:featuredmedia":[{"embeddable":true,"href":"https:\/\/staging.cremiacosmetics.com\/index.php?rest_route=\/wp\/v2\/media\/36691"}],"wp:attachment":[{"href":"https:\/\/staging.cremiacosmetics.com\/index.php?rest_route=%2Fwp%2Fv2%2Fmedia&parent=36712"}],"wp:term":[{"taxonomy":"product_brand","embeddable":true,"href":"https:\/\/staging.cremiacosmetics.com\/index.php?rest_route=%2Fwp%2Fv2%2Fproduct_brand&post=36712"},{"taxonomy":"product_cat","embeddable":true,"href":"https:\/\/staging.cremiacosmetics.com\/index.php?rest_route=%2Fwp%2Fv2%2Fproduct_cat&post=36712"},{"taxonomy":"product_tag","embeddable":true,"href":"https:\/\/staging.cremiacosmetics.com\/index.php?rest_route=%2Fwp%2Fv2%2Fproduct_tag&post=36712"}],"curies":[{"name":"wp","href":"https:\/\/api.w.org\/{rel}","templated":true}]}}