{"id":36710,"date":"2025-03-24T12:28:40","date_gmt":"2025-03-24T11:28:40","guid":{"rendered":"https:\/\/staging.cremiacosmetics.com\/?post_type=product&#038;p=36710"},"modified":"2025-04-15T14:13:03","modified_gmt":"2025-04-15T12:13:03","slug":"ginkgo-serum","status":"publish","type":"product","link":"https:\/\/staging.cremiacosmetics.com\/?product=ginkgo-serum","title":{"rendered":"Ginkgo Serum 15ml"},"content":{"rendered":"<h5 data-start=\"956\" data-end=\"982\"><strong data-start=\"962\" data-end=\"980\">F\u0151 hat\u00f3anyagok<\/strong><\/h5>\n<ul data-start=\"983\" data-end=\"1317\">\n<li data-start=\"983\" data-end=\"1136\"><strong data-start=\"985\" data-end=\"1010\">Ginkgo Biloba kivonat<\/strong>: Term\u00e9szetes antioxid\u00e1ns, amely jav\u00edtja a b\u0151r mikrokering\u00e9s\u00e9t \u00e9s seg\u00edt a k\u00f6rnyezeti stressz okozta k\u00e1rok elleni v\u00e9delemben.<\/li>\n<li data-start=\"1137\" data-end=\"1230\"><strong data-start=\"1139\" data-end=\"1154\">Hialuronsav<\/strong>: Kiv\u00e1l\u00f3 hidrat\u00e1l\u00f3, amely kisim\u00edtja a b\u0151rt \u00e9s fokozza annak rugalmass\u00e1g\u00e1t.<\/li>\n<li data-start=\"1231\" data-end=\"1317\"><strong data-start=\"1233\" data-end=\"1257\">Damaszkuszi r\u00f3zsav\u00edz<\/strong>: L\u00e1gy\u00edtja \u00e9s hidrat\u00e1lja a b\u0151rt, friss \u00e9rzetet biztos\u00edtva.<\/li>\n<\/ul>\n<div><strong>Alkalmaz\u00e1sa:<\/strong> Cseppints a tenyeredbe, vagy k\u00f6zvetlen\u00fcl az arcodra 4-5 csepp sz\u00e9rumot, vidd fel k\u00f6rk\u00f6r\u00f6s mozdulatokkal a megtiszt\u00edtott \u00e9s toniz\u00e1lt b\u0151rre. Pillanatokon bel\u00fcl felsz\u00edv\u00f3dik.<\/div>\n<p>\u00d6sszetev\u0151k: Aqua, Rosa damascena flower water, Glycerin, Ginkgo Biloba Leaf Extract, Phenoxyethanol, Ethylhexylglycerine, Phenethyl Glycol and Glyceril caprilate, Hyaluronic acid, Sodium Benzoate, Potassium Sorbate, Citric Acid<\/p>\n<p>CPNP: 5081642<\/p>\n<p>&nbsp;<\/p>\n","protected":false},"excerpt":{"rendered":"<p data-start=\"42\" data-end=\"315\">A <strong data-start=\"44\" data-end=\"73\">Ginkgo Serum <\/strong>egy pr\u00e9mium anti-aging sz\u00e9rum, amely a Ginkgo Biloba kivonat vitaliz\u00e1l\u00f3 hat\u00e1s\u00e1val t\u00e1mogatja a b\u0151r fiataloss\u00e1g\u00e1t \u00e9s rugalmass\u00e1g\u00e1t. A hialuronsav intenz\u00edv hidrat\u00e1l\u00e1st biztos\u00edt, m\u00edg a damaszkuszi r\u00f3zsav\u00edz selymes puhas\u00e1got k\u00f6lcs\u00f6n\u00f6z a b\u0151rnek.<\/p>\n<h5 data-start=\"317\" data-end=\"336\"><strong data-start=\"323\" data-end=\"334\">El\u0151ny\u00f6k<\/strong><\/h5>\n<ul data-start=\"337\" data-end=\"761\">\n<li data-start=\"337\" data-end=\"467\"><strong data-start=\"339\" data-end=\"359\">Anti-aging hat\u00e1s<\/strong>: A Ginkgo Biloba kivonat antioxid\u00e1ns tulajdons\u00e1gai seg\u00edtenek lass\u00edtani a b\u0151r \u00f6reged\u00e9si folyamatait \u00e9s annak l\u00e1that\u00f3 jeleit.<\/li>\n<li data-start=\"468\" data-end=\"577\"><strong data-start=\"470\" data-end=\"488\">M\u00e9lyhidrat\u00e1l\u00e1s<\/strong>: A kis- \u00e9s nagymolekul\u00e1j\u00fa hialuronsav megk\u00f6ti a nedvess\u00e9get, jav\u00edtva a b\u0151r text\u00far\u00e1j\u00e1t. A k\u00e9tf\u00e9le m\u00e9ret\u0171 molekula a b\u0151rsz\u00f6vet k\u00fcl\u00f6nb\u00f6z\u0151 r\u00e9tegeibe jutva fejti ki hidrat\u00e1l\u00f3 hat\u00e1s\u00e1t.<\/li>\n<li data-start=\"578\" data-end=\"663\"><strong data-start=\"580\" data-end=\"598\">B\u0151rvitaliz\u00e1l\u00e1s<\/strong>: A Ginkgo Biloba kivonat fokozza a b\u0151r term\u00e9szetes ragyog\u00e1s\u00e1t<\/li>\n<\/ul>\n","protected":false},"featured_media":36690,"comment_status":"open","ping_status":"closed","template":"","meta":[],"product_brand":[],"product_cat":[444,482],"product_tag":[],"class_list":{"0":"post-36710","1":"product","2":"type-product","3":"status-publish","4":"has-post-thumbnail","6":"product_cat-olajmentes_szerumok","7":"product_cat-osszes","9":"first","10":"instock","11":"taxable","12":"shipping-taxable","13":"purchasable","14":"product-type-simple"},"bundled_by":[],"bundle_stock_status":"instock","bundle_stock_quantity":null,"bundle_virtual":false,"bundle_layout":"","bundle_add_to_cart_form_location":"","bundle_editable_in_cart":false,"bundle_sold_individually_context":"","bundle_item_grouping":"","bundle_min_size":"","bundle_max_size":"","bundle_price":[],"bundled_items":[],"bundle_sell_ids":[],"yoast_head":"<!-- This site is optimized with the Yoast SEO Premium plugin v24.9 (Yoast SEO v24.9) - https:\/\/yoast.com\/wordpress\/plugins\/seo\/ -->\n<title>Ginkgo Serum 15ml - Cremia Cosmetics<\/title>\n<meta name=\"robots\" content=\"index, follow, max-snippet:-1, max-image-preview:large, max-video-preview:-1\" \/>\n<link rel=\"canonical\" href=\"https:\/\/staging.cremiacosmetics.com\/osszes-termek\/ginkgo-serum\/\" \/>\n<meta property=\"og:locale\" content=\"en_US\" \/>\n<meta property=\"og:type\" content=\"article\" \/>\n<meta property=\"og:title\" content=\"Ginkgo Serum 15ml\" \/>\n<meta property=\"og:description\" content=\"A Ginkgo Serum egy pr\u00e9mium anti-aging sz\u00e9rum, amely a Ginkgo Biloba kivonat vitaliz\u00e1l\u00f3 hat\u00e1s\u00e1val t\u00e1mogatja a b\u0151r fiataloss\u00e1g\u00e1t \u00e9s rugalmass\u00e1g\u00e1t. A hialuronsav intenz\u00edv hidrat\u00e1l\u00e1st biztos\u00edt, m\u00edg a damaszkuszi r\u00f3zsav\u00edz selymes puhas\u00e1got k\u00f6lcs\u00f6n\u00f6z a b\u0151rnek.  El\u0151ny\u00f6k   Anti-aging hat\u00e1s: A Ginkgo Biloba kivonat antioxid\u00e1ns tulajdons\u00e1gai seg\u00edtenek lass\u00edtani a b\u0151r \u00f6reged\u00e9si folyamatait \u00e9s annak l\u00e1that\u00f3 jeleit.  M\u00e9lyhidrat\u00e1l\u00e1s: A kis- \u00e9s nagymolekul\u00e1j\u00fa hialuronsav megk\u00f6ti a nedvess\u00e9get, jav\u00edtva a b\u0151r text\u00far\u00e1j\u00e1t. A k\u00e9tf\u00e9le m\u00e9ret\u0171 molekula a b\u0151rsz\u00f6vet k\u00fcl\u00f6nb\u00f6z\u0151 r\u00e9tegeibe jutva fejti ki hidrat\u00e1l\u00f3 hat\u00e1s\u00e1t.  B\u0151rvitaliz\u00e1l\u00e1s: A Ginkgo Biloba kivonat fokozza a b\u0151r term\u00e9szetes ragyog\u00e1s\u00e1t\" \/>\n<meta property=\"og:url\" content=\"https:\/\/staging.cremiacosmetics.com\/osszes-termek\/ginkgo-serum\/\" \/>\n<meta property=\"og:site_name\" content=\"Cremia Cosmetics\" \/>\n<meta property=\"article:publisher\" content=\"https:\/\/www.facebook.com\/cremiacosmetics\" \/>\n<meta property=\"article:modified_time\" content=\"2025-04-15T12:13:03+00:00\" \/>\n<meta property=\"og:image\" content=\"https:\/\/staging.cremiacosmetics.com\/wp-content\/uploads\/2025\/03\/Ginkgo-serum.jpg\" \/>\n\t<meta property=\"og:image:width\" content=\"1000\" \/>\n\t<meta property=\"og:image:height\" content=\"1000\" \/>\n\t<meta property=\"og:image:type\" content=\"image\/jpeg\" \/>\n<meta name=\"twitter:card\" content=\"summary_large_image\" \/>\n<meta name=\"twitter:label1\" content=\"Price\" \/>\n\t<meta name=\"twitter:data1\" content=\"10 990&nbsp;&#070;&#116;\" \/>\n\t<meta name=\"twitter:label2\" content=\"Availability\" \/>\n\t<meta name=\"twitter:data2\" content=\"In stock\" \/>\n<script type=\"application\/ld+json\" class=\"yoast-schema-graph\">{\"@context\":\"https:\/\/schema.org\",\"@graph\":[{\"@type\":\"WebPage\",\"@id\":\"https:\/\/staging.cremiacosmetics.com\/osszes-termek\/ginkgo-serum\/\",\"url\":\"https:\/\/staging.cremiacosmetics.com\/osszes-termek\/ginkgo-serum\/\",\"name\":\"Ginkgo Serum 15ml - Cremia Cosmetics\",\"isPartOf\":{\"@id\":\"https:\/\/staging.cremiacosmetics.com\/#website\"},\"primaryImageOfPage\":{\"@id\":\"https:\/\/staging.cremiacosmetics.com\/osszes-termek\/ginkgo-serum\/#primaryimage\"},\"image\":{\"@id\":\"https:\/\/staging.cremiacosmetics.com\/osszes-termek\/ginkgo-serum\/#primaryimage\"},\"thumbnailUrl\":\"https:\/\/staging.cremiacosmetics.com\/wp-content\/uploads\/2025\/03\/Ginkgo-serum.jpg\",\"datePublished\":\"2025-03-24T11:28:40+00:00\",\"dateModified\":\"2025-04-15T12:13:03+00:00\",\"breadcrumb\":{\"@id\":\"https:\/\/staging.cremiacosmetics.com\/osszes-termek\/ginkgo-serum\/#breadcrumb\"},\"inLanguage\":\"en-US\",\"potentialAction\":[{\"@type\":\"ReadAction\",\"target\":[\"https:\/\/staging.cremiacosmetics.com\/osszes-termek\/ginkgo-serum\/\"]}]},{\"@type\":\"ImageObject\",\"inLanguage\":\"en-US\",\"@id\":\"https:\/\/staging.cremiacosmetics.com\/osszes-termek\/ginkgo-serum\/#primaryimage\",\"url\":\"https:\/\/staging.cremiacosmetics.com\/wp-content\/uploads\/2025\/03\/Ginkgo-serum.jpg\",\"contentUrl\":\"https:\/\/staging.cremiacosmetics.com\/wp-content\/uploads\/2025\/03\/Ginkgo-serum.jpg\",\"width\":1000,\"height\":1000},{\"@type\":\"BreadcrumbList\",\"@id\":\"https:\/\/staging.cremiacosmetics.com\/osszes-termek\/ginkgo-serum\/#breadcrumb\",\"itemListElement\":[{\"@type\":\"ListItem\",\"position\":1,\"name\":\"Kezd\u0151lap\",\"item\":\"https:\/\/staging.cremiacosmetics.com\/\"},{\"@type\":\"ListItem\",\"position\":2,\"name\":\"\u00d6sszes term\u00e9k\",\"item\":\"https:\/\/staging.cremiacosmetics.com\/?page_id=15931\"},{\"@type\":\"ListItem\",\"position\":3,\"name\":\"Ginkgo Serum 15ml\"}]},{\"@type\":\"WebSite\",\"@id\":\"https:\/\/staging.cremiacosmetics.com\/#website\",\"url\":\"https:\/\/staging.cremiacosmetics.com\/\",\"name\":\"Cremia Cosmetics\",\"description\":\"Nature-powered beauty\",\"publisher\":{\"@id\":\"https:\/\/staging.cremiacosmetics.com\/#organization\"},\"potentialAction\":[{\"@type\":\"SearchAction\",\"target\":{\"@type\":\"EntryPoint\",\"urlTemplate\":\"https:\/\/staging.cremiacosmetics.com\/?s={search_term_string}\"},\"query-input\":{\"@type\":\"PropertyValueSpecification\",\"valueRequired\":true,\"valueName\":\"search_term_string\"}}],\"inLanguage\":\"en-US\"},{\"@type\":\"Organization\",\"@id\":\"https:\/\/staging.cremiacosmetics.com\/#organization\",\"name\":\"Cremia Cosmetics\",\"url\":\"https:\/\/staging.cremiacosmetics.com\/\",\"logo\":{\"@type\":\"ImageObject\",\"inLanguage\":\"en-US\",\"@id\":\"https:\/\/staging.cremiacosmetics.com\/#\/schema\/logo\/image\/\",\"url\":\"https:\/\/staging.cremiacosmetics.com\/wp-content\/uploads\/2024\/03\/Cremia-logo-15x15mm.svg\",\"contentUrl\":\"https:\/\/staging.cremiacosmetics.com\/wp-content\/uploads\/2024\/03\/Cremia-logo-15x15mm.svg\",\"width\":42,\"height\":42,\"caption\":\"Cremia Cosmetics\"},\"image\":{\"@id\":\"https:\/\/staging.cremiacosmetics.com\/#\/schema\/logo\/image\/\"},\"sameAs\":[\"https:\/\/www.facebook.com\/cremiacosmetics\",\"https:\/\/www.instagram.com\/cremiacosmetics\/\"]}]}<\/script>\n<meta property=\"product:price:amount\" content=\"10990\" \/>\n<meta property=\"product:price:currency\" content=\"HUF\" \/>\n<meta property=\"og:availability\" content=\"instock\" \/>\n<meta property=\"product:availability\" content=\"instock\" \/>\n<meta property=\"product:retailer_item_id\" content=\"C-GiS-HU-15\" \/>\n<meta property=\"product:condition\" content=\"new\" \/>\n<!-- \/ Yoast SEO Premium plugin. -->","yoast_head_json":{"title":"Ginkgo Serum 15ml - Cremia Cosmetics","robots":{"index":"index","follow":"follow","max-snippet":"max-snippet:-1","max-image-preview":"max-image-preview:large","max-video-preview":"max-video-preview:-1"},"canonical":"https:\/\/staging.cremiacosmetics.com\/osszes-termek\/ginkgo-serum\/","og_locale":"en_US","og_type":"article","og_title":"Ginkgo Serum 15ml","og_description":"A Ginkgo Serum egy pr\u00e9mium anti-aging sz\u00e9rum, amely a Ginkgo Biloba kivonat vitaliz\u00e1l\u00f3 hat\u00e1s\u00e1val t\u00e1mogatja a b\u0151r fiataloss\u00e1g\u00e1t \u00e9s rugalmass\u00e1g\u00e1t. A hialuronsav intenz\u00edv hidrat\u00e1l\u00e1st biztos\u00edt, m\u00edg a damaszkuszi r\u00f3zsav\u00edz selymes puhas\u00e1got k\u00f6lcs\u00f6n\u00f6z a b\u0151rnek.  El\u0151ny\u00f6k   Anti-aging hat\u00e1s: A Ginkgo Biloba kivonat antioxid\u00e1ns tulajdons\u00e1gai seg\u00edtenek lass\u00edtani a b\u0151r \u00f6reged\u00e9si folyamatait \u00e9s annak l\u00e1that\u00f3 jeleit.  M\u00e9lyhidrat\u00e1l\u00e1s: A kis- \u00e9s nagymolekul\u00e1j\u00fa hialuronsav megk\u00f6ti a nedvess\u00e9get, jav\u00edtva a b\u0151r text\u00far\u00e1j\u00e1t. A k\u00e9tf\u00e9le m\u00e9ret\u0171 molekula a b\u0151rsz\u00f6vet k\u00fcl\u00f6nb\u00f6z\u0151 r\u00e9tegeibe jutva fejti ki hidrat\u00e1l\u00f3 hat\u00e1s\u00e1t.  B\u0151rvitaliz\u00e1l\u00e1s: A Ginkgo Biloba kivonat fokozza a b\u0151r term\u00e9szetes ragyog\u00e1s\u00e1t","og_url":"https:\/\/staging.cremiacosmetics.com\/osszes-termek\/ginkgo-serum\/","og_site_name":"Cremia Cosmetics","article_publisher":"https:\/\/www.facebook.com\/cremiacosmetics","article_modified_time":"2025-04-15T12:13:03+00:00","og_image":[{"width":1000,"height":1000,"url":"https:\/\/staging.cremiacosmetics.com\/wp-content\/uploads\/2025\/03\/Ginkgo-serum.jpg","type":"image\/jpeg"}],"twitter_card":"summary_large_image","twitter_misc":{"Price":"10 990&nbsp;&#70;&#116;","Availability":"In stock"},"schema":{"@context":"https:\/\/schema.org","@graph":[{"@type":"WebPage","@id":"https:\/\/staging.cremiacosmetics.com\/osszes-termek\/ginkgo-serum\/","url":"https:\/\/staging.cremiacosmetics.com\/osszes-termek\/ginkgo-serum\/","name":"Ginkgo Serum 15ml - Cremia Cosmetics","isPartOf":{"@id":"https:\/\/staging.cremiacosmetics.com\/#website"},"primaryImageOfPage":{"@id":"https:\/\/staging.cremiacosmetics.com\/osszes-termek\/ginkgo-serum\/#primaryimage"},"image":{"@id":"https:\/\/staging.cremiacosmetics.com\/osszes-termek\/ginkgo-serum\/#primaryimage"},"thumbnailUrl":"https:\/\/staging.cremiacosmetics.com\/wp-content\/uploads\/2025\/03\/Ginkgo-serum.jpg","datePublished":"2025-03-24T11:28:40+00:00","dateModified":"2025-04-15T12:13:03+00:00","breadcrumb":{"@id":"https:\/\/staging.cremiacosmetics.com\/osszes-termek\/ginkgo-serum\/#breadcrumb"},"inLanguage":"en-US","potentialAction":[{"@type":"ReadAction","target":["https:\/\/staging.cremiacosmetics.com\/osszes-termek\/ginkgo-serum\/"]}]},{"@type":"ImageObject","inLanguage":"en-US","@id":"https:\/\/staging.cremiacosmetics.com\/osszes-termek\/ginkgo-serum\/#primaryimage","url":"https:\/\/staging.cremiacosmetics.com\/wp-content\/uploads\/2025\/03\/Ginkgo-serum.jpg","contentUrl":"https:\/\/staging.cremiacosmetics.com\/wp-content\/uploads\/2025\/03\/Ginkgo-serum.jpg","width":1000,"height":1000},{"@type":"BreadcrumbList","@id":"https:\/\/staging.cremiacosmetics.com\/osszes-termek\/ginkgo-serum\/#breadcrumb","itemListElement":[{"@type":"ListItem","position":1,"name":"Kezd\u0151lap","item":"https:\/\/staging.cremiacosmetics.com\/"},{"@type":"ListItem","position":2,"name":"\u00d6sszes term\u00e9k","item":"https:\/\/staging.cremiacosmetics.com\/?page_id=15931"},{"@type":"ListItem","position":3,"name":"Ginkgo Serum 15ml"}]},{"@type":"WebSite","@id":"https:\/\/staging.cremiacosmetics.com\/#website","url":"https:\/\/staging.cremiacosmetics.com\/","name":"Cremia Cosmetics","description":"Nature-powered beauty","publisher":{"@id":"https:\/\/staging.cremiacosmetics.com\/#organization"},"potentialAction":[{"@type":"SearchAction","target":{"@type":"EntryPoint","urlTemplate":"https:\/\/staging.cremiacosmetics.com\/?s={search_term_string}"},"query-input":{"@type":"PropertyValueSpecification","valueRequired":true,"valueName":"search_term_string"}}],"inLanguage":"en-US"},{"@type":"Organization","@id":"https:\/\/staging.cremiacosmetics.com\/#organization","name":"Cremia Cosmetics","url":"https:\/\/staging.cremiacosmetics.com\/","logo":{"@type":"ImageObject","inLanguage":"en-US","@id":"https:\/\/staging.cremiacosmetics.com\/#\/schema\/logo\/image\/","url":"https:\/\/staging.cremiacosmetics.com\/wp-content\/uploads\/2024\/03\/Cremia-logo-15x15mm.svg","contentUrl":"https:\/\/staging.cremiacosmetics.com\/wp-content\/uploads\/2024\/03\/Cremia-logo-15x15mm.svg","width":42,"height":42,"caption":"Cremia Cosmetics"},"image":{"@id":"https:\/\/staging.cremiacosmetics.com\/#\/schema\/logo\/image\/"},"sameAs":["https:\/\/www.facebook.com\/cremiacosmetics","https:\/\/www.instagram.com\/cremiacosmetics\/"]}]},"product_price_amount":"10990","product_price_currency":"HUF","og_availability":"instock","product_availability":"instock","product_retailer_item_id":"C-GiS-HU-15","product_condition":"new"},"_links":{"self":[{"href":"https:\/\/staging.cremiacosmetics.com\/index.php?rest_route=\/wp\/v2\/product\/36710","targetHints":{"allow":["GET"]}}],"collection":[{"href":"https:\/\/staging.cremiacosmetics.com\/index.php?rest_route=\/wp\/v2\/product"}],"about":[{"href":"https:\/\/staging.cremiacosmetics.com\/index.php?rest_route=\/wp\/v2\/types\/product"}],"replies":[{"embeddable":true,"href":"https:\/\/staging.cremiacosmetics.com\/index.php?rest_route=%2Fwp%2Fv2%2Fcomments&post=36710"}],"version-history":[{"count":4,"href":"https:\/\/staging.cremiacosmetics.com\/index.php?rest_route=\/wp\/v2\/product\/36710\/revisions"}],"predecessor-version":[{"id":36789,"href":"https:\/\/staging.cremiacosmetics.com\/index.php?rest_route=\/wp\/v2\/product\/36710\/revisions\/36789"}],"wp:featuredmedia":[{"embeddable":true,"href":"https:\/\/staging.cremiacosmetics.com\/index.php?rest_route=\/wp\/v2\/media\/36690"}],"wp:attachment":[{"href":"https:\/\/staging.cremiacosmetics.com\/index.php?rest_route=%2Fwp%2Fv2%2Fmedia&parent=36710"}],"wp:term":[{"taxonomy":"product_brand","embeddable":true,"href":"https:\/\/staging.cremiacosmetics.com\/index.php?rest_route=%2Fwp%2Fv2%2Fproduct_brand&post=36710"},{"taxonomy":"product_cat","embeddable":true,"href":"https:\/\/staging.cremiacosmetics.com\/index.php?rest_route=%2Fwp%2Fv2%2Fproduct_cat&post=36710"},{"taxonomy":"product_tag","embeddable":true,"href":"https:\/\/staging.cremiacosmetics.com\/index.php?rest_route=%2Fwp%2Fv2%2Fproduct_tag&post=36710"}],"curies":[{"name":"wp","href":"https:\/\/api.w.org\/{rel}","templated":true}]}}