{"id":36651,"date":"2025-03-18T09:12:27","date_gmt":"2025-03-18T08:12:27","guid":{"rendered":"https:\/\/staging.cremiacosmetics.com\/?post_type=product&#038;p=36651"},"modified":"2025-03-18T09:14:00","modified_gmt":"2025-03-18T08:14:00","slug":"brazil-lifting-0702","status":"publish","type":"product","link":"https:\/\/staging.cremiacosmetics.com\/?product=brazil-lifting-0702","title":{"rendered":"Regisztr\u00e1ci\u00f3s k\u00e1rtya &#8211; Brazil Lifting massz\u00e1zstanfolyam 2025.07.02."},"content":{"rendered":"<p><u>2025.07.02. szerda 10:00-15:00<\/u><u><\/u><u><\/u><\/p>\n<p><u>Tanfolyami d\u00edj<\/u>: 19.000 Ft, amely tartalmazza a tanfolyam anyag\u00e1t nyomtatott form\u00e1ban.<u><\/u><u><\/u><\/p>\n<p>Erre az alkalomra szeretettel v\u00e1runk olyan kozmetikusokat is, akik m\u00e9g nem dolgoznak vel\u00fcnk.<\/p>\n<p>Hozd el kozmetikus ismer\u0151s\u00f6det \u00e9s mindkett\u0151t\u00f6ket megaj\u00e1nd\u00e9kozunk 2000 Ft kedvezm\u00e9nnyel a tanfolyam \u00e1r\u00e1b\u00f3l. Ebben az esetben h\u00edvj minket (<u>+36 20 474 5214<\/u>) \u00e9s emailben k\u00fcldj\u00fck az \u00e1tutal\u00e1sos sz\u00e1ml\u00e1t, mellyel rendezhetitek a rendezv\u00e9ny d\u00edj\u00e1t.<u><\/u><\/p>\n<p>Minden r\u00e9sztvev\u0151 n\u00e9vre sz\u00f3l\u00f3 oklevelet is kap.<u><\/u><u><\/u><\/p>\n<p>A rendezv\u00e9ny ideje alatt\u00a0finoms\u00e1gokkal v\u00e1runk.<u><\/u><u><\/u><\/p>\n<p>Helysz\u00edn: Cremia No.1 Shop &#8211; 2040 Buda\u00f6rs, Budapesti \u00fat 85.<\/p>\n<p>(Parkol\u00e1si lehet\u0151s\u00e9g az \u00e9p\u00fclet el\u0151tt, t\u00f6megk\u00f6zleked\u00e9ssel \u00e9rkez\u0151knek aut\u00f3busz meg\u00e1ll\u00f3 Tulip\u00e1n utca: Sz\u00e9ll K\u00e1lm\u00e1n t\u00e9rr\u0151l 140, 140A, M\u00f3ricz Zsigmond k\u00f6rt\u00e9rr\u0151l 240 busz)<\/p>\n<p>Mivel sokmindennel k\u00e9sz\u00fcl\u00fcnk, k\u00e9r\u00fcnk amennyiben m\u00e9gsem tudsz elj\u00f6nni, egy h\u00e9ttel kor\u00e1bban jelezd fel\u00e9nk \u00e9s vagy visszaadjuk a tanfolyam \u00e1r\u00e1t, vagy keres\u00fcnk egy legk\u00f6zelebbi alkalmat, amire el tudsz j\u00f6nni. Amennyiben nem jelzed fel\u00e9nk a lemond\u00e1st egy h\u00e9ten bel\u00fcl, abban az esetben sajnos nem biztos\u00edtott a tanfolyam \u00e1r\u00e1nak visszautal\u00e1sa. Meg\u00e9rt\u00e9sedet k\u00f6sz\u00f6nj\u00fck!<\/p>\n","protected":false},"excerpt":{"rendered":"<div dir=\"auto\">\n<p>Ha szeretn\u00e9d kozmetikai szolg\u00e1ltat\u00e1saidat friss\u00edteni \u00e9s egy \u00faj kezel\u00e9ssel sz\u00ednes\u00edteni, akkor v\u00e1runk szeretettel \ud83d\ude42<\/p>\n<ul type=\"disc\">\n<li>3 kezel\u0151\u00e1ggyal k\u00e9sz\u00fcl\u00fcnk, maximum 6 kozmetikust v\u00e1runk, \u00edgy p\u00e1rba rendez\u0151dve mindketten gyakorolhatj\u00e1tok a mozdulatokat \u00e9s \u00e9lvezhetitek is majd a massz\u00e1zskezel\u00e9st.<u><\/u><u><\/u><\/li>\n<li>Itt lesz lehet\u0151s\u00e9g kipr\u00f3b\u00e1lni \u00e9s megv\u00e1s\u00e1rolni leg\u00fajabb term\u00e9keinket, melyekhez k\u00fcl\u00f6nleges, egzotikus alapanyagokat haszn\u00e1ltunk fel.<\/li>\n<\/ul>\n<\/div>\n","protected":false},"featured_media":36649,"comment_status":"closed","ping_status":"closed","template":"","meta":[],"product_brand":[],"product_cat":[915],"product_tag":[],"class_list":{"0":"post-36651","1":"product","2":"type-product","3":"status-publish","4":"has-post-thumbnail","6":"product_cat-rendezveny","8":"first","9":"instock","10":"sold-individually","11":"taxable","12":"shipping-taxable","13":"product-type-simple"},"bundled_by":[],"bundle_stock_status":"instock","bundle_stock_quantity":null,"bundle_virtual":false,"bundle_layout":"","bundle_add_to_cart_form_location":"","bundle_editable_in_cart":false,"bundle_sold_individually_context":"","bundle_item_grouping":"","bundle_min_size":"","bundle_max_size":"","bundle_price":[],"bundled_items":[],"bundle_sell_ids":[],"yoast_head":"<!-- This site is optimized with the Yoast SEO Premium plugin v24.9 (Yoast SEO v24.9) - https:\/\/yoast.com\/wordpress\/plugins\/seo\/ -->\n<title>Regisztr\u00e1ci\u00f3s k\u00e1rtya - Brazil Lifting massz\u00e1zstanfolyam 2025.07.02. - Cremia Cosmetics<\/title>\n<meta name=\"robots\" content=\"index, follow, max-snippet:-1, max-image-preview:large, max-video-preview:-1\" \/>\n<link rel=\"canonical\" href=\"https:\/\/staging.cremiacosmetics.com\/osszes-termek\/brazil-lifting-0702\/\" \/>\n<meta property=\"og:locale\" content=\"en_US\" \/>\n<meta property=\"og:type\" content=\"article\" \/>\n<meta property=\"og:title\" content=\"Regisztr\u00e1ci\u00f3s k\u00e1rtya - Brazil Lifting massz\u00e1zstanfolyam 2025.07.02.\" \/>\n<meta property=\"og:description\" content=\"Ha szeretn\u00e9d kozmetikai szolg\u00e1ltat\u00e1saidat friss\u00edteni \u00e9s egy \u00faj kezel\u00e9ssel sz\u00ednes\u00edteni, akkor v\u00e1runk szeretettel :-)   3 kezel\u0151\u00e1ggyal k\u00e9sz\u00fcl\u00fcnk, maximum 6 kozmetikust v\u00e1runk, \u00edgy p\u00e1rba rendez\u0151dve mindketten gyakorolhatj\u00e1tok a mozdulatokat \u00e9s \u00e9lvezhetitek is majd a massz\u00e1zskezel\u00e9st.  Itt lesz lehet\u0151s\u00e9g kipr\u00f3b\u00e1lni \u00e9s megv\u00e1s\u00e1rolni leg\u00fajabb term\u00e9keinket, melyekhez k\u00fcl\u00f6nleges, egzotikus alapanyagokat haszn\u00e1ltunk fel.\" \/>\n<meta property=\"og:url\" content=\"https:\/\/staging.cremiacosmetics.com\/osszes-termek\/brazil-lifting-0702\/\" \/>\n<meta property=\"og:site_name\" content=\"Cremia Cosmetics\" \/>\n<meta property=\"article:publisher\" content=\"https:\/\/www.facebook.com\/cremiacosmetics\" \/>\n<meta property=\"article:modified_time\" content=\"2025-03-18T08:14:00+00:00\" \/>\n<meta property=\"og:image\" content=\"https:\/\/staging.cremiacosmetics.com\/wp-content\/uploads\/2025\/03\/Brazil-lifting-0702.jpg\" \/>\n\t<meta property=\"og:image:width\" content=\"800\" \/>\n\t<meta property=\"og:image:height\" content=\"800\" \/>\n\t<meta property=\"og:image:type\" content=\"image\/jpeg\" \/>\n<meta name=\"twitter:card\" content=\"summary_large_image\" \/>\n<meta name=\"twitter:label1\" content=\"Price\" \/>\n\t<meta name=\"twitter:data1\" content=\"19 000&nbsp;&#070;&#116;\" \/>\n\t<meta name=\"twitter:label2\" content=\"Availability\" \/>\n\t<meta name=\"twitter:data2\" content=\"In stock\" \/>\n<script type=\"application\/ld+json\" class=\"yoast-schema-graph\">{\"@context\":\"https:\/\/schema.org\",\"@graph\":[{\"@type\":\"WebPage\",\"@id\":\"https:\/\/staging.cremiacosmetics.com\/osszes-termek\/brazil-lifting-0702\/\",\"url\":\"https:\/\/staging.cremiacosmetics.com\/osszes-termek\/brazil-lifting-0702\/\",\"name\":\"Regisztr\u00e1ci\u00f3s k\u00e1rtya - Brazil Lifting massz\u00e1zstanfolyam 2025.07.02. - Cremia Cosmetics\",\"isPartOf\":{\"@id\":\"https:\/\/staging.cremiacosmetics.com\/#website\"},\"primaryImageOfPage\":{\"@id\":\"https:\/\/staging.cremiacosmetics.com\/osszes-termek\/brazil-lifting-0702\/#primaryimage\"},\"image\":{\"@id\":\"https:\/\/staging.cremiacosmetics.com\/osszes-termek\/brazil-lifting-0702\/#primaryimage\"},\"thumbnailUrl\":\"https:\/\/staging.cremiacosmetics.com\/wp-content\/uploads\/2025\/03\/Brazil-lifting-0702.jpg\",\"datePublished\":\"2025-03-18T08:12:27+00:00\",\"dateModified\":\"2025-03-18T08:14:00+00:00\",\"breadcrumb\":{\"@id\":\"https:\/\/staging.cremiacosmetics.com\/osszes-termek\/brazil-lifting-0702\/#breadcrumb\"},\"inLanguage\":\"en-US\",\"potentialAction\":[{\"@type\":\"ReadAction\",\"target\":[\"https:\/\/staging.cremiacosmetics.com\/osszes-termek\/brazil-lifting-0702\/\"]}]},{\"@type\":\"ImageObject\",\"inLanguage\":\"en-US\",\"@id\":\"https:\/\/staging.cremiacosmetics.com\/osszes-termek\/brazil-lifting-0702\/#primaryimage\",\"url\":\"https:\/\/staging.cremiacosmetics.com\/wp-content\/uploads\/2025\/03\/Brazil-lifting-0702.jpg\",\"contentUrl\":\"https:\/\/staging.cremiacosmetics.com\/wp-content\/uploads\/2025\/03\/Brazil-lifting-0702.jpg\",\"width\":800,\"height\":800},{\"@type\":\"BreadcrumbList\",\"@id\":\"https:\/\/staging.cremiacosmetics.com\/osszes-termek\/brazil-lifting-0702\/#breadcrumb\",\"itemListElement\":[{\"@type\":\"ListItem\",\"position\":1,\"name\":\"Kezd\u0151lap\",\"item\":\"https:\/\/staging.cremiacosmetics.com\/\"},{\"@type\":\"ListItem\",\"position\":2,\"name\":\"\u00d6sszes term\u00e9k\",\"item\":\"https:\/\/staging.cremiacosmetics.com\/?page_id=15931\"},{\"@type\":\"ListItem\",\"position\":3,\"name\":\"Regisztr\u00e1ci\u00f3s k\u00e1rtya &#8211; Brazil Lifting massz\u00e1zstanfolyam 2025.07.02.\"}]},{\"@type\":\"WebSite\",\"@id\":\"https:\/\/staging.cremiacosmetics.com\/#website\",\"url\":\"https:\/\/staging.cremiacosmetics.com\/\",\"name\":\"Cremia Cosmetics\",\"description\":\"Nature-powered beauty\",\"publisher\":{\"@id\":\"https:\/\/staging.cremiacosmetics.com\/#organization\"},\"potentialAction\":[{\"@type\":\"SearchAction\",\"target\":{\"@type\":\"EntryPoint\",\"urlTemplate\":\"https:\/\/staging.cremiacosmetics.com\/?s={search_term_string}\"},\"query-input\":{\"@type\":\"PropertyValueSpecification\",\"valueRequired\":true,\"valueName\":\"search_term_string\"}}],\"inLanguage\":\"en-US\"},{\"@type\":\"Organization\",\"@id\":\"https:\/\/staging.cremiacosmetics.com\/#organization\",\"name\":\"Cremia Cosmetics\",\"url\":\"https:\/\/staging.cremiacosmetics.com\/\",\"logo\":{\"@type\":\"ImageObject\",\"inLanguage\":\"en-US\",\"@id\":\"https:\/\/staging.cremiacosmetics.com\/#\/schema\/logo\/image\/\",\"url\":\"https:\/\/staging.cremiacosmetics.com\/wp-content\/uploads\/2024\/03\/Cremia-logo-15x15mm.svg\",\"contentUrl\":\"https:\/\/staging.cremiacosmetics.com\/wp-content\/uploads\/2024\/03\/Cremia-logo-15x15mm.svg\",\"width\":42,\"height\":42,\"caption\":\"Cremia Cosmetics\"},\"image\":{\"@id\":\"https:\/\/staging.cremiacosmetics.com\/#\/schema\/logo\/image\/\"},\"sameAs\":[\"https:\/\/www.facebook.com\/cremiacosmetics\",\"https:\/\/www.instagram.com\/cremiacosmetics\/\"]}]}<\/script>\n<meta property=\"product:price:amount\" content=\"19000\" \/>\n<meta property=\"product:price:currency\" content=\"HUF\" \/>\n<meta property=\"og:availability\" content=\"instock\" \/>\n<meta property=\"product:availability\" content=\"instock\" \/>\n<meta property=\"product:retailer_item_id\" content=\"C-RK-BLM-10\" \/>\n<meta property=\"product:condition\" content=\"new\" \/>\n<!-- \/ Yoast SEO Premium plugin. -->","yoast_head_json":{"title":"Regisztr\u00e1ci\u00f3s k\u00e1rtya - Brazil Lifting massz\u00e1zstanfolyam 2025.07.02. - Cremia Cosmetics","robots":{"index":"index","follow":"follow","max-snippet":"max-snippet:-1","max-image-preview":"max-image-preview:large","max-video-preview":"max-video-preview:-1"},"canonical":"https:\/\/staging.cremiacosmetics.com\/osszes-termek\/brazil-lifting-0702\/","og_locale":"en_US","og_type":"article","og_title":"Regisztr\u00e1ci\u00f3s k\u00e1rtya - Brazil Lifting massz\u00e1zstanfolyam 2025.07.02.","og_description":"Ha szeretn\u00e9d kozmetikai szolg\u00e1ltat\u00e1saidat friss\u00edteni \u00e9s egy \u00faj kezel\u00e9ssel sz\u00ednes\u00edteni, akkor v\u00e1runk szeretettel :-)   3 kezel\u0151\u00e1ggyal k\u00e9sz\u00fcl\u00fcnk, maximum 6 kozmetikust v\u00e1runk, \u00edgy p\u00e1rba rendez\u0151dve mindketten gyakorolhatj\u00e1tok a mozdulatokat \u00e9s \u00e9lvezhetitek is majd a massz\u00e1zskezel\u00e9st.  Itt lesz lehet\u0151s\u00e9g kipr\u00f3b\u00e1lni \u00e9s megv\u00e1s\u00e1rolni leg\u00fajabb term\u00e9keinket, melyekhez k\u00fcl\u00f6nleges, egzotikus alapanyagokat haszn\u00e1ltunk fel.","og_url":"https:\/\/staging.cremiacosmetics.com\/osszes-termek\/brazil-lifting-0702\/","og_site_name":"Cremia Cosmetics","article_publisher":"https:\/\/www.facebook.com\/cremiacosmetics","article_modified_time":"2025-03-18T08:14:00+00:00","og_image":[{"width":800,"height":800,"url":"https:\/\/staging.cremiacosmetics.com\/wp-content\/uploads\/2025\/03\/Brazil-lifting-0702.jpg","type":"image\/jpeg"}],"twitter_card":"summary_large_image","twitter_misc":{"Price":"19 000&nbsp;&#70;&#116;","Availability":"In stock"},"schema":{"@context":"https:\/\/schema.org","@graph":[{"@type":"WebPage","@id":"https:\/\/staging.cremiacosmetics.com\/osszes-termek\/brazil-lifting-0702\/","url":"https:\/\/staging.cremiacosmetics.com\/osszes-termek\/brazil-lifting-0702\/","name":"Regisztr\u00e1ci\u00f3s k\u00e1rtya - Brazil Lifting massz\u00e1zstanfolyam 2025.07.02. - Cremia Cosmetics","isPartOf":{"@id":"https:\/\/staging.cremiacosmetics.com\/#website"},"primaryImageOfPage":{"@id":"https:\/\/staging.cremiacosmetics.com\/osszes-termek\/brazil-lifting-0702\/#primaryimage"},"image":{"@id":"https:\/\/staging.cremiacosmetics.com\/osszes-termek\/brazil-lifting-0702\/#primaryimage"},"thumbnailUrl":"https:\/\/staging.cremiacosmetics.com\/wp-content\/uploads\/2025\/03\/Brazil-lifting-0702.jpg","datePublished":"2025-03-18T08:12:27+00:00","dateModified":"2025-03-18T08:14:00+00:00","breadcrumb":{"@id":"https:\/\/staging.cremiacosmetics.com\/osszes-termek\/brazil-lifting-0702\/#breadcrumb"},"inLanguage":"en-US","potentialAction":[{"@type":"ReadAction","target":["https:\/\/staging.cremiacosmetics.com\/osszes-termek\/brazil-lifting-0702\/"]}]},{"@type":"ImageObject","inLanguage":"en-US","@id":"https:\/\/staging.cremiacosmetics.com\/osszes-termek\/brazil-lifting-0702\/#primaryimage","url":"https:\/\/staging.cremiacosmetics.com\/wp-content\/uploads\/2025\/03\/Brazil-lifting-0702.jpg","contentUrl":"https:\/\/staging.cremiacosmetics.com\/wp-content\/uploads\/2025\/03\/Brazil-lifting-0702.jpg","width":800,"height":800},{"@type":"BreadcrumbList","@id":"https:\/\/staging.cremiacosmetics.com\/osszes-termek\/brazil-lifting-0702\/#breadcrumb","itemListElement":[{"@type":"ListItem","position":1,"name":"Kezd\u0151lap","item":"https:\/\/staging.cremiacosmetics.com\/"},{"@type":"ListItem","position":2,"name":"\u00d6sszes term\u00e9k","item":"https:\/\/staging.cremiacosmetics.com\/?page_id=15931"},{"@type":"ListItem","position":3,"name":"Regisztr\u00e1ci\u00f3s k\u00e1rtya &#8211; Brazil Lifting massz\u00e1zstanfolyam 2025.07.02."}]},{"@type":"WebSite","@id":"https:\/\/staging.cremiacosmetics.com\/#website","url":"https:\/\/staging.cremiacosmetics.com\/","name":"Cremia Cosmetics","description":"Nature-powered beauty","publisher":{"@id":"https:\/\/staging.cremiacosmetics.com\/#organization"},"potentialAction":[{"@type":"SearchAction","target":{"@type":"EntryPoint","urlTemplate":"https:\/\/staging.cremiacosmetics.com\/?s={search_term_string}"},"query-input":{"@type":"PropertyValueSpecification","valueRequired":true,"valueName":"search_term_string"}}],"inLanguage":"en-US"},{"@type":"Organization","@id":"https:\/\/staging.cremiacosmetics.com\/#organization","name":"Cremia Cosmetics","url":"https:\/\/staging.cremiacosmetics.com\/","logo":{"@type":"ImageObject","inLanguage":"en-US","@id":"https:\/\/staging.cremiacosmetics.com\/#\/schema\/logo\/image\/","url":"https:\/\/staging.cremiacosmetics.com\/wp-content\/uploads\/2024\/03\/Cremia-logo-15x15mm.svg","contentUrl":"https:\/\/staging.cremiacosmetics.com\/wp-content\/uploads\/2024\/03\/Cremia-logo-15x15mm.svg","width":42,"height":42,"caption":"Cremia Cosmetics"},"image":{"@id":"https:\/\/staging.cremiacosmetics.com\/#\/schema\/logo\/image\/"},"sameAs":["https:\/\/www.facebook.com\/cremiacosmetics","https:\/\/www.instagram.com\/cremiacosmetics\/"]}]},"product_price_amount":"19000","product_price_currency":"HUF","og_availability":"instock","product_availability":"instock","product_retailer_item_id":"C-RK-BLM-10","product_condition":"new"},"_links":{"self":[{"href":"https:\/\/staging.cremiacosmetics.com\/index.php?rest_route=\/wp\/v2\/product\/36651","targetHints":{"allow":["GET"]}}],"collection":[{"href":"https:\/\/staging.cremiacosmetics.com\/index.php?rest_route=\/wp\/v2\/product"}],"about":[{"href":"https:\/\/staging.cremiacosmetics.com\/index.php?rest_route=\/wp\/v2\/types\/product"}],"replies":[{"embeddable":true,"href":"https:\/\/staging.cremiacosmetics.com\/index.php?rest_route=%2Fwp%2Fv2%2Fcomments&post=36651"}],"version-history":[{"count":1,"href":"https:\/\/staging.cremiacosmetics.com\/index.php?rest_route=\/wp\/v2\/product\/36651\/revisions"}],"predecessor-version":[{"id":36652,"href":"https:\/\/staging.cremiacosmetics.com\/index.php?rest_route=\/wp\/v2\/product\/36651\/revisions\/36652"}],"wp:featuredmedia":[{"embeddable":true,"href":"https:\/\/staging.cremiacosmetics.com\/index.php?rest_route=\/wp\/v2\/media\/36649"}],"wp:attachment":[{"href":"https:\/\/staging.cremiacosmetics.com\/index.php?rest_route=%2Fwp%2Fv2%2Fmedia&parent=36651"}],"wp:term":[{"taxonomy":"product_brand","embeddable":true,"href":"https:\/\/staging.cremiacosmetics.com\/index.php?rest_route=%2Fwp%2Fv2%2Fproduct_brand&post=36651"},{"taxonomy":"product_cat","embeddable":true,"href":"https:\/\/staging.cremiacosmetics.com\/index.php?rest_route=%2Fwp%2Fv2%2Fproduct_cat&post=36651"},{"taxonomy":"product_tag","embeddable":true,"href":"https:\/\/staging.cremiacosmetics.com\/index.php?rest_route=%2Fwp%2Fv2%2Fproduct_tag&post=36651"}],"curies":[{"name":"wp","href":"https:\/\/api.w.org\/{rel}","templated":true}]}}