{"id":36642,"date":"2025-03-17T12:24:21","date_gmt":"2025-03-17T11:24:21","guid":{"rendered":"https:\/\/staging.cremiacosmetics.com\/?post_type=product&#038;p=36642"},"modified":"2025-03-17T12:25:54","modified_gmt":"2025-03-17T11:25:54","slug":"alaptanfolyam-0528","status":"publish","type":"product","link":"https:\/\/staging.cremiacosmetics.com\/?product=alaptanfolyam-0528","title":{"rendered":"Regisztr\u00e1ci\u00f3s k\u00e1rtya &#8211; Alaptanfolyam 2025.05.28."},"content":{"rendered":"<p>Id\u0151pont: 2025.05.28. (szerda) 10-15 \u00f3r\u00e1ig<\/p>\r\n<p style=\"font-weight: 400;\">Erre az alkalomra minden olyan kedves partner\u00fcnket \u00e9s leend\u0151 partner\u00fcnket v\u00e1rjuk, akik m\u00e1r dolgoznak vagy terveznek dolgozni a Cremia Professional term\u00e9kekkel.<\/p>\r\n<p style=\"font-weight: 400;\">Hozd el kozmetikus ismer\u0151s\u00f6det \u00e9s mindkett\u0151t\u00f6ket megaj\u00e1nd\u00e9kozunk 2 000 Ft kedvezm\u00e9nnyel a tanfolyam \u00e1r\u00e1b\u00f3l. Ebben az esetben h\u00edvj minket (<u>+36 20 474 5214<\/u>) \u00e9s emailben k\u00fcldj\u00fck az \u00e1tutal\u00e1sos sz\u00e1ml\u00e1t, mellyel rendezhetitek a rendezv\u00e9ny d\u00edj\u00e1t.<\/p>\r\n<p style=\"font-weight: 400;\">Minden r\u00e9sztvev\u0151 n\u00e9vre sz\u00f3l\u00f3 oklevelet is kap.<\/p>\r\n<p style=\"font-weight: 400;\">A rendezv\u00e9ny ideje alatt\u00a0k\u00e1v\u00e9val, te\u00e1val, \u00fcdit\u0151kkel, gy\u00fcm\u00f6lcs\u00f6kkel \u00e9s finoms\u00e1gokkal v\u00e1runk!<\/p>\r\n<p style=\"font-weight: 400;\">Helysz\u00edn: Cremia No. 1. Shop \u00e9s Tr\u00e9ning K\u00f6zpont<\/p>\r\n<p style=\"font-weight: 400;\">C\u00edm: 2040 Buda\u00f6rs, Budapesti \u00fat 85.<\/p>\r\n<p style=\"font-weight: 400;\">(Parkol\u00e1si lehet\u0151s\u00e9g az \u00e9p\u00fclet el\u0151tt, t\u00f6megk\u00f6zleked\u00e9ssel \u00e9rkez\u0151knek aut\u00f3busz meg\u00e1ll\u00f3 Tulip\u00e1n utca: Sz\u00e9ll K\u00e1lm\u00e1n t\u00e9rr\u0151l 140, 140A, M\u00f3ricz Zsigmond k\u00f6rt\u00e9rr\u0151l 240 busz)<\/p>\r\n<p>Mivel sokmindennel k\u00e9sz\u00fcl\u00fcnk, k\u00e9r\u00fcnk amennyiben m\u00e9gsem tudsz elj\u00f6nni, egy h\u00e9ttel kor\u00e1bban jelezd fel\u00e9nk \u00e9s vagy visszaadjuk a tanfolyam \u00e1r\u00e1t, vagy keres\u00fcnk egy legk\u00f6zelebbi alkalmat, amire el tudsz j\u00f6nni. Amennyiben nem jelzed fel\u00e9nk a lemond\u00e1st egy h\u00e9ten bel\u00fcl, abban az esetben sajnos nem biztos\u00edtott a tanfolyam \u00e1r\u00e1nak visszautal\u00e1sa. Meg\u00e9rt\u00e9sedet k\u00f6sz\u00f6nj\u00fck!<\/p><p>&nbsp;<\/p>","protected":false},"excerpt":{"rendered":"<p style=\"font-weight: 400; text-align: left;\">Alaptanfolyamunkon bevezet\u00fcnk a nat\u00farkozmetikumok hat\u00f3anyagainak rejtelmeibe, megismerheted a teljes term\u00e9kpalett\u00e1nkat \u00e9s lelkes csapatunkat.<\/p>\n<p style=\"font-weight: 400; text-align: left;\">Finom illat\u00fa kozmetikumainkat kipr\u00f3b\u00e1lhatod \u00e9s kedvezm\u00e9nyesen ak\u00e1r meg is v\u00e1s\u00e1rolhatod a nap folyam\u00e1n.<\/p>\n<p style=\"font-weight: 400;\">R\u00e9szletes program:<\/p>\n<ul>\n<li style=\"font-weight: 400;\">Cremia bemutatkoz\u00e1s, term\u00e9kfejleszt\u00e9si kulisszatitkok, \u00e9rdekess\u00e9gek a felhaszn\u00e1lt alapanyagokr\u00f3l<\/li>\n<li style=\"font-weight: 400;\">A lakoss\u00e1gi \u00e9s a professzion\u00e1lis term\u00e9kek ismertet\u00e9se<\/li>\n<li style=\"font-weight: 400;\">Cremia Professional Anti Aging \/ Lifting kezel\u00e9s bemutat\u00e1sa modellen, tapasztalatcsere, k\u00e9rd\u00e9sek-v\u00e1laszok<\/li>\n<\/ul>\n","protected":false},"featured_media":36639,"comment_status":"closed","ping_status":"closed","template":"","meta":[],"product_brand":[],"product_cat":[915],"product_tag":[],"class_list":{"0":"post-36642","1":"product","2":"type-product","3":"status-publish","4":"has-post-thumbnail","6":"product_cat-rendezveny","8":"first","9":"instock","10":"sold-individually","11":"taxable","12":"shipping-taxable","13":"product-type-simple"},"bundled_by":[],"bundle_stock_status":"instock","bundle_stock_quantity":null,"bundle_virtual":false,"bundle_layout":"","bundle_add_to_cart_form_location":"","bundle_editable_in_cart":false,"bundle_sold_individually_context":"","bundle_item_grouping":"","bundle_min_size":"","bundle_max_size":"","bundle_price":[],"bundled_items":[],"bundle_sell_ids":[],"yoast_head":"<!-- This site is optimized with the Yoast SEO Premium plugin v24.9 (Yoast SEO v24.9) - https:\/\/yoast.com\/wordpress\/plugins\/seo\/ -->\n<title>Regisztr\u00e1ci\u00f3s k\u00e1rtya - Alaptanfolyam 2025.05.28. - Cremia Cosmetics<\/title>\n<meta name=\"robots\" content=\"index, follow, max-snippet:-1, max-image-preview:large, max-video-preview:-1\" \/>\n<link rel=\"canonical\" href=\"https:\/\/staging.cremiacosmetics.com\/osszes-termek\/alaptanfolyam-0528\/\" \/>\n<meta property=\"og:locale\" content=\"en_US\" \/>\n<meta property=\"og:type\" content=\"article\" \/>\n<meta property=\"og:title\" content=\"Regisztr\u00e1ci\u00f3s k\u00e1rtya - Alaptanfolyam 2025.05.28.\" \/>\n<meta property=\"og:description\" content=\"Alaptanfolyamunkon bevezet\u00fcnk a nat\u00farkozmetikumok hat\u00f3anyagainak rejtelmeibe, megismerheted a teljes term\u00e9kpalett\u00e1nkat \u00e9s lelkes csapatunkat. Finom illat\u00fa kozmetikumainkat kipr\u00f3b\u00e1lhatod \u00e9s kedvezm\u00e9nyesen ak\u00e1r meg is v\u00e1s\u00e1rolhatod a nap folyam\u00e1n. R\u00e9szletes program:  Cremia bemutatkoz\u00e1s, term\u00e9kfejleszt\u00e9si kulisszatitkok, \u00e9rdekess\u00e9gek a felhaszn\u00e1lt alapanyagokr\u00f3l A lakoss\u00e1gi \u00e9s a professzion\u00e1lis term\u00e9kek ismertet\u00e9se Cremia Professional Anti Aging \/ Lifting kezel\u00e9s bemutat\u00e1sa modellen, tapasztalatcsere, k\u00e9rd\u00e9sek-v\u00e1laszok\" \/>\n<meta property=\"og:url\" content=\"https:\/\/staging.cremiacosmetics.com\/osszes-termek\/alaptanfolyam-0528\/\" \/>\n<meta property=\"og:site_name\" content=\"Cremia Cosmetics\" \/>\n<meta property=\"article:publisher\" content=\"https:\/\/www.facebook.com\/cremiacosmetics\" \/>\n<meta property=\"article:modified_time\" content=\"2025-03-17T11:25:54+00:00\" \/>\n<meta property=\"og:image\" content=\"https:\/\/staging.cremiacosmetics.com\/wp-content\/uploads\/2025\/03\/Cremia-alaptanfolyam.jpg\" \/>\n\t<meta property=\"og:image:width\" content=\"800\" \/>\n\t<meta property=\"og:image:height\" content=\"800\" \/>\n\t<meta property=\"og:image:type\" content=\"image\/jpeg\" \/>\n<meta name=\"twitter:card\" content=\"summary_large_image\" \/>\n<meta name=\"twitter:label1\" content=\"Price\" \/>\n\t<meta name=\"twitter:data1\" content=\"10 000&nbsp;&#070;&#116;\" \/>\n\t<meta name=\"twitter:label2\" content=\"Availability\" \/>\n\t<meta name=\"twitter:data2\" content=\"In stock\" \/>\n<script type=\"application\/ld+json\" class=\"yoast-schema-graph\">{\"@context\":\"https:\/\/schema.org\",\"@graph\":[{\"@type\":\"WebPage\",\"@id\":\"https:\/\/staging.cremiacosmetics.com\/osszes-termek\/alaptanfolyam-0528\/\",\"url\":\"https:\/\/staging.cremiacosmetics.com\/osszes-termek\/alaptanfolyam-0528\/\",\"name\":\"Regisztr\u00e1ci\u00f3s k\u00e1rtya - Alaptanfolyam 2025.05.28. - Cremia Cosmetics\",\"isPartOf\":{\"@id\":\"https:\/\/staging.cremiacosmetics.com\/#website\"},\"primaryImageOfPage\":{\"@id\":\"https:\/\/staging.cremiacosmetics.com\/osszes-termek\/alaptanfolyam-0528\/#primaryimage\"},\"image\":{\"@id\":\"https:\/\/staging.cremiacosmetics.com\/osszes-termek\/alaptanfolyam-0528\/#primaryimage\"},\"thumbnailUrl\":\"https:\/\/staging.cremiacosmetics.com\/wp-content\/uploads\/2025\/03\/Cremia-alaptanfolyam.jpg\",\"datePublished\":\"2025-03-17T11:24:21+00:00\",\"dateModified\":\"2025-03-17T11:25:54+00:00\",\"breadcrumb\":{\"@id\":\"https:\/\/staging.cremiacosmetics.com\/osszes-termek\/alaptanfolyam-0528\/#breadcrumb\"},\"inLanguage\":\"en-US\",\"potentialAction\":[{\"@type\":\"ReadAction\",\"target\":[\"https:\/\/staging.cremiacosmetics.com\/osszes-termek\/alaptanfolyam-0528\/\"]}]},{\"@type\":\"ImageObject\",\"inLanguage\":\"en-US\",\"@id\":\"https:\/\/staging.cremiacosmetics.com\/osszes-termek\/alaptanfolyam-0528\/#primaryimage\",\"url\":\"https:\/\/staging.cremiacosmetics.com\/wp-content\/uploads\/2025\/03\/Cremia-alaptanfolyam.jpg\",\"contentUrl\":\"https:\/\/staging.cremiacosmetics.com\/wp-content\/uploads\/2025\/03\/Cremia-alaptanfolyam.jpg\",\"width\":800,\"height\":800},{\"@type\":\"BreadcrumbList\",\"@id\":\"https:\/\/staging.cremiacosmetics.com\/osszes-termek\/alaptanfolyam-0528\/#breadcrumb\",\"itemListElement\":[{\"@type\":\"ListItem\",\"position\":1,\"name\":\"Kezd\u0151lap\",\"item\":\"https:\/\/staging.cremiacosmetics.com\/\"},{\"@type\":\"ListItem\",\"position\":2,\"name\":\"\u00d6sszes term\u00e9k\",\"item\":\"https:\/\/staging.cremiacosmetics.com\/?page_id=15931\"},{\"@type\":\"ListItem\",\"position\":3,\"name\":\"Regisztr\u00e1ci\u00f3s k\u00e1rtya &#8211; Alaptanfolyam 2025.05.28.\"}]},{\"@type\":\"WebSite\",\"@id\":\"https:\/\/staging.cremiacosmetics.com\/#website\",\"url\":\"https:\/\/staging.cremiacosmetics.com\/\",\"name\":\"Cremia Cosmetics\",\"description\":\"Nature-powered beauty\",\"publisher\":{\"@id\":\"https:\/\/staging.cremiacosmetics.com\/#organization\"},\"potentialAction\":[{\"@type\":\"SearchAction\",\"target\":{\"@type\":\"EntryPoint\",\"urlTemplate\":\"https:\/\/staging.cremiacosmetics.com\/?s={search_term_string}\"},\"query-input\":{\"@type\":\"PropertyValueSpecification\",\"valueRequired\":true,\"valueName\":\"search_term_string\"}}],\"inLanguage\":\"en-US\"},{\"@type\":\"Organization\",\"@id\":\"https:\/\/staging.cremiacosmetics.com\/#organization\",\"name\":\"Cremia Cosmetics\",\"url\":\"https:\/\/staging.cremiacosmetics.com\/\",\"logo\":{\"@type\":\"ImageObject\",\"inLanguage\":\"en-US\",\"@id\":\"https:\/\/staging.cremiacosmetics.com\/#\/schema\/logo\/image\/\",\"url\":\"https:\/\/staging.cremiacosmetics.com\/wp-content\/uploads\/2024\/03\/Cremia-logo-15x15mm.svg\",\"contentUrl\":\"https:\/\/staging.cremiacosmetics.com\/wp-content\/uploads\/2024\/03\/Cremia-logo-15x15mm.svg\",\"width\":42,\"height\":42,\"caption\":\"Cremia Cosmetics\"},\"image\":{\"@id\":\"https:\/\/staging.cremiacosmetics.com\/#\/schema\/logo\/image\/\"},\"sameAs\":[\"https:\/\/www.facebook.com\/cremiacosmetics\",\"https:\/\/www.instagram.com\/cremiacosmetics\/\"]}]}<\/script>\n<meta property=\"product:price:amount\" content=\"10000\" \/>\n<meta property=\"product:price:currency\" content=\"HUF\" \/>\n<meta property=\"og:availability\" content=\"instock\" \/>\n<meta property=\"product:availability\" content=\"instock\" \/>\n<meta property=\"product:retailer_item_id\" content=\"C-AT-005-1-1\" \/>\n<meta property=\"product:condition\" content=\"new\" \/>\n<!-- \/ Yoast SEO Premium plugin. -->","yoast_head_json":{"title":"Regisztr\u00e1ci\u00f3s k\u00e1rtya - Alaptanfolyam 2025.05.28. - Cremia Cosmetics","robots":{"index":"index","follow":"follow","max-snippet":"max-snippet:-1","max-image-preview":"max-image-preview:large","max-video-preview":"max-video-preview:-1"},"canonical":"https:\/\/staging.cremiacosmetics.com\/osszes-termek\/alaptanfolyam-0528\/","og_locale":"en_US","og_type":"article","og_title":"Regisztr\u00e1ci\u00f3s k\u00e1rtya - Alaptanfolyam 2025.05.28.","og_description":"Alaptanfolyamunkon bevezet\u00fcnk a nat\u00farkozmetikumok hat\u00f3anyagainak rejtelmeibe, megismerheted a teljes term\u00e9kpalett\u00e1nkat \u00e9s lelkes csapatunkat. Finom illat\u00fa kozmetikumainkat kipr\u00f3b\u00e1lhatod \u00e9s kedvezm\u00e9nyesen ak\u00e1r meg is v\u00e1s\u00e1rolhatod a nap folyam\u00e1n. R\u00e9szletes program:  Cremia bemutatkoz\u00e1s, term\u00e9kfejleszt\u00e9si kulisszatitkok, \u00e9rdekess\u00e9gek a felhaszn\u00e1lt alapanyagokr\u00f3l A lakoss\u00e1gi \u00e9s a professzion\u00e1lis term\u00e9kek ismertet\u00e9se Cremia Professional Anti Aging \/ Lifting kezel\u00e9s bemutat\u00e1sa modellen, tapasztalatcsere, k\u00e9rd\u00e9sek-v\u00e1laszok","og_url":"https:\/\/staging.cremiacosmetics.com\/osszes-termek\/alaptanfolyam-0528\/","og_site_name":"Cremia Cosmetics","article_publisher":"https:\/\/www.facebook.com\/cremiacosmetics","article_modified_time":"2025-03-17T11:25:54+00:00","og_image":[{"width":800,"height":800,"url":"https:\/\/staging.cremiacosmetics.com\/wp-content\/uploads\/2025\/03\/Cremia-alaptanfolyam.jpg","type":"image\/jpeg"}],"twitter_card":"summary_large_image","twitter_misc":{"Price":"10 000&nbsp;&#70;&#116;","Availability":"In stock"},"schema":{"@context":"https:\/\/schema.org","@graph":[{"@type":"WebPage","@id":"https:\/\/staging.cremiacosmetics.com\/osszes-termek\/alaptanfolyam-0528\/","url":"https:\/\/staging.cremiacosmetics.com\/osszes-termek\/alaptanfolyam-0528\/","name":"Regisztr\u00e1ci\u00f3s k\u00e1rtya - Alaptanfolyam 2025.05.28. - Cremia Cosmetics","isPartOf":{"@id":"https:\/\/staging.cremiacosmetics.com\/#website"},"primaryImageOfPage":{"@id":"https:\/\/staging.cremiacosmetics.com\/osszes-termek\/alaptanfolyam-0528\/#primaryimage"},"image":{"@id":"https:\/\/staging.cremiacosmetics.com\/osszes-termek\/alaptanfolyam-0528\/#primaryimage"},"thumbnailUrl":"https:\/\/staging.cremiacosmetics.com\/wp-content\/uploads\/2025\/03\/Cremia-alaptanfolyam.jpg","datePublished":"2025-03-17T11:24:21+00:00","dateModified":"2025-03-17T11:25:54+00:00","breadcrumb":{"@id":"https:\/\/staging.cremiacosmetics.com\/osszes-termek\/alaptanfolyam-0528\/#breadcrumb"},"inLanguage":"en-US","potentialAction":[{"@type":"ReadAction","target":["https:\/\/staging.cremiacosmetics.com\/osszes-termek\/alaptanfolyam-0528\/"]}]},{"@type":"ImageObject","inLanguage":"en-US","@id":"https:\/\/staging.cremiacosmetics.com\/osszes-termek\/alaptanfolyam-0528\/#primaryimage","url":"https:\/\/staging.cremiacosmetics.com\/wp-content\/uploads\/2025\/03\/Cremia-alaptanfolyam.jpg","contentUrl":"https:\/\/staging.cremiacosmetics.com\/wp-content\/uploads\/2025\/03\/Cremia-alaptanfolyam.jpg","width":800,"height":800},{"@type":"BreadcrumbList","@id":"https:\/\/staging.cremiacosmetics.com\/osszes-termek\/alaptanfolyam-0528\/#breadcrumb","itemListElement":[{"@type":"ListItem","position":1,"name":"Kezd\u0151lap","item":"https:\/\/staging.cremiacosmetics.com\/"},{"@type":"ListItem","position":2,"name":"\u00d6sszes term\u00e9k","item":"https:\/\/staging.cremiacosmetics.com\/?page_id=15931"},{"@type":"ListItem","position":3,"name":"Regisztr\u00e1ci\u00f3s k\u00e1rtya &#8211; Alaptanfolyam 2025.05.28."}]},{"@type":"WebSite","@id":"https:\/\/staging.cremiacosmetics.com\/#website","url":"https:\/\/staging.cremiacosmetics.com\/","name":"Cremia Cosmetics","description":"Nature-powered beauty","publisher":{"@id":"https:\/\/staging.cremiacosmetics.com\/#organization"},"potentialAction":[{"@type":"SearchAction","target":{"@type":"EntryPoint","urlTemplate":"https:\/\/staging.cremiacosmetics.com\/?s={search_term_string}"},"query-input":{"@type":"PropertyValueSpecification","valueRequired":true,"valueName":"search_term_string"}}],"inLanguage":"en-US"},{"@type":"Organization","@id":"https:\/\/staging.cremiacosmetics.com\/#organization","name":"Cremia Cosmetics","url":"https:\/\/staging.cremiacosmetics.com\/","logo":{"@type":"ImageObject","inLanguage":"en-US","@id":"https:\/\/staging.cremiacosmetics.com\/#\/schema\/logo\/image\/","url":"https:\/\/staging.cremiacosmetics.com\/wp-content\/uploads\/2024\/03\/Cremia-logo-15x15mm.svg","contentUrl":"https:\/\/staging.cremiacosmetics.com\/wp-content\/uploads\/2024\/03\/Cremia-logo-15x15mm.svg","width":42,"height":42,"caption":"Cremia Cosmetics"},"image":{"@id":"https:\/\/staging.cremiacosmetics.com\/#\/schema\/logo\/image\/"},"sameAs":["https:\/\/www.facebook.com\/cremiacosmetics","https:\/\/www.instagram.com\/cremiacosmetics\/"]}]},"product_price_amount":"10000","product_price_currency":"HUF","og_availability":"instock","product_availability":"instock","product_retailer_item_id":"C-AT-005-1-1","product_condition":"new"},"_links":{"self":[{"href":"https:\/\/staging.cremiacosmetics.com\/index.php?rest_route=\/wp\/v2\/product\/36642","targetHints":{"allow":["GET"]}}],"collection":[{"href":"https:\/\/staging.cremiacosmetics.com\/index.php?rest_route=\/wp\/v2\/product"}],"about":[{"href":"https:\/\/staging.cremiacosmetics.com\/index.php?rest_route=\/wp\/v2\/types\/product"}],"replies":[{"embeddable":true,"href":"https:\/\/staging.cremiacosmetics.com\/index.php?rest_route=%2Fwp%2Fv2%2Fcomments&post=36642"}],"version-history":[{"count":1,"href":"https:\/\/staging.cremiacosmetics.com\/index.php?rest_route=\/wp\/v2\/product\/36642\/revisions"}],"predecessor-version":[{"id":36643,"href":"https:\/\/staging.cremiacosmetics.com\/index.php?rest_route=\/wp\/v2\/product\/36642\/revisions\/36643"}],"wp:featuredmedia":[{"embeddable":true,"href":"https:\/\/staging.cremiacosmetics.com\/index.php?rest_route=\/wp\/v2\/media\/36639"}],"wp:attachment":[{"href":"https:\/\/staging.cremiacosmetics.com\/index.php?rest_route=%2Fwp%2Fv2%2Fmedia&parent=36642"}],"wp:term":[{"taxonomy":"product_brand","embeddable":true,"href":"https:\/\/staging.cremiacosmetics.com\/index.php?rest_route=%2Fwp%2Fv2%2Fproduct_brand&post=36642"},{"taxonomy":"product_cat","embeddable":true,"href":"https:\/\/staging.cremiacosmetics.com\/index.php?rest_route=%2Fwp%2Fv2%2Fproduct_cat&post=36642"},{"taxonomy":"product_tag","embeddable":true,"href":"https:\/\/staging.cremiacosmetics.com\/index.php?rest_route=%2Fwp%2Fv2%2Fproduct_tag&post=36642"}],"curies":[{"name":"wp","href":"https:\/\/api.w.org\/{rel}","templated":true}]}}