{"id":36633,"date":"2025-03-17T12:12:50","date_gmt":"2025-03-17T11:12:50","guid":{"rendered":"https:\/\/staging.cremiacosmetics.com\/?post_type=product&#038;p=36633"},"modified":"2025-03-17T12:17:46","modified_gmt":"2025-03-17T11:17:46","slug":"vizsga-felkeszito-0405","status":"publish","type":"product","link":"https:\/\/staging.cremiacosmetics.com\/?product=vizsga-felkeszito-0405","title":{"rendered":"Regisztr\u00e1ci\u00f3s k\u00e1rtya &#8211; Cremia Vizsga Felk\u00e9sz\u00edt\u0151 Nap kozmetikus tanul\u00f3knak"},"content":{"rendered":"<div>\r\n<p style=\"font-weight: 400;\">2025.04.05. (szombat) 10:00 \u2013 15:00<\/p>\r\n<p style=\"font-weight: 400;\">Erre a napra azokat a hallgat\u00f3kat v\u00e1rjuk, akik a Cremia Professional term\u00e9kekkel szeretn\u00e9nek vizsg\u00e1zni. A nap folyam\u00e1n \u00e9rt\u00e9kes elm\u00e9leti \u00e9s gyakorlati tapasztalatokkal gazdagodhattok. A f\u00e9r\u0151helyek sz\u00e1ma limit\u00e1lt, \u00e9ppen ez\u00e9rt mihamarabb biztos\u00edtsd helyed a regisztr\u00e1ci\u00f3s d\u00edj befizet\u00e9s\u00e9vel.<\/p>\r\n<p style=\"font-weight: 400;\">\u00c1ra:\u00a0<strong>20 000 Ft, melyb\u0151l 5 000 Ft a helysz\u00ednen lev\u00e1s\u00e1rolhat\u00f3.<\/strong><\/p>\r\n<p style=\"font-weight: 400;\">Hozd el kozmetikus hallgat\u00f3 ismer\u0151s\u00f6det \u00e9s mindkett\u0151t\u00f6ket megaj\u00e1nd\u00e9kozunk 2 000 Ft kedvezm\u00e9nnyel a tanfolyam \u00e1r\u00e1b\u00f3l. Ebben az esetben h\u00edvj minket (<u>+36 20 474 5214<\/u>) \u00e9s emailben k\u00fcldj\u00fck az \u00e1tutal\u00e1sos sz\u00e1ml\u00e1t, mellyel rendezhetitek a rendezv\u00e9ny d\u00edj\u00e1t.<\/p>\r\n<p style=\"font-weight: 400;\">A rendezv\u00e9ny ideje alatt\u00a0k\u00e1v\u00e9val, te\u00e1val, \u00fcdit\u0151kkel, gy\u00fcm\u00f6lcs\u00f6kkel \u00e9s finoms\u00e1gokkal v\u00e1runk!<\/p>\r\n<p style=\"font-weight: 400;\">Helysz\u00edn: CREMIA No.1. SHOP<\/p>\r\n<p style=\"font-weight: 400;\">C\u00edm: 2040 Buda\u00f6rs, Budapesti \u00fat 85.<\/p>\r\n\r\n<\/div><!-- \/wp:post-content -->","protected":false},"excerpt":{"rendered":"<p style=\"font-weight: 400;\">K\u00f6sz\u00f6nj\u00fck, hogy a Cremia\u00ae term\u00e9kekkel vizsg\u00e1zol! Szeretn\u00e9nk seg\u00edteni a gyakorlati vizsg\u00e1ra val\u00f3 felk\u00e9sz\u00fcl\u00e9sben, hogy ne csak a vizsg\u00e1n, de a val\u00f3 \u00e9letben kozmetikusk\u00e9nt is biztons\u00e1gosan mozogj!<\/p>\n<p style=\"font-weight: 400;\"><strong>Juh\u00e1sz Kl\u00e1ri<\/strong>\u00a0bronzkoszor\u00fas kozmetikus mestert\u0151l az arcdiagnosztiz\u00e1l\u00e1shoz \u00e9s a kezel\u00e9si terv elk\u00e9sz\u00edt\u00e9s\u00e9hez \u00e9s az INCI t\u00e9mak\u00f6rben kaptok seg\u00edts\u00e9get.<\/p>\n<p style=\"font-weight: 400;\"><strong>Er\u0151ss Anast\u00e1cia<\/strong>\u00a0kozmetikus mestert\u0151l gyakorlati k\u00e9rd\u00e9sekben kaptok seg\u00edts\u00e9get.<\/p>\n<p style=\"font-weight: 400;\"><strong>Dr. Bel\u00e9nyesi L\u00edvi\u00e1t\u00f3l<\/strong>, a Cremia\u00ae tulajdonos\u00e1t\u00f3l \u00e9s a term\u00e9kek fejleszt\u0151j\u00e9t\u00f3l pedig term\u00e9kspecifikus ismereteket kaptok ezen a napon.<\/p>\n","protected":false},"featured_media":36634,"comment_status":"closed","ping_status":"closed","template":"","meta":[],"product_brand":[],"product_cat":[915],"product_tag":[],"class_list":{"0":"post-36633","1":"product","2":"type-product","3":"status-publish","4":"has-post-thumbnail","6":"product_cat-rendezveny","8":"first","9":"instock","10":"sold-individually","11":"taxable","12":"shipping-taxable","13":"product-type-simple"},"bundled_by":[],"bundle_stock_status":"instock","bundle_stock_quantity":null,"bundle_virtual":false,"bundle_layout":"","bundle_add_to_cart_form_location":"","bundle_editable_in_cart":false,"bundle_sold_individually_context":"","bundle_item_grouping":"","bundle_min_size":"","bundle_max_size":"","bundle_price":[],"bundled_items":[],"bundle_sell_ids":[],"yoast_head":"<!-- This site is optimized with the Yoast SEO Premium plugin v24.9 (Yoast SEO v24.9) - https:\/\/yoast.com\/wordpress\/plugins\/seo\/ -->\n<title>Regisztr\u00e1ci\u00f3s k\u00e1rtya - Cremia Vizsga Felk\u00e9sz\u00edt\u0151 Nap kozmetikus tanul\u00f3knak - Cremia Cosmetics<\/title>\n<meta name=\"robots\" content=\"index, follow, max-snippet:-1, max-image-preview:large, max-video-preview:-1\" \/>\n<link rel=\"canonical\" href=\"https:\/\/staging.cremiacosmetics.com\/osszes-termek\/vizsga-felkeszito-0405\/\" \/>\n<meta property=\"og:locale\" content=\"en_US\" \/>\n<meta property=\"og:type\" content=\"article\" \/>\n<meta property=\"og:title\" content=\"Regisztr\u00e1ci\u00f3s k\u00e1rtya - Cremia Vizsga Felk\u00e9sz\u00edt\u0151 Nap kozmetikus tanul\u00f3knak\" \/>\n<meta property=\"og:description\" content=\"K\u00f6sz\u00f6nj\u00fck, hogy a Cremia\u00ae term\u00e9kekkel vizsg\u00e1zol! Szeretn\u00e9nk seg\u00edteni a gyakorlati vizsg\u00e1ra val\u00f3 felk\u00e9sz\u00fcl\u00e9sben, hogy ne csak a vizsg\u00e1n, de a val\u00f3 \u00e9letben kozmetikusk\u00e9nt is biztons\u00e1gosan mozogj! Juh\u00e1sz Kl\u00e1ri\u00a0bronzkoszor\u00fas kozmetikus mestert\u0151l az arcdiagnosztiz\u00e1l\u00e1shoz \u00e9s a kezel\u00e9si terv elk\u00e9sz\u00edt\u00e9s\u00e9hez \u00e9s az INCI t\u00e9mak\u00f6rben kaptok seg\u00edts\u00e9get. Er\u0151ss Anast\u00e1cia\u00a0kozmetikus mestert\u0151l gyakorlati k\u00e9rd\u00e9sekben kaptok seg\u00edts\u00e9get. Dr. Bel\u00e9nyesi L\u00edvi\u00e1t\u00f3l, a Cremia\u00ae tulajdonos\u00e1t\u00f3l \u00e9s a term\u00e9kek fejleszt\u0151j\u00e9t\u00f3l pedig term\u00e9kspecifikus ismereteket kaptok ezen a napon.\" \/>\n<meta property=\"og:url\" content=\"https:\/\/staging.cremiacosmetics.com\/osszes-termek\/vizsga-felkeszito-0405\/\" \/>\n<meta property=\"og:site_name\" content=\"Cremia Cosmetics\" \/>\n<meta property=\"article:publisher\" content=\"https:\/\/www.facebook.com\/cremiacosmetics\" \/>\n<meta property=\"article:modified_time\" content=\"2025-03-17T11:17:46+00:00\" \/>\n<meta property=\"og:image\" content=\"https:\/\/staging.cremiacosmetics.com\/wp-content\/uploads\/2025\/03\/Cremia-vizsga-felkeszito-nap.jpg\" \/>\n\t<meta property=\"og:image:width\" content=\"800\" \/>\n\t<meta property=\"og:image:height\" content=\"800\" \/>\n\t<meta property=\"og:image:type\" content=\"image\/jpeg\" \/>\n<meta name=\"twitter:card\" content=\"summary_large_image\" \/>\n<meta name=\"twitter:label1\" content=\"Price\" \/>\n\t<meta name=\"twitter:data1\" content=\"20 000&nbsp;&#070;&#116;\" \/>\n\t<meta name=\"twitter:label2\" content=\"Availability\" \/>\n\t<meta name=\"twitter:data2\" content=\"In stock\" \/>\n<script type=\"application\/ld+json\" class=\"yoast-schema-graph\">{\"@context\":\"https:\/\/schema.org\",\"@graph\":[{\"@type\":\"WebPage\",\"@id\":\"https:\/\/staging.cremiacosmetics.com\/osszes-termek\/vizsga-felkeszito-0405\/\",\"url\":\"https:\/\/staging.cremiacosmetics.com\/osszes-termek\/vizsga-felkeszito-0405\/\",\"name\":\"Regisztr\u00e1ci\u00f3s k\u00e1rtya - Cremia Vizsga Felk\u00e9sz\u00edt\u0151 Nap kozmetikus tanul\u00f3knak - Cremia Cosmetics\",\"isPartOf\":{\"@id\":\"https:\/\/staging.cremiacosmetics.com\/#website\"},\"primaryImageOfPage\":{\"@id\":\"https:\/\/staging.cremiacosmetics.com\/osszes-termek\/vizsga-felkeszito-0405\/#primaryimage\"},\"image\":{\"@id\":\"https:\/\/staging.cremiacosmetics.com\/osszes-termek\/vizsga-felkeszito-0405\/#primaryimage\"},\"thumbnailUrl\":\"https:\/\/staging.cremiacosmetics.com\/wp-content\/uploads\/2025\/03\/Cremia-vizsga-felkeszito-nap.jpg\",\"datePublished\":\"2025-03-17T11:12:50+00:00\",\"dateModified\":\"2025-03-17T11:17:46+00:00\",\"breadcrumb\":{\"@id\":\"https:\/\/staging.cremiacosmetics.com\/osszes-termek\/vizsga-felkeszito-0405\/#breadcrumb\"},\"inLanguage\":\"en-US\",\"potentialAction\":[{\"@type\":\"ReadAction\",\"target\":[\"https:\/\/staging.cremiacosmetics.com\/osszes-termek\/vizsga-felkeszito-0405\/\"]}]},{\"@type\":\"ImageObject\",\"inLanguage\":\"en-US\",\"@id\":\"https:\/\/staging.cremiacosmetics.com\/osszes-termek\/vizsga-felkeszito-0405\/#primaryimage\",\"url\":\"https:\/\/staging.cremiacosmetics.com\/wp-content\/uploads\/2025\/03\/Cremia-vizsga-felkeszito-nap.jpg\",\"contentUrl\":\"https:\/\/staging.cremiacosmetics.com\/wp-content\/uploads\/2025\/03\/Cremia-vizsga-felkeszito-nap.jpg\",\"width\":800,\"height\":800},{\"@type\":\"BreadcrumbList\",\"@id\":\"https:\/\/staging.cremiacosmetics.com\/osszes-termek\/vizsga-felkeszito-0405\/#breadcrumb\",\"itemListElement\":[{\"@type\":\"ListItem\",\"position\":1,\"name\":\"Kezd\u0151lap\",\"item\":\"https:\/\/staging.cremiacosmetics.com\/\"},{\"@type\":\"ListItem\",\"position\":2,\"name\":\"\u00d6sszes term\u00e9k\",\"item\":\"https:\/\/staging.cremiacosmetics.com\/?page_id=15931\"},{\"@type\":\"ListItem\",\"position\":3,\"name\":\"Regisztr\u00e1ci\u00f3s k\u00e1rtya &#8211; Cremia Vizsga Felk\u00e9sz\u00edt\u0151 Nap kozmetikus tanul\u00f3knak\"}]},{\"@type\":\"WebSite\",\"@id\":\"https:\/\/staging.cremiacosmetics.com\/#website\",\"url\":\"https:\/\/staging.cremiacosmetics.com\/\",\"name\":\"Cremia Cosmetics\",\"description\":\"Nature-powered beauty\",\"publisher\":{\"@id\":\"https:\/\/staging.cremiacosmetics.com\/#organization\"},\"potentialAction\":[{\"@type\":\"SearchAction\",\"target\":{\"@type\":\"EntryPoint\",\"urlTemplate\":\"https:\/\/staging.cremiacosmetics.com\/?s={search_term_string}\"},\"query-input\":{\"@type\":\"PropertyValueSpecification\",\"valueRequired\":true,\"valueName\":\"search_term_string\"}}],\"inLanguage\":\"en-US\"},{\"@type\":\"Organization\",\"@id\":\"https:\/\/staging.cremiacosmetics.com\/#organization\",\"name\":\"Cremia Cosmetics\",\"url\":\"https:\/\/staging.cremiacosmetics.com\/\",\"logo\":{\"@type\":\"ImageObject\",\"inLanguage\":\"en-US\",\"@id\":\"https:\/\/staging.cremiacosmetics.com\/#\/schema\/logo\/image\/\",\"url\":\"https:\/\/staging.cremiacosmetics.com\/wp-content\/uploads\/2024\/03\/Cremia-logo-15x15mm.svg\",\"contentUrl\":\"https:\/\/staging.cremiacosmetics.com\/wp-content\/uploads\/2024\/03\/Cremia-logo-15x15mm.svg\",\"width\":42,\"height\":42,\"caption\":\"Cremia Cosmetics\"},\"image\":{\"@id\":\"https:\/\/staging.cremiacosmetics.com\/#\/schema\/logo\/image\/\"},\"sameAs\":[\"https:\/\/www.facebook.com\/cremiacosmetics\",\"https:\/\/www.instagram.com\/cremiacosmetics\/\"]}]}<\/script>\n<meta property=\"product:price:amount\" content=\"20000\" \/>\n<meta property=\"product:price:currency\" content=\"HUF\" \/>\n<meta property=\"og:availability\" content=\"instock\" \/>\n<meta property=\"product:availability\" content=\"instock\" \/>\n<meta property=\"product:retailer_item_id\" content=\"C-RK-TF-1\" \/>\n<meta property=\"product:condition\" content=\"new\" \/>\n<!-- \/ Yoast SEO Premium plugin. -->","yoast_head_json":{"title":"Regisztr\u00e1ci\u00f3s k\u00e1rtya - Cremia Vizsga Felk\u00e9sz\u00edt\u0151 Nap kozmetikus tanul\u00f3knak - Cremia Cosmetics","robots":{"index":"index","follow":"follow","max-snippet":"max-snippet:-1","max-image-preview":"max-image-preview:large","max-video-preview":"max-video-preview:-1"},"canonical":"https:\/\/staging.cremiacosmetics.com\/osszes-termek\/vizsga-felkeszito-0405\/","og_locale":"en_US","og_type":"article","og_title":"Regisztr\u00e1ci\u00f3s k\u00e1rtya - Cremia Vizsga Felk\u00e9sz\u00edt\u0151 Nap kozmetikus tanul\u00f3knak","og_description":"K\u00f6sz\u00f6nj\u00fck, hogy a Cremia\u00ae term\u00e9kekkel vizsg\u00e1zol! Szeretn\u00e9nk seg\u00edteni a gyakorlati vizsg\u00e1ra val\u00f3 felk\u00e9sz\u00fcl\u00e9sben, hogy ne csak a vizsg\u00e1n, de a val\u00f3 \u00e9letben kozmetikusk\u00e9nt is biztons\u00e1gosan mozogj! Juh\u00e1sz Kl\u00e1ri\u00a0bronzkoszor\u00fas kozmetikus mestert\u0151l az arcdiagnosztiz\u00e1l\u00e1shoz \u00e9s a kezel\u00e9si terv elk\u00e9sz\u00edt\u00e9s\u00e9hez \u00e9s az INCI t\u00e9mak\u00f6rben kaptok seg\u00edts\u00e9get. Er\u0151ss Anast\u00e1cia\u00a0kozmetikus mestert\u0151l gyakorlati k\u00e9rd\u00e9sekben kaptok seg\u00edts\u00e9get. Dr. Bel\u00e9nyesi L\u00edvi\u00e1t\u00f3l, a Cremia\u00ae tulajdonos\u00e1t\u00f3l \u00e9s a term\u00e9kek fejleszt\u0151j\u00e9t\u00f3l pedig term\u00e9kspecifikus ismereteket kaptok ezen a napon.","og_url":"https:\/\/staging.cremiacosmetics.com\/osszes-termek\/vizsga-felkeszito-0405\/","og_site_name":"Cremia Cosmetics","article_publisher":"https:\/\/www.facebook.com\/cremiacosmetics","article_modified_time":"2025-03-17T11:17:46+00:00","og_image":[{"width":800,"height":800,"url":"https:\/\/staging.cremiacosmetics.com\/wp-content\/uploads\/2025\/03\/Cremia-vizsga-felkeszito-nap.jpg","type":"image\/jpeg"}],"twitter_card":"summary_large_image","twitter_misc":{"Price":"20 000&nbsp;&#70;&#116;","Availability":"In stock"},"schema":{"@context":"https:\/\/schema.org","@graph":[{"@type":"WebPage","@id":"https:\/\/staging.cremiacosmetics.com\/osszes-termek\/vizsga-felkeszito-0405\/","url":"https:\/\/staging.cremiacosmetics.com\/osszes-termek\/vizsga-felkeszito-0405\/","name":"Regisztr\u00e1ci\u00f3s k\u00e1rtya - Cremia Vizsga Felk\u00e9sz\u00edt\u0151 Nap kozmetikus tanul\u00f3knak - Cremia Cosmetics","isPartOf":{"@id":"https:\/\/staging.cremiacosmetics.com\/#website"},"primaryImageOfPage":{"@id":"https:\/\/staging.cremiacosmetics.com\/osszes-termek\/vizsga-felkeszito-0405\/#primaryimage"},"image":{"@id":"https:\/\/staging.cremiacosmetics.com\/osszes-termek\/vizsga-felkeszito-0405\/#primaryimage"},"thumbnailUrl":"https:\/\/staging.cremiacosmetics.com\/wp-content\/uploads\/2025\/03\/Cremia-vizsga-felkeszito-nap.jpg","datePublished":"2025-03-17T11:12:50+00:00","dateModified":"2025-03-17T11:17:46+00:00","breadcrumb":{"@id":"https:\/\/staging.cremiacosmetics.com\/osszes-termek\/vizsga-felkeszito-0405\/#breadcrumb"},"inLanguage":"en-US","potentialAction":[{"@type":"ReadAction","target":["https:\/\/staging.cremiacosmetics.com\/osszes-termek\/vizsga-felkeszito-0405\/"]}]},{"@type":"ImageObject","inLanguage":"en-US","@id":"https:\/\/staging.cremiacosmetics.com\/osszes-termek\/vizsga-felkeszito-0405\/#primaryimage","url":"https:\/\/staging.cremiacosmetics.com\/wp-content\/uploads\/2025\/03\/Cremia-vizsga-felkeszito-nap.jpg","contentUrl":"https:\/\/staging.cremiacosmetics.com\/wp-content\/uploads\/2025\/03\/Cremia-vizsga-felkeszito-nap.jpg","width":800,"height":800},{"@type":"BreadcrumbList","@id":"https:\/\/staging.cremiacosmetics.com\/osszes-termek\/vizsga-felkeszito-0405\/#breadcrumb","itemListElement":[{"@type":"ListItem","position":1,"name":"Kezd\u0151lap","item":"https:\/\/staging.cremiacosmetics.com\/"},{"@type":"ListItem","position":2,"name":"\u00d6sszes term\u00e9k","item":"https:\/\/staging.cremiacosmetics.com\/?page_id=15931"},{"@type":"ListItem","position":3,"name":"Regisztr\u00e1ci\u00f3s k\u00e1rtya &#8211; Cremia Vizsga Felk\u00e9sz\u00edt\u0151 Nap kozmetikus tanul\u00f3knak"}]},{"@type":"WebSite","@id":"https:\/\/staging.cremiacosmetics.com\/#website","url":"https:\/\/staging.cremiacosmetics.com\/","name":"Cremia Cosmetics","description":"Nature-powered beauty","publisher":{"@id":"https:\/\/staging.cremiacosmetics.com\/#organization"},"potentialAction":[{"@type":"SearchAction","target":{"@type":"EntryPoint","urlTemplate":"https:\/\/staging.cremiacosmetics.com\/?s={search_term_string}"},"query-input":{"@type":"PropertyValueSpecification","valueRequired":true,"valueName":"search_term_string"}}],"inLanguage":"en-US"},{"@type":"Organization","@id":"https:\/\/staging.cremiacosmetics.com\/#organization","name":"Cremia Cosmetics","url":"https:\/\/staging.cremiacosmetics.com\/","logo":{"@type":"ImageObject","inLanguage":"en-US","@id":"https:\/\/staging.cremiacosmetics.com\/#\/schema\/logo\/image\/","url":"https:\/\/staging.cremiacosmetics.com\/wp-content\/uploads\/2024\/03\/Cremia-logo-15x15mm.svg","contentUrl":"https:\/\/staging.cremiacosmetics.com\/wp-content\/uploads\/2024\/03\/Cremia-logo-15x15mm.svg","width":42,"height":42,"caption":"Cremia Cosmetics"},"image":{"@id":"https:\/\/staging.cremiacosmetics.com\/#\/schema\/logo\/image\/"},"sameAs":["https:\/\/www.facebook.com\/cremiacosmetics","https:\/\/www.instagram.com\/cremiacosmetics\/"]}]},"product_price_amount":"20000","product_price_currency":"HUF","og_availability":"instock","product_availability":"instock","product_retailer_item_id":"C-RK-TF-1","product_condition":"new"},"_links":{"self":[{"href":"https:\/\/staging.cremiacosmetics.com\/index.php?rest_route=\/wp\/v2\/product\/36633","targetHints":{"allow":["GET"]}}],"collection":[{"href":"https:\/\/staging.cremiacosmetics.com\/index.php?rest_route=\/wp\/v2\/product"}],"about":[{"href":"https:\/\/staging.cremiacosmetics.com\/index.php?rest_route=\/wp\/v2\/types\/product"}],"replies":[{"embeddable":true,"href":"https:\/\/staging.cremiacosmetics.com\/index.php?rest_route=%2Fwp%2Fv2%2Fcomments&post=36633"}],"version-history":[{"count":3,"href":"https:\/\/staging.cremiacosmetics.com\/index.php?rest_route=\/wp\/v2\/product\/36633\/revisions"}],"predecessor-version":[{"id":36637,"href":"https:\/\/staging.cremiacosmetics.com\/index.php?rest_route=\/wp\/v2\/product\/36633\/revisions\/36637"}],"wp:featuredmedia":[{"embeddable":true,"href":"https:\/\/staging.cremiacosmetics.com\/index.php?rest_route=\/wp\/v2\/media\/36634"}],"wp:attachment":[{"href":"https:\/\/staging.cremiacosmetics.com\/index.php?rest_route=%2Fwp%2Fv2%2Fmedia&parent=36633"}],"wp:term":[{"taxonomy":"product_brand","embeddable":true,"href":"https:\/\/staging.cremiacosmetics.com\/index.php?rest_route=%2Fwp%2Fv2%2Fproduct_brand&post=36633"},{"taxonomy":"product_cat","embeddable":true,"href":"https:\/\/staging.cremiacosmetics.com\/index.php?rest_route=%2Fwp%2Fv2%2Fproduct_cat&post=36633"},{"taxonomy":"product_tag","embeddable":true,"href":"https:\/\/staging.cremiacosmetics.com\/index.php?rest_route=%2Fwp%2Fv2%2Fproduct_tag&post=36633"}],"curies":[{"name":"wp","href":"https:\/\/api.w.org\/{rel}","templated":true}]}}