{"id":36232,"date":"2025-02-13T13:51:53","date_gmt":"2025-02-13T12:51:53","guid":{"rendered":"https:\/\/staging.cremiacosmetics.com\/?post_type=product&#038;p=36232"},"modified":"2025-04-17T09:41:17","modified_gmt":"2025-04-17T07:41:17","slug":"mixit-workshop-0618","status":"publish","type":"product","link":"https:\/\/staging.cremiacosmetics.com\/?product=mixit-workshop-0618","title":{"rendered":"Regisztr\u00e1ci\u00f3s k\u00e1rtya &#8211; Mixit keverj\u00fcnk-kavarjunk szakmai nap \u00e9s worksop 2025.06.18."},"content":{"rendered":"<div>\r\n<p style=\"font-weight: 400;\">2025.06.18. (szerda) 10:00 \u2013 15:00<\/p>\r\n<p style=\"font-weight: 400;\">Erre az alkalomra minden olyan kedves partner\u00fcnket \u00e9s leend\u0151 partner\u00fcnket v\u00e1rjuk, akik m\u00e1r dolgoznak vagy terveznek dolgozni a Cremia Professional term\u00e9kekkel.<\/p>\r\n<p style=\"font-weight: 400;\">Hozd el kozmetikus ismer\u0151s\u00f6det \u00e9s mindkett\u0151t\u00f6ket megaj\u00e1nd\u00e9kozunk 2000 Ft kedvezm\u00e9nnyel a tanfolyam \u00e1r\u00e1b\u00f3l. Ebben az esetben h\u00edvj minket (<u>+36 20 474 5214<\/u>) \u00e9s emailben k\u00fcldj\u00fck az \u00e1tutal\u00e1sos sz\u00e1ml\u00e1t, mellyel rendezhetitek a rendezv\u00e9ny d\u00edj\u00e1t.<\/p>\r\n<p style=\"font-weight: 400;\">A rendezv\u00e9ny ideje alatt\u00a0k\u00e1v\u00e9val, te\u00e1val, \u00fcdit\u0151kkel, gy\u00fcm\u00f6lcs\u00f6kkel \u00e9s finoms\u00e1gokkal v\u00e1runk!<\/p>\r\n<p style=\"font-weight: 400;\">Helysz\u00edn: CREMIA No.1. SHOP<\/p>\r\n<p style=\"font-weight: 400;\">C\u00edm: 2040 Buda\u00f6rs, Budapesti \u00fat 85.<\/p>\r\n\r\n<\/div><!-- \/wp:post-content -->","protected":false},"excerpt":{"rendered":"<p style=\"font-weight: 400;\">Ismerd meg a Mixit kreat\u00edv pakol\u00e1srendszer\u00fcnkben rejl\u0151 szem\u00e9lyre szabhat\u00f3 lehet\u0151s\u00e9geket! Ha m\u00e1r haszn\u00e1lod a t\u00e1pl\u00e1l\u00f3 pakol\u00e1s l\u00e9p\u00e9s\u00e9hez a Mixit term\u00e9keinket, akkor ismer\u0151s, hogy minden b\u0151rt\u00edpusra tudsz bel\u00f6l\u00fck izgalmas \u00f6sszet\u00e9tel\u0171 kr\u00e9mpakol\u00e1st k\u00e9sz\u00edteni szem\u00e9lyre szabottan. Ha esetleg m\u00e9g nem dolgozol vel\u00fck, akkor itt a remek lehet\u0151s\u00e9g kipr\u00f3b\u00e1lni! A szakmai napunk els\u0151sorban a kreativit\u00e1sra \u00e9p\u00fcl, lehet\u0151s\u00e9ged lesz egyedi kompoz\u00edci\u00f3kat \u00f6ssze\u00e1ll\u00edtani \u00e9s r\u00e9szletesen besz\u00e9l\u00fcnk majd arr\u00f3l, hpgy milyen b\u0151r\u00e1llapotra milyen mixet aj\u00e1nlunk. Ez a term\u00e9kcsal\u00e1d k\u00fcl\u00f6neges abb\u00f3l a szempontb\u00f3l is, hogy nagyon sok ismeretet adhatsz \u00e1t a vend\u00e9gednek, am\u00edg kikevered a pakol\u00e1st. A szakmai fejl\u0151d\u00e9shez szeretn\u00e9nk r\u00e9szletes, izgalmas alapanyagismeretet \u00e1tadni interakt\u00edv workshop form\u00e1ban.<\/p>\n","protected":false},"featured_media":36887,"comment_status":"closed","ping_status":"closed","template":"","meta":[],"product_brand":[],"product_cat":[915],"product_tag":[],"class_list":{"0":"post-36232","1":"product","2":"type-product","3":"status-publish","4":"has-post-thumbnail","6":"product_cat-rendezveny","8":"first","9":"instock","10":"sold-individually","11":"taxable","12":"shipping-taxable","13":"product-type-simple"},"bundled_by":[],"bundle_stock_status":"instock","bundle_stock_quantity":null,"bundle_virtual":false,"bundle_layout":"","bundle_add_to_cart_form_location":"","bundle_editable_in_cart":false,"bundle_sold_individually_context":"","bundle_item_grouping":"","bundle_min_size":"","bundle_max_size":"","bundle_price":[],"bundled_items":[],"bundle_sell_ids":[],"yoast_head":"<!-- This site is optimized with the Yoast SEO Premium plugin v24.9 (Yoast SEO v24.9) - https:\/\/yoast.com\/wordpress\/plugins\/seo\/ -->\n<title>Regisztr\u00e1ci\u00f3s k\u00e1rtya - Mixit keverj\u00fcnk-kavarjunk szakmai nap \u00e9s worksop 2025.06.18. - Cremia Cosmetics<\/title>\n<meta name=\"robots\" content=\"index, follow, max-snippet:-1, max-image-preview:large, max-video-preview:-1\" \/>\n<link rel=\"canonical\" href=\"https:\/\/staging.cremiacosmetics.com\/osszes-termek\/mixit-workshop-0618\/\" \/>\n<meta property=\"og:locale\" content=\"en_US\" \/>\n<meta property=\"og:type\" content=\"article\" \/>\n<meta property=\"og:title\" content=\"Regisztr\u00e1ci\u00f3s k\u00e1rtya - Mixit keverj\u00fcnk-kavarjunk szakmai nap \u00e9s worksop 2025.06.18.\" \/>\n<meta property=\"og:description\" content=\"Ismerd meg a Mixit kreat\u00edv pakol\u00e1srendszer\u00fcnkben rejl\u0151 szem\u00e9lyre szabhat\u00f3 lehet\u0151s\u00e9geket! Ha m\u00e1r haszn\u00e1lod a t\u00e1pl\u00e1l\u00f3 pakol\u00e1s l\u00e9p\u00e9s\u00e9hez a Mixit term\u00e9keinket, akkor ismer\u0151s, hogy minden b\u0151rt\u00edpusra tudsz bel\u00f6l\u00fck izgalmas \u00f6sszet\u00e9tel\u0171 kr\u00e9mpakol\u00e1st k\u00e9sz\u00edteni szem\u00e9lyre szabottan. Ha esetleg m\u00e9g nem dolgozol vel\u00fck, akkor itt a remek lehet\u0151s\u00e9g kipr\u00f3b\u00e1lni! A szakmai napunk els\u0151sorban a kreativit\u00e1sra \u00e9p\u00fcl, lehet\u0151s\u00e9ged lesz egyedi kompoz\u00edci\u00f3kat \u00f6ssze\u00e1ll\u00edtani \u00e9s r\u00e9szletesen besz\u00e9l\u00fcnk majd arr\u00f3l, hpgy milyen b\u0151r\u00e1llapotra milyen mixet aj\u00e1nlunk. Ez a term\u00e9kcsal\u00e1d k\u00fcl\u00f6neges abb\u00f3l a szempontb\u00f3l is, hogy nagyon sok ismeretet adhatsz \u00e1t a vend\u00e9gednek, am\u00edg kikevered a pakol\u00e1st. A szakmai fejl\u0151d\u00e9shez szeretn\u00e9nk r\u00e9szletes, izgalmas alapanyagismeretet \u00e1tadni interakt\u00edv workshop form\u00e1ban.\" \/>\n<meta property=\"og:url\" content=\"https:\/\/staging.cremiacosmetics.com\/osszes-termek\/mixit-workshop-0618\/\" \/>\n<meta property=\"og:site_name\" content=\"Cremia Cosmetics\" \/>\n<meta property=\"article:publisher\" content=\"https:\/\/www.facebook.com\/cremiacosmetics\" \/>\n<meta property=\"article:modified_time\" content=\"2025-04-17T07:41:17+00:00\" \/>\n<meta property=\"og:image\" content=\"https:\/\/staging.cremiacosmetics.com\/wp-content\/uploads\/2025\/02\/Mixit-workshop-1.jpg\" \/>\n\t<meta property=\"og:image:width\" content=\"800\" \/>\n\t<meta property=\"og:image:height\" content=\"800\" \/>\n\t<meta property=\"og:image:type\" content=\"image\/jpeg\" \/>\n<meta name=\"twitter:card\" content=\"summary_large_image\" \/>\n<meta name=\"twitter:label1\" content=\"Price\" \/>\n\t<meta name=\"twitter:data1\" content=\"20 000&nbsp;&#070;&#116;\" \/>\n\t<meta name=\"twitter:label2\" content=\"Availability\" \/>\n\t<meta name=\"twitter:data2\" content=\"In stock\" \/>\n<script type=\"application\/ld+json\" class=\"yoast-schema-graph\">{\"@context\":\"https:\/\/schema.org\",\"@graph\":[{\"@type\":\"WebPage\",\"@id\":\"https:\/\/staging.cremiacosmetics.com\/osszes-termek\/mixit-workshop-0618\/\",\"url\":\"https:\/\/staging.cremiacosmetics.com\/osszes-termek\/mixit-workshop-0618\/\",\"name\":\"Regisztr\u00e1ci\u00f3s k\u00e1rtya - Mixit keverj\u00fcnk-kavarjunk szakmai nap \u00e9s worksop 2025.06.18. - Cremia Cosmetics\",\"isPartOf\":{\"@id\":\"https:\/\/staging.cremiacosmetics.com\/#website\"},\"primaryImageOfPage\":{\"@id\":\"https:\/\/staging.cremiacosmetics.com\/osszes-termek\/mixit-workshop-0618\/#primaryimage\"},\"image\":{\"@id\":\"https:\/\/staging.cremiacosmetics.com\/osszes-termek\/mixit-workshop-0618\/#primaryimage\"},\"thumbnailUrl\":\"https:\/\/staging.cremiacosmetics.com\/wp-content\/uploads\/2025\/02\/Mixit-workshop-1.jpg\",\"datePublished\":\"2025-02-13T12:51:53+00:00\",\"dateModified\":\"2025-04-17T07:41:17+00:00\",\"breadcrumb\":{\"@id\":\"https:\/\/staging.cremiacosmetics.com\/osszes-termek\/mixit-workshop-0618\/#breadcrumb\"},\"inLanguage\":\"en-US\",\"potentialAction\":[{\"@type\":\"ReadAction\",\"target\":[\"https:\/\/staging.cremiacosmetics.com\/osszes-termek\/mixit-workshop-0618\/\"]}]},{\"@type\":\"ImageObject\",\"inLanguage\":\"en-US\",\"@id\":\"https:\/\/staging.cremiacosmetics.com\/osszes-termek\/mixit-workshop-0618\/#primaryimage\",\"url\":\"https:\/\/staging.cremiacosmetics.com\/wp-content\/uploads\/2025\/02\/Mixit-workshop-1.jpg\",\"contentUrl\":\"https:\/\/staging.cremiacosmetics.com\/wp-content\/uploads\/2025\/02\/Mixit-workshop-1.jpg\",\"width\":800,\"height\":800},{\"@type\":\"BreadcrumbList\",\"@id\":\"https:\/\/staging.cremiacosmetics.com\/osszes-termek\/mixit-workshop-0618\/#breadcrumb\",\"itemListElement\":[{\"@type\":\"ListItem\",\"position\":1,\"name\":\"Kezd\u0151lap\",\"item\":\"https:\/\/staging.cremiacosmetics.com\/\"},{\"@type\":\"ListItem\",\"position\":2,\"name\":\"\u00d6sszes term\u00e9k\",\"item\":\"https:\/\/staging.cremiacosmetics.com\/?page_id=15931\"},{\"@type\":\"ListItem\",\"position\":3,\"name\":\"Regisztr\u00e1ci\u00f3s k\u00e1rtya &#8211; Mixit keverj\u00fcnk-kavarjunk szakmai nap \u00e9s worksop 2025.06.18.\"}]},{\"@type\":\"WebSite\",\"@id\":\"https:\/\/staging.cremiacosmetics.com\/#website\",\"url\":\"https:\/\/staging.cremiacosmetics.com\/\",\"name\":\"Cremia Cosmetics\",\"description\":\"Nature-powered beauty\",\"publisher\":{\"@id\":\"https:\/\/staging.cremiacosmetics.com\/#organization\"},\"potentialAction\":[{\"@type\":\"SearchAction\",\"target\":{\"@type\":\"EntryPoint\",\"urlTemplate\":\"https:\/\/staging.cremiacosmetics.com\/?s={search_term_string}\"},\"query-input\":{\"@type\":\"PropertyValueSpecification\",\"valueRequired\":true,\"valueName\":\"search_term_string\"}}],\"inLanguage\":\"en-US\"},{\"@type\":\"Organization\",\"@id\":\"https:\/\/staging.cremiacosmetics.com\/#organization\",\"name\":\"Cremia Cosmetics\",\"url\":\"https:\/\/staging.cremiacosmetics.com\/\",\"logo\":{\"@type\":\"ImageObject\",\"inLanguage\":\"en-US\",\"@id\":\"https:\/\/staging.cremiacosmetics.com\/#\/schema\/logo\/image\/\",\"url\":\"https:\/\/staging.cremiacosmetics.com\/wp-content\/uploads\/2024\/03\/Cremia-logo-15x15mm.svg\",\"contentUrl\":\"https:\/\/staging.cremiacosmetics.com\/wp-content\/uploads\/2024\/03\/Cremia-logo-15x15mm.svg\",\"width\":42,\"height\":42,\"caption\":\"Cremia Cosmetics\"},\"image\":{\"@id\":\"https:\/\/staging.cremiacosmetics.com\/#\/schema\/logo\/image\/\"},\"sameAs\":[\"https:\/\/www.facebook.com\/cremiacosmetics\",\"https:\/\/www.instagram.com\/cremiacosmetics\/\"]}]}<\/script>\n<meta property=\"product:price:amount\" content=\"20000\" \/>\n<meta property=\"product:price:currency\" content=\"HUF\" \/>\n<meta property=\"og:availability\" content=\"instock\" \/>\n<meta property=\"product:availability\" content=\"instock\" \/>\n<meta property=\"product:retailer_item_id\" content=\"C-RK-MW-001\" \/>\n<meta property=\"product:condition\" content=\"new\" \/>\n<!-- \/ Yoast SEO Premium plugin. -->","yoast_head_json":{"title":"Regisztr\u00e1ci\u00f3s k\u00e1rtya - Mixit keverj\u00fcnk-kavarjunk szakmai nap \u00e9s worksop 2025.06.18. - Cremia Cosmetics","robots":{"index":"index","follow":"follow","max-snippet":"max-snippet:-1","max-image-preview":"max-image-preview:large","max-video-preview":"max-video-preview:-1"},"canonical":"https:\/\/staging.cremiacosmetics.com\/osszes-termek\/mixit-workshop-0618\/","og_locale":"en_US","og_type":"article","og_title":"Regisztr\u00e1ci\u00f3s k\u00e1rtya - Mixit keverj\u00fcnk-kavarjunk szakmai nap \u00e9s worksop 2025.06.18.","og_description":"Ismerd meg a Mixit kreat\u00edv pakol\u00e1srendszer\u00fcnkben rejl\u0151 szem\u00e9lyre szabhat\u00f3 lehet\u0151s\u00e9geket! Ha m\u00e1r haszn\u00e1lod a t\u00e1pl\u00e1l\u00f3 pakol\u00e1s l\u00e9p\u00e9s\u00e9hez a Mixit term\u00e9keinket, akkor ismer\u0151s, hogy minden b\u0151rt\u00edpusra tudsz bel\u00f6l\u00fck izgalmas \u00f6sszet\u00e9tel\u0171 kr\u00e9mpakol\u00e1st k\u00e9sz\u00edteni szem\u00e9lyre szabottan. Ha esetleg m\u00e9g nem dolgozol vel\u00fck, akkor itt a remek lehet\u0151s\u00e9g kipr\u00f3b\u00e1lni! A szakmai napunk els\u0151sorban a kreativit\u00e1sra \u00e9p\u00fcl, lehet\u0151s\u00e9ged lesz egyedi kompoz\u00edci\u00f3kat \u00f6ssze\u00e1ll\u00edtani \u00e9s r\u00e9szletesen besz\u00e9l\u00fcnk majd arr\u00f3l, hpgy milyen b\u0151r\u00e1llapotra milyen mixet aj\u00e1nlunk. Ez a term\u00e9kcsal\u00e1d k\u00fcl\u00f6neges abb\u00f3l a szempontb\u00f3l is, hogy nagyon sok ismeretet adhatsz \u00e1t a vend\u00e9gednek, am\u00edg kikevered a pakol\u00e1st. A szakmai fejl\u0151d\u00e9shez szeretn\u00e9nk r\u00e9szletes, izgalmas alapanyagismeretet \u00e1tadni interakt\u00edv workshop form\u00e1ban.","og_url":"https:\/\/staging.cremiacosmetics.com\/osszes-termek\/mixit-workshop-0618\/","og_site_name":"Cremia Cosmetics","article_publisher":"https:\/\/www.facebook.com\/cremiacosmetics","article_modified_time":"2025-04-17T07:41:17+00:00","og_image":[{"width":800,"height":800,"url":"https:\/\/staging.cremiacosmetics.com\/wp-content\/uploads\/2025\/02\/Mixit-workshop-1.jpg","type":"image\/jpeg"}],"twitter_card":"summary_large_image","twitter_misc":{"Price":"20 000&nbsp;&#70;&#116;","Availability":"In stock"},"schema":{"@context":"https:\/\/schema.org","@graph":[{"@type":"WebPage","@id":"https:\/\/staging.cremiacosmetics.com\/osszes-termek\/mixit-workshop-0618\/","url":"https:\/\/staging.cremiacosmetics.com\/osszes-termek\/mixit-workshop-0618\/","name":"Regisztr\u00e1ci\u00f3s k\u00e1rtya - Mixit keverj\u00fcnk-kavarjunk szakmai nap \u00e9s worksop 2025.06.18. - Cremia Cosmetics","isPartOf":{"@id":"https:\/\/staging.cremiacosmetics.com\/#website"},"primaryImageOfPage":{"@id":"https:\/\/staging.cremiacosmetics.com\/osszes-termek\/mixit-workshop-0618\/#primaryimage"},"image":{"@id":"https:\/\/staging.cremiacosmetics.com\/osszes-termek\/mixit-workshop-0618\/#primaryimage"},"thumbnailUrl":"https:\/\/staging.cremiacosmetics.com\/wp-content\/uploads\/2025\/02\/Mixit-workshop-1.jpg","datePublished":"2025-02-13T12:51:53+00:00","dateModified":"2025-04-17T07:41:17+00:00","breadcrumb":{"@id":"https:\/\/staging.cremiacosmetics.com\/osszes-termek\/mixit-workshop-0618\/#breadcrumb"},"inLanguage":"en-US","potentialAction":[{"@type":"ReadAction","target":["https:\/\/staging.cremiacosmetics.com\/osszes-termek\/mixit-workshop-0618\/"]}]},{"@type":"ImageObject","inLanguage":"en-US","@id":"https:\/\/staging.cremiacosmetics.com\/osszes-termek\/mixit-workshop-0618\/#primaryimage","url":"https:\/\/staging.cremiacosmetics.com\/wp-content\/uploads\/2025\/02\/Mixit-workshop-1.jpg","contentUrl":"https:\/\/staging.cremiacosmetics.com\/wp-content\/uploads\/2025\/02\/Mixit-workshop-1.jpg","width":800,"height":800},{"@type":"BreadcrumbList","@id":"https:\/\/staging.cremiacosmetics.com\/osszes-termek\/mixit-workshop-0618\/#breadcrumb","itemListElement":[{"@type":"ListItem","position":1,"name":"Kezd\u0151lap","item":"https:\/\/staging.cremiacosmetics.com\/"},{"@type":"ListItem","position":2,"name":"\u00d6sszes term\u00e9k","item":"https:\/\/staging.cremiacosmetics.com\/?page_id=15931"},{"@type":"ListItem","position":3,"name":"Regisztr\u00e1ci\u00f3s k\u00e1rtya &#8211; Mixit keverj\u00fcnk-kavarjunk szakmai nap \u00e9s worksop 2025.06.18."}]},{"@type":"WebSite","@id":"https:\/\/staging.cremiacosmetics.com\/#website","url":"https:\/\/staging.cremiacosmetics.com\/","name":"Cremia Cosmetics","description":"Nature-powered beauty","publisher":{"@id":"https:\/\/staging.cremiacosmetics.com\/#organization"},"potentialAction":[{"@type":"SearchAction","target":{"@type":"EntryPoint","urlTemplate":"https:\/\/staging.cremiacosmetics.com\/?s={search_term_string}"},"query-input":{"@type":"PropertyValueSpecification","valueRequired":true,"valueName":"search_term_string"}}],"inLanguage":"en-US"},{"@type":"Organization","@id":"https:\/\/staging.cremiacosmetics.com\/#organization","name":"Cremia Cosmetics","url":"https:\/\/staging.cremiacosmetics.com\/","logo":{"@type":"ImageObject","inLanguage":"en-US","@id":"https:\/\/staging.cremiacosmetics.com\/#\/schema\/logo\/image\/","url":"https:\/\/staging.cremiacosmetics.com\/wp-content\/uploads\/2024\/03\/Cremia-logo-15x15mm.svg","contentUrl":"https:\/\/staging.cremiacosmetics.com\/wp-content\/uploads\/2024\/03\/Cremia-logo-15x15mm.svg","width":42,"height":42,"caption":"Cremia Cosmetics"},"image":{"@id":"https:\/\/staging.cremiacosmetics.com\/#\/schema\/logo\/image\/"},"sameAs":["https:\/\/www.facebook.com\/cremiacosmetics","https:\/\/www.instagram.com\/cremiacosmetics\/"]}]},"product_price_amount":"20000","product_price_currency":"HUF","og_availability":"instock","product_availability":"instock","product_retailer_item_id":"C-RK-MW-001","product_condition":"new"},"_links":{"self":[{"href":"https:\/\/staging.cremiacosmetics.com\/index.php?rest_route=\/wp\/v2\/product\/36232","targetHints":{"allow":["GET"]}}],"collection":[{"href":"https:\/\/staging.cremiacosmetics.com\/index.php?rest_route=\/wp\/v2\/product"}],"about":[{"href":"https:\/\/staging.cremiacosmetics.com\/index.php?rest_route=\/wp\/v2\/types\/product"}],"replies":[{"embeddable":true,"href":"https:\/\/staging.cremiacosmetics.com\/index.php?rest_route=%2Fwp%2Fv2%2Fcomments&post=36232"}],"version-history":[{"count":4,"href":"https:\/\/staging.cremiacosmetics.com\/index.php?rest_route=\/wp\/v2\/product\/36232\/revisions"}],"predecessor-version":[{"id":36888,"href":"https:\/\/staging.cremiacosmetics.com\/index.php?rest_route=\/wp\/v2\/product\/36232\/revisions\/36888"}],"wp:featuredmedia":[{"embeddable":true,"href":"https:\/\/staging.cremiacosmetics.com\/index.php?rest_route=\/wp\/v2\/media\/36887"}],"wp:attachment":[{"href":"https:\/\/staging.cremiacosmetics.com\/index.php?rest_route=%2Fwp%2Fv2%2Fmedia&parent=36232"}],"wp:term":[{"taxonomy":"product_brand","embeddable":true,"href":"https:\/\/staging.cremiacosmetics.com\/index.php?rest_route=%2Fwp%2Fv2%2Fproduct_brand&post=36232"},{"taxonomy":"product_cat","embeddable":true,"href":"https:\/\/staging.cremiacosmetics.com\/index.php?rest_route=%2Fwp%2Fv2%2Fproduct_cat&post=36232"},{"taxonomy":"product_tag","embeddable":true,"href":"https:\/\/staging.cremiacosmetics.com\/index.php?rest_route=%2Fwp%2Fv2%2Fproduct_tag&post=36232"}],"curies":[{"name":"wp","href":"https:\/\/api.w.org\/{rel}","templated":true}]}}