{"id":36026,"date":"2025-01-09T11:21:37","date_gmt":"2025-01-09T10:21:37","guid":{"rendered":"https:\/\/staging.cremiacosmetics.com\/?post_type=product&#038;p=36026"},"modified":"2025-03-27T15:46:21","modified_gmt":"2025-03-27T14:46:21","slug":"rosa-milk","status":"publish","type":"product","link":"https:\/\/staging.cremiacosmetics.com\/?product=rosa-milk","title":{"rendered":"Rosa Milk Professional 300ml"},"content":{"rendered":"<p>F\u0151 hat\u00f3anyagai:<\/p>\n<ul>\n<li>Frakcion\u00e1lt k\u00f3kuszolaj: b\u0151rpuh\u00edt\u00f3 hat\u00e1s<\/li>\n<li>Cukortenzid: gyeng\u00e9d tiszt\u00edt\u00f3 hat\u00e1s<\/li>\n<li>Couperine: \u00e9rfaler\u0151s\u00edt\u0151, b\u0151rnyugtat\u00f3 hat\u00e1s<\/li>\n<li>Damaszkuszi r\u00f3zsav\u00edz: hidrat\u00e1l\u00f3 hat\u00e1s<\/li>\n<li>Glicerin: b\u0151rpuh\u00edt\u00f3 hat\u00e1s<\/li>\n<li>Urea: b\u0151rpuh\u00edt\u00f3 hat\u00e1s<\/li>\n<\/ul>\n<p><strong>Alkalmaz\u00e1sa:<\/strong> egy pump\u00e1l\u00e1snyi arctejet oszlass el sim\u00edt\u00f3 massz\u00edroz\u00f3 k\u00e9zmozdulatokkal az arc \u00e9s dekolt\u00e1zs<br \/>\nter\u00fclet\u00e9n, majd langyos v\u00edzzel mosd le.<\/p>\n<p>Gentle, rose-scented facial cleansing milk, which, thanks to its caring ingredients,<br \/>\nmoisturizes and softens the skin, preparing the active ingredient intake in the following phases. The content of Couperine has a strengthening effect on blood vessel walls, which makes it suitable for the care of rosacea skin.<\/p>\n<p><strong>Use:<\/strong> apply a pump of facial milk with massaging movements on the face and d\u00e9colletage, then wash it off with water.<\/p>\n","protected":false},"excerpt":{"rendered":"<p>A <strong>ROSA<\/strong> term\u00e9kcsal\u00e1d hidrat\u00e1l\u00f3, gyullad\u00e1scs\u00f6kkent\u0151 \u00e9s b\u0151rpuh\u00edt\u00f3 arctej eleme. A roz\u00e1ce\u00e1s \u00e9s \u00e9rz\u00e9keny b\u0151r letiszt\u00edt\u00e1s\u00e1ra szolg\u00e1l, mely a cukortenzidnek k\u00f6sz\u00f6nhet\u0151en hat\u00e9konyan, de gyeng\u00e9den tiszt\u00edtja a b\u0151rt. A b\u0151r letiszt\u00edt\u00e1sa ut\u00e1n azonnal \u00e9rezhet\u0151 \u00e9s l\u00e1that\u00f3 a b\u0151rpuh\u00edt\u00f3 hat\u00e1sa, mely \u00e1pol\u00f3 \u00f6sszetev\u0151inek k\u00f6sz\u00f6nhet\u0151. A b\u0151rbar\u00e1t glicerin \u00e9s urea gyorsan hidrat\u00e1lja, puh\u00edtja a b\u0151rt, ezzel el\u0151k\u00e9sz\u00edtve a k\u00f6vetkez\u0151 f\u00e1zisokban t\u00f6rt\u00e9n\u0151 hat\u00f3anyagbevitelt. Enyhe r\u00f3zs\u00e1s illat\u00e1t\u00a0 a damaszkuszi r\u00f3zsav\u00edznek \u00e9s a r\u00f3zsafa ill\u00f3olajnak k\u00f6sz\u00f6nheti. A benne l\u00e9v\u0151 innovat\u00edv n\u00f6v\u00e9nyi kivonat, a Couperine a letiszt\u00edt\u00e1s ideje alatt m\u00e1r a legels\u0151 l\u00e9p\u00e9sn\u00e9l kezd hatni a roz\u00e1cea ellen, az \u00e9rfalak er\u0151s\u00edt\u00e9s\u00e9vel.<\/p>\n<p>\u00c1ll\u00edtsd \u00f6ssze a roz\u00e1ce\u00e1s b\u0151r\u0171 vend\u00e9geidre szabott kezel\u00e9si tervet a\u00a0<strong>Rosa sorozat<\/strong>\u00a0elemeib\u0151l:<\/p>\n<p><a href=\"https:\/\/staging.cremiacosmetics.com\/osszes-termek\/rosa-milk\/\">Rosa Milk<\/a><\/p>\n<p><a href=\"https:\/\/staging.cremiacosmetics.com\/osszes-termek\/rosa-tonic-professional\/\">Rosa Tonic<\/a><\/p>\n<p><a href=\"https:\/\/staging.cremiacosmetics.com\/osszes-termek\/rosa-serum-professional\/\">Rosa Serum<\/a><\/p>\n<p><a href=\"https:\/\/staging.cremiacosmetics.com\/osszes-termek\/mixit-rosa\/\">Mixit Rosa por<\/a><\/p>\n<p><a href=\"https:\/\/staging.cremiacosmetics.com\/osszes-termek\/mixit-aloe-arnica\/\">Mixit Aloe-Arnica olaj<\/a><\/p>\n<p>Otthoni \u00e1pol\u00e1sra aj\u00e1nljuk az \u00e9vek \u00f3ta j\u00f3l bev\u00e1lt a\u00a0<a href=\"https:\/\/staging.cremiacosmetics.com\/osszes-termek\/rosa-serum-30ml\/\">Rosa Serum<\/a>\u00a0\u00e9s a\u00a0<a href=\"https:\/\/staging.cremiacosmetics.com\/osszes-termek\/rosa-cream\/\">Rosa Cream\u00a0<\/a>kombin\u00e1ci\u00f3t.<\/p>\n","protected":false},"featured_media":35970,"comment_status":"open","ping_status":"closed","template":"","meta":[],"product_brand":[],"product_cat":[868,887],"product_tag":[],"class_list":{"0":"post-36026","1":"product","2":"type-product","3":"status-publish","4":"has-post-thumbnail","6":"product_cat-letisztitas","7":"product_cat-professional","9":"first","10":"instock","11":"taxable","12":"shipping-taxable","13":"product-type-simple"},"bundled_by":[],"bundle_stock_status":"instock","bundle_stock_quantity":null,"bundle_virtual":false,"bundle_layout":"","bundle_add_to_cart_form_location":"","bundle_editable_in_cart":false,"bundle_sold_individually_context":"","bundle_item_grouping":"","bundle_min_size":"","bundle_max_size":"","bundle_price":[],"bundled_items":[],"bundle_sell_ids":[],"yoast_head":"<!-- This site is optimized with the Yoast SEO Premium plugin v24.9 (Yoast SEO v24.9) - https:\/\/yoast.com\/wordpress\/plugins\/seo\/ -->\n<title>Rosa Milk Professional 300ml - Cremia Cosmetics<\/title>\n<meta name=\"robots\" content=\"index, follow, max-snippet:-1, max-image-preview:large, max-video-preview:-1\" \/>\n<link rel=\"canonical\" href=\"https:\/\/staging.cremiacosmetics.com\/osszes-termek\/rosa-milk\/\" \/>\n<meta property=\"og:locale\" content=\"en_US\" \/>\n<meta property=\"og:type\" content=\"article\" \/>\n<meta property=\"og:title\" content=\"Rosa Milk Professional 300ml\" \/>\n<meta property=\"og:description\" content=\"A ROSA term\u00e9kcsal\u00e1d hidrat\u00e1l\u00f3, gyullad\u00e1scs\u00f6kkent\u0151 \u00e9s b\u0151rpuh\u00edt\u00f3 arctej eleme. A roz\u00e1ce\u00e1s \u00e9s \u00e9rz\u00e9keny b\u0151r letiszt\u00edt\u00e1s\u00e1ra szolg\u00e1l, mely a cukortenzidnek k\u00f6sz\u00f6nhet\u0151en hat\u00e9konyan, de gyeng\u00e9den tiszt\u00edtja a b\u0151rt. A b\u0151r letiszt\u00edt\u00e1sa ut\u00e1n azonnal \u00e9rezhet\u0151 \u00e9s l\u00e1that\u00f3 a b\u0151rpuh\u00edt\u00f3 hat\u00e1sa, mely \u00e1pol\u00f3 \u00f6sszetev\u0151inek k\u00f6sz\u00f6nhet\u0151. A b\u0151rbar\u00e1t glicerin \u00e9s urea gyorsan hidrat\u00e1lja, puh\u00edtja a b\u0151rt, ezzel el\u0151k\u00e9sz\u00edtve a k\u00f6vetkez\u0151 f\u00e1zisokban t\u00f6rt\u00e9n\u0151 hat\u00f3anyagbevitelt. Enyhe r\u00f3zs\u00e1s illat\u00e1t\u00a0 a damaszkuszi r\u00f3zsav\u00edznek \u00e9s a r\u00f3zsafa ill\u00f3olajnak k\u00f6sz\u00f6nheti. A benne l\u00e9v\u0151 innovat\u00edv n\u00f6v\u00e9nyi kivonat, a Couperine a letiszt\u00edt\u00e1s ideje alatt m\u00e1r a legels\u0151 l\u00e9p\u00e9sn\u00e9l kezd hatni a roz\u00e1cea ellen, az \u00e9rfalak er\u0151s\u00edt\u00e9s\u00e9vel.  \u00c1ll\u00edtsd \u00f6ssze a roz\u00e1ce\u00e1s b\u0151r\u0171 vend\u00e9geidre szabott kezel\u00e9si tervet a\u00a0Rosa sorozat\u00a0elemeib\u0151l:  Rosa Milk  Rosa Tonic  Rosa Serum  Mixit Rosa por  Mixit Aloe-Arnica olaj  Otthoni \u00e1pol\u00e1sra aj\u00e1nljuk az \u00e9vek \u00f3ta j\u00f3l bev\u00e1lt a\u00a0Rosa Serum\u00a0\u00e9s a\u00a0Rosa Cream\u00a0kombin\u00e1ci\u00f3t.\" \/>\n<meta property=\"og:url\" content=\"https:\/\/staging.cremiacosmetics.com\/osszes-termek\/rosa-milk\/\" \/>\n<meta property=\"og:site_name\" content=\"Cremia Cosmetics\" \/>\n<meta property=\"article:publisher\" content=\"https:\/\/www.facebook.com\/cremiacosmetics\" \/>\n<meta property=\"article:modified_time\" content=\"2025-03-27T14:46:21+00:00\" \/>\n<meta property=\"og:image\" content=\"https:\/\/staging.cremiacosmetics.com\/wp-content\/uploads\/2025\/01\/rosa-milk.jpg\" \/>\n\t<meta property=\"og:image:width\" content=\"800\" \/>\n\t<meta property=\"og:image:height\" content=\"800\" \/>\n\t<meta property=\"og:image:type\" content=\"image\/jpeg\" \/>\n<meta name=\"twitter:card\" content=\"summary_large_image\" \/>\n<meta name=\"twitter:label1\" content=\"Price\" \/>\n\t<meta name=\"twitter:data1\" content=\"\" \/>\n\t<meta name=\"twitter:label2\" content=\"Availability\" \/>\n\t<meta name=\"twitter:data2\" content=\"In stock\" \/>\n<script type=\"application\/ld+json\" class=\"yoast-schema-graph\">{\"@context\":\"https:\/\/schema.org\",\"@graph\":[{\"@type\":\"WebPage\",\"@id\":\"https:\/\/staging.cremiacosmetics.com\/osszes-termek\/rosa-milk\/\",\"url\":\"https:\/\/staging.cremiacosmetics.com\/osszes-termek\/rosa-milk\/\",\"name\":\"Rosa Milk Professional 300ml - Cremia Cosmetics\",\"isPartOf\":{\"@id\":\"https:\/\/staging.cremiacosmetics.com\/#website\"},\"primaryImageOfPage\":{\"@id\":\"https:\/\/staging.cremiacosmetics.com\/osszes-termek\/rosa-milk\/#primaryimage\"},\"image\":{\"@id\":\"https:\/\/staging.cremiacosmetics.com\/osszes-termek\/rosa-milk\/#primaryimage\"},\"thumbnailUrl\":\"https:\/\/staging.cremiacosmetics.com\/wp-content\/uploads\/2025\/01\/rosa-milk.jpg\",\"datePublished\":\"2025-01-09T10:21:37+00:00\",\"dateModified\":\"2025-03-27T14:46:21+00:00\",\"breadcrumb\":{\"@id\":\"https:\/\/staging.cremiacosmetics.com\/osszes-termek\/rosa-milk\/#breadcrumb\"},\"inLanguage\":\"en-US\",\"potentialAction\":[{\"@type\":\"ReadAction\",\"target\":[\"https:\/\/staging.cremiacosmetics.com\/osszes-termek\/rosa-milk\/\"]}]},{\"@type\":\"ImageObject\",\"inLanguage\":\"en-US\",\"@id\":\"https:\/\/staging.cremiacosmetics.com\/osszes-termek\/rosa-milk\/#primaryimage\",\"url\":\"https:\/\/staging.cremiacosmetics.com\/wp-content\/uploads\/2025\/01\/rosa-milk.jpg\",\"contentUrl\":\"https:\/\/staging.cremiacosmetics.com\/wp-content\/uploads\/2025\/01\/rosa-milk.jpg\",\"width\":800,\"height\":800},{\"@type\":\"BreadcrumbList\",\"@id\":\"https:\/\/staging.cremiacosmetics.com\/osszes-termek\/rosa-milk\/#breadcrumb\",\"itemListElement\":[{\"@type\":\"ListItem\",\"position\":1,\"name\":\"Kezd\u0151lap\",\"item\":\"https:\/\/staging.cremiacosmetics.com\/\"},{\"@type\":\"ListItem\",\"position\":2,\"name\":\"\u00d6sszes term\u00e9k\",\"item\":\"https:\/\/staging.cremiacosmetics.com\/?page_id=15931\"},{\"@type\":\"ListItem\",\"position\":3,\"name\":\"Rosa Milk Professional 300ml\"}]},{\"@type\":\"WebSite\",\"@id\":\"https:\/\/staging.cremiacosmetics.com\/#website\",\"url\":\"https:\/\/staging.cremiacosmetics.com\/\",\"name\":\"Cremia Cosmetics\",\"description\":\"Nature-powered beauty\",\"publisher\":{\"@id\":\"https:\/\/staging.cremiacosmetics.com\/#organization\"},\"potentialAction\":[{\"@type\":\"SearchAction\",\"target\":{\"@type\":\"EntryPoint\",\"urlTemplate\":\"https:\/\/staging.cremiacosmetics.com\/?s={search_term_string}\"},\"query-input\":{\"@type\":\"PropertyValueSpecification\",\"valueRequired\":true,\"valueName\":\"search_term_string\"}}],\"inLanguage\":\"en-US\"},{\"@type\":\"Organization\",\"@id\":\"https:\/\/staging.cremiacosmetics.com\/#organization\",\"name\":\"Cremia Cosmetics\",\"url\":\"https:\/\/staging.cremiacosmetics.com\/\",\"logo\":{\"@type\":\"ImageObject\",\"inLanguage\":\"en-US\",\"@id\":\"https:\/\/staging.cremiacosmetics.com\/#\/schema\/logo\/image\/\",\"url\":\"https:\/\/staging.cremiacosmetics.com\/wp-content\/uploads\/2024\/03\/Cremia-logo-15x15mm.svg\",\"contentUrl\":\"https:\/\/staging.cremiacosmetics.com\/wp-content\/uploads\/2024\/03\/Cremia-logo-15x15mm.svg\",\"width\":42,\"height\":42,\"caption\":\"Cremia Cosmetics\"},\"image\":{\"@id\":\"https:\/\/staging.cremiacosmetics.com\/#\/schema\/logo\/image\/\"},\"sameAs\":[\"https:\/\/www.facebook.com\/cremiacosmetics\",\"https:\/\/www.instagram.com\/cremiacosmetics\/\"]}]}<\/script>\n<meta property=\"product:price:amount\" content=\"0\" \/>\n<meta property=\"product:price:currency\" content=\"HUF\" \/>\n<meta property=\"og:availability\" content=\"instock\" \/>\n<meta property=\"product:availability\" content=\"instock\" \/>\n<meta property=\"product:retailer_item_id\" content=\"C-RMP-HU-300\" \/>\n<meta property=\"product:condition\" content=\"new\" \/>\n<!-- \/ Yoast SEO Premium plugin. -->","yoast_head_json":{"title":"Rosa Milk Professional 300ml - Cremia Cosmetics","robots":{"index":"index","follow":"follow","max-snippet":"max-snippet:-1","max-image-preview":"max-image-preview:large","max-video-preview":"max-video-preview:-1"},"canonical":"https:\/\/staging.cremiacosmetics.com\/osszes-termek\/rosa-milk\/","og_locale":"en_US","og_type":"article","og_title":"Rosa Milk Professional 300ml","og_description":"A ROSA term\u00e9kcsal\u00e1d hidrat\u00e1l\u00f3, gyullad\u00e1scs\u00f6kkent\u0151 \u00e9s b\u0151rpuh\u00edt\u00f3 arctej eleme. A roz\u00e1ce\u00e1s \u00e9s \u00e9rz\u00e9keny b\u0151r letiszt\u00edt\u00e1s\u00e1ra szolg\u00e1l, mely a cukortenzidnek k\u00f6sz\u00f6nhet\u0151en hat\u00e9konyan, de gyeng\u00e9den tiszt\u00edtja a b\u0151rt. A b\u0151r letiszt\u00edt\u00e1sa ut\u00e1n azonnal \u00e9rezhet\u0151 \u00e9s l\u00e1that\u00f3 a b\u0151rpuh\u00edt\u00f3 hat\u00e1sa, mely \u00e1pol\u00f3 \u00f6sszetev\u0151inek k\u00f6sz\u00f6nhet\u0151. A b\u0151rbar\u00e1t glicerin \u00e9s urea gyorsan hidrat\u00e1lja, puh\u00edtja a b\u0151rt, ezzel el\u0151k\u00e9sz\u00edtve a k\u00f6vetkez\u0151 f\u00e1zisokban t\u00f6rt\u00e9n\u0151 hat\u00f3anyagbevitelt. Enyhe r\u00f3zs\u00e1s illat\u00e1t\u00a0 a damaszkuszi r\u00f3zsav\u00edznek \u00e9s a r\u00f3zsafa ill\u00f3olajnak k\u00f6sz\u00f6nheti. A benne l\u00e9v\u0151 innovat\u00edv n\u00f6v\u00e9nyi kivonat, a Couperine a letiszt\u00edt\u00e1s ideje alatt m\u00e1r a legels\u0151 l\u00e9p\u00e9sn\u00e9l kezd hatni a roz\u00e1cea ellen, az \u00e9rfalak er\u0151s\u00edt\u00e9s\u00e9vel.  \u00c1ll\u00edtsd \u00f6ssze a roz\u00e1ce\u00e1s b\u0151r\u0171 vend\u00e9geidre szabott kezel\u00e9si tervet a\u00a0Rosa sorozat\u00a0elemeib\u0151l:  Rosa Milk  Rosa Tonic  Rosa Serum  Mixit Rosa por  Mixit Aloe-Arnica olaj  Otthoni \u00e1pol\u00e1sra aj\u00e1nljuk az \u00e9vek \u00f3ta j\u00f3l bev\u00e1lt a\u00a0Rosa Serum\u00a0\u00e9s a\u00a0Rosa Cream\u00a0kombin\u00e1ci\u00f3t.","og_url":"https:\/\/staging.cremiacosmetics.com\/osszes-termek\/rosa-milk\/","og_site_name":"Cremia Cosmetics","article_publisher":"https:\/\/www.facebook.com\/cremiacosmetics","article_modified_time":"2025-03-27T14:46:21+00:00","og_image":[{"width":800,"height":800,"url":"https:\/\/staging.cremiacosmetics.com\/wp-content\/uploads\/2025\/01\/rosa-milk.jpg","type":"image\/jpeg"}],"twitter_card":"summary_large_image","twitter_misc":{"Price":"","Availability":"In stock"},"schema":{"@context":"https:\/\/schema.org","@graph":[{"@type":"WebPage","@id":"https:\/\/staging.cremiacosmetics.com\/osszes-termek\/rosa-milk\/","url":"https:\/\/staging.cremiacosmetics.com\/osszes-termek\/rosa-milk\/","name":"Rosa Milk Professional 300ml - Cremia Cosmetics","isPartOf":{"@id":"https:\/\/staging.cremiacosmetics.com\/#website"},"primaryImageOfPage":{"@id":"https:\/\/staging.cremiacosmetics.com\/osszes-termek\/rosa-milk\/#primaryimage"},"image":{"@id":"https:\/\/staging.cremiacosmetics.com\/osszes-termek\/rosa-milk\/#primaryimage"},"thumbnailUrl":"https:\/\/staging.cremiacosmetics.com\/wp-content\/uploads\/2025\/01\/rosa-milk.jpg","datePublished":"2025-01-09T10:21:37+00:00","dateModified":"2025-03-27T14:46:21+00:00","breadcrumb":{"@id":"https:\/\/staging.cremiacosmetics.com\/osszes-termek\/rosa-milk\/#breadcrumb"},"inLanguage":"en-US","potentialAction":[{"@type":"ReadAction","target":["https:\/\/staging.cremiacosmetics.com\/osszes-termek\/rosa-milk\/"]}]},{"@type":"ImageObject","inLanguage":"en-US","@id":"https:\/\/staging.cremiacosmetics.com\/osszes-termek\/rosa-milk\/#primaryimage","url":"https:\/\/staging.cremiacosmetics.com\/wp-content\/uploads\/2025\/01\/rosa-milk.jpg","contentUrl":"https:\/\/staging.cremiacosmetics.com\/wp-content\/uploads\/2025\/01\/rosa-milk.jpg","width":800,"height":800},{"@type":"BreadcrumbList","@id":"https:\/\/staging.cremiacosmetics.com\/osszes-termek\/rosa-milk\/#breadcrumb","itemListElement":[{"@type":"ListItem","position":1,"name":"Kezd\u0151lap","item":"https:\/\/staging.cremiacosmetics.com\/"},{"@type":"ListItem","position":2,"name":"\u00d6sszes term\u00e9k","item":"https:\/\/staging.cremiacosmetics.com\/?page_id=15931"},{"@type":"ListItem","position":3,"name":"Rosa Milk Professional 300ml"}]},{"@type":"WebSite","@id":"https:\/\/staging.cremiacosmetics.com\/#website","url":"https:\/\/staging.cremiacosmetics.com\/","name":"Cremia Cosmetics","description":"Nature-powered beauty","publisher":{"@id":"https:\/\/staging.cremiacosmetics.com\/#organization"},"potentialAction":[{"@type":"SearchAction","target":{"@type":"EntryPoint","urlTemplate":"https:\/\/staging.cremiacosmetics.com\/?s={search_term_string}"},"query-input":{"@type":"PropertyValueSpecification","valueRequired":true,"valueName":"search_term_string"}}],"inLanguage":"en-US"},{"@type":"Organization","@id":"https:\/\/staging.cremiacosmetics.com\/#organization","name":"Cremia Cosmetics","url":"https:\/\/staging.cremiacosmetics.com\/","logo":{"@type":"ImageObject","inLanguage":"en-US","@id":"https:\/\/staging.cremiacosmetics.com\/#\/schema\/logo\/image\/","url":"https:\/\/staging.cremiacosmetics.com\/wp-content\/uploads\/2024\/03\/Cremia-logo-15x15mm.svg","contentUrl":"https:\/\/staging.cremiacosmetics.com\/wp-content\/uploads\/2024\/03\/Cremia-logo-15x15mm.svg","width":42,"height":42,"caption":"Cremia Cosmetics"},"image":{"@id":"https:\/\/staging.cremiacosmetics.com\/#\/schema\/logo\/image\/"},"sameAs":["https:\/\/www.facebook.com\/cremiacosmetics","https:\/\/www.instagram.com\/cremiacosmetics\/"]}]},"product_price_currency":"HUF","og_availability":"instock","product_availability":"instock","product_retailer_item_id":"C-RMP-HU-300","product_condition":"new"},"_links":{"self":[{"href":"https:\/\/staging.cremiacosmetics.com\/index.php?rest_route=\/wp\/v2\/product\/36026","targetHints":{"allow":["GET"]}}],"collection":[{"href":"https:\/\/staging.cremiacosmetics.com\/index.php?rest_route=\/wp\/v2\/product"}],"about":[{"href":"https:\/\/staging.cremiacosmetics.com\/index.php?rest_route=\/wp\/v2\/types\/product"}],"replies":[{"embeddable":true,"href":"https:\/\/staging.cremiacosmetics.com\/index.php?rest_route=%2Fwp%2Fv2%2Fcomments&post=36026"}],"version-history":[{"count":10,"href":"https:\/\/staging.cremiacosmetics.com\/index.php?rest_route=\/wp\/v2\/product\/36026\/revisions"}],"predecessor-version":[{"id":36074,"href":"https:\/\/staging.cremiacosmetics.com\/index.php?rest_route=\/wp\/v2\/product\/36026\/revisions\/36074"}],"wp:featuredmedia":[{"embeddable":true,"href":"https:\/\/staging.cremiacosmetics.com\/index.php?rest_route=\/wp\/v2\/media\/35970"}],"wp:attachment":[{"href":"https:\/\/staging.cremiacosmetics.com\/index.php?rest_route=%2Fwp%2Fv2%2Fmedia&parent=36026"}],"wp:term":[{"taxonomy":"product_brand","embeddable":true,"href":"https:\/\/staging.cremiacosmetics.com\/index.php?rest_route=%2Fwp%2Fv2%2Fproduct_brand&post=36026"},{"taxonomy":"product_cat","embeddable":true,"href":"https:\/\/staging.cremiacosmetics.com\/index.php?rest_route=%2Fwp%2Fv2%2Fproduct_cat&post=36026"},{"taxonomy":"product_tag","embeddable":true,"href":"https:\/\/staging.cremiacosmetics.com\/index.php?rest_route=%2Fwp%2Fv2%2Fproduct_tag&post=36026"}],"curies":[{"name":"wp","href":"https:\/\/api.w.org\/{rel}","templated":true}]}}