{"id":36021,"date":"2025-01-09T11:11:04","date_gmt":"2025-01-09T10:11:04","guid":{"rendered":"https:\/\/staging.cremiacosmetics.com\/?post_type=product&#038;p=36021"},"modified":"2025-03-24T10:53:10","modified_gmt":"2025-03-24T09:53:10","slug":"matcha-mask-professional-100ml","status":"publish","type":"product","link":"https:\/\/staging.cremiacosmetics.com\/?product=matcha-mask-professional-100ml","title":{"rendered":"Matcha Mask Professional 100ml"},"content":{"rendered":"<h5 data-start=\"810\" data-end=\"836\"><strong data-start=\"816\" data-end=\"834\">F\u0151 hat\u00f3anyagok<\/strong><\/h5>\n<ul data-start=\"837\" data-end=\"1361\">\n<li data-start=\"837\" data-end=\"931\"><strong data-start=\"839\" data-end=\"853\">Matcha por<\/strong>: Vitaliz\u00e1l\u00f3, tiszt\u00edt\u00f3 \u00e9s antioxid\u00e1ns hat\u00e1s\u00fa por<\/li>\n<li data-start=\"932\" data-end=\"1025\"><strong data-start=\"934\" data-end=\"947\">E-vitamin<\/strong>: Er\u0151s antioxid\u00e1ns, amely v\u00e9di a b\u0151rt a k\u00f6rnyezeti k\u00e1ros hat\u00e1sokkal szemben.<\/li>\n<li data-start=\"1026\" data-end=\"1129\"><strong data-start=\"1028\" data-end=\"1045\">Z\u00f6ldk\u00e1v\u00e9 olaj<\/strong>: Gazdag antioxid\u00e1nsokban, t\u00e1mogatja a kollag\u00e9n szint\u00e9zist \u00e9s a b\u0151r rugalmass\u00e1g\u00e1t.<\/li>\n<li data-start=\"1130\" data-end=\"1207\"><strong data-start=\"1132\" data-end=\"1154\">Z\u00f6ldtea hidrol\u00e1tum<\/strong>: Antioxid\u00e1ns tartalm\u00e1val nyugtatja \u00e9s v\u00e9di a b\u0151rt.<\/li>\n<li data-start=\"1208\" data-end=\"1276\"><strong data-start=\"1210\" data-end=\"1222\">Shea vaj<\/strong>: Hidrat\u00e1l\u00f3, b\u0151rpuh\u00edt\u00f3 \u00e9s nyugtat\u00f3 hat\u00e1s\u00fa \u00f6sszetev\u0151.<\/li>\n<li data-start=\"1277\" data-end=\"1361\"><strong data-start=\"1279\" data-end=\"1292\">Cink-oxid<\/strong>: Hat\u00e9kony b\u0151rnyugtat\u00f3, amely cs\u00f6kkenti a gyullad\u00e1st \u00e9s irrit\u00e1ci\u00f3t.<\/li>\n<\/ul>\n<p>CPNP: 858192<\/p>\n","protected":false},"excerpt":{"rendered":"<p data-start=\"42\" data-end=\"357\">A <strong data-start=\"44\" data-end=\"72\">Matcha Mask Professional<\/strong> egy vitaliz\u00e1l\u00f3 \u00e9s tiszt\u00edt\u00f3 hat\u00e1s\u00fa kr\u00e9mpakol\u00e1s, amelyet a b\u0151r m\u00e9lytiszt\u00edt\u00e1s\u00e1ra \u00e9s t\u00e1pl\u00e1l\u00e1s\u00e1ra fejlesztett\u00fcnk ki. Az antioxid\u00e1nsokban gazdag \u00f6sszetev\u0151ivel, p\u00e9ld\u00e1ul a <strong data-start=\"236\" data-end=\"257\">matcha tea porral, a z\u00f6ldk\u00e1v\u00e9 olajjal <\/strong>\u00e9s a <strong data-start=\"261\" data-end=\"286\">z\u00f6ldtea hidrol\u00e1tummal<\/strong>, seg\u00edti a b\u0151r regener\u00e1l\u00f3d\u00e1s\u00e1t \u00e9s fiatalos megjelen\u00e9s\u00e9nek meg\u0151rz\u00e9s\u00e9t.<\/p>\n<h5 data-start=\"359\" data-end=\"378\"><strong data-start=\"365\" data-end=\"376\">El\u0151ny\u00f6k<\/strong><\/h5>\n<ul data-start=\"379\" data-end=\"628\">\n<li data-start=\"379\" data-end=\"460\"><strong data-start=\"381\" data-end=\"409\">Vitaliz\u00e1lja \u00e9s tiszt\u00edtja<\/strong> a b\u0151rt, mik\u00f6zben t\u00e1mogatja a kollag\u00e9nszint\u00e9zist.<\/li>\n<li data-start=\"461\" data-end=\"523\"><strong data-start=\"463\" data-end=\"490\">Cs\u00f6kkenti az irrit\u00e1ci\u00f3t<\/strong> \u00e9s nyugtatja az \u00e9rz\u00e9keny b\u0151rt.<\/li>\n<li data-start=\"524\" data-end=\"585\"><strong data-start=\"526\" data-end=\"557\">Er\u0151s antioxid\u00e1ns v\u00e9delemmel<\/strong> seg\u00edti a b\u0151r meg\u00fajul\u00e1s\u00e1t.<\/li>\n<li data-start=\"586\" data-end=\"628\"><strong data-start=\"588\" data-end=\"618\">Hidrat\u00e1lja \u00e9s puh\u00e1v\u00e1 teszi<\/strong> a b\u0151rt.<\/li>\n<\/ul>\n<h5 data-start=\"630\" data-end=\"657\">Aj\u00e1nljuk az anti aging kezel\u00e9si terv t\u00e1pl\u00e1l\u00f3 pakol\u00e1s l\u00e9p\u00e9s\u00e9hez.<\/h5>\n<p>Haszn\u00e1lata: vigy\u00e9l fel vend\u00e9ged b\u0151r\u00e9re di\u00f3nyi mennyis\u00e9g\u0171 kr\u00e9mpakol\u00e1st, egyenletesen oszlasd el, majd hagyd a b\u0151r\u00f6n 5-10 percig. A t\u00e1pl\u00e1l\u00f3, \u00e1pol\u00f3, hidrat\u00e1l\u00f3 \u00f6sszetev\u0151i besz\u00edv\u00f3d\u00e1sa ut\u00e1n mosd le, vagy ak\u00e1r be is massz\u00edrozhatod, miel\u0151tt lemosod. Puha, b\u00e1rsonyos, \u00e9lettel teli b\u0151rt hagy maga ut\u00e1n, melyet vend\u00e9ged szeretni fog.<\/p>\n","protected":false},"featured_media":35961,"comment_status":"open","ping_status":"closed","template":"","meta":[],"product_brand":[],"product_cat":[887,878],"product_tag":[],"class_list":{"0":"post-36021","1":"product","2":"type-product","3":"status-publish","4":"has-post-thumbnail","6":"product_cat-professional","7":"product_cat-taplalo-pakolasok","9":"first","10":"instock","11":"taxable","12":"shipping-taxable","13":"product-type-simple"},"bundled_by":[],"bundle_stock_status":"instock","bundle_stock_quantity":null,"bundle_virtual":false,"bundle_layout":"","bundle_add_to_cart_form_location":"","bundle_editable_in_cart":false,"bundle_sold_individually_context":"","bundle_item_grouping":"","bundle_min_size":"","bundle_max_size":"","bundle_price":[],"bundled_items":[],"bundle_sell_ids":[],"yoast_head":"<!-- This site is optimized with the Yoast SEO Premium plugin v24.9 (Yoast SEO v24.9) - https:\/\/yoast.com\/wordpress\/plugins\/seo\/ -->\n<title>Matcha Mask Professional 100ml - Cremia Cosmetics<\/title>\n<meta name=\"robots\" content=\"index, follow, max-snippet:-1, max-image-preview:large, max-video-preview:-1\" \/>\n<link rel=\"canonical\" href=\"https:\/\/staging.cremiacosmetics.com\/osszes-termek\/matcha-mask-professional-100ml\/\" \/>\n<meta property=\"og:locale\" content=\"en_US\" \/>\n<meta property=\"og:type\" content=\"article\" \/>\n<meta property=\"og:title\" content=\"Matcha Mask Professional 100ml\" \/>\n<meta property=\"og:description\" content=\"A Matcha Mask Professional egy vitaliz\u00e1l\u00f3 \u00e9s tiszt\u00edt\u00f3 hat\u00e1s\u00fa kr\u00e9mpakol\u00e1s, amelyet a b\u0151r m\u00e9lytiszt\u00edt\u00e1s\u00e1ra \u00e9s t\u00e1pl\u00e1l\u00e1s\u00e1ra fejlesztett\u00fcnk ki. Az antioxid\u00e1nsokban gazdag \u00f6sszetev\u0151ivel, p\u00e9ld\u00e1ul a matcha tea porral, a z\u00f6ldk\u00e1v\u00e9 olajjal \u00e9s a z\u00f6ldtea hidrol\u00e1tummal, seg\u00edti a b\u0151r regener\u00e1l\u00f3d\u00e1s\u00e1t \u00e9s fiatalos megjelen\u00e9s\u00e9nek meg\u0151rz\u00e9s\u00e9t.  El\u0151ny\u00f6k   Vitaliz\u00e1lja \u00e9s tiszt\u00edtja a b\u0151rt, mik\u00f6zben t\u00e1mogatja a kollag\u00e9nszint\u00e9zist.  Cs\u00f6kkenti az irrit\u00e1ci\u00f3t \u00e9s nyugtatja az \u00e9rz\u00e9keny b\u0151rt.  Er\u0151s antioxid\u00e1ns v\u00e9delemmel seg\u00edti a b\u0151r meg\u00fajul\u00e1s\u00e1t.  Hidrat\u00e1lja \u00e9s puh\u00e1v\u00e1 teszi a b\u0151rt.  Aj\u00e1nljuk az anti aging kezel\u00e9si terv t\u00e1pl\u00e1l\u00f3 pakol\u00e1s l\u00e9p\u00e9s\u00e9hez. Haszn\u00e1lata: vigy\u00e9l fel vend\u00e9ged b\u0151r\u00e9re di\u00f3nyi mennyis\u00e9g\u0171 kr\u00e9mpakol\u00e1st, egyenletesen oszlasd el, majd hagyd a b\u0151r\u00f6n 5-10 percig. A t\u00e1pl\u00e1l\u00f3, \u00e1pol\u00f3, hidrat\u00e1l\u00f3 \u00f6sszetev\u0151i besz\u00edv\u00f3d\u00e1sa ut\u00e1n mosd le, vagy ak\u00e1r be is massz\u00edrozhatod, miel\u0151tt lemosod. Puha, b\u00e1rsonyos, \u00e9lettel teli b\u0151rt hagy maga ut\u00e1n, melyet vend\u00e9ged szeretni fog.\" \/>\n<meta property=\"og:url\" content=\"https:\/\/staging.cremiacosmetics.com\/osszes-termek\/matcha-mask-professional-100ml\/\" \/>\n<meta property=\"og:site_name\" content=\"Cremia Cosmetics\" \/>\n<meta property=\"article:publisher\" content=\"https:\/\/www.facebook.com\/cremiacosmetics\" \/>\n<meta property=\"article:modified_time\" content=\"2025-03-24T09:53:10+00:00\" \/>\n<meta property=\"og:image\" content=\"https:\/\/staging.cremiacosmetics.com\/wp-content\/uploads\/2025\/01\/matcha-mask.jpg\" \/>\n\t<meta property=\"og:image:width\" content=\"800\" \/>\n\t<meta property=\"og:image:height\" content=\"800\" \/>\n\t<meta property=\"og:image:type\" content=\"image\/jpeg\" \/>\n<meta name=\"twitter:card\" content=\"summary_large_image\" \/>\n<meta name=\"twitter:label1\" content=\"Price\" \/>\n\t<meta name=\"twitter:data1\" content=\"\" \/>\n\t<meta name=\"twitter:label2\" content=\"Availability\" \/>\n\t<meta name=\"twitter:data2\" content=\"In stock\" \/>\n<script type=\"application\/ld+json\" class=\"yoast-schema-graph\">{\"@context\":\"https:\/\/schema.org\",\"@graph\":[{\"@type\":\"WebPage\",\"@id\":\"https:\/\/staging.cremiacosmetics.com\/osszes-termek\/matcha-mask-professional-100ml\/\",\"url\":\"https:\/\/staging.cremiacosmetics.com\/osszes-termek\/matcha-mask-professional-100ml\/\",\"name\":\"Matcha Mask Professional 100ml - Cremia Cosmetics\",\"isPartOf\":{\"@id\":\"https:\/\/staging.cremiacosmetics.com\/#website\"},\"primaryImageOfPage\":{\"@id\":\"https:\/\/staging.cremiacosmetics.com\/osszes-termek\/matcha-mask-professional-100ml\/#primaryimage\"},\"image\":{\"@id\":\"https:\/\/staging.cremiacosmetics.com\/osszes-termek\/matcha-mask-professional-100ml\/#primaryimage\"},\"thumbnailUrl\":\"https:\/\/staging.cremiacosmetics.com\/wp-content\/uploads\/2025\/01\/matcha-mask.jpg\",\"datePublished\":\"2025-01-09T10:11:04+00:00\",\"dateModified\":\"2025-03-24T09:53:10+00:00\",\"breadcrumb\":{\"@id\":\"https:\/\/staging.cremiacosmetics.com\/osszes-termek\/matcha-mask-professional-100ml\/#breadcrumb\"},\"inLanguage\":\"en-US\",\"potentialAction\":[{\"@type\":\"ReadAction\",\"target\":[\"https:\/\/staging.cremiacosmetics.com\/osszes-termek\/matcha-mask-professional-100ml\/\"]}]},{\"@type\":\"ImageObject\",\"inLanguage\":\"en-US\",\"@id\":\"https:\/\/staging.cremiacosmetics.com\/osszes-termek\/matcha-mask-professional-100ml\/#primaryimage\",\"url\":\"https:\/\/staging.cremiacosmetics.com\/wp-content\/uploads\/2025\/01\/matcha-mask.jpg\",\"contentUrl\":\"https:\/\/staging.cremiacosmetics.com\/wp-content\/uploads\/2025\/01\/matcha-mask.jpg\",\"width\":800,\"height\":800},{\"@type\":\"BreadcrumbList\",\"@id\":\"https:\/\/staging.cremiacosmetics.com\/osszes-termek\/matcha-mask-professional-100ml\/#breadcrumb\",\"itemListElement\":[{\"@type\":\"ListItem\",\"position\":1,\"name\":\"Kezd\u0151lap\",\"item\":\"https:\/\/staging.cremiacosmetics.com\/\"},{\"@type\":\"ListItem\",\"position\":2,\"name\":\"\u00d6sszes term\u00e9k\",\"item\":\"https:\/\/staging.cremiacosmetics.com\/?page_id=15931\"},{\"@type\":\"ListItem\",\"position\":3,\"name\":\"Matcha Mask Professional 100ml\"}]},{\"@type\":\"WebSite\",\"@id\":\"https:\/\/staging.cremiacosmetics.com\/#website\",\"url\":\"https:\/\/staging.cremiacosmetics.com\/\",\"name\":\"Cremia Cosmetics\",\"description\":\"Nature-powered beauty\",\"publisher\":{\"@id\":\"https:\/\/staging.cremiacosmetics.com\/#organization\"},\"potentialAction\":[{\"@type\":\"SearchAction\",\"target\":{\"@type\":\"EntryPoint\",\"urlTemplate\":\"https:\/\/staging.cremiacosmetics.com\/?s={search_term_string}\"},\"query-input\":{\"@type\":\"PropertyValueSpecification\",\"valueRequired\":true,\"valueName\":\"search_term_string\"}}],\"inLanguage\":\"en-US\"},{\"@type\":\"Organization\",\"@id\":\"https:\/\/staging.cremiacosmetics.com\/#organization\",\"name\":\"Cremia Cosmetics\",\"url\":\"https:\/\/staging.cremiacosmetics.com\/\",\"logo\":{\"@type\":\"ImageObject\",\"inLanguage\":\"en-US\",\"@id\":\"https:\/\/staging.cremiacosmetics.com\/#\/schema\/logo\/image\/\",\"url\":\"https:\/\/staging.cremiacosmetics.com\/wp-content\/uploads\/2024\/03\/Cremia-logo-15x15mm.svg\",\"contentUrl\":\"https:\/\/staging.cremiacosmetics.com\/wp-content\/uploads\/2024\/03\/Cremia-logo-15x15mm.svg\",\"width\":42,\"height\":42,\"caption\":\"Cremia Cosmetics\"},\"image\":{\"@id\":\"https:\/\/staging.cremiacosmetics.com\/#\/schema\/logo\/image\/\"},\"sameAs\":[\"https:\/\/www.facebook.com\/cremiacosmetics\",\"https:\/\/www.instagram.com\/cremiacosmetics\/\"]}]}<\/script>\n<meta property=\"product:price:amount\" content=\"0\" \/>\n<meta property=\"product:price:currency\" content=\"HUF\" \/>\n<meta property=\"og:availability\" content=\"instock\" \/>\n<meta property=\"product:availability\" content=\"instock\" \/>\n<meta property=\"product:retailer_item_id\" content=\"C-MaMaP-HU-100\" \/>\n<meta property=\"product:condition\" content=\"new\" \/>\n<!-- \/ Yoast SEO Premium plugin. -->","yoast_head_json":{"title":"Matcha Mask Professional 100ml - Cremia Cosmetics","robots":{"index":"index","follow":"follow","max-snippet":"max-snippet:-1","max-image-preview":"max-image-preview:large","max-video-preview":"max-video-preview:-1"},"canonical":"https:\/\/staging.cremiacosmetics.com\/osszes-termek\/matcha-mask-professional-100ml\/","og_locale":"en_US","og_type":"article","og_title":"Matcha Mask Professional 100ml","og_description":"A Matcha Mask Professional egy vitaliz\u00e1l\u00f3 \u00e9s tiszt\u00edt\u00f3 hat\u00e1s\u00fa kr\u00e9mpakol\u00e1s, amelyet a b\u0151r m\u00e9lytiszt\u00edt\u00e1s\u00e1ra \u00e9s t\u00e1pl\u00e1l\u00e1s\u00e1ra fejlesztett\u00fcnk ki. Az antioxid\u00e1nsokban gazdag \u00f6sszetev\u0151ivel, p\u00e9ld\u00e1ul a matcha tea porral, a z\u00f6ldk\u00e1v\u00e9 olajjal \u00e9s a z\u00f6ldtea hidrol\u00e1tummal, seg\u00edti a b\u0151r regener\u00e1l\u00f3d\u00e1s\u00e1t \u00e9s fiatalos megjelen\u00e9s\u00e9nek meg\u0151rz\u00e9s\u00e9t.  El\u0151ny\u00f6k   Vitaliz\u00e1lja \u00e9s tiszt\u00edtja a b\u0151rt, mik\u00f6zben t\u00e1mogatja a kollag\u00e9nszint\u00e9zist.  Cs\u00f6kkenti az irrit\u00e1ci\u00f3t \u00e9s nyugtatja az \u00e9rz\u00e9keny b\u0151rt.  Er\u0151s antioxid\u00e1ns v\u00e9delemmel seg\u00edti a b\u0151r meg\u00fajul\u00e1s\u00e1t.  Hidrat\u00e1lja \u00e9s puh\u00e1v\u00e1 teszi a b\u0151rt.  Aj\u00e1nljuk az anti aging kezel\u00e9si terv t\u00e1pl\u00e1l\u00f3 pakol\u00e1s l\u00e9p\u00e9s\u00e9hez. Haszn\u00e1lata: vigy\u00e9l fel vend\u00e9ged b\u0151r\u00e9re di\u00f3nyi mennyis\u00e9g\u0171 kr\u00e9mpakol\u00e1st, egyenletesen oszlasd el, majd hagyd a b\u0151r\u00f6n 5-10 percig. A t\u00e1pl\u00e1l\u00f3, \u00e1pol\u00f3, hidrat\u00e1l\u00f3 \u00f6sszetev\u0151i besz\u00edv\u00f3d\u00e1sa ut\u00e1n mosd le, vagy ak\u00e1r be is massz\u00edrozhatod, miel\u0151tt lemosod. Puha, b\u00e1rsonyos, \u00e9lettel teli b\u0151rt hagy maga ut\u00e1n, melyet vend\u00e9ged szeretni fog.","og_url":"https:\/\/staging.cremiacosmetics.com\/osszes-termek\/matcha-mask-professional-100ml\/","og_site_name":"Cremia Cosmetics","article_publisher":"https:\/\/www.facebook.com\/cremiacosmetics","article_modified_time":"2025-03-24T09:53:10+00:00","og_image":[{"width":800,"height":800,"url":"https:\/\/staging.cremiacosmetics.com\/wp-content\/uploads\/2025\/01\/matcha-mask.jpg","type":"image\/jpeg"}],"twitter_card":"summary_large_image","twitter_misc":{"Price":"","Availability":"In stock"},"schema":{"@context":"https:\/\/schema.org","@graph":[{"@type":"WebPage","@id":"https:\/\/staging.cremiacosmetics.com\/osszes-termek\/matcha-mask-professional-100ml\/","url":"https:\/\/staging.cremiacosmetics.com\/osszes-termek\/matcha-mask-professional-100ml\/","name":"Matcha Mask Professional 100ml - Cremia Cosmetics","isPartOf":{"@id":"https:\/\/staging.cremiacosmetics.com\/#website"},"primaryImageOfPage":{"@id":"https:\/\/staging.cremiacosmetics.com\/osszes-termek\/matcha-mask-professional-100ml\/#primaryimage"},"image":{"@id":"https:\/\/staging.cremiacosmetics.com\/osszes-termek\/matcha-mask-professional-100ml\/#primaryimage"},"thumbnailUrl":"https:\/\/staging.cremiacosmetics.com\/wp-content\/uploads\/2025\/01\/matcha-mask.jpg","datePublished":"2025-01-09T10:11:04+00:00","dateModified":"2025-03-24T09:53:10+00:00","breadcrumb":{"@id":"https:\/\/staging.cremiacosmetics.com\/osszes-termek\/matcha-mask-professional-100ml\/#breadcrumb"},"inLanguage":"en-US","potentialAction":[{"@type":"ReadAction","target":["https:\/\/staging.cremiacosmetics.com\/osszes-termek\/matcha-mask-professional-100ml\/"]}]},{"@type":"ImageObject","inLanguage":"en-US","@id":"https:\/\/staging.cremiacosmetics.com\/osszes-termek\/matcha-mask-professional-100ml\/#primaryimage","url":"https:\/\/staging.cremiacosmetics.com\/wp-content\/uploads\/2025\/01\/matcha-mask.jpg","contentUrl":"https:\/\/staging.cremiacosmetics.com\/wp-content\/uploads\/2025\/01\/matcha-mask.jpg","width":800,"height":800},{"@type":"BreadcrumbList","@id":"https:\/\/staging.cremiacosmetics.com\/osszes-termek\/matcha-mask-professional-100ml\/#breadcrumb","itemListElement":[{"@type":"ListItem","position":1,"name":"Kezd\u0151lap","item":"https:\/\/staging.cremiacosmetics.com\/"},{"@type":"ListItem","position":2,"name":"\u00d6sszes term\u00e9k","item":"https:\/\/staging.cremiacosmetics.com\/?page_id=15931"},{"@type":"ListItem","position":3,"name":"Matcha Mask Professional 100ml"}]},{"@type":"WebSite","@id":"https:\/\/staging.cremiacosmetics.com\/#website","url":"https:\/\/staging.cremiacosmetics.com\/","name":"Cremia Cosmetics","description":"Nature-powered beauty","publisher":{"@id":"https:\/\/staging.cremiacosmetics.com\/#organization"},"potentialAction":[{"@type":"SearchAction","target":{"@type":"EntryPoint","urlTemplate":"https:\/\/staging.cremiacosmetics.com\/?s={search_term_string}"},"query-input":{"@type":"PropertyValueSpecification","valueRequired":true,"valueName":"search_term_string"}}],"inLanguage":"en-US"},{"@type":"Organization","@id":"https:\/\/staging.cremiacosmetics.com\/#organization","name":"Cremia Cosmetics","url":"https:\/\/staging.cremiacosmetics.com\/","logo":{"@type":"ImageObject","inLanguage":"en-US","@id":"https:\/\/staging.cremiacosmetics.com\/#\/schema\/logo\/image\/","url":"https:\/\/staging.cremiacosmetics.com\/wp-content\/uploads\/2024\/03\/Cremia-logo-15x15mm.svg","contentUrl":"https:\/\/staging.cremiacosmetics.com\/wp-content\/uploads\/2024\/03\/Cremia-logo-15x15mm.svg","width":42,"height":42,"caption":"Cremia Cosmetics"},"image":{"@id":"https:\/\/staging.cremiacosmetics.com\/#\/schema\/logo\/image\/"},"sameAs":["https:\/\/www.facebook.com\/cremiacosmetics","https:\/\/www.instagram.com\/cremiacosmetics\/"]}]},"product_price_currency":"HUF","og_availability":"instock","product_availability":"instock","product_retailer_item_id":"C-MaMaP-HU-100","product_condition":"new"},"_links":{"self":[{"href":"https:\/\/staging.cremiacosmetics.com\/index.php?rest_route=\/wp\/v2\/product\/36021","targetHints":{"allow":["GET"]}}],"collection":[{"href":"https:\/\/staging.cremiacosmetics.com\/index.php?rest_route=\/wp\/v2\/product"}],"about":[{"href":"https:\/\/staging.cremiacosmetics.com\/index.php?rest_route=\/wp\/v2\/types\/product"}],"replies":[{"embeddable":true,"href":"https:\/\/staging.cremiacosmetics.com\/index.php?rest_route=%2Fwp%2Fv2%2Fcomments&post=36021"}],"version-history":[{"count":6,"href":"https:\/\/staging.cremiacosmetics.com\/index.php?rest_route=\/wp\/v2\/product\/36021\/revisions"}],"predecessor-version":[{"id":36395,"href":"https:\/\/staging.cremiacosmetics.com\/index.php?rest_route=\/wp\/v2\/product\/36021\/revisions\/36395"}],"wp:featuredmedia":[{"embeddable":true,"href":"https:\/\/staging.cremiacosmetics.com\/index.php?rest_route=\/wp\/v2\/media\/35961"}],"wp:attachment":[{"href":"https:\/\/staging.cremiacosmetics.com\/index.php?rest_route=%2Fwp%2Fv2%2Fmedia&parent=36021"}],"wp:term":[{"taxonomy":"product_brand","embeddable":true,"href":"https:\/\/staging.cremiacosmetics.com\/index.php?rest_route=%2Fwp%2Fv2%2Fproduct_brand&post=36021"},{"taxonomy":"product_cat","embeddable":true,"href":"https:\/\/staging.cremiacosmetics.com\/index.php?rest_route=%2Fwp%2Fv2%2Fproduct_cat&post=36021"},{"taxonomy":"product_tag","embeddable":true,"href":"https:\/\/staging.cremiacosmetics.com\/index.php?rest_route=%2Fwp%2Fv2%2Fproduct_tag&post=36021"}],"curies":[{"name":"wp","href":"https:\/\/api.w.org\/{rel}","templated":true}]}}