{"id":36019,"date":"2025-01-09T11:06:32","date_gmt":"2025-01-09T10:06:32","guid":{"rendered":"https:\/\/staging.cremiacosmetics.com\/?post_type=product&#038;p=36019"},"modified":"2025-03-11T17:59:08","modified_gmt":"2025-03-11T16:59:08","slug":"mixit-aloe-arnica","status":"publish","type":"product","link":"https:\/\/staging.cremiacosmetics.com\/?product=mixit-aloe-arnica","title":{"rendered":"Mixit Aloe-Arnica Professional 30ml"},"content":{"rendered":"<h5 data-start=\"879\" data-end=\"905\"><strong data-start=\"885\" data-end=\"903\">F\u0151 hat\u00f3anyagok<\/strong><\/h5>\n<ul data-start=\"906\" data-end=\"1341\">\n<li data-start=\"906\" data-end=\"1025\"><strong data-start=\"908\" data-end=\"921\">Aloe olaj<\/strong>: Nyugtat\u00f3, antioxid\u00e1ns, gyullad\u00e1scs\u00f6kkent\u0151 \u00e9s b\u0151rpuh\u00edt\u00f3 hat\u00e1s\u00fa, seg\u00edt meg\u0151rizni a b\u0151r hidrat\u00e1lts\u00e1g\u00e1t.<\/li>\n<li data-start=\"1026\" data-end=\"1148\"><strong data-start=\"1028\" data-end=\"1043\">\u00c1rnika olaj<\/strong>: Hat\u00e9kony gyullad\u00e1scs\u00f6kkent\u0151 \u00e9s antioxid\u00e1ns tulajdons\u00e1gokkal rendelkezik, el\u0151seg\u00edti a b\u0151r meg\u00fajul\u00e1s\u00e1t.<\/li>\n<li data-start=\"1149\" data-end=\"1250\"><strong data-start=\"1151\" data-end=\"1167\">Mandula olaj<\/strong>: T\u00e1pl\u00e1l\u00f3 \u00e9s b\u0151rpuh\u00edt\u00f3 \u00f6sszetev\u0151, amely seg\u00edt helyre\u00e1ll\u00edtani a b\u0151r rugalmass\u00e1g\u00e1t.<\/li>\n<li data-start=\"1251\" data-end=\"1341\"><strong data-start=\"1253\" data-end=\"1266\">E-vitamin<\/strong>: Er\u0151s antioxid\u00e1ns, amely v\u00e9di a b\u0151rt a szabadgy\u00f6k\u00f6k okozta k\u00e1rosod\u00e1st\u00f3l.<\/li>\n<\/ul>\n<p>\u00d6sszetev\u0151k: Prunus amygdalus dulcis oil, Glycine Soja Oil, Aloe Barbadensis Leaf Extract, Tocopherol, Helianthus Annus Seed Oil, Arnica Montana Extract Olive squalane<\/p>\n<p>CPNP: 4858187<\/p>\n","protected":false},"excerpt":{"rendered":"<p data-start=\"47\" data-end=\"399\">A <strong data-start=\"49\" data-end=\"83\">Mixit Aloe-Arnica Professional<\/strong> egy sokoldal\u00fa nyugtat\u00f3 \u00e9s antioxid\u00e1ns olajsz\u00e9rum, amelyet kifejezetten az irrit\u00e1lt, sz\u00e1raz vagy \u00e9rz\u00e9keny b\u0151r \u00e1pol\u00e1s\u00e1ra fejlesztett\u00fcnk ki. Az \u00e9rt\u00e9kes n\u00f6v\u00e9nyi olajok \u00e9s antioxid\u00e1ns hat\u00f3anyagok kombin\u00e1ci\u00f3ja seg\u00edti a b\u0151r hidrat\u00e1lts\u00e1g\u00e1nak fenntart\u00e1s\u00e1t, cs\u00f6kkenti a gyullad\u00e1st, \u00e9s el\u0151seg\u00edti a b\u0151r term\u00e9szetes regener\u00e1ci\u00f3j\u00e1t.<\/p>\n<h5 data-start=\"401\" data-end=\"420\"><strong data-start=\"407\" data-end=\"418\">El\u0151ny\u00f6k<\/strong><\/h5>\n<ul data-start=\"421\" data-end=\"683\">\n<li data-start=\"421\" data-end=\"471\"><strong data-start=\"423\" data-end=\"451\">Nyugtatja \u00e9s csillap\u00edtja<\/strong> az irrit\u00e1lt b\u0151rt.<\/li>\n<li data-start=\"472\" data-end=\"526\"><strong data-start=\"474\" data-end=\"509\">Hidrat\u00e1lja \u00e9s puh\u00e1v\u00e1 var\u00e1zsolja<\/strong> a b\u0151rfelsz\u00ednt.<\/li>\n<li data-start=\"527\" data-end=\"613\"><strong data-start=\"529\" data-end=\"560\">Er\u0151s antioxid\u00e1ns v\u00e9delemmel<\/strong> \u00f3vja a b\u0151rt a k\u00f6rnyezeti k\u00e1ros hat\u00e1sokkal szemben.<\/li>\n<li data-start=\"614\" data-end=\"683\"><strong data-start=\"616\" data-end=\"645\">Cs\u00f6kkenti a gyullad\u00e1sokat<\/strong> \u00e9s t\u00e1mogatja a b\u0151r regener\u00e1l\u00f3d\u00e1s\u00e1t.<\/li>\n<\/ul>\n<h5 data-start=\"685\" data-end=\"712\">A Mixit kreat\u00edv pakol\u00e1srendszer olajsz\u00e9rum komponense. A roz\u00e1ce\u00e1s, \u00e9rz\u00e9keny, kipirosod\u00e1sra hajlamos b\u0151rt\u00edpusok kezel\u00e9si terv\u00e9be illeszthet\u0151..<\/h5>\n<p>Alkalmaz\u00e1sa: A Mixit Shea Base \u00e9s\/vagy Mixit Shea Gel Base-t keverd \u00f6ssze a Mixit Sensi vagy Mixit Rosa porokkal, \u00e9s cs\u00f6ppints a kever\u00e9khez 2-3 cs\u00f6pp Mixit Aloe-\u00c1rnika olajsz\u00e9rumot.<\/p>\n","protected":false},"featured_media":35962,"comment_status":"open","ping_status":"closed","template":"","meta":[],"product_brand":[],"product_cat":[887,878],"product_tag":[],"class_list":{"0":"post-36019","1":"product","2":"type-product","3":"status-publish","4":"has-post-thumbnail","6":"product_cat-professional","7":"product_cat-taplalo-pakolasok","9":"first","10":"instock","11":"taxable","12":"shipping-taxable","13":"product-type-simple"},"bundled_by":[],"bundle_stock_status":"instock","bundle_stock_quantity":null,"bundle_virtual":false,"bundle_layout":"","bundle_add_to_cart_form_location":"","bundle_editable_in_cart":false,"bundle_sold_individually_context":"","bundle_item_grouping":"","bundle_min_size":"","bundle_max_size":"","bundle_price":[],"bundled_items":[],"bundle_sell_ids":[],"yoast_head":"<!-- This site is optimized with the Yoast SEO Premium plugin v24.9 (Yoast SEO v24.9) - https:\/\/yoast.com\/wordpress\/plugins\/seo\/ -->\n<title>Mixit Aloe-Arnica Professional 30ml - Cremia Cosmetics<\/title>\n<meta name=\"robots\" content=\"index, follow, max-snippet:-1, max-image-preview:large, max-video-preview:-1\" \/>\n<link rel=\"canonical\" href=\"https:\/\/staging.cremiacosmetics.com\/osszes-termek\/mixit-aloe-arnica\/\" \/>\n<meta property=\"og:locale\" content=\"en_US\" \/>\n<meta property=\"og:type\" content=\"article\" \/>\n<meta property=\"og:title\" content=\"Mixit Aloe-Arnica Professional 30ml\" \/>\n<meta property=\"og:description\" content=\"A Mixit Aloe-Arnica Professional egy sokoldal\u00fa nyugtat\u00f3 \u00e9s antioxid\u00e1ns olajsz\u00e9rum, amelyet kifejezetten az irrit\u00e1lt, sz\u00e1raz vagy \u00e9rz\u00e9keny b\u0151r \u00e1pol\u00e1s\u00e1ra fejlesztett\u00fcnk ki. Az \u00e9rt\u00e9kes n\u00f6v\u00e9nyi olajok \u00e9s antioxid\u00e1ns hat\u00f3anyagok kombin\u00e1ci\u00f3ja seg\u00edti a b\u0151r hidrat\u00e1lts\u00e1g\u00e1nak fenntart\u00e1s\u00e1t, cs\u00f6kkenti a gyullad\u00e1st, \u00e9s el\u0151seg\u00edti a b\u0151r term\u00e9szetes regener\u00e1ci\u00f3j\u00e1t.  El\u0151ny\u00f6k   Nyugtatja \u00e9s csillap\u00edtja az irrit\u00e1lt b\u0151rt.  Hidrat\u00e1lja \u00e9s puh\u00e1v\u00e1 var\u00e1zsolja a b\u0151rfelsz\u00ednt.  Er\u0151s antioxid\u00e1ns v\u00e9delemmel \u00f3vja a b\u0151rt a k\u00f6rnyezeti k\u00e1ros hat\u00e1sokkal szemben.  Cs\u00f6kkenti a gyullad\u00e1sokat \u00e9s t\u00e1mogatja a b\u0151r regener\u00e1l\u00f3d\u00e1s\u00e1t.  A Mixit kreat\u00edv pakol\u00e1srendszer olajsz\u00e9rum komponense. A roz\u00e1ce\u00e1s, \u00e9rz\u00e9keny, kipirosod\u00e1sra hajlamos b\u0151rt\u00edpusok kezel\u00e9si terv\u00e9be illeszthet\u0151.. Alkalmaz\u00e1sa: A Mixit Shea Base \u00e9s\/vagy Mixit Shea Gel Base-t keverd \u00f6ssze a Mixit Sensi vagy Mixit Rosa porokkal, \u00e9s cs\u00f6ppints a kever\u00e9khez 2-3 cs\u00f6pp Mixit Aloe-\u00c1rnika olajsz\u00e9rumot.\" \/>\n<meta property=\"og:url\" content=\"https:\/\/staging.cremiacosmetics.com\/osszes-termek\/mixit-aloe-arnica\/\" \/>\n<meta property=\"og:site_name\" content=\"Cremia Cosmetics\" \/>\n<meta property=\"article:publisher\" content=\"https:\/\/www.facebook.com\/cremiacosmetics\" \/>\n<meta property=\"article:modified_time\" content=\"2025-03-11T16:59:08+00:00\" \/>\n<meta property=\"og:image\" content=\"https:\/\/staging.cremiacosmetics.com\/wp-content\/uploads\/2025\/01\/mixit-aloe-arnica.jpg\" \/>\n\t<meta property=\"og:image:width\" content=\"800\" \/>\n\t<meta property=\"og:image:height\" content=\"800\" \/>\n\t<meta property=\"og:image:type\" content=\"image\/jpeg\" \/>\n<meta name=\"twitter:card\" content=\"summary_large_image\" \/>\n<meta name=\"twitter:label1\" content=\"Price\" \/>\n\t<meta name=\"twitter:data1\" content=\"\" \/>\n\t<meta name=\"twitter:label2\" content=\"Availability\" \/>\n\t<meta name=\"twitter:data2\" content=\"In stock\" \/>\n<script type=\"application\/ld+json\" class=\"yoast-schema-graph\">{\"@context\":\"https:\/\/schema.org\",\"@graph\":[{\"@type\":\"WebPage\",\"@id\":\"https:\/\/staging.cremiacosmetics.com\/osszes-termek\/mixit-aloe-arnica\/\",\"url\":\"https:\/\/staging.cremiacosmetics.com\/osszes-termek\/mixit-aloe-arnica\/\",\"name\":\"Mixit Aloe-Arnica Professional 30ml - Cremia Cosmetics\",\"isPartOf\":{\"@id\":\"https:\/\/staging.cremiacosmetics.com\/#website\"},\"primaryImageOfPage\":{\"@id\":\"https:\/\/staging.cremiacosmetics.com\/osszes-termek\/mixit-aloe-arnica\/#primaryimage\"},\"image\":{\"@id\":\"https:\/\/staging.cremiacosmetics.com\/osszes-termek\/mixit-aloe-arnica\/#primaryimage\"},\"thumbnailUrl\":\"https:\/\/staging.cremiacosmetics.com\/wp-content\/uploads\/2025\/01\/mixit-aloe-arnica.jpg\",\"datePublished\":\"2025-01-09T10:06:32+00:00\",\"dateModified\":\"2025-03-11T16:59:08+00:00\",\"breadcrumb\":{\"@id\":\"https:\/\/staging.cremiacosmetics.com\/osszes-termek\/mixit-aloe-arnica\/#breadcrumb\"},\"inLanguage\":\"en-US\",\"potentialAction\":[{\"@type\":\"ReadAction\",\"target\":[\"https:\/\/staging.cremiacosmetics.com\/osszes-termek\/mixit-aloe-arnica\/\"]}]},{\"@type\":\"ImageObject\",\"inLanguage\":\"en-US\",\"@id\":\"https:\/\/staging.cremiacosmetics.com\/osszes-termek\/mixit-aloe-arnica\/#primaryimage\",\"url\":\"https:\/\/staging.cremiacosmetics.com\/wp-content\/uploads\/2025\/01\/mixit-aloe-arnica.jpg\",\"contentUrl\":\"https:\/\/staging.cremiacosmetics.com\/wp-content\/uploads\/2025\/01\/mixit-aloe-arnica.jpg\",\"width\":800,\"height\":800},{\"@type\":\"BreadcrumbList\",\"@id\":\"https:\/\/staging.cremiacosmetics.com\/osszes-termek\/mixit-aloe-arnica\/#breadcrumb\",\"itemListElement\":[{\"@type\":\"ListItem\",\"position\":1,\"name\":\"Kezd\u0151lap\",\"item\":\"https:\/\/staging.cremiacosmetics.com\/\"},{\"@type\":\"ListItem\",\"position\":2,\"name\":\"\u00d6sszes term\u00e9k\",\"item\":\"https:\/\/staging.cremiacosmetics.com\/?page_id=15931\"},{\"@type\":\"ListItem\",\"position\":3,\"name\":\"Mixit Aloe-Arnica Professional 30ml\"}]},{\"@type\":\"WebSite\",\"@id\":\"https:\/\/staging.cremiacosmetics.com\/#website\",\"url\":\"https:\/\/staging.cremiacosmetics.com\/\",\"name\":\"Cremia Cosmetics\",\"description\":\"Nature-powered beauty\",\"publisher\":{\"@id\":\"https:\/\/staging.cremiacosmetics.com\/#organization\"},\"potentialAction\":[{\"@type\":\"SearchAction\",\"target\":{\"@type\":\"EntryPoint\",\"urlTemplate\":\"https:\/\/staging.cremiacosmetics.com\/?s={search_term_string}\"},\"query-input\":{\"@type\":\"PropertyValueSpecification\",\"valueRequired\":true,\"valueName\":\"search_term_string\"}}],\"inLanguage\":\"en-US\"},{\"@type\":\"Organization\",\"@id\":\"https:\/\/staging.cremiacosmetics.com\/#organization\",\"name\":\"Cremia Cosmetics\",\"url\":\"https:\/\/staging.cremiacosmetics.com\/\",\"logo\":{\"@type\":\"ImageObject\",\"inLanguage\":\"en-US\",\"@id\":\"https:\/\/staging.cremiacosmetics.com\/#\/schema\/logo\/image\/\",\"url\":\"https:\/\/staging.cremiacosmetics.com\/wp-content\/uploads\/2024\/03\/Cremia-logo-15x15mm.svg\",\"contentUrl\":\"https:\/\/staging.cremiacosmetics.com\/wp-content\/uploads\/2024\/03\/Cremia-logo-15x15mm.svg\",\"width\":42,\"height\":42,\"caption\":\"Cremia Cosmetics\"},\"image\":{\"@id\":\"https:\/\/staging.cremiacosmetics.com\/#\/schema\/logo\/image\/\"},\"sameAs\":[\"https:\/\/www.facebook.com\/cremiacosmetics\",\"https:\/\/www.instagram.com\/cremiacosmetics\/\"]}]}<\/script>\n<meta property=\"product:price:amount\" content=\"0\" \/>\n<meta property=\"product:price:currency\" content=\"HUF\" \/>\n<meta property=\"og:availability\" content=\"instock\" \/>\n<meta property=\"product:availability\" content=\"instock\" \/>\n<meta property=\"product:retailer_item_id\" content=\"C-MAAP-HU-30\" \/>\n<meta property=\"product:condition\" content=\"new\" \/>\n<!-- \/ Yoast SEO Premium plugin. -->","yoast_head_json":{"title":"Mixit Aloe-Arnica Professional 30ml - Cremia Cosmetics","robots":{"index":"index","follow":"follow","max-snippet":"max-snippet:-1","max-image-preview":"max-image-preview:large","max-video-preview":"max-video-preview:-1"},"canonical":"https:\/\/staging.cremiacosmetics.com\/osszes-termek\/mixit-aloe-arnica\/","og_locale":"en_US","og_type":"article","og_title":"Mixit Aloe-Arnica Professional 30ml","og_description":"A Mixit Aloe-Arnica Professional egy sokoldal\u00fa nyugtat\u00f3 \u00e9s antioxid\u00e1ns olajsz\u00e9rum, amelyet kifejezetten az irrit\u00e1lt, sz\u00e1raz vagy \u00e9rz\u00e9keny b\u0151r \u00e1pol\u00e1s\u00e1ra fejlesztett\u00fcnk ki. Az \u00e9rt\u00e9kes n\u00f6v\u00e9nyi olajok \u00e9s antioxid\u00e1ns hat\u00f3anyagok kombin\u00e1ci\u00f3ja seg\u00edti a b\u0151r hidrat\u00e1lts\u00e1g\u00e1nak fenntart\u00e1s\u00e1t, cs\u00f6kkenti a gyullad\u00e1st, \u00e9s el\u0151seg\u00edti a b\u0151r term\u00e9szetes regener\u00e1ci\u00f3j\u00e1t.  El\u0151ny\u00f6k   Nyugtatja \u00e9s csillap\u00edtja az irrit\u00e1lt b\u0151rt.  Hidrat\u00e1lja \u00e9s puh\u00e1v\u00e1 var\u00e1zsolja a b\u0151rfelsz\u00ednt.  Er\u0151s antioxid\u00e1ns v\u00e9delemmel \u00f3vja a b\u0151rt a k\u00f6rnyezeti k\u00e1ros hat\u00e1sokkal szemben.  Cs\u00f6kkenti a gyullad\u00e1sokat \u00e9s t\u00e1mogatja a b\u0151r regener\u00e1l\u00f3d\u00e1s\u00e1t.  A Mixit kreat\u00edv pakol\u00e1srendszer olajsz\u00e9rum komponense. A roz\u00e1ce\u00e1s, \u00e9rz\u00e9keny, kipirosod\u00e1sra hajlamos b\u0151rt\u00edpusok kezel\u00e9si terv\u00e9be illeszthet\u0151.. Alkalmaz\u00e1sa: A Mixit Shea Base \u00e9s\/vagy Mixit Shea Gel Base-t keverd \u00f6ssze a Mixit Sensi vagy Mixit Rosa porokkal, \u00e9s cs\u00f6ppints a kever\u00e9khez 2-3 cs\u00f6pp Mixit Aloe-\u00c1rnika olajsz\u00e9rumot.","og_url":"https:\/\/staging.cremiacosmetics.com\/osszes-termek\/mixit-aloe-arnica\/","og_site_name":"Cremia Cosmetics","article_publisher":"https:\/\/www.facebook.com\/cremiacosmetics","article_modified_time":"2025-03-11T16:59:08+00:00","og_image":[{"width":800,"height":800,"url":"https:\/\/staging.cremiacosmetics.com\/wp-content\/uploads\/2025\/01\/mixit-aloe-arnica.jpg","type":"image\/jpeg"}],"twitter_card":"summary_large_image","twitter_misc":{"Price":"","Availability":"In stock"},"schema":{"@context":"https:\/\/schema.org","@graph":[{"@type":"WebPage","@id":"https:\/\/staging.cremiacosmetics.com\/osszes-termek\/mixit-aloe-arnica\/","url":"https:\/\/staging.cremiacosmetics.com\/osszes-termek\/mixit-aloe-arnica\/","name":"Mixit Aloe-Arnica Professional 30ml - Cremia Cosmetics","isPartOf":{"@id":"https:\/\/staging.cremiacosmetics.com\/#website"},"primaryImageOfPage":{"@id":"https:\/\/staging.cremiacosmetics.com\/osszes-termek\/mixit-aloe-arnica\/#primaryimage"},"image":{"@id":"https:\/\/staging.cremiacosmetics.com\/osszes-termek\/mixit-aloe-arnica\/#primaryimage"},"thumbnailUrl":"https:\/\/staging.cremiacosmetics.com\/wp-content\/uploads\/2025\/01\/mixit-aloe-arnica.jpg","datePublished":"2025-01-09T10:06:32+00:00","dateModified":"2025-03-11T16:59:08+00:00","breadcrumb":{"@id":"https:\/\/staging.cremiacosmetics.com\/osszes-termek\/mixit-aloe-arnica\/#breadcrumb"},"inLanguage":"en-US","potentialAction":[{"@type":"ReadAction","target":["https:\/\/staging.cremiacosmetics.com\/osszes-termek\/mixit-aloe-arnica\/"]}]},{"@type":"ImageObject","inLanguage":"en-US","@id":"https:\/\/staging.cremiacosmetics.com\/osszes-termek\/mixit-aloe-arnica\/#primaryimage","url":"https:\/\/staging.cremiacosmetics.com\/wp-content\/uploads\/2025\/01\/mixit-aloe-arnica.jpg","contentUrl":"https:\/\/staging.cremiacosmetics.com\/wp-content\/uploads\/2025\/01\/mixit-aloe-arnica.jpg","width":800,"height":800},{"@type":"BreadcrumbList","@id":"https:\/\/staging.cremiacosmetics.com\/osszes-termek\/mixit-aloe-arnica\/#breadcrumb","itemListElement":[{"@type":"ListItem","position":1,"name":"Kezd\u0151lap","item":"https:\/\/staging.cremiacosmetics.com\/"},{"@type":"ListItem","position":2,"name":"\u00d6sszes term\u00e9k","item":"https:\/\/staging.cremiacosmetics.com\/?page_id=15931"},{"@type":"ListItem","position":3,"name":"Mixit Aloe-Arnica Professional 30ml"}]},{"@type":"WebSite","@id":"https:\/\/staging.cremiacosmetics.com\/#website","url":"https:\/\/staging.cremiacosmetics.com\/","name":"Cremia Cosmetics","description":"Nature-powered beauty","publisher":{"@id":"https:\/\/staging.cremiacosmetics.com\/#organization"},"potentialAction":[{"@type":"SearchAction","target":{"@type":"EntryPoint","urlTemplate":"https:\/\/staging.cremiacosmetics.com\/?s={search_term_string}"},"query-input":{"@type":"PropertyValueSpecification","valueRequired":true,"valueName":"search_term_string"}}],"inLanguage":"en-US"},{"@type":"Organization","@id":"https:\/\/staging.cremiacosmetics.com\/#organization","name":"Cremia Cosmetics","url":"https:\/\/staging.cremiacosmetics.com\/","logo":{"@type":"ImageObject","inLanguage":"en-US","@id":"https:\/\/staging.cremiacosmetics.com\/#\/schema\/logo\/image\/","url":"https:\/\/staging.cremiacosmetics.com\/wp-content\/uploads\/2024\/03\/Cremia-logo-15x15mm.svg","contentUrl":"https:\/\/staging.cremiacosmetics.com\/wp-content\/uploads\/2024\/03\/Cremia-logo-15x15mm.svg","width":42,"height":42,"caption":"Cremia Cosmetics"},"image":{"@id":"https:\/\/staging.cremiacosmetics.com\/#\/schema\/logo\/image\/"},"sameAs":["https:\/\/www.facebook.com\/cremiacosmetics","https:\/\/www.instagram.com\/cremiacosmetics\/"]}]},"product_price_currency":"HUF","og_availability":"instock","product_availability":"instock","product_retailer_item_id":"C-MAAP-HU-30","product_condition":"new"},"_links":{"self":[{"href":"https:\/\/staging.cremiacosmetics.com\/index.php?rest_route=\/wp\/v2\/product\/36019","targetHints":{"allow":["GET"]}}],"collection":[{"href":"https:\/\/staging.cremiacosmetics.com\/index.php?rest_route=\/wp\/v2\/product"}],"about":[{"href":"https:\/\/staging.cremiacosmetics.com\/index.php?rest_route=\/wp\/v2\/types\/product"}],"replies":[{"embeddable":true,"href":"https:\/\/staging.cremiacosmetics.com\/index.php?rest_route=%2Fwp%2Fv2%2Fcomments&post=36019"}],"version-history":[{"count":6,"href":"https:\/\/staging.cremiacosmetics.com\/index.php?rest_route=\/wp\/v2\/product\/36019\/revisions"}],"predecessor-version":[{"id":36585,"href":"https:\/\/staging.cremiacosmetics.com\/index.php?rest_route=\/wp\/v2\/product\/36019\/revisions\/36585"}],"wp:featuredmedia":[{"embeddable":true,"href":"https:\/\/staging.cremiacosmetics.com\/index.php?rest_route=\/wp\/v2\/media\/35962"}],"wp:attachment":[{"href":"https:\/\/staging.cremiacosmetics.com\/index.php?rest_route=%2Fwp%2Fv2%2Fmedia&parent=36019"}],"wp:term":[{"taxonomy":"product_brand","embeddable":true,"href":"https:\/\/staging.cremiacosmetics.com\/index.php?rest_route=%2Fwp%2Fv2%2Fproduct_brand&post=36019"},{"taxonomy":"product_cat","embeddable":true,"href":"https:\/\/staging.cremiacosmetics.com\/index.php?rest_route=%2Fwp%2Fv2%2Fproduct_cat&post=36019"},{"taxonomy":"product_tag","embeddable":true,"href":"https:\/\/staging.cremiacosmetics.com\/index.php?rest_route=%2Fwp%2Fv2%2Fproduct_tag&post=36019"}],"curies":[{"name":"wp","href":"https:\/\/api.w.org\/{rel}","templated":true}]}}