{"id":36016,"date":"2025-01-09T10:46:51","date_gmt":"2025-01-09T09:46:51","guid":{"rendered":"https:\/\/staging.cremiacosmetics.com\/?post_type=product&#038;p=36016"},"modified":"2025-03-24T10:53:37","modified_gmt":"2025-03-24T09:53:37","slug":"mixit-sensi","status":"publish","type":"product","link":"https:\/\/staging.cremiacosmetics.com\/?product=mixit-sensi","title":{"rendered":"Mixit Sensi pakol\u00e1s por 50ml"},"content":{"rendered":"<h5 data-start=\"866\" data-end=\"892\"><strong data-start=\"872\" data-end=\"890\">F\u0151 hat\u00f3anyagok<\/strong><\/h5>\n<ul data-start=\"893\" data-end=\"1400\">\n<li data-start=\"893\" data-end=\"1006\"><strong data-start=\"895\" data-end=\"917\">\u00c9desgy\u00f6k\u00e9r kivonat<\/strong>: Gyullad\u00e1scs\u00f6kkent\u0151, b\u0151rpuh\u00edt\u00f3 \u00e9s kipirosod\u00e1s-g\u00e1tl\u00f3 hat\u00e1s\u00fa, b\u0151rnyugtat\u00f3.<\/li>\n<li data-start=\"1007\" data-end=\"1131\"><strong data-start=\"1009\" data-end=\"1029\">Centella kivonat<\/strong>: Kiv\u00e1l\u00f3 regener\u00e1l\u00f3 \u00f6sszetev\u0151, amely t\u00e1mogatja a b\u0151r meg\u00fajul\u00e1s\u00e1t \u00e9s v\u00e9di a k\u00fcls\u0151 hat\u00e1sokkal szemben.<\/li>\n<li data-start=\"1132\" data-end=\"1261\"><strong data-start=\"1134\" data-end=\"1149\">Feh\u00e9r agyag<\/strong>: T\u00e1pl\u00e1l\u00f3, \u00e1sv\u00e1nyi anyagokban gazdag term\u00e9szetes \u00f6sszetev\u0151, amely gyeng\u00e9den tiszt\u00edtja \u00e9s revitaliz\u00e1lja a b\u0151rt.<\/li>\n<li data-start=\"1262\" data-end=\"1400\"><strong data-start=\"1264\" data-end=\"1302\">Triterp\u00e9nvegy\u00fcletek (glicirizin, glicirretinsav, liquiritsav), flavonoidok, kumarinok, vitaminok<\/strong>: Az \u00e9desgy\u00f6k\u00e9r kivonatban tal\u00e1lhat\u00f3 akt\u00edv vegy\u00fcletek fokozz\u00e1k a b\u0151r regener\u00e1ci\u00f3j\u00e1t \u00e9s v\u00e9delm\u00e9t.<\/li>\n<\/ul>\n<p>\u00d6sszetev\u0151k: Kaolinite, Silk amino acids, Vitis Vinifera Leaf Extract, Rose petals<\/p>\n<p>CPNP: 4858188<\/p>\n","protected":false},"excerpt":{"rendered":"<p data-start=\"40\" data-end=\"355\">A <strong data-start=\"42\" data-end=\"69\">Mixit Sensi Pakol\u00e1s Por<\/strong> egy kifejezetten \u00e9rz\u00e9keny \u00e9s sz\u00e1raz b\u0151rre tervezett b\u0151r\u00e1pol\u00f3 k\u00e9sz\u00edtm\u00e9ny, amely nyugtat\u00f3, regener\u00e1l\u00f3 \u00e9s b\u0151rpuh\u00edt\u00f3 hat\u00f3anyagokat tartalmaz. Az \u00e9desgy\u00f6k\u00e9r \u00e9s a centella kivonata egy\u00fctt hat\u00e9konyan cs\u00f6kkenti a b\u0151rp\u00edrt \u00e9s a gyullad\u00e1st, m\u00edg a feh\u00e9r agyag \u00e1sv\u00e1nyi anyagokkal t\u00e1pl\u00e1lja a b\u0151rt.<\/p>\n<h5 data-start=\"357\" data-end=\"376\"><strong data-start=\"363\" data-end=\"374\">El\u0151ny\u00f6k<\/strong><\/h5>\n<ul data-start=\"377\" data-end=\"686\">\n<li data-start=\"377\" data-end=\"440\"><strong data-start=\"379\" data-end=\"409\">Nyugtatja az irrit\u00e1lt b\u0151rt<\/strong> \u00e9s cs\u00f6kkenti a kipirosod\u00e1st.<\/li>\n<li data-start=\"441\" data-end=\"526\"><strong data-start=\"443\" data-end=\"484\">Regener\u00e1lja a sz\u00e1raz \u00e9s \u00e9rz\u00e9keny b\u0151rt<\/strong>, seg\u00edtve a b\u0151r term\u00e9szetes meg\u00fajul\u00e1s\u00e1t.<\/li>\n<li data-start=\"527\" data-end=\"610\"><strong data-start=\"529\" data-end=\"558\">\u00c1sv\u00e1nyi anyagokban gazdag<\/strong>, t\u00e1pl\u00e1l\u00f3 \u00f6sszetev\u0151kkel er\u0151s\u00edti a b\u0151r szerkezet\u00e9t.<\/li>\n<li data-start=\"611\" data-end=\"686\"><strong data-start=\"613\" data-end=\"643\">B\u0151rpuh\u00edt\u00f3 \u00e9s sim\u00edt\u00f3 hat\u00e1s\u00fa<\/strong>, el\u0151seg\u00edti az egyenletesebb b\u0151rfelsz\u00ednt.<\/li>\n<\/ul>\n<p data-start=\"716\" data-end=\"864\">Aj\u00e1nljuk a <strong data-start=\"734\" data-end=\"786\">sz\u00e1raz, \u00e9rz\u00e9keny, kipirosod\u00e1sra hajlamos <\/strong>b\u0151r\u0171 vend\u00e9gek sz\u00e1m\u00e1ra kialak\u00edtott kezel\u00e9si terv t\u00e1pl\u00e1l\u00f3 pakol\u00e1s l\u00e9p\u00e9s\u00e9hez. Haszn\u00e1ld alapk\u00e9nt a Mixit Shea base-t \u00e9s a Mixit Gel base-t. Cs\u00f6ppints a kever\u00e9khez a Mixit olajok k\u00f6z\u00fcl a Mixit Aloe-\u00c1rnika olajat, hogy a b\u0151rnyugtat\u00e1s m\u00e9g intenz\u00edvebb lehessen.<\/p>\n","protected":false},"featured_media":35963,"comment_status":"open","ping_status":"closed","template":"","meta":[],"product_brand":[],"product_cat":[887,878],"product_tag":[],"class_list":{"0":"post-36016","1":"product","2":"type-product","3":"status-publish","4":"has-post-thumbnail","6":"product_cat-professional","7":"product_cat-taplalo-pakolasok","9":"first","10":"instock","11":"taxable","12":"shipping-taxable","13":"product-type-simple"},"bundled_by":[],"bundle_stock_status":"instock","bundle_stock_quantity":null,"bundle_virtual":false,"bundle_layout":"","bundle_add_to_cart_form_location":"","bundle_editable_in_cart":false,"bundle_sold_individually_context":"","bundle_item_grouping":"","bundle_min_size":"","bundle_max_size":"","bundle_price":[],"bundled_items":[],"bundle_sell_ids":[],"yoast_head":"<!-- This site is optimized with the Yoast SEO Premium plugin v24.9 (Yoast SEO v24.9) - https:\/\/yoast.com\/wordpress\/plugins\/seo\/ -->\n<title>Mixit Sensi pakol\u00e1s por 50ml - Cremia Cosmetics<\/title>\n<meta name=\"robots\" content=\"index, follow, max-snippet:-1, max-image-preview:large, max-video-preview:-1\" \/>\n<link rel=\"canonical\" href=\"https:\/\/staging.cremiacosmetics.com\/osszes-termek\/mixit-sensi\/\" \/>\n<meta property=\"og:locale\" content=\"en_US\" \/>\n<meta property=\"og:type\" content=\"article\" \/>\n<meta property=\"og:title\" content=\"Mixit Sensi pakol\u00e1s por 50ml\" \/>\n<meta property=\"og:description\" content=\"A Mixit Sensi Pakol\u00e1s Por egy kifejezetten \u00e9rz\u00e9keny \u00e9s sz\u00e1raz b\u0151rre tervezett b\u0151r\u00e1pol\u00f3 k\u00e9sz\u00edtm\u00e9ny, amely nyugtat\u00f3, regener\u00e1l\u00f3 \u00e9s b\u0151rpuh\u00edt\u00f3 hat\u00f3anyagokat tartalmaz. Az \u00e9desgy\u00f6k\u00e9r \u00e9s a centella kivonata egy\u00fctt hat\u00e9konyan cs\u00f6kkenti a b\u0151rp\u00edrt \u00e9s a gyullad\u00e1st, m\u00edg a feh\u00e9r agyag \u00e1sv\u00e1nyi anyagokkal t\u00e1pl\u00e1lja a b\u0151rt.  El\u0151ny\u00f6k   Nyugtatja az irrit\u00e1lt b\u0151rt \u00e9s cs\u00f6kkenti a kipirosod\u00e1st.  Regener\u00e1lja a sz\u00e1raz \u00e9s \u00e9rz\u00e9keny b\u0151rt, seg\u00edtve a b\u0151r term\u00e9szetes meg\u00fajul\u00e1s\u00e1t.  \u00c1sv\u00e1nyi anyagokban gazdag, t\u00e1pl\u00e1l\u00f3 \u00f6sszetev\u0151kkel er\u0151s\u00edti a b\u0151r szerkezet\u00e9t.  B\u0151rpuh\u00edt\u00f3 \u00e9s sim\u00edt\u00f3 hat\u00e1s\u00fa, el\u0151seg\u00edti az egyenletesebb b\u0151rfelsz\u00ednt.  Aj\u00e1nljuk a sz\u00e1raz, \u00e9rz\u00e9keny, kipirosod\u00e1sra hajlamos b\u0151r\u0171 vend\u00e9gek sz\u00e1m\u00e1ra kialak\u00edtott kezel\u00e9si terv t\u00e1pl\u00e1l\u00f3 pakol\u00e1s l\u00e9p\u00e9s\u00e9hez. Haszn\u00e1ld alapk\u00e9nt a Mixit Shea base-t \u00e9s a Mixit Gel base-t. Cs\u00f6ppints a kever\u00e9khez a Mixit olajok k\u00f6z\u00fcl a Mixit Aloe-\u00c1rnika olajat, hogy a b\u0151rnyugtat\u00e1s m\u00e9g intenz\u00edvebb lehessen.\" \/>\n<meta property=\"og:url\" content=\"https:\/\/staging.cremiacosmetics.com\/osszes-termek\/mixit-sensi\/\" \/>\n<meta property=\"og:site_name\" content=\"Cremia Cosmetics\" \/>\n<meta property=\"article:publisher\" content=\"https:\/\/www.facebook.com\/cremiacosmetics\" \/>\n<meta property=\"article:modified_time\" content=\"2025-03-24T09:53:37+00:00\" \/>\n<meta property=\"og:image\" content=\"https:\/\/staging.cremiacosmetics.com\/wp-content\/uploads\/2025\/01\/mixit-sensi.jpg\" \/>\n\t<meta property=\"og:image:width\" content=\"800\" \/>\n\t<meta property=\"og:image:height\" content=\"800\" \/>\n\t<meta property=\"og:image:type\" content=\"image\/jpeg\" \/>\n<meta name=\"twitter:card\" content=\"summary_large_image\" \/>\n<meta name=\"twitter:label1\" content=\"Price\" \/>\n\t<meta name=\"twitter:data1\" content=\"\" \/>\n\t<meta name=\"twitter:label2\" content=\"Availability\" \/>\n\t<meta name=\"twitter:data2\" content=\"In stock\" \/>\n<script type=\"application\/ld+json\" class=\"yoast-schema-graph\">{\"@context\":\"https:\/\/schema.org\",\"@graph\":[{\"@type\":\"WebPage\",\"@id\":\"https:\/\/staging.cremiacosmetics.com\/osszes-termek\/mixit-sensi\/\",\"url\":\"https:\/\/staging.cremiacosmetics.com\/osszes-termek\/mixit-sensi\/\",\"name\":\"Mixit Sensi pakol\u00e1s por 50ml - Cremia Cosmetics\",\"isPartOf\":{\"@id\":\"https:\/\/staging.cremiacosmetics.com\/#website\"},\"primaryImageOfPage\":{\"@id\":\"https:\/\/staging.cremiacosmetics.com\/osszes-termek\/mixit-sensi\/#primaryimage\"},\"image\":{\"@id\":\"https:\/\/staging.cremiacosmetics.com\/osszes-termek\/mixit-sensi\/#primaryimage\"},\"thumbnailUrl\":\"https:\/\/staging.cremiacosmetics.com\/wp-content\/uploads\/2025\/01\/mixit-sensi.jpg\",\"datePublished\":\"2025-01-09T09:46:51+00:00\",\"dateModified\":\"2025-03-24T09:53:37+00:00\",\"breadcrumb\":{\"@id\":\"https:\/\/staging.cremiacosmetics.com\/osszes-termek\/mixit-sensi\/#breadcrumb\"},\"inLanguage\":\"en-US\",\"potentialAction\":[{\"@type\":\"ReadAction\",\"target\":[\"https:\/\/staging.cremiacosmetics.com\/osszes-termek\/mixit-sensi\/\"]}]},{\"@type\":\"ImageObject\",\"inLanguage\":\"en-US\",\"@id\":\"https:\/\/staging.cremiacosmetics.com\/osszes-termek\/mixit-sensi\/#primaryimage\",\"url\":\"https:\/\/staging.cremiacosmetics.com\/wp-content\/uploads\/2025\/01\/mixit-sensi.jpg\",\"contentUrl\":\"https:\/\/staging.cremiacosmetics.com\/wp-content\/uploads\/2025\/01\/mixit-sensi.jpg\",\"width\":800,\"height\":800},{\"@type\":\"BreadcrumbList\",\"@id\":\"https:\/\/staging.cremiacosmetics.com\/osszes-termek\/mixit-sensi\/#breadcrumb\",\"itemListElement\":[{\"@type\":\"ListItem\",\"position\":1,\"name\":\"Kezd\u0151lap\",\"item\":\"https:\/\/staging.cremiacosmetics.com\/\"},{\"@type\":\"ListItem\",\"position\":2,\"name\":\"\u00d6sszes term\u00e9k\",\"item\":\"https:\/\/staging.cremiacosmetics.com\/?page_id=15931\"},{\"@type\":\"ListItem\",\"position\":3,\"name\":\"Mixit Sensi pakol\u00e1s por 50ml\"}]},{\"@type\":\"WebSite\",\"@id\":\"https:\/\/staging.cremiacosmetics.com\/#website\",\"url\":\"https:\/\/staging.cremiacosmetics.com\/\",\"name\":\"Cremia Cosmetics\",\"description\":\"Nature-powered beauty\",\"publisher\":{\"@id\":\"https:\/\/staging.cremiacosmetics.com\/#organization\"},\"potentialAction\":[{\"@type\":\"SearchAction\",\"target\":{\"@type\":\"EntryPoint\",\"urlTemplate\":\"https:\/\/staging.cremiacosmetics.com\/?s={search_term_string}\"},\"query-input\":{\"@type\":\"PropertyValueSpecification\",\"valueRequired\":true,\"valueName\":\"search_term_string\"}}],\"inLanguage\":\"en-US\"},{\"@type\":\"Organization\",\"@id\":\"https:\/\/staging.cremiacosmetics.com\/#organization\",\"name\":\"Cremia Cosmetics\",\"url\":\"https:\/\/staging.cremiacosmetics.com\/\",\"logo\":{\"@type\":\"ImageObject\",\"inLanguage\":\"en-US\",\"@id\":\"https:\/\/staging.cremiacosmetics.com\/#\/schema\/logo\/image\/\",\"url\":\"https:\/\/staging.cremiacosmetics.com\/wp-content\/uploads\/2024\/03\/Cremia-logo-15x15mm.svg\",\"contentUrl\":\"https:\/\/staging.cremiacosmetics.com\/wp-content\/uploads\/2024\/03\/Cremia-logo-15x15mm.svg\",\"width\":42,\"height\":42,\"caption\":\"Cremia Cosmetics\"},\"image\":{\"@id\":\"https:\/\/staging.cremiacosmetics.com\/#\/schema\/logo\/image\/\"},\"sameAs\":[\"https:\/\/www.facebook.com\/cremiacosmetics\",\"https:\/\/www.instagram.com\/cremiacosmetics\/\"]}]}<\/script>\n<meta property=\"product:price:amount\" content=\"0\" \/>\n<meta property=\"product:price:currency\" content=\"HUF\" \/>\n<meta property=\"og:availability\" content=\"instock\" \/>\n<meta property=\"product:availability\" content=\"instock\" \/>\n<meta property=\"product:retailer_item_id\" content=\"C-MSeP-HU-50\" \/>\n<meta property=\"product:condition\" content=\"new\" \/>\n<!-- \/ Yoast SEO Premium plugin. -->","yoast_head_json":{"title":"Mixit Sensi pakol\u00e1s por 50ml - Cremia Cosmetics","robots":{"index":"index","follow":"follow","max-snippet":"max-snippet:-1","max-image-preview":"max-image-preview:large","max-video-preview":"max-video-preview:-1"},"canonical":"https:\/\/staging.cremiacosmetics.com\/osszes-termek\/mixit-sensi\/","og_locale":"en_US","og_type":"article","og_title":"Mixit Sensi pakol\u00e1s por 50ml","og_description":"A Mixit Sensi Pakol\u00e1s Por egy kifejezetten \u00e9rz\u00e9keny \u00e9s sz\u00e1raz b\u0151rre tervezett b\u0151r\u00e1pol\u00f3 k\u00e9sz\u00edtm\u00e9ny, amely nyugtat\u00f3, regener\u00e1l\u00f3 \u00e9s b\u0151rpuh\u00edt\u00f3 hat\u00f3anyagokat tartalmaz. Az \u00e9desgy\u00f6k\u00e9r \u00e9s a centella kivonata egy\u00fctt hat\u00e9konyan cs\u00f6kkenti a b\u0151rp\u00edrt \u00e9s a gyullad\u00e1st, m\u00edg a feh\u00e9r agyag \u00e1sv\u00e1nyi anyagokkal t\u00e1pl\u00e1lja a b\u0151rt.  El\u0151ny\u00f6k   Nyugtatja az irrit\u00e1lt b\u0151rt \u00e9s cs\u00f6kkenti a kipirosod\u00e1st.  Regener\u00e1lja a sz\u00e1raz \u00e9s \u00e9rz\u00e9keny b\u0151rt, seg\u00edtve a b\u0151r term\u00e9szetes meg\u00fajul\u00e1s\u00e1t.  \u00c1sv\u00e1nyi anyagokban gazdag, t\u00e1pl\u00e1l\u00f3 \u00f6sszetev\u0151kkel er\u0151s\u00edti a b\u0151r szerkezet\u00e9t.  B\u0151rpuh\u00edt\u00f3 \u00e9s sim\u00edt\u00f3 hat\u00e1s\u00fa, el\u0151seg\u00edti az egyenletesebb b\u0151rfelsz\u00ednt.  Aj\u00e1nljuk a sz\u00e1raz, \u00e9rz\u00e9keny, kipirosod\u00e1sra hajlamos b\u0151r\u0171 vend\u00e9gek sz\u00e1m\u00e1ra kialak\u00edtott kezel\u00e9si terv t\u00e1pl\u00e1l\u00f3 pakol\u00e1s l\u00e9p\u00e9s\u00e9hez. Haszn\u00e1ld alapk\u00e9nt a Mixit Shea base-t \u00e9s a Mixit Gel base-t. Cs\u00f6ppints a kever\u00e9khez a Mixit olajok k\u00f6z\u00fcl a Mixit Aloe-\u00c1rnika olajat, hogy a b\u0151rnyugtat\u00e1s m\u00e9g intenz\u00edvebb lehessen.","og_url":"https:\/\/staging.cremiacosmetics.com\/osszes-termek\/mixit-sensi\/","og_site_name":"Cremia Cosmetics","article_publisher":"https:\/\/www.facebook.com\/cremiacosmetics","article_modified_time":"2025-03-24T09:53:37+00:00","og_image":[{"width":800,"height":800,"url":"https:\/\/staging.cremiacosmetics.com\/wp-content\/uploads\/2025\/01\/mixit-sensi.jpg","type":"image\/jpeg"}],"twitter_card":"summary_large_image","twitter_misc":{"Price":"","Availability":"In stock"},"schema":{"@context":"https:\/\/schema.org","@graph":[{"@type":"WebPage","@id":"https:\/\/staging.cremiacosmetics.com\/osszes-termek\/mixit-sensi\/","url":"https:\/\/staging.cremiacosmetics.com\/osszes-termek\/mixit-sensi\/","name":"Mixit Sensi pakol\u00e1s por 50ml - Cremia Cosmetics","isPartOf":{"@id":"https:\/\/staging.cremiacosmetics.com\/#website"},"primaryImageOfPage":{"@id":"https:\/\/staging.cremiacosmetics.com\/osszes-termek\/mixit-sensi\/#primaryimage"},"image":{"@id":"https:\/\/staging.cremiacosmetics.com\/osszes-termek\/mixit-sensi\/#primaryimage"},"thumbnailUrl":"https:\/\/staging.cremiacosmetics.com\/wp-content\/uploads\/2025\/01\/mixit-sensi.jpg","datePublished":"2025-01-09T09:46:51+00:00","dateModified":"2025-03-24T09:53:37+00:00","breadcrumb":{"@id":"https:\/\/staging.cremiacosmetics.com\/osszes-termek\/mixit-sensi\/#breadcrumb"},"inLanguage":"en-US","potentialAction":[{"@type":"ReadAction","target":["https:\/\/staging.cremiacosmetics.com\/osszes-termek\/mixit-sensi\/"]}]},{"@type":"ImageObject","inLanguage":"en-US","@id":"https:\/\/staging.cremiacosmetics.com\/osszes-termek\/mixit-sensi\/#primaryimage","url":"https:\/\/staging.cremiacosmetics.com\/wp-content\/uploads\/2025\/01\/mixit-sensi.jpg","contentUrl":"https:\/\/staging.cremiacosmetics.com\/wp-content\/uploads\/2025\/01\/mixit-sensi.jpg","width":800,"height":800},{"@type":"BreadcrumbList","@id":"https:\/\/staging.cremiacosmetics.com\/osszes-termek\/mixit-sensi\/#breadcrumb","itemListElement":[{"@type":"ListItem","position":1,"name":"Kezd\u0151lap","item":"https:\/\/staging.cremiacosmetics.com\/"},{"@type":"ListItem","position":2,"name":"\u00d6sszes term\u00e9k","item":"https:\/\/staging.cremiacosmetics.com\/?page_id=15931"},{"@type":"ListItem","position":3,"name":"Mixit Sensi pakol\u00e1s por 50ml"}]},{"@type":"WebSite","@id":"https:\/\/staging.cremiacosmetics.com\/#website","url":"https:\/\/staging.cremiacosmetics.com\/","name":"Cremia Cosmetics","description":"Nature-powered beauty","publisher":{"@id":"https:\/\/staging.cremiacosmetics.com\/#organization"},"potentialAction":[{"@type":"SearchAction","target":{"@type":"EntryPoint","urlTemplate":"https:\/\/staging.cremiacosmetics.com\/?s={search_term_string}"},"query-input":{"@type":"PropertyValueSpecification","valueRequired":true,"valueName":"search_term_string"}}],"inLanguage":"en-US"},{"@type":"Organization","@id":"https:\/\/staging.cremiacosmetics.com\/#organization","name":"Cremia Cosmetics","url":"https:\/\/staging.cremiacosmetics.com\/","logo":{"@type":"ImageObject","inLanguage":"en-US","@id":"https:\/\/staging.cremiacosmetics.com\/#\/schema\/logo\/image\/","url":"https:\/\/staging.cremiacosmetics.com\/wp-content\/uploads\/2024\/03\/Cremia-logo-15x15mm.svg","contentUrl":"https:\/\/staging.cremiacosmetics.com\/wp-content\/uploads\/2024\/03\/Cremia-logo-15x15mm.svg","width":42,"height":42,"caption":"Cremia Cosmetics"},"image":{"@id":"https:\/\/staging.cremiacosmetics.com\/#\/schema\/logo\/image\/"},"sameAs":["https:\/\/www.facebook.com\/cremiacosmetics","https:\/\/www.instagram.com\/cremiacosmetics\/"]}]},"product_price_currency":"HUF","og_availability":"instock","product_availability":"instock","product_retailer_item_id":"C-MSeP-HU-50","product_condition":"new"},"_links":{"self":[{"href":"https:\/\/staging.cremiacosmetics.com\/index.php?rest_route=\/wp\/v2\/product\/36016","targetHints":{"allow":["GET"]}}],"collection":[{"href":"https:\/\/staging.cremiacosmetics.com\/index.php?rest_route=\/wp\/v2\/product"}],"about":[{"href":"https:\/\/staging.cremiacosmetics.com\/index.php?rest_route=\/wp\/v2\/types\/product"}],"replies":[{"embeddable":true,"href":"https:\/\/staging.cremiacosmetics.com\/index.php?rest_route=%2Fwp%2Fv2%2Fcomments&post=36016"}],"version-history":[{"count":7,"href":"https:\/\/staging.cremiacosmetics.com\/index.php?rest_route=\/wp\/v2\/product\/36016\/revisions"}],"predecessor-version":[{"id":36436,"href":"https:\/\/staging.cremiacosmetics.com\/index.php?rest_route=\/wp\/v2\/product\/36016\/revisions\/36436"}],"wp:featuredmedia":[{"embeddable":true,"href":"https:\/\/staging.cremiacosmetics.com\/index.php?rest_route=\/wp\/v2\/media\/35963"}],"wp:attachment":[{"href":"https:\/\/staging.cremiacosmetics.com\/index.php?rest_route=%2Fwp%2Fv2%2Fmedia&parent=36016"}],"wp:term":[{"taxonomy":"product_brand","embeddable":true,"href":"https:\/\/staging.cremiacosmetics.com\/index.php?rest_route=%2Fwp%2Fv2%2Fproduct_brand&post=36016"},{"taxonomy":"product_cat","embeddable":true,"href":"https:\/\/staging.cremiacosmetics.com\/index.php?rest_route=%2Fwp%2Fv2%2Fproduct_cat&post=36016"},{"taxonomy":"product_tag","embeddable":true,"href":"https:\/\/staging.cremiacosmetics.com\/index.php?rest_route=%2Fwp%2Fv2%2Fproduct_tag&post=36016"}],"curies":[{"name":"wp","href":"https:\/\/api.w.org\/{rel}","templated":true}]}}