{"id":36007,"date":"2025-01-08T20:44:40","date_gmt":"2025-01-08T19:44:40","guid":{"rendered":"https:\/\/staging.cremiacosmetics.com\/?post_type=product&#038;p=36007"},"modified":"2025-03-27T15:45:42","modified_gmt":"2025-03-27T14:45:42","slug":"rosa-serum-professional","status":"publish","type":"product","link":"https:\/\/staging.cremiacosmetics.com\/?product=rosa-serum-professional","title":{"rendered":"Rosa Serum Professional 30ml"},"content":{"rendered":"<h5 data-start=\"899\" data-end=\"925\"><strong data-start=\"905\" data-end=\"923\">F\u0151 hat\u00f3anyagok<\/strong><\/h5>\n<ul data-start=\"926\" data-end=\"1326\">\n<li data-start=\"926\" data-end=\"1041\"><strong data-start=\"928\" data-end=\"959\">Couperine (Rukkola kivonat)<\/strong>: N\u00f6v\u00e9nyi eredet\u0171 \u00e9rfaler\u0151s\u00edt\u0151 hat\u00f3anyag, amely t\u00e1mogatja a b\u0151r mikrokering\u00e9s\u00e9t.<\/li>\n<li data-start=\"1042\" data-end=\"1136\"><strong data-start=\"1044\" data-end=\"1059\">Hialuronsav<\/strong>: Kiv\u00e1l\u00f3 hidrat\u00e1l\u00f3 \u00f6sszetev\u0151, amely kisim\u00edtja \u00e9s rugalmasabb\u00e1 teszi a b\u0151rt.<\/li>\n<li data-start=\"1229\" data-end=\"1326\"><strong data-start=\"1231\" data-end=\"1255\">Damaszkuszi r\u00f3zsav\u00edz<\/strong>: Term\u00e9szetes hidrat\u00e1l\u00f3, amely frissess\u00e9get \u00e9s puhas\u00e1got ad a b\u0151rnek.<\/li>\n<\/ul>\n<p>Alkalmaz\u00e1sa: a kozmetikai kezel\u00e9sek hat\u00f3anyag beviteli l\u00e9p\u00e9s\u00e9n\u00e9l aj\u00e1nljuk. A Hyaluron UG Gel al\u00e1 ecsettel vagy k\u00e9zzel vigy\u00e9l fel a b\u0151rre 4-5 csepp sz\u00e9rumot. Els\u0151sorban roz\u00e1ce\u00e1s b\u0151rre aj\u00e1nljuk.<\/p>\n<p>\u00d6sszetev\u0151k Aqua, Rosa Damascena flower water, Hydrolyzed Eruca Sativa Leaf, Hydrolyzed Opuntia Ficus-Indica Flower Extract, Hyaluronic acid (low and high molecular weight), Phenoxyethanol, Ethylhexylglycerine, Phenethyl Glycol and Glyceril caprilate, Sodium Benzoate, Potassium Sorbate, Citric Acid<\/p>\n<p>CPNP: 4858173<\/p>\n","protected":false},"excerpt":{"rendered":"<p data-start=\"40\" data-end=\"319\">A <strong data-start=\"42\" data-end=\"69\">Rosa Serum Professional<\/strong> egy \u00e9rfaler\u0151s\u00edt\u0151 hat\u00e1s\u00fa sz\u00e9rum, amely a rukkola kivonat \u00e9s az \u00e1rnika olaj erej\u00e9vel t\u00e1mogatja a b\u0151r rugalmass\u00e1g\u00e1t \u00e9s hidrat\u00e1lts\u00e1g\u00e1t. A hialuronsav \u00e9s a damaszkuszi r\u00f3zsav\u00edz intenz\u00edv hidrat\u00e1l\u00e1st biztos\u00edt, m\u00edg az aloe vera nyugtatja az \u00e9rz\u00e9keny b\u0151rt.<\/p>\n<h5 data-start=\"321\" data-end=\"340\"><strong data-start=\"327\" data-end=\"338\">El\u0151ny\u00f6k<\/strong><\/h5>\n<ul data-start=\"341\" data-end=\"747\">\n<li data-start=\"341\" data-end=\"447\"><strong data-start=\"343\" data-end=\"365\">\u00c9rfaler\u0151s\u00edt\u0151 hat\u00e1s<\/strong>: Seg\u00edt cs\u00f6kkenteni a hajsz\u00e1lerek l\u00e1that\u00f3s\u00e1g\u00e1t \u00e9s t\u00e1mogatja a b\u0151r rugalmass\u00e1g\u00e1t.<\/li>\n<li data-start=\"448\" data-end=\"565\"><strong data-start=\"450\" data-end=\"478\">Hosszan tart\u00f3 hidrat\u00e1l\u00e1s<\/strong>: A hialuronsav \u00e9s a r\u00f3zsav\u00edz m\u00e9lyen hidrat\u00e1lja a b\u0151rt, megakad\u00e1lyozva a kisz\u00e1rad\u00e1st.<\/li>\n<li data-start=\"566\" data-end=\"664\"><strong data-start=\"568\" data-end=\"586\">Nyugtat\u00f3 hat\u00e1s<\/strong>: Az aloe vera g\u00e9l cs\u00f6kkenti az irrit\u00e1ci\u00f3t \u00e9s kellemes komfort\u00e9rzetet ny\u00fajt.<\/li>\n<li data-start=\"665\" data-end=\"747\"><strong data-start=\"667\" data-end=\"686\">K\u00f6nnyed text\u00fara<\/strong>: Gyorsan felsz\u00edv\u00f3dik, \u00edgy minden b\u0151rt\u00edpus sz\u00e1m\u00e1ra ide\u00e1lis.<\/li>\n<\/ul>\n<h5 data-start=\"749\" data-end=\"776\"><strong data-start=\"755\" data-end=\"774\">Kinek aj\u00e1nljuk?<\/strong><\/h5>\n<p data-start=\"777\" data-end=\"897\">K\u00fcl\u00f6n\u00f6sen aj\u00e1nlott <strong data-start=\"796\" data-end=\"846\">\u00e9rz\u00e9keny, hajsz\u00e1leresed\u00e9sre hajlamos b\u0151r\u0171eknek<\/strong>, akik er\u0151sebb \u00e9s hidrat\u00e1lt b\u0151rfel\u00fcletre v\u00e1gynak.<\/p>\n","protected":false},"featured_media":35972,"comment_status":"open","ping_status":"closed","template":"","meta":[],"product_brand":[],"product_cat":[887,1415],"product_tag":[],"class_list":{"0":"post-36007","1":"product","2":"type-product","3":"status-publish","4":"has-post-thumbnail","6":"product_cat-professional","7":"product_cat-szerumok-professional","9":"first","10":"instock","11":"taxable","12":"shipping-taxable","13":"product-type-simple"},"bundled_by":[],"bundle_stock_status":"instock","bundle_stock_quantity":null,"bundle_virtual":false,"bundle_layout":"","bundle_add_to_cart_form_location":"","bundle_editable_in_cart":false,"bundle_sold_individually_context":"","bundle_item_grouping":"","bundle_min_size":"","bundle_max_size":"","bundle_price":[],"bundled_items":[],"bundle_sell_ids":[],"yoast_head":"<!-- This site is optimized with the Yoast SEO Premium plugin v24.9 (Yoast SEO v24.9) - https:\/\/yoast.com\/wordpress\/plugins\/seo\/ -->\n<title>Rosa Serum Professional 30ml - Cremia Cosmetics<\/title>\n<meta name=\"robots\" content=\"index, follow, max-snippet:-1, max-image-preview:large, max-video-preview:-1\" \/>\n<link rel=\"canonical\" href=\"https:\/\/staging.cremiacosmetics.com\/osszes-termek\/rosa-serum-professional\/\" \/>\n<meta property=\"og:locale\" content=\"en_US\" \/>\n<meta property=\"og:type\" content=\"article\" \/>\n<meta property=\"og:title\" content=\"Rosa Serum Professional 30ml\" \/>\n<meta property=\"og:description\" content=\"A Rosa Serum Professional egy \u00e9rfaler\u0151s\u00edt\u0151 hat\u00e1s\u00fa sz\u00e9rum, amely a rukkola kivonat \u00e9s az \u00e1rnika olaj erej\u00e9vel t\u00e1mogatja a b\u0151r rugalmass\u00e1g\u00e1t \u00e9s hidrat\u00e1lts\u00e1g\u00e1t. A hialuronsav \u00e9s a damaszkuszi r\u00f3zsav\u00edz intenz\u00edv hidrat\u00e1l\u00e1st biztos\u00edt, m\u00edg az aloe vera nyugtatja az \u00e9rz\u00e9keny b\u0151rt.  El\u0151ny\u00f6k   \u00c9rfaler\u0151s\u00edt\u0151 hat\u00e1s: Seg\u00edt cs\u00f6kkenteni a hajsz\u00e1lerek l\u00e1that\u00f3s\u00e1g\u00e1t \u00e9s t\u00e1mogatja a b\u0151r rugalmass\u00e1g\u00e1t.  Hosszan tart\u00f3 hidrat\u00e1l\u00e1s: A hialuronsav \u00e9s a r\u00f3zsav\u00edz m\u00e9lyen hidrat\u00e1lja a b\u0151rt, megakad\u00e1lyozva a kisz\u00e1rad\u00e1st.  Nyugtat\u00f3 hat\u00e1s: Az aloe vera g\u00e9l cs\u00f6kkenti az irrit\u00e1ci\u00f3t \u00e9s kellemes komfort\u00e9rzetet ny\u00fajt.  K\u00f6nnyed text\u00fara: Gyorsan felsz\u00edv\u00f3dik, \u00edgy minden b\u0151rt\u00edpus sz\u00e1m\u00e1ra ide\u00e1lis.  Kinek aj\u00e1nljuk? K\u00fcl\u00f6n\u00f6sen aj\u00e1nlott \u00e9rz\u00e9keny, hajsz\u00e1leresed\u00e9sre hajlamos b\u0151r\u0171eknek, akik er\u0151sebb \u00e9s hidrat\u00e1lt b\u0151rfel\u00fcletre v\u00e1gynak.\" \/>\n<meta property=\"og:url\" content=\"https:\/\/staging.cremiacosmetics.com\/osszes-termek\/rosa-serum-professional\/\" \/>\n<meta property=\"og:site_name\" content=\"Cremia Cosmetics\" \/>\n<meta property=\"article:publisher\" content=\"https:\/\/www.facebook.com\/cremiacosmetics\" \/>\n<meta property=\"article:modified_time\" content=\"2025-03-27T14:45:42+00:00\" \/>\n<meta property=\"og:image\" content=\"https:\/\/staging.cremiacosmetics.com\/wp-content\/uploads\/2025\/01\/rosa.jpg\" \/>\n\t<meta property=\"og:image:width\" content=\"800\" \/>\n\t<meta property=\"og:image:height\" content=\"800\" \/>\n\t<meta property=\"og:image:type\" content=\"image\/jpeg\" \/>\n<meta name=\"twitter:card\" content=\"summary_large_image\" \/>\n<meta name=\"twitter:label1\" content=\"Price\" \/>\n\t<meta name=\"twitter:data1\" content=\"\" \/>\n\t<meta name=\"twitter:label2\" content=\"Availability\" \/>\n\t<meta name=\"twitter:data2\" content=\"In stock\" \/>\n<script type=\"application\/ld+json\" class=\"yoast-schema-graph\">{\"@context\":\"https:\/\/schema.org\",\"@graph\":[{\"@type\":\"WebPage\",\"@id\":\"https:\/\/staging.cremiacosmetics.com\/osszes-termek\/rosa-serum-professional\/\",\"url\":\"https:\/\/staging.cremiacosmetics.com\/osszes-termek\/rosa-serum-professional\/\",\"name\":\"Rosa Serum Professional 30ml - Cremia Cosmetics\",\"isPartOf\":{\"@id\":\"https:\/\/staging.cremiacosmetics.com\/#website\"},\"primaryImageOfPage\":{\"@id\":\"https:\/\/staging.cremiacosmetics.com\/osszes-termek\/rosa-serum-professional\/#primaryimage\"},\"image\":{\"@id\":\"https:\/\/staging.cremiacosmetics.com\/osszes-termek\/rosa-serum-professional\/#primaryimage\"},\"thumbnailUrl\":\"https:\/\/staging.cremiacosmetics.com\/wp-content\/uploads\/2025\/01\/rosa.jpg\",\"datePublished\":\"2025-01-08T19:44:40+00:00\",\"dateModified\":\"2025-03-27T14:45:42+00:00\",\"breadcrumb\":{\"@id\":\"https:\/\/staging.cremiacosmetics.com\/osszes-termek\/rosa-serum-professional\/#breadcrumb\"},\"inLanguage\":\"en-US\",\"potentialAction\":[{\"@type\":\"ReadAction\",\"target\":[\"https:\/\/staging.cremiacosmetics.com\/osszes-termek\/rosa-serum-professional\/\"]}]},{\"@type\":\"ImageObject\",\"inLanguage\":\"en-US\",\"@id\":\"https:\/\/staging.cremiacosmetics.com\/osszes-termek\/rosa-serum-professional\/#primaryimage\",\"url\":\"https:\/\/staging.cremiacosmetics.com\/wp-content\/uploads\/2025\/01\/rosa.jpg\",\"contentUrl\":\"https:\/\/staging.cremiacosmetics.com\/wp-content\/uploads\/2025\/01\/rosa.jpg\",\"width\":800,\"height\":800},{\"@type\":\"BreadcrumbList\",\"@id\":\"https:\/\/staging.cremiacosmetics.com\/osszes-termek\/rosa-serum-professional\/#breadcrumb\",\"itemListElement\":[{\"@type\":\"ListItem\",\"position\":1,\"name\":\"Kezd\u0151lap\",\"item\":\"https:\/\/staging.cremiacosmetics.com\/\"},{\"@type\":\"ListItem\",\"position\":2,\"name\":\"\u00d6sszes term\u00e9k\",\"item\":\"https:\/\/staging.cremiacosmetics.com\/?page_id=15931\"},{\"@type\":\"ListItem\",\"position\":3,\"name\":\"Rosa Serum Professional 30ml\"}]},{\"@type\":\"WebSite\",\"@id\":\"https:\/\/staging.cremiacosmetics.com\/#website\",\"url\":\"https:\/\/staging.cremiacosmetics.com\/\",\"name\":\"Cremia Cosmetics\",\"description\":\"Nature-powered beauty\",\"publisher\":{\"@id\":\"https:\/\/staging.cremiacosmetics.com\/#organization\"},\"potentialAction\":[{\"@type\":\"SearchAction\",\"target\":{\"@type\":\"EntryPoint\",\"urlTemplate\":\"https:\/\/staging.cremiacosmetics.com\/?s={search_term_string}\"},\"query-input\":{\"@type\":\"PropertyValueSpecification\",\"valueRequired\":true,\"valueName\":\"search_term_string\"}}],\"inLanguage\":\"en-US\"},{\"@type\":\"Organization\",\"@id\":\"https:\/\/staging.cremiacosmetics.com\/#organization\",\"name\":\"Cremia Cosmetics\",\"url\":\"https:\/\/staging.cremiacosmetics.com\/\",\"logo\":{\"@type\":\"ImageObject\",\"inLanguage\":\"en-US\",\"@id\":\"https:\/\/staging.cremiacosmetics.com\/#\/schema\/logo\/image\/\",\"url\":\"https:\/\/staging.cremiacosmetics.com\/wp-content\/uploads\/2024\/03\/Cremia-logo-15x15mm.svg\",\"contentUrl\":\"https:\/\/staging.cremiacosmetics.com\/wp-content\/uploads\/2024\/03\/Cremia-logo-15x15mm.svg\",\"width\":42,\"height\":42,\"caption\":\"Cremia Cosmetics\"},\"image\":{\"@id\":\"https:\/\/staging.cremiacosmetics.com\/#\/schema\/logo\/image\/\"},\"sameAs\":[\"https:\/\/www.facebook.com\/cremiacosmetics\",\"https:\/\/www.instagram.com\/cremiacosmetics\/\"]}]}<\/script>\n<meta property=\"product:price:amount\" content=\"0\" \/>\n<meta property=\"product:price:currency\" content=\"HUF\" \/>\n<meta property=\"og:availability\" content=\"instock\" \/>\n<meta property=\"product:availability\" content=\"instock\" \/>\n<meta property=\"product:retailer_item_id\" content=\"C-RSP-HU-30\" \/>\n<meta property=\"product:condition\" content=\"new\" \/>\n<!-- \/ Yoast SEO Premium plugin. -->","yoast_head_json":{"title":"Rosa Serum Professional 30ml - Cremia Cosmetics","robots":{"index":"index","follow":"follow","max-snippet":"max-snippet:-1","max-image-preview":"max-image-preview:large","max-video-preview":"max-video-preview:-1"},"canonical":"https:\/\/staging.cremiacosmetics.com\/osszes-termek\/rosa-serum-professional\/","og_locale":"en_US","og_type":"article","og_title":"Rosa Serum Professional 30ml","og_description":"A Rosa Serum Professional egy \u00e9rfaler\u0151s\u00edt\u0151 hat\u00e1s\u00fa sz\u00e9rum, amely a rukkola kivonat \u00e9s az \u00e1rnika olaj erej\u00e9vel t\u00e1mogatja a b\u0151r rugalmass\u00e1g\u00e1t \u00e9s hidrat\u00e1lts\u00e1g\u00e1t. A hialuronsav \u00e9s a damaszkuszi r\u00f3zsav\u00edz intenz\u00edv hidrat\u00e1l\u00e1st biztos\u00edt, m\u00edg az aloe vera nyugtatja az \u00e9rz\u00e9keny b\u0151rt.  El\u0151ny\u00f6k   \u00c9rfaler\u0151s\u00edt\u0151 hat\u00e1s: Seg\u00edt cs\u00f6kkenteni a hajsz\u00e1lerek l\u00e1that\u00f3s\u00e1g\u00e1t \u00e9s t\u00e1mogatja a b\u0151r rugalmass\u00e1g\u00e1t.  Hosszan tart\u00f3 hidrat\u00e1l\u00e1s: A hialuronsav \u00e9s a r\u00f3zsav\u00edz m\u00e9lyen hidrat\u00e1lja a b\u0151rt, megakad\u00e1lyozva a kisz\u00e1rad\u00e1st.  Nyugtat\u00f3 hat\u00e1s: Az aloe vera g\u00e9l cs\u00f6kkenti az irrit\u00e1ci\u00f3t \u00e9s kellemes komfort\u00e9rzetet ny\u00fajt.  K\u00f6nnyed text\u00fara: Gyorsan felsz\u00edv\u00f3dik, \u00edgy minden b\u0151rt\u00edpus sz\u00e1m\u00e1ra ide\u00e1lis.  Kinek aj\u00e1nljuk? K\u00fcl\u00f6n\u00f6sen aj\u00e1nlott \u00e9rz\u00e9keny, hajsz\u00e1leresed\u00e9sre hajlamos b\u0151r\u0171eknek, akik er\u0151sebb \u00e9s hidrat\u00e1lt b\u0151rfel\u00fcletre v\u00e1gynak.","og_url":"https:\/\/staging.cremiacosmetics.com\/osszes-termek\/rosa-serum-professional\/","og_site_name":"Cremia Cosmetics","article_publisher":"https:\/\/www.facebook.com\/cremiacosmetics","article_modified_time":"2025-03-27T14:45:42+00:00","og_image":[{"width":800,"height":800,"url":"https:\/\/staging.cremiacosmetics.com\/wp-content\/uploads\/2025\/01\/rosa.jpg","type":"image\/jpeg"}],"twitter_card":"summary_large_image","twitter_misc":{"Price":"","Availability":"In stock"},"schema":{"@context":"https:\/\/schema.org","@graph":[{"@type":"WebPage","@id":"https:\/\/staging.cremiacosmetics.com\/osszes-termek\/rosa-serum-professional\/","url":"https:\/\/staging.cremiacosmetics.com\/osszes-termek\/rosa-serum-professional\/","name":"Rosa Serum Professional 30ml - Cremia Cosmetics","isPartOf":{"@id":"https:\/\/staging.cremiacosmetics.com\/#website"},"primaryImageOfPage":{"@id":"https:\/\/staging.cremiacosmetics.com\/osszes-termek\/rosa-serum-professional\/#primaryimage"},"image":{"@id":"https:\/\/staging.cremiacosmetics.com\/osszes-termek\/rosa-serum-professional\/#primaryimage"},"thumbnailUrl":"https:\/\/staging.cremiacosmetics.com\/wp-content\/uploads\/2025\/01\/rosa.jpg","datePublished":"2025-01-08T19:44:40+00:00","dateModified":"2025-03-27T14:45:42+00:00","breadcrumb":{"@id":"https:\/\/staging.cremiacosmetics.com\/osszes-termek\/rosa-serum-professional\/#breadcrumb"},"inLanguage":"en-US","potentialAction":[{"@type":"ReadAction","target":["https:\/\/staging.cremiacosmetics.com\/osszes-termek\/rosa-serum-professional\/"]}]},{"@type":"ImageObject","inLanguage":"en-US","@id":"https:\/\/staging.cremiacosmetics.com\/osszes-termek\/rosa-serum-professional\/#primaryimage","url":"https:\/\/staging.cremiacosmetics.com\/wp-content\/uploads\/2025\/01\/rosa.jpg","contentUrl":"https:\/\/staging.cremiacosmetics.com\/wp-content\/uploads\/2025\/01\/rosa.jpg","width":800,"height":800},{"@type":"BreadcrumbList","@id":"https:\/\/staging.cremiacosmetics.com\/osszes-termek\/rosa-serum-professional\/#breadcrumb","itemListElement":[{"@type":"ListItem","position":1,"name":"Kezd\u0151lap","item":"https:\/\/staging.cremiacosmetics.com\/"},{"@type":"ListItem","position":2,"name":"\u00d6sszes term\u00e9k","item":"https:\/\/staging.cremiacosmetics.com\/?page_id=15931"},{"@type":"ListItem","position":3,"name":"Rosa Serum Professional 30ml"}]},{"@type":"WebSite","@id":"https:\/\/staging.cremiacosmetics.com\/#website","url":"https:\/\/staging.cremiacosmetics.com\/","name":"Cremia Cosmetics","description":"Nature-powered beauty","publisher":{"@id":"https:\/\/staging.cremiacosmetics.com\/#organization"},"potentialAction":[{"@type":"SearchAction","target":{"@type":"EntryPoint","urlTemplate":"https:\/\/staging.cremiacosmetics.com\/?s={search_term_string}"},"query-input":{"@type":"PropertyValueSpecification","valueRequired":true,"valueName":"search_term_string"}}],"inLanguage":"en-US"},{"@type":"Organization","@id":"https:\/\/staging.cremiacosmetics.com\/#organization","name":"Cremia Cosmetics","url":"https:\/\/staging.cremiacosmetics.com\/","logo":{"@type":"ImageObject","inLanguage":"en-US","@id":"https:\/\/staging.cremiacosmetics.com\/#\/schema\/logo\/image\/","url":"https:\/\/staging.cremiacosmetics.com\/wp-content\/uploads\/2024\/03\/Cremia-logo-15x15mm.svg","contentUrl":"https:\/\/staging.cremiacosmetics.com\/wp-content\/uploads\/2024\/03\/Cremia-logo-15x15mm.svg","width":42,"height":42,"caption":"Cremia Cosmetics"},"image":{"@id":"https:\/\/staging.cremiacosmetics.com\/#\/schema\/logo\/image\/"},"sameAs":["https:\/\/www.facebook.com\/cremiacosmetics","https:\/\/www.instagram.com\/cremiacosmetics\/"]}]},"product_price_currency":"HUF","og_availability":"instock","product_availability":"instock","product_retailer_item_id":"C-RSP-HU-30","product_condition":"new"},"_links":{"self":[{"href":"https:\/\/staging.cremiacosmetics.com\/index.php?rest_route=\/wp\/v2\/product\/36007","targetHints":{"allow":["GET"]}}],"collection":[{"href":"https:\/\/staging.cremiacosmetics.com\/index.php?rest_route=\/wp\/v2\/product"}],"about":[{"href":"https:\/\/staging.cremiacosmetics.com\/index.php?rest_route=\/wp\/v2\/types\/product"}],"replies":[{"embeddable":true,"href":"https:\/\/staging.cremiacosmetics.com\/index.php?rest_route=%2Fwp%2Fv2%2Fcomments&post=36007"}],"version-history":[{"count":6,"href":"https:\/\/staging.cremiacosmetics.com\/index.php?rest_route=\/wp\/v2\/product\/36007\/revisions"}],"predecessor-version":[{"id":36435,"href":"https:\/\/staging.cremiacosmetics.com\/index.php?rest_route=\/wp\/v2\/product\/36007\/revisions\/36435"}],"wp:featuredmedia":[{"embeddable":true,"href":"https:\/\/staging.cremiacosmetics.com\/index.php?rest_route=\/wp\/v2\/media\/35972"}],"wp:attachment":[{"href":"https:\/\/staging.cremiacosmetics.com\/index.php?rest_route=%2Fwp%2Fv2%2Fmedia&parent=36007"}],"wp:term":[{"taxonomy":"product_brand","embeddable":true,"href":"https:\/\/staging.cremiacosmetics.com\/index.php?rest_route=%2Fwp%2Fv2%2Fproduct_brand&post=36007"},{"taxonomy":"product_cat","embeddable":true,"href":"https:\/\/staging.cremiacosmetics.com\/index.php?rest_route=%2Fwp%2Fv2%2Fproduct_cat&post=36007"},{"taxonomy":"product_tag","embeddable":true,"href":"https:\/\/staging.cremiacosmetics.com\/index.php?rest_route=%2Fwp%2Fv2%2Fproduct_tag&post=36007"}],"curies":[{"name":"wp","href":"https:\/\/api.w.org\/{rel}","templated":true}]}}