{"id":36003,"date":"2025-01-08T20:37:55","date_gmt":"2025-01-08T19:37:55","guid":{"rendered":"https:\/\/staging.cremiacosmetics.com\/?post_type=product&#038;p=36003"},"modified":"2025-04-10T13:34:37","modified_gmt":"2025-04-10T11:34:37","slug":"centella-serum-professional-30ml","status":"publish","type":"product","link":"https:\/\/staging.cremiacosmetics.com\/?product=centella-serum-professional-30ml","title":{"rendered":"Centella Serum Professional 30ml"},"content":{"rendered":"<p>Alkalmaz\u00e1sa: Ultrahang zsel\u00e9 al\u00e1 4-5 csepp sz\u00e9rumot vigy\u00e9l fel a b\u0151rre. Aj\u00e1nlott a Cremia Hyaluron UH Gel haszn\u00e1lata<\/p>\n<p>F\u0151 hat\u00f3anyagai:<br \/>\n\u2022 Centella Asiatica kivonat<br \/>\n\u2022 Hyaluronsav \u2013 kis \u00e9s nagy molekulat\u00f6meg\u0171<br \/>\n\u2022 Damaszkuszi r\u00f3zsav\u00edz<\/p>\n<p>\u00d6sszetev\u0151k: Aqua, Rosa damascena flower water, Glycerin, Centella Asiatica extract, Hyaluronic acids, Phenoxyethanol, Ethylhexylglycerine, Phenethyl Glycol and Glyceril caprilate<\/p>\n","protected":false},"excerpt":{"rendered":"<p>B\u0151rbarrier regener\u00e1l\u00f3 hialuron sz\u00e9rum Centella Asiatica (\u00e1zsiai g\u00e1zl\u00f3f\u0171) kivonattal<\/p>\n<p><strong>Hogyan m\u0171k\u00f6dik az \u00e1zsiai g\u00e1zl\u00f3?<\/strong><br \/>\n\u2022 A Centella Asiatica gy\u00f3gyn\u00f6v\u00e9ny regener\u00e1l\u00f3 hat\u00e1s\u00fa<br \/>\n\u2022 Tulajdons\u00e1gait els\u0151sorban a triterp\u00e9n-szaponinoknak k\u00f6sz\u00f6nheti.<br \/>\n\u2022 Centella Asiatica a b\u0151rsejtek \u00e1ltal termelt kollag\u00e9n \u00e9s egy\u00e9b \u00f6sszetev\u0151k szint\u00e9zis\u00e9nek serkent\u00e9s\u00e9vel seg\u00edti a hegesed\u00e9st vagy a sebgy\u00f3gyul\u00e1st.<br \/>\nGyullad\u00e1scs\u00f6kkent\u0151, antibakteri\u00e1lis \u00e9s nyugtat\u00f3 tulajdons\u00e1gokkal is rendelkezik, \u00edgy a pattan\u00e1sos b\u0151r\u0171ek sz\u00e1m\u00e1ra mindenk\u00e9ppen bev\u00e1lik. Nem csak arc- \u00e9s testkozmetik\u00e1ban, hanem a cellulitcs\u00f6kkent\u0151, a stri\u00e1k megel\u0151z\u00e9s\u00e9t seg\u00edt\u0151 \u00e9s a<br \/>\n\u201enapoz\u00e1s ut\u00e1ni\u201d term\u00e9kekben is fellelhet\u0151.<br \/>\n\u2022 Az \u00e1zsiai g\u00e1zl\u00f3 hat\u00e1sai: gyullad\u00e1sg\u00e1tl\u00e1s, regener\u00e1l\u00e1s, antioxid\u00e1ns hat\u00e1s, kollag\u00e9ntermel\u00e9s stimul\u00e1l\u00e1s, antibakteri\u00e1lis hat\u00e1s, sebgy\u00f3gyul\u00e1s gyors\u00edt\u00e1sa.<\/p>\n","protected":false},"featured_media":35956,"comment_status":"open","ping_status":"closed","template":"","meta":[],"product_brand":[],"product_cat":[887,1415],"product_tag":[],"class_list":{"0":"post-36003","1":"product","2":"type-product","3":"status-publish","4":"has-post-thumbnail","6":"product_cat-professional","7":"product_cat-szerumok-professional","9":"first","10":"instock","11":"taxable","12":"shipping-taxable","13":"product-type-simple"},"bundled_by":[],"bundle_stock_status":"instock","bundle_stock_quantity":null,"bundle_virtual":false,"bundle_layout":"","bundle_add_to_cart_form_location":"","bundle_editable_in_cart":false,"bundle_sold_individually_context":"","bundle_item_grouping":"","bundle_min_size":"","bundle_max_size":"","bundle_price":[],"bundled_items":[],"bundle_sell_ids":[],"yoast_head":"<!-- This site is optimized with the Yoast SEO Premium plugin v24.9 (Yoast SEO v24.9) - https:\/\/yoast.com\/wordpress\/plugins\/seo\/ -->\n<title>Centella Serum Professional 30ml - Cremia Cosmetics<\/title>\n<meta name=\"robots\" content=\"index, follow, max-snippet:-1, max-image-preview:large, max-video-preview:-1\" \/>\n<link rel=\"canonical\" href=\"https:\/\/staging.cremiacosmetics.com\/osszes-termek\/centella-serum-professional-30ml\/\" \/>\n<meta property=\"og:locale\" content=\"en_US\" \/>\n<meta property=\"og:type\" content=\"article\" \/>\n<meta property=\"og:title\" content=\"Centella Serum Professional 30ml\" \/>\n<meta property=\"og:description\" content=\"B\u0151rbarrier regener\u00e1l\u00f3 hialuron sz\u00e9rum Centella Asiatica (\u00e1zsiai g\u00e1zl\u00f3f\u0171) kivonattal  Hogyan m\u0171k\u00f6dik az \u00e1zsiai g\u00e1zl\u00f3? \u2022 A Centella Asiatica gy\u00f3gyn\u00f6v\u00e9ny regener\u00e1l\u00f3 hat\u00e1s\u00fa \u2022 Tulajdons\u00e1gait els\u0151sorban a triterp\u00e9n-szaponinoknak k\u00f6sz\u00f6nheti. \u2022 Centella Asiatica a b\u0151rsejtek \u00e1ltal termelt kollag\u00e9n \u00e9s egy\u00e9b \u00f6sszetev\u0151k szint\u00e9zis\u00e9nek serkent\u00e9s\u00e9vel seg\u00edti a hegesed\u00e9st vagy a sebgy\u00f3gyul\u00e1st. Gyullad\u00e1scs\u00f6kkent\u0151, antibakteri\u00e1lis \u00e9s nyugtat\u00f3 tulajdons\u00e1gokkal is rendelkezik, \u00edgy a pattan\u00e1sos b\u0151r\u0171ek sz\u00e1m\u00e1ra mindenk\u00e9ppen bev\u00e1lik. Nem csak arc- \u00e9s testkozmetik\u00e1ban, hanem a cellulitcs\u00f6kkent\u0151, a stri\u00e1k megel\u0151z\u00e9s\u00e9t seg\u00edt\u0151 \u00e9s a \u201enapoz\u00e1s ut\u00e1ni\u201d term\u00e9kekben is fellelhet\u0151. \u2022 Az \u00e1zsiai g\u00e1zl\u00f3 hat\u00e1sai: gyullad\u00e1sg\u00e1tl\u00e1s, regener\u00e1l\u00e1s, antioxid\u00e1ns hat\u00e1s, kollag\u00e9ntermel\u00e9s stimul\u00e1l\u00e1s, antibakteri\u00e1lis hat\u00e1s, sebgy\u00f3gyul\u00e1s gyors\u00edt\u00e1sa.\" \/>\n<meta property=\"og:url\" content=\"https:\/\/staging.cremiacosmetics.com\/osszes-termek\/centella-serum-professional-30ml\/\" \/>\n<meta property=\"og:site_name\" content=\"Cremia Cosmetics\" \/>\n<meta property=\"article:publisher\" content=\"https:\/\/www.facebook.com\/cremiacosmetics\" \/>\n<meta property=\"article:modified_time\" content=\"2025-04-10T11:34:37+00:00\" \/>\n<meta property=\"og:image\" content=\"https:\/\/staging.cremiacosmetics.com\/wp-content\/uploads\/2025\/01\/centella.jpg\" \/>\n\t<meta property=\"og:image:width\" content=\"800\" \/>\n\t<meta property=\"og:image:height\" content=\"800\" \/>\n\t<meta property=\"og:image:type\" content=\"image\/jpeg\" \/>\n<meta name=\"twitter:card\" content=\"summary_large_image\" \/>\n<meta name=\"twitter:label1\" content=\"Price\" \/>\n\t<meta name=\"twitter:data1\" content=\"\" \/>\n\t<meta name=\"twitter:label2\" content=\"Availability\" \/>\n\t<meta name=\"twitter:data2\" content=\"In stock\" \/>\n<script type=\"application\/ld+json\" class=\"yoast-schema-graph\">{\"@context\":\"https:\/\/schema.org\",\"@graph\":[{\"@type\":\"WebPage\",\"@id\":\"https:\/\/staging.cremiacosmetics.com\/osszes-termek\/centella-serum-professional-30ml\/\",\"url\":\"https:\/\/staging.cremiacosmetics.com\/osszes-termek\/centella-serum-professional-30ml\/\",\"name\":\"Centella Serum Professional 30ml - Cremia Cosmetics\",\"isPartOf\":{\"@id\":\"https:\/\/staging.cremiacosmetics.com\/#website\"},\"primaryImageOfPage\":{\"@id\":\"https:\/\/staging.cremiacosmetics.com\/osszes-termek\/centella-serum-professional-30ml\/#primaryimage\"},\"image\":{\"@id\":\"https:\/\/staging.cremiacosmetics.com\/osszes-termek\/centella-serum-professional-30ml\/#primaryimage\"},\"thumbnailUrl\":\"https:\/\/staging.cremiacosmetics.com\/wp-content\/uploads\/2025\/01\/centella.jpg\",\"datePublished\":\"2025-01-08T19:37:55+00:00\",\"dateModified\":\"2025-04-10T11:34:37+00:00\",\"breadcrumb\":{\"@id\":\"https:\/\/staging.cremiacosmetics.com\/osszes-termek\/centella-serum-professional-30ml\/#breadcrumb\"},\"inLanguage\":\"en-US\",\"potentialAction\":[{\"@type\":\"ReadAction\",\"target\":[\"https:\/\/staging.cremiacosmetics.com\/osszes-termek\/centella-serum-professional-30ml\/\"]}]},{\"@type\":\"ImageObject\",\"inLanguage\":\"en-US\",\"@id\":\"https:\/\/staging.cremiacosmetics.com\/osszes-termek\/centella-serum-professional-30ml\/#primaryimage\",\"url\":\"https:\/\/staging.cremiacosmetics.com\/wp-content\/uploads\/2025\/01\/centella.jpg\",\"contentUrl\":\"https:\/\/staging.cremiacosmetics.com\/wp-content\/uploads\/2025\/01\/centella.jpg\",\"width\":800,\"height\":800},{\"@type\":\"BreadcrumbList\",\"@id\":\"https:\/\/staging.cremiacosmetics.com\/osszes-termek\/centella-serum-professional-30ml\/#breadcrumb\",\"itemListElement\":[{\"@type\":\"ListItem\",\"position\":1,\"name\":\"Kezd\u0151lap\",\"item\":\"https:\/\/staging.cremiacosmetics.com\/\"},{\"@type\":\"ListItem\",\"position\":2,\"name\":\"\u00d6sszes term\u00e9k\",\"item\":\"https:\/\/staging.cremiacosmetics.com\/?page_id=15931\"},{\"@type\":\"ListItem\",\"position\":3,\"name\":\"Centella Serum Professional 30ml\"}]},{\"@type\":\"WebSite\",\"@id\":\"https:\/\/staging.cremiacosmetics.com\/#website\",\"url\":\"https:\/\/staging.cremiacosmetics.com\/\",\"name\":\"Cremia Cosmetics\",\"description\":\"Nature-powered beauty\",\"publisher\":{\"@id\":\"https:\/\/staging.cremiacosmetics.com\/#organization\"},\"potentialAction\":[{\"@type\":\"SearchAction\",\"target\":{\"@type\":\"EntryPoint\",\"urlTemplate\":\"https:\/\/staging.cremiacosmetics.com\/?s={search_term_string}\"},\"query-input\":{\"@type\":\"PropertyValueSpecification\",\"valueRequired\":true,\"valueName\":\"search_term_string\"}}],\"inLanguage\":\"en-US\"},{\"@type\":\"Organization\",\"@id\":\"https:\/\/staging.cremiacosmetics.com\/#organization\",\"name\":\"Cremia Cosmetics\",\"url\":\"https:\/\/staging.cremiacosmetics.com\/\",\"logo\":{\"@type\":\"ImageObject\",\"inLanguage\":\"en-US\",\"@id\":\"https:\/\/staging.cremiacosmetics.com\/#\/schema\/logo\/image\/\",\"url\":\"https:\/\/staging.cremiacosmetics.com\/wp-content\/uploads\/2024\/03\/Cremia-logo-15x15mm.svg\",\"contentUrl\":\"https:\/\/staging.cremiacosmetics.com\/wp-content\/uploads\/2024\/03\/Cremia-logo-15x15mm.svg\",\"width\":42,\"height\":42,\"caption\":\"Cremia Cosmetics\"},\"image\":{\"@id\":\"https:\/\/staging.cremiacosmetics.com\/#\/schema\/logo\/image\/\"},\"sameAs\":[\"https:\/\/www.facebook.com\/cremiacosmetics\",\"https:\/\/www.instagram.com\/cremiacosmetics\/\"]}]}<\/script>\n<meta property=\"product:price:amount\" content=\"0\" \/>\n<meta property=\"product:price:currency\" content=\"HUF\" \/>\n<meta property=\"og:availability\" content=\"instock\" \/>\n<meta property=\"product:availability\" content=\"instock\" \/>\n<meta property=\"product:retailer_item_id\" content=\"C-CeSP-HU-30\" \/>\n<meta property=\"product:condition\" content=\"new\" \/>\n<!-- \/ Yoast SEO Premium plugin. -->","yoast_head_json":{"title":"Centella Serum Professional 30ml - Cremia Cosmetics","robots":{"index":"index","follow":"follow","max-snippet":"max-snippet:-1","max-image-preview":"max-image-preview:large","max-video-preview":"max-video-preview:-1"},"canonical":"https:\/\/staging.cremiacosmetics.com\/osszes-termek\/centella-serum-professional-30ml\/","og_locale":"en_US","og_type":"article","og_title":"Centella Serum Professional 30ml","og_description":"B\u0151rbarrier regener\u00e1l\u00f3 hialuron sz\u00e9rum Centella Asiatica (\u00e1zsiai g\u00e1zl\u00f3f\u0171) kivonattal  Hogyan m\u0171k\u00f6dik az \u00e1zsiai g\u00e1zl\u00f3? \u2022 A Centella Asiatica gy\u00f3gyn\u00f6v\u00e9ny regener\u00e1l\u00f3 hat\u00e1s\u00fa \u2022 Tulajdons\u00e1gait els\u0151sorban a triterp\u00e9n-szaponinoknak k\u00f6sz\u00f6nheti. \u2022 Centella Asiatica a b\u0151rsejtek \u00e1ltal termelt kollag\u00e9n \u00e9s egy\u00e9b \u00f6sszetev\u0151k szint\u00e9zis\u00e9nek serkent\u00e9s\u00e9vel seg\u00edti a hegesed\u00e9st vagy a sebgy\u00f3gyul\u00e1st. Gyullad\u00e1scs\u00f6kkent\u0151, antibakteri\u00e1lis \u00e9s nyugtat\u00f3 tulajdons\u00e1gokkal is rendelkezik, \u00edgy a pattan\u00e1sos b\u0151r\u0171ek sz\u00e1m\u00e1ra mindenk\u00e9ppen bev\u00e1lik. Nem csak arc- \u00e9s testkozmetik\u00e1ban, hanem a cellulitcs\u00f6kkent\u0151, a stri\u00e1k megel\u0151z\u00e9s\u00e9t seg\u00edt\u0151 \u00e9s a \u201enapoz\u00e1s ut\u00e1ni\u201d term\u00e9kekben is fellelhet\u0151. \u2022 Az \u00e1zsiai g\u00e1zl\u00f3 hat\u00e1sai: gyullad\u00e1sg\u00e1tl\u00e1s, regener\u00e1l\u00e1s, antioxid\u00e1ns hat\u00e1s, kollag\u00e9ntermel\u00e9s stimul\u00e1l\u00e1s, antibakteri\u00e1lis hat\u00e1s, sebgy\u00f3gyul\u00e1s gyors\u00edt\u00e1sa.","og_url":"https:\/\/staging.cremiacosmetics.com\/osszes-termek\/centella-serum-professional-30ml\/","og_site_name":"Cremia Cosmetics","article_publisher":"https:\/\/www.facebook.com\/cremiacosmetics","article_modified_time":"2025-04-10T11:34:37+00:00","og_image":[{"width":800,"height":800,"url":"https:\/\/staging.cremiacosmetics.com\/wp-content\/uploads\/2025\/01\/centella.jpg","type":"image\/jpeg"}],"twitter_card":"summary_large_image","twitter_misc":{"Price":"","Availability":"In stock"},"schema":{"@context":"https:\/\/schema.org","@graph":[{"@type":"WebPage","@id":"https:\/\/staging.cremiacosmetics.com\/osszes-termek\/centella-serum-professional-30ml\/","url":"https:\/\/staging.cremiacosmetics.com\/osszes-termek\/centella-serum-professional-30ml\/","name":"Centella Serum Professional 30ml - Cremia Cosmetics","isPartOf":{"@id":"https:\/\/staging.cremiacosmetics.com\/#website"},"primaryImageOfPage":{"@id":"https:\/\/staging.cremiacosmetics.com\/osszes-termek\/centella-serum-professional-30ml\/#primaryimage"},"image":{"@id":"https:\/\/staging.cremiacosmetics.com\/osszes-termek\/centella-serum-professional-30ml\/#primaryimage"},"thumbnailUrl":"https:\/\/staging.cremiacosmetics.com\/wp-content\/uploads\/2025\/01\/centella.jpg","datePublished":"2025-01-08T19:37:55+00:00","dateModified":"2025-04-10T11:34:37+00:00","breadcrumb":{"@id":"https:\/\/staging.cremiacosmetics.com\/osszes-termek\/centella-serum-professional-30ml\/#breadcrumb"},"inLanguage":"en-US","potentialAction":[{"@type":"ReadAction","target":["https:\/\/staging.cremiacosmetics.com\/osszes-termek\/centella-serum-professional-30ml\/"]}]},{"@type":"ImageObject","inLanguage":"en-US","@id":"https:\/\/staging.cremiacosmetics.com\/osszes-termek\/centella-serum-professional-30ml\/#primaryimage","url":"https:\/\/staging.cremiacosmetics.com\/wp-content\/uploads\/2025\/01\/centella.jpg","contentUrl":"https:\/\/staging.cremiacosmetics.com\/wp-content\/uploads\/2025\/01\/centella.jpg","width":800,"height":800},{"@type":"BreadcrumbList","@id":"https:\/\/staging.cremiacosmetics.com\/osszes-termek\/centella-serum-professional-30ml\/#breadcrumb","itemListElement":[{"@type":"ListItem","position":1,"name":"Kezd\u0151lap","item":"https:\/\/staging.cremiacosmetics.com\/"},{"@type":"ListItem","position":2,"name":"\u00d6sszes term\u00e9k","item":"https:\/\/staging.cremiacosmetics.com\/?page_id=15931"},{"@type":"ListItem","position":3,"name":"Centella Serum Professional 30ml"}]},{"@type":"WebSite","@id":"https:\/\/staging.cremiacosmetics.com\/#website","url":"https:\/\/staging.cremiacosmetics.com\/","name":"Cremia Cosmetics","description":"Nature-powered beauty","publisher":{"@id":"https:\/\/staging.cremiacosmetics.com\/#organization"},"potentialAction":[{"@type":"SearchAction","target":{"@type":"EntryPoint","urlTemplate":"https:\/\/staging.cremiacosmetics.com\/?s={search_term_string}"},"query-input":{"@type":"PropertyValueSpecification","valueRequired":true,"valueName":"search_term_string"}}],"inLanguage":"en-US"},{"@type":"Organization","@id":"https:\/\/staging.cremiacosmetics.com\/#organization","name":"Cremia Cosmetics","url":"https:\/\/staging.cremiacosmetics.com\/","logo":{"@type":"ImageObject","inLanguage":"en-US","@id":"https:\/\/staging.cremiacosmetics.com\/#\/schema\/logo\/image\/","url":"https:\/\/staging.cremiacosmetics.com\/wp-content\/uploads\/2024\/03\/Cremia-logo-15x15mm.svg","contentUrl":"https:\/\/staging.cremiacosmetics.com\/wp-content\/uploads\/2024\/03\/Cremia-logo-15x15mm.svg","width":42,"height":42,"caption":"Cremia Cosmetics"},"image":{"@id":"https:\/\/staging.cremiacosmetics.com\/#\/schema\/logo\/image\/"},"sameAs":["https:\/\/www.facebook.com\/cremiacosmetics","https:\/\/www.instagram.com\/cremiacosmetics\/"]}]},"product_price_currency":"HUF","og_availability":"instock","product_availability":"instock","product_retailer_item_id":"C-CeSP-HU-30","product_condition":"new"},"_links":{"self":[{"href":"https:\/\/staging.cremiacosmetics.com\/index.php?rest_route=\/wp\/v2\/product\/36003","targetHints":{"allow":["GET"]}}],"collection":[{"href":"https:\/\/staging.cremiacosmetics.com\/index.php?rest_route=\/wp\/v2\/product"}],"about":[{"href":"https:\/\/staging.cremiacosmetics.com\/index.php?rest_route=\/wp\/v2\/types\/product"}],"replies":[{"embeddable":true,"href":"https:\/\/staging.cremiacosmetics.com\/index.php?rest_route=%2Fwp%2Fv2%2Fcomments&post=36003"}],"version-history":[{"count":3,"href":"https:\/\/staging.cremiacosmetics.com\/index.php?rest_route=\/wp\/v2\/product\/36003\/revisions"}],"predecessor-version":[{"id":36342,"href":"https:\/\/staging.cremiacosmetics.com\/index.php?rest_route=\/wp\/v2\/product\/36003\/revisions\/36342"}],"wp:featuredmedia":[{"embeddable":true,"href":"https:\/\/staging.cremiacosmetics.com\/index.php?rest_route=\/wp\/v2\/media\/35956"}],"wp:attachment":[{"href":"https:\/\/staging.cremiacosmetics.com\/index.php?rest_route=%2Fwp%2Fv2%2Fmedia&parent=36003"}],"wp:term":[{"taxonomy":"product_brand","embeddable":true,"href":"https:\/\/staging.cremiacosmetics.com\/index.php?rest_route=%2Fwp%2Fv2%2Fproduct_brand&post=36003"},{"taxonomy":"product_cat","embeddable":true,"href":"https:\/\/staging.cremiacosmetics.com\/index.php?rest_route=%2Fwp%2Fv2%2Fproduct_cat&post=36003"},{"taxonomy":"product_tag","embeddable":true,"href":"https:\/\/staging.cremiacosmetics.com\/index.php?rest_route=%2Fwp%2Fv2%2Fproduct_tag&post=36003"}],"curies":[{"name":"wp","href":"https:\/\/api.w.org\/{rel}","templated":true}]}}