{"id":36000,"date":"2025-01-08T20:34:17","date_gmt":"2025-01-08T19:34:17","guid":{"rendered":"https:\/\/staging.cremiacosmetics.com\/?post_type=product&#038;p=36000"},"modified":"2025-04-10T13:35:00","modified_gmt":"2025-04-10T11:35:00","slug":"ginkgo-serum-professional","status":"publish","type":"product","link":"https:\/\/staging.cremiacosmetics.com\/?product=ginkgo-serum-professional","title":{"rendered":"Ginkgo Serum Professional 30ml"},"content":{"rendered":"<h5 data-start=\"956\" data-end=\"982\"><strong data-start=\"962\" data-end=\"980\">F\u0151 hat\u00f3anyagok<\/strong><\/h5>\n<ul data-start=\"983\" data-end=\"1317\">\n<li data-start=\"983\" data-end=\"1136\"><strong data-start=\"985\" data-end=\"1010\">Ginkgo Biloba kivonat<\/strong>: Term\u00e9szetes antioxid\u00e1ns, amely jav\u00edtja a b\u0151r mikrokering\u00e9s\u00e9t \u00e9s seg\u00edt a k\u00f6rnyezeti stressz okozta k\u00e1rok elleni v\u00e9delemben.<\/li>\n<li data-start=\"1137\" data-end=\"1230\"><strong data-start=\"1139\" data-end=\"1154\">Hialuronsav<\/strong>: Kiv\u00e1l\u00f3 hidrat\u00e1l\u00f3, amely kisim\u00edtja a b\u0151rt \u00e9s fokozza annak rugalmass\u00e1g\u00e1t.<\/li>\n<li data-start=\"1231\" data-end=\"1317\"><strong data-start=\"1233\" data-end=\"1257\">Damaszkuszi r\u00f3zsav\u00edz<\/strong>: L\u00e1gy\u00edtja \u00e9s hidrat\u00e1lja a b\u0151rt, friss \u00e9rzetet biztos\u00edtva.<\/li>\n<\/ul>\n<p>&nbsp;<\/p>\n<p>CPNP: 4858174<\/p>\n<p>\u00d6sszetev\u0151k: Aqua, Rosa damascena flower water, Glycerin, Ginkgo Biloba Leaf Extract, Phenoxyethanol, Ethylhexylglycerine, Phenethyl Glycol and Glyceril caprilate, Hyaluronic acid, Sodium Benzoate, Potassium Sorbate, Citric Acid<\/p>\n<p>&nbsp;<\/p>\n","protected":false},"excerpt":{"rendered":"<p data-start=\"42\" data-end=\"315\">A <strong data-start=\"44\" data-end=\"73\">Ginkgo Serum Professional<\/strong> egy pr\u00e9mium anti-aging sz\u00e9rum, amely a Ginkgo Biloba kivonat vitaliz\u00e1l\u00f3 hat\u00e1s\u00e1val t\u00e1mogatja a b\u0151r fiataloss\u00e1g\u00e1t \u00e9s rugalmass\u00e1g\u00e1t. A hialuronsav intenz\u00edv hidrat\u00e1l\u00e1st biztos\u00edt, m\u00edg a damaszkuszi r\u00f3zsav\u00edz selymes puhas\u00e1got k\u00f6lcs\u00f6n\u00f6z a b\u0151rnek.<\/p>\n<h5 data-start=\"317\" data-end=\"336\"><strong data-start=\"323\" data-end=\"334\">El\u0151ny\u00f6k<\/strong><\/h5>\n<ul data-start=\"337\" data-end=\"761\">\n<li data-start=\"337\" data-end=\"467\"><strong data-start=\"339\" data-end=\"359\">Anti-aging hat\u00e1s<\/strong>: A Ginkgo Biloba kivonat antioxid\u00e1ns tulajdons\u00e1gai seg\u00edtenek lass\u00edtani a b\u0151r \u00f6reged\u00e9s\u00e9nek l\u00e1that\u00f3 jeleit.<\/li>\n<li data-start=\"468\" data-end=\"577\"><strong data-start=\"470\" data-end=\"488\">M\u00e9lyhidrat\u00e1l\u00e1s<\/strong>: A kis- \u00e9s nagymolekul\u00e1j\u00fa hialuronsav megk\u00f6ti a nedvess\u00e9get, jav\u00edtva a b\u0151r text\u00far\u00e1j\u00e1t.<\/li>\n<li data-start=\"578\" data-end=\"663\"><strong data-start=\"580\" data-end=\"598\">B\u0151rvitaliz\u00e1l\u00e1s<\/strong>: A Ginkgo Biloba kivonat fokozza a b\u0151r term\u00e9szetes ragyog\u00e1s\u00e1t<\/li>\n<\/ul>\n<h5 data-start=\"763\" data-end=\"790\"><strong data-start=\"769\" data-end=\"788\">Kinek aj\u00e1nljuk?<\/strong><\/h5>\n<p data-start=\"791\" data-end=\"954\"><strong data-start=\"878\" data-end=\"951\">Anti-aging kezel\u00e9sekhez felsz\u00edni \u00e9s m\u00e9lyr\u00e9tegi v\u00edzhi\u00e1ny m\u00e9rs\u00e9kl\u00e9s\u00e9re a kozmetikai kezel\u00e9s hat\u00f3anyag-bevitel l\u00e9p\u00e9s\u00e9n\u00e9l.<\/strong><\/p>\n","protected":false},"featured_media":35958,"comment_status":"open","ping_status":"closed","template":"","meta":[],"product_brand":[],"product_cat":[887,1415],"product_tag":[],"class_list":{"0":"post-36000","1":"product","2":"type-product","3":"status-publish","4":"has-post-thumbnail","6":"product_cat-professional","7":"product_cat-szerumok-professional","9":"first","10":"instock","11":"taxable","12":"shipping-taxable","13":"product-type-simple"},"bundled_by":[],"bundle_stock_status":"instock","bundle_stock_quantity":null,"bundle_virtual":false,"bundle_layout":"","bundle_add_to_cart_form_location":"","bundle_editable_in_cart":false,"bundle_sold_individually_context":"","bundle_item_grouping":"","bundle_min_size":"","bundle_max_size":"","bundle_price":[],"bundled_items":[],"bundle_sell_ids":[],"yoast_head":"<!-- This site is optimized with the Yoast SEO Premium plugin v24.9 (Yoast SEO v24.9) - https:\/\/yoast.com\/wordpress\/plugins\/seo\/ -->\n<title>Ginkgo Serum Professional 30ml - Cremia Cosmetics<\/title>\n<meta name=\"robots\" content=\"index, follow, max-snippet:-1, max-image-preview:large, max-video-preview:-1\" \/>\n<link rel=\"canonical\" href=\"https:\/\/staging.cremiacosmetics.com\/osszes-termek\/ginkgo-serum-professional\/\" \/>\n<meta property=\"og:locale\" content=\"en_US\" \/>\n<meta property=\"og:type\" content=\"article\" \/>\n<meta property=\"og:title\" content=\"Ginkgo Serum Professional 30ml\" \/>\n<meta property=\"og:description\" content=\"A Ginkgo Serum Professional egy pr\u00e9mium anti-aging sz\u00e9rum, amely a Ginkgo Biloba kivonat vitaliz\u00e1l\u00f3 hat\u00e1s\u00e1val t\u00e1mogatja a b\u0151r fiataloss\u00e1g\u00e1t \u00e9s rugalmass\u00e1g\u00e1t. A hialuronsav intenz\u00edv hidrat\u00e1l\u00e1st biztos\u00edt, m\u00edg a damaszkuszi r\u00f3zsav\u00edz selymes puhas\u00e1got k\u00f6lcs\u00f6n\u00f6z a b\u0151rnek.  El\u0151ny\u00f6k   Anti-aging hat\u00e1s: A Ginkgo Biloba kivonat antioxid\u00e1ns tulajdons\u00e1gai seg\u00edtenek lass\u00edtani a b\u0151r \u00f6reged\u00e9s\u00e9nek l\u00e1that\u00f3 jeleit.  M\u00e9lyhidrat\u00e1l\u00e1s: A kis- \u00e9s nagymolekul\u00e1j\u00fa hialuronsav megk\u00f6ti a nedvess\u00e9get, jav\u00edtva a b\u0151r text\u00far\u00e1j\u00e1t.  B\u0151rvitaliz\u00e1l\u00e1s: A Ginkgo Biloba kivonat fokozza a b\u0151r term\u00e9szetes ragyog\u00e1s\u00e1t  Kinek aj\u00e1nljuk? Anti-aging kezel\u00e9sekhez felsz\u00edni \u00e9s m\u00e9lyr\u00e9tegi v\u00edzhi\u00e1ny m\u00e9rs\u00e9kl\u00e9s\u00e9re a kozmetikai kezel\u00e9s hat\u00f3anyag-bevitel l\u00e9p\u00e9s\u00e9n\u00e9l.\" \/>\n<meta property=\"og:url\" content=\"https:\/\/staging.cremiacosmetics.com\/osszes-termek\/ginkgo-serum-professional\/\" \/>\n<meta property=\"og:site_name\" content=\"Cremia Cosmetics\" \/>\n<meta property=\"article:publisher\" content=\"https:\/\/www.facebook.com\/cremiacosmetics\" \/>\n<meta property=\"article:modified_time\" content=\"2025-04-10T11:35:00+00:00\" \/>\n<meta property=\"og:image\" content=\"https:\/\/staging.cremiacosmetics.com\/wp-content\/uploads\/2025\/01\/ginkgo.jpg\" \/>\n\t<meta property=\"og:image:width\" content=\"800\" \/>\n\t<meta property=\"og:image:height\" content=\"800\" \/>\n\t<meta property=\"og:image:type\" content=\"image\/jpeg\" \/>\n<meta name=\"twitter:card\" content=\"summary_large_image\" \/>\n<meta name=\"twitter:label1\" content=\"Price\" \/>\n\t<meta name=\"twitter:data1\" content=\"\" \/>\n\t<meta name=\"twitter:label2\" content=\"Availability\" \/>\n\t<meta name=\"twitter:data2\" content=\"In stock\" \/>\n<script type=\"application\/ld+json\" class=\"yoast-schema-graph\">{\"@context\":\"https:\/\/schema.org\",\"@graph\":[{\"@type\":\"WebPage\",\"@id\":\"https:\/\/staging.cremiacosmetics.com\/osszes-termek\/ginkgo-serum-professional\/\",\"url\":\"https:\/\/staging.cremiacosmetics.com\/osszes-termek\/ginkgo-serum-professional\/\",\"name\":\"Ginkgo Serum Professional 30ml - Cremia Cosmetics\",\"isPartOf\":{\"@id\":\"https:\/\/staging.cremiacosmetics.com\/#website\"},\"primaryImageOfPage\":{\"@id\":\"https:\/\/staging.cremiacosmetics.com\/osszes-termek\/ginkgo-serum-professional\/#primaryimage\"},\"image\":{\"@id\":\"https:\/\/staging.cremiacosmetics.com\/osszes-termek\/ginkgo-serum-professional\/#primaryimage\"},\"thumbnailUrl\":\"https:\/\/staging.cremiacosmetics.com\/wp-content\/uploads\/2025\/01\/ginkgo.jpg\",\"datePublished\":\"2025-01-08T19:34:17+00:00\",\"dateModified\":\"2025-04-10T11:35:00+00:00\",\"breadcrumb\":{\"@id\":\"https:\/\/staging.cremiacosmetics.com\/osszes-termek\/ginkgo-serum-professional\/#breadcrumb\"},\"inLanguage\":\"en-US\",\"potentialAction\":[{\"@type\":\"ReadAction\",\"target\":[\"https:\/\/staging.cremiacosmetics.com\/osszes-termek\/ginkgo-serum-professional\/\"]}]},{\"@type\":\"ImageObject\",\"inLanguage\":\"en-US\",\"@id\":\"https:\/\/staging.cremiacosmetics.com\/osszes-termek\/ginkgo-serum-professional\/#primaryimage\",\"url\":\"https:\/\/staging.cremiacosmetics.com\/wp-content\/uploads\/2025\/01\/ginkgo.jpg\",\"contentUrl\":\"https:\/\/staging.cremiacosmetics.com\/wp-content\/uploads\/2025\/01\/ginkgo.jpg\",\"width\":800,\"height\":800},{\"@type\":\"BreadcrumbList\",\"@id\":\"https:\/\/staging.cremiacosmetics.com\/osszes-termek\/ginkgo-serum-professional\/#breadcrumb\",\"itemListElement\":[{\"@type\":\"ListItem\",\"position\":1,\"name\":\"Kezd\u0151lap\",\"item\":\"https:\/\/staging.cremiacosmetics.com\/\"},{\"@type\":\"ListItem\",\"position\":2,\"name\":\"\u00d6sszes term\u00e9k\",\"item\":\"https:\/\/staging.cremiacosmetics.com\/?page_id=15931\"},{\"@type\":\"ListItem\",\"position\":3,\"name\":\"Ginkgo Serum Professional 30ml\"}]},{\"@type\":\"WebSite\",\"@id\":\"https:\/\/staging.cremiacosmetics.com\/#website\",\"url\":\"https:\/\/staging.cremiacosmetics.com\/\",\"name\":\"Cremia Cosmetics\",\"description\":\"Nature-powered beauty\",\"publisher\":{\"@id\":\"https:\/\/staging.cremiacosmetics.com\/#organization\"},\"potentialAction\":[{\"@type\":\"SearchAction\",\"target\":{\"@type\":\"EntryPoint\",\"urlTemplate\":\"https:\/\/staging.cremiacosmetics.com\/?s={search_term_string}\"},\"query-input\":{\"@type\":\"PropertyValueSpecification\",\"valueRequired\":true,\"valueName\":\"search_term_string\"}}],\"inLanguage\":\"en-US\"},{\"@type\":\"Organization\",\"@id\":\"https:\/\/staging.cremiacosmetics.com\/#organization\",\"name\":\"Cremia Cosmetics\",\"url\":\"https:\/\/staging.cremiacosmetics.com\/\",\"logo\":{\"@type\":\"ImageObject\",\"inLanguage\":\"en-US\",\"@id\":\"https:\/\/staging.cremiacosmetics.com\/#\/schema\/logo\/image\/\",\"url\":\"https:\/\/staging.cremiacosmetics.com\/wp-content\/uploads\/2024\/03\/Cremia-logo-15x15mm.svg\",\"contentUrl\":\"https:\/\/staging.cremiacosmetics.com\/wp-content\/uploads\/2024\/03\/Cremia-logo-15x15mm.svg\",\"width\":42,\"height\":42,\"caption\":\"Cremia Cosmetics\"},\"image\":{\"@id\":\"https:\/\/staging.cremiacosmetics.com\/#\/schema\/logo\/image\/\"},\"sameAs\":[\"https:\/\/www.facebook.com\/cremiacosmetics\",\"https:\/\/www.instagram.com\/cremiacosmetics\/\"]}]}<\/script>\n<meta property=\"product:price:amount\" content=\"0\" \/>\n<meta property=\"product:price:currency\" content=\"HUF\" \/>\n<meta property=\"og:availability\" content=\"instock\" \/>\n<meta property=\"product:availability\" content=\"instock\" \/>\n<meta property=\"product:retailer_item_id\" content=\"C-GSP-HU-30\" \/>\n<meta property=\"product:condition\" content=\"new\" \/>\n<!-- \/ Yoast SEO Premium plugin. -->","yoast_head_json":{"title":"Ginkgo Serum Professional 30ml - Cremia Cosmetics","robots":{"index":"index","follow":"follow","max-snippet":"max-snippet:-1","max-image-preview":"max-image-preview:large","max-video-preview":"max-video-preview:-1"},"canonical":"https:\/\/staging.cremiacosmetics.com\/osszes-termek\/ginkgo-serum-professional\/","og_locale":"en_US","og_type":"article","og_title":"Ginkgo Serum Professional 30ml","og_description":"A Ginkgo Serum Professional egy pr\u00e9mium anti-aging sz\u00e9rum, amely a Ginkgo Biloba kivonat vitaliz\u00e1l\u00f3 hat\u00e1s\u00e1val t\u00e1mogatja a b\u0151r fiataloss\u00e1g\u00e1t \u00e9s rugalmass\u00e1g\u00e1t. A hialuronsav intenz\u00edv hidrat\u00e1l\u00e1st biztos\u00edt, m\u00edg a damaszkuszi r\u00f3zsav\u00edz selymes puhas\u00e1got k\u00f6lcs\u00f6n\u00f6z a b\u0151rnek.  El\u0151ny\u00f6k   Anti-aging hat\u00e1s: A Ginkgo Biloba kivonat antioxid\u00e1ns tulajdons\u00e1gai seg\u00edtenek lass\u00edtani a b\u0151r \u00f6reged\u00e9s\u00e9nek l\u00e1that\u00f3 jeleit.  M\u00e9lyhidrat\u00e1l\u00e1s: A kis- \u00e9s nagymolekul\u00e1j\u00fa hialuronsav megk\u00f6ti a nedvess\u00e9get, jav\u00edtva a b\u0151r text\u00far\u00e1j\u00e1t.  B\u0151rvitaliz\u00e1l\u00e1s: A Ginkgo Biloba kivonat fokozza a b\u0151r term\u00e9szetes ragyog\u00e1s\u00e1t  Kinek aj\u00e1nljuk? Anti-aging kezel\u00e9sekhez felsz\u00edni \u00e9s m\u00e9lyr\u00e9tegi v\u00edzhi\u00e1ny m\u00e9rs\u00e9kl\u00e9s\u00e9re a kozmetikai kezel\u00e9s hat\u00f3anyag-bevitel l\u00e9p\u00e9s\u00e9n\u00e9l.","og_url":"https:\/\/staging.cremiacosmetics.com\/osszes-termek\/ginkgo-serum-professional\/","og_site_name":"Cremia Cosmetics","article_publisher":"https:\/\/www.facebook.com\/cremiacosmetics","article_modified_time":"2025-04-10T11:35:00+00:00","og_image":[{"width":800,"height":800,"url":"https:\/\/staging.cremiacosmetics.com\/wp-content\/uploads\/2025\/01\/ginkgo.jpg","type":"image\/jpeg"}],"twitter_card":"summary_large_image","twitter_misc":{"Price":"","Availability":"In stock"},"schema":{"@context":"https:\/\/schema.org","@graph":[{"@type":"WebPage","@id":"https:\/\/staging.cremiacosmetics.com\/osszes-termek\/ginkgo-serum-professional\/","url":"https:\/\/staging.cremiacosmetics.com\/osszes-termek\/ginkgo-serum-professional\/","name":"Ginkgo Serum Professional 30ml - Cremia Cosmetics","isPartOf":{"@id":"https:\/\/staging.cremiacosmetics.com\/#website"},"primaryImageOfPage":{"@id":"https:\/\/staging.cremiacosmetics.com\/osszes-termek\/ginkgo-serum-professional\/#primaryimage"},"image":{"@id":"https:\/\/staging.cremiacosmetics.com\/osszes-termek\/ginkgo-serum-professional\/#primaryimage"},"thumbnailUrl":"https:\/\/staging.cremiacosmetics.com\/wp-content\/uploads\/2025\/01\/ginkgo.jpg","datePublished":"2025-01-08T19:34:17+00:00","dateModified":"2025-04-10T11:35:00+00:00","breadcrumb":{"@id":"https:\/\/staging.cremiacosmetics.com\/osszes-termek\/ginkgo-serum-professional\/#breadcrumb"},"inLanguage":"en-US","potentialAction":[{"@type":"ReadAction","target":["https:\/\/staging.cremiacosmetics.com\/osszes-termek\/ginkgo-serum-professional\/"]}]},{"@type":"ImageObject","inLanguage":"en-US","@id":"https:\/\/staging.cremiacosmetics.com\/osszes-termek\/ginkgo-serum-professional\/#primaryimage","url":"https:\/\/staging.cremiacosmetics.com\/wp-content\/uploads\/2025\/01\/ginkgo.jpg","contentUrl":"https:\/\/staging.cremiacosmetics.com\/wp-content\/uploads\/2025\/01\/ginkgo.jpg","width":800,"height":800},{"@type":"BreadcrumbList","@id":"https:\/\/staging.cremiacosmetics.com\/osszes-termek\/ginkgo-serum-professional\/#breadcrumb","itemListElement":[{"@type":"ListItem","position":1,"name":"Kezd\u0151lap","item":"https:\/\/staging.cremiacosmetics.com\/"},{"@type":"ListItem","position":2,"name":"\u00d6sszes term\u00e9k","item":"https:\/\/staging.cremiacosmetics.com\/?page_id=15931"},{"@type":"ListItem","position":3,"name":"Ginkgo Serum Professional 30ml"}]},{"@type":"WebSite","@id":"https:\/\/staging.cremiacosmetics.com\/#website","url":"https:\/\/staging.cremiacosmetics.com\/","name":"Cremia Cosmetics","description":"Nature-powered beauty","publisher":{"@id":"https:\/\/staging.cremiacosmetics.com\/#organization"},"potentialAction":[{"@type":"SearchAction","target":{"@type":"EntryPoint","urlTemplate":"https:\/\/staging.cremiacosmetics.com\/?s={search_term_string}"},"query-input":{"@type":"PropertyValueSpecification","valueRequired":true,"valueName":"search_term_string"}}],"inLanguage":"en-US"},{"@type":"Organization","@id":"https:\/\/staging.cremiacosmetics.com\/#organization","name":"Cremia Cosmetics","url":"https:\/\/staging.cremiacosmetics.com\/","logo":{"@type":"ImageObject","inLanguage":"en-US","@id":"https:\/\/staging.cremiacosmetics.com\/#\/schema\/logo\/image\/","url":"https:\/\/staging.cremiacosmetics.com\/wp-content\/uploads\/2024\/03\/Cremia-logo-15x15mm.svg","contentUrl":"https:\/\/staging.cremiacosmetics.com\/wp-content\/uploads\/2024\/03\/Cremia-logo-15x15mm.svg","width":42,"height":42,"caption":"Cremia Cosmetics"},"image":{"@id":"https:\/\/staging.cremiacosmetics.com\/#\/schema\/logo\/image\/"},"sameAs":["https:\/\/www.facebook.com\/cremiacosmetics","https:\/\/www.instagram.com\/cremiacosmetics\/"]}]},"product_price_currency":"HUF","og_availability":"instock","product_availability":"instock","product_retailer_item_id":"C-GSP-HU-30","product_condition":"new"},"_links":{"self":[{"href":"https:\/\/staging.cremiacosmetics.com\/index.php?rest_route=\/wp\/v2\/product\/36000","targetHints":{"allow":["GET"]}}],"collection":[{"href":"https:\/\/staging.cremiacosmetics.com\/index.php?rest_route=\/wp\/v2\/product"}],"about":[{"href":"https:\/\/staging.cremiacosmetics.com\/index.php?rest_route=\/wp\/v2\/types\/product"}],"replies":[{"embeddable":true,"href":"https:\/\/staging.cremiacosmetics.com\/index.php?rest_route=%2Fwp%2Fv2%2Fcomments&post=36000"}],"version-history":[{"count":5,"href":"https:\/\/staging.cremiacosmetics.com\/index.php?rest_route=\/wp\/v2\/product\/36000\/revisions"}],"predecessor-version":[{"id":36426,"href":"https:\/\/staging.cremiacosmetics.com\/index.php?rest_route=\/wp\/v2\/product\/36000\/revisions\/36426"}],"wp:featuredmedia":[{"embeddable":true,"href":"https:\/\/staging.cremiacosmetics.com\/index.php?rest_route=\/wp\/v2\/media\/35958"}],"wp:attachment":[{"href":"https:\/\/staging.cremiacosmetics.com\/index.php?rest_route=%2Fwp%2Fv2%2Fmedia&parent=36000"}],"wp:term":[{"taxonomy":"product_brand","embeddable":true,"href":"https:\/\/staging.cremiacosmetics.com\/index.php?rest_route=%2Fwp%2Fv2%2Fproduct_brand&post=36000"},{"taxonomy":"product_cat","embeddable":true,"href":"https:\/\/staging.cremiacosmetics.com\/index.php?rest_route=%2Fwp%2Fv2%2Fproduct_cat&post=36000"},{"taxonomy":"product_tag","embeddable":true,"href":"https:\/\/staging.cremiacosmetics.com\/index.php?rest_route=%2Fwp%2Fv2%2Fproduct_tag&post=36000"}],"curies":[{"name":"wp","href":"https:\/\/api.w.org\/{rel}","templated":true}]}}