{"id":35998,"date":"2025-01-08T20:28:44","date_gmt":"2025-01-08T19:28:44","guid":{"rendered":"https:\/\/staging.cremiacosmetics.com\/?post_type=product&#038;p=35998"},"modified":"2025-03-24T10:58:45","modified_gmt":"2025-03-24T09:58:45","slug":"biom-mask-professional","status":"publish","type":"product","link":"https:\/\/staging.cremiacosmetics.com\/?product=biom-mask-professional","title":{"rendered":"Biom Mask Professional 100ml"},"content":{"rendered":"<h5 data-start=\"865\" data-end=\"891\"><strong data-start=\"871\" data-end=\"889\">F\u0151 hat\u00f3anyagok<\/strong><\/h5>\n<ul data-start=\"892\" data-end=\"1499\">\n<li data-start=\"892\" data-end=\"1025\"><strong data-start=\"894\" data-end=\"933\">Prebiotikum: Inkagum\u00f3 kivonat (FOS)<\/strong>: Frukto-oligoszacharidokban gazdag \u00f6sszetev\u0151, amely a b\u0151r j\u00f3t\u00e9kony bakt\u00e9riumainak a t\u00e1panyag\u00e1ul szolg\u00e1l.<\/li>\n<li data-start=\"1026\" data-end=\"1141\"><strong data-start=\"1028\" data-end=\"1076\">Posztbiotikum: Lactobacillus ferment lysatum<\/strong>: Seg\u00edti a b\u0151r szerkezet\u00e9nek er\u0151s\u00edt\u00e9s\u00e9t, \u00e9s harmoniz\u00e1lja a b\u0151r mikrobiomj\u00e1t.<\/li>\n<li data-start=\"1142\" data-end=\"1236\"><strong data-start=\"1144\" data-end=\"1156\">Zab olaj<\/strong>: \u00e9rt\u00e9kes hat\u00f3anyagokban gazdag olaj. Magas antioxid\u00e1ns-, A-, E- \u00e9s B-vitamin-tartalm\u00e1val t\u00e1pl\u00e1lja \u00e9s v\u00e9di a b\u0151rt.<\/li>\n<li data-start=\"1237\" data-end=\"1315\"><strong data-start=\"1239\" data-end=\"1252\">Cink-oxid<\/strong>: Hat\u00e9kony gyullad\u00e1scs\u00f6kkent\u0151, amely nyugtatja az akn\u00e9s b\u0151rt.<\/li>\n<li data-start=\"1316\" data-end=\"1394\"><strong data-start=\"1318\" data-end=\"1330\">Shea vaj<\/strong>: Hidrat\u00e1l\u00f3 \u00e9s b\u0151rpuh\u00edt\u00f3 hat\u00e1s\u00e1val t\u00e1mogatja a b\u0151r eg\u00e9szs\u00e9g\u00e9t.<\/li>\n<\/ul>\n<h5 data-start=\"1501\" data-end=\"1523\"><strong data-start=\"1507\" data-end=\"1521\">Alkalmaz\u00e1sa:<\/strong><\/h5>\n<p data-start=\"1524\" data-end=\"1751\">T\u00e1pl\u00e1l\u00f3 pakol\u00e1sk\u00e9nt vigy\u00e9l fel az arc, nyak b\u0151r\u00e9re k\u00e9t di\u00f3nyi kr\u00e9met egyenletesen, vastagon eloszlatva.\u00a0Hagyd hatni 5-10 percig, majd mosd le.<\/p>\n<p data-start=\"1524\" data-end=\"1751\">CPNP: 4858190<\/p>\n","protected":false},"excerpt":{"rendered":"<p data-start=\"40\" data-end=\"378\">A <strong data-start=\"42\" data-end=\"68\">Biom Mask Professional<\/strong> egy <strong data-start=\"73\" data-end=\"127\">pre- \u00e9s posztbiotikumokkal gazdag\u00edtott kr\u00e9mpakol\u00e1s<\/strong>, amelyet a b\u0151r mikrobiomj\u00e1nak harmoniz\u00e1l\u00e1s\u00e1ra fejlesztett\u00fcnk ki. Ez az innovat\u00edv k\u00e9sz\u00edtm\u00e9ny <strong data-start=\"219\" data-end=\"270\">ide\u00e1lis megold\u00e1s akn\u00e9s, szeborrhe\u00e1s b\u0151r sz\u00e1m\u00e1ra<\/strong>, t\u00e1mogatja a b\u0151r mikrobiomj\u00e1nak term\u00e9szetes egyens\u00faly\u00e1t, cs\u00f6kkenti a gyullad\u00e1st.<\/p>\n<h5 data-start=\"380\" data-end=\"399\"><strong data-start=\"386\" data-end=\"397\">El\u0151ny\u00f6k<\/strong><\/h5>\n<ul data-start=\"400\" data-end=\"693\">\n<li data-start=\"400\" data-end=\"494\"><strong data-start=\"402\" data-end=\"437\">Harmoniz\u00e1lja a b\u0151r mikrobiomj\u00e1t<\/strong>, el\u0151seg\u00edtve az eg\u00e9szs\u00e9ges bakt\u00e9riumfl\u00f3ra kialakul\u00e1s\u00e1t.<\/li>\n<li data-start=\"495\" data-end=\"556\"><strong data-start=\"497\" data-end=\"523\">Cs\u00f6kkenti a gyullad\u00e1st<\/strong> \u00e9s nyugtatja az irrit\u00e1lt b\u0151rt.<\/li>\n<li data-start=\"557\" data-end=\"614\"><strong data-start=\"559\" data-end=\"578\">T\u00e1pl\u00e1lja a b\u0151rt<\/strong> antioxid\u00e1nsokkal \u00e9s vitaminokkal.<\/li>\n<li data-start=\"615\" data-end=\"693\"><strong data-start=\"617\" data-end=\"647\">Hidrat\u00e1lja \u00e9s puh\u00e1v\u00e1 teszi<\/strong> a b\u0151rt, mik\u00f6zben er\u0151s\u00edti annak szerkezet\u00e9t.<\/li>\n<\/ul>\n<h5 data-start=\"695\" data-end=\"722\"><strong data-start=\"701\" data-end=\"720\">Kinek aj\u00e1nljuk?<\/strong><\/h5>\n<p data-start=\"723\" data-end=\"863\"><strong>Akn\u00e9s, szeborrhe\u00e1s vagy \u00e9rz\u00e9keny b\u0151r\u0171ek<\/strong> sz\u00e1m\u00e1ra a kozmetikai kezel\u00e9s t\u00e1pl\u00e1l\u00f3 pakol\u00e1s l\u00e9p\u00e9sek\u00e9nt.<\/p>\n","protected":false},"featured_media":35955,"comment_status":"open","ping_status":"closed","template":"","meta":[],"product_brand":[],"product_cat":[1416,887,878],"product_tag":[],"class_list":{"0":"post-35998","1":"product","2":"type-product","3":"status-publish","4":"has-post-thumbnail","6":"product_cat-mikrobiom-harmonizalasa","7":"product_cat-professional","8":"product_cat-taplalo-pakolasok","10":"first","11":"instock","12":"taxable","13":"shipping-taxable","14":"product-type-simple"},"bundled_by":[],"bundle_stock_status":"instock","bundle_stock_quantity":null,"bundle_virtual":false,"bundle_layout":"","bundle_add_to_cart_form_location":"","bundle_editable_in_cart":false,"bundle_sold_individually_context":"","bundle_item_grouping":"","bundle_min_size":"","bundle_max_size":"","bundle_price":[],"bundled_items":[],"bundle_sell_ids":[],"yoast_head":"<!-- This site is optimized with the Yoast SEO Premium plugin v24.9 (Yoast SEO v24.9) - https:\/\/yoast.com\/wordpress\/plugins\/seo\/ -->\n<title>Biom Mask Professional 100ml - Cremia Cosmetics<\/title>\n<meta name=\"robots\" content=\"index, follow, max-snippet:-1, max-image-preview:large, max-video-preview:-1\" \/>\n<link rel=\"canonical\" href=\"https:\/\/staging.cremiacosmetics.com\/osszes-termek\/biom-mask-professional\/\" \/>\n<meta property=\"og:locale\" content=\"en_US\" \/>\n<meta property=\"og:type\" content=\"article\" \/>\n<meta property=\"og:title\" content=\"Biom Mask Professional 100ml\" \/>\n<meta property=\"og:description\" content=\"A Biom Mask Professional egy pre- \u00e9s posztbiotikumokkal gazdag\u00edtott kr\u00e9mpakol\u00e1s, amelyet a b\u0151r mikrobiomj\u00e1nak harmoniz\u00e1l\u00e1s\u00e1ra fejlesztett\u00fcnk ki. Ez az innovat\u00edv k\u00e9sz\u00edtm\u00e9ny ide\u00e1lis megold\u00e1s akn\u00e9s, szeborrhe\u00e1s b\u0151r sz\u00e1m\u00e1ra, t\u00e1mogatja a b\u0151r mikrobiomj\u00e1nak term\u00e9szetes egyens\u00faly\u00e1t, cs\u00f6kkenti a gyullad\u00e1st.  El\u0151ny\u00f6k   Harmoniz\u00e1lja a b\u0151r mikrobiomj\u00e1t, el\u0151seg\u00edtve az eg\u00e9szs\u00e9ges bakt\u00e9riumfl\u00f3ra kialakul\u00e1s\u00e1t.  Cs\u00f6kkenti a gyullad\u00e1st \u00e9s nyugtatja az irrit\u00e1lt b\u0151rt.  T\u00e1pl\u00e1lja a b\u0151rt antioxid\u00e1nsokkal \u00e9s vitaminokkal.  Hidrat\u00e1lja \u00e9s puh\u00e1v\u00e1 teszi a b\u0151rt, mik\u00f6zben er\u0151s\u00edti annak szerkezet\u00e9t.  Kinek aj\u00e1nljuk? Akn\u00e9s, szeborrhe\u00e1s vagy \u00e9rz\u00e9keny b\u0151r\u0171ek sz\u00e1m\u00e1ra a kozmetikai kezel\u00e9s t\u00e1pl\u00e1l\u00f3 pakol\u00e1s l\u00e9p\u00e9sek\u00e9nt.\" \/>\n<meta property=\"og:url\" content=\"https:\/\/staging.cremiacosmetics.com\/osszes-termek\/biom-mask-professional\/\" \/>\n<meta property=\"og:site_name\" content=\"Cremia Cosmetics\" \/>\n<meta property=\"article:publisher\" content=\"https:\/\/www.facebook.com\/cremiacosmetics\" \/>\n<meta property=\"article:modified_time\" content=\"2025-03-24T09:58:45+00:00\" \/>\n<meta property=\"og:image\" content=\"https:\/\/staging.cremiacosmetics.com\/wp-content\/uploads\/2025\/01\/biom-mask.jpg\" \/>\n\t<meta property=\"og:image:width\" content=\"800\" \/>\n\t<meta property=\"og:image:height\" content=\"800\" \/>\n\t<meta property=\"og:image:type\" content=\"image\/jpeg\" \/>\n<meta name=\"twitter:card\" content=\"summary_large_image\" \/>\n<meta name=\"twitter:label1\" content=\"Price\" \/>\n\t<meta name=\"twitter:data1\" content=\"\" \/>\n\t<meta name=\"twitter:label2\" content=\"Availability\" \/>\n\t<meta name=\"twitter:data2\" content=\"In stock\" \/>\n<script type=\"application\/ld+json\" class=\"yoast-schema-graph\">{\"@context\":\"https:\/\/schema.org\",\"@graph\":[{\"@type\":\"WebPage\",\"@id\":\"https:\/\/staging.cremiacosmetics.com\/osszes-termek\/biom-mask-professional\/\",\"url\":\"https:\/\/staging.cremiacosmetics.com\/osszes-termek\/biom-mask-professional\/\",\"name\":\"Biom Mask Professional 100ml - Cremia Cosmetics\",\"isPartOf\":{\"@id\":\"https:\/\/staging.cremiacosmetics.com\/#website\"},\"primaryImageOfPage\":{\"@id\":\"https:\/\/staging.cremiacosmetics.com\/osszes-termek\/biom-mask-professional\/#primaryimage\"},\"image\":{\"@id\":\"https:\/\/staging.cremiacosmetics.com\/osszes-termek\/biom-mask-professional\/#primaryimage\"},\"thumbnailUrl\":\"https:\/\/staging.cremiacosmetics.com\/wp-content\/uploads\/2025\/01\/biom-mask.jpg\",\"datePublished\":\"2025-01-08T19:28:44+00:00\",\"dateModified\":\"2025-03-24T09:58:45+00:00\",\"breadcrumb\":{\"@id\":\"https:\/\/staging.cremiacosmetics.com\/osszes-termek\/biom-mask-professional\/#breadcrumb\"},\"inLanguage\":\"en-US\",\"potentialAction\":[{\"@type\":\"ReadAction\",\"target\":[\"https:\/\/staging.cremiacosmetics.com\/osszes-termek\/biom-mask-professional\/\"]}]},{\"@type\":\"ImageObject\",\"inLanguage\":\"en-US\",\"@id\":\"https:\/\/staging.cremiacosmetics.com\/osszes-termek\/biom-mask-professional\/#primaryimage\",\"url\":\"https:\/\/staging.cremiacosmetics.com\/wp-content\/uploads\/2025\/01\/biom-mask.jpg\",\"contentUrl\":\"https:\/\/staging.cremiacosmetics.com\/wp-content\/uploads\/2025\/01\/biom-mask.jpg\",\"width\":800,\"height\":800},{\"@type\":\"BreadcrumbList\",\"@id\":\"https:\/\/staging.cremiacosmetics.com\/osszes-termek\/biom-mask-professional\/#breadcrumb\",\"itemListElement\":[{\"@type\":\"ListItem\",\"position\":1,\"name\":\"Kezd\u0151lap\",\"item\":\"https:\/\/staging.cremiacosmetics.com\/\"},{\"@type\":\"ListItem\",\"position\":2,\"name\":\"\u00d6sszes term\u00e9k\",\"item\":\"https:\/\/staging.cremiacosmetics.com\/?page_id=15931\"},{\"@type\":\"ListItem\",\"position\":3,\"name\":\"Biom Mask Professional 100ml\"}]},{\"@type\":\"WebSite\",\"@id\":\"https:\/\/staging.cremiacosmetics.com\/#website\",\"url\":\"https:\/\/staging.cremiacosmetics.com\/\",\"name\":\"Cremia Cosmetics\",\"description\":\"Nature-powered beauty\",\"publisher\":{\"@id\":\"https:\/\/staging.cremiacosmetics.com\/#organization\"},\"potentialAction\":[{\"@type\":\"SearchAction\",\"target\":{\"@type\":\"EntryPoint\",\"urlTemplate\":\"https:\/\/staging.cremiacosmetics.com\/?s={search_term_string}\"},\"query-input\":{\"@type\":\"PropertyValueSpecification\",\"valueRequired\":true,\"valueName\":\"search_term_string\"}}],\"inLanguage\":\"en-US\"},{\"@type\":\"Organization\",\"@id\":\"https:\/\/staging.cremiacosmetics.com\/#organization\",\"name\":\"Cremia Cosmetics\",\"url\":\"https:\/\/staging.cremiacosmetics.com\/\",\"logo\":{\"@type\":\"ImageObject\",\"inLanguage\":\"en-US\",\"@id\":\"https:\/\/staging.cremiacosmetics.com\/#\/schema\/logo\/image\/\",\"url\":\"https:\/\/staging.cremiacosmetics.com\/wp-content\/uploads\/2024\/03\/Cremia-logo-15x15mm.svg\",\"contentUrl\":\"https:\/\/staging.cremiacosmetics.com\/wp-content\/uploads\/2024\/03\/Cremia-logo-15x15mm.svg\",\"width\":42,\"height\":42,\"caption\":\"Cremia Cosmetics\"},\"image\":{\"@id\":\"https:\/\/staging.cremiacosmetics.com\/#\/schema\/logo\/image\/\"},\"sameAs\":[\"https:\/\/www.facebook.com\/cremiacosmetics\",\"https:\/\/www.instagram.com\/cremiacosmetics\/\"]}]}<\/script>\n<meta property=\"product:price:amount\" content=\"0\" \/>\n<meta property=\"product:price:currency\" content=\"HUF\" \/>\n<meta property=\"og:availability\" content=\"instock\" \/>\n<meta property=\"product:availability\" content=\"instock\" \/>\n<meta property=\"product:retailer_item_id\" content=\"C-BiMaP-HU-100\" \/>\n<meta property=\"product:condition\" content=\"new\" \/>\n<!-- \/ Yoast SEO Premium plugin. -->","yoast_head_json":{"title":"Biom Mask Professional 100ml - Cremia Cosmetics","robots":{"index":"index","follow":"follow","max-snippet":"max-snippet:-1","max-image-preview":"max-image-preview:large","max-video-preview":"max-video-preview:-1"},"canonical":"https:\/\/staging.cremiacosmetics.com\/osszes-termek\/biom-mask-professional\/","og_locale":"en_US","og_type":"article","og_title":"Biom Mask Professional 100ml","og_description":"A Biom Mask Professional egy pre- \u00e9s posztbiotikumokkal gazdag\u00edtott kr\u00e9mpakol\u00e1s, amelyet a b\u0151r mikrobiomj\u00e1nak harmoniz\u00e1l\u00e1s\u00e1ra fejlesztett\u00fcnk ki. Ez az innovat\u00edv k\u00e9sz\u00edtm\u00e9ny ide\u00e1lis megold\u00e1s akn\u00e9s, szeborrhe\u00e1s b\u0151r sz\u00e1m\u00e1ra, t\u00e1mogatja a b\u0151r mikrobiomj\u00e1nak term\u00e9szetes egyens\u00faly\u00e1t, cs\u00f6kkenti a gyullad\u00e1st.  El\u0151ny\u00f6k   Harmoniz\u00e1lja a b\u0151r mikrobiomj\u00e1t, el\u0151seg\u00edtve az eg\u00e9szs\u00e9ges bakt\u00e9riumfl\u00f3ra kialakul\u00e1s\u00e1t.  Cs\u00f6kkenti a gyullad\u00e1st \u00e9s nyugtatja az irrit\u00e1lt b\u0151rt.  T\u00e1pl\u00e1lja a b\u0151rt antioxid\u00e1nsokkal \u00e9s vitaminokkal.  Hidrat\u00e1lja \u00e9s puh\u00e1v\u00e1 teszi a b\u0151rt, mik\u00f6zben er\u0151s\u00edti annak szerkezet\u00e9t.  Kinek aj\u00e1nljuk? Akn\u00e9s, szeborrhe\u00e1s vagy \u00e9rz\u00e9keny b\u0151r\u0171ek sz\u00e1m\u00e1ra a kozmetikai kezel\u00e9s t\u00e1pl\u00e1l\u00f3 pakol\u00e1s l\u00e9p\u00e9sek\u00e9nt.","og_url":"https:\/\/staging.cremiacosmetics.com\/osszes-termek\/biom-mask-professional\/","og_site_name":"Cremia Cosmetics","article_publisher":"https:\/\/www.facebook.com\/cremiacosmetics","article_modified_time":"2025-03-24T09:58:45+00:00","og_image":[{"width":800,"height":800,"url":"https:\/\/staging.cremiacosmetics.com\/wp-content\/uploads\/2025\/01\/biom-mask.jpg","type":"image\/jpeg"}],"twitter_card":"summary_large_image","twitter_misc":{"Price":"","Availability":"In stock"},"schema":{"@context":"https:\/\/schema.org","@graph":[{"@type":"WebPage","@id":"https:\/\/staging.cremiacosmetics.com\/osszes-termek\/biom-mask-professional\/","url":"https:\/\/staging.cremiacosmetics.com\/osszes-termek\/biom-mask-professional\/","name":"Biom Mask Professional 100ml - Cremia Cosmetics","isPartOf":{"@id":"https:\/\/staging.cremiacosmetics.com\/#website"},"primaryImageOfPage":{"@id":"https:\/\/staging.cremiacosmetics.com\/osszes-termek\/biom-mask-professional\/#primaryimage"},"image":{"@id":"https:\/\/staging.cremiacosmetics.com\/osszes-termek\/biom-mask-professional\/#primaryimage"},"thumbnailUrl":"https:\/\/staging.cremiacosmetics.com\/wp-content\/uploads\/2025\/01\/biom-mask.jpg","datePublished":"2025-01-08T19:28:44+00:00","dateModified":"2025-03-24T09:58:45+00:00","breadcrumb":{"@id":"https:\/\/staging.cremiacosmetics.com\/osszes-termek\/biom-mask-professional\/#breadcrumb"},"inLanguage":"en-US","potentialAction":[{"@type":"ReadAction","target":["https:\/\/staging.cremiacosmetics.com\/osszes-termek\/biom-mask-professional\/"]}]},{"@type":"ImageObject","inLanguage":"en-US","@id":"https:\/\/staging.cremiacosmetics.com\/osszes-termek\/biom-mask-professional\/#primaryimage","url":"https:\/\/staging.cremiacosmetics.com\/wp-content\/uploads\/2025\/01\/biom-mask.jpg","contentUrl":"https:\/\/staging.cremiacosmetics.com\/wp-content\/uploads\/2025\/01\/biom-mask.jpg","width":800,"height":800},{"@type":"BreadcrumbList","@id":"https:\/\/staging.cremiacosmetics.com\/osszes-termek\/biom-mask-professional\/#breadcrumb","itemListElement":[{"@type":"ListItem","position":1,"name":"Kezd\u0151lap","item":"https:\/\/staging.cremiacosmetics.com\/"},{"@type":"ListItem","position":2,"name":"\u00d6sszes term\u00e9k","item":"https:\/\/staging.cremiacosmetics.com\/?page_id=15931"},{"@type":"ListItem","position":3,"name":"Biom Mask Professional 100ml"}]},{"@type":"WebSite","@id":"https:\/\/staging.cremiacosmetics.com\/#website","url":"https:\/\/staging.cremiacosmetics.com\/","name":"Cremia Cosmetics","description":"Nature-powered beauty","publisher":{"@id":"https:\/\/staging.cremiacosmetics.com\/#organization"},"potentialAction":[{"@type":"SearchAction","target":{"@type":"EntryPoint","urlTemplate":"https:\/\/staging.cremiacosmetics.com\/?s={search_term_string}"},"query-input":{"@type":"PropertyValueSpecification","valueRequired":true,"valueName":"search_term_string"}}],"inLanguage":"en-US"},{"@type":"Organization","@id":"https:\/\/staging.cremiacosmetics.com\/#organization","name":"Cremia Cosmetics","url":"https:\/\/staging.cremiacosmetics.com\/","logo":{"@type":"ImageObject","inLanguage":"en-US","@id":"https:\/\/staging.cremiacosmetics.com\/#\/schema\/logo\/image\/","url":"https:\/\/staging.cremiacosmetics.com\/wp-content\/uploads\/2024\/03\/Cremia-logo-15x15mm.svg","contentUrl":"https:\/\/staging.cremiacosmetics.com\/wp-content\/uploads\/2024\/03\/Cremia-logo-15x15mm.svg","width":42,"height":42,"caption":"Cremia Cosmetics"},"image":{"@id":"https:\/\/staging.cremiacosmetics.com\/#\/schema\/logo\/image\/"},"sameAs":["https:\/\/www.facebook.com\/cremiacosmetics","https:\/\/www.instagram.com\/cremiacosmetics\/"]}]},"product_price_currency":"HUF","og_availability":"instock","product_availability":"instock","product_retailer_item_id":"C-BiMaP-HU-100","product_condition":"new"},"_links":{"self":[{"href":"https:\/\/staging.cremiacosmetics.com\/index.php?rest_route=\/wp\/v2\/product\/35998","targetHints":{"allow":["GET"]}}],"collection":[{"href":"https:\/\/staging.cremiacosmetics.com\/index.php?rest_route=\/wp\/v2\/product"}],"about":[{"href":"https:\/\/staging.cremiacosmetics.com\/index.php?rest_route=\/wp\/v2\/types\/product"}],"replies":[{"embeddable":true,"href":"https:\/\/staging.cremiacosmetics.com\/index.php?rest_route=%2Fwp%2Fv2%2Fcomments&post=35998"}],"version-history":[{"count":8,"href":"https:\/\/staging.cremiacosmetics.com\/index.php?rest_route=\/wp\/v2\/product\/35998\/revisions"}],"predecessor-version":[{"id":36425,"href":"https:\/\/staging.cremiacosmetics.com\/index.php?rest_route=\/wp\/v2\/product\/35998\/revisions\/36425"}],"wp:featuredmedia":[{"embeddable":true,"href":"https:\/\/staging.cremiacosmetics.com\/index.php?rest_route=\/wp\/v2\/media\/35955"}],"wp:attachment":[{"href":"https:\/\/staging.cremiacosmetics.com\/index.php?rest_route=%2Fwp%2Fv2%2Fmedia&parent=35998"}],"wp:term":[{"taxonomy":"product_brand","embeddable":true,"href":"https:\/\/staging.cremiacosmetics.com\/index.php?rest_route=%2Fwp%2Fv2%2Fproduct_brand&post=35998"},{"taxonomy":"product_cat","embeddable":true,"href":"https:\/\/staging.cremiacosmetics.com\/index.php?rest_route=%2Fwp%2Fv2%2Fproduct_cat&post=35998"},{"taxonomy":"product_tag","embeddable":true,"href":"https:\/\/staging.cremiacosmetics.com\/index.php?rest_route=%2Fwp%2Fv2%2Fproduct_tag&post=35998"}],"curies":[{"name":"wp","href":"https:\/\/api.w.org\/{rel}","templated":true}]}}