{"id":35991,"date":"2025-01-08T19:10:11","date_gmt":"2025-01-08T18:10:11","guid":{"rendered":"https:\/\/staging.cremiacosmetics.com\/?post_type=product&#038;p=35991"},"modified":"2025-04-10T13:35:18","modified_gmt":"2025-04-10T11:35:18","slug":"prebio-serum-professional","status":"publish","type":"product","link":"https:\/\/staging.cremiacosmetics.com\/?product=prebio-serum-professional","title":{"rendered":"Prebio Serum Professional 30ml"},"content":{"rendered":"<h4 data-start=\"327\" data-end=\"351\"><strong data-start=\"332\" data-end=\"351\">F\u0151 hat\u00f3anyagok:<\/strong><\/h4>\n<ul data-start=\"352\" data-end=\"884\">\n<li data-start=\"352\" data-end=\"567\"><strong data-start=\"354\" data-end=\"374\">Inkagum\u00f3 kivonat<\/strong>: A perui eredet\u0171 yacon (Polymnia sonchifolia) frukto-oligoszacharidokban (FOS) gazdag kivonata, amely a b\u0151r sz\u00e1m\u00e1ra j\u00f3t\u00e9kony bakt\u00e9riumok t\u00e1pl\u00e1l\u00e9ka, t\u00e1mogatva ezzel a b\u0151r mikrobiomj\u00e1nak egyens\u00faly\u00e1t.<\/li>\n<li data-start=\"568\" data-end=\"742\"><strong data-start=\"570\" data-end=\"585\">Hyaluronsav<\/strong>: Kis \u00e9s nagy molekulat\u00f6meg\u0171 hialuronsav kombin\u00e1ci\u00f3ja, amely m\u00e9lyen hidrat\u00e1l, v\u00edzmegk\u00f6t\u0151 k\u00e9pess\u00e9g\u00e9vel seg\u00edti a b\u0151r puhas\u00e1g\u00e1nak \u00e9s rugalmass\u00e1g\u00e1nak meg\u0151rz\u00e9s\u00e9t.<\/li>\n<li data-start=\"743\" data-end=\"884\"><strong data-start=\"745\" data-end=\"769\">Damaszkuszi r\u00f3zsav\u00edz<\/strong>: Hidrat\u00e1l\u00f3 \u00e9s friss\u00edt\u0151 vir\u00e1gv\u00edz, amely k\u00e9nyezteti a b\u0151rt \u00e9s nyugtat\u00f3 hat\u00e1s\u00e1val t\u00f6k\u00e9letes kieg\u00e9sz\u00edt\u0151je a sz\u00e9rumnak.<\/li>\n<\/ul>\n<h4 data-start=\"1127\" data-end=\"1148\"><strong data-start=\"1132\" data-end=\"1148\">Alkalmaz\u00e1sa:<\/strong><\/h4>\n<p data-start=\"1149\" data-end=\"1364\">A kozmetikai kezel\u00e9s hat\u00f3anyag-bevitel l\u00e9p\u00e9s\u00e9ben vigy\u00e9l fel ecsettel vagy k\u00e9zzel 4-5 csepp sz\u00e9rumot a Hyaluron UH g\u00e9l al\u00e1.<\/p>\n<p>\u00d6sszetev\u0151k: Aqua, Rosa damascena flower water, Glycerin, Polymnia Sonchifolia Root Juice, Hyaluronic acids, Phenoxyethanol, Ethylhexylglycerine, Phenethyl Glycol and Glyceril caprilate<\/p>\n<p>CPNP: 4858178<\/p>\n","protected":false},"excerpt":{"rendered":"<p>Fedezd fel a prebiotikus b\u0151r\u00e1pol\u00e1s erej\u00e9t a <strong data-start=\"140\" data-end=\"169\">Prebio Serum Professional<\/strong> sz\u00e9rummal! Ez a frukto-oligoszacharidokban gazdag, intenz\u00edven hidrat\u00e1l\u00f3 hialuronsav sz\u00e9rum kifejezetten akn\u00e9s, szeborre\u00e1s \u00e9s \u00e9rz\u00e9keny b\u0151r sz\u00e1m\u00e1ra k\u00e9sz\u00fclt.<\/p>\n<h4 data-start=\"886\" data-end=\"903\"><strong data-start=\"891\" data-end=\"903\">El\u0151ny\u00f6k:<\/strong><\/h4>\n<ul data-start=\"904\" data-end=\"1125\">\n<li data-start=\"904\" data-end=\"953\">T\u00e1mogatja a b\u0151r term\u00e9szetes v\u00e9dekez\u0151k\u00e9pess\u00e9g\u00e9t.<\/li>\n<li data-start=\"954\" data-end=\"1010\">Seg\u00edt helyre\u00e1ll\u00edtani a b\u0151r mikrobiomj\u00e1nak egyens\u00faly\u00e1t.<\/li>\n<li data-start=\"1011\" data-end=\"1085\">Hat\u00e9konyan hidrat\u00e1l \u00e9s cs\u00f6kkenti a sz\u00e1razs\u00e1g okozta kellemetlen \u00e9rzetet.<\/li>\n<li data-start=\"1086\" data-end=\"1125\">Nyugtatja az irrit\u00e1lt, \u00e9rz\u00e9keny b\u0151rt.<\/li>\n<\/ul>\n","protected":false},"featured_media":35967,"comment_status":"open","ping_status":"closed","template":"","meta":[],"product_brand":[],"product_cat":[1416,887,1415],"product_tag":[],"class_list":{"0":"post-35991","1":"product","2":"type-product","3":"status-publish","4":"has-post-thumbnail","6":"product_cat-mikrobiom-harmonizalasa","7":"product_cat-professional","8":"product_cat-szerumok-professional","10":"first","11":"instock","12":"taxable","13":"shipping-taxable","14":"product-type-simple"},"bundled_by":[],"bundle_stock_status":"instock","bundle_stock_quantity":null,"bundle_virtual":false,"bundle_layout":"","bundle_add_to_cart_form_location":"","bundle_editable_in_cart":false,"bundle_sold_individually_context":"","bundle_item_grouping":"","bundle_min_size":"","bundle_max_size":"","bundle_price":[],"bundled_items":[],"bundle_sell_ids":[],"yoast_head":"<!-- This site is optimized with the Yoast SEO Premium plugin v24.9 (Yoast SEO v24.9) - https:\/\/yoast.com\/wordpress\/plugins\/seo\/ -->\n<title>Prebio Serum Professional 30ml - Cremia Cosmetics<\/title>\n<meta name=\"robots\" content=\"index, follow, max-snippet:-1, max-image-preview:large, max-video-preview:-1\" \/>\n<link rel=\"canonical\" href=\"https:\/\/staging.cremiacosmetics.com\/osszes-termek\/prebio-serum-professional\/\" \/>\n<meta property=\"og:locale\" content=\"en_US\" \/>\n<meta property=\"og:type\" content=\"article\" \/>\n<meta property=\"og:title\" content=\"Prebio Serum Professional 30ml\" \/>\n<meta property=\"og:description\" content=\"Fedezd fel a prebiotikus b\u0151r\u00e1pol\u00e1s erej\u00e9t a Prebio Serum Professional sz\u00e9rummal! Ez a frukto-oligoszacharidokban gazdag, intenz\u00edven hidrat\u00e1l\u00f3 hialuronsav sz\u00e9rum kifejezetten akn\u00e9s, szeborre\u00e1s \u00e9s \u00e9rz\u00e9keny b\u0151r sz\u00e1m\u00e1ra k\u00e9sz\u00fclt. El\u0151ny\u00f6k:   T\u00e1mogatja a b\u0151r term\u00e9szetes v\u00e9dekez\u0151k\u00e9pess\u00e9g\u00e9t.  Seg\u00edt helyre\u00e1ll\u00edtani a b\u0151r mikrobiomj\u00e1nak egyens\u00faly\u00e1t.  Hat\u00e9konyan hidrat\u00e1l \u00e9s cs\u00f6kkenti a sz\u00e1razs\u00e1g okozta kellemetlen \u00e9rzetet.  Nyugtatja az irrit\u00e1lt, \u00e9rz\u00e9keny b\u0151rt.\" \/>\n<meta property=\"og:url\" content=\"https:\/\/staging.cremiacosmetics.com\/osszes-termek\/prebio-serum-professional\/\" \/>\n<meta property=\"og:site_name\" content=\"Cremia Cosmetics\" \/>\n<meta property=\"article:publisher\" content=\"https:\/\/www.facebook.com\/cremiacosmetics\" \/>\n<meta property=\"article:modified_time\" content=\"2025-04-10T11:35:18+00:00\" \/>\n<meta property=\"og:image\" content=\"https:\/\/staging.cremiacosmetics.com\/wp-content\/uploads\/2025\/01\/prebio.jpg\" \/>\n\t<meta property=\"og:image:width\" content=\"800\" \/>\n\t<meta property=\"og:image:height\" content=\"800\" \/>\n\t<meta property=\"og:image:type\" content=\"image\/jpeg\" \/>\n<meta name=\"twitter:card\" content=\"summary_large_image\" \/>\n<meta name=\"twitter:label1\" content=\"Price\" \/>\n\t<meta name=\"twitter:data1\" content=\"\" \/>\n\t<meta name=\"twitter:label2\" content=\"Availability\" \/>\n\t<meta name=\"twitter:data2\" content=\"In stock\" \/>\n<script type=\"application\/ld+json\" class=\"yoast-schema-graph\">{\"@context\":\"https:\/\/schema.org\",\"@graph\":[{\"@type\":\"WebPage\",\"@id\":\"https:\/\/staging.cremiacosmetics.com\/osszes-termek\/prebio-serum-professional\/\",\"url\":\"https:\/\/staging.cremiacosmetics.com\/osszes-termek\/prebio-serum-professional\/\",\"name\":\"Prebio Serum Professional 30ml - Cremia Cosmetics\",\"isPartOf\":{\"@id\":\"https:\/\/staging.cremiacosmetics.com\/#website\"},\"primaryImageOfPage\":{\"@id\":\"https:\/\/staging.cremiacosmetics.com\/osszes-termek\/prebio-serum-professional\/#primaryimage\"},\"image\":{\"@id\":\"https:\/\/staging.cremiacosmetics.com\/osszes-termek\/prebio-serum-professional\/#primaryimage\"},\"thumbnailUrl\":\"https:\/\/staging.cremiacosmetics.com\/wp-content\/uploads\/2025\/01\/prebio.jpg\",\"datePublished\":\"2025-01-08T18:10:11+00:00\",\"dateModified\":\"2025-04-10T11:35:18+00:00\",\"breadcrumb\":{\"@id\":\"https:\/\/staging.cremiacosmetics.com\/osszes-termek\/prebio-serum-professional\/#breadcrumb\"},\"inLanguage\":\"en-US\",\"potentialAction\":[{\"@type\":\"ReadAction\",\"target\":[\"https:\/\/staging.cremiacosmetics.com\/osszes-termek\/prebio-serum-professional\/\"]}]},{\"@type\":\"ImageObject\",\"inLanguage\":\"en-US\",\"@id\":\"https:\/\/staging.cremiacosmetics.com\/osszes-termek\/prebio-serum-professional\/#primaryimage\",\"url\":\"https:\/\/staging.cremiacosmetics.com\/wp-content\/uploads\/2025\/01\/prebio.jpg\",\"contentUrl\":\"https:\/\/staging.cremiacosmetics.com\/wp-content\/uploads\/2025\/01\/prebio.jpg\",\"width\":800,\"height\":800},{\"@type\":\"BreadcrumbList\",\"@id\":\"https:\/\/staging.cremiacosmetics.com\/osszes-termek\/prebio-serum-professional\/#breadcrumb\",\"itemListElement\":[{\"@type\":\"ListItem\",\"position\":1,\"name\":\"Kezd\u0151lap\",\"item\":\"https:\/\/staging.cremiacosmetics.com\/\"},{\"@type\":\"ListItem\",\"position\":2,\"name\":\"\u00d6sszes term\u00e9k\",\"item\":\"https:\/\/staging.cremiacosmetics.com\/?page_id=15931\"},{\"@type\":\"ListItem\",\"position\":3,\"name\":\"Prebio Serum Professional 30ml\"}]},{\"@type\":\"WebSite\",\"@id\":\"https:\/\/staging.cremiacosmetics.com\/#website\",\"url\":\"https:\/\/staging.cremiacosmetics.com\/\",\"name\":\"Cremia Cosmetics\",\"description\":\"Nature-powered beauty\",\"publisher\":{\"@id\":\"https:\/\/staging.cremiacosmetics.com\/#organization\"},\"potentialAction\":[{\"@type\":\"SearchAction\",\"target\":{\"@type\":\"EntryPoint\",\"urlTemplate\":\"https:\/\/staging.cremiacosmetics.com\/?s={search_term_string}\"},\"query-input\":{\"@type\":\"PropertyValueSpecification\",\"valueRequired\":true,\"valueName\":\"search_term_string\"}}],\"inLanguage\":\"en-US\"},{\"@type\":\"Organization\",\"@id\":\"https:\/\/staging.cremiacosmetics.com\/#organization\",\"name\":\"Cremia Cosmetics\",\"url\":\"https:\/\/staging.cremiacosmetics.com\/\",\"logo\":{\"@type\":\"ImageObject\",\"inLanguage\":\"en-US\",\"@id\":\"https:\/\/staging.cremiacosmetics.com\/#\/schema\/logo\/image\/\",\"url\":\"https:\/\/staging.cremiacosmetics.com\/wp-content\/uploads\/2024\/03\/Cremia-logo-15x15mm.svg\",\"contentUrl\":\"https:\/\/staging.cremiacosmetics.com\/wp-content\/uploads\/2024\/03\/Cremia-logo-15x15mm.svg\",\"width\":42,\"height\":42,\"caption\":\"Cremia Cosmetics\"},\"image\":{\"@id\":\"https:\/\/staging.cremiacosmetics.com\/#\/schema\/logo\/image\/\"},\"sameAs\":[\"https:\/\/www.facebook.com\/cremiacosmetics\",\"https:\/\/www.instagram.com\/cremiacosmetics\/\"]}]}<\/script>\n<meta property=\"product:price:amount\" content=\"0\" \/>\n<meta property=\"product:price:currency\" content=\"HUF\" \/>\n<meta property=\"og:availability\" content=\"instock\" \/>\n<meta property=\"product:availability\" content=\"instock\" \/>\n<meta property=\"product:retailer_item_id\" content=\"C-PrSP-HU-30\" \/>\n<meta property=\"product:condition\" content=\"new\" \/>\n<!-- \/ Yoast SEO Premium plugin. -->","yoast_head_json":{"title":"Prebio Serum Professional 30ml - Cremia Cosmetics","robots":{"index":"index","follow":"follow","max-snippet":"max-snippet:-1","max-image-preview":"max-image-preview:large","max-video-preview":"max-video-preview:-1"},"canonical":"https:\/\/staging.cremiacosmetics.com\/osszes-termek\/prebio-serum-professional\/","og_locale":"en_US","og_type":"article","og_title":"Prebio Serum Professional 30ml","og_description":"Fedezd fel a prebiotikus b\u0151r\u00e1pol\u00e1s erej\u00e9t a Prebio Serum Professional sz\u00e9rummal! Ez a frukto-oligoszacharidokban gazdag, intenz\u00edven hidrat\u00e1l\u00f3 hialuronsav sz\u00e9rum kifejezetten akn\u00e9s, szeborre\u00e1s \u00e9s \u00e9rz\u00e9keny b\u0151r sz\u00e1m\u00e1ra k\u00e9sz\u00fclt. El\u0151ny\u00f6k:   T\u00e1mogatja a b\u0151r term\u00e9szetes v\u00e9dekez\u0151k\u00e9pess\u00e9g\u00e9t.  Seg\u00edt helyre\u00e1ll\u00edtani a b\u0151r mikrobiomj\u00e1nak egyens\u00faly\u00e1t.  Hat\u00e9konyan hidrat\u00e1l \u00e9s cs\u00f6kkenti a sz\u00e1razs\u00e1g okozta kellemetlen \u00e9rzetet.  Nyugtatja az irrit\u00e1lt, \u00e9rz\u00e9keny b\u0151rt.","og_url":"https:\/\/staging.cremiacosmetics.com\/osszes-termek\/prebio-serum-professional\/","og_site_name":"Cremia Cosmetics","article_publisher":"https:\/\/www.facebook.com\/cremiacosmetics","article_modified_time":"2025-04-10T11:35:18+00:00","og_image":[{"width":800,"height":800,"url":"https:\/\/staging.cremiacosmetics.com\/wp-content\/uploads\/2025\/01\/prebio.jpg","type":"image\/jpeg"}],"twitter_card":"summary_large_image","twitter_misc":{"Price":"","Availability":"In stock"},"schema":{"@context":"https:\/\/schema.org","@graph":[{"@type":"WebPage","@id":"https:\/\/staging.cremiacosmetics.com\/osszes-termek\/prebio-serum-professional\/","url":"https:\/\/staging.cremiacosmetics.com\/osszes-termek\/prebio-serum-professional\/","name":"Prebio Serum Professional 30ml - Cremia Cosmetics","isPartOf":{"@id":"https:\/\/staging.cremiacosmetics.com\/#website"},"primaryImageOfPage":{"@id":"https:\/\/staging.cremiacosmetics.com\/osszes-termek\/prebio-serum-professional\/#primaryimage"},"image":{"@id":"https:\/\/staging.cremiacosmetics.com\/osszes-termek\/prebio-serum-professional\/#primaryimage"},"thumbnailUrl":"https:\/\/staging.cremiacosmetics.com\/wp-content\/uploads\/2025\/01\/prebio.jpg","datePublished":"2025-01-08T18:10:11+00:00","dateModified":"2025-04-10T11:35:18+00:00","breadcrumb":{"@id":"https:\/\/staging.cremiacosmetics.com\/osszes-termek\/prebio-serum-professional\/#breadcrumb"},"inLanguage":"en-US","potentialAction":[{"@type":"ReadAction","target":["https:\/\/staging.cremiacosmetics.com\/osszes-termek\/prebio-serum-professional\/"]}]},{"@type":"ImageObject","inLanguage":"en-US","@id":"https:\/\/staging.cremiacosmetics.com\/osszes-termek\/prebio-serum-professional\/#primaryimage","url":"https:\/\/staging.cremiacosmetics.com\/wp-content\/uploads\/2025\/01\/prebio.jpg","contentUrl":"https:\/\/staging.cremiacosmetics.com\/wp-content\/uploads\/2025\/01\/prebio.jpg","width":800,"height":800},{"@type":"BreadcrumbList","@id":"https:\/\/staging.cremiacosmetics.com\/osszes-termek\/prebio-serum-professional\/#breadcrumb","itemListElement":[{"@type":"ListItem","position":1,"name":"Kezd\u0151lap","item":"https:\/\/staging.cremiacosmetics.com\/"},{"@type":"ListItem","position":2,"name":"\u00d6sszes term\u00e9k","item":"https:\/\/staging.cremiacosmetics.com\/?page_id=15931"},{"@type":"ListItem","position":3,"name":"Prebio Serum Professional 30ml"}]},{"@type":"WebSite","@id":"https:\/\/staging.cremiacosmetics.com\/#website","url":"https:\/\/staging.cremiacosmetics.com\/","name":"Cremia Cosmetics","description":"Nature-powered beauty","publisher":{"@id":"https:\/\/staging.cremiacosmetics.com\/#organization"},"potentialAction":[{"@type":"SearchAction","target":{"@type":"EntryPoint","urlTemplate":"https:\/\/staging.cremiacosmetics.com\/?s={search_term_string}"},"query-input":{"@type":"PropertyValueSpecification","valueRequired":true,"valueName":"search_term_string"}}],"inLanguage":"en-US"},{"@type":"Organization","@id":"https:\/\/staging.cremiacosmetics.com\/#organization","name":"Cremia Cosmetics","url":"https:\/\/staging.cremiacosmetics.com\/","logo":{"@type":"ImageObject","inLanguage":"en-US","@id":"https:\/\/staging.cremiacosmetics.com\/#\/schema\/logo\/image\/","url":"https:\/\/staging.cremiacosmetics.com\/wp-content\/uploads\/2024\/03\/Cremia-logo-15x15mm.svg","contentUrl":"https:\/\/staging.cremiacosmetics.com\/wp-content\/uploads\/2024\/03\/Cremia-logo-15x15mm.svg","width":42,"height":42,"caption":"Cremia Cosmetics"},"image":{"@id":"https:\/\/staging.cremiacosmetics.com\/#\/schema\/logo\/image\/"},"sameAs":["https:\/\/www.facebook.com\/cremiacosmetics","https:\/\/www.instagram.com\/cremiacosmetics\/"]}]},"product_price_currency":"HUF","og_availability":"instock","product_availability":"instock","product_retailer_item_id":"C-PrSP-HU-30","product_condition":"new"},"_links":{"self":[{"href":"https:\/\/staging.cremiacosmetics.com\/index.php?rest_route=\/wp\/v2\/product\/35991","targetHints":{"allow":["GET"]}}],"collection":[{"href":"https:\/\/staging.cremiacosmetics.com\/index.php?rest_route=\/wp\/v2\/product"}],"about":[{"href":"https:\/\/staging.cremiacosmetics.com\/index.php?rest_route=\/wp\/v2\/types\/product"}],"replies":[{"embeddable":true,"href":"https:\/\/staging.cremiacosmetics.com\/index.php?rest_route=%2Fwp%2Fv2%2Fcomments&post=35991"}],"version-history":[{"count":9,"href":"https:\/\/staging.cremiacosmetics.com\/index.php?rest_route=\/wp\/v2\/product\/35991\/revisions"}],"predecessor-version":[{"id":36423,"href":"https:\/\/staging.cremiacosmetics.com\/index.php?rest_route=\/wp\/v2\/product\/35991\/revisions\/36423"}],"wp:featuredmedia":[{"embeddable":true,"href":"https:\/\/staging.cremiacosmetics.com\/index.php?rest_route=\/wp\/v2\/media\/35967"}],"wp:attachment":[{"href":"https:\/\/staging.cremiacosmetics.com\/index.php?rest_route=%2Fwp%2Fv2%2Fmedia&parent=35991"}],"wp:term":[{"taxonomy":"product_brand","embeddable":true,"href":"https:\/\/staging.cremiacosmetics.com\/index.php?rest_route=%2Fwp%2Fv2%2Fproduct_brand&post=35991"},{"taxonomy":"product_cat","embeddable":true,"href":"https:\/\/staging.cremiacosmetics.com\/index.php?rest_route=%2Fwp%2Fv2%2Fproduct_cat&post=35991"},{"taxonomy":"product_tag","embeddable":true,"href":"https:\/\/staging.cremiacosmetics.com\/index.php?rest_route=%2Fwp%2Fv2%2Fproduct_tag&post=35991"}],"curies":[{"name":"wp","href":"https:\/\/api.w.org\/{rel}","templated":true}]}}