{"id":35008,"date":"2024-08-26T09:26:24","date_gmt":"2024-08-26T07:26:24","guid":{"rendered":"https:\/\/staging.cremiacosmetics.com\/?post_type=product&#038;p=35008"},"modified":"2025-03-24T10:59:21","modified_gmt":"2025-03-24T09:59:21","slug":"ginkgo-renew-cream","status":"publish","type":"product","link":"https:\/\/staging.cremiacosmetics.com\/?product=ginkgo-renew-cream","title":{"rendered":"Ginkgo Renew Cream &#8211; b\u0151rmeg\u00faj\u00edt\u00f3 vitaliz\u00e1l\u00f3 kr\u00e9m"},"content":{"rendered":"<figure class=\"wp-block-table\">\r\n<table>\r\n<tbody>\r\n<tr>\r\n<td colspan=\"2\">\u00a0<\/td>\r\n<td colspan=\"2\">\u00a0<\/td>\r\n<\/tr>\r\n<\/tbody>\r\n<\/table>\r\n<\/figure><p>\u00d6sszet\u00e9tel:<\/p>\r\n<p>50 ml<\/p>\r\n<p>CPNP Reference:<\/p>","protected":false},"excerpt":{"rendered":"<p>F\u0151 hat\u00f3anyagai:<\/p>\n<ul>\n<li>Ginkgo biloba kivonat<\/li>\n<li>Lactobacillus ferment lyasatum<\/li>\n<li>hialuronsav<\/li>\n<li>zab olaj: Rendk\u00edv\u00fcl magas term\u00e9szetes antioxid\u00e1ns tartalom, A-, E- \u00e9s B-vitaminokban gazdag<\/li>\n<li>Kalciumot, cinkket, vasat \u00e9s mang\u00e1nt tartalmaz<\/li>\n<\/ul>\n<p>Posztbiotikus hat\u00f3anyagtartalma miatt a b\u0151r szerkezet\u00e9t er\u0151s\u00edti, illetve a b\u0151r mikrobiomj\u00e1nak v\u00e9delm\u00e9re is alkalmas, sokr\u00e9t\u0171 kr\u00e9m.<\/p>\n","protected":false},"featured_media":34985,"comment_status":"open","ping_status":"closed","template":"","meta":[],"product_brand":[],"product_cat":[1163,482],"product_tag":[541,1402,556],"class_list":{"0":"post-35008","1":"product","2":"type-product","3":"status-publish","4":"has-post-thumbnail","6":"product_cat-lakossagi-termekek","7":"product_cat-osszes","8":"product_tag-arcapolas","9":"product_tag-ginkgo-biloba","10":"product_tag-hialuron-en","12":"first","13":"instock","14":"taxable","15":"shipping-taxable","16":"purchasable","17":"product-type-simple"},"bundled_by":[],"bundle_stock_status":"instock","bundle_stock_quantity":null,"bundle_virtual":false,"bundle_layout":"","bundle_add_to_cart_form_location":"","bundle_editable_in_cart":false,"bundle_sold_individually_context":"","bundle_item_grouping":"","bundle_min_size":"","bundle_max_size":"","bundle_price":[],"bundled_items":[],"bundle_sell_ids":[],"yoast_head":"<!-- This site is optimized with the Yoast SEO Premium plugin v24.9 (Yoast SEO v24.9) - https:\/\/yoast.com\/wordpress\/plugins\/seo\/ -->\n<title>Ginkgo Renew Cream - b\u0151rmeg\u00faj\u00edt\u00f3 vitaliz\u00e1l\u00f3 kr\u00e9m - Cremia Cosmetics<\/title>\n<meta name=\"robots\" content=\"index, follow, max-snippet:-1, max-image-preview:large, max-video-preview:-1\" \/>\n<link rel=\"canonical\" href=\"https:\/\/staging.cremiacosmetics.com\/osszes-termek\/ginkgo-renew-cream\/\" \/>\n<meta property=\"og:locale\" content=\"en_US\" \/>\n<meta property=\"og:type\" content=\"article\" \/>\n<meta property=\"og:title\" content=\"Ginkgo Renew Cream - b\u0151rmeg\u00faj\u00edt\u00f3 vitaliz\u00e1l\u00f3 kr\u00e9m\" \/>\n<meta property=\"og:description\" content=\"F\u0151 hat\u00f3anyagai:  Ginkgo biloba kivonat Lactobacillus ferment lyasatum hialuronsav zab olaj: Rendk\u00edv\u00fcl magas term\u00e9szetes antioxid\u00e1ns tartalom, A-, E- \u00e9s B-vitaminokban gazdag Kalciumot, cinkket, vasat \u00e9s mang\u00e1nt tartalmaz  Posztbiotikus hat\u00f3anyagtartalma miatt a b\u0151r szerkezet\u00e9t er\u0151s\u00edti, illetve a b\u0151r mikrobiomj\u00e1nak v\u00e9delm\u00e9re is alkalmas, sokr\u00e9t\u0171 kr\u00e9m.\" \/>\n<meta property=\"og:url\" content=\"https:\/\/staging.cremiacosmetics.com\/osszes-termek\/ginkgo-renew-cream\/\" \/>\n<meta property=\"og:site_name\" content=\"Cremia Cosmetics\" \/>\n<meta property=\"article:publisher\" content=\"https:\/\/www.facebook.com\/cremiacosmetics\" \/>\n<meta property=\"article:modified_time\" content=\"2025-03-24T09:59:21+00:00\" \/>\n<meta property=\"og:image\" content=\"https:\/\/staging.cremiacosmetics.com\/wp-content\/uploads\/2024\/08\/ginkgorenewcream.jpg\" \/>\n\t<meta property=\"og:image:width\" content=\"800\" \/>\n\t<meta property=\"og:image:height\" content=\"800\" \/>\n\t<meta property=\"og:image:type\" content=\"image\/jpeg\" \/>\n<meta name=\"twitter:card\" content=\"summary_large_image\" \/>\n<meta name=\"twitter:label1\" content=\"Price\" \/>\n\t<meta name=\"twitter:data1\" content=\"20 990&nbsp;&#070;&#116;\" \/>\n\t<meta name=\"twitter:label2\" content=\"Availability\" \/>\n\t<meta name=\"twitter:data2\" content=\"In stock\" \/>\n<script type=\"application\/ld+json\" class=\"yoast-schema-graph\">{\"@context\":\"https:\/\/schema.org\",\"@graph\":[{\"@type\":\"WebPage\",\"@id\":\"https:\/\/staging.cremiacosmetics.com\/osszes-termek\/ginkgo-renew-cream\/\",\"url\":\"https:\/\/staging.cremiacosmetics.com\/osszes-termek\/ginkgo-renew-cream\/\",\"name\":\"Ginkgo Renew Cream - b\u0151rmeg\u00faj\u00edt\u00f3 vitaliz\u00e1l\u00f3 kr\u00e9m - Cremia Cosmetics\",\"isPartOf\":{\"@id\":\"https:\/\/staging.cremiacosmetics.com\/#website\"},\"primaryImageOfPage\":{\"@id\":\"https:\/\/staging.cremiacosmetics.com\/osszes-termek\/ginkgo-renew-cream\/#primaryimage\"},\"image\":{\"@id\":\"https:\/\/staging.cremiacosmetics.com\/osszes-termek\/ginkgo-renew-cream\/#primaryimage\"},\"thumbnailUrl\":\"https:\/\/staging.cremiacosmetics.com\/wp-content\/uploads\/2024\/08\/ginkgorenewcream.jpg\",\"datePublished\":\"2024-08-26T07:26:24+00:00\",\"dateModified\":\"2025-03-24T09:59:21+00:00\",\"breadcrumb\":{\"@id\":\"https:\/\/staging.cremiacosmetics.com\/osszes-termek\/ginkgo-renew-cream\/#breadcrumb\"},\"inLanguage\":\"en-US\",\"potentialAction\":[{\"@type\":\"ReadAction\",\"target\":[\"https:\/\/staging.cremiacosmetics.com\/osszes-termek\/ginkgo-renew-cream\/\"]}]},{\"@type\":\"ImageObject\",\"inLanguage\":\"en-US\",\"@id\":\"https:\/\/staging.cremiacosmetics.com\/osszes-termek\/ginkgo-renew-cream\/#primaryimage\",\"url\":\"https:\/\/staging.cremiacosmetics.com\/wp-content\/uploads\/2024\/08\/ginkgorenewcream.jpg\",\"contentUrl\":\"https:\/\/staging.cremiacosmetics.com\/wp-content\/uploads\/2024\/08\/ginkgorenewcream.jpg\",\"width\":800,\"height\":800},{\"@type\":\"BreadcrumbList\",\"@id\":\"https:\/\/staging.cremiacosmetics.com\/osszes-termek\/ginkgo-renew-cream\/#breadcrumb\",\"itemListElement\":[{\"@type\":\"ListItem\",\"position\":1,\"name\":\"Kezd\u0151lap\",\"item\":\"https:\/\/staging.cremiacosmetics.com\/\"},{\"@type\":\"ListItem\",\"position\":2,\"name\":\"\u00d6sszes term\u00e9k\",\"item\":\"https:\/\/staging.cremiacosmetics.com\/?page_id=15931\"},{\"@type\":\"ListItem\",\"position\":3,\"name\":\"Ginkgo Renew Cream &#8211; b\u0151rmeg\u00faj\u00edt\u00f3 vitaliz\u00e1l\u00f3 kr\u00e9m\"}]},{\"@type\":\"WebSite\",\"@id\":\"https:\/\/staging.cremiacosmetics.com\/#website\",\"url\":\"https:\/\/staging.cremiacosmetics.com\/\",\"name\":\"Cremia Cosmetics\",\"description\":\"Nature-powered beauty\",\"publisher\":{\"@id\":\"https:\/\/staging.cremiacosmetics.com\/#organization\"},\"potentialAction\":[{\"@type\":\"SearchAction\",\"target\":{\"@type\":\"EntryPoint\",\"urlTemplate\":\"https:\/\/staging.cremiacosmetics.com\/?s={search_term_string}\"},\"query-input\":{\"@type\":\"PropertyValueSpecification\",\"valueRequired\":true,\"valueName\":\"search_term_string\"}}],\"inLanguage\":\"en-US\"},{\"@type\":\"Organization\",\"@id\":\"https:\/\/staging.cremiacosmetics.com\/#organization\",\"name\":\"Cremia Cosmetics\",\"url\":\"https:\/\/staging.cremiacosmetics.com\/\",\"logo\":{\"@type\":\"ImageObject\",\"inLanguage\":\"en-US\",\"@id\":\"https:\/\/staging.cremiacosmetics.com\/#\/schema\/logo\/image\/\",\"url\":\"https:\/\/staging.cremiacosmetics.com\/wp-content\/uploads\/2024\/03\/Cremia-logo-15x15mm.svg\",\"contentUrl\":\"https:\/\/staging.cremiacosmetics.com\/wp-content\/uploads\/2024\/03\/Cremia-logo-15x15mm.svg\",\"width\":42,\"height\":42,\"caption\":\"Cremia Cosmetics\"},\"image\":{\"@id\":\"https:\/\/staging.cremiacosmetics.com\/#\/schema\/logo\/image\/\"},\"sameAs\":[\"https:\/\/www.facebook.com\/cremiacosmetics\",\"https:\/\/www.instagram.com\/cremiacosmetics\/\"]}]}<\/script>\n<meta property=\"product:price:amount\" content=\"20990\" \/>\n<meta property=\"product:price:currency\" content=\"HUF\" \/>\n<meta property=\"og:availability\" content=\"instock\" \/>\n<meta property=\"product:availability\" content=\"instock\" \/>\n<meta property=\"product:retailer_item_id\" content=\"C-GR-HU-50\" \/>\n<meta property=\"product:condition\" content=\"new\" \/>\n<!-- \/ Yoast SEO Premium plugin. -->","yoast_head_json":{"title":"Ginkgo Renew Cream - b\u0151rmeg\u00faj\u00edt\u00f3 vitaliz\u00e1l\u00f3 kr\u00e9m - Cremia Cosmetics","robots":{"index":"index","follow":"follow","max-snippet":"max-snippet:-1","max-image-preview":"max-image-preview:large","max-video-preview":"max-video-preview:-1"},"canonical":"https:\/\/staging.cremiacosmetics.com\/osszes-termek\/ginkgo-renew-cream\/","og_locale":"en_US","og_type":"article","og_title":"Ginkgo Renew Cream - b\u0151rmeg\u00faj\u00edt\u00f3 vitaliz\u00e1l\u00f3 kr\u00e9m","og_description":"F\u0151 hat\u00f3anyagai:  Ginkgo biloba kivonat Lactobacillus ferment lyasatum hialuronsav zab olaj: Rendk\u00edv\u00fcl magas term\u00e9szetes antioxid\u00e1ns tartalom, A-, E- \u00e9s B-vitaminokban gazdag Kalciumot, cinkket, vasat \u00e9s mang\u00e1nt tartalmaz  Posztbiotikus hat\u00f3anyagtartalma miatt a b\u0151r szerkezet\u00e9t er\u0151s\u00edti, illetve a b\u0151r mikrobiomj\u00e1nak v\u00e9delm\u00e9re is alkalmas, sokr\u00e9t\u0171 kr\u00e9m.","og_url":"https:\/\/staging.cremiacosmetics.com\/osszes-termek\/ginkgo-renew-cream\/","og_site_name":"Cremia Cosmetics","article_publisher":"https:\/\/www.facebook.com\/cremiacosmetics","article_modified_time":"2025-03-24T09:59:21+00:00","og_image":[{"width":800,"height":800,"url":"https:\/\/staging.cremiacosmetics.com\/wp-content\/uploads\/2024\/08\/ginkgorenewcream.jpg","type":"image\/jpeg"}],"twitter_card":"summary_large_image","twitter_misc":{"Price":"20 990&nbsp;&#70;&#116;","Availability":"In stock"},"schema":{"@context":"https:\/\/schema.org","@graph":[{"@type":"WebPage","@id":"https:\/\/staging.cremiacosmetics.com\/osszes-termek\/ginkgo-renew-cream\/","url":"https:\/\/staging.cremiacosmetics.com\/osszes-termek\/ginkgo-renew-cream\/","name":"Ginkgo Renew Cream - b\u0151rmeg\u00faj\u00edt\u00f3 vitaliz\u00e1l\u00f3 kr\u00e9m - Cremia Cosmetics","isPartOf":{"@id":"https:\/\/staging.cremiacosmetics.com\/#website"},"primaryImageOfPage":{"@id":"https:\/\/staging.cremiacosmetics.com\/osszes-termek\/ginkgo-renew-cream\/#primaryimage"},"image":{"@id":"https:\/\/staging.cremiacosmetics.com\/osszes-termek\/ginkgo-renew-cream\/#primaryimage"},"thumbnailUrl":"https:\/\/staging.cremiacosmetics.com\/wp-content\/uploads\/2024\/08\/ginkgorenewcream.jpg","datePublished":"2024-08-26T07:26:24+00:00","dateModified":"2025-03-24T09:59:21+00:00","breadcrumb":{"@id":"https:\/\/staging.cremiacosmetics.com\/osszes-termek\/ginkgo-renew-cream\/#breadcrumb"},"inLanguage":"en-US","potentialAction":[{"@type":"ReadAction","target":["https:\/\/staging.cremiacosmetics.com\/osszes-termek\/ginkgo-renew-cream\/"]}]},{"@type":"ImageObject","inLanguage":"en-US","@id":"https:\/\/staging.cremiacosmetics.com\/osszes-termek\/ginkgo-renew-cream\/#primaryimage","url":"https:\/\/staging.cremiacosmetics.com\/wp-content\/uploads\/2024\/08\/ginkgorenewcream.jpg","contentUrl":"https:\/\/staging.cremiacosmetics.com\/wp-content\/uploads\/2024\/08\/ginkgorenewcream.jpg","width":800,"height":800},{"@type":"BreadcrumbList","@id":"https:\/\/staging.cremiacosmetics.com\/osszes-termek\/ginkgo-renew-cream\/#breadcrumb","itemListElement":[{"@type":"ListItem","position":1,"name":"Kezd\u0151lap","item":"https:\/\/staging.cremiacosmetics.com\/"},{"@type":"ListItem","position":2,"name":"\u00d6sszes term\u00e9k","item":"https:\/\/staging.cremiacosmetics.com\/?page_id=15931"},{"@type":"ListItem","position":3,"name":"Ginkgo Renew Cream &#8211; b\u0151rmeg\u00faj\u00edt\u00f3 vitaliz\u00e1l\u00f3 kr\u00e9m"}]},{"@type":"WebSite","@id":"https:\/\/staging.cremiacosmetics.com\/#website","url":"https:\/\/staging.cremiacosmetics.com\/","name":"Cremia Cosmetics","description":"Nature-powered beauty","publisher":{"@id":"https:\/\/staging.cremiacosmetics.com\/#organization"},"potentialAction":[{"@type":"SearchAction","target":{"@type":"EntryPoint","urlTemplate":"https:\/\/staging.cremiacosmetics.com\/?s={search_term_string}"},"query-input":{"@type":"PropertyValueSpecification","valueRequired":true,"valueName":"search_term_string"}}],"inLanguage":"en-US"},{"@type":"Organization","@id":"https:\/\/staging.cremiacosmetics.com\/#organization","name":"Cremia Cosmetics","url":"https:\/\/staging.cremiacosmetics.com\/","logo":{"@type":"ImageObject","inLanguage":"en-US","@id":"https:\/\/staging.cremiacosmetics.com\/#\/schema\/logo\/image\/","url":"https:\/\/staging.cremiacosmetics.com\/wp-content\/uploads\/2024\/03\/Cremia-logo-15x15mm.svg","contentUrl":"https:\/\/staging.cremiacosmetics.com\/wp-content\/uploads\/2024\/03\/Cremia-logo-15x15mm.svg","width":42,"height":42,"caption":"Cremia Cosmetics"},"image":{"@id":"https:\/\/staging.cremiacosmetics.com\/#\/schema\/logo\/image\/"},"sameAs":["https:\/\/www.facebook.com\/cremiacosmetics","https:\/\/www.instagram.com\/cremiacosmetics\/"]}]},"product_price_amount":"20990","product_price_currency":"HUF","og_availability":"instock","product_availability":"instock","product_retailer_item_id":"C-GR-HU-50","product_condition":"new"},"_links":{"self":[{"href":"https:\/\/staging.cremiacosmetics.com\/index.php?rest_route=\/wp\/v2\/product\/35008","targetHints":{"allow":["GET"]}}],"collection":[{"href":"https:\/\/staging.cremiacosmetics.com\/index.php?rest_route=\/wp\/v2\/product"}],"about":[{"href":"https:\/\/staging.cremiacosmetics.com\/index.php?rest_route=\/wp\/v2\/types\/product"}],"replies":[{"embeddable":true,"href":"https:\/\/staging.cremiacosmetics.com\/index.php?rest_route=%2Fwp%2Fv2%2Fcomments&post=35008"}],"version-history":[{"count":6,"href":"https:\/\/staging.cremiacosmetics.com\/index.php?rest_route=\/wp\/v2\/product\/35008\/revisions"}],"predecessor-version":[{"id":36526,"href":"https:\/\/staging.cremiacosmetics.com\/index.php?rest_route=\/wp\/v2\/product\/35008\/revisions\/36526"}],"wp:featuredmedia":[{"embeddable":true,"href":"https:\/\/staging.cremiacosmetics.com\/index.php?rest_route=\/wp\/v2\/media\/34985"}],"wp:attachment":[{"href":"https:\/\/staging.cremiacosmetics.com\/index.php?rest_route=%2Fwp%2Fv2%2Fmedia&parent=35008"}],"wp:term":[{"taxonomy":"product_brand","embeddable":true,"href":"https:\/\/staging.cremiacosmetics.com\/index.php?rest_route=%2Fwp%2Fv2%2Fproduct_brand&post=35008"},{"taxonomy":"product_cat","embeddable":true,"href":"https:\/\/staging.cremiacosmetics.com\/index.php?rest_route=%2Fwp%2Fv2%2Fproduct_cat&post=35008"},{"taxonomy":"product_tag","embeddable":true,"href":"https:\/\/staging.cremiacosmetics.com\/index.php?rest_route=%2Fwp%2Fv2%2Fproduct_tag&post=35008"}],"curies":[{"name":"wp","href":"https:\/\/api.w.org\/{rel}","templated":true}]}}