{"id":30251,"date":"2023-06-27T15:43:06","date_gmt":"2023-06-27T13:43:06","guid":{"rendered":"https:\/\/cremiocosmetics.com\/?post_type=product&#038;p=30251"},"modified":"2025-04-11T14:10:29","modified_gmt":"2025-04-11T12:10:29","slug":"hamamelis-cbd","status":"publish","type":"product","link":"https:\/\/staging.cremiacosmetics.com\/?product=hamamelis-cbd","title":{"rendered":"Hamamelis CBD 50ml p\u00f3rus\u00f6sszeh\u00faz\u00f3  b\u0151rnyugtat\u00f3 kr\u00e9mpakol\u00e1s"},"content":{"rendered":"<p>\u00d6sszetev\u0151k: Aqua, Butyrospermum Parkii Butter, Cannabis sativa seed oil, Hamamelis virginiana water,<br \/>\nCetearyl Olivate, Sorbitan Olivate, Stearic Acid, Magnesium stearate, Helianthus annuus seed oil, Rosmarinus officinalis leaf extract, Zinc oxide, Phenoxyethanol, Ethylhexylglycerin, Rosmarinus officinalis leaf oil,citral, geraniol, eugenol, estragol, methyleugenol<br \/>\n50ml, pH6.6<\/p>\n","protected":false},"excerpt":{"rendered":"<p>P\u00f3rus\u00f6sszeh\u00faz\u00f3 hammamelis vir\u00e1gvizet, cink oxidot, b\u0151rnyugtat\u00f3 kendermagolajat, rozmaring ill\u00f3olajat, shea vajat tartalmaz\u00f3 hidrat\u00e1l\u00f3 kr\u00e9mpakol\u00e1s. Aj\u00e1nlott t\u00e1g p\u00f3rus\u00fa, gyullad\u00e1sra hajlamos b\u0151rre.<\/p>\n<p>Vigy\u00e9l fel a di\u00f3nyi kr\u00e9met \u00e9s 5-10 perc ut\u00e1n mosd le.<\/p>\n","protected":false},"featured_media":33131,"comment_status":"open","ping_status":"closed","template":"","meta":[],"product_brand":[],"product_cat":[1163,482],"product_tag":[1141],"class_list":{"0":"post-30251","1":"product","2":"type-product","3":"status-publish","4":"has-post-thumbnail","6":"product_cat-lakossagi-termekek","7":"product_cat-osszes","8":"product_tag-kozmetikus-kedvezmeny","10":"first","11":"instock","12":"taxable","13":"shipping-taxable","14":"purchasable","15":"product-type-simple"},"bundled_by":[],"bundle_stock_status":"instock","bundle_stock_quantity":null,"bundle_virtual":false,"bundle_layout":"","bundle_add_to_cart_form_location":"","bundle_editable_in_cart":false,"bundle_sold_individually_context":"","bundle_item_grouping":"","bundle_min_size":"","bundle_max_size":"","bundle_price":[],"bundled_items":[],"bundle_sell_ids":[],"yoast_head":"<!-- This site is optimized with the Yoast SEO Premium plugin v24.9 (Yoast SEO v24.9) - https:\/\/yoast.com\/wordpress\/plugins\/seo\/ -->\n<title>Hamamelis CBD 50ml p\u00f3rus\u00f6sszeh\u00faz\u00f3 b\u0151rnyugtat\u00f3 kr\u00e9mpakol\u00e1s - Cremia Cosmetics<\/title>\n<meta name=\"robots\" content=\"index, follow, max-snippet:-1, max-image-preview:large, max-video-preview:-1\" \/>\n<link rel=\"canonical\" href=\"https:\/\/staging.cremiacosmetics.com\/osszes-termek\/hamamelis-cbd\/\" \/>\n<meta property=\"og:locale\" content=\"en_US\" \/>\n<meta property=\"og:type\" content=\"article\" \/>\n<meta property=\"og:title\" content=\"Hamamelis CBD 50ml p\u00f3rus\u00f6sszeh\u00faz\u00f3 b\u0151rnyugtat\u00f3 kr\u00e9mpakol\u00e1s\" \/>\n<meta property=\"og:description\" content=\"P\u00f3rus\u00f6sszeh\u00faz\u00f3 hammamelis vir\u00e1gvizet, cink oxidot, b\u0151rnyugtat\u00f3 kendermagolajat, rozmaring ill\u00f3olajat, shea vajat tartalmaz\u00f3 hidrat\u00e1l\u00f3 kr\u00e9mpakol\u00e1s. Aj\u00e1nlott t\u00e1g p\u00f3rus\u00fa, gyullad\u00e1sra hajlamos b\u0151rre.  Vigy\u00e9l fel a di\u00f3nyi kr\u00e9met \u00e9s 5-10 perc ut\u00e1n mosd le.\" \/>\n<meta property=\"og:url\" content=\"https:\/\/staging.cremiacosmetics.com\/osszes-termek\/hamamelis-cbd\/\" \/>\n<meta property=\"og:site_name\" content=\"Cremia Cosmetics\" \/>\n<meta property=\"article:publisher\" content=\"https:\/\/www.facebook.com\/cremiacosmetics\" \/>\n<meta property=\"article:modified_time\" content=\"2025-04-11T12:10:29+00:00\" \/>\n<meta property=\"og:image\" content=\"https:\/\/staging.cremiacosmetics.com\/wp-content\/uploads\/2024\/03\/Cremia_Hamamelis-CBD_800.jpg\" \/>\n\t<meta property=\"og:image:width\" content=\"800\" \/>\n\t<meta property=\"og:image:height\" content=\"800\" \/>\n\t<meta property=\"og:image:type\" content=\"image\/jpeg\" \/>\n<meta name=\"twitter:card\" content=\"summary_large_image\" \/>\n<meta name=\"twitter:label1\" content=\"Price\" \/>\n\t<meta name=\"twitter:data1\" content=\"10 990&nbsp;&#070;&#116;\" \/>\n\t<meta name=\"twitter:label2\" content=\"Availability\" \/>\n\t<meta name=\"twitter:data2\" content=\"In stock\" \/>\n<script type=\"application\/ld+json\" class=\"yoast-schema-graph\">{\"@context\":\"https:\/\/schema.org\",\"@graph\":[{\"@type\":\"WebPage\",\"@id\":\"https:\/\/staging.cremiacosmetics.com\/osszes-termek\/hamamelis-cbd\/\",\"url\":\"https:\/\/staging.cremiacosmetics.com\/osszes-termek\/hamamelis-cbd\/\",\"name\":\"Hamamelis CBD 50ml p\u00f3rus\u00f6sszeh\u00faz\u00f3 b\u0151rnyugtat\u00f3 kr\u00e9mpakol\u00e1s - Cremia Cosmetics\",\"isPartOf\":{\"@id\":\"https:\/\/staging.cremiacosmetics.com\/#website\"},\"primaryImageOfPage\":{\"@id\":\"https:\/\/staging.cremiacosmetics.com\/osszes-termek\/hamamelis-cbd\/#primaryimage\"},\"image\":{\"@id\":\"https:\/\/staging.cremiacosmetics.com\/osszes-termek\/hamamelis-cbd\/#primaryimage\"},\"thumbnailUrl\":\"https:\/\/staging.cremiacosmetics.com\/wp-content\/uploads\/2024\/03\/Cremia_Hamamelis-CBD_800.jpg\",\"datePublished\":\"2023-06-27T13:43:06+00:00\",\"dateModified\":\"2025-04-11T12:10:29+00:00\",\"breadcrumb\":{\"@id\":\"https:\/\/staging.cremiacosmetics.com\/osszes-termek\/hamamelis-cbd\/#breadcrumb\"},\"inLanguage\":\"en-US\",\"potentialAction\":[{\"@type\":\"ReadAction\",\"target\":[\"https:\/\/staging.cremiacosmetics.com\/osszes-termek\/hamamelis-cbd\/\"]}]},{\"@type\":\"ImageObject\",\"inLanguage\":\"en-US\",\"@id\":\"https:\/\/staging.cremiacosmetics.com\/osszes-termek\/hamamelis-cbd\/#primaryimage\",\"url\":\"https:\/\/staging.cremiacosmetics.com\/wp-content\/uploads\/2024\/03\/Cremia_Hamamelis-CBD_800.jpg\",\"contentUrl\":\"https:\/\/staging.cremiacosmetics.com\/wp-content\/uploads\/2024\/03\/Cremia_Hamamelis-CBD_800.jpg\",\"width\":800,\"height\":800,\"caption\":\"Cremia Hamamelis CBD\"},{\"@type\":\"BreadcrumbList\",\"@id\":\"https:\/\/staging.cremiacosmetics.com\/osszes-termek\/hamamelis-cbd\/#breadcrumb\",\"itemListElement\":[{\"@type\":\"ListItem\",\"position\":1,\"name\":\"Kezd\u0151lap\",\"item\":\"https:\/\/staging.cremiacosmetics.com\/\"},{\"@type\":\"ListItem\",\"position\":2,\"name\":\"\u00d6sszes term\u00e9k\",\"item\":\"https:\/\/staging.cremiacosmetics.com\/?page_id=15931\"},{\"@type\":\"ListItem\",\"position\":3,\"name\":\"Hamamelis CBD 50ml p\u00f3rus\u00f6sszeh\u00faz\u00f3 b\u0151rnyugtat\u00f3 kr\u00e9mpakol\u00e1s\"}]},{\"@type\":\"WebSite\",\"@id\":\"https:\/\/staging.cremiacosmetics.com\/#website\",\"url\":\"https:\/\/staging.cremiacosmetics.com\/\",\"name\":\"Cremia Cosmetics\",\"description\":\"Nature-powered beauty\",\"publisher\":{\"@id\":\"https:\/\/staging.cremiacosmetics.com\/#organization\"},\"potentialAction\":[{\"@type\":\"SearchAction\",\"target\":{\"@type\":\"EntryPoint\",\"urlTemplate\":\"https:\/\/staging.cremiacosmetics.com\/?s={search_term_string}\"},\"query-input\":{\"@type\":\"PropertyValueSpecification\",\"valueRequired\":true,\"valueName\":\"search_term_string\"}}],\"inLanguage\":\"en-US\"},{\"@type\":\"Organization\",\"@id\":\"https:\/\/staging.cremiacosmetics.com\/#organization\",\"name\":\"Cremia Cosmetics\",\"url\":\"https:\/\/staging.cremiacosmetics.com\/\",\"logo\":{\"@type\":\"ImageObject\",\"inLanguage\":\"en-US\",\"@id\":\"https:\/\/staging.cremiacosmetics.com\/#\/schema\/logo\/image\/\",\"url\":\"https:\/\/staging.cremiacosmetics.com\/wp-content\/uploads\/2024\/03\/Cremia-logo-15x15mm.svg\",\"contentUrl\":\"https:\/\/staging.cremiacosmetics.com\/wp-content\/uploads\/2024\/03\/Cremia-logo-15x15mm.svg\",\"width\":42,\"height\":42,\"caption\":\"Cremia Cosmetics\"},\"image\":{\"@id\":\"https:\/\/staging.cremiacosmetics.com\/#\/schema\/logo\/image\/\"},\"sameAs\":[\"https:\/\/www.facebook.com\/cremiacosmetics\",\"https:\/\/www.instagram.com\/cremiacosmetics\/\"]}]}<\/script>\n<meta property=\"product:price:amount\" content=\"10990\" \/>\n<meta property=\"product:price:currency\" content=\"HUF\" \/>\n<meta property=\"og:availability\" content=\"instock\" \/>\n<meta property=\"product:availability\" content=\"instock\" \/>\n<meta property=\"product:retailer_item_id\" content=\"C-CBD-HU-50\" \/>\n<meta property=\"product:condition\" content=\"new\" \/>\n<!-- \/ Yoast SEO Premium plugin. -->","yoast_head_json":{"title":"Hamamelis CBD 50ml p\u00f3rus\u00f6sszeh\u00faz\u00f3 b\u0151rnyugtat\u00f3 kr\u00e9mpakol\u00e1s - Cremia Cosmetics","robots":{"index":"index","follow":"follow","max-snippet":"max-snippet:-1","max-image-preview":"max-image-preview:large","max-video-preview":"max-video-preview:-1"},"canonical":"https:\/\/staging.cremiacosmetics.com\/osszes-termek\/hamamelis-cbd\/","og_locale":"en_US","og_type":"article","og_title":"Hamamelis CBD 50ml p\u00f3rus\u00f6sszeh\u00faz\u00f3 b\u0151rnyugtat\u00f3 kr\u00e9mpakol\u00e1s","og_description":"P\u00f3rus\u00f6sszeh\u00faz\u00f3 hammamelis vir\u00e1gvizet, cink oxidot, b\u0151rnyugtat\u00f3 kendermagolajat, rozmaring ill\u00f3olajat, shea vajat tartalmaz\u00f3 hidrat\u00e1l\u00f3 kr\u00e9mpakol\u00e1s. Aj\u00e1nlott t\u00e1g p\u00f3rus\u00fa, gyullad\u00e1sra hajlamos b\u0151rre.  Vigy\u00e9l fel a di\u00f3nyi kr\u00e9met \u00e9s 5-10 perc ut\u00e1n mosd le.","og_url":"https:\/\/staging.cremiacosmetics.com\/osszes-termek\/hamamelis-cbd\/","og_site_name":"Cremia Cosmetics","article_publisher":"https:\/\/www.facebook.com\/cremiacosmetics","article_modified_time":"2025-04-11T12:10:29+00:00","og_image":[{"width":800,"height":800,"url":"https:\/\/staging.cremiacosmetics.com\/wp-content\/uploads\/2024\/03\/Cremia_Hamamelis-CBD_800.jpg","type":"image\/jpeg"}],"twitter_card":"summary_large_image","twitter_misc":{"Price":"10 990&nbsp;&#70;&#116;","Availability":"In stock"},"schema":{"@context":"https:\/\/schema.org","@graph":[{"@type":"WebPage","@id":"https:\/\/staging.cremiacosmetics.com\/osszes-termek\/hamamelis-cbd\/","url":"https:\/\/staging.cremiacosmetics.com\/osszes-termek\/hamamelis-cbd\/","name":"Hamamelis CBD 50ml p\u00f3rus\u00f6sszeh\u00faz\u00f3 b\u0151rnyugtat\u00f3 kr\u00e9mpakol\u00e1s - Cremia Cosmetics","isPartOf":{"@id":"https:\/\/staging.cremiacosmetics.com\/#website"},"primaryImageOfPage":{"@id":"https:\/\/staging.cremiacosmetics.com\/osszes-termek\/hamamelis-cbd\/#primaryimage"},"image":{"@id":"https:\/\/staging.cremiacosmetics.com\/osszes-termek\/hamamelis-cbd\/#primaryimage"},"thumbnailUrl":"https:\/\/staging.cremiacosmetics.com\/wp-content\/uploads\/2024\/03\/Cremia_Hamamelis-CBD_800.jpg","datePublished":"2023-06-27T13:43:06+00:00","dateModified":"2025-04-11T12:10:29+00:00","breadcrumb":{"@id":"https:\/\/staging.cremiacosmetics.com\/osszes-termek\/hamamelis-cbd\/#breadcrumb"},"inLanguage":"en-US","potentialAction":[{"@type":"ReadAction","target":["https:\/\/staging.cremiacosmetics.com\/osszes-termek\/hamamelis-cbd\/"]}]},{"@type":"ImageObject","inLanguage":"en-US","@id":"https:\/\/staging.cremiacosmetics.com\/osszes-termek\/hamamelis-cbd\/#primaryimage","url":"https:\/\/staging.cremiacosmetics.com\/wp-content\/uploads\/2024\/03\/Cremia_Hamamelis-CBD_800.jpg","contentUrl":"https:\/\/staging.cremiacosmetics.com\/wp-content\/uploads\/2024\/03\/Cremia_Hamamelis-CBD_800.jpg","width":800,"height":800,"caption":"Cremia Hamamelis CBD"},{"@type":"BreadcrumbList","@id":"https:\/\/staging.cremiacosmetics.com\/osszes-termek\/hamamelis-cbd\/#breadcrumb","itemListElement":[{"@type":"ListItem","position":1,"name":"Kezd\u0151lap","item":"https:\/\/staging.cremiacosmetics.com\/"},{"@type":"ListItem","position":2,"name":"\u00d6sszes term\u00e9k","item":"https:\/\/staging.cremiacosmetics.com\/?page_id=15931"},{"@type":"ListItem","position":3,"name":"Hamamelis CBD 50ml p\u00f3rus\u00f6sszeh\u00faz\u00f3 b\u0151rnyugtat\u00f3 kr\u00e9mpakol\u00e1s"}]},{"@type":"WebSite","@id":"https:\/\/staging.cremiacosmetics.com\/#website","url":"https:\/\/staging.cremiacosmetics.com\/","name":"Cremia Cosmetics","description":"Nature-powered beauty","publisher":{"@id":"https:\/\/staging.cremiacosmetics.com\/#organization"},"potentialAction":[{"@type":"SearchAction","target":{"@type":"EntryPoint","urlTemplate":"https:\/\/staging.cremiacosmetics.com\/?s={search_term_string}"},"query-input":{"@type":"PropertyValueSpecification","valueRequired":true,"valueName":"search_term_string"}}],"inLanguage":"en-US"},{"@type":"Organization","@id":"https:\/\/staging.cremiacosmetics.com\/#organization","name":"Cremia Cosmetics","url":"https:\/\/staging.cremiacosmetics.com\/","logo":{"@type":"ImageObject","inLanguage":"en-US","@id":"https:\/\/staging.cremiacosmetics.com\/#\/schema\/logo\/image\/","url":"https:\/\/staging.cremiacosmetics.com\/wp-content\/uploads\/2024\/03\/Cremia-logo-15x15mm.svg","contentUrl":"https:\/\/staging.cremiacosmetics.com\/wp-content\/uploads\/2024\/03\/Cremia-logo-15x15mm.svg","width":42,"height":42,"caption":"Cremia Cosmetics"},"image":{"@id":"https:\/\/staging.cremiacosmetics.com\/#\/schema\/logo\/image\/"},"sameAs":["https:\/\/www.facebook.com\/cremiacosmetics","https:\/\/www.instagram.com\/cremiacosmetics\/"]}]},"product_price_amount":"10990","product_price_currency":"HUF","og_availability":"instock","product_availability":"instock","product_retailer_item_id":"C-CBD-HU-50","product_condition":"new"},"_links":{"self":[{"href":"https:\/\/staging.cremiacosmetics.com\/index.php?rest_route=\/wp\/v2\/product\/30251","targetHints":{"allow":["GET"]}}],"collection":[{"href":"https:\/\/staging.cremiacosmetics.com\/index.php?rest_route=\/wp\/v2\/product"}],"about":[{"href":"https:\/\/staging.cremiacosmetics.com\/index.php?rest_route=\/wp\/v2\/types\/product"}],"replies":[{"embeddable":true,"href":"https:\/\/staging.cremiacosmetics.com\/index.php?rest_route=%2Fwp%2Fv2%2Fcomments&post=30251"}],"version-history":[{"count":2,"href":"https:\/\/staging.cremiacosmetics.com\/index.php?rest_route=\/wp\/v2\/product\/30251\/revisions"}],"predecessor-version":[{"id":36524,"href":"https:\/\/staging.cremiacosmetics.com\/index.php?rest_route=\/wp\/v2\/product\/30251\/revisions\/36524"}],"wp:featuredmedia":[{"embeddable":true,"href":"https:\/\/staging.cremiacosmetics.com\/index.php?rest_route=\/wp\/v2\/media\/33131"}],"wp:attachment":[{"href":"https:\/\/staging.cremiacosmetics.com\/index.php?rest_route=%2Fwp%2Fv2%2Fmedia&parent=30251"}],"wp:term":[{"taxonomy":"product_brand","embeddable":true,"href":"https:\/\/staging.cremiacosmetics.com\/index.php?rest_route=%2Fwp%2Fv2%2Fproduct_brand&post=30251"},{"taxonomy":"product_cat","embeddable":true,"href":"https:\/\/staging.cremiacosmetics.com\/index.php?rest_route=%2Fwp%2Fv2%2Fproduct_cat&post=30251"},{"taxonomy":"product_tag","embeddable":true,"href":"https:\/\/staging.cremiacosmetics.com\/index.php?rest_route=%2Fwp%2Fv2%2Fproduct_tag&post=30251"}],"curies":[{"name":"wp","href":"https:\/\/api.w.org\/{rel}","templated":true}]}}