{"id":30193,"date":"2023-06-27T11:11:59","date_gmt":"2023-06-27T09:11:59","guid":{"rendered":"https:\/\/cremiocosmetics.com\/?post_type=product&#038;p=30193"},"modified":"2025-03-11T09:36:41","modified_gmt":"2025-03-11T08:36:41","slug":"after-sun-sooting-foam","status":"publish","type":"product","link":"https:\/\/staging.cremiacosmetics.com\/?product=after-sun-sooting-foam","title":{"rendered":"After Sun Soothing Foam 150ml"},"content":{"rendered":"\t\t<div data-elementor-type=\"product-post\" data-elementor-id=\"30193\" class=\"elementor elementor-30193\" data-elementor-post-type=\"product\">\n\t\t\t\t<div class=\"elementor-element elementor-element-274c1601 e-flex e-con-boxed e-con e-parent\" data-id=\"274c1601\" data-element_type=\"container\" data-settings=\"{&quot;tmea_shape_divider_top&quot;:&quot;none&quot;,&quot;tmea_shape_divider_bottom&quot;:&quot;none&quot;}\">\n\t\t\t\t\t<div class=\"e-con-inner\">\n\t\t\n<div class=\"elementor-element elementor-element-3175902 e-flex e-con-boxed e-con e-child\" data-id=\"3175902\" data-element_type=\"container\" data-settings=\"{&quot;tmea_shape_divider_top&quot;:&quot;none&quot;,&quot;tmea_shape_divider_bottom&quot;:&quot;none&quot;}\">\n\t\t\t\t\t<div class=\"e-con-inner\">\n\t\t\t\t<div class=\"elementor-element elementor-element-c928b6f elementor-widget elementor-widget-video\" data-id=\"c928b6f\" data-element_type=\"widget\" data-settings=\"{&quot;video_type&quot;:&quot;hosted&quot;,&quot;controls&quot;:&quot;yes&quot;}\" data-widget_type=\"video.default\">\n\t\t\t\t<div class=\"elementor-widget-container\">\n\t\t\t\t\t\t\t<div class=\"e-hosted-video elementor-wrapper elementor-open-inline\">\n\t\t\t\t\t<video class=\"elementor-video\" src=\"https:\/\/staging.cremiacosmetics.com\/wp-content\/uploads\/2024\/04\/After-sun-hab.mov\" controls=\"\" preload=\"metadata\" controlsList=\"nodownload\"><\/video>\n\t\t\t\t<\/div>\n\t\t\t\t\t\t<\/div>\n\t\t\t\t<\/div>\n\t\t\t\t\t<\/div>\n\t\t\t\t<\/div>\n\t\t\t\t<div class=\"elementor-element elementor-element-132e3571 elementor-widget elementor-widget-text-editor\" data-id=\"132e3571\" data-element_type=\"widget\" data-widget_type=\"text-editor.default\">\n\t\t\t\t<div class=\"elementor-widget-container\">\n\t\t\t\t\t\t\t\t\t\u00d6sszet\u00e9tel: Aqua, Camellia Sinensis leaf extract, Centella Asiatica Extract, Aloe Barbadensis Leaf Juice, Panthenol, Glycerin, Caprylyl\/Capryl Glucoside, Sodium Cocoyl Glutamate, Glyceryl Caprylate, Polyglyceryl-6 Oleate, Sodium Surfactin Penoxyethanol, Ethylhexilglycerin, Sodium benzoate, Potassium sorbate, Citric acid, Parfum,\n\nCPNP Reference: 4269684\t\t\t\t\t\t\t\t<\/div>\n\t\t\t\t<\/div>\n\t\t\t\t\t<\/div>\n\t\t\t\t<\/div>\n\t\t\t\t<\/div>\n\t\t","protected":false},"excerpt":{"rendered":"<p>Z\u00f6ld tea illat\u00fa napoz\u00e1s ut\u00e1ni b\u0151rnyugtat\u00f3 hab. 5% panthenolt tartalmaz, emellett nyugat\u00f3 aloe kivonatot, irrit\u00e1ci\u00f3t cs\u00f6kkent\u0151 \u00e1zsiai g\u00e1zl\u00f3 kivonatot, term\u00e9szetes antioxid\u00e1nsokban gazdag z\u00f6ld tea kivonatot \u00e9s hidrat\u00e1l\u00f3 glicerint. Hab \u00e1llag\u00e1nak k\u00f6sz\u00f6nhet\u0151en h\u0171s\u00edt\u0151 hat\u00e1s\u00fa.<\/p>\n<p>150ml<\/p>\n<p>Alkalmaz\u00e1sa: Arcra \u00e9s testre aj\u00e1nljuk haszn\u00e1lat\u00e1t minden b\u0151rt\u00edpusra. Vigy\u00e9l fel 2-3 pump\u00e1l\u00e1snyi habot az \u00e9rintett testfel\u00fcletre, majd k\u00f6rk\u00f6r\u00f6s mozdulatokkal massz\u00edrozd bele a b\u0151r\u00f6dbe.<\/p>\n","protected":false},"featured_media":33119,"comment_status":"open","ping_status":"closed","template":"","meta":[],"product_brand":[],"product_cat":[296,884,1163,482,294,651],"product_tag":[],"class_list":{"0":"post-30193","1":"product","2":"type-product","3":"status-publish","4":"has-post-thumbnail","6":"product_cat-arcapolas","7":"product_cat-bornyugtatas","8":"product_cat-lakossagi-termekek","9":"product_cat-osszes","10":"product_cat-testapolas","11":"product_cat-ujdonsagok","13":"first","14":"instock","15":"taxable","16":"shipping-taxable","17":"purchasable","18":"product-type-simple"},"bundled_by":[],"bundle_stock_status":"instock","bundle_stock_quantity":null,"bundle_virtual":false,"bundle_layout":"","bundle_add_to_cart_form_location":"","bundle_editable_in_cart":false,"bundle_sold_individually_context":"","bundle_item_grouping":"","bundle_min_size":"","bundle_max_size":"","bundle_price":[],"bundled_items":[],"bundle_sell_ids":[],"yoast_head":"<!-- This site is optimized with the Yoast SEO Premium plugin v24.9 (Yoast SEO v24.9) - https:\/\/yoast.com\/wordpress\/plugins\/seo\/ -->\n<title>After Sun Soothing Foam 150ml - Cremia Cosmetics<\/title>\n<meta name=\"robots\" content=\"index, follow, max-snippet:-1, max-image-preview:large, max-video-preview:-1\" \/>\n<link rel=\"canonical\" href=\"https:\/\/staging.cremiacosmetics.com\/osszes-termek\/after-sun-sooting-foam\/\" \/>\n<meta property=\"og:locale\" content=\"en_US\" \/>\n<meta property=\"og:type\" content=\"article\" \/>\n<meta property=\"og:title\" content=\"After Sun Soothing Foam 150ml\" \/>\n<meta property=\"og:description\" content=\"Z\u00f6ld tea illat\u00fa napoz\u00e1s ut\u00e1ni b\u0151rnyugtat\u00f3 hab. 5% panthenolt tartalmaz, emellett nyugat\u00f3 aloe kivonatot, irrit\u00e1ci\u00f3t cs\u00f6kkent\u0151 \u00e1zsiai g\u00e1zl\u00f3 kivonatot, term\u00e9szetes antioxid\u00e1nsokban gazdag z\u00f6ld tea kivonatot \u00e9s hidrat\u00e1l\u00f3 glicerint. Hab \u00e1llag\u00e1nak k\u00f6sz\u00f6nhet\u0151en h\u0171s\u00edt\u0151 hat\u00e1s\u00fa.  150ml  Alkalmaz\u00e1sa: Arcra \u00e9s testre aj\u00e1nljuk haszn\u00e1lat\u00e1t minden b\u0151rt\u00edpusra. Vigy\u00e9l fel 2-3 pump\u00e1l\u00e1snyi habot az \u00e9rintett testfel\u00fcletre, majd k\u00f6rk\u00f6r\u00f6s mozdulatokkal massz\u00edrozd bele a b\u0151r\u00f6dbe.\" \/>\n<meta property=\"og:url\" content=\"https:\/\/staging.cremiacosmetics.com\/osszes-termek\/after-sun-sooting-foam\/\" \/>\n<meta property=\"og:site_name\" content=\"Cremia Cosmetics\" \/>\n<meta property=\"article:publisher\" content=\"https:\/\/www.facebook.com\/cremiacosmetics\" \/>\n<meta property=\"article:modified_time\" content=\"2025-03-11T08:36:41+00:00\" \/>\n<meta property=\"og:image\" content=\"https:\/\/staging.cremiacosmetics.com\/wp-content\/uploads\/2024\/03\/Cremia_After-sun-soothing-foam_800.jpg\" \/>\n\t<meta property=\"og:image:width\" content=\"800\" \/>\n\t<meta property=\"og:image:height\" content=\"800\" \/>\n\t<meta property=\"og:image:type\" content=\"image\/jpeg\" \/>\n<meta name=\"twitter:card\" content=\"summary_large_image\" \/>\n<meta name=\"twitter:label1\" content=\"Price\" \/>\n\t<meta name=\"twitter:data1\" content=\"9 990&nbsp;&#070;&#116;\" \/>\n\t<meta name=\"twitter:label2\" content=\"Availability\" \/>\n\t<meta name=\"twitter:data2\" content=\"In stock\" \/>\n<script type=\"application\/ld+json\" class=\"yoast-schema-graph\">{\"@context\":\"https:\/\/schema.org\",\"@graph\":[{\"@type\":\"WebPage\",\"@id\":\"https:\/\/staging.cremiacosmetics.com\/osszes-termek\/after-sun-sooting-foam\/\",\"url\":\"https:\/\/staging.cremiacosmetics.com\/osszes-termek\/after-sun-sooting-foam\/\",\"name\":\"After Sun Soothing Foam 150ml - Cremia Cosmetics\",\"isPartOf\":{\"@id\":\"https:\/\/staging.cremiacosmetics.com\/#website\"},\"primaryImageOfPage\":{\"@id\":\"https:\/\/staging.cremiacosmetics.com\/osszes-termek\/after-sun-sooting-foam\/#primaryimage\"},\"image\":{\"@id\":\"https:\/\/staging.cremiacosmetics.com\/osszes-termek\/after-sun-sooting-foam\/#primaryimage\"},\"thumbnailUrl\":\"https:\/\/staging.cremiacosmetics.com\/wp-content\/uploads\/2024\/03\/Cremia_After-sun-soothing-foam_800.jpg\",\"datePublished\":\"2023-06-27T09:11:59+00:00\",\"dateModified\":\"2025-03-11T08:36:41+00:00\",\"breadcrumb\":{\"@id\":\"https:\/\/staging.cremiacosmetics.com\/osszes-termek\/after-sun-sooting-foam\/#breadcrumb\"},\"inLanguage\":\"en-US\",\"potentialAction\":[{\"@type\":\"ReadAction\",\"target\":[\"https:\/\/staging.cremiacosmetics.com\/osszes-termek\/after-sun-sooting-foam\/\"]}]},{\"@type\":\"ImageObject\",\"inLanguage\":\"en-US\",\"@id\":\"https:\/\/staging.cremiacosmetics.com\/osszes-termek\/after-sun-sooting-foam\/#primaryimage\",\"url\":\"https:\/\/staging.cremiacosmetics.com\/wp-content\/uploads\/2024\/03\/Cremia_After-sun-soothing-foam_800.jpg\",\"contentUrl\":\"https:\/\/staging.cremiacosmetics.com\/wp-content\/uploads\/2024\/03\/Cremia_After-sun-soothing-foam_800.jpg\",\"width\":800,\"height\":800},{\"@type\":\"BreadcrumbList\",\"@id\":\"https:\/\/staging.cremiacosmetics.com\/osszes-termek\/after-sun-sooting-foam\/#breadcrumb\",\"itemListElement\":[{\"@type\":\"ListItem\",\"position\":1,\"name\":\"Kezd\u0151lap\",\"item\":\"https:\/\/staging.cremiacosmetics.com\/\"},{\"@type\":\"ListItem\",\"position\":2,\"name\":\"\u00d6sszes term\u00e9k\",\"item\":\"https:\/\/staging.cremiacosmetics.com\/?page_id=15931\"},{\"@type\":\"ListItem\",\"position\":3,\"name\":\"After Sun Soothing Foam 150ml\"}]},{\"@type\":\"WebSite\",\"@id\":\"https:\/\/staging.cremiacosmetics.com\/#website\",\"url\":\"https:\/\/staging.cremiacosmetics.com\/\",\"name\":\"Cremia Cosmetics\",\"description\":\"Nature-powered beauty\",\"publisher\":{\"@id\":\"https:\/\/staging.cremiacosmetics.com\/#organization\"},\"potentialAction\":[{\"@type\":\"SearchAction\",\"target\":{\"@type\":\"EntryPoint\",\"urlTemplate\":\"https:\/\/staging.cremiacosmetics.com\/?s={search_term_string}\"},\"query-input\":{\"@type\":\"PropertyValueSpecification\",\"valueRequired\":true,\"valueName\":\"search_term_string\"}}],\"inLanguage\":\"en-US\"},{\"@type\":\"Organization\",\"@id\":\"https:\/\/staging.cremiacosmetics.com\/#organization\",\"name\":\"Cremia Cosmetics\",\"url\":\"https:\/\/staging.cremiacosmetics.com\/\",\"logo\":{\"@type\":\"ImageObject\",\"inLanguage\":\"en-US\",\"@id\":\"https:\/\/staging.cremiacosmetics.com\/#\/schema\/logo\/image\/\",\"url\":\"https:\/\/staging.cremiacosmetics.com\/wp-content\/uploads\/2024\/03\/Cremia-logo-15x15mm.svg\",\"contentUrl\":\"https:\/\/staging.cremiacosmetics.com\/wp-content\/uploads\/2024\/03\/Cremia-logo-15x15mm.svg\",\"width\":42,\"height\":42,\"caption\":\"Cremia Cosmetics\"},\"image\":{\"@id\":\"https:\/\/staging.cremiacosmetics.com\/#\/schema\/logo\/image\/\"},\"sameAs\":[\"https:\/\/www.facebook.com\/cremiacosmetics\",\"https:\/\/www.instagram.com\/cremiacosmetics\/\"]}]}<\/script>\n<meta property=\"product:price:amount\" content=\"9990\" \/>\n<meta property=\"product:price:currency\" content=\"HUF\" \/>\n<meta property=\"og:availability\" content=\"instock\" \/>\n<meta property=\"product:availability\" content=\"instock\" \/>\n<meta property=\"product:retailer_item_id\" content=\"C-ASSF-HU-150\" \/>\n<meta property=\"product:condition\" content=\"new\" \/>\n<!-- \/ Yoast SEO Premium plugin. -->","yoast_head_json":{"title":"After Sun Soothing Foam 150ml - Cremia Cosmetics","robots":{"index":"index","follow":"follow","max-snippet":"max-snippet:-1","max-image-preview":"max-image-preview:large","max-video-preview":"max-video-preview:-1"},"canonical":"https:\/\/staging.cremiacosmetics.com\/osszes-termek\/after-sun-sooting-foam\/","og_locale":"en_US","og_type":"article","og_title":"After Sun Soothing Foam 150ml","og_description":"Z\u00f6ld tea illat\u00fa napoz\u00e1s ut\u00e1ni b\u0151rnyugtat\u00f3 hab. 5% panthenolt tartalmaz, emellett nyugat\u00f3 aloe kivonatot, irrit\u00e1ci\u00f3t cs\u00f6kkent\u0151 \u00e1zsiai g\u00e1zl\u00f3 kivonatot, term\u00e9szetes antioxid\u00e1nsokban gazdag z\u00f6ld tea kivonatot \u00e9s hidrat\u00e1l\u00f3 glicerint. Hab \u00e1llag\u00e1nak k\u00f6sz\u00f6nhet\u0151en h\u0171s\u00edt\u0151 hat\u00e1s\u00fa.  150ml  Alkalmaz\u00e1sa: Arcra \u00e9s testre aj\u00e1nljuk haszn\u00e1lat\u00e1t minden b\u0151rt\u00edpusra. Vigy\u00e9l fel 2-3 pump\u00e1l\u00e1snyi habot az \u00e9rintett testfel\u00fcletre, majd k\u00f6rk\u00f6r\u00f6s mozdulatokkal massz\u00edrozd bele a b\u0151r\u00f6dbe.","og_url":"https:\/\/staging.cremiacosmetics.com\/osszes-termek\/after-sun-sooting-foam\/","og_site_name":"Cremia Cosmetics","article_publisher":"https:\/\/www.facebook.com\/cremiacosmetics","article_modified_time":"2025-03-11T08:36:41+00:00","og_image":[{"width":800,"height":800,"url":"https:\/\/staging.cremiacosmetics.com\/wp-content\/uploads\/2024\/03\/Cremia_After-sun-soothing-foam_800.jpg","type":"image\/jpeg"}],"twitter_card":"summary_large_image","twitter_misc":{"Price":"9 990&nbsp;&#70;&#116;","Availability":"In stock"},"schema":{"@context":"https:\/\/schema.org","@graph":[{"@type":"WebPage","@id":"https:\/\/staging.cremiacosmetics.com\/osszes-termek\/after-sun-sooting-foam\/","url":"https:\/\/staging.cremiacosmetics.com\/osszes-termek\/after-sun-sooting-foam\/","name":"After Sun Soothing Foam 150ml - Cremia Cosmetics","isPartOf":{"@id":"https:\/\/staging.cremiacosmetics.com\/#website"},"primaryImageOfPage":{"@id":"https:\/\/staging.cremiacosmetics.com\/osszes-termek\/after-sun-sooting-foam\/#primaryimage"},"image":{"@id":"https:\/\/staging.cremiacosmetics.com\/osszes-termek\/after-sun-sooting-foam\/#primaryimage"},"thumbnailUrl":"https:\/\/staging.cremiacosmetics.com\/wp-content\/uploads\/2024\/03\/Cremia_After-sun-soothing-foam_800.jpg","datePublished":"2023-06-27T09:11:59+00:00","dateModified":"2025-03-11T08:36:41+00:00","breadcrumb":{"@id":"https:\/\/staging.cremiacosmetics.com\/osszes-termek\/after-sun-sooting-foam\/#breadcrumb"},"inLanguage":"en-US","potentialAction":[{"@type":"ReadAction","target":["https:\/\/staging.cremiacosmetics.com\/osszes-termek\/after-sun-sooting-foam\/"]}]},{"@type":"ImageObject","inLanguage":"en-US","@id":"https:\/\/staging.cremiacosmetics.com\/osszes-termek\/after-sun-sooting-foam\/#primaryimage","url":"https:\/\/staging.cremiacosmetics.com\/wp-content\/uploads\/2024\/03\/Cremia_After-sun-soothing-foam_800.jpg","contentUrl":"https:\/\/staging.cremiacosmetics.com\/wp-content\/uploads\/2024\/03\/Cremia_After-sun-soothing-foam_800.jpg","width":800,"height":800},{"@type":"BreadcrumbList","@id":"https:\/\/staging.cremiacosmetics.com\/osszes-termek\/after-sun-sooting-foam\/#breadcrumb","itemListElement":[{"@type":"ListItem","position":1,"name":"Kezd\u0151lap","item":"https:\/\/staging.cremiacosmetics.com\/"},{"@type":"ListItem","position":2,"name":"\u00d6sszes term\u00e9k","item":"https:\/\/staging.cremiacosmetics.com\/?page_id=15931"},{"@type":"ListItem","position":3,"name":"After Sun Soothing Foam 150ml"}]},{"@type":"WebSite","@id":"https:\/\/staging.cremiacosmetics.com\/#website","url":"https:\/\/staging.cremiacosmetics.com\/","name":"Cremia Cosmetics","description":"Nature-powered beauty","publisher":{"@id":"https:\/\/staging.cremiacosmetics.com\/#organization"},"potentialAction":[{"@type":"SearchAction","target":{"@type":"EntryPoint","urlTemplate":"https:\/\/staging.cremiacosmetics.com\/?s={search_term_string}"},"query-input":{"@type":"PropertyValueSpecification","valueRequired":true,"valueName":"search_term_string"}}],"inLanguage":"en-US"},{"@type":"Organization","@id":"https:\/\/staging.cremiacosmetics.com\/#organization","name":"Cremia Cosmetics","url":"https:\/\/staging.cremiacosmetics.com\/","logo":{"@type":"ImageObject","inLanguage":"en-US","@id":"https:\/\/staging.cremiacosmetics.com\/#\/schema\/logo\/image\/","url":"https:\/\/staging.cremiacosmetics.com\/wp-content\/uploads\/2024\/03\/Cremia-logo-15x15mm.svg","contentUrl":"https:\/\/staging.cremiacosmetics.com\/wp-content\/uploads\/2024\/03\/Cremia-logo-15x15mm.svg","width":42,"height":42,"caption":"Cremia Cosmetics"},"image":{"@id":"https:\/\/staging.cremiacosmetics.com\/#\/schema\/logo\/image\/"},"sameAs":["https:\/\/www.facebook.com\/cremiacosmetics","https:\/\/www.instagram.com\/cremiacosmetics\/"]}]},"product_price_amount":"9990","product_price_currency":"HUF","og_availability":"instock","product_availability":"instock","product_retailer_item_id":"C-ASSF-HU-150","product_condition":"new"},"_links":{"self":[{"href":"https:\/\/staging.cremiacosmetics.com\/index.php?rest_route=\/wp\/v2\/product\/30193","targetHints":{"allow":["GET"]}}],"collection":[{"href":"https:\/\/staging.cremiacosmetics.com\/index.php?rest_route=\/wp\/v2\/product"}],"about":[{"href":"https:\/\/staging.cremiacosmetics.com\/index.php?rest_route=\/wp\/v2\/types\/product"}],"replies":[{"embeddable":true,"href":"https:\/\/staging.cremiacosmetics.com\/index.php?rest_route=%2Fwp%2Fv2%2Fcomments&post=30193"}],"version-history":[{"count":7,"href":"https:\/\/staging.cremiacosmetics.com\/index.php?rest_route=\/wp\/v2\/product\/30193\/revisions"}],"predecessor-version":[{"id":33978,"href":"https:\/\/staging.cremiacosmetics.com\/index.php?rest_route=\/wp\/v2\/product\/30193\/revisions\/33978"}],"wp:featuredmedia":[{"embeddable":true,"href":"https:\/\/staging.cremiacosmetics.com\/index.php?rest_route=\/wp\/v2\/media\/33119"}],"wp:attachment":[{"href":"https:\/\/staging.cremiacosmetics.com\/index.php?rest_route=%2Fwp%2Fv2%2Fmedia&parent=30193"}],"wp:term":[{"taxonomy":"product_brand","embeddable":true,"href":"https:\/\/staging.cremiacosmetics.com\/index.php?rest_route=%2Fwp%2Fv2%2Fproduct_brand&post=30193"},{"taxonomy":"product_cat","embeddable":true,"href":"https:\/\/staging.cremiacosmetics.com\/index.php?rest_route=%2Fwp%2Fv2%2Fproduct_cat&post=30193"},{"taxonomy":"product_tag","embeddable":true,"href":"https:\/\/staging.cremiacosmetics.com\/index.php?rest_route=%2Fwp%2Fv2%2Fproduct_tag&post=30193"}],"curies":[{"name":"wp","href":"https:\/\/api.w.org\/{rel}","templated":true}]}}