{"id":28928,"date":"2022-11-29T14:12:02","date_gmt":"2022-11-29T13:12:02","guid":{"rendered":"https:\/\/cremiocosmetics.com\/?post_type=product&#038;p=28928"},"modified":"2025-04-11T14:53:45","modified_gmt":"2025-04-11T12:53:45","slug":"happy-face-professional-300ml","status":"publish","type":"product","link":"https:\/\/staging.cremiacosmetics.com\/?product=happy-face-professional-300ml","title":{"rendered":"Happy Face Professional 300ml"},"content":{"rendered":"<p>\u00d6sszetev\u0151k: Aqua, Rosa damascena flower water, Caprylic\/Capric triglyceride, Glycerin, Cetearyl Olivate, Sorbitan Olivvate, Urea, Macadamia ternifolia seed oil, Tocopherol, Panthenol, Prunus cerasus seed oil, Phenoxyethanol, Ethylhexylglycerin, stearic acid, Allantoin, Sodium hyaluronate, Parfum, citronellol, geraniol, linalool<\/p>\n","protected":false},"excerpt":{"rendered":"<p>* j\u00f3 reggelt kr\u00e9m *<\/p>\n<p>A Happy Face nappali hidrat\u00e1l\u00f3 egy hihetetlen\u00fcl finom illat\u00fa, k\u00f6nnyed, gyorsan felsz\u00edv\u00f3d\u00f3 arckr\u00e9m.<\/p>\n<p>Intenz\u00edven hidrat\u00e1l a hialuronsavnak, karbamidnak \u00e9s glicerinnek k\u00f6sz\u00f6nhet\u0151en. Ezek seg\u00edtenek a v\u00edz megtart\u00e1s\u00e1ban, m\u00edg a makad\u00e1mia di\u00f3 olaj \u00e9s a meggymagolaj biztos\u00edtj\u00e1k az \u00e1pol\u00f3, regener\u00e1l\u00f3 hat\u00e1s\u00fa zs\u00edrsavakat. A D-panthenol, az allantoin \u00e9s az E-vitamin gondoskodnak a b\u0151r megnyugtat\u00e1s\u00e1r\u00f3l.<\/p>\n<p>Minden b\u0151rt\u00edpusra aj\u00e1nlott.<\/p>\n<p>Haszn\u00e1lata: A megtiszt\u00edtott arcra k\u00f6rk\u00f6r\u00f6s mozdulatokkal vigy\u00e9l fel 1 pump\u00e1l\u00e1snyi kr\u00e9met naponta 1-2 alkalommal.<\/p>\n","protected":false},"featured_media":33167,"comment_status":"open","ping_status":"closed","template":"","meta":[],"product_brand":[],"product_cat":[889,887],"product_tag":[],"class_list":{"0":"post-28928","1":"product","2":"type-product","3":"status-publish","4":"has-post-thumbnail","6":"product_cat-befejezo-lepes","7":"product_cat-professional","9":"first","10":"instock","11":"taxable","12":"shipping-taxable","13":"product-type-simple"},"bundled_by":[],"bundle_stock_status":"instock","bundle_stock_quantity":null,"bundle_virtual":false,"bundle_layout":"","bundle_add_to_cart_form_location":"","bundle_editable_in_cart":false,"bundle_sold_individually_context":"","bundle_item_grouping":"","bundle_min_size":"","bundle_max_size":"","bundle_price":[],"bundled_items":[],"bundle_sell_ids":[],"yoast_head":"<!-- This site is optimized with the Yoast SEO Premium plugin v24.9 (Yoast SEO v24.9) - https:\/\/yoast.com\/wordpress\/plugins\/seo\/ -->\n<title>Happy Face Professional 300ml - Cremia Cosmetics<\/title>\n<meta name=\"robots\" content=\"index, follow, max-snippet:-1, max-image-preview:large, max-video-preview:-1\" \/>\n<link rel=\"canonical\" href=\"https:\/\/staging.cremiacosmetics.com\/osszes-termek\/happy-face-professional-300ml\/\" \/>\n<meta property=\"og:locale\" content=\"en_US\" \/>\n<meta property=\"og:type\" content=\"article\" \/>\n<meta property=\"og:title\" content=\"Happy Face Professional 300ml\" \/>\n<meta property=\"og:description\" content=\"* j\u00f3 reggelt kr\u00e9m *  A Happy Face nappali hidrat\u00e1l\u00f3 egy hihetetlen\u00fcl finom illat\u00fa, k\u00f6nnyed, gyorsan felsz\u00edv\u00f3d\u00f3 arckr\u00e9m.  Intenz\u00edven hidrat\u00e1l a hialuronsavnak, karbamidnak \u00e9s glicerinnek k\u00f6sz\u00f6nhet\u0151en. Ezek seg\u00edtenek a v\u00edz megtart\u00e1s\u00e1ban, m\u00edg a makad\u00e1mia di\u00f3 olaj \u00e9s a meggymagolaj biztos\u00edtj\u00e1k az \u00e1pol\u00f3, regener\u00e1l\u00f3 hat\u00e1s\u00fa zs\u00edrsavakat. A D-panthenol, az allantoin \u00e9s az E-vitamin gondoskodnak a b\u0151r megnyugtat\u00e1s\u00e1r\u00f3l.  Minden b\u0151rt\u00edpusra aj\u00e1nlott.  Haszn\u00e1lata: A megtiszt\u00edtott arcra k\u00f6rk\u00f6r\u00f6s mozdulatokkal vigy\u00e9l fel 1 pump\u00e1l\u00e1snyi kr\u00e9met naponta 1-2 alkalommal.\" \/>\n<meta property=\"og:url\" content=\"https:\/\/staging.cremiacosmetics.com\/osszes-termek\/happy-face-professional-300ml\/\" \/>\n<meta property=\"og:site_name\" content=\"Cremia Cosmetics\" \/>\n<meta property=\"article:publisher\" content=\"https:\/\/www.facebook.com\/cremiacosmetics\" \/>\n<meta property=\"article:modified_time\" content=\"2025-04-11T12:53:45+00:00\" \/>\n<meta property=\"og:image\" content=\"https:\/\/staging.cremiacosmetics.com\/wp-content\/uploads\/2024\/03\/Cremia_Professional_Happy-Face_800.jpg\" \/>\n\t<meta property=\"og:image:width\" content=\"800\" \/>\n\t<meta property=\"og:image:height\" content=\"800\" \/>\n\t<meta property=\"og:image:type\" content=\"image\/jpeg\" \/>\n<meta name=\"twitter:card\" content=\"summary_large_image\" \/>\n<meta name=\"twitter:label1\" content=\"Price\" \/>\n\t<meta name=\"twitter:data1\" content=\"\" \/>\n\t<meta name=\"twitter:label2\" content=\"Availability\" \/>\n\t<meta name=\"twitter:data2\" content=\"In stock\" \/>\n<script type=\"application\/ld+json\" class=\"yoast-schema-graph\">{\"@context\":\"https:\/\/schema.org\",\"@graph\":[{\"@type\":\"WebPage\",\"@id\":\"https:\/\/staging.cremiacosmetics.com\/osszes-termek\/happy-face-professional-300ml\/\",\"url\":\"https:\/\/staging.cremiacosmetics.com\/osszes-termek\/happy-face-professional-300ml\/\",\"name\":\"Happy Face Professional 300ml - Cremia Cosmetics\",\"isPartOf\":{\"@id\":\"https:\/\/staging.cremiacosmetics.com\/#website\"},\"primaryImageOfPage\":{\"@id\":\"https:\/\/staging.cremiacosmetics.com\/osszes-termek\/happy-face-professional-300ml\/#primaryimage\"},\"image\":{\"@id\":\"https:\/\/staging.cremiacosmetics.com\/osszes-termek\/happy-face-professional-300ml\/#primaryimage\"},\"thumbnailUrl\":\"https:\/\/staging.cremiacosmetics.com\/wp-content\/uploads\/2024\/03\/Cremia_Professional_Happy-Face_800.jpg\",\"datePublished\":\"2022-11-29T13:12:02+00:00\",\"dateModified\":\"2025-04-11T12:53:45+00:00\",\"breadcrumb\":{\"@id\":\"https:\/\/staging.cremiacosmetics.com\/osszes-termek\/happy-face-professional-300ml\/#breadcrumb\"},\"inLanguage\":\"en-US\",\"potentialAction\":[{\"@type\":\"ReadAction\",\"target\":[\"https:\/\/staging.cremiacosmetics.com\/osszes-termek\/happy-face-professional-300ml\/\"]}]},{\"@type\":\"ImageObject\",\"inLanguage\":\"en-US\",\"@id\":\"https:\/\/staging.cremiacosmetics.com\/osszes-termek\/happy-face-professional-300ml\/#primaryimage\",\"url\":\"https:\/\/staging.cremiacosmetics.com\/wp-content\/uploads\/2024\/03\/Cremia_Professional_Happy-Face_800.jpg\",\"contentUrl\":\"https:\/\/staging.cremiacosmetics.com\/wp-content\/uploads\/2024\/03\/Cremia_Professional_Happy-Face_800.jpg\",\"width\":800,\"height\":800,\"caption\":\"Happy Face Professional 300ml\"},{\"@type\":\"BreadcrumbList\",\"@id\":\"https:\/\/staging.cremiacosmetics.com\/osszes-termek\/happy-face-professional-300ml\/#breadcrumb\",\"itemListElement\":[{\"@type\":\"ListItem\",\"position\":1,\"name\":\"Kezd\u0151lap\",\"item\":\"https:\/\/staging.cremiacosmetics.com\/\"},{\"@type\":\"ListItem\",\"position\":2,\"name\":\"\u00d6sszes term\u00e9k\",\"item\":\"https:\/\/staging.cremiacosmetics.com\/?page_id=15931\"},{\"@type\":\"ListItem\",\"position\":3,\"name\":\"Happy Face Professional 300ml\"}]},{\"@type\":\"WebSite\",\"@id\":\"https:\/\/staging.cremiacosmetics.com\/#website\",\"url\":\"https:\/\/staging.cremiacosmetics.com\/\",\"name\":\"Cremia Cosmetics\",\"description\":\"Nature-powered beauty\",\"publisher\":{\"@id\":\"https:\/\/staging.cremiacosmetics.com\/#organization\"},\"potentialAction\":[{\"@type\":\"SearchAction\",\"target\":{\"@type\":\"EntryPoint\",\"urlTemplate\":\"https:\/\/staging.cremiacosmetics.com\/?s={search_term_string}\"},\"query-input\":{\"@type\":\"PropertyValueSpecification\",\"valueRequired\":true,\"valueName\":\"search_term_string\"}}],\"inLanguage\":\"en-US\"},{\"@type\":\"Organization\",\"@id\":\"https:\/\/staging.cremiacosmetics.com\/#organization\",\"name\":\"Cremia Cosmetics\",\"url\":\"https:\/\/staging.cremiacosmetics.com\/\",\"logo\":{\"@type\":\"ImageObject\",\"inLanguage\":\"en-US\",\"@id\":\"https:\/\/staging.cremiacosmetics.com\/#\/schema\/logo\/image\/\",\"url\":\"https:\/\/staging.cremiacosmetics.com\/wp-content\/uploads\/2024\/03\/Cremia-logo-15x15mm.svg\",\"contentUrl\":\"https:\/\/staging.cremiacosmetics.com\/wp-content\/uploads\/2024\/03\/Cremia-logo-15x15mm.svg\",\"width\":42,\"height\":42,\"caption\":\"Cremia Cosmetics\"},\"image\":{\"@id\":\"https:\/\/staging.cremiacosmetics.com\/#\/schema\/logo\/image\/\"},\"sameAs\":[\"https:\/\/www.facebook.com\/cremiacosmetics\",\"https:\/\/www.instagram.com\/cremiacosmetics\/\"]}]}<\/script>\n<meta property=\"product:price:amount\" content=\"0\" \/>\n<meta property=\"product:price:currency\" content=\"HUF\" \/>\n<meta property=\"og:availability\" content=\"instock\" \/>\n<meta property=\"product:availability\" content=\"instock\" \/>\n<meta property=\"product:retailer_item_id\" content=\"C-HFP-HU-300\" \/>\n<meta property=\"product:condition\" content=\"new\" \/>\n<!-- \/ Yoast SEO Premium plugin. -->","yoast_head_json":{"title":"Happy Face Professional 300ml - Cremia Cosmetics","robots":{"index":"index","follow":"follow","max-snippet":"max-snippet:-1","max-image-preview":"max-image-preview:large","max-video-preview":"max-video-preview:-1"},"canonical":"https:\/\/staging.cremiacosmetics.com\/osszes-termek\/happy-face-professional-300ml\/","og_locale":"en_US","og_type":"article","og_title":"Happy Face Professional 300ml","og_description":"* j\u00f3 reggelt kr\u00e9m *  A Happy Face nappali hidrat\u00e1l\u00f3 egy hihetetlen\u00fcl finom illat\u00fa, k\u00f6nnyed, gyorsan felsz\u00edv\u00f3d\u00f3 arckr\u00e9m.  Intenz\u00edven hidrat\u00e1l a hialuronsavnak, karbamidnak \u00e9s glicerinnek k\u00f6sz\u00f6nhet\u0151en. Ezek seg\u00edtenek a v\u00edz megtart\u00e1s\u00e1ban, m\u00edg a makad\u00e1mia di\u00f3 olaj \u00e9s a meggymagolaj biztos\u00edtj\u00e1k az \u00e1pol\u00f3, regener\u00e1l\u00f3 hat\u00e1s\u00fa zs\u00edrsavakat. A D-panthenol, az allantoin \u00e9s az E-vitamin gondoskodnak a b\u0151r megnyugtat\u00e1s\u00e1r\u00f3l.  Minden b\u0151rt\u00edpusra aj\u00e1nlott.  Haszn\u00e1lata: A megtiszt\u00edtott arcra k\u00f6rk\u00f6r\u00f6s mozdulatokkal vigy\u00e9l fel 1 pump\u00e1l\u00e1snyi kr\u00e9met naponta 1-2 alkalommal.","og_url":"https:\/\/staging.cremiacosmetics.com\/osszes-termek\/happy-face-professional-300ml\/","og_site_name":"Cremia Cosmetics","article_publisher":"https:\/\/www.facebook.com\/cremiacosmetics","article_modified_time":"2025-04-11T12:53:45+00:00","og_image":[{"width":800,"height":800,"url":"https:\/\/staging.cremiacosmetics.com\/wp-content\/uploads\/2024\/03\/Cremia_Professional_Happy-Face_800.jpg","type":"image\/jpeg"}],"twitter_card":"summary_large_image","twitter_misc":{"Price":"","Availability":"In stock"},"schema":{"@context":"https:\/\/schema.org","@graph":[{"@type":"WebPage","@id":"https:\/\/staging.cremiacosmetics.com\/osszes-termek\/happy-face-professional-300ml\/","url":"https:\/\/staging.cremiacosmetics.com\/osszes-termek\/happy-face-professional-300ml\/","name":"Happy Face Professional 300ml - Cremia Cosmetics","isPartOf":{"@id":"https:\/\/staging.cremiacosmetics.com\/#website"},"primaryImageOfPage":{"@id":"https:\/\/staging.cremiacosmetics.com\/osszes-termek\/happy-face-professional-300ml\/#primaryimage"},"image":{"@id":"https:\/\/staging.cremiacosmetics.com\/osszes-termek\/happy-face-professional-300ml\/#primaryimage"},"thumbnailUrl":"https:\/\/staging.cremiacosmetics.com\/wp-content\/uploads\/2024\/03\/Cremia_Professional_Happy-Face_800.jpg","datePublished":"2022-11-29T13:12:02+00:00","dateModified":"2025-04-11T12:53:45+00:00","breadcrumb":{"@id":"https:\/\/staging.cremiacosmetics.com\/osszes-termek\/happy-face-professional-300ml\/#breadcrumb"},"inLanguage":"en-US","potentialAction":[{"@type":"ReadAction","target":["https:\/\/staging.cremiacosmetics.com\/osszes-termek\/happy-face-professional-300ml\/"]}]},{"@type":"ImageObject","inLanguage":"en-US","@id":"https:\/\/staging.cremiacosmetics.com\/osszes-termek\/happy-face-professional-300ml\/#primaryimage","url":"https:\/\/staging.cremiacosmetics.com\/wp-content\/uploads\/2024\/03\/Cremia_Professional_Happy-Face_800.jpg","contentUrl":"https:\/\/staging.cremiacosmetics.com\/wp-content\/uploads\/2024\/03\/Cremia_Professional_Happy-Face_800.jpg","width":800,"height":800,"caption":"Happy Face Professional 300ml"},{"@type":"BreadcrumbList","@id":"https:\/\/staging.cremiacosmetics.com\/osszes-termek\/happy-face-professional-300ml\/#breadcrumb","itemListElement":[{"@type":"ListItem","position":1,"name":"Kezd\u0151lap","item":"https:\/\/staging.cremiacosmetics.com\/"},{"@type":"ListItem","position":2,"name":"\u00d6sszes term\u00e9k","item":"https:\/\/staging.cremiacosmetics.com\/?page_id=15931"},{"@type":"ListItem","position":3,"name":"Happy Face Professional 300ml"}]},{"@type":"WebSite","@id":"https:\/\/staging.cremiacosmetics.com\/#website","url":"https:\/\/staging.cremiacosmetics.com\/","name":"Cremia Cosmetics","description":"Nature-powered beauty","publisher":{"@id":"https:\/\/staging.cremiacosmetics.com\/#organization"},"potentialAction":[{"@type":"SearchAction","target":{"@type":"EntryPoint","urlTemplate":"https:\/\/staging.cremiacosmetics.com\/?s={search_term_string}"},"query-input":{"@type":"PropertyValueSpecification","valueRequired":true,"valueName":"search_term_string"}}],"inLanguage":"en-US"},{"@type":"Organization","@id":"https:\/\/staging.cremiacosmetics.com\/#organization","name":"Cremia Cosmetics","url":"https:\/\/staging.cremiacosmetics.com\/","logo":{"@type":"ImageObject","inLanguage":"en-US","@id":"https:\/\/staging.cremiacosmetics.com\/#\/schema\/logo\/image\/","url":"https:\/\/staging.cremiacosmetics.com\/wp-content\/uploads\/2024\/03\/Cremia-logo-15x15mm.svg","contentUrl":"https:\/\/staging.cremiacosmetics.com\/wp-content\/uploads\/2024\/03\/Cremia-logo-15x15mm.svg","width":42,"height":42,"caption":"Cremia Cosmetics"},"image":{"@id":"https:\/\/staging.cremiacosmetics.com\/#\/schema\/logo\/image\/"},"sameAs":["https:\/\/www.facebook.com\/cremiacosmetics","https:\/\/www.instagram.com\/cremiacosmetics\/"]}]},"product_price_currency":"HUF","og_availability":"instock","product_availability":"instock","product_retailer_item_id":"C-HFP-HU-300","product_condition":"new"},"_links":{"self":[{"href":"https:\/\/staging.cremiacosmetics.com\/index.php?rest_route=\/wp\/v2\/product\/28928","targetHints":{"allow":["GET"]}}],"collection":[{"href":"https:\/\/staging.cremiacosmetics.com\/index.php?rest_route=\/wp\/v2\/product"}],"about":[{"href":"https:\/\/staging.cremiacosmetics.com\/index.php?rest_route=\/wp\/v2\/types\/product"}],"replies":[{"embeddable":true,"href":"https:\/\/staging.cremiacosmetics.com\/index.php?rest_route=%2Fwp%2Fv2%2Fcomments&post=28928"}],"version-history":[{"count":1,"href":"https:\/\/staging.cremiacosmetics.com\/index.php?rest_route=\/wp\/v2\/product\/28928\/revisions"}],"predecessor-version":[{"id":33573,"href":"https:\/\/staging.cremiacosmetics.com\/index.php?rest_route=\/wp\/v2\/product\/28928\/revisions\/33573"}],"wp:featuredmedia":[{"embeddable":true,"href":"https:\/\/staging.cremiacosmetics.com\/index.php?rest_route=\/wp\/v2\/media\/33167"}],"wp:attachment":[{"href":"https:\/\/staging.cremiacosmetics.com\/index.php?rest_route=%2Fwp%2Fv2%2Fmedia&parent=28928"}],"wp:term":[{"taxonomy":"product_brand","embeddable":true,"href":"https:\/\/staging.cremiacosmetics.com\/index.php?rest_route=%2Fwp%2Fv2%2Fproduct_brand&post=28928"},{"taxonomy":"product_cat","embeddable":true,"href":"https:\/\/staging.cremiacosmetics.com\/index.php?rest_route=%2Fwp%2Fv2%2Fproduct_cat&post=28928"},{"taxonomy":"product_tag","embeddable":true,"href":"https:\/\/staging.cremiacosmetics.com\/index.php?rest_route=%2Fwp%2Fv2%2Fproduct_tag&post=28928"}],"curies":[{"name":"wp","href":"https:\/\/api.w.org\/{rel}","templated":true}]}}