{"id":28926,"date":"2022-11-29T14:10:53","date_gmt":"2022-11-29T13:10:53","guid":{"rendered":"https:\/\/cremiocosmetics.com\/?post_type=product&#038;p=28926"},"modified":"2025-03-11T09:36:24","modified_gmt":"2025-03-11T08:36:24","slug":"alpha-massage-krem-300ml","status":"publish","type":"product","link":"https:\/\/staging.cremiacosmetics.com\/?product=alpha-massage-krem-300ml","title":{"rendered":"Alpha Massage kr\u00e9m Professional 300ml"},"content":{"rendered":"<p>\u00d6sszetev\u0151k: Aqua, Mangifera indica seed(Mango) butter, Cetearyl Olivate, Sorbitan Olivate, caprylic\/capric triglycerides, Glycerine, stearic acid, Phenoxyethanol, Ethylhexylglycerin, Lavandula angustifolia oil, limonene linalool.<\/p>\n<p>300ml pH6.3<\/p>\n<p>CPNP: 3821182<\/p>\n","protected":false},"excerpt":{"rendered":"<p>Az enyh\u00e9n levendula illat\u00fa massz\u00e1zskr\u00e9m seg\u00edt relax\u00e1lni, ellazulni, alfa \u00e1llapotba ker\u00fclni vend\u00e9gednek.<\/p>\n<p>Szeretni fogod ezt a massz\u00e1zskr\u00e9met, mert a mang\u00f3 vajnak k\u00f6sz\u00f6nhet\u0151en k\u00f6nnyen eloszlik, nem sz\u00edv\u00f3dik be gyorsan a b\u0151rbe \u00edgy hosszasan lehet vele kezelni. B\u0151rbar\u00e1t, hidrat\u00e1l\u00f3 kr\u00e9m, a mang\u00f3 vaj, a frakcion\u00e1lt k\u00f3kuszolaj \u00e9s a glicerin mind a vend\u00e9g b\u0151r\u00e9nek hat\u00e9kony \u00e1pol\u00e1s\u00e1t teszi lehet\u0151v\u00e9, a te b\u0151r\u00f6det is k\u00edm\u00e9li.<\/p>\n<p>Ha szereted olajjal d\u00fas\u00edtani a massz\u00e1zst, akkor aj\u00e1nljuk a Vitality\/Pure Rose\/Relax massz\u00e1zsolajunkat els\u0151sorban dekolt\u00e1zsra vagy a Mixit Q10 illetve Mixit Acmella olajsz\u00e9rumokat az arc kezel\u00e9s\u00e9re.<\/p>\n<p>Ha egy kis \u00e9rdekess\u00e9get, k\u00fcl\u00f6nlegess\u00e9get szeretn\u00e9l belecsemp\u00e9szni a massz\u00e1zsodba, aj\u00e1nljuk, hogy haszn\u00e1ld a Rose Mist arcpermet\u00fcnket.<\/p>\n","protected":false},"featured_media":33157,"comment_status":"open","ping_status":"closed","template":"","meta":[],"product_brand":[],"product_cat":[876,887],"product_tag":[],"class_list":{"0":"post-28926","1":"product","2":"type-product","3":"status-publish","4":"has-post-thumbnail","6":"product_cat-masszazs-hu","7":"product_cat-professional","9":"first","10":"instock","11":"taxable","12":"shipping-taxable","13":"product-type-simple"},"bundled_by":[],"bundle_stock_status":"instock","bundle_stock_quantity":null,"bundle_virtual":false,"bundle_layout":"","bundle_add_to_cart_form_location":"","bundle_editable_in_cart":false,"bundle_sold_individually_context":"","bundle_item_grouping":"","bundle_min_size":"","bundle_max_size":"","bundle_price":[],"bundled_items":[],"bundle_sell_ids":[],"yoast_head":"<!-- This site is optimized with the Yoast SEO Premium plugin v24.9 (Yoast SEO v24.9) - https:\/\/yoast.com\/wordpress\/plugins\/seo\/ -->\n<title>Alpha Massage kr\u00e9m Professional 300ml - Cremia Cosmetics<\/title>\n<meta name=\"robots\" content=\"index, follow, max-snippet:-1, max-image-preview:large, max-video-preview:-1\" \/>\n<link rel=\"canonical\" href=\"https:\/\/staging.cremiacosmetics.com\/osszes-termek\/alpha-massage-krem-300ml\/\" \/>\n<meta property=\"og:locale\" content=\"en_US\" \/>\n<meta property=\"og:type\" content=\"article\" \/>\n<meta property=\"og:title\" content=\"Alpha Massage kr\u00e9m Professional 300ml\" \/>\n<meta property=\"og:description\" content=\"Az enyh\u00e9n levendula illat\u00fa massz\u00e1zskr\u00e9m seg\u00edt relax\u00e1lni, ellazulni, alfa \u00e1llapotba ker\u00fclni vend\u00e9gednek.  Szeretni fogod ezt a massz\u00e1zskr\u00e9met, mert a mang\u00f3 vajnak k\u00f6sz\u00f6nhet\u0151en k\u00f6nnyen eloszlik, nem sz\u00edv\u00f3dik be gyorsan a b\u0151rbe \u00edgy hosszasan lehet vele kezelni. B\u0151rbar\u00e1t, hidrat\u00e1l\u00f3 kr\u00e9m, a mang\u00f3 vaj, a frakcion\u00e1lt k\u00f3kuszolaj \u00e9s a glicerin mind a vend\u00e9g b\u0151r\u00e9nek hat\u00e9kony \u00e1pol\u00e1s\u00e1t teszi lehet\u0151v\u00e9, a te b\u0151r\u00f6det is k\u00edm\u00e9li.  Ha szereted olajjal d\u00fas\u00edtani a massz\u00e1zst, akkor aj\u00e1nljuk a Vitality\/Pure Rose\/Relax massz\u00e1zsolajunkat els\u0151sorban dekolt\u00e1zsra vagy a Mixit Q10 illetve Mixit Acmella olajsz\u00e9rumokat az arc kezel\u00e9s\u00e9re.  Ha egy kis \u00e9rdekess\u00e9get, k\u00fcl\u00f6nlegess\u00e9get szeretn\u00e9l belecsemp\u00e9szni a massz\u00e1zsodba, aj\u00e1nljuk, hogy haszn\u00e1ld a Rose Mist arcpermet\u00fcnket.\" \/>\n<meta property=\"og:url\" content=\"https:\/\/staging.cremiacosmetics.com\/osszes-termek\/alpha-massage-krem-300ml\/\" \/>\n<meta property=\"og:site_name\" content=\"Cremia Cosmetics\" \/>\n<meta property=\"article:publisher\" content=\"https:\/\/www.facebook.com\/cremiacosmetics\" \/>\n<meta property=\"article:modified_time\" content=\"2025-03-11T08:36:24+00:00\" \/>\n<meta property=\"og:image\" content=\"https:\/\/staging.cremiacosmetics.com\/wp-content\/uploads\/2024\/03\/Cremia_Professional_Alpha-massage-cream_800.jpg\" \/>\n\t<meta property=\"og:image:width\" content=\"800\" \/>\n\t<meta property=\"og:image:height\" content=\"800\" \/>\n\t<meta property=\"og:image:type\" content=\"image\/jpeg\" \/>\n<meta name=\"twitter:card\" content=\"summary_large_image\" \/>\n<meta name=\"twitter:label1\" content=\"Price\" \/>\n\t<meta name=\"twitter:data1\" content=\"\" \/>\n\t<meta name=\"twitter:label2\" content=\"Availability\" \/>\n\t<meta name=\"twitter:data2\" content=\"In stock\" \/>\n<script type=\"application\/ld+json\" class=\"yoast-schema-graph\">{\"@context\":\"https:\/\/schema.org\",\"@graph\":[{\"@type\":\"WebPage\",\"@id\":\"https:\/\/staging.cremiacosmetics.com\/osszes-termek\/alpha-massage-krem-300ml\/\",\"url\":\"https:\/\/staging.cremiacosmetics.com\/osszes-termek\/alpha-massage-krem-300ml\/\",\"name\":\"Alpha Massage kr\u00e9m Professional 300ml - Cremia Cosmetics\",\"isPartOf\":{\"@id\":\"https:\/\/staging.cremiacosmetics.com\/#website\"},\"primaryImageOfPage\":{\"@id\":\"https:\/\/staging.cremiacosmetics.com\/osszes-termek\/alpha-massage-krem-300ml\/#primaryimage\"},\"image\":{\"@id\":\"https:\/\/staging.cremiacosmetics.com\/osszes-termek\/alpha-massage-krem-300ml\/#primaryimage\"},\"thumbnailUrl\":\"https:\/\/staging.cremiacosmetics.com\/wp-content\/uploads\/2024\/03\/Cremia_Professional_Alpha-massage-cream_800.jpg\",\"datePublished\":\"2022-11-29T13:10:53+00:00\",\"dateModified\":\"2025-03-11T08:36:24+00:00\",\"breadcrumb\":{\"@id\":\"https:\/\/staging.cremiacosmetics.com\/osszes-termek\/alpha-massage-krem-300ml\/#breadcrumb\"},\"inLanguage\":\"en-US\",\"potentialAction\":[{\"@type\":\"ReadAction\",\"target\":[\"https:\/\/staging.cremiacosmetics.com\/osszes-termek\/alpha-massage-krem-300ml\/\"]}]},{\"@type\":\"ImageObject\",\"inLanguage\":\"en-US\",\"@id\":\"https:\/\/staging.cremiacosmetics.com\/osszes-termek\/alpha-massage-krem-300ml\/#primaryimage\",\"url\":\"https:\/\/staging.cremiacosmetics.com\/wp-content\/uploads\/2024\/03\/Cremia_Professional_Alpha-massage-cream_800.jpg\",\"contentUrl\":\"https:\/\/staging.cremiacosmetics.com\/wp-content\/uploads\/2024\/03\/Cremia_Professional_Alpha-massage-cream_800.jpg\",\"width\":800,\"height\":800,\"caption\":\"Cremia Professional Alpha massage\"},{\"@type\":\"BreadcrumbList\",\"@id\":\"https:\/\/staging.cremiacosmetics.com\/osszes-termek\/alpha-massage-krem-300ml\/#breadcrumb\",\"itemListElement\":[{\"@type\":\"ListItem\",\"position\":1,\"name\":\"Kezd\u0151lap\",\"item\":\"https:\/\/staging.cremiacosmetics.com\/\"},{\"@type\":\"ListItem\",\"position\":2,\"name\":\"\u00d6sszes term\u00e9k\",\"item\":\"https:\/\/staging.cremiacosmetics.com\/?page_id=15931\"},{\"@type\":\"ListItem\",\"position\":3,\"name\":\"Alpha Massage kr\u00e9m Professional 300ml\"}]},{\"@type\":\"WebSite\",\"@id\":\"https:\/\/staging.cremiacosmetics.com\/#website\",\"url\":\"https:\/\/staging.cremiacosmetics.com\/\",\"name\":\"Cremia Cosmetics\",\"description\":\"Nature-powered beauty\",\"publisher\":{\"@id\":\"https:\/\/staging.cremiacosmetics.com\/#organization\"},\"potentialAction\":[{\"@type\":\"SearchAction\",\"target\":{\"@type\":\"EntryPoint\",\"urlTemplate\":\"https:\/\/staging.cremiacosmetics.com\/?s={search_term_string}\"},\"query-input\":{\"@type\":\"PropertyValueSpecification\",\"valueRequired\":true,\"valueName\":\"search_term_string\"}}],\"inLanguage\":\"en-US\"},{\"@type\":\"Organization\",\"@id\":\"https:\/\/staging.cremiacosmetics.com\/#organization\",\"name\":\"Cremia Cosmetics\",\"url\":\"https:\/\/staging.cremiacosmetics.com\/\",\"logo\":{\"@type\":\"ImageObject\",\"inLanguage\":\"en-US\",\"@id\":\"https:\/\/staging.cremiacosmetics.com\/#\/schema\/logo\/image\/\",\"url\":\"https:\/\/staging.cremiacosmetics.com\/wp-content\/uploads\/2024\/03\/Cremia-logo-15x15mm.svg\",\"contentUrl\":\"https:\/\/staging.cremiacosmetics.com\/wp-content\/uploads\/2024\/03\/Cremia-logo-15x15mm.svg\",\"width\":42,\"height\":42,\"caption\":\"Cremia Cosmetics\"},\"image\":{\"@id\":\"https:\/\/staging.cremiacosmetics.com\/#\/schema\/logo\/image\/\"},\"sameAs\":[\"https:\/\/www.facebook.com\/cremiacosmetics\",\"https:\/\/www.instagram.com\/cremiacosmetics\/\"]}]}<\/script>\n<meta property=\"product:price:amount\" content=\"0\" \/>\n<meta property=\"product:price:currency\" content=\"HUF\" \/>\n<meta property=\"og:availability\" content=\"instock\" \/>\n<meta property=\"product:availability\" content=\"instock\" \/>\n<meta property=\"product:retailer_item_id\" content=\"C-AMP-HU-300\" \/>\n<meta property=\"product:condition\" content=\"new\" \/>\n<!-- \/ Yoast SEO Premium plugin. -->","yoast_head_json":{"title":"Alpha Massage kr\u00e9m Professional 300ml - Cremia Cosmetics","robots":{"index":"index","follow":"follow","max-snippet":"max-snippet:-1","max-image-preview":"max-image-preview:large","max-video-preview":"max-video-preview:-1"},"canonical":"https:\/\/staging.cremiacosmetics.com\/osszes-termek\/alpha-massage-krem-300ml\/","og_locale":"en_US","og_type":"article","og_title":"Alpha Massage kr\u00e9m Professional 300ml","og_description":"Az enyh\u00e9n levendula illat\u00fa massz\u00e1zskr\u00e9m seg\u00edt relax\u00e1lni, ellazulni, alfa \u00e1llapotba ker\u00fclni vend\u00e9gednek.  Szeretni fogod ezt a massz\u00e1zskr\u00e9met, mert a mang\u00f3 vajnak k\u00f6sz\u00f6nhet\u0151en k\u00f6nnyen eloszlik, nem sz\u00edv\u00f3dik be gyorsan a b\u0151rbe \u00edgy hosszasan lehet vele kezelni. B\u0151rbar\u00e1t, hidrat\u00e1l\u00f3 kr\u00e9m, a mang\u00f3 vaj, a frakcion\u00e1lt k\u00f3kuszolaj \u00e9s a glicerin mind a vend\u00e9g b\u0151r\u00e9nek hat\u00e9kony \u00e1pol\u00e1s\u00e1t teszi lehet\u0151v\u00e9, a te b\u0151r\u00f6det is k\u00edm\u00e9li.  Ha szereted olajjal d\u00fas\u00edtani a massz\u00e1zst, akkor aj\u00e1nljuk a Vitality\/Pure Rose\/Relax massz\u00e1zsolajunkat els\u0151sorban dekolt\u00e1zsra vagy a Mixit Q10 illetve Mixit Acmella olajsz\u00e9rumokat az arc kezel\u00e9s\u00e9re.  Ha egy kis \u00e9rdekess\u00e9get, k\u00fcl\u00f6nlegess\u00e9get szeretn\u00e9l belecsemp\u00e9szni a massz\u00e1zsodba, aj\u00e1nljuk, hogy haszn\u00e1ld a Rose Mist arcpermet\u00fcnket.","og_url":"https:\/\/staging.cremiacosmetics.com\/osszes-termek\/alpha-massage-krem-300ml\/","og_site_name":"Cremia Cosmetics","article_publisher":"https:\/\/www.facebook.com\/cremiacosmetics","article_modified_time":"2025-03-11T08:36:24+00:00","og_image":[{"width":800,"height":800,"url":"https:\/\/staging.cremiacosmetics.com\/wp-content\/uploads\/2024\/03\/Cremia_Professional_Alpha-massage-cream_800.jpg","type":"image\/jpeg"}],"twitter_card":"summary_large_image","twitter_misc":{"Price":"","Availability":"In stock"},"schema":{"@context":"https:\/\/schema.org","@graph":[{"@type":"WebPage","@id":"https:\/\/staging.cremiacosmetics.com\/osszes-termek\/alpha-massage-krem-300ml\/","url":"https:\/\/staging.cremiacosmetics.com\/osszes-termek\/alpha-massage-krem-300ml\/","name":"Alpha Massage kr\u00e9m Professional 300ml - Cremia Cosmetics","isPartOf":{"@id":"https:\/\/staging.cremiacosmetics.com\/#website"},"primaryImageOfPage":{"@id":"https:\/\/staging.cremiacosmetics.com\/osszes-termek\/alpha-massage-krem-300ml\/#primaryimage"},"image":{"@id":"https:\/\/staging.cremiacosmetics.com\/osszes-termek\/alpha-massage-krem-300ml\/#primaryimage"},"thumbnailUrl":"https:\/\/staging.cremiacosmetics.com\/wp-content\/uploads\/2024\/03\/Cremia_Professional_Alpha-massage-cream_800.jpg","datePublished":"2022-11-29T13:10:53+00:00","dateModified":"2025-03-11T08:36:24+00:00","breadcrumb":{"@id":"https:\/\/staging.cremiacosmetics.com\/osszes-termek\/alpha-massage-krem-300ml\/#breadcrumb"},"inLanguage":"en-US","potentialAction":[{"@type":"ReadAction","target":["https:\/\/staging.cremiacosmetics.com\/osszes-termek\/alpha-massage-krem-300ml\/"]}]},{"@type":"ImageObject","inLanguage":"en-US","@id":"https:\/\/staging.cremiacosmetics.com\/osszes-termek\/alpha-massage-krem-300ml\/#primaryimage","url":"https:\/\/staging.cremiacosmetics.com\/wp-content\/uploads\/2024\/03\/Cremia_Professional_Alpha-massage-cream_800.jpg","contentUrl":"https:\/\/staging.cremiacosmetics.com\/wp-content\/uploads\/2024\/03\/Cremia_Professional_Alpha-massage-cream_800.jpg","width":800,"height":800,"caption":"Cremia Professional Alpha massage"},{"@type":"BreadcrumbList","@id":"https:\/\/staging.cremiacosmetics.com\/osszes-termek\/alpha-massage-krem-300ml\/#breadcrumb","itemListElement":[{"@type":"ListItem","position":1,"name":"Kezd\u0151lap","item":"https:\/\/staging.cremiacosmetics.com\/"},{"@type":"ListItem","position":2,"name":"\u00d6sszes term\u00e9k","item":"https:\/\/staging.cremiacosmetics.com\/?page_id=15931"},{"@type":"ListItem","position":3,"name":"Alpha Massage kr\u00e9m Professional 300ml"}]},{"@type":"WebSite","@id":"https:\/\/staging.cremiacosmetics.com\/#website","url":"https:\/\/staging.cremiacosmetics.com\/","name":"Cremia Cosmetics","description":"Nature-powered beauty","publisher":{"@id":"https:\/\/staging.cremiacosmetics.com\/#organization"},"potentialAction":[{"@type":"SearchAction","target":{"@type":"EntryPoint","urlTemplate":"https:\/\/staging.cremiacosmetics.com\/?s={search_term_string}"},"query-input":{"@type":"PropertyValueSpecification","valueRequired":true,"valueName":"search_term_string"}}],"inLanguage":"en-US"},{"@type":"Organization","@id":"https:\/\/staging.cremiacosmetics.com\/#organization","name":"Cremia Cosmetics","url":"https:\/\/staging.cremiacosmetics.com\/","logo":{"@type":"ImageObject","inLanguage":"en-US","@id":"https:\/\/staging.cremiacosmetics.com\/#\/schema\/logo\/image\/","url":"https:\/\/staging.cremiacosmetics.com\/wp-content\/uploads\/2024\/03\/Cremia-logo-15x15mm.svg","contentUrl":"https:\/\/staging.cremiacosmetics.com\/wp-content\/uploads\/2024\/03\/Cremia-logo-15x15mm.svg","width":42,"height":42,"caption":"Cremia Cosmetics"},"image":{"@id":"https:\/\/staging.cremiacosmetics.com\/#\/schema\/logo\/image\/"},"sameAs":["https:\/\/www.facebook.com\/cremiacosmetics","https:\/\/www.instagram.com\/cremiacosmetics\/"]}]},"product_price_currency":"HUF","og_availability":"instock","product_availability":"instock","product_retailer_item_id":"C-AMP-HU-300","product_condition":"new"},"_links":{"self":[{"href":"https:\/\/staging.cremiacosmetics.com\/index.php?rest_route=\/wp\/v2\/product\/28926","targetHints":{"allow":["GET"]}}],"collection":[{"href":"https:\/\/staging.cremiacosmetics.com\/index.php?rest_route=\/wp\/v2\/product"}],"about":[{"href":"https:\/\/staging.cremiacosmetics.com\/index.php?rest_route=\/wp\/v2\/types\/product"}],"replies":[{"embeddable":true,"href":"https:\/\/staging.cremiacosmetics.com\/index.php?rest_route=%2Fwp%2Fv2%2Fcomments&post=28926"}],"version-history":[{"count":1,"href":"https:\/\/staging.cremiacosmetics.com\/index.php?rest_route=\/wp\/v2\/product\/28926\/revisions"}],"predecessor-version":[{"id":35521,"href":"https:\/\/staging.cremiacosmetics.com\/index.php?rest_route=\/wp\/v2\/product\/28926\/revisions\/35521"}],"wp:featuredmedia":[{"embeddable":true,"href":"https:\/\/staging.cremiacosmetics.com\/index.php?rest_route=\/wp\/v2\/media\/33157"}],"wp:attachment":[{"href":"https:\/\/staging.cremiacosmetics.com\/index.php?rest_route=%2Fwp%2Fv2%2Fmedia&parent=28926"}],"wp:term":[{"taxonomy":"product_brand","embeddable":true,"href":"https:\/\/staging.cremiacosmetics.com\/index.php?rest_route=%2Fwp%2Fv2%2Fproduct_brand&post=28926"},{"taxonomy":"product_cat","embeddable":true,"href":"https:\/\/staging.cremiacosmetics.com\/index.php?rest_route=%2Fwp%2Fv2%2Fproduct_cat&post=28926"},{"taxonomy":"product_tag","embeddable":true,"href":"https:\/\/staging.cremiacosmetics.com\/index.php?rest_route=%2Fwp%2Fv2%2Fproduct_tag&post=28926"}],"curies":[{"name":"wp","href":"https:\/\/api.w.org\/{rel}","templated":true}]}}