{"id":28703,"date":"2022-11-07T10:46:12","date_gmt":"2022-11-07T09:46:12","guid":{"rendered":"https:\/\/cremiocosmetics.com\/?post_type=product&#038;p=28703"},"modified":"2025-03-11T09:36:22","modified_gmt":"2025-03-11T08:36:22","slug":"shine-serum-30ml","status":"publish","type":"product","link":"https:\/\/staging.cremiacosmetics.com\/?product=shine-serum-30ml","title":{"rendered":"Shine serum 30 ml"},"content":{"rendered":"<p>\u00d6sszetev\u0151k: Aqua, Rosa damascena flower water, Hyaluronic acid (low and high molecular weight), Phenethyl Alcohol and Glyceril caprilate, CI 77891, Mica (Titanium dioxide, Mica)<\/p>\n<p>CPNP:2931382<\/p>\n","protected":false},"excerpt":{"rendered":"<p>Mi\u00e9rt fogod szeretni ezt a sz\u00e9rumot?<\/p>\n<p>A hyaluron komplexnek k\u00f6sz\u00f6nhet\u0151en gyorsan hidrat\u00e1l \u00e9s mivel megbolond\u00edtottuk egy kis gy\u00f6ngyh\u00e1zf\u00e9ny\u0171 pigmenttel, enyhe f\u00e9nyt k\u00f6lcs\u00f6n\u00f6z a b\u0151rnek, ezzel \u00e9lettel teliv\u00e9 var\u00e1zsolja azt. A Shine serum primerk\u00e9nt vagy \u00f6nmag\u00e1ban is remek\u00fcl haszn\u00e1lhat\u00f3.\u00a0Olajmentes formula.<\/p>\n<p>Haszn\u00e1lata: A megtiszt\u00edtott arcb\u0151rre k\u00f6rk\u00f6r\u00f6s mozdulatokkal vigy\u00e9l fel 1-2 csepp sz\u00e9rumot. Enyhe, selymes f\u00e9nyt k\u00f6lcs\u00f6n\u00f6z a b\u0151rnek.<\/p>\n<p>30 ml.<\/p>\n<p>L\u00e9gmentes, \u00fan. airless flakonba csomagoltuk, hogy tov\u00e1bb el\u00e1lljon. H\u0171v\u00f6s helyen t\u00e1roland\u00f3.<\/p>\n","protected":false},"featured_media":32395,"comment_status":"open","ping_status":"closed","template":"","meta":[],"product_brand":[],"product_cat":[296,444,1163,482],"product_tag":[],"class_list":{"0":"post-28703","1":"product","2":"type-product","3":"status-publish","4":"has-post-thumbnail","6":"product_cat-arcapolas","7":"product_cat-olajmentes_szerumok","8":"product_cat-lakossagi-termekek","9":"product_cat-osszes","11":"first","12":"instock","13":"taxable","14":"shipping-taxable","15":"purchasable","16":"product-type-simple"},"bundled_by":[],"bundle_stock_status":"instock","bundle_stock_quantity":null,"bundle_virtual":false,"bundle_layout":"","bundle_add_to_cart_form_location":"","bundle_editable_in_cart":false,"bundle_sold_individually_context":"","bundle_item_grouping":"","bundle_min_size":"","bundle_max_size":"","bundle_price":[],"bundled_items":[],"bundle_sell_ids":[],"yoast_head":"<!-- This site is optimized with the Yoast SEO Premium plugin v24.9 (Yoast SEO v24.9) - https:\/\/yoast.com\/wordpress\/plugins\/seo\/ -->\n<title>Shine serum 30 ml - Cremia Cosmetics<\/title>\n<meta name=\"robots\" content=\"index, follow, max-snippet:-1, max-image-preview:large, max-video-preview:-1\" \/>\n<link rel=\"canonical\" href=\"https:\/\/staging.cremiacosmetics.com\/osszes-termek\/shine-serum-30ml\/\" \/>\n<meta property=\"og:locale\" content=\"en_US\" \/>\n<meta property=\"og:type\" content=\"article\" \/>\n<meta property=\"og:title\" content=\"Shine serum 30 ml\" \/>\n<meta property=\"og:description\" content=\"Mi\u00e9rt fogod szeretni ezt a sz\u00e9rumot?  A hyaluron komplexnek k\u00f6sz\u00f6nhet\u0151en gyorsan hidrat\u00e1l \u00e9s mivel megbolond\u00edtottuk egy kis gy\u00f6ngyh\u00e1zf\u00e9ny\u0171 pigmenttel, enyhe f\u00e9nyt k\u00f6lcs\u00f6n\u00f6z a b\u0151rnek, ezzel \u00e9lettel teliv\u00e9 var\u00e1zsolja azt. A Shine serum primerk\u00e9nt vagy \u00f6nmag\u00e1ban is remek\u00fcl haszn\u00e1lhat\u00f3.\u00a0Olajmentes formula.  Haszn\u00e1lata: A megtiszt\u00edtott arcb\u0151rre k\u00f6rk\u00f6r\u00f6s mozdulatokkal vigy\u00e9l fel 1-2 csepp sz\u00e9rumot. Enyhe, selymes f\u00e9nyt k\u00f6lcs\u00f6n\u00f6z a b\u0151rnek.  30 ml.  L\u00e9gmentes, \u00fan. airless flakonba csomagoltuk, hogy tov\u00e1bb el\u00e1lljon. H\u0171v\u00f6s helyen t\u00e1roland\u00f3.\" \/>\n<meta property=\"og:url\" content=\"https:\/\/staging.cremiacosmetics.com\/osszes-termek\/shine-serum-30ml\/\" \/>\n<meta property=\"og:site_name\" content=\"Cremia Cosmetics\" \/>\n<meta property=\"article:publisher\" content=\"https:\/\/www.facebook.com\/cremiacosmetics\" \/>\n<meta property=\"article:modified_time\" content=\"2025-03-11T08:36:22+00:00\" \/>\n<meta property=\"og:image\" content=\"https:\/\/staging.cremiacosmetics.com\/wp-content\/uploads\/2024\/02\/Cremia_Shine-serum_800.jpg\" \/>\n\t<meta property=\"og:image:width\" content=\"800\" \/>\n\t<meta property=\"og:image:height\" content=\"800\" \/>\n\t<meta property=\"og:image:type\" content=\"image\/jpeg\" \/>\n<meta name=\"twitter:card\" content=\"summary_large_image\" \/>\n<meta name=\"twitter:label1\" content=\"Price\" \/>\n\t<meta name=\"twitter:data1\" content=\"15 990&nbsp;&#070;&#116;\" \/>\n\t<meta name=\"twitter:label2\" content=\"Availability\" \/>\n\t<meta name=\"twitter:data2\" content=\"In stock\" \/>\n<script type=\"application\/ld+json\" class=\"yoast-schema-graph\">{\"@context\":\"https:\/\/schema.org\",\"@graph\":[{\"@type\":\"WebPage\",\"@id\":\"https:\/\/staging.cremiacosmetics.com\/osszes-termek\/shine-serum-30ml\/\",\"url\":\"https:\/\/staging.cremiacosmetics.com\/osszes-termek\/shine-serum-30ml\/\",\"name\":\"Shine serum 30 ml - Cremia Cosmetics\",\"isPartOf\":{\"@id\":\"https:\/\/staging.cremiacosmetics.com\/#website\"},\"primaryImageOfPage\":{\"@id\":\"https:\/\/staging.cremiacosmetics.com\/osszes-termek\/shine-serum-30ml\/#primaryimage\"},\"image\":{\"@id\":\"https:\/\/staging.cremiacosmetics.com\/osszes-termek\/shine-serum-30ml\/#primaryimage\"},\"thumbnailUrl\":\"https:\/\/staging.cremiacosmetics.com\/wp-content\/uploads\/2024\/02\/Cremia_Shine-serum_800.jpg\",\"datePublished\":\"2022-11-07T09:46:12+00:00\",\"dateModified\":\"2025-03-11T08:36:22+00:00\",\"breadcrumb\":{\"@id\":\"https:\/\/staging.cremiacosmetics.com\/osszes-termek\/shine-serum-30ml\/#breadcrumb\"},\"inLanguage\":\"en-US\",\"potentialAction\":[{\"@type\":\"ReadAction\",\"target\":[\"https:\/\/staging.cremiacosmetics.com\/osszes-termek\/shine-serum-30ml\/\"]}]},{\"@type\":\"ImageObject\",\"inLanguage\":\"en-US\",\"@id\":\"https:\/\/staging.cremiacosmetics.com\/osszes-termek\/shine-serum-30ml\/#primaryimage\",\"url\":\"https:\/\/staging.cremiacosmetics.com\/wp-content\/uploads\/2024\/02\/Cremia_Shine-serum_800.jpg\",\"contentUrl\":\"https:\/\/staging.cremiacosmetics.com\/wp-content\/uploads\/2024\/02\/Cremia_Shine-serum_800.jpg\",\"width\":800,\"height\":800,\"caption\":\"Cremia Shine serum\"},{\"@type\":\"BreadcrumbList\",\"@id\":\"https:\/\/staging.cremiacosmetics.com\/osszes-termek\/shine-serum-30ml\/#breadcrumb\",\"itemListElement\":[{\"@type\":\"ListItem\",\"position\":1,\"name\":\"Kezd\u0151lap\",\"item\":\"https:\/\/staging.cremiacosmetics.com\/\"},{\"@type\":\"ListItem\",\"position\":2,\"name\":\"\u00d6sszes term\u00e9k\",\"item\":\"https:\/\/staging.cremiacosmetics.com\/?page_id=15931\"},{\"@type\":\"ListItem\",\"position\":3,\"name\":\"Shine serum 30 ml\"}]},{\"@type\":\"WebSite\",\"@id\":\"https:\/\/staging.cremiacosmetics.com\/#website\",\"url\":\"https:\/\/staging.cremiacosmetics.com\/\",\"name\":\"Cremia Cosmetics\",\"description\":\"Nature-powered beauty\",\"publisher\":{\"@id\":\"https:\/\/staging.cremiacosmetics.com\/#organization\"},\"potentialAction\":[{\"@type\":\"SearchAction\",\"target\":{\"@type\":\"EntryPoint\",\"urlTemplate\":\"https:\/\/staging.cremiacosmetics.com\/?s={search_term_string}\"},\"query-input\":{\"@type\":\"PropertyValueSpecification\",\"valueRequired\":true,\"valueName\":\"search_term_string\"}}],\"inLanguage\":\"en-US\"},{\"@type\":\"Organization\",\"@id\":\"https:\/\/staging.cremiacosmetics.com\/#organization\",\"name\":\"Cremia Cosmetics\",\"url\":\"https:\/\/staging.cremiacosmetics.com\/\",\"logo\":{\"@type\":\"ImageObject\",\"inLanguage\":\"en-US\",\"@id\":\"https:\/\/staging.cremiacosmetics.com\/#\/schema\/logo\/image\/\",\"url\":\"https:\/\/staging.cremiacosmetics.com\/wp-content\/uploads\/2024\/03\/Cremia-logo-15x15mm.svg\",\"contentUrl\":\"https:\/\/staging.cremiacosmetics.com\/wp-content\/uploads\/2024\/03\/Cremia-logo-15x15mm.svg\",\"width\":42,\"height\":42,\"caption\":\"Cremia Cosmetics\"},\"image\":{\"@id\":\"https:\/\/staging.cremiacosmetics.com\/#\/schema\/logo\/image\/\"},\"sameAs\":[\"https:\/\/www.facebook.com\/cremiacosmetics\",\"https:\/\/www.instagram.com\/cremiacosmetics\/\"]}]}<\/script>\n<meta property=\"product:price:amount\" content=\"15990\" \/>\n<meta property=\"product:price:currency\" content=\"HUF\" \/>\n<meta property=\"og:availability\" content=\"instock\" \/>\n<meta property=\"product:availability\" content=\"instock\" \/>\n<meta property=\"product:retailer_item_id\" content=\"C-SS-HU-30\" \/>\n<meta property=\"product:condition\" content=\"new\" \/>\n<!-- \/ Yoast SEO Premium plugin. -->","yoast_head_json":{"title":"Shine serum 30 ml - Cremia Cosmetics","robots":{"index":"index","follow":"follow","max-snippet":"max-snippet:-1","max-image-preview":"max-image-preview:large","max-video-preview":"max-video-preview:-1"},"canonical":"https:\/\/staging.cremiacosmetics.com\/osszes-termek\/shine-serum-30ml\/","og_locale":"en_US","og_type":"article","og_title":"Shine serum 30 ml","og_description":"Mi\u00e9rt fogod szeretni ezt a sz\u00e9rumot?  A hyaluron komplexnek k\u00f6sz\u00f6nhet\u0151en gyorsan hidrat\u00e1l \u00e9s mivel megbolond\u00edtottuk egy kis gy\u00f6ngyh\u00e1zf\u00e9ny\u0171 pigmenttel, enyhe f\u00e9nyt k\u00f6lcs\u00f6n\u00f6z a b\u0151rnek, ezzel \u00e9lettel teliv\u00e9 var\u00e1zsolja azt. A Shine serum primerk\u00e9nt vagy \u00f6nmag\u00e1ban is remek\u00fcl haszn\u00e1lhat\u00f3.\u00a0Olajmentes formula.  Haszn\u00e1lata: A megtiszt\u00edtott arcb\u0151rre k\u00f6rk\u00f6r\u00f6s mozdulatokkal vigy\u00e9l fel 1-2 csepp sz\u00e9rumot. Enyhe, selymes f\u00e9nyt k\u00f6lcs\u00f6n\u00f6z a b\u0151rnek.  30 ml.  L\u00e9gmentes, \u00fan. airless flakonba csomagoltuk, hogy tov\u00e1bb el\u00e1lljon. H\u0171v\u00f6s helyen t\u00e1roland\u00f3.","og_url":"https:\/\/staging.cremiacosmetics.com\/osszes-termek\/shine-serum-30ml\/","og_site_name":"Cremia Cosmetics","article_publisher":"https:\/\/www.facebook.com\/cremiacosmetics","article_modified_time":"2025-03-11T08:36:22+00:00","og_image":[{"width":800,"height":800,"url":"https:\/\/staging.cremiacosmetics.com\/wp-content\/uploads\/2024\/02\/Cremia_Shine-serum_800.jpg","type":"image\/jpeg"}],"twitter_card":"summary_large_image","twitter_misc":{"Price":"15 990&nbsp;&#70;&#116;","Availability":"In stock"},"schema":{"@context":"https:\/\/schema.org","@graph":[{"@type":"WebPage","@id":"https:\/\/staging.cremiacosmetics.com\/osszes-termek\/shine-serum-30ml\/","url":"https:\/\/staging.cremiacosmetics.com\/osszes-termek\/shine-serum-30ml\/","name":"Shine serum 30 ml - Cremia Cosmetics","isPartOf":{"@id":"https:\/\/staging.cremiacosmetics.com\/#website"},"primaryImageOfPage":{"@id":"https:\/\/staging.cremiacosmetics.com\/osszes-termek\/shine-serum-30ml\/#primaryimage"},"image":{"@id":"https:\/\/staging.cremiacosmetics.com\/osszes-termek\/shine-serum-30ml\/#primaryimage"},"thumbnailUrl":"https:\/\/staging.cremiacosmetics.com\/wp-content\/uploads\/2024\/02\/Cremia_Shine-serum_800.jpg","datePublished":"2022-11-07T09:46:12+00:00","dateModified":"2025-03-11T08:36:22+00:00","breadcrumb":{"@id":"https:\/\/staging.cremiacosmetics.com\/osszes-termek\/shine-serum-30ml\/#breadcrumb"},"inLanguage":"en-US","potentialAction":[{"@type":"ReadAction","target":["https:\/\/staging.cremiacosmetics.com\/osszes-termek\/shine-serum-30ml\/"]}]},{"@type":"ImageObject","inLanguage":"en-US","@id":"https:\/\/staging.cremiacosmetics.com\/osszes-termek\/shine-serum-30ml\/#primaryimage","url":"https:\/\/staging.cremiacosmetics.com\/wp-content\/uploads\/2024\/02\/Cremia_Shine-serum_800.jpg","contentUrl":"https:\/\/staging.cremiacosmetics.com\/wp-content\/uploads\/2024\/02\/Cremia_Shine-serum_800.jpg","width":800,"height":800,"caption":"Cremia Shine serum"},{"@type":"BreadcrumbList","@id":"https:\/\/staging.cremiacosmetics.com\/osszes-termek\/shine-serum-30ml\/#breadcrumb","itemListElement":[{"@type":"ListItem","position":1,"name":"Kezd\u0151lap","item":"https:\/\/staging.cremiacosmetics.com\/"},{"@type":"ListItem","position":2,"name":"\u00d6sszes term\u00e9k","item":"https:\/\/staging.cremiacosmetics.com\/?page_id=15931"},{"@type":"ListItem","position":3,"name":"Shine serum 30 ml"}]},{"@type":"WebSite","@id":"https:\/\/staging.cremiacosmetics.com\/#website","url":"https:\/\/staging.cremiacosmetics.com\/","name":"Cremia Cosmetics","description":"Nature-powered beauty","publisher":{"@id":"https:\/\/staging.cremiacosmetics.com\/#organization"},"potentialAction":[{"@type":"SearchAction","target":{"@type":"EntryPoint","urlTemplate":"https:\/\/staging.cremiacosmetics.com\/?s={search_term_string}"},"query-input":{"@type":"PropertyValueSpecification","valueRequired":true,"valueName":"search_term_string"}}],"inLanguage":"en-US"},{"@type":"Organization","@id":"https:\/\/staging.cremiacosmetics.com\/#organization","name":"Cremia Cosmetics","url":"https:\/\/staging.cremiacosmetics.com\/","logo":{"@type":"ImageObject","inLanguage":"en-US","@id":"https:\/\/staging.cremiacosmetics.com\/#\/schema\/logo\/image\/","url":"https:\/\/staging.cremiacosmetics.com\/wp-content\/uploads\/2024\/03\/Cremia-logo-15x15mm.svg","contentUrl":"https:\/\/staging.cremiacosmetics.com\/wp-content\/uploads\/2024\/03\/Cremia-logo-15x15mm.svg","width":42,"height":42,"caption":"Cremia Cosmetics"},"image":{"@id":"https:\/\/staging.cremiacosmetics.com\/#\/schema\/logo\/image\/"},"sameAs":["https:\/\/www.facebook.com\/cremiacosmetics","https:\/\/www.instagram.com\/cremiacosmetics\/"]}]},"product_price_amount":"15990","product_price_currency":"HUF","og_availability":"instock","product_availability":"instock","product_retailer_item_id":"C-SS-HU-30","product_condition":"new"},"_links":{"self":[{"href":"https:\/\/staging.cremiacosmetics.com\/index.php?rest_route=\/wp\/v2\/product\/28703","targetHints":{"allow":["GET"]}}],"collection":[{"href":"https:\/\/staging.cremiacosmetics.com\/index.php?rest_route=\/wp\/v2\/product"}],"about":[{"href":"https:\/\/staging.cremiacosmetics.com\/index.php?rest_route=\/wp\/v2\/types\/product"}],"replies":[{"embeddable":true,"href":"https:\/\/staging.cremiacosmetics.com\/index.php?rest_route=%2Fwp%2Fv2%2Fcomments&post=28703"}],"version-history":[{"count":1,"href":"https:\/\/staging.cremiacosmetics.com\/index.php?rest_route=\/wp\/v2\/product\/28703\/revisions"}],"predecessor-version":[{"id":34206,"href":"https:\/\/staging.cremiacosmetics.com\/index.php?rest_route=\/wp\/v2\/product\/28703\/revisions\/34206"}],"wp:featuredmedia":[{"embeddable":true,"href":"https:\/\/staging.cremiacosmetics.com\/index.php?rest_route=\/wp\/v2\/media\/32395"}],"wp:attachment":[{"href":"https:\/\/staging.cremiacosmetics.com\/index.php?rest_route=%2Fwp%2Fv2%2Fmedia&parent=28703"}],"wp:term":[{"taxonomy":"product_brand","embeddable":true,"href":"https:\/\/staging.cremiacosmetics.com\/index.php?rest_route=%2Fwp%2Fv2%2Fproduct_brand&post=28703"},{"taxonomy":"product_cat","embeddable":true,"href":"https:\/\/staging.cremiacosmetics.com\/index.php?rest_route=%2Fwp%2Fv2%2Fproduct_cat&post=28703"},{"taxonomy":"product_tag","embeddable":true,"href":"https:\/\/staging.cremiacosmetics.com\/index.php?rest_route=%2Fwp%2Fv2%2Fproduct_tag&post=28703"}],"curies":[{"name":"wp","href":"https:\/\/api.w.org\/{rel}","templated":true}]}}