{"id":28697,"date":"2022-11-07T10:38:26","date_gmt":"2022-11-07T09:38:26","guid":{"rendered":"https:\/\/cremiocosmetics.com\/?post_type=product&#038;p=28697"},"modified":"2025-03-11T09:36:18","modified_gmt":"2025-03-11T08:36:18","slug":"hyaluron-serum-30-ml","status":"publish","type":"product","link":"https:\/\/staging.cremiacosmetics.com\/?product=hyaluron-serum-30-ml","title":{"rendered":"Hyaluron serum 30 ml"},"content":{"rendered":"<p>\u00d6sszetev\u0151k: Aqua, Rosa Damascena flower water, Hyaluronic acid (low and high molecular weight), Phenethyl Alcohol and Glyceril caprilate<\/p>\n<p>CPNP Reference: 2900364<\/p>\n","protected":false},"excerpt":{"rendered":"<p>Gyors seg\u00edts\u00e9g v\u00edzhi\u00e1nyos b\u0151rre. Mint egy korty v\u00edz, amikor szomjas vagy, olyan \u00e9rz\u00e9s haszn\u00e1lni ezt a sz\u00e9rumot. Gyorsan hidrat\u00e1l \u00e9s \u00e1polt \u00e9rzetet ny\u00fajt a hyaluron komplexnek k\u00f6sz\u00f6nhet\u0151en. Minden b\u0151rt\u00edpusra aj\u00e1nlott. Olajmentes sz\u00e9rum, amit aj\u00e1nlunk a reggeli arctiszt\u00edt\u00e1st k\u00f6vet\u0151en \u00f6n\u00e1ll\u00f3 hidrat\u00e1l\u00f3k\u00e9nt, vagy az arc\u00e1pol\u00e1s els\u0151 l\u00e9p\u00e9sek\u00e9nt. Remek\u00fcl el\u0151k\u00e9sz\u00edti a b\u0151rt a tov\u00e1bbi hidrat\u00e1l\u00f3 olajok, kr\u00e9mek vagy a smink felvitel\u00e9re. Az intenz\u00edv hidrat\u00e1l\u00e1snak k\u00f6sz\u00f6nhet\u0151 r\u00e1ncfelt\u00f6lt\u0151 hat\u00e1sa is.<\/p>\n<p>A hyaluronsav nagy v\u00edzmegk\u00f6t\u0151 k\u00e9pess\u00e9ggel rendelkezik, a b\u0151r term\u00e9szetes alkot\u00f3eleme. Sajnos mennyis\u00e9ge a szervezet\u00fcnkben a kor el\u0151rehaladt\u00e1val cs\u00f6kken. Kozmetikusok azt aj\u00e1nlj\u00e1k, hogy m\u00e1r 20 \u00e9ves kort\u00f3l \u00e9rdemes rendszeresen haszn\u00e1lni hyaluronsavat tartalmaz\u00f3 kozmetikumokat, mert id\u0151sebb korban l\u00e1tv\u00e1nyos a k\u00fcl\u00f6nbs\u00e9g azok k\u00f6z\u00f6tt, akik kor\u00e1bban haszn\u00e1ltak \u00e9s azok k\u00f6z\u00f6tt, akik nem. Term\u00e9szetesen soha nincs k\u00e9s\u0151 elkezdeni ezek haszn\u00e1lat\u00e1t, mert a b\u0151r megh\u00e1l\u00e1lja.<\/p>\n<p>Mi\u00e9rt fogod szeretni ezt a term\u00e9ket?<\/p>\n<p>Mert a hyaluronsav komplexnek k\u00f6sz\u00f6nhet\u0151en szinte azonnal l\u00e1that\u00f3 \u00e9s \u00e9rezhet\u0151 a hidrat\u00e1l\u00f3 hat\u00e1sa.<\/p>\n<p><strong>Alacsony molekulat\u00f6meg\u0171 hyaluronsav<\/strong>: eljutva a b\u0151r m\u00e9lyebb r\u00e9tegeibe a mag\u00e1val vitt vizet sok\u00e1ig megtartja, jav\u00edtva a b\u0151r hidrat\u00e1lts\u00e1g\u00e1t<\/p>\n<p><strong>Nagy molekulat\u00f6meg\u0171 hyaluronsav<\/strong>: a b\u0151r k\u00fcls\u0151 felsz\u00edn\u00e9n marad, v\u00e9kony filmr\u00e9teget k\u00e9pezve akad\u00e1lyozza meg a b\u0151rben l\u00e9v\u0151 v\u00edz kip\u00e1rolg\u00e1s\u00e1t.<\/p>\n<p>Olajmentes formula, \u00edgy remek megold\u00e1s zs\u00edros v\u00edzhi\u00e1nyos b\u0151rre. Norm\u00e1l \u00e9s sz\u00e1raz b\u0151r\u0171eknek \u00e9rdemes kombin\u00e1lni a Cremia olajsz\u00e9rumokkal.<\/p>\n<p>Term\u00e9szetes antimikr\u00f3b\u00e1s anyaggal stabiliz\u00e1ltuk, amely kellemes orgona illatot k\u00f6lcs\u00f6n\u00f6z a sz\u00e9rumnak. Nem tartalmaz parab\u00e9nt, szilikont \u00e9s hozz\u00e1adott illatot.<\/p>\n<p>Haszn\u00e1lhatod \u00f6n\u00e1ll\u00f3an nappalra, vagy a Cremia arckr\u00e9mekkel egy\u00fctt nappalra, \u00e9jszak\u00e1ra.<\/p>\n<p>30 ml<\/p>\n<p>L\u00e9gmentes, \u00fan. airless flakonba csomagoltuk, hogy tov\u00e1bb el\u00e1lljon. H\u0171v\u00f6s helyen t\u00e1roland\u00f3.<\/p>\n","protected":false},"featured_media":32336,"comment_status":"open","ping_status":"closed","template":"","meta":[],"product_brand":[],"product_cat":[905,891,901,296,444,1163,482],"product_tag":[197,195,190,1141,192],"class_list":{"0":"post-28697","1":"product","2":"type-product","3":"status-publish","4":"has-post-thumbnail","6":"product_cat-ajandekotletek-erett-borre","7":"product_cat-minden-bortipusra","8":"product_cat-feltolto-szerum","9":"product_cat-arcapolas","10":"product_cat-olajmentes_szerumok","11":"product_cat-lakossagi-termekek","12":"product_cat-osszes","13":"product_tag-dry-skin","14":"product_tag-free-from","15":"product_tag-hyaluron","16":"product_tag-kozmetikus-kedvezmeny","17":"product_tag-serum","19":"first","20":"instock","21":"taxable","22":"shipping-taxable","23":"purchasable","24":"product-type-simple"},"bundled_by":["23275","20038"],"bundle_stock_status":"instock","bundle_stock_quantity":null,"bundle_virtual":false,"bundle_layout":"","bundle_add_to_cart_form_location":"","bundle_editable_in_cart":false,"bundle_sold_individually_context":"","bundle_item_grouping":"","bundle_min_size":"","bundle_max_size":"","bundle_price":[],"bundled_items":[],"bundle_sell_ids":[28421],"yoast_head":"<!-- This site is optimized with the Yoast SEO Premium plugin v24.9 (Yoast SEO v24.9) - https:\/\/yoast.com\/wordpress\/plugins\/seo\/ -->\n<title>Hyaluron serum 30 ml - Cremia Cosmetics<\/title>\n<meta name=\"robots\" content=\"index, follow, max-snippet:-1, max-image-preview:large, max-video-preview:-1\" \/>\n<link rel=\"canonical\" href=\"https:\/\/staging.cremiacosmetics.com\/osszes-termek\/hyaluron-serum-30-ml\/\" \/>\n<meta property=\"og:locale\" content=\"en_US\" \/>\n<meta property=\"og:type\" content=\"article\" \/>\n<meta property=\"og:title\" content=\"Hyaluron serum 30 ml\" \/>\n<meta property=\"og:description\" content=\"Gyors seg\u00edts\u00e9g v\u00edzhi\u00e1nyos b\u0151rre. Mint egy korty v\u00edz, amikor szomjas vagy, olyan \u00e9rz\u00e9s haszn\u00e1lni ezt a sz\u00e9rumot. Gyorsan hidrat\u00e1l \u00e9s \u00e1polt \u00e9rzetet ny\u00fajt a hyaluron komplexnek k\u00f6sz\u00f6nhet\u0151en. Minden b\u0151rt\u00edpusra aj\u00e1nlott. Olajmentes sz\u00e9rum, amit aj\u00e1nlunk a reggeli arctiszt\u00edt\u00e1st k\u00f6vet\u0151en \u00f6n\u00e1ll\u00f3 hidrat\u00e1l\u00f3k\u00e9nt, vagy az arc\u00e1pol\u00e1s els\u0151 l\u00e9p\u00e9sek\u00e9nt. Remek\u00fcl el\u0151k\u00e9sz\u00edti a b\u0151rt a tov\u00e1bbi hidrat\u00e1l\u00f3 olajok, kr\u00e9mek vagy a smink felvitel\u00e9re. Az intenz\u00edv hidrat\u00e1l\u00e1snak k\u00f6sz\u00f6nhet\u0151 r\u00e1ncfelt\u00f6lt\u0151 hat\u00e1sa is.  A hyaluronsav nagy v\u00edzmegk\u00f6t\u0151 k\u00e9pess\u00e9ggel rendelkezik, a b\u0151r term\u00e9szetes alkot\u00f3eleme. Sajnos mennyis\u00e9ge a szervezet\u00fcnkben a kor el\u0151rehaladt\u00e1val cs\u00f6kken. Kozmetikusok azt aj\u00e1nlj\u00e1k, hogy m\u00e1r 20 \u00e9ves kort\u00f3l \u00e9rdemes rendszeresen haszn\u00e1lni hyaluronsavat tartalmaz\u00f3 kozmetikumokat, mert id\u0151sebb korban l\u00e1tv\u00e1nyos a k\u00fcl\u00f6nbs\u00e9g azok k\u00f6z\u00f6tt, akik kor\u00e1bban haszn\u00e1ltak \u00e9s azok k\u00f6z\u00f6tt, akik nem. Term\u00e9szetesen soha nincs k\u00e9s\u0151 elkezdeni ezek haszn\u00e1lat\u00e1t, mert a b\u0151r megh\u00e1l\u00e1lja.  Mi\u00e9rt fogod szeretni ezt a term\u00e9ket?  Mert a hyaluronsav komplexnek k\u00f6sz\u00f6nhet\u0151en szinte azonnal l\u00e1that\u00f3 \u00e9s \u00e9rezhet\u0151 a hidrat\u00e1l\u00f3 hat\u00e1sa.  Alacsony molekulat\u00f6meg\u0171 hyaluronsav: eljutva a b\u0151r m\u00e9lyebb r\u00e9tegeibe a mag\u00e1val vitt vizet sok\u00e1ig megtartja, jav\u00edtva a b\u0151r hidrat\u00e1lts\u00e1g\u00e1t  Nagy molekulat\u00f6meg\u0171 hyaluronsav: a b\u0151r k\u00fcls\u0151 felsz\u00edn\u00e9n marad, v\u00e9kony filmr\u00e9teget k\u00e9pezve akad\u00e1lyozza meg a b\u0151rben l\u00e9v\u0151 v\u00edz kip\u00e1rolg\u00e1s\u00e1t.  Olajmentes formula, \u00edgy remek megold\u00e1s zs\u00edros v\u00edzhi\u00e1nyos b\u0151rre. Norm\u00e1l \u00e9s sz\u00e1raz b\u0151r\u0171eknek \u00e9rdemes kombin\u00e1lni a Cremia olajsz\u00e9rumokkal.  Term\u00e9szetes antimikr\u00f3b\u00e1s anyaggal stabiliz\u00e1ltuk, amely kellemes orgona illatot k\u00f6lcs\u00f6n\u00f6z a sz\u00e9rumnak. Nem tartalmaz parab\u00e9nt, szilikont \u00e9s hozz\u00e1adott illatot.  Haszn\u00e1lhatod \u00f6n\u00e1ll\u00f3an nappalra, vagy a Cremia arckr\u00e9mekkel egy\u00fctt nappalra, \u00e9jszak\u00e1ra.  30 ml  L\u00e9gmentes, \u00fan. airless flakonba csomagoltuk, hogy tov\u00e1bb el\u00e1lljon. H\u0171v\u00f6s helyen t\u00e1roland\u00f3.\" \/>\n<meta property=\"og:url\" content=\"https:\/\/staging.cremiacosmetics.com\/osszes-termek\/hyaluron-serum-30-ml\/\" \/>\n<meta property=\"og:site_name\" content=\"Cremia Cosmetics\" \/>\n<meta property=\"article:publisher\" content=\"https:\/\/www.facebook.com\/cremiacosmetics\" \/>\n<meta property=\"article:modified_time\" content=\"2025-03-11T08:36:18+00:00\" \/>\n<meta property=\"og:image\" content=\"https:\/\/staging.cremiacosmetics.com\/wp-content\/uploads\/2024\/02\/Cremia_Hyaluron-serum_800.jpg\" \/>\n\t<meta property=\"og:image:width\" content=\"800\" \/>\n\t<meta property=\"og:image:height\" content=\"800\" \/>\n\t<meta property=\"og:image:type\" content=\"image\/jpeg\" \/>\n<meta name=\"twitter:card\" content=\"summary_large_image\" \/>\n<meta name=\"twitter:label1\" content=\"Price\" \/>\n\t<meta name=\"twitter:data1\" content=\"14 890&nbsp;&#070;&#116;\" \/>\n\t<meta name=\"twitter:label2\" content=\"Availability\" \/>\n\t<meta name=\"twitter:data2\" content=\"In stock\" \/>\n<script type=\"application\/ld+json\" class=\"yoast-schema-graph\">{\"@context\":\"https:\/\/schema.org\",\"@graph\":[{\"@type\":\"WebPage\",\"@id\":\"https:\/\/staging.cremiacosmetics.com\/osszes-termek\/hyaluron-serum-30-ml\/\",\"url\":\"https:\/\/staging.cremiacosmetics.com\/osszes-termek\/hyaluron-serum-30-ml\/\",\"name\":\"Hyaluron serum 30 ml - Cremia Cosmetics\",\"isPartOf\":{\"@id\":\"https:\/\/staging.cremiacosmetics.com\/#website\"},\"primaryImageOfPage\":{\"@id\":\"https:\/\/staging.cremiacosmetics.com\/osszes-termek\/hyaluron-serum-30-ml\/#primaryimage\"},\"image\":{\"@id\":\"https:\/\/staging.cremiacosmetics.com\/osszes-termek\/hyaluron-serum-30-ml\/#primaryimage\"},\"thumbnailUrl\":\"https:\/\/staging.cremiacosmetics.com\/wp-content\/uploads\/2024\/02\/Cremia_Hyaluron-serum_800.jpg\",\"datePublished\":\"2022-11-07T09:38:26+00:00\",\"dateModified\":\"2025-03-11T08:36:18+00:00\",\"breadcrumb\":{\"@id\":\"https:\/\/staging.cremiacosmetics.com\/osszes-termek\/hyaluron-serum-30-ml\/#breadcrumb\"},\"inLanguage\":\"en-US\",\"potentialAction\":[{\"@type\":\"ReadAction\",\"target\":[\"https:\/\/staging.cremiacosmetics.com\/osszes-termek\/hyaluron-serum-30-ml\/\"]}]},{\"@type\":\"ImageObject\",\"inLanguage\":\"en-US\",\"@id\":\"https:\/\/staging.cremiacosmetics.com\/osszes-termek\/hyaluron-serum-30-ml\/#primaryimage\",\"url\":\"https:\/\/staging.cremiacosmetics.com\/wp-content\/uploads\/2024\/02\/Cremia_Hyaluron-serum_800.jpg\",\"contentUrl\":\"https:\/\/staging.cremiacosmetics.com\/wp-content\/uploads\/2024\/02\/Cremia_Hyaluron-serum_800.jpg\",\"width\":800,\"height\":800,\"caption\":\"Cremia Hyaluron Serum\"},{\"@type\":\"BreadcrumbList\",\"@id\":\"https:\/\/staging.cremiacosmetics.com\/osszes-termek\/hyaluron-serum-30-ml\/#breadcrumb\",\"itemListElement\":[{\"@type\":\"ListItem\",\"position\":1,\"name\":\"Kezd\u0151lap\",\"item\":\"https:\/\/staging.cremiacosmetics.com\/\"},{\"@type\":\"ListItem\",\"position\":2,\"name\":\"\u00d6sszes term\u00e9k\",\"item\":\"https:\/\/staging.cremiacosmetics.com\/?page_id=15931\"},{\"@type\":\"ListItem\",\"position\":3,\"name\":\"Hyaluron serum 30 ml\"}]},{\"@type\":\"WebSite\",\"@id\":\"https:\/\/staging.cremiacosmetics.com\/#website\",\"url\":\"https:\/\/staging.cremiacosmetics.com\/\",\"name\":\"Cremia Cosmetics\",\"description\":\"Nature-powered beauty\",\"publisher\":{\"@id\":\"https:\/\/staging.cremiacosmetics.com\/#organization\"},\"potentialAction\":[{\"@type\":\"SearchAction\",\"target\":{\"@type\":\"EntryPoint\",\"urlTemplate\":\"https:\/\/staging.cremiacosmetics.com\/?s={search_term_string}\"},\"query-input\":{\"@type\":\"PropertyValueSpecification\",\"valueRequired\":true,\"valueName\":\"search_term_string\"}}],\"inLanguage\":\"en-US\"},{\"@type\":\"Organization\",\"@id\":\"https:\/\/staging.cremiacosmetics.com\/#organization\",\"name\":\"Cremia Cosmetics\",\"url\":\"https:\/\/staging.cremiacosmetics.com\/\",\"logo\":{\"@type\":\"ImageObject\",\"inLanguage\":\"en-US\",\"@id\":\"https:\/\/staging.cremiacosmetics.com\/#\/schema\/logo\/image\/\",\"url\":\"https:\/\/staging.cremiacosmetics.com\/wp-content\/uploads\/2024\/03\/Cremia-logo-15x15mm.svg\",\"contentUrl\":\"https:\/\/staging.cremiacosmetics.com\/wp-content\/uploads\/2024\/03\/Cremia-logo-15x15mm.svg\",\"width\":42,\"height\":42,\"caption\":\"Cremia Cosmetics\"},\"image\":{\"@id\":\"https:\/\/staging.cremiacosmetics.com\/#\/schema\/logo\/image\/\"},\"sameAs\":[\"https:\/\/www.facebook.com\/cremiacosmetics\",\"https:\/\/www.instagram.com\/cremiacosmetics\/\"]}]}<\/script>\n<meta property=\"product:price:amount\" content=\"14890\" \/>\n<meta property=\"product:price:currency\" content=\"HUF\" \/>\n<meta property=\"og:availability\" content=\"instock\" \/>\n<meta property=\"product:availability\" content=\"instock\" \/>\n<meta property=\"product:retailer_item_id\" content=\"C-HYS-HU-30\" \/>\n<meta property=\"product:condition\" content=\"new\" \/>\n<!-- \/ Yoast SEO Premium plugin. -->","yoast_head_json":{"title":"Hyaluron serum 30 ml - Cremia Cosmetics","robots":{"index":"index","follow":"follow","max-snippet":"max-snippet:-1","max-image-preview":"max-image-preview:large","max-video-preview":"max-video-preview:-1"},"canonical":"https:\/\/staging.cremiacosmetics.com\/osszes-termek\/hyaluron-serum-30-ml\/","og_locale":"en_US","og_type":"article","og_title":"Hyaluron serum 30 ml","og_description":"Gyors seg\u00edts\u00e9g v\u00edzhi\u00e1nyos b\u0151rre. Mint egy korty v\u00edz, amikor szomjas vagy, olyan \u00e9rz\u00e9s haszn\u00e1lni ezt a sz\u00e9rumot. Gyorsan hidrat\u00e1l \u00e9s \u00e1polt \u00e9rzetet ny\u00fajt a hyaluron komplexnek k\u00f6sz\u00f6nhet\u0151en. Minden b\u0151rt\u00edpusra aj\u00e1nlott. Olajmentes sz\u00e9rum, amit aj\u00e1nlunk a reggeli arctiszt\u00edt\u00e1st k\u00f6vet\u0151en \u00f6n\u00e1ll\u00f3 hidrat\u00e1l\u00f3k\u00e9nt, vagy az arc\u00e1pol\u00e1s els\u0151 l\u00e9p\u00e9sek\u00e9nt. Remek\u00fcl el\u0151k\u00e9sz\u00edti a b\u0151rt a tov\u00e1bbi hidrat\u00e1l\u00f3 olajok, kr\u00e9mek vagy a smink felvitel\u00e9re. Az intenz\u00edv hidrat\u00e1l\u00e1snak k\u00f6sz\u00f6nhet\u0151 r\u00e1ncfelt\u00f6lt\u0151 hat\u00e1sa is.  A hyaluronsav nagy v\u00edzmegk\u00f6t\u0151 k\u00e9pess\u00e9ggel rendelkezik, a b\u0151r term\u00e9szetes alkot\u00f3eleme. Sajnos mennyis\u00e9ge a szervezet\u00fcnkben a kor el\u0151rehaladt\u00e1val cs\u00f6kken. Kozmetikusok azt aj\u00e1nlj\u00e1k, hogy m\u00e1r 20 \u00e9ves kort\u00f3l \u00e9rdemes rendszeresen haszn\u00e1lni hyaluronsavat tartalmaz\u00f3 kozmetikumokat, mert id\u0151sebb korban l\u00e1tv\u00e1nyos a k\u00fcl\u00f6nbs\u00e9g azok k\u00f6z\u00f6tt, akik kor\u00e1bban haszn\u00e1ltak \u00e9s azok k\u00f6z\u00f6tt, akik nem. Term\u00e9szetesen soha nincs k\u00e9s\u0151 elkezdeni ezek haszn\u00e1lat\u00e1t, mert a b\u0151r megh\u00e1l\u00e1lja.  Mi\u00e9rt fogod szeretni ezt a term\u00e9ket?  Mert a hyaluronsav komplexnek k\u00f6sz\u00f6nhet\u0151en szinte azonnal l\u00e1that\u00f3 \u00e9s \u00e9rezhet\u0151 a hidrat\u00e1l\u00f3 hat\u00e1sa.  Alacsony molekulat\u00f6meg\u0171 hyaluronsav: eljutva a b\u0151r m\u00e9lyebb r\u00e9tegeibe a mag\u00e1val vitt vizet sok\u00e1ig megtartja, jav\u00edtva a b\u0151r hidrat\u00e1lts\u00e1g\u00e1t  Nagy molekulat\u00f6meg\u0171 hyaluronsav: a b\u0151r k\u00fcls\u0151 felsz\u00edn\u00e9n marad, v\u00e9kony filmr\u00e9teget k\u00e9pezve akad\u00e1lyozza meg a b\u0151rben l\u00e9v\u0151 v\u00edz kip\u00e1rolg\u00e1s\u00e1t.  Olajmentes formula, \u00edgy remek megold\u00e1s zs\u00edros v\u00edzhi\u00e1nyos b\u0151rre. Norm\u00e1l \u00e9s sz\u00e1raz b\u0151r\u0171eknek \u00e9rdemes kombin\u00e1lni a Cremia olajsz\u00e9rumokkal.  Term\u00e9szetes antimikr\u00f3b\u00e1s anyaggal stabiliz\u00e1ltuk, amely kellemes orgona illatot k\u00f6lcs\u00f6n\u00f6z a sz\u00e9rumnak. Nem tartalmaz parab\u00e9nt, szilikont \u00e9s hozz\u00e1adott illatot.  Haszn\u00e1lhatod \u00f6n\u00e1ll\u00f3an nappalra, vagy a Cremia arckr\u00e9mekkel egy\u00fctt nappalra, \u00e9jszak\u00e1ra.  30 ml  L\u00e9gmentes, \u00fan. airless flakonba csomagoltuk, hogy tov\u00e1bb el\u00e1lljon. H\u0171v\u00f6s helyen t\u00e1roland\u00f3.","og_url":"https:\/\/staging.cremiacosmetics.com\/osszes-termek\/hyaluron-serum-30-ml\/","og_site_name":"Cremia Cosmetics","article_publisher":"https:\/\/www.facebook.com\/cremiacosmetics","article_modified_time":"2025-03-11T08:36:18+00:00","og_image":[{"width":800,"height":800,"url":"https:\/\/staging.cremiacosmetics.com\/wp-content\/uploads\/2024\/02\/Cremia_Hyaluron-serum_800.jpg","type":"image\/jpeg"}],"twitter_card":"summary_large_image","twitter_misc":{"Price":"14 890&nbsp;&#70;&#116;","Availability":"In stock"},"schema":{"@context":"https:\/\/schema.org","@graph":[{"@type":"WebPage","@id":"https:\/\/staging.cremiacosmetics.com\/osszes-termek\/hyaluron-serum-30-ml\/","url":"https:\/\/staging.cremiacosmetics.com\/osszes-termek\/hyaluron-serum-30-ml\/","name":"Hyaluron serum 30 ml - Cremia Cosmetics","isPartOf":{"@id":"https:\/\/staging.cremiacosmetics.com\/#website"},"primaryImageOfPage":{"@id":"https:\/\/staging.cremiacosmetics.com\/osszes-termek\/hyaluron-serum-30-ml\/#primaryimage"},"image":{"@id":"https:\/\/staging.cremiacosmetics.com\/osszes-termek\/hyaluron-serum-30-ml\/#primaryimage"},"thumbnailUrl":"https:\/\/staging.cremiacosmetics.com\/wp-content\/uploads\/2024\/02\/Cremia_Hyaluron-serum_800.jpg","datePublished":"2022-11-07T09:38:26+00:00","dateModified":"2025-03-11T08:36:18+00:00","breadcrumb":{"@id":"https:\/\/staging.cremiacosmetics.com\/osszes-termek\/hyaluron-serum-30-ml\/#breadcrumb"},"inLanguage":"en-US","potentialAction":[{"@type":"ReadAction","target":["https:\/\/staging.cremiacosmetics.com\/osszes-termek\/hyaluron-serum-30-ml\/"]}]},{"@type":"ImageObject","inLanguage":"en-US","@id":"https:\/\/staging.cremiacosmetics.com\/osszes-termek\/hyaluron-serum-30-ml\/#primaryimage","url":"https:\/\/staging.cremiacosmetics.com\/wp-content\/uploads\/2024\/02\/Cremia_Hyaluron-serum_800.jpg","contentUrl":"https:\/\/staging.cremiacosmetics.com\/wp-content\/uploads\/2024\/02\/Cremia_Hyaluron-serum_800.jpg","width":800,"height":800,"caption":"Cremia Hyaluron Serum"},{"@type":"BreadcrumbList","@id":"https:\/\/staging.cremiacosmetics.com\/osszes-termek\/hyaluron-serum-30-ml\/#breadcrumb","itemListElement":[{"@type":"ListItem","position":1,"name":"Kezd\u0151lap","item":"https:\/\/staging.cremiacosmetics.com\/"},{"@type":"ListItem","position":2,"name":"\u00d6sszes term\u00e9k","item":"https:\/\/staging.cremiacosmetics.com\/?page_id=15931"},{"@type":"ListItem","position":3,"name":"Hyaluron serum 30 ml"}]},{"@type":"WebSite","@id":"https:\/\/staging.cremiacosmetics.com\/#website","url":"https:\/\/staging.cremiacosmetics.com\/","name":"Cremia Cosmetics","description":"Nature-powered beauty","publisher":{"@id":"https:\/\/staging.cremiacosmetics.com\/#organization"},"potentialAction":[{"@type":"SearchAction","target":{"@type":"EntryPoint","urlTemplate":"https:\/\/staging.cremiacosmetics.com\/?s={search_term_string}"},"query-input":{"@type":"PropertyValueSpecification","valueRequired":true,"valueName":"search_term_string"}}],"inLanguage":"en-US"},{"@type":"Organization","@id":"https:\/\/staging.cremiacosmetics.com\/#organization","name":"Cremia Cosmetics","url":"https:\/\/staging.cremiacosmetics.com\/","logo":{"@type":"ImageObject","inLanguage":"en-US","@id":"https:\/\/staging.cremiacosmetics.com\/#\/schema\/logo\/image\/","url":"https:\/\/staging.cremiacosmetics.com\/wp-content\/uploads\/2024\/03\/Cremia-logo-15x15mm.svg","contentUrl":"https:\/\/staging.cremiacosmetics.com\/wp-content\/uploads\/2024\/03\/Cremia-logo-15x15mm.svg","width":42,"height":42,"caption":"Cremia Cosmetics"},"image":{"@id":"https:\/\/staging.cremiacosmetics.com\/#\/schema\/logo\/image\/"},"sameAs":["https:\/\/www.facebook.com\/cremiacosmetics","https:\/\/www.instagram.com\/cremiacosmetics\/"]}]},"product_price_amount":"14890","product_price_currency":"HUF","og_availability":"instock","product_availability":"instock","product_retailer_item_id":"C-HYS-HU-30","product_condition":"new"},"_links":{"self":[{"href":"https:\/\/staging.cremiacosmetics.com\/index.php?rest_route=\/wp\/v2\/product\/28697","targetHints":{"allow":["GET"]}}],"collection":[{"href":"https:\/\/staging.cremiacosmetics.com\/index.php?rest_route=\/wp\/v2\/product"}],"about":[{"href":"https:\/\/staging.cremiacosmetics.com\/index.php?rest_route=\/wp\/v2\/types\/product"}],"replies":[{"embeddable":true,"href":"https:\/\/staging.cremiacosmetics.com\/index.php?rest_route=%2Fwp%2Fv2%2Fcomments&post=28697"}],"version-history":[{"count":2,"href":"https:\/\/staging.cremiacosmetics.com\/index.php?rest_route=\/wp\/v2\/product\/28697\/revisions"}],"predecessor-version":[{"id":34439,"href":"https:\/\/staging.cremiacosmetics.com\/index.php?rest_route=\/wp\/v2\/product\/28697\/revisions\/34439"}],"wp:featuredmedia":[{"embeddable":true,"href":"https:\/\/staging.cremiacosmetics.com\/index.php?rest_route=\/wp\/v2\/media\/32336"}],"wp:attachment":[{"href":"https:\/\/staging.cremiacosmetics.com\/index.php?rest_route=%2Fwp%2Fv2%2Fmedia&parent=28697"}],"wp:term":[{"taxonomy":"product_brand","embeddable":true,"href":"https:\/\/staging.cremiacosmetics.com\/index.php?rest_route=%2Fwp%2Fv2%2Fproduct_brand&post=28697"},{"taxonomy":"product_cat","embeddable":true,"href":"https:\/\/staging.cremiacosmetics.com\/index.php?rest_route=%2Fwp%2Fv2%2Fproduct_cat&post=28697"},{"taxonomy":"product_tag","embeddable":true,"href":"https:\/\/staging.cremiacosmetics.com\/index.php?rest_route=%2Fwp%2Fv2%2Fproduct_tag&post=28697"}],"curies":[{"name":"wp","href":"https:\/\/api.w.org\/{rel}","templated":true}]}}