{"id":28695,"date":"2022-11-07T10:35:52","date_gmt":"2022-11-07T09:35:52","guid":{"rendered":"https:\/\/cremiocosmetics.com\/?post_type=product&#038;p=28695"},"modified":"2025-04-10T14:35:32","modified_gmt":"2025-04-10T12:35:32","slug":"rosa-serum-30ml","status":"publish","type":"product","link":"https:\/\/staging.cremiacosmetics.com\/?product=rosa-serum-30ml","title":{"rendered":"Rosa Serum 30 ml"},"content":{"rendered":"<p>\u00d6sszetev\u0151k: Aqua, Rosa Damascena flower water, Hyaluronic acid (low and high molecular weight), Aqua, Hydrolyzed Eruca Sativa Leaf, Hydrolyzed Opuntia Ficus-Indica Flower Extract, Citric Acid, Phenethyl Alcohol and Glyceril caprilate<\/p>\n<p>CPNP: 3155308<\/p>\n","protected":false},"excerpt":{"rendered":"<p>Mi\u00e9rt fogod szeretni ezt a term\u00e9ket?<\/p>\n<p>A roz\u00e1ce\u00e1s b\u0151r \u00e9rz\u00e9keny, lobban\u00e9kony, k\u00f6nnyen kipirosodik, \u00f3vatosan kell vele b\u00e1nni. Erre a b\u0151rre olyan term\u00e9keket fejlesztett\u00fcnk ki, amelyek f\u0151 alkot\u00f3eleme a Couperine.<br \/>\nA Couperine a rukkol\u00e1nak \u00e9s a f\u00fcgekaktusz vir\u00e1g\u00e1nak kivonata, olasz kutat\u00f3k \u00e1ltal szabadalmaztatott kivon\u00e1si elj\u00e1r\u00e1ssal k\u00e9sz\u00fcl. A Couperine a gy\u00e1rt\u00f3 vizsg\u00e1latai szerint m\u00e1r az els\u0151 h\u00e9tt\u0151l \u00e9rezhet\u0151en cs\u00f6kkenti a kuper\u00f3zist, a sz\u00far\u00f3s \u00e9rzetet \u00e9s a kipirosod\u00e1st. V\u00e1s\u00e1rl\u00f3i visszajelz\u00e9sek is ezt igazolt\u00e1k. Fontos, hogy ennek a sz\u00e9rumak a haszn\u00e1lata eset\u00e9n nem v\u00e1rhat\u00f3, hogy pattan\u00e1sok vagy akne-szer\u0171 f\u00e1j\u00f3s dudorok keletkezzenek.<\/p>\n<p>A Rosa serum hidrat\u00e1l\u00f3 hyaluron sz\u00e9rum roz\u00e1ce\u00e1s b\u0151rre. G\u00e9les \u00e1llag\u00fa, enyhe orgona illat\u00fa, mely hozz\u00e1adott illatanyagot nem tartalmaz. Alapja a k\u00e9tf\u00e9le m\u00e9ret\u0171 hialuron sav, melynek a g\u00e9les \u00e1llag\u00e1t \u00e9s a kiv\u00e1l\u00f3 hidrat\u00e1l\u00f3 hat\u00e1s\u00e1t k\u00f6sz\u00f6nheti. Olajmentes formula.<\/p>\n<p>Haszn\u00e1lhatod \u00f6n\u00e1ll\u00f3an nappalra, vagy a Rosa cream-mel egy\u00fctt nappalra vagy \u00e9jszak\u00e1ra.<\/p>\n<p>30 ml<\/p>\n<p>L\u00e9gmentes, \u00fan. airless flakonba csomagoltuk, hogy tov\u00e1bb el\u00e1lljon. H\u0171v\u00f6s helyen t\u00e1roland\u00f3.<\/p>\n","protected":false},"featured_media":33193,"comment_status":"open","ping_status":"closed","template":"","meta":[],"product_brand":[],"product_cat":[296,444,1163,482,448],"product_tag":[556,377,489,389,1068],"class_list":{"0":"post-28695","1":"product","2":"type-product","3":"status-publish","4":"has-post-thumbnail","6":"product_cat-arcapolas","7":"product_cat-olajmentes_szerumok","8":"product_cat-lakossagi-termekek","9":"product_cat-osszes","10":"product_cat-rosa-kollekcio","11":"product_tag-hialuron-en","12":"product_tag-hyaluron-en-hu","13":"product_tag-rosacea","14":"product_tag-serum-en-hu","15":"product_tag-szerum-en","17":"first","18":"instock","19":"taxable","20":"shipping-taxable","21":"purchasable","22":"product-type-simple"},"bundled_by":[],"bundle_stock_status":"instock","bundle_stock_quantity":null,"bundle_virtual":false,"bundle_layout":"","bundle_add_to_cart_form_location":"","bundle_editable_in_cart":false,"bundle_sold_individually_context":"","bundle_item_grouping":"","bundle_min_size":"","bundle_max_size":"","bundle_price":[],"bundled_items":[],"bundle_sell_ids":[],"yoast_head":"<!-- This site is optimized with the Yoast SEO Premium plugin v24.9 (Yoast SEO v24.9) - https:\/\/yoast.com\/wordpress\/plugins\/seo\/ -->\n<title>Rosa Serum 30 ml - Cremia Cosmetics<\/title>\n<meta name=\"robots\" content=\"index, follow, max-snippet:-1, max-image-preview:large, max-video-preview:-1\" \/>\n<link rel=\"canonical\" href=\"https:\/\/staging.cremiacosmetics.com\/osszes-termek\/rosa-serum-30ml\/\" \/>\n<meta property=\"og:locale\" content=\"en_US\" \/>\n<meta property=\"og:type\" content=\"article\" \/>\n<meta property=\"og:title\" content=\"Rosa Serum 30 ml\" \/>\n<meta property=\"og:description\" content=\"Mi\u00e9rt fogod szeretni ezt a term\u00e9ket?  A roz\u00e1ce\u00e1s b\u0151r \u00e9rz\u00e9keny, lobban\u00e9kony, k\u00f6nnyen kipirosodik, \u00f3vatosan kell vele b\u00e1nni. Erre a b\u0151rre olyan term\u00e9keket fejlesztett\u00fcnk ki, amelyek f\u0151 alkot\u00f3eleme a Couperine. A Couperine a rukkol\u00e1nak \u00e9s a f\u00fcgekaktusz vir\u00e1g\u00e1nak kivonata, olasz kutat\u00f3k \u00e1ltal szabadalmaztatott kivon\u00e1si elj\u00e1r\u00e1ssal k\u00e9sz\u00fcl. A Couperine a gy\u00e1rt\u00f3 vizsg\u00e1latai szerint m\u00e1r az els\u0151 h\u00e9tt\u0151l \u00e9rezhet\u0151en cs\u00f6kkenti a kuper\u00f3zist, a sz\u00far\u00f3s \u00e9rzetet \u00e9s a kipirosod\u00e1st. V\u00e1s\u00e1rl\u00f3i visszajelz\u00e9sek is ezt igazolt\u00e1k. Fontos, hogy ennek a sz\u00e9rumak a haszn\u00e1lata eset\u00e9n nem v\u00e1rhat\u00f3, hogy pattan\u00e1sok vagy akne-szer\u0171 f\u00e1j\u00f3s dudorok keletkezzenek.  A Rosa serum hidrat\u00e1l\u00f3 hyaluron sz\u00e9rum roz\u00e1ce\u00e1s b\u0151rre. G\u00e9les \u00e1llag\u00fa, enyhe orgona illat\u00fa, mely hozz\u00e1adott illatanyagot nem tartalmaz. Alapja a k\u00e9tf\u00e9le m\u00e9ret\u0171 hialuron sav, melynek a g\u00e9les \u00e1llag\u00e1t \u00e9s a kiv\u00e1l\u00f3 hidrat\u00e1l\u00f3 hat\u00e1s\u00e1t k\u00f6sz\u00f6nheti. Olajmentes formula.  Haszn\u00e1lhatod \u00f6n\u00e1ll\u00f3an nappalra, vagy a Rosa cream-mel egy\u00fctt nappalra vagy \u00e9jszak\u00e1ra.  30 ml  L\u00e9gmentes, \u00fan. airless flakonba csomagoltuk, hogy tov\u00e1bb el\u00e1lljon. H\u0171v\u00f6s helyen t\u00e1roland\u00f3.\" \/>\n<meta property=\"og:url\" content=\"https:\/\/staging.cremiacosmetics.com\/osszes-termek\/rosa-serum-30ml\/\" \/>\n<meta property=\"og:site_name\" content=\"Cremia Cosmetics\" \/>\n<meta property=\"article:publisher\" content=\"https:\/\/www.facebook.com\/cremiacosmetics\" \/>\n<meta property=\"article:modified_time\" content=\"2025-04-10T12:35:32+00:00\" \/>\n<meta property=\"og:image\" content=\"https:\/\/staging.cremiacosmetics.com\/wp-content\/uploads\/2024\/03\/Cremia_Rosa-serum_800.jpg\" \/>\n\t<meta property=\"og:image:width\" content=\"800\" \/>\n\t<meta property=\"og:image:height\" content=\"800\" \/>\n\t<meta property=\"og:image:type\" content=\"image\/jpeg\" \/>\n<meta name=\"twitter:card\" content=\"summary_large_image\" \/>\n<meta name=\"twitter:label1\" content=\"Price\" \/>\n\t<meta name=\"twitter:data1\" content=\"15 990&nbsp;&#070;&#116;\" \/>\n\t<meta name=\"twitter:label2\" content=\"Availability\" \/>\n\t<meta name=\"twitter:data2\" content=\"In stock\" \/>\n<script type=\"application\/ld+json\" class=\"yoast-schema-graph\">{\"@context\":\"https:\/\/schema.org\",\"@graph\":[{\"@type\":\"WebPage\",\"@id\":\"https:\/\/staging.cremiacosmetics.com\/osszes-termek\/rosa-serum-30ml\/\",\"url\":\"https:\/\/staging.cremiacosmetics.com\/osszes-termek\/rosa-serum-30ml\/\",\"name\":\"Rosa Serum 30 ml - Cremia Cosmetics\",\"isPartOf\":{\"@id\":\"https:\/\/staging.cremiacosmetics.com\/#website\"},\"primaryImageOfPage\":{\"@id\":\"https:\/\/staging.cremiacosmetics.com\/osszes-termek\/rosa-serum-30ml\/#primaryimage\"},\"image\":{\"@id\":\"https:\/\/staging.cremiacosmetics.com\/osszes-termek\/rosa-serum-30ml\/#primaryimage\"},\"thumbnailUrl\":\"https:\/\/staging.cremiacosmetics.com\/wp-content\/uploads\/2024\/03\/Cremia_Rosa-serum_800.jpg\",\"datePublished\":\"2022-11-07T09:35:52+00:00\",\"dateModified\":\"2025-04-10T12:35:32+00:00\",\"breadcrumb\":{\"@id\":\"https:\/\/staging.cremiacosmetics.com\/osszes-termek\/rosa-serum-30ml\/#breadcrumb\"},\"inLanguage\":\"en-US\",\"potentialAction\":[{\"@type\":\"ReadAction\",\"target\":[\"https:\/\/staging.cremiacosmetics.com\/osszes-termek\/rosa-serum-30ml\/\"]}]},{\"@type\":\"ImageObject\",\"inLanguage\":\"en-US\",\"@id\":\"https:\/\/staging.cremiacosmetics.com\/osszes-termek\/rosa-serum-30ml\/#primaryimage\",\"url\":\"https:\/\/staging.cremiacosmetics.com\/wp-content\/uploads\/2024\/03\/Cremia_Rosa-serum_800.jpg\",\"contentUrl\":\"https:\/\/staging.cremiacosmetics.com\/wp-content\/uploads\/2024\/03\/Cremia_Rosa-serum_800.jpg\",\"width\":800,\"height\":800,\"caption\":\"Cremia Rosa Serum\"},{\"@type\":\"BreadcrumbList\",\"@id\":\"https:\/\/staging.cremiacosmetics.com\/osszes-termek\/rosa-serum-30ml\/#breadcrumb\",\"itemListElement\":[{\"@type\":\"ListItem\",\"position\":1,\"name\":\"Kezd\u0151lap\",\"item\":\"https:\/\/staging.cremiacosmetics.com\/\"},{\"@type\":\"ListItem\",\"position\":2,\"name\":\"\u00d6sszes term\u00e9k\",\"item\":\"https:\/\/staging.cremiacosmetics.com\/?page_id=15931\"},{\"@type\":\"ListItem\",\"position\":3,\"name\":\"Rosa Serum 30 ml\"}]},{\"@type\":\"WebSite\",\"@id\":\"https:\/\/staging.cremiacosmetics.com\/#website\",\"url\":\"https:\/\/staging.cremiacosmetics.com\/\",\"name\":\"Cremia Cosmetics\",\"description\":\"Nature-powered beauty\",\"publisher\":{\"@id\":\"https:\/\/staging.cremiacosmetics.com\/#organization\"},\"potentialAction\":[{\"@type\":\"SearchAction\",\"target\":{\"@type\":\"EntryPoint\",\"urlTemplate\":\"https:\/\/staging.cremiacosmetics.com\/?s={search_term_string}\"},\"query-input\":{\"@type\":\"PropertyValueSpecification\",\"valueRequired\":true,\"valueName\":\"search_term_string\"}}],\"inLanguage\":\"en-US\"},{\"@type\":\"Organization\",\"@id\":\"https:\/\/staging.cremiacosmetics.com\/#organization\",\"name\":\"Cremia Cosmetics\",\"url\":\"https:\/\/staging.cremiacosmetics.com\/\",\"logo\":{\"@type\":\"ImageObject\",\"inLanguage\":\"en-US\",\"@id\":\"https:\/\/staging.cremiacosmetics.com\/#\/schema\/logo\/image\/\",\"url\":\"https:\/\/staging.cremiacosmetics.com\/wp-content\/uploads\/2024\/03\/Cremia-logo-15x15mm.svg\",\"contentUrl\":\"https:\/\/staging.cremiacosmetics.com\/wp-content\/uploads\/2024\/03\/Cremia-logo-15x15mm.svg\",\"width\":42,\"height\":42,\"caption\":\"Cremia Cosmetics\"},\"image\":{\"@id\":\"https:\/\/staging.cremiacosmetics.com\/#\/schema\/logo\/image\/\"},\"sameAs\":[\"https:\/\/www.facebook.com\/cremiacosmetics\",\"https:\/\/www.instagram.com\/cremiacosmetics\/\"]}]}<\/script>\n<meta property=\"product:price:amount\" content=\"15990\" \/>\n<meta property=\"product:price:currency\" content=\"HUF\" \/>\n<meta property=\"og:availability\" content=\"instock\" \/>\n<meta property=\"product:availability\" content=\"instock\" \/>\n<meta property=\"product:retailer_item_id\" content=\"C-ROS-HU-30\" \/>\n<meta property=\"product:condition\" content=\"new\" \/>\n<!-- \/ Yoast SEO Premium plugin. -->","yoast_head_json":{"title":"Rosa Serum 30 ml - Cremia Cosmetics","robots":{"index":"index","follow":"follow","max-snippet":"max-snippet:-1","max-image-preview":"max-image-preview:large","max-video-preview":"max-video-preview:-1"},"canonical":"https:\/\/staging.cremiacosmetics.com\/osszes-termek\/rosa-serum-30ml\/","og_locale":"en_US","og_type":"article","og_title":"Rosa Serum 30 ml","og_description":"Mi\u00e9rt fogod szeretni ezt a term\u00e9ket?  A roz\u00e1ce\u00e1s b\u0151r \u00e9rz\u00e9keny, lobban\u00e9kony, k\u00f6nnyen kipirosodik, \u00f3vatosan kell vele b\u00e1nni. Erre a b\u0151rre olyan term\u00e9keket fejlesztett\u00fcnk ki, amelyek f\u0151 alkot\u00f3eleme a Couperine. A Couperine a rukkol\u00e1nak \u00e9s a f\u00fcgekaktusz vir\u00e1g\u00e1nak kivonata, olasz kutat\u00f3k \u00e1ltal szabadalmaztatott kivon\u00e1si elj\u00e1r\u00e1ssal k\u00e9sz\u00fcl. A Couperine a gy\u00e1rt\u00f3 vizsg\u00e1latai szerint m\u00e1r az els\u0151 h\u00e9tt\u0151l \u00e9rezhet\u0151en cs\u00f6kkenti a kuper\u00f3zist, a sz\u00far\u00f3s \u00e9rzetet \u00e9s a kipirosod\u00e1st. V\u00e1s\u00e1rl\u00f3i visszajelz\u00e9sek is ezt igazolt\u00e1k. Fontos, hogy ennek a sz\u00e9rumak a haszn\u00e1lata eset\u00e9n nem v\u00e1rhat\u00f3, hogy pattan\u00e1sok vagy akne-szer\u0171 f\u00e1j\u00f3s dudorok keletkezzenek.  A Rosa serum hidrat\u00e1l\u00f3 hyaluron sz\u00e9rum roz\u00e1ce\u00e1s b\u0151rre. G\u00e9les \u00e1llag\u00fa, enyhe orgona illat\u00fa, mely hozz\u00e1adott illatanyagot nem tartalmaz. Alapja a k\u00e9tf\u00e9le m\u00e9ret\u0171 hialuron sav, melynek a g\u00e9les \u00e1llag\u00e1t \u00e9s a kiv\u00e1l\u00f3 hidrat\u00e1l\u00f3 hat\u00e1s\u00e1t k\u00f6sz\u00f6nheti. Olajmentes formula.  Haszn\u00e1lhatod \u00f6n\u00e1ll\u00f3an nappalra, vagy a Rosa cream-mel egy\u00fctt nappalra vagy \u00e9jszak\u00e1ra.  30 ml  L\u00e9gmentes, \u00fan. airless flakonba csomagoltuk, hogy tov\u00e1bb el\u00e1lljon. H\u0171v\u00f6s helyen t\u00e1roland\u00f3.","og_url":"https:\/\/staging.cremiacosmetics.com\/osszes-termek\/rosa-serum-30ml\/","og_site_name":"Cremia Cosmetics","article_publisher":"https:\/\/www.facebook.com\/cremiacosmetics","article_modified_time":"2025-04-10T12:35:32+00:00","og_image":[{"width":800,"height":800,"url":"https:\/\/staging.cremiacosmetics.com\/wp-content\/uploads\/2024\/03\/Cremia_Rosa-serum_800.jpg","type":"image\/jpeg"}],"twitter_card":"summary_large_image","twitter_misc":{"Price":"15 990&nbsp;&#70;&#116;","Availability":"In stock"},"schema":{"@context":"https:\/\/schema.org","@graph":[{"@type":"WebPage","@id":"https:\/\/staging.cremiacosmetics.com\/osszes-termek\/rosa-serum-30ml\/","url":"https:\/\/staging.cremiacosmetics.com\/osszes-termek\/rosa-serum-30ml\/","name":"Rosa Serum 30 ml - Cremia Cosmetics","isPartOf":{"@id":"https:\/\/staging.cremiacosmetics.com\/#website"},"primaryImageOfPage":{"@id":"https:\/\/staging.cremiacosmetics.com\/osszes-termek\/rosa-serum-30ml\/#primaryimage"},"image":{"@id":"https:\/\/staging.cremiacosmetics.com\/osszes-termek\/rosa-serum-30ml\/#primaryimage"},"thumbnailUrl":"https:\/\/staging.cremiacosmetics.com\/wp-content\/uploads\/2024\/03\/Cremia_Rosa-serum_800.jpg","datePublished":"2022-11-07T09:35:52+00:00","dateModified":"2025-04-10T12:35:32+00:00","breadcrumb":{"@id":"https:\/\/staging.cremiacosmetics.com\/osszes-termek\/rosa-serum-30ml\/#breadcrumb"},"inLanguage":"en-US","potentialAction":[{"@type":"ReadAction","target":["https:\/\/staging.cremiacosmetics.com\/osszes-termek\/rosa-serum-30ml\/"]}]},{"@type":"ImageObject","inLanguage":"en-US","@id":"https:\/\/staging.cremiacosmetics.com\/osszes-termek\/rosa-serum-30ml\/#primaryimage","url":"https:\/\/staging.cremiacosmetics.com\/wp-content\/uploads\/2024\/03\/Cremia_Rosa-serum_800.jpg","contentUrl":"https:\/\/staging.cremiacosmetics.com\/wp-content\/uploads\/2024\/03\/Cremia_Rosa-serum_800.jpg","width":800,"height":800,"caption":"Cremia Rosa Serum"},{"@type":"BreadcrumbList","@id":"https:\/\/staging.cremiacosmetics.com\/osszes-termek\/rosa-serum-30ml\/#breadcrumb","itemListElement":[{"@type":"ListItem","position":1,"name":"Kezd\u0151lap","item":"https:\/\/staging.cremiacosmetics.com\/"},{"@type":"ListItem","position":2,"name":"\u00d6sszes term\u00e9k","item":"https:\/\/staging.cremiacosmetics.com\/?page_id=15931"},{"@type":"ListItem","position":3,"name":"Rosa Serum 30 ml"}]},{"@type":"WebSite","@id":"https:\/\/staging.cremiacosmetics.com\/#website","url":"https:\/\/staging.cremiacosmetics.com\/","name":"Cremia Cosmetics","description":"Nature-powered beauty","publisher":{"@id":"https:\/\/staging.cremiacosmetics.com\/#organization"},"potentialAction":[{"@type":"SearchAction","target":{"@type":"EntryPoint","urlTemplate":"https:\/\/staging.cremiacosmetics.com\/?s={search_term_string}"},"query-input":{"@type":"PropertyValueSpecification","valueRequired":true,"valueName":"search_term_string"}}],"inLanguage":"en-US"},{"@type":"Organization","@id":"https:\/\/staging.cremiacosmetics.com\/#organization","name":"Cremia Cosmetics","url":"https:\/\/staging.cremiacosmetics.com\/","logo":{"@type":"ImageObject","inLanguage":"en-US","@id":"https:\/\/staging.cremiacosmetics.com\/#\/schema\/logo\/image\/","url":"https:\/\/staging.cremiacosmetics.com\/wp-content\/uploads\/2024\/03\/Cremia-logo-15x15mm.svg","contentUrl":"https:\/\/staging.cremiacosmetics.com\/wp-content\/uploads\/2024\/03\/Cremia-logo-15x15mm.svg","width":42,"height":42,"caption":"Cremia Cosmetics"},"image":{"@id":"https:\/\/staging.cremiacosmetics.com\/#\/schema\/logo\/image\/"},"sameAs":["https:\/\/www.facebook.com\/cremiacosmetics","https:\/\/www.instagram.com\/cremiacosmetics\/"]}]},"product_price_amount":"15990","product_price_currency":"HUF","og_availability":"instock","product_availability":"instock","product_retailer_item_id":"C-ROS-HU-30","product_condition":"new"},"_links":{"self":[{"href":"https:\/\/staging.cremiacosmetics.com\/index.php?rest_route=\/wp\/v2\/product\/28695","targetHints":{"allow":["GET"]}}],"collection":[{"href":"https:\/\/staging.cremiacosmetics.com\/index.php?rest_route=\/wp\/v2\/product"}],"about":[{"href":"https:\/\/staging.cremiacosmetics.com\/index.php?rest_route=\/wp\/v2\/types\/product"}],"replies":[{"embeddable":true,"href":"https:\/\/staging.cremiacosmetics.com\/index.php?rest_route=%2Fwp%2Fv2%2Fcomments&post=28695"}],"version-history":[{"count":1,"href":"https:\/\/staging.cremiacosmetics.com\/index.php?rest_route=\/wp\/v2\/product\/28695\/revisions"}],"predecessor-version":[{"id":34787,"href":"https:\/\/staging.cremiacosmetics.com\/index.php?rest_route=\/wp\/v2\/product\/28695\/revisions\/34787"}],"wp:featuredmedia":[{"embeddable":true,"href":"https:\/\/staging.cremiacosmetics.com\/index.php?rest_route=\/wp\/v2\/media\/33193"}],"wp:attachment":[{"href":"https:\/\/staging.cremiacosmetics.com\/index.php?rest_route=%2Fwp%2Fv2%2Fmedia&parent=28695"}],"wp:term":[{"taxonomy":"product_brand","embeddable":true,"href":"https:\/\/staging.cremiacosmetics.com\/index.php?rest_route=%2Fwp%2Fv2%2Fproduct_brand&post=28695"},{"taxonomy":"product_cat","embeddable":true,"href":"https:\/\/staging.cremiacosmetics.com\/index.php?rest_route=%2Fwp%2Fv2%2Fproduct_cat&post=28695"},{"taxonomy":"product_tag","embeddable":true,"href":"https:\/\/staging.cremiacosmetics.com\/index.php?rest_route=%2Fwp%2Fv2%2Fproduct_tag&post=28695"}],"curies":[{"name":"wp","href":"https:\/\/api.w.org\/{rel}","templated":true}]}}