{"id":28693,"date":"2022-11-07T10:32:20","date_gmt":"2022-11-07T09:32:20","guid":{"rendered":"https:\/\/cremiocosmetics.com\/?post_type=product&#038;p=28693"},"modified":"2025-03-11T09:36:16","modified_gmt":"2025-03-11T08:36:16","slug":"happy-eyes-depuff-serum-30-ml","status":"publish","type":"product","link":"https:\/\/staging.cremiacosmetics.com\/?product=happy-eyes-depuff-serum-30-ml","title":{"rendered":"Happy Eyes depuff serum 30 ml"},"content":{"rendered":"<p>\u00d6sszetev\u0151k: Aqua, Rosa damascena flower water, Hyaluronic acid (low and high molecular weight), Glycerin and Albizia Julibrissin Bark Extract and Darutoside, Phenethyl Alcohol and Glyceril caprilate<\/p>\n<p>CPNP: 3469671<\/p>\n","protected":false},"excerpt":{"rendered":"<p>T\u00e1sk\u00e1s, pufi szemek?<\/p>\n<p>A Happy Eyes depuff serum a szem alatti pufis\u00e1got 1-2 perc alatt (vagy m\u00e9g hamarabb) cs\u00f6kkent\u0151 hyaluron sz\u00e9rum. F\u0151 \u00f6sszetev\u0151je a Beautifeyes, ami egy francia kutat\u00f3k \u00e1ltal szabadalmaztatott k\u00fcl\u00f6nleges n\u00f6v\u00e9nyi kivonat. Ez a perzsa ak\u00e1c-darutozid kivonat olyan komplex hat\u00f3anyag, amely nem tartalmaz olajat, \u00edgy sz\u00e9rumunkat smink al\u00e1, vagy nap k\u00f6zben ak\u00e1r t\u00f6bbsz\u00f6r is lehet alkalmazni.<\/p>\n<p>Olajmentes term\u00e9k, \u00edgy m\u0171szempilla visel\u0151knek is aj\u00e1nlott. Hozz\u00e1adott illatanyagot nem tartalmaz.<\/p>\n<p>A szem al\u00e1 \u00e9s a fels\u0151 szemh\u00e9jra k\u00f6rk\u00f6r\u00f6s mozdulatokkal vigy\u00e9l fel 1-2 csepp sz\u00e9rumot.<\/p>\n<p>30 ml<\/p>\n<p>L\u00e9gmentes, \u00fan. airless flakonba csomagoltuk, hogy tov\u00e1bb el\u00e1lljon. H\u0171v\u00f6s helyen t\u00e1roland\u00f3.<\/p>\n<p>&nbsp;<\/p>\n","protected":false},"featured_media":33133,"comment_status":"open","ping_status":"closed","template":"","meta":[],"product_brand":[],"product_cat":[444,1163,482,440],"product_tag":[1151,1141,389,1097],"class_list":{"0":"post-28693","1":"product","2":"type-product","3":"status-publish","4":"has-post-thumbnail","6":"product_cat-olajmentes_szerumok","7":"product_cat-lakossagi-termekek","8":"product_cat-osszes","9":"product_cat-szemkornyekapolas","10":"product_tag-happy-eyes","11":"product_tag-kozmetikus-kedvezmeny","12":"product_tag-serum-en-hu","13":"product_tag-szemkornyekapolas-en","15":"first","16":"instock","17":"taxable","18":"shipping-taxable","19":"purchasable","20":"product-type-simple"},"bundled_by":[],"bundle_stock_status":"instock","bundle_stock_quantity":null,"bundle_virtual":false,"bundle_layout":"","bundle_add_to_cart_form_location":"","bundle_editable_in_cart":false,"bundle_sold_individually_context":"","bundle_item_grouping":"","bundle_min_size":"","bundle_max_size":"","bundle_price":[],"bundled_items":[],"bundle_sell_ids":[],"yoast_head":"<!-- This site is optimized with the Yoast SEO Premium plugin v24.9 (Yoast SEO v24.9) - https:\/\/yoast.com\/wordpress\/plugins\/seo\/ -->\n<title>Happy Eyes depuff serum 30 ml - Cremia Cosmetics<\/title>\n<meta name=\"robots\" content=\"index, follow, max-snippet:-1, max-image-preview:large, max-video-preview:-1\" \/>\n<link rel=\"canonical\" href=\"https:\/\/staging.cremiacosmetics.com\/osszes-termek\/happy-eyes-depuff-serum-30-ml\/\" \/>\n<meta property=\"og:locale\" content=\"en_US\" \/>\n<meta property=\"og:type\" content=\"article\" \/>\n<meta property=\"og:title\" content=\"Happy Eyes depuff serum 30 ml\" \/>\n<meta property=\"og:description\" content=\"T\u00e1sk\u00e1s, pufi szemek?  A Happy Eyes depuff serum a szem alatti pufis\u00e1got 1-2 perc alatt (vagy m\u00e9g hamarabb) cs\u00f6kkent\u0151 hyaluron sz\u00e9rum. F\u0151 \u00f6sszetev\u0151je a Beautifeyes, ami egy francia kutat\u00f3k \u00e1ltal szabadalmaztatott k\u00fcl\u00f6nleges n\u00f6v\u00e9nyi kivonat. Ez a perzsa ak\u00e1c-darutozid kivonat olyan komplex hat\u00f3anyag, amely nem tartalmaz olajat, \u00edgy sz\u00e9rumunkat smink al\u00e1, vagy nap k\u00f6zben ak\u00e1r t\u00f6bbsz\u00f6r is lehet alkalmazni.  Olajmentes term\u00e9k, \u00edgy m\u0171szempilla visel\u0151knek is aj\u00e1nlott. Hozz\u00e1adott illatanyagot nem tartalmaz.  A szem al\u00e1 \u00e9s a fels\u0151 szemh\u00e9jra k\u00f6rk\u00f6r\u00f6s mozdulatokkal vigy\u00e9l fel 1-2 csepp sz\u00e9rumot.  30 ml  L\u00e9gmentes, \u00fan. airless flakonba csomagoltuk, hogy tov\u00e1bb el\u00e1lljon. H\u0171v\u00f6s helyen t\u00e1roland\u00f3.  &nbsp;\" \/>\n<meta property=\"og:url\" content=\"https:\/\/staging.cremiacosmetics.com\/osszes-termek\/happy-eyes-depuff-serum-30-ml\/\" \/>\n<meta property=\"og:site_name\" content=\"Cremia Cosmetics\" \/>\n<meta property=\"article:publisher\" content=\"https:\/\/www.facebook.com\/cremiacosmetics\" \/>\n<meta property=\"article:modified_time\" content=\"2025-03-11T08:36:16+00:00\" \/>\n<meta property=\"og:image\" content=\"https:\/\/staging.cremiacosmetics.com\/wp-content\/uploads\/2024\/03\/Cremia_Happy-Eyes-Depuff_800.jpg\" \/>\n\t<meta property=\"og:image:width\" content=\"800\" \/>\n\t<meta property=\"og:image:height\" content=\"800\" \/>\n\t<meta property=\"og:image:type\" content=\"image\/jpeg\" \/>\n<meta name=\"twitter:card\" content=\"summary_large_image\" \/>\n<meta name=\"twitter:label1\" content=\"Price\" \/>\n\t<meta name=\"twitter:data1\" content=\"14 990&nbsp;&#070;&#116;\" \/>\n\t<meta name=\"twitter:label2\" content=\"Availability\" \/>\n\t<meta name=\"twitter:data2\" content=\"In stock\" \/>\n<script type=\"application\/ld+json\" class=\"yoast-schema-graph\">{\"@context\":\"https:\/\/schema.org\",\"@graph\":[{\"@type\":\"WebPage\",\"@id\":\"https:\/\/staging.cremiacosmetics.com\/osszes-termek\/happy-eyes-depuff-serum-30-ml\/\",\"url\":\"https:\/\/staging.cremiacosmetics.com\/osszes-termek\/happy-eyes-depuff-serum-30-ml\/\",\"name\":\"Happy Eyes depuff serum 30 ml - Cremia Cosmetics\",\"isPartOf\":{\"@id\":\"https:\/\/staging.cremiacosmetics.com\/#website\"},\"primaryImageOfPage\":{\"@id\":\"https:\/\/staging.cremiacosmetics.com\/osszes-termek\/happy-eyes-depuff-serum-30-ml\/#primaryimage\"},\"image\":{\"@id\":\"https:\/\/staging.cremiacosmetics.com\/osszes-termek\/happy-eyes-depuff-serum-30-ml\/#primaryimage\"},\"thumbnailUrl\":\"https:\/\/staging.cremiacosmetics.com\/wp-content\/uploads\/2024\/03\/Cremia_Happy-Eyes-Depuff_800.jpg\",\"datePublished\":\"2022-11-07T09:32:20+00:00\",\"dateModified\":\"2025-03-11T08:36:16+00:00\",\"breadcrumb\":{\"@id\":\"https:\/\/staging.cremiacosmetics.com\/osszes-termek\/happy-eyes-depuff-serum-30-ml\/#breadcrumb\"},\"inLanguage\":\"en-US\",\"potentialAction\":[{\"@type\":\"ReadAction\",\"target\":[\"https:\/\/staging.cremiacosmetics.com\/osszes-termek\/happy-eyes-depuff-serum-30-ml\/\"]}]},{\"@type\":\"ImageObject\",\"inLanguage\":\"en-US\",\"@id\":\"https:\/\/staging.cremiacosmetics.com\/osszes-termek\/happy-eyes-depuff-serum-30-ml\/#primaryimage\",\"url\":\"https:\/\/staging.cremiacosmetics.com\/wp-content\/uploads\/2024\/03\/Cremia_Happy-Eyes-Depuff_800.jpg\",\"contentUrl\":\"https:\/\/staging.cremiacosmetics.com\/wp-content\/uploads\/2024\/03\/Cremia_Happy-Eyes-Depuff_800.jpg\",\"width\":800,\"height\":800,\"caption\":\"Cremia Happy Eyes Depuff\"},{\"@type\":\"BreadcrumbList\",\"@id\":\"https:\/\/staging.cremiacosmetics.com\/osszes-termek\/happy-eyes-depuff-serum-30-ml\/#breadcrumb\",\"itemListElement\":[{\"@type\":\"ListItem\",\"position\":1,\"name\":\"Kezd\u0151lap\",\"item\":\"https:\/\/staging.cremiacosmetics.com\/\"},{\"@type\":\"ListItem\",\"position\":2,\"name\":\"\u00d6sszes term\u00e9k\",\"item\":\"https:\/\/staging.cremiacosmetics.com\/?page_id=15931\"},{\"@type\":\"ListItem\",\"position\":3,\"name\":\"Happy Eyes depuff serum 30 ml\"}]},{\"@type\":\"WebSite\",\"@id\":\"https:\/\/staging.cremiacosmetics.com\/#website\",\"url\":\"https:\/\/staging.cremiacosmetics.com\/\",\"name\":\"Cremia Cosmetics\",\"description\":\"Nature-powered beauty\",\"publisher\":{\"@id\":\"https:\/\/staging.cremiacosmetics.com\/#organization\"},\"potentialAction\":[{\"@type\":\"SearchAction\",\"target\":{\"@type\":\"EntryPoint\",\"urlTemplate\":\"https:\/\/staging.cremiacosmetics.com\/?s={search_term_string}\"},\"query-input\":{\"@type\":\"PropertyValueSpecification\",\"valueRequired\":true,\"valueName\":\"search_term_string\"}}],\"inLanguage\":\"en-US\"},{\"@type\":\"Organization\",\"@id\":\"https:\/\/staging.cremiacosmetics.com\/#organization\",\"name\":\"Cremia Cosmetics\",\"url\":\"https:\/\/staging.cremiacosmetics.com\/\",\"logo\":{\"@type\":\"ImageObject\",\"inLanguage\":\"en-US\",\"@id\":\"https:\/\/staging.cremiacosmetics.com\/#\/schema\/logo\/image\/\",\"url\":\"https:\/\/staging.cremiacosmetics.com\/wp-content\/uploads\/2024\/03\/Cremia-logo-15x15mm.svg\",\"contentUrl\":\"https:\/\/staging.cremiacosmetics.com\/wp-content\/uploads\/2024\/03\/Cremia-logo-15x15mm.svg\",\"width\":42,\"height\":42,\"caption\":\"Cremia Cosmetics\"},\"image\":{\"@id\":\"https:\/\/staging.cremiacosmetics.com\/#\/schema\/logo\/image\/\"},\"sameAs\":[\"https:\/\/www.facebook.com\/cremiacosmetics\",\"https:\/\/www.instagram.com\/cremiacosmetics\/\"]}]}<\/script>\n<meta property=\"product:price:amount\" content=\"14990\" \/>\n<meta property=\"product:price:currency\" content=\"HUF\" \/>\n<meta property=\"og:availability\" content=\"instock\" \/>\n<meta property=\"product:availability\" content=\"instock\" \/>\n<meta property=\"product:retailer_item_id\" content=\"C-HED-HU-30\" \/>\n<meta property=\"product:condition\" content=\"new\" \/>\n<!-- \/ Yoast SEO Premium plugin. -->","yoast_head_json":{"title":"Happy Eyes depuff serum 30 ml - Cremia Cosmetics","robots":{"index":"index","follow":"follow","max-snippet":"max-snippet:-1","max-image-preview":"max-image-preview:large","max-video-preview":"max-video-preview:-1"},"canonical":"https:\/\/staging.cremiacosmetics.com\/osszes-termek\/happy-eyes-depuff-serum-30-ml\/","og_locale":"en_US","og_type":"article","og_title":"Happy Eyes depuff serum 30 ml","og_description":"T\u00e1sk\u00e1s, pufi szemek?  A Happy Eyes depuff serum a szem alatti pufis\u00e1got 1-2 perc alatt (vagy m\u00e9g hamarabb) cs\u00f6kkent\u0151 hyaluron sz\u00e9rum. F\u0151 \u00f6sszetev\u0151je a Beautifeyes, ami egy francia kutat\u00f3k \u00e1ltal szabadalmaztatott k\u00fcl\u00f6nleges n\u00f6v\u00e9nyi kivonat. Ez a perzsa ak\u00e1c-darutozid kivonat olyan komplex hat\u00f3anyag, amely nem tartalmaz olajat, \u00edgy sz\u00e9rumunkat smink al\u00e1, vagy nap k\u00f6zben ak\u00e1r t\u00f6bbsz\u00f6r is lehet alkalmazni.  Olajmentes term\u00e9k, \u00edgy m\u0171szempilla visel\u0151knek is aj\u00e1nlott. Hozz\u00e1adott illatanyagot nem tartalmaz.  A szem al\u00e1 \u00e9s a fels\u0151 szemh\u00e9jra k\u00f6rk\u00f6r\u00f6s mozdulatokkal vigy\u00e9l fel 1-2 csepp sz\u00e9rumot.  30 ml  L\u00e9gmentes, \u00fan. airless flakonba csomagoltuk, hogy tov\u00e1bb el\u00e1lljon. H\u0171v\u00f6s helyen t\u00e1roland\u00f3.  &nbsp;","og_url":"https:\/\/staging.cremiacosmetics.com\/osszes-termek\/happy-eyes-depuff-serum-30-ml\/","og_site_name":"Cremia Cosmetics","article_publisher":"https:\/\/www.facebook.com\/cremiacosmetics","article_modified_time":"2025-03-11T08:36:16+00:00","og_image":[{"width":800,"height":800,"url":"https:\/\/staging.cremiacosmetics.com\/wp-content\/uploads\/2024\/03\/Cremia_Happy-Eyes-Depuff_800.jpg","type":"image\/jpeg"}],"twitter_card":"summary_large_image","twitter_misc":{"Price":"14 990&nbsp;&#70;&#116;","Availability":"In stock"},"schema":{"@context":"https:\/\/schema.org","@graph":[{"@type":"WebPage","@id":"https:\/\/staging.cremiacosmetics.com\/osszes-termek\/happy-eyes-depuff-serum-30-ml\/","url":"https:\/\/staging.cremiacosmetics.com\/osszes-termek\/happy-eyes-depuff-serum-30-ml\/","name":"Happy Eyes depuff serum 30 ml - Cremia Cosmetics","isPartOf":{"@id":"https:\/\/staging.cremiacosmetics.com\/#website"},"primaryImageOfPage":{"@id":"https:\/\/staging.cremiacosmetics.com\/osszes-termek\/happy-eyes-depuff-serum-30-ml\/#primaryimage"},"image":{"@id":"https:\/\/staging.cremiacosmetics.com\/osszes-termek\/happy-eyes-depuff-serum-30-ml\/#primaryimage"},"thumbnailUrl":"https:\/\/staging.cremiacosmetics.com\/wp-content\/uploads\/2024\/03\/Cremia_Happy-Eyes-Depuff_800.jpg","datePublished":"2022-11-07T09:32:20+00:00","dateModified":"2025-03-11T08:36:16+00:00","breadcrumb":{"@id":"https:\/\/staging.cremiacosmetics.com\/osszes-termek\/happy-eyes-depuff-serum-30-ml\/#breadcrumb"},"inLanguage":"en-US","potentialAction":[{"@type":"ReadAction","target":["https:\/\/staging.cremiacosmetics.com\/osszes-termek\/happy-eyes-depuff-serum-30-ml\/"]}]},{"@type":"ImageObject","inLanguage":"en-US","@id":"https:\/\/staging.cremiacosmetics.com\/osszes-termek\/happy-eyes-depuff-serum-30-ml\/#primaryimage","url":"https:\/\/staging.cremiacosmetics.com\/wp-content\/uploads\/2024\/03\/Cremia_Happy-Eyes-Depuff_800.jpg","contentUrl":"https:\/\/staging.cremiacosmetics.com\/wp-content\/uploads\/2024\/03\/Cremia_Happy-Eyes-Depuff_800.jpg","width":800,"height":800,"caption":"Cremia Happy Eyes Depuff"},{"@type":"BreadcrumbList","@id":"https:\/\/staging.cremiacosmetics.com\/osszes-termek\/happy-eyes-depuff-serum-30-ml\/#breadcrumb","itemListElement":[{"@type":"ListItem","position":1,"name":"Kezd\u0151lap","item":"https:\/\/staging.cremiacosmetics.com\/"},{"@type":"ListItem","position":2,"name":"\u00d6sszes term\u00e9k","item":"https:\/\/staging.cremiacosmetics.com\/?page_id=15931"},{"@type":"ListItem","position":3,"name":"Happy Eyes depuff serum 30 ml"}]},{"@type":"WebSite","@id":"https:\/\/staging.cremiacosmetics.com\/#website","url":"https:\/\/staging.cremiacosmetics.com\/","name":"Cremia Cosmetics","description":"Nature-powered beauty","publisher":{"@id":"https:\/\/staging.cremiacosmetics.com\/#organization"},"potentialAction":[{"@type":"SearchAction","target":{"@type":"EntryPoint","urlTemplate":"https:\/\/staging.cremiacosmetics.com\/?s={search_term_string}"},"query-input":{"@type":"PropertyValueSpecification","valueRequired":true,"valueName":"search_term_string"}}],"inLanguage":"en-US"},{"@type":"Organization","@id":"https:\/\/staging.cremiacosmetics.com\/#organization","name":"Cremia Cosmetics","url":"https:\/\/staging.cremiacosmetics.com\/","logo":{"@type":"ImageObject","inLanguage":"en-US","@id":"https:\/\/staging.cremiacosmetics.com\/#\/schema\/logo\/image\/","url":"https:\/\/staging.cremiacosmetics.com\/wp-content\/uploads\/2024\/03\/Cremia-logo-15x15mm.svg","contentUrl":"https:\/\/staging.cremiacosmetics.com\/wp-content\/uploads\/2024\/03\/Cremia-logo-15x15mm.svg","width":42,"height":42,"caption":"Cremia Cosmetics"},"image":{"@id":"https:\/\/staging.cremiacosmetics.com\/#\/schema\/logo\/image\/"},"sameAs":["https:\/\/www.facebook.com\/cremiacosmetics","https:\/\/www.instagram.com\/cremiacosmetics\/"]}]},"product_price_amount":"14990","product_price_currency":"HUF","og_availability":"instock","product_availability":"instock","product_retailer_item_id":"C-HED-HU-30","product_condition":"new"},"_links":{"self":[{"href":"https:\/\/staging.cremiacosmetics.com\/index.php?rest_route=\/wp\/v2\/product\/28693","targetHints":{"allow":["GET"]}}],"collection":[{"href":"https:\/\/staging.cremiacosmetics.com\/index.php?rest_route=\/wp\/v2\/product"}],"about":[{"href":"https:\/\/staging.cremiacosmetics.com\/index.php?rest_route=\/wp\/v2\/types\/product"}],"replies":[{"embeddable":true,"href":"https:\/\/staging.cremiacosmetics.com\/index.php?rest_route=%2Fwp%2Fv2%2Fcomments&post=28693"}],"version-history":[{"count":1,"href":"https:\/\/staging.cremiacosmetics.com\/index.php?rest_route=\/wp\/v2\/product\/28693\/revisions"}],"predecessor-version":[{"id":34010,"href":"https:\/\/staging.cremiacosmetics.com\/index.php?rest_route=\/wp\/v2\/product\/28693\/revisions\/34010"}],"wp:featuredmedia":[{"embeddable":true,"href":"https:\/\/staging.cremiacosmetics.com\/index.php?rest_route=\/wp\/v2\/media\/33133"}],"wp:attachment":[{"href":"https:\/\/staging.cremiacosmetics.com\/index.php?rest_route=%2Fwp%2Fv2%2Fmedia&parent=28693"}],"wp:term":[{"taxonomy":"product_brand","embeddable":true,"href":"https:\/\/staging.cremiacosmetics.com\/index.php?rest_route=%2Fwp%2Fv2%2Fproduct_brand&post=28693"},{"taxonomy":"product_cat","embeddable":true,"href":"https:\/\/staging.cremiacosmetics.com\/index.php?rest_route=%2Fwp%2Fv2%2Fproduct_cat&post=28693"},{"taxonomy":"product_tag","embeddable":true,"href":"https:\/\/staging.cremiacosmetics.com\/index.php?rest_route=%2Fwp%2Fv2%2Fproduct_tag&post=28693"}],"curies":[{"name":"wp","href":"https:\/\/api.w.org\/{rel}","templated":true}]}}