{"id":28630,"date":"2022-11-04T16:49:56","date_gmt":"2022-11-04T15:49:56","guid":{"rendered":"https:\/\/cremiocosmetics.com\/?post_type=product&#038;p=28630"},"modified":"2025-03-11T09:36:14","modified_gmt":"2025-03-11T08:36:14","slug":"mixit-gel-base-200ml","status":"publish","type":"product","link":"https:\/\/staging.cremiacosmetics.com\/?product=mixit-gel-base-200ml","title":{"rendered":"Mixit Gel Base Professional 200ml vir\u00e1gvizes g\u00e9lpakol\u00e1s alap"},"content":{"rendered":"<p>\u00d6sszet\u00e9tel: Aqua, Lavandula angustifolia flower water, Rosa Damascena flower water, Mentha piperita leaf water,\u00a0 Aloe barbadensis, Aloe vulgaris, Glycerin, Panthenol, Phenoxyethanol, Ethylhexyglycerin, Sodium Hyaluronate, lactic acid<\/p>\n<p>CPNP Reference: 4089337<\/p>\n","protected":false},"excerpt":{"rendered":"<p>G\u00e9l \u00e1llag\u00fa pakol\u00e1sok alapjak\u00e9nt tervezett hialuron g\u00e9l. A levendula vir\u00e1gv\u00edznek, a menta vir\u00e1gv\u00edznek \u00e9s a damaszkuszi r\u00f3zsa vir\u00e1gv\u00edznek k\u00f6sz\u00f6nheti k\u00f6nny\u0171, vir\u00e1gos illat\u00e1t, a panthenolnak \u00e9s az aloe g\u00e9lnek k\u00f6sz\u00f6nheti nyugtat\u00f3 hat\u00e1s\u00e1t. A g\u00e9l alapj\u00e1t k\u00e9pez\u0151 k\u00e9tf\u00e9le hialuronsav pedig biztos\u00edtja az arcb\u0151r hidrat\u00e1l\u00e1s\u00e1t a felsz\u00edni \u00e9s a m\u00e9lyebb r\u00e9tegekben is.<\/p>\n<p>Alkalmaz\u00e1sa: Kis t\u00e1lk\u00e1ba nyomj 5 pump\u00e1l\u00e1snyi g\u00e9lt \u00e9s keverd \u00f6ssze a vend\u00e9ged b\u0151r\u00e9nek megfelel\u0151 Mixit porral \u00e9s Mixit olajokkal. Ecsettel vidd fel a vend\u00e9g arc\u00e1ra, nyak\u00e1ra, dekolt\u00e1zs\u00e1ra. Hat\u00f3id\u0151: \u00a010-15 perc. Tipp: ha t\u00f6bb port keversz a g\u00e9lhez, akkor s\u0171r\u0171bb massz\u00e1t kapsz, aminek a nyom\u00f3 hat\u00e1sa fokozottabb. Minden b\u0151rt\u00edpusra aj\u00e1nlott, k\u00fcl\u00f6n\u00f6sen seborrhe\u00e1s b\u0151rre.<\/p>\n","protected":false},"featured_media":32371,"comment_status":"open","ping_status":"closed","template":"","meta":[],"product_brand":[],"product_cat":[1183,887,878],"product_tag":[],"class_list":{"0":"post-28630","1":"product","2":"type-product","3":"status-publish","4":"has-post-thumbnail","6":"product_cat-brazil-lifting-masszazs","7":"product_cat-professional","8":"product_cat-taplalo-pakolasok","10":"first","11":"instock","12":"taxable","13":"shipping-taxable","14":"product-type-simple"},"bundled_by":["27130"],"bundle_stock_status":"instock","bundle_stock_quantity":null,"bundle_virtual":false,"bundle_layout":"","bundle_add_to_cart_form_location":"","bundle_editable_in_cart":false,"bundle_sold_individually_context":"","bundle_item_grouping":"","bundle_min_size":"","bundle_max_size":"","bundle_price":[],"bundled_items":[],"bundle_sell_ids":[],"yoast_head":"<!-- This site is optimized with the Yoast SEO Premium plugin v24.9 (Yoast SEO v24.9) - https:\/\/yoast.com\/wordpress\/plugins\/seo\/ -->\n<title>Mixit Gel Base Professional 200ml vir\u00e1gvizes g\u00e9lpakol\u00e1s alap - Cremia Cosmetics<\/title>\n<meta name=\"robots\" content=\"index, follow, max-snippet:-1, max-image-preview:large, max-video-preview:-1\" \/>\n<link rel=\"canonical\" href=\"https:\/\/staging.cremiacosmetics.com\/osszes-termek\/mixit-gel-base-200ml\/\" \/>\n<meta property=\"og:locale\" content=\"en_US\" \/>\n<meta property=\"og:type\" content=\"article\" \/>\n<meta property=\"og:title\" content=\"Mixit Gel Base Professional 200ml vir\u00e1gvizes g\u00e9lpakol\u00e1s alap\" \/>\n<meta property=\"og:description\" content=\"G\u00e9l \u00e1llag\u00fa pakol\u00e1sok alapjak\u00e9nt tervezett hialuron g\u00e9l. A levendula vir\u00e1gv\u00edznek, a menta vir\u00e1gv\u00edznek \u00e9s a damaszkuszi r\u00f3zsa vir\u00e1gv\u00edznek k\u00f6sz\u00f6nheti k\u00f6nny\u0171, vir\u00e1gos illat\u00e1t, a panthenolnak \u00e9s az aloe g\u00e9lnek k\u00f6sz\u00f6nheti nyugtat\u00f3 hat\u00e1s\u00e1t. A g\u00e9l alapj\u00e1t k\u00e9pez\u0151 k\u00e9tf\u00e9le hialuronsav pedig biztos\u00edtja az arcb\u0151r hidrat\u00e1l\u00e1s\u00e1t a felsz\u00edni \u00e9s a m\u00e9lyebb r\u00e9tegekben is.  Alkalmaz\u00e1sa: Kis t\u00e1lk\u00e1ba nyomj 5 pump\u00e1l\u00e1snyi g\u00e9lt \u00e9s keverd \u00f6ssze a vend\u00e9ged b\u0151r\u00e9nek megfelel\u0151 Mixit porral \u00e9s Mixit olajokkal. Ecsettel vidd fel a vend\u00e9g arc\u00e1ra, nyak\u00e1ra, dekolt\u00e1zs\u00e1ra. Hat\u00f3id\u0151: \u00a010-15 perc. Tipp: ha t\u00f6bb port keversz a g\u00e9lhez, akkor s\u0171r\u0171bb massz\u00e1t kapsz, aminek a nyom\u00f3 hat\u00e1sa fokozottabb. Minden b\u0151rt\u00edpusra aj\u00e1nlott, k\u00fcl\u00f6n\u00f6sen seborrhe\u00e1s b\u0151rre.\" \/>\n<meta property=\"og:url\" content=\"https:\/\/staging.cremiacosmetics.com\/osszes-termek\/mixit-gel-base-200ml\/\" \/>\n<meta property=\"og:site_name\" content=\"Cremia Cosmetics\" \/>\n<meta property=\"article:publisher\" content=\"https:\/\/www.facebook.com\/cremiacosmetics\" \/>\n<meta property=\"article:modified_time\" content=\"2025-03-11T08:36:14+00:00\" \/>\n<meta property=\"og:image\" content=\"https:\/\/staging.cremiacosmetics.com\/wp-content\/uploads\/2024\/02\/Cremia_Professional_Mixit-Gel-Base_800.jpg\" \/>\n\t<meta property=\"og:image:width\" content=\"800\" \/>\n\t<meta property=\"og:image:height\" content=\"800\" \/>\n\t<meta property=\"og:image:type\" content=\"image\/jpeg\" \/>\n<meta name=\"twitter:card\" content=\"summary_large_image\" \/>\n<meta name=\"twitter:label1\" content=\"Price\" \/>\n\t<meta name=\"twitter:data1\" content=\"\" \/>\n\t<meta name=\"twitter:label2\" content=\"Availability\" \/>\n\t<meta name=\"twitter:data2\" content=\"In stock\" \/>\n<script type=\"application\/ld+json\" class=\"yoast-schema-graph\">{\"@context\":\"https:\/\/schema.org\",\"@graph\":[{\"@type\":\"WebPage\",\"@id\":\"https:\/\/staging.cremiacosmetics.com\/osszes-termek\/mixit-gel-base-200ml\/\",\"url\":\"https:\/\/staging.cremiacosmetics.com\/osszes-termek\/mixit-gel-base-200ml\/\",\"name\":\"Mixit Gel Base Professional 200ml vir\u00e1gvizes g\u00e9lpakol\u00e1s alap - Cremia Cosmetics\",\"isPartOf\":{\"@id\":\"https:\/\/staging.cremiacosmetics.com\/#website\"},\"primaryImageOfPage\":{\"@id\":\"https:\/\/staging.cremiacosmetics.com\/osszes-termek\/mixit-gel-base-200ml\/#primaryimage\"},\"image\":{\"@id\":\"https:\/\/staging.cremiacosmetics.com\/osszes-termek\/mixit-gel-base-200ml\/#primaryimage\"},\"thumbnailUrl\":\"https:\/\/staging.cremiacosmetics.com\/wp-content\/uploads\/2024\/02\/Cremia_Professional_Mixit-Gel-Base_800.jpg\",\"datePublished\":\"2022-11-04T15:49:56+00:00\",\"dateModified\":\"2025-03-11T08:36:14+00:00\",\"breadcrumb\":{\"@id\":\"https:\/\/staging.cremiacosmetics.com\/osszes-termek\/mixit-gel-base-200ml\/#breadcrumb\"},\"inLanguage\":\"en-US\",\"potentialAction\":[{\"@type\":\"ReadAction\",\"target\":[\"https:\/\/staging.cremiacosmetics.com\/osszes-termek\/mixit-gel-base-200ml\/\"]}]},{\"@type\":\"ImageObject\",\"inLanguage\":\"en-US\",\"@id\":\"https:\/\/staging.cremiacosmetics.com\/osszes-termek\/mixit-gel-base-200ml\/#primaryimage\",\"url\":\"https:\/\/staging.cremiacosmetics.com\/wp-content\/uploads\/2024\/02\/Cremia_Professional_Mixit-Gel-Base_800.jpg\",\"contentUrl\":\"https:\/\/staging.cremiacosmetics.com\/wp-content\/uploads\/2024\/02\/Cremia_Professional_Mixit-Gel-Base_800.jpg\",\"width\":800,\"height\":800,\"caption\":\"Mixit Base pakol\u00e1s alap Professional 200ml\"},{\"@type\":\"BreadcrumbList\",\"@id\":\"https:\/\/staging.cremiacosmetics.com\/osszes-termek\/mixit-gel-base-200ml\/#breadcrumb\",\"itemListElement\":[{\"@type\":\"ListItem\",\"position\":1,\"name\":\"Kezd\u0151lap\",\"item\":\"https:\/\/staging.cremiacosmetics.com\/\"},{\"@type\":\"ListItem\",\"position\":2,\"name\":\"\u00d6sszes term\u00e9k\",\"item\":\"https:\/\/staging.cremiacosmetics.com\/?page_id=15931\"},{\"@type\":\"ListItem\",\"position\":3,\"name\":\"Mixit Gel Base Professional 200ml vir\u00e1gvizes g\u00e9lpakol\u00e1s alap\"}]},{\"@type\":\"WebSite\",\"@id\":\"https:\/\/staging.cremiacosmetics.com\/#website\",\"url\":\"https:\/\/staging.cremiacosmetics.com\/\",\"name\":\"Cremia Cosmetics\",\"description\":\"Nature-powered beauty\",\"publisher\":{\"@id\":\"https:\/\/staging.cremiacosmetics.com\/#organization\"},\"potentialAction\":[{\"@type\":\"SearchAction\",\"target\":{\"@type\":\"EntryPoint\",\"urlTemplate\":\"https:\/\/staging.cremiacosmetics.com\/?s={search_term_string}\"},\"query-input\":{\"@type\":\"PropertyValueSpecification\",\"valueRequired\":true,\"valueName\":\"search_term_string\"}}],\"inLanguage\":\"en-US\"},{\"@type\":\"Organization\",\"@id\":\"https:\/\/staging.cremiacosmetics.com\/#organization\",\"name\":\"Cremia Cosmetics\",\"url\":\"https:\/\/staging.cremiacosmetics.com\/\",\"logo\":{\"@type\":\"ImageObject\",\"inLanguage\":\"en-US\",\"@id\":\"https:\/\/staging.cremiacosmetics.com\/#\/schema\/logo\/image\/\",\"url\":\"https:\/\/staging.cremiacosmetics.com\/wp-content\/uploads\/2024\/03\/Cremia-logo-15x15mm.svg\",\"contentUrl\":\"https:\/\/staging.cremiacosmetics.com\/wp-content\/uploads\/2024\/03\/Cremia-logo-15x15mm.svg\",\"width\":42,\"height\":42,\"caption\":\"Cremia Cosmetics\"},\"image\":{\"@id\":\"https:\/\/staging.cremiacosmetics.com\/#\/schema\/logo\/image\/\"},\"sameAs\":[\"https:\/\/www.facebook.com\/cremiacosmetics\",\"https:\/\/www.instagram.com\/cremiacosmetics\/\"]}]}<\/script>\n<meta property=\"product:price:amount\" content=\"0\" \/>\n<meta property=\"product:price:currency\" content=\"HUF\" \/>\n<meta property=\"og:availability\" content=\"instock\" \/>\n<meta property=\"product:availability\" content=\"instock\" \/>\n<meta property=\"product:retailer_item_id\" content=\"C-MGBP-HU-200\" \/>\n<meta property=\"product:condition\" content=\"new\" \/>\n<!-- \/ Yoast SEO Premium plugin. -->","yoast_head_json":{"title":"Mixit Gel Base Professional 200ml vir\u00e1gvizes g\u00e9lpakol\u00e1s alap - Cremia Cosmetics","robots":{"index":"index","follow":"follow","max-snippet":"max-snippet:-1","max-image-preview":"max-image-preview:large","max-video-preview":"max-video-preview:-1"},"canonical":"https:\/\/staging.cremiacosmetics.com\/osszes-termek\/mixit-gel-base-200ml\/","og_locale":"en_US","og_type":"article","og_title":"Mixit Gel Base Professional 200ml vir\u00e1gvizes g\u00e9lpakol\u00e1s alap","og_description":"G\u00e9l \u00e1llag\u00fa pakol\u00e1sok alapjak\u00e9nt tervezett hialuron g\u00e9l. A levendula vir\u00e1gv\u00edznek, a menta vir\u00e1gv\u00edznek \u00e9s a damaszkuszi r\u00f3zsa vir\u00e1gv\u00edznek k\u00f6sz\u00f6nheti k\u00f6nny\u0171, vir\u00e1gos illat\u00e1t, a panthenolnak \u00e9s az aloe g\u00e9lnek k\u00f6sz\u00f6nheti nyugtat\u00f3 hat\u00e1s\u00e1t. A g\u00e9l alapj\u00e1t k\u00e9pez\u0151 k\u00e9tf\u00e9le hialuronsav pedig biztos\u00edtja az arcb\u0151r hidrat\u00e1l\u00e1s\u00e1t a felsz\u00edni \u00e9s a m\u00e9lyebb r\u00e9tegekben is.  Alkalmaz\u00e1sa: Kis t\u00e1lk\u00e1ba nyomj 5 pump\u00e1l\u00e1snyi g\u00e9lt \u00e9s keverd \u00f6ssze a vend\u00e9ged b\u0151r\u00e9nek megfelel\u0151 Mixit porral \u00e9s Mixit olajokkal. Ecsettel vidd fel a vend\u00e9g arc\u00e1ra, nyak\u00e1ra, dekolt\u00e1zs\u00e1ra. Hat\u00f3id\u0151: \u00a010-15 perc. Tipp: ha t\u00f6bb port keversz a g\u00e9lhez, akkor s\u0171r\u0171bb massz\u00e1t kapsz, aminek a nyom\u00f3 hat\u00e1sa fokozottabb. Minden b\u0151rt\u00edpusra aj\u00e1nlott, k\u00fcl\u00f6n\u00f6sen seborrhe\u00e1s b\u0151rre.","og_url":"https:\/\/staging.cremiacosmetics.com\/osszes-termek\/mixit-gel-base-200ml\/","og_site_name":"Cremia Cosmetics","article_publisher":"https:\/\/www.facebook.com\/cremiacosmetics","article_modified_time":"2025-03-11T08:36:14+00:00","og_image":[{"width":800,"height":800,"url":"https:\/\/staging.cremiacosmetics.com\/wp-content\/uploads\/2024\/02\/Cremia_Professional_Mixit-Gel-Base_800.jpg","type":"image\/jpeg"}],"twitter_card":"summary_large_image","twitter_misc":{"Price":"","Availability":"In stock"},"schema":{"@context":"https:\/\/schema.org","@graph":[{"@type":"WebPage","@id":"https:\/\/staging.cremiacosmetics.com\/osszes-termek\/mixit-gel-base-200ml\/","url":"https:\/\/staging.cremiacosmetics.com\/osszes-termek\/mixit-gel-base-200ml\/","name":"Mixit Gel Base Professional 200ml vir\u00e1gvizes g\u00e9lpakol\u00e1s alap - Cremia Cosmetics","isPartOf":{"@id":"https:\/\/staging.cremiacosmetics.com\/#website"},"primaryImageOfPage":{"@id":"https:\/\/staging.cremiacosmetics.com\/osszes-termek\/mixit-gel-base-200ml\/#primaryimage"},"image":{"@id":"https:\/\/staging.cremiacosmetics.com\/osszes-termek\/mixit-gel-base-200ml\/#primaryimage"},"thumbnailUrl":"https:\/\/staging.cremiacosmetics.com\/wp-content\/uploads\/2024\/02\/Cremia_Professional_Mixit-Gel-Base_800.jpg","datePublished":"2022-11-04T15:49:56+00:00","dateModified":"2025-03-11T08:36:14+00:00","breadcrumb":{"@id":"https:\/\/staging.cremiacosmetics.com\/osszes-termek\/mixit-gel-base-200ml\/#breadcrumb"},"inLanguage":"en-US","potentialAction":[{"@type":"ReadAction","target":["https:\/\/staging.cremiacosmetics.com\/osszes-termek\/mixit-gel-base-200ml\/"]}]},{"@type":"ImageObject","inLanguage":"en-US","@id":"https:\/\/staging.cremiacosmetics.com\/osszes-termek\/mixit-gel-base-200ml\/#primaryimage","url":"https:\/\/staging.cremiacosmetics.com\/wp-content\/uploads\/2024\/02\/Cremia_Professional_Mixit-Gel-Base_800.jpg","contentUrl":"https:\/\/staging.cremiacosmetics.com\/wp-content\/uploads\/2024\/02\/Cremia_Professional_Mixit-Gel-Base_800.jpg","width":800,"height":800,"caption":"Mixit Base pakol\u00e1s alap Professional 200ml"},{"@type":"BreadcrumbList","@id":"https:\/\/staging.cremiacosmetics.com\/osszes-termek\/mixit-gel-base-200ml\/#breadcrumb","itemListElement":[{"@type":"ListItem","position":1,"name":"Kezd\u0151lap","item":"https:\/\/staging.cremiacosmetics.com\/"},{"@type":"ListItem","position":2,"name":"\u00d6sszes term\u00e9k","item":"https:\/\/staging.cremiacosmetics.com\/?page_id=15931"},{"@type":"ListItem","position":3,"name":"Mixit Gel Base Professional 200ml vir\u00e1gvizes g\u00e9lpakol\u00e1s alap"}]},{"@type":"WebSite","@id":"https:\/\/staging.cremiacosmetics.com\/#website","url":"https:\/\/staging.cremiacosmetics.com\/","name":"Cremia Cosmetics","description":"Nature-powered beauty","publisher":{"@id":"https:\/\/staging.cremiacosmetics.com\/#organization"},"potentialAction":[{"@type":"SearchAction","target":{"@type":"EntryPoint","urlTemplate":"https:\/\/staging.cremiacosmetics.com\/?s={search_term_string}"},"query-input":{"@type":"PropertyValueSpecification","valueRequired":true,"valueName":"search_term_string"}}],"inLanguage":"en-US"},{"@type":"Organization","@id":"https:\/\/staging.cremiacosmetics.com\/#organization","name":"Cremia Cosmetics","url":"https:\/\/staging.cremiacosmetics.com\/","logo":{"@type":"ImageObject","inLanguage":"en-US","@id":"https:\/\/staging.cremiacosmetics.com\/#\/schema\/logo\/image\/","url":"https:\/\/staging.cremiacosmetics.com\/wp-content\/uploads\/2024\/03\/Cremia-logo-15x15mm.svg","contentUrl":"https:\/\/staging.cremiacosmetics.com\/wp-content\/uploads\/2024\/03\/Cremia-logo-15x15mm.svg","width":42,"height":42,"caption":"Cremia Cosmetics"},"image":{"@id":"https:\/\/staging.cremiacosmetics.com\/#\/schema\/logo\/image\/"},"sameAs":["https:\/\/www.facebook.com\/cremiacosmetics","https:\/\/www.instagram.com\/cremiacosmetics\/"]}]},"product_price_currency":"HUF","og_availability":"instock","product_availability":"instock","product_retailer_item_id":"C-MGBP-HU-200","product_condition":"new"},"_links":{"self":[{"href":"https:\/\/staging.cremiacosmetics.com\/index.php?rest_route=\/wp\/v2\/product\/28630","targetHints":{"allow":["GET"]}}],"collection":[{"href":"https:\/\/staging.cremiacosmetics.com\/index.php?rest_route=\/wp\/v2\/product"}],"about":[{"href":"https:\/\/staging.cremiacosmetics.com\/index.php?rest_route=\/wp\/v2\/types\/product"}],"replies":[{"embeddable":true,"href":"https:\/\/staging.cremiacosmetics.com\/index.php?rest_route=%2Fwp%2Fv2%2Fcomments&post=28630"}],"version-history":[{"count":1,"href":"https:\/\/staging.cremiacosmetics.com\/index.php?rest_route=\/wp\/v2\/product\/28630\/revisions"}],"predecessor-version":[{"id":33581,"href":"https:\/\/staging.cremiacosmetics.com\/index.php?rest_route=\/wp\/v2\/product\/28630\/revisions\/33581"}],"wp:featuredmedia":[{"embeddable":true,"href":"https:\/\/staging.cremiacosmetics.com\/index.php?rest_route=\/wp\/v2\/media\/32371"}],"wp:attachment":[{"href":"https:\/\/staging.cremiacosmetics.com\/index.php?rest_route=%2Fwp%2Fv2%2Fmedia&parent=28630"}],"wp:term":[{"taxonomy":"product_brand","embeddable":true,"href":"https:\/\/staging.cremiacosmetics.com\/index.php?rest_route=%2Fwp%2Fv2%2Fproduct_brand&post=28630"},{"taxonomy":"product_cat","embeddable":true,"href":"https:\/\/staging.cremiacosmetics.com\/index.php?rest_route=%2Fwp%2Fv2%2Fproduct_cat&post=28630"},{"taxonomy":"product_tag","embeddable":true,"href":"https:\/\/staging.cremiacosmetics.com\/index.php?rest_route=%2Fwp%2Fv2%2Fproduct_tag&post=28630"}],"curies":[{"name":"wp","href":"https:\/\/api.w.org\/{rel}","templated":true}]}}