{"id":28625,"date":"2022-11-04T16:25:26","date_gmt":"2022-11-04T15:25:26","guid":{"rendered":"https:\/\/cremiocosmetics.com\/?post_type=product&#038;p=28625"},"modified":"2025-03-11T09:36:11","modified_gmt":"2025-03-11T08:36:11","slug":"black-mask-krempeeling-200ml","status":"publish","type":"product","link":"https:\/\/staging.cremiacosmetics.com\/?product=black-mask-krempeeling-200ml","title":{"rendered":"Black Mask akt\u00edv szenes kr\u00e9mpeeling Professional 200ml"},"content":{"rendered":"<p>\u00d6sszet\u00e9tel:Aqua, Macadamia seed oil, Glycerin, Argan oil, Cetearyl Olivate, Sorbitan Olivate, Cetylacohol, Prunus Armeniaca Kernel oil, Urea, Charcoal powder, Phenoxyethanol, Ethylhexylglycerin, Citrus reticulata peel oil, limonene<\/p>\n","protected":false},"excerpt":{"rendered":"<p>Mechanikai kr\u00e9mpeeling, mely akt\u00edv szenet, hidrat\u00e1l\u00f3 glicerint \u00e9s ure\u00e1t tartalmaz. M\u00edg az akt\u00edv sz\u00e9n mag\u00e1hoz k\u00f6ti a szennyez\u0151d\u00e9seket, a hidrat\u00e1l\u00f3 kr\u00e9m alapj\u00e1t k\u00e9pz\u0151 s\u00e1rgabarackmag olaj \u00e9s a makad\u00e1miadi\u00f3 olaj puh\u00edtj\u00e1k a b\u0151rt. Enyhe mandarin illattal. K\u00f6nnyen lemoshat\u00f3 kr\u00e9m, amely a gyeng\u00e9d peelinget az akt\u00edv sz\u00e9m finom szemcs\u00e9inek k\u00f6sz\u00f6nheti. Figyelem! Az akt\u00edv sz\u00e9n feket\u00e9re sz\u00ednezheti a text\u00edli\u00e1t. Aj\u00e1nlott s\u00f6t\u00e9t lemos\u00f3 keszt\u00ed\u0171 \u00e9s fejp\u00e1nt haszn\u00e1lata.<\/p>\n<p>Alkalmaz\u00e1sa: Vig\u00e9l fel egy spatul\u00e1nyi kr\u00e9met ecsettel az arcra, hagyd hatni 4-5 percig, majd lehet\u0151s\u00e9g szerint s\u00f6t\u00e9t lemos\u00f3 keszty\u0171vel, langyos v\u00edzzel mosd le.<\/p>\n<p>Elegend\u0151: kb. 100 kezel\u00e9sre<\/p>\n","protected":false},"featured_media":0,"comment_status":"open","ping_status":"closed","template":"","meta":[],"product_brand":[],"product_cat":[868,887],"product_tag":[],"class_list":{"0":"post-28625","1":"product","2":"type-product","3":"status-publish","5":"product_cat-letisztitas","6":"product_cat-professional","8":"first","9":"instock","10":"taxable","11":"shipping-taxable","12":"product-type-simple"},"bundled_by":[],"bundle_stock_status":"instock","bundle_stock_quantity":null,"bundle_virtual":false,"bundle_layout":"","bundle_add_to_cart_form_location":"","bundle_editable_in_cart":false,"bundle_sold_individually_context":"","bundle_item_grouping":"","bundle_min_size":"","bundle_max_size":"","bundle_price":[],"bundled_items":[],"bundle_sell_ids":[],"yoast_head":"<!-- This site is optimized with the Yoast SEO Premium plugin v24.9 (Yoast SEO v24.9) - https:\/\/yoast.com\/wordpress\/plugins\/seo\/ -->\n<title>Black Mask akt\u00edv szenes kr\u00e9mpeeling Professional 200ml - Cremia Cosmetics<\/title>\n<meta name=\"robots\" content=\"index, follow, max-snippet:-1, max-image-preview:large, max-video-preview:-1\" \/>\n<link rel=\"canonical\" href=\"https:\/\/staging.cremiacosmetics.com\/osszes-termek\/black-mask-krempeeling-200ml\/\" \/>\n<meta property=\"og:locale\" content=\"en_US\" \/>\n<meta property=\"og:type\" content=\"article\" \/>\n<meta property=\"og:title\" content=\"Black Mask akt\u00edv szenes kr\u00e9mpeeling Professional 200ml\" \/>\n<meta property=\"og:description\" content=\"Mechanikai kr\u00e9mpeeling, mely akt\u00edv szenet, hidrat\u00e1l\u00f3 glicerint \u00e9s ure\u00e1t tartalmaz. M\u00edg az akt\u00edv sz\u00e9n mag\u00e1hoz k\u00f6ti a szennyez\u0151d\u00e9seket, a hidrat\u00e1l\u00f3 kr\u00e9m alapj\u00e1t k\u00e9pz\u0151 s\u00e1rgabarackmag olaj \u00e9s a makad\u00e1miadi\u00f3 olaj puh\u00edtj\u00e1k a b\u0151rt. Enyhe mandarin illattal. K\u00f6nnyen lemoshat\u00f3 kr\u00e9m, amely a gyeng\u00e9d peelinget az akt\u00edv sz\u00e9m finom szemcs\u00e9inek k\u00f6sz\u00f6nheti. Figyelem! Az akt\u00edv sz\u00e9n feket\u00e9re sz\u00ednezheti a text\u00edli\u00e1t. Aj\u00e1nlott s\u00f6t\u00e9t lemos\u00f3 keszt\u00ed\u0171 \u00e9s fejp\u00e1nt haszn\u00e1lata.  Alkalmaz\u00e1sa: Vig\u00e9l fel egy spatul\u00e1nyi kr\u00e9met ecsettel az arcra, hagyd hatni 4-5 percig, majd lehet\u0151s\u00e9g szerint s\u00f6t\u00e9t lemos\u00f3 keszty\u0171vel, langyos v\u00edzzel mosd le.  Elegend\u0151: kb. 100 kezel\u00e9sre\" \/>\n<meta property=\"og:url\" content=\"https:\/\/staging.cremiacosmetics.com\/osszes-termek\/black-mask-krempeeling-200ml\/\" \/>\n<meta property=\"og:site_name\" content=\"Cremia Cosmetics\" \/>\n<meta property=\"article:publisher\" content=\"https:\/\/www.facebook.com\/cremiacosmetics\" \/>\n<meta property=\"article:modified_time\" content=\"2025-03-11T08:36:11+00:00\" \/>\n<meta name=\"twitter:card\" content=\"summary_large_image\" \/>\n<meta name=\"twitter:label1\" content=\"Price\" \/>\n\t<meta name=\"twitter:data1\" content=\"\" \/>\n\t<meta name=\"twitter:label2\" content=\"Availability\" \/>\n\t<meta name=\"twitter:data2\" content=\"In stock\" \/>\n<script type=\"application\/ld+json\" class=\"yoast-schema-graph\">{\"@context\":\"https:\/\/schema.org\",\"@graph\":[{\"@type\":\"WebPage\",\"@id\":\"https:\/\/staging.cremiacosmetics.com\/osszes-termek\/black-mask-krempeeling-200ml\/\",\"url\":\"https:\/\/staging.cremiacosmetics.com\/osszes-termek\/black-mask-krempeeling-200ml\/\",\"name\":\"Black Mask akt\u00edv szenes kr\u00e9mpeeling Professional 200ml - Cremia Cosmetics\",\"isPartOf\":{\"@id\":\"https:\/\/staging.cremiacosmetics.com\/#website\"},\"datePublished\":\"2022-11-04T15:25:26+00:00\",\"dateModified\":\"2025-03-11T08:36:11+00:00\",\"breadcrumb\":{\"@id\":\"https:\/\/staging.cremiacosmetics.com\/osszes-termek\/black-mask-krempeeling-200ml\/#breadcrumb\"},\"inLanguage\":\"en-US\",\"potentialAction\":[{\"@type\":\"ReadAction\",\"target\":[\"https:\/\/staging.cremiacosmetics.com\/osszes-termek\/black-mask-krempeeling-200ml\/\"]}]},{\"@type\":\"BreadcrumbList\",\"@id\":\"https:\/\/staging.cremiacosmetics.com\/osszes-termek\/black-mask-krempeeling-200ml\/#breadcrumb\",\"itemListElement\":[{\"@type\":\"ListItem\",\"position\":1,\"name\":\"Kezd\u0151lap\",\"item\":\"https:\/\/staging.cremiacosmetics.com\/\"},{\"@type\":\"ListItem\",\"position\":2,\"name\":\"\u00d6sszes term\u00e9k\",\"item\":\"https:\/\/staging.cremiacosmetics.com\/?page_id=15931\"},{\"@type\":\"ListItem\",\"position\":3,\"name\":\"Black Mask akt\u00edv szenes kr\u00e9mpeeling Professional 200ml\"}]},{\"@type\":\"WebSite\",\"@id\":\"https:\/\/staging.cremiacosmetics.com\/#website\",\"url\":\"https:\/\/staging.cremiacosmetics.com\/\",\"name\":\"Cremia Cosmetics\",\"description\":\"Nature-powered beauty\",\"publisher\":{\"@id\":\"https:\/\/staging.cremiacosmetics.com\/#organization\"},\"potentialAction\":[{\"@type\":\"SearchAction\",\"target\":{\"@type\":\"EntryPoint\",\"urlTemplate\":\"https:\/\/staging.cremiacosmetics.com\/?s={search_term_string}\"},\"query-input\":{\"@type\":\"PropertyValueSpecification\",\"valueRequired\":true,\"valueName\":\"search_term_string\"}}],\"inLanguage\":\"en-US\"},{\"@type\":\"Organization\",\"@id\":\"https:\/\/staging.cremiacosmetics.com\/#organization\",\"name\":\"Cremia Cosmetics\",\"url\":\"https:\/\/staging.cremiacosmetics.com\/\",\"logo\":{\"@type\":\"ImageObject\",\"inLanguage\":\"en-US\",\"@id\":\"https:\/\/staging.cremiacosmetics.com\/#\/schema\/logo\/image\/\",\"url\":\"https:\/\/staging.cremiacosmetics.com\/wp-content\/uploads\/2024\/03\/Cremia-logo-15x15mm.svg\",\"contentUrl\":\"https:\/\/staging.cremiacosmetics.com\/wp-content\/uploads\/2024\/03\/Cremia-logo-15x15mm.svg\",\"width\":42,\"height\":42,\"caption\":\"Cremia Cosmetics\"},\"image\":{\"@id\":\"https:\/\/staging.cremiacosmetics.com\/#\/schema\/logo\/image\/\"},\"sameAs\":[\"https:\/\/www.facebook.com\/cremiacosmetics\",\"https:\/\/www.instagram.com\/cremiacosmetics\/\"]}]}<\/script>\n<meta property=\"product:price:amount\" content=\"0\" \/>\n<meta property=\"product:price:currency\" content=\"HUF\" \/>\n<meta property=\"og:availability\" content=\"instock\" \/>\n<meta property=\"product:availability\" content=\"instock\" \/>\n<meta property=\"product:retailer_item_id\" content=\"C-BMP-HU-200\" \/>\n<meta property=\"product:condition\" content=\"new\" \/>\n<!-- \/ Yoast SEO Premium plugin. -->","yoast_head_json":{"title":"Black Mask akt\u00edv szenes kr\u00e9mpeeling Professional 200ml - Cremia Cosmetics","robots":{"index":"index","follow":"follow","max-snippet":"max-snippet:-1","max-image-preview":"max-image-preview:large","max-video-preview":"max-video-preview:-1"},"canonical":"https:\/\/staging.cremiacosmetics.com\/osszes-termek\/black-mask-krempeeling-200ml\/","og_locale":"en_US","og_type":"article","og_title":"Black Mask akt\u00edv szenes kr\u00e9mpeeling Professional 200ml","og_description":"Mechanikai kr\u00e9mpeeling, mely akt\u00edv szenet, hidrat\u00e1l\u00f3 glicerint \u00e9s ure\u00e1t tartalmaz. M\u00edg az akt\u00edv sz\u00e9n mag\u00e1hoz k\u00f6ti a szennyez\u0151d\u00e9seket, a hidrat\u00e1l\u00f3 kr\u00e9m alapj\u00e1t k\u00e9pz\u0151 s\u00e1rgabarackmag olaj \u00e9s a makad\u00e1miadi\u00f3 olaj puh\u00edtj\u00e1k a b\u0151rt. Enyhe mandarin illattal. K\u00f6nnyen lemoshat\u00f3 kr\u00e9m, amely a gyeng\u00e9d peelinget az akt\u00edv sz\u00e9m finom szemcs\u00e9inek k\u00f6sz\u00f6nheti. Figyelem! Az akt\u00edv sz\u00e9n feket\u00e9re sz\u00ednezheti a text\u00edli\u00e1t. Aj\u00e1nlott s\u00f6t\u00e9t lemos\u00f3 keszt\u00ed\u0171 \u00e9s fejp\u00e1nt haszn\u00e1lata.  Alkalmaz\u00e1sa: Vig\u00e9l fel egy spatul\u00e1nyi kr\u00e9met ecsettel az arcra, hagyd hatni 4-5 percig, majd lehet\u0151s\u00e9g szerint s\u00f6t\u00e9t lemos\u00f3 keszty\u0171vel, langyos v\u00edzzel mosd le.  Elegend\u0151: kb. 100 kezel\u00e9sre","og_url":"https:\/\/staging.cremiacosmetics.com\/osszes-termek\/black-mask-krempeeling-200ml\/","og_site_name":"Cremia Cosmetics","article_publisher":"https:\/\/www.facebook.com\/cremiacosmetics","article_modified_time":"2025-03-11T08:36:11+00:00","twitter_card":"summary_large_image","twitter_misc":{"Price":"","Availability":"In stock"},"schema":{"@context":"https:\/\/schema.org","@graph":[{"@type":"WebPage","@id":"https:\/\/staging.cremiacosmetics.com\/osszes-termek\/black-mask-krempeeling-200ml\/","url":"https:\/\/staging.cremiacosmetics.com\/osszes-termek\/black-mask-krempeeling-200ml\/","name":"Black Mask akt\u00edv szenes kr\u00e9mpeeling Professional 200ml - Cremia Cosmetics","isPartOf":{"@id":"https:\/\/staging.cremiacosmetics.com\/#website"},"datePublished":"2022-11-04T15:25:26+00:00","dateModified":"2025-03-11T08:36:11+00:00","breadcrumb":{"@id":"https:\/\/staging.cremiacosmetics.com\/osszes-termek\/black-mask-krempeeling-200ml\/#breadcrumb"},"inLanguage":"en-US","potentialAction":[{"@type":"ReadAction","target":["https:\/\/staging.cremiacosmetics.com\/osszes-termek\/black-mask-krempeeling-200ml\/"]}]},{"@type":"BreadcrumbList","@id":"https:\/\/staging.cremiacosmetics.com\/osszes-termek\/black-mask-krempeeling-200ml\/#breadcrumb","itemListElement":[{"@type":"ListItem","position":1,"name":"Kezd\u0151lap","item":"https:\/\/staging.cremiacosmetics.com\/"},{"@type":"ListItem","position":2,"name":"\u00d6sszes term\u00e9k","item":"https:\/\/staging.cremiacosmetics.com\/?page_id=15931"},{"@type":"ListItem","position":3,"name":"Black Mask akt\u00edv szenes kr\u00e9mpeeling Professional 200ml"}]},{"@type":"WebSite","@id":"https:\/\/staging.cremiacosmetics.com\/#website","url":"https:\/\/staging.cremiacosmetics.com\/","name":"Cremia Cosmetics","description":"Nature-powered beauty","publisher":{"@id":"https:\/\/staging.cremiacosmetics.com\/#organization"},"potentialAction":[{"@type":"SearchAction","target":{"@type":"EntryPoint","urlTemplate":"https:\/\/staging.cremiacosmetics.com\/?s={search_term_string}"},"query-input":{"@type":"PropertyValueSpecification","valueRequired":true,"valueName":"search_term_string"}}],"inLanguage":"en-US"},{"@type":"Organization","@id":"https:\/\/staging.cremiacosmetics.com\/#organization","name":"Cremia Cosmetics","url":"https:\/\/staging.cremiacosmetics.com\/","logo":{"@type":"ImageObject","inLanguage":"en-US","@id":"https:\/\/staging.cremiacosmetics.com\/#\/schema\/logo\/image\/","url":"https:\/\/staging.cremiacosmetics.com\/wp-content\/uploads\/2024\/03\/Cremia-logo-15x15mm.svg","contentUrl":"https:\/\/staging.cremiacosmetics.com\/wp-content\/uploads\/2024\/03\/Cremia-logo-15x15mm.svg","width":42,"height":42,"caption":"Cremia Cosmetics"},"image":{"@id":"https:\/\/staging.cremiacosmetics.com\/#\/schema\/logo\/image\/"},"sameAs":["https:\/\/www.facebook.com\/cremiacosmetics","https:\/\/www.instagram.com\/cremiacosmetics\/"]}]},"product_price_currency":"HUF","og_availability":"instock","product_availability":"instock","product_retailer_item_id":"C-BMP-HU-200","product_condition":"new"},"_links":{"self":[{"href":"https:\/\/staging.cremiacosmetics.com\/index.php?rest_route=\/wp\/v2\/product\/28625","targetHints":{"allow":["GET"]}}],"collection":[{"href":"https:\/\/staging.cremiacosmetics.com\/index.php?rest_route=\/wp\/v2\/product"}],"about":[{"href":"https:\/\/staging.cremiacosmetics.com\/index.php?rest_route=\/wp\/v2\/types\/product"}],"replies":[{"embeddable":true,"href":"https:\/\/staging.cremiacosmetics.com\/index.php?rest_route=%2Fwp%2Fv2%2Fcomments&post=28625"}],"version-history":[{"count":1,"href":"https:\/\/staging.cremiacosmetics.com\/index.php?rest_route=\/wp\/v2\/product\/28625\/revisions"}],"predecessor-version":[{"id":36520,"href":"https:\/\/staging.cremiacosmetics.com\/index.php?rest_route=\/wp\/v2\/product\/28625\/revisions\/36520"}],"wp:attachment":[{"href":"https:\/\/staging.cremiacosmetics.com\/index.php?rest_route=%2Fwp%2Fv2%2Fmedia&parent=28625"}],"wp:term":[{"taxonomy":"product_brand","embeddable":true,"href":"https:\/\/staging.cremiacosmetics.com\/index.php?rest_route=%2Fwp%2Fv2%2Fproduct_brand&post=28625"},{"taxonomy":"product_cat","embeddable":true,"href":"https:\/\/staging.cremiacosmetics.com\/index.php?rest_route=%2Fwp%2Fv2%2Fproduct_cat&post=28625"},{"taxonomy":"product_tag","embeddable":true,"href":"https:\/\/staging.cremiacosmetics.com\/index.php?rest_route=%2Fwp%2Fv2%2Fproduct_tag&post=28625"}],"curies":[{"name":"wp","href":"https:\/\/api.w.org\/{rel}","templated":true}]}}