{"id":28621,"date":"2022-11-04T16:00:37","date_gmt":"2022-11-04T15:00:37","guid":{"rendered":"https:\/\/cremiocosmetics.com\/?post_type=product&#038;p=28621"},"modified":"2025-03-11T09:36:01","modified_gmt":"2025-03-11T08:36:01","slug":"papaya-peeling-gel","status":"publish","type":"product","link":"https:\/\/staging.cremiacosmetics.com\/?product=papaya-peeling-gel","title":{"rendered":"Papaya Peeling G\u00e9l Professional 100ml"},"content":{"rendered":"<p>\u00d6sszet\u00e9tel: Aqua, Rosa Damascena flower water, Carica Papaya Fruit Extract, Glycerin, Phenoxyethanol, Ethylhexyglycerin, Sodium Hyaluronate, Phenethyl Alcohol and Glyceril caprylate<\/p>\n<p>CPNP Reference: 4089347<\/p>\n","protected":false},"excerpt":{"rendered":"<p>A friss papaya gy\u00fcm\u00f6lcs kivonat\u00e1t tartalmaz\u00f3 hyaluronos enzim peeling g\u00e9l, mely antioxid\u00e1nsokban, gy\u00fcm\u00f6lcssavakban \u00e9s feh\u00e9rjebont\u00f3 papain enzimben, valamint hidrat\u00e1l\u00f3 hialuronsavban gazdag.<\/p>\n<p>C\u00e9lja: K\u00edm\u00e9letes biol\u00f3giai peeling<\/p>\n<p>Alkalmaz\u00e1sa: A megtiszt\u00edtott b\u0151rre ecsettel vigy\u00e9l fel 1-2 pump\u00e1l\u00e1snyi g\u00e9lt \u00e9s oszlasd el a b\u0151r\u00f6n. 4-5 percig hagyd hatni, majd vizes k\u00e9zzel sim\u00edt\u00f3 mozdulatokkal r\u00f6vid ideig massz\u00edrozd be, majd mosd le langyos v\u00edzzel.<\/p>\n<p>Elegend\u0151 kb.50 kezel\u00e9sre<\/p>\n","protected":false},"featured_media":32378,"comment_status":"open","ping_status":"closed","template":"","meta":[],"product_brand":[],"product_cat":[1183,870,887],"product_tag":[],"class_list":{"0":"post-28621","1":"product","2":"type-product","3":"status-publish","4":"has-post-thumbnail","6":"product_cat-brazil-lifting-masszazs","7":"product_cat-peeling","8":"product_cat-professional","10":"first","11":"instock","12":"taxable","13":"shipping-taxable","14":"product-type-simple"},"bundled_by":[],"bundle_stock_status":"instock","bundle_stock_quantity":null,"bundle_virtual":false,"bundle_layout":"","bundle_add_to_cart_form_location":"","bundle_editable_in_cart":false,"bundle_sold_individually_context":"","bundle_item_grouping":"","bundle_min_size":"","bundle_max_size":"","bundle_price":[],"bundled_items":[],"bundle_sell_ids":[],"yoast_head":"<!-- This site is optimized with the Yoast SEO Premium plugin v24.9 (Yoast SEO v24.9) - https:\/\/yoast.com\/wordpress\/plugins\/seo\/ -->\n<title>Papaya Peeling G\u00e9l Professional 100ml - Cremia Cosmetics<\/title>\n<meta name=\"robots\" content=\"index, follow, max-snippet:-1, max-image-preview:large, max-video-preview:-1\" \/>\n<link rel=\"canonical\" href=\"https:\/\/staging.cremiacosmetics.com\/osszes-termek\/papaya-peeling-gel\/\" \/>\n<meta property=\"og:locale\" content=\"en_US\" \/>\n<meta property=\"og:type\" content=\"article\" \/>\n<meta property=\"og:title\" content=\"Papaya Peeling G\u00e9l Professional 100ml\" \/>\n<meta property=\"og:description\" content=\"A friss papaya gy\u00fcm\u00f6lcs kivonat\u00e1t tartalmaz\u00f3 hyaluronos enzim peeling g\u00e9l, mely antioxid\u00e1nsokban, gy\u00fcm\u00f6lcssavakban \u00e9s feh\u00e9rjebont\u00f3 papain enzimben, valamint hidrat\u00e1l\u00f3 hialuronsavban gazdag.  C\u00e9lja: K\u00edm\u00e9letes biol\u00f3giai peeling  Alkalmaz\u00e1sa: A megtiszt\u00edtott b\u0151rre ecsettel vigy\u00e9l fel 1-2 pump\u00e1l\u00e1snyi g\u00e9lt \u00e9s oszlasd el a b\u0151r\u00f6n. 4-5 percig hagyd hatni, majd vizes k\u00e9zzel sim\u00edt\u00f3 mozdulatokkal r\u00f6vid ideig massz\u00edrozd be, majd mosd le langyos v\u00edzzel.  Elegend\u0151 kb.50 kezel\u00e9sre\" \/>\n<meta property=\"og:url\" content=\"https:\/\/staging.cremiacosmetics.com\/osszes-termek\/papaya-peeling-gel\/\" \/>\n<meta property=\"og:site_name\" content=\"Cremia Cosmetics\" \/>\n<meta property=\"article:publisher\" content=\"https:\/\/www.facebook.com\/cremiacosmetics\" \/>\n<meta property=\"article:modified_time\" content=\"2025-03-11T08:36:01+00:00\" \/>\n<meta property=\"og:image\" content=\"https:\/\/staging.cremiacosmetics.com\/wp-content\/uploads\/2024\/02\/Cremia_Professional_Papaya-peeling-gel_800.jpg\" \/>\n\t<meta property=\"og:image:width\" content=\"800\" \/>\n\t<meta property=\"og:image:height\" content=\"800\" \/>\n\t<meta property=\"og:image:type\" content=\"image\/jpeg\" \/>\n<meta name=\"twitter:card\" content=\"summary_large_image\" \/>\n<meta name=\"twitter:label1\" content=\"Price\" \/>\n\t<meta name=\"twitter:data1\" content=\"\" \/>\n\t<meta name=\"twitter:label2\" content=\"Availability\" \/>\n\t<meta name=\"twitter:data2\" content=\"In stock\" \/>\n<script type=\"application\/ld+json\" class=\"yoast-schema-graph\">{\"@context\":\"https:\/\/schema.org\",\"@graph\":[{\"@type\":\"WebPage\",\"@id\":\"https:\/\/staging.cremiacosmetics.com\/osszes-termek\/papaya-peeling-gel\/\",\"url\":\"https:\/\/staging.cremiacosmetics.com\/osszes-termek\/papaya-peeling-gel\/\",\"name\":\"Papaya Peeling G\u00e9l Professional 100ml - Cremia Cosmetics\",\"isPartOf\":{\"@id\":\"https:\/\/staging.cremiacosmetics.com\/#website\"},\"primaryImageOfPage\":{\"@id\":\"https:\/\/staging.cremiacosmetics.com\/osszes-termek\/papaya-peeling-gel\/#primaryimage\"},\"image\":{\"@id\":\"https:\/\/staging.cremiacosmetics.com\/osszes-termek\/papaya-peeling-gel\/#primaryimage\"},\"thumbnailUrl\":\"https:\/\/staging.cremiacosmetics.com\/wp-content\/uploads\/2024\/02\/Cremia_Professional_Papaya-peeling-gel_800.jpg\",\"datePublished\":\"2022-11-04T15:00:37+00:00\",\"dateModified\":\"2025-03-11T08:36:01+00:00\",\"breadcrumb\":{\"@id\":\"https:\/\/staging.cremiacosmetics.com\/osszes-termek\/papaya-peeling-gel\/#breadcrumb\"},\"inLanguage\":\"en-US\",\"potentialAction\":[{\"@type\":\"ReadAction\",\"target\":[\"https:\/\/staging.cremiacosmetics.com\/osszes-termek\/papaya-peeling-gel\/\"]}]},{\"@type\":\"ImageObject\",\"inLanguage\":\"en-US\",\"@id\":\"https:\/\/staging.cremiacosmetics.com\/osszes-termek\/papaya-peeling-gel\/#primaryimage\",\"url\":\"https:\/\/staging.cremiacosmetics.com\/wp-content\/uploads\/2024\/02\/Cremia_Professional_Papaya-peeling-gel_800.jpg\",\"contentUrl\":\"https:\/\/staging.cremiacosmetics.com\/wp-content\/uploads\/2024\/02\/Cremia_Professional_Papaya-peeling-gel_800.jpg\",\"width\":800,\"height\":800,\"caption\":\"Papaya Peeling G\u00e9l Professional 100ml\"},{\"@type\":\"BreadcrumbList\",\"@id\":\"https:\/\/staging.cremiacosmetics.com\/osszes-termek\/papaya-peeling-gel\/#breadcrumb\",\"itemListElement\":[{\"@type\":\"ListItem\",\"position\":1,\"name\":\"Kezd\u0151lap\",\"item\":\"https:\/\/staging.cremiacosmetics.com\/\"},{\"@type\":\"ListItem\",\"position\":2,\"name\":\"\u00d6sszes term\u00e9k\",\"item\":\"https:\/\/staging.cremiacosmetics.com\/?page_id=15931\"},{\"@type\":\"ListItem\",\"position\":3,\"name\":\"Papaya Peeling G\u00e9l Professional 100ml\"}]},{\"@type\":\"WebSite\",\"@id\":\"https:\/\/staging.cremiacosmetics.com\/#website\",\"url\":\"https:\/\/staging.cremiacosmetics.com\/\",\"name\":\"Cremia Cosmetics\",\"description\":\"Nature-powered beauty\",\"publisher\":{\"@id\":\"https:\/\/staging.cremiacosmetics.com\/#organization\"},\"potentialAction\":[{\"@type\":\"SearchAction\",\"target\":{\"@type\":\"EntryPoint\",\"urlTemplate\":\"https:\/\/staging.cremiacosmetics.com\/?s={search_term_string}\"},\"query-input\":{\"@type\":\"PropertyValueSpecification\",\"valueRequired\":true,\"valueName\":\"search_term_string\"}}],\"inLanguage\":\"en-US\"},{\"@type\":\"Organization\",\"@id\":\"https:\/\/staging.cremiacosmetics.com\/#organization\",\"name\":\"Cremia Cosmetics\",\"url\":\"https:\/\/staging.cremiacosmetics.com\/\",\"logo\":{\"@type\":\"ImageObject\",\"inLanguage\":\"en-US\",\"@id\":\"https:\/\/staging.cremiacosmetics.com\/#\/schema\/logo\/image\/\",\"url\":\"https:\/\/staging.cremiacosmetics.com\/wp-content\/uploads\/2024\/03\/Cremia-logo-15x15mm.svg\",\"contentUrl\":\"https:\/\/staging.cremiacosmetics.com\/wp-content\/uploads\/2024\/03\/Cremia-logo-15x15mm.svg\",\"width\":42,\"height\":42,\"caption\":\"Cremia Cosmetics\"},\"image\":{\"@id\":\"https:\/\/staging.cremiacosmetics.com\/#\/schema\/logo\/image\/\"},\"sameAs\":[\"https:\/\/www.facebook.com\/cremiacosmetics\",\"https:\/\/www.instagram.com\/cremiacosmetics\/\"]}]}<\/script>\n<meta property=\"product:price:amount\" content=\"0\" \/>\n<meta property=\"product:price:currency\" content=\"HUF\" \/>\n<meta property=\"og:availability\" content=\"instock\" \/>\n<meta property=\"product:availability\" content=\"instock\" \/>\n<meta property=\"product:retailer_item_id\" content=\"C-PPP-HU-100\" \/>\n<meta property=\"product:condition\" content=\"new\" \/>\n<!-- \/ Yoast SEO Premium plugin. -->","yoast_head_json":{"title":"Papaya Peeling G\u00e9l Professional 100ml - Cremia Cosmetics","robots":{"index":"index","follow":"follow","max-snippet":"max-snippet:-1","max-image-preview":"max-image-preview:large","max-video-preview":"max-video-preview:-1"},"canonical":"https:\/\/staging.cremiacosmetics.com\/osszes-termek\/papaya-peeling-gel\/","og_locale":"en_US","og_type":"article","og_title":"Papaya Peeling G\u00e9l Professional 100ml","og_description":"A friss papaya gy\u00fcm\u00f6lcs kivonat\u00e1t tartalmaz\u00f3 hyaluronos enzim peeling g\u00e9l, mely antioxid\u00e1nsokban, gy\u00fcm\u00f6lcssavakban \u00e9s feh\u00e9rjebont\u00f3 papain enzimben, valamint hidrat\u00e1l\u00f3 hialuronsavban gazdag.  C\u00e9lja: K\u00edm\u00e9letes biol\u00f3giai peeling  Alkalmaz\u00e1sa: A megtiszt\u00edtott b\u0151rre ecsettel vigy\u00e9l fel 1-2 pump\u00e1l\u00e1snyi g\u00e9lt \u00e9s oszlasd el a b\u0151r\u00f6n. 4-5 percig hagyd hatni, majd vizes k\u00e9zzel sim\u00edt\u00f3 mozdulatokkal r\u00f6vid ideig massz\u00edrozd be, majd mosd le langyos v\u00edzzel.  Elegend\u0151 kb.50 kezel\u00e9sre","og_url":"https:\/\/staging.cremiacosmetics.com\/osszes-termek\/papaya-peeling-gel\/","og_site_name":"Cremia Cosmetics","article_publisher":"https:\/\/www.facebook.com\/cremiacosmetics","article_modified_time":"2025-03-11T08:36:01+00:00","og_image":[{"width":800,"height":800,"url":"https:\/\/staging.cremiacosmetics.com\/wp-content\/uploads\/2024\/02\/Cremia_Professional_Papaya-peeling-gel_800.jpg","type":"image\/jpeg"}],"twitter_card":"summary_large_image","twitter_misc":{"Price":"","Availability":"In stock"},"schema":{"@context":"https:\/\/schema.org","@graph":[{"@type":"WebPage","@id":"https:\/\/staging.cremiacosmetics.com\/osszes-termek\/papaya-peeling-gel\/","url":"https:\/\/staging.cremiacosmetics.com\/osszes-termek\/papaya-peeling-gel\/","name":"Papaya Peeling G\u00e9l Professional 100ml - Cremia Cosmetics","isPartOf":{"@id":"https:\/\/staging.cremiacosmetics.com\/#website"},"primaryImageOfPage":{"@id":"https:\/\/staging.cremiacosmetics.com\/osszes-termek\/papaya-peeling-gel\/#primaryimage"},"image":{"@id":"https:\/\/staging.cremiacosmetics.com\/osszes-termek\/papaya-peeling-gel\/#primaryimage"},"thumbnailUrl":"https:\/\/staging.cremiacosmetics.com\/wp-content\/uploads\/2024\/02\/Cremia_Professional_Papaya-peeling-gel_800.jpg","datePublished":"2022-11-04T15:00:37+00:00","dateModified":"2025-03-11T08:36:01+00:00","breadcrumb":{"@id":"https:\/\/staging.cremiacosmetics.com\/osszes-termek\/papaya-peeling-gel\/#breadcrumb"},"inLanguage":"en-US","potentialAction":[{"@type":"ReadAction","target":["https:\/\/staging.cremiacosmetics.com\/osszes-termek\/papaya-peeling-gel\/"]}]},{"@type":"ImageObject","inLanguage":"en-US","@id":"https:\/\/staging.cremiacosmetics.com\/osszes-termek\/papaya-peeling-gel\/#primaryimage","url":"https:\/\/staging.cremiacosmetics.com\/wp-content\/uploads\/2024\/02\/Cremia_Professional_Papaya-peeling-gel_800.jpg","contentUrl":"https:\/\/staging.cremiacosmetics.com\/wp-content\/uploads\/2024\/02\/Cremia_Professional_Papaya-peeling-gel_800.jpg","width":800,"height":800,"caption":"Papaya Peeling G\u00e9l Professional 100ml"},{"@type":"BreadcrumbList","@id":"https:\/\/staging.cremiacosmetics.com\/osszes-termek\/papaya-peeling-gel\/#breadcrumb","itemListElement":[{"@type":"ListItem","position":1,"name":"Kezd\u0151lap","item":"https:\/\/staging.cremiacosmetics.com\/"},{"@type":"ListItem","position":2,"name":"\u00d6sszes term\u00e9k","item":"https:\/\/staging.cremiacosmetics.com\/?page_id=15931"},{"@type":"ListItem","position":3,"name":"Papaya Peeling G\u00e9l Professional 100ml"}]},{"@type":"WebSite","@id":"https:\/\/staging.cremiacosmetics.com\/#website","url":"https:\/\/staging.cremiacosmetics.com\/","name":"Cremia Cosmetics","description":"Nature-powered beauty","publisher":{"@id":"https:\/\/staging.cremiacosmetics.com\/#organization"},"potentialAction":[{"@type":"SearchAction","target":{"@type":"EntryPoint","urlTemplate":"https:\/\/staging.cremiacosmetics.com\/?s={search_term_string}"},"query-input":{"@type":"PropertyValueSpecification","valueRequired":true,"valueName":"search_term_string"}}],"inLanguage":"en-US"},{"@type":"Organization","@id":"https:\/\/staging.cremiacosmetics.com\/#organization","name":"Cremia Cosmetics","url":"https:\/\/staging.cremiacosmetics.com\/","logo":{"@type":"ImageObject","inLanguage":"en-US","@id":"https:\/\/staging.cremiacosmetics.com\/#\/schema\/logo\/image\/","url":"https:\/\/staging.cremiacosmetics.com\/wp-content\/uploads\/2024\/03\/Cremia-logo-15x15mm.svg","contentUrl":"https:\/\/staging.cremiacosmetics.com\/wp-content\/uploads\/2024\/03\/Cremia-logo-15x15mm.svg","width":42,"height":42,"caption":"Cremia Cosmetics"},"image":{"@id":"https:\/\/staging.cremiacosmetics.com\/#\/schema\/logo\/image\/"},"sameAs":["https:\/\/www.facebook.com\/cremiacosmetics","https:\/\/www.instagram.com\/cremiacosmetics\/"]}]},"product_price_currency":"HUF","og_availability":"instock","product_availability":"instock","product_retailer_item_id":"C-PPP-HU-100","product_condition":"new"},"_links":{"self":[{"href":"https:\/\/staging.cremiacosmetics.com\/index.php?rest_route=\/wp\/v2\/product\/28621","targetHints":{"allow":["GET"]}}],"collection":[{"href":"https:\/\/staging.cremiacosmetics.com\/index.php?rest_route=\/wp\/v2\/product"}],"about":[{"href":"https:\/\/staging.cremiacosmetics.com\/index.php?rest_route=\/wp\/v2\/types\/product"}],"replies":[{"embeddable":true,"href":"https:\/\/staging.cremiacosmetics.com\/index.php?rest_route=%2Fwp%2Fv2%2Fcomments&post=28621"}],"version-history":[{"count":1,"href":"https:\/\/staging.cremiacosmetics.com\/index.php?rest_route=\/wp\/v2\/product\/28621\/revisions"}],"predecessor-version":[{"id":33589,"href":"https:\/\/staging.cremiacosmetics.com\/index.php?rest_route=\/wp\/v2\/product\/28621\/revisions\/33589"}],"wp:featuredmedia":[{"embeddable":true,"href":"https:\/\/staging.cremiacosmetics.com\/index.php?rest_route=\/wp\/v2\/media\/32378"}],"wp:attachment":[{"href":"https:\/\/staging.cremiacosmetics.com\/index.php?rest_route=%2Fwp%2Fv2%2Fmedia&parent=28621"}],"wp:term":[{"taxonomy":"product_brand","embeddable":true,"href":"https:\/\/staging.cremiacosmetics.com\/index.php?rest_route=%2Fwp%2Fv2%2Fproduct_brand&post=28621"},{"taxonomy":"product_cat","embeddable":true,"href":"https:\/\/staging.cremiacosmetics.com\/index.php?rest_route=%2Fwp%2Fv2%2Fproduct_cat&post=28621"},{"taxonomy":"product_tag","embeddable":true,"href":"https:\/\/staging.cremiacosmetics.com\/index.php?rest_route=%2Fwp%2Fv2%2Fproduct_tag&post=28621"}],"curies":[{"name":"wp","href":"https:\/\/api.w.org\/{rel}","templated":true}]}}