{"id":28519,"date":"2022-10-27T09:19:33","date_gmt":"2022-10-27T07:19:33","guid":{"rendered":"https:\/\/cremiocosmetics.com\/?post_type=product&#038;p=28519"},"modified":"2025-03-11T09:35:59","modified_gmt":"2025-03-11T08:35:59","slug":"ginkgo-tonic-150ml","status":"publish","type":"product","link":"https:\/\/staging.cremiacosmetics.com\/?product=ginkgo-tonic-150ml","title":{"rendered":"Ginkgo Tonic 150ml"},"content":{"rendered":"<p>\u00d6sszet\u00e9tel: Aqua, Rosa damascena flower water, Glycerin, Ginkgo Biloba Leaf Extract, Citrus reticulata peel oil, Phenoxyethanol, Ethylhexyglycerin, Sodium Benzoate, Potassium Sorbate, Caprylyl\/Capryl Glucoside, Aqua, Sodium Cocoyl Glutamate, Glyceryl Caprylate; Citric Acid, Polyglyceryl-6 Oleate, Sodium Surfactin, Limonene, Linalool<\/p>\n<p>CPNP Reference: 3821186<\/p>\n","protected":false},"excerpt":{"rendered":"<p>A b\u0151r p\u00f3rusaiban, a tiszt\u00edt\u00e1s ut\u00e1n m\u00e9g megmarad\u00f3 lemos\u00f3 maradv\u00e1nyok elt\u00e1vol\u00edt\u00e1sa \u00e9s a b\u0151r norm\u00e1l 5.5-\u00f6s pH \u00e9rt\u00e9k\u00e9nek vissza\u00e1ll\u00edt\u00e1sa alkalmas tonik. A Ginkgo biloba sz\u00e1mos \u00e9rt\u00e9kes \u00f6sszetev\u0151je miatt minden b\u0151rt\u00edpusra aj\u00e1nlott. Antioxid\u00e1ns- \u00e9s gyullad\u00e1scs\u00f6kkent\u0151 \u00f6sszetev\u0151inek k\u00f6sz\u00f6nhet\u0151en t\u00f3nusjav\u00edt\u00f3k\u00e9nt hat a b\u0151rre. Illat\u00e1t a v\u00f6r\u00f6smandarin gy\u00fcm\u00f6lcs h\u00e9j\u00e1b\u00f3l hidegsajtol\u00e1ssal kinyert \u00e9rt\u00e9kes ill\u00f3olaj adja.<\/p>\n<p>Alkalmaz\u00e1sa: Itassunk \u00e1t k\u00e9t vattakorongot tonikkal, majd finom, bel\u00fclr\u0151l kifel\u00e9 v\u00e9gzett sim\u00edt\u00f3 mozdulatokkal t\u00f6r\u00f6lj\u00fck \u00e1t az eg\u00e9sz arc, nyak illetve dekolt\u00e1zs ter\u00fclet\u00e9t.<\/p>\n","protected":false},"featured_media":33130,"comment_status":"open","ping_status":"closed","template":"","meta":[],"product_brand":[],"product_cat":[296,452,1409,1163,482,651],"product_tag":[],"class_list":{"0":"post-28519","1":"product","2":"type-product","3":"status-publish","4":"has-post-thumbnail","6":"product_cat-arcapolas","7":"product_cat-arctisztitas","8":"product_cat-arctisztitas-tonizalas","9":"product_cat-lakossagi-termekek","10":"product_cat-osszes","11":"product_cat-ujdonsagok","13":"first","14":"instock","15":"taxable","16":"shipping-taxable","17":"purchasable","18":"product-type-simple"},"bundled_by":[],"bundle_stock_status":"instock","bundle_stock_quantity":null,"bundle_virtual":false,"bundle_layout":"","bundle_add_to_cart_form_location":"","bundle_editable_in_cart":false,"bundle_sold_individually_context":"","bundle_item_grouping":"","bundle_min_size":"","bundle_max_size":"","bundle_price":[],"bundled_items":[],"bundle_sell_ids":[],"yoast_head":"<!-- This site is optimized with the Yoast SEO Premium plugin v24.9 (Yoast SEO v24.9) - https:\/\/yoast.com\/wordpress\/plugins\/seo\/ -->\n<title>Ginkgo Tonic 150ml - Cremia Cosmetics<\/title>\n<meta name=\"robots\" content=\"index, follow, max-snippet:-1, max-image-preview:large, max-video-preview:-1\" \/>\n<link rel=\"canonical\" href=\"https:\/\/staging.cremiacosmetics.com\/osszes-termek\/ginkgo-tonic-150ml\/\" \/>\n<meta property=\"og:locale\" content=\"en_US\" \/>\n<meta property=\"og:type\" content=\"article\" \/>\n<meta property=\"og:title\" content=\"Ginkgo Tonic 150ml\" \/>\n<meta property=\"og:description\" content=\"A b\u0151r p\u00f3rusaiban, a tiszt\u00edt\u00e1s ut\u00e1n m\u00e9g megmarad\u00f3 lemos\u00f3 maradv\u00e1nyok elt\u00e1vol\u00edt\u00e1sa \u00e9s a b\u0151r norm\u00e1l 5.5-\u00f6s pH \u00e9rt\u00e9k\u00e9nek vissza\u00e1ll\u00edt\u00e1sa alkalmas tonik. A Ginkgo biloba sz\u00e1mos \u00e9rt\u00e9kes \u00f6sszetev\u0151je miatt minden b\u0151rt\u00edpusra aj\u00e1nlott. Antioxid\u00e1ns- \u00e9s gyullad\u00e1scs\u00f6kkent\u0151 \u00f6sszetev\u0151inek k\u00f6sz\u00f6nhet\u0151en t\u00f3nusjav\u00edt\u00f3k\u00e9nt hat a b\u0151rre. Illat\u00e1t a v\u00f6r\u00f6smandarin gy\u00fcm\u00f6lcs h\u00e9j\u00e1b\u00f3l hidegsajtol\u00e1ssal kinyert \u00e9rt\u00e9kes ill\u00f3olaj adja.  Alkalmaz\u00e1sa: Itassunk \u00e1t k\u00e9t vattakorongot tonikkal, majd finom, bel\u00fclr\u0151l kifel\u00e9 v\u00e9gzett sim\u00edt\u00f3 mozdulatokkal t\u00f6r\u00f6lj\u00fck \u00e1t az eg\u00e9sz arc, nyak illetve dekolt\u00e1zs ter\u00fclet\u00e9t.\" \/>\n<meta property=\"og:url\" content=\"https:\/\/staging.cremiacosmetics.com\/osszes-termek\/ginkgo-tonic-150ml\/\" \/>\n<meta property=\"og:site_name\" content=\"Cremia Cosmetics\" \/>\n<meta property=\"article:publisher\" content=\"https:\/\/www.facebook.com\/cremiacosmetics\" \/>\n<meta property=\"article:modified_time\" content=\"2025-03-11T08:35:59+00:00\" \/>\n<meta property=\"og:image\" content=\"https:\/\/staging.cremiacosmetics.com\/wp-content\/uploads\/2024\/03\/Cremia_Ginkgo-Tonic_800.jpg\" \/>\n\t<meta property=\"og:image:width\" content=\"800\" \/>\n\t<meta property=\"og:image:height\" content=\"800\" \/>\n\t<meta property=\"og:image:type\" content=\"image\/jpeg\" \/>\n<meta name=\"twitter:card\" content=\"summary_large_image\" \/>\n<meta name=\"twitter:label1\" content=\"Price\" \/>\n\t<meta name=\"twitter:data1\" content=\"8 790&nbsp;&#070;&#116;\" \/>\n\t<meta name=\"twitter:label2\" content=\"Availability\" \/>\n\t<meta name=\"twitter:data2\" content=\"In stock\" \/>\n<script type=\"application\/ld+json\" class=\"yoast-schema-graph\">{\"@context\":\"https:\/\/schema.org\",\"@graph\":[{\"@type\":\"WebPage\",\"@id\":\"https:\/\/staging.cremiacosmetics.com\/osszes-termek\/ginkgo-tonic-150ml\/\",\"url\":\"https:\/\/staging.cremiacosmetics.com\/osszes-termek\/ginkgo-tonic-150ml\/\",\"name\":\"Ginkgo Tonic 150ml - Cremia Cosmetics\",\"isPartOf\":{\"@id\":\"https:\/\/staging.cremiacosmetics.com\/#website\"},\"primaryImageOfPage\":{\"@id\":\"https:\/\/staging.cremiacosmetics.com\/osszes-termek\/ginkgo-tonic-150ml\/#primaryimage\"},\"image\":{\"@id\":\"https:\/\/staging.cremiacosmetics.com\/osszes-termek\/ginkgo-tonic-150ml\/#primaryimage\"},\"thumbnailUrl\":\"https:\/\/staging.cremiacosmetics.com\/wp-content\/uploads\/2024\/03\/Cremia_Ginkgo-Tonic_800.jpg\",\"datePublished\":\"2022-10-27T07:19:33+00:00\",\"dateModified\":\"2025-03-11T08:35:59+00:00\",\"breadcrumb\":{\"@id\":\"https:\/\/staging.cremiacosmetics.com\/osszes-termek\/ginkgo-tonic-150ml\/#breadcrumb\"},\"inLanguage\":\"en-US\",\"potentialAction\":[{\"@type\":\"ReadAction\",\"target\":[\"https:\/\/staging.cremiacosmetics.com\/osszes-termek\/ginkgo-tonic-150ml\/\"]}]},{\"@type\":\"ImageObject\",\"inLanguage\":\"en-US\",\"@id\":\"https:\/\/staging.cremiacosmetics.com\/osszes-termek\/ginkgo-tonic-150ml\/#primaryimage\",\"url\":\"https:\/\/staging.cremiacosmetics.com\/wp-content\/uploads\/2024\/03\/Cremia_Ginkgo-Tonic_800.jpg\",\"contentUrl\":\"https:\/\/staging.cremiacosmetics.com\/wp-content\/uploads\/2024\/03\/Cremia_Ginkgo-Tonic_800.jpg\",\"width\":800,\"height\":800,\"caption\":\"Cremia Ginkgo Tonic\"},{\"@type\":\"BreadcrumbList\",\"@id\":\"https:\/\/staging.cremiacosmetics.com\/osszes-termek\/ginkgo-tonic-150ml\/#breadcrumb\",\"itemListElement\":[{\"@type\":\"ListItem\",\"position\":1,\"name\":\"Kezd\u0151lap\",\"item\":\"https:\/\/staging.cremiacosmetics.com\/\"},{\"@type\":\"ListItem\",\"position\":2,\"name\":\"\u00d6sszes term\u00e9k\",\"item\":\"https:\/\/staging.cremiacosmetics.com\/?page_id=15931\"},{\"@type\":\"ListItem\",\"position\":3,\"name\":\"Ginkgo Tonic 150ml\"}]},{\"@type\":\"WebSite\",\"@id\":\"https:\/\/staging.cremiacosmetics.com\/#website\",\"url\":\"https:\/\/staging.cremiacosmetics.com\/\",\"name\":\"Cremia Cosmetics\",\"description\":\"Nature-powered beauty\",\"publisher\":{\"@id\":\"https:\/\/staging.cremiacosmetics.com\/#organization\"},\"potentialAction\":[{\"@type\":\"SearchAction\",\"target\":{\"@type\":\"EntryPoint\",\"urlTemplate\":\"https:\/\/staging.cremiacosmetics.com\/?s={search_term_string}\"},\"query-input\":{\"@type\":\"PropertyValueSpecification\",\"valueRequired\":true,\"valueName\":\"search_term_string\"}}],\"inLanguage\":\"en-US\"},{\"@type\":\"Organization\",\"@id\":\"https:\/\/staging.cremiacosmetics.com\/#organization\",\"name\":\"Cremia Cosmetics\",\"url\":\"https:\/\/staging.cremiacosmetics.com\/\",\"logo\":{\"@type\":\"ImageObject\",\"inLanguage\":\"en-US\",\"@id\":\"https:\/\/staging.cremiacosmetics.com\/#\/schema\/logo\/image\/\",\"url\":\"https:\/\/staging.cremiacosmetics.com\/wp-content\/uploads\/2024\/03\/Cremia-logo-15x15mm.svg\",\"contentUrl\":\"https:\/\/staging.cremiacosmetics.com\/wp-content\/uploads\/2024\/03\/Cremia-logo-15x15mm.svg\",\"width\":42,\"height\":42,\"caption\":\"Cremia Cosmetics\"},\"image\":{\"@id\":\"https:\/\/staging.cremiacosmetics.com\/#\/schema\/logo\/image\/\"},\"sameAs\":[\"https:\/\/www.facebook.com\/cremiacosmetics\",\"https:\/\/www.instagram.com\/cremiacosmetics\/\"]}]}<\/script>\n<meta property=\"product:price:amount\" content=\"8790\" \/>\n<meta property=\"product:price:currency\" content=\"HUF\" \/>\n<meta property=\"og:availability\" content=\"instock\" \/>\n<meta property=\"product:availability\" content=\"instock\" \/>\n<meta property=\"product:retailer_item_id\" content=\"C-GT-HU-150\" \/>\n<meta property=\"product:condition\" content=\"new\" \/>\n<!-- \/ Yoast SEO Premium plugin. -->","yoast_head_json":{"title":"Ginkgo Tonic 150ml - Cremia Cosmetics","robots":{"index":"index","follow":"follow","max-snippet":"max-snippet:-1","max-image-preview":"max-image-preview:large","max-video-preview":"max-video-preview:-1"},"canonical":"https:\/\/staging.cremiacosmetics.com\/osszes-termek\/ginkgo-tonic-150ml\/","og_locale":"en_US","og_type":"article","og_title":"Ginkgo Tonic 150ml","og_description":"A b\u0151r p\u00f3rusaiban, a tiszt\u00edt\u00e1s ut\u00e1n m\u00e9g megmarad\u00f3 lemos\u00f3 maradv\u00e1nyok elt\u00e1vol\u00edt\u00e1sa \u00e9s a b\u0151r norm\u00e1l 5.5-\u00f6s pH \u00e9rt\u00e9k\u00e9nek vissza\u00e1ll\u00edt\u00e1sa alkalmas tonik. A Ginkgo biloba sz\u00e1mos \u00e9rt\u00e9kes \u00f6sszetev\u0151je miatt minden b\u0151rt\u00edpusra aj\u00e1nlott. Antioxid\u00e1ns- \u00e9s gyullad\u00e1scs\u00f6kkent\u0151 \u00f6sszetev\u0151inek k\u00f6sz\u00f6nhet\u0151en t\u00f3nusjav\u00edt\u00f3k\u00e9nt hat a b\u0151rre. Illat\u00e1t a v\u00f6r\u00f6smandarin gy\u00fcm\u00f6lcs h\u00e9j\u00e1b\u00f3l hidegsajtol\u00e1ssal kinyert \u00e9rt\u00e9kes ill\u00f3olaj adja.  Alkalmaz\u00e1sa: Itassunk \u00e1t k\u00e9t vattakorongot tonikkal, majd finom, bel\u00fclr\u0151l kifel\u00e9 v\u00e9gzett sim\u00edt\u00f3 mozdulatokkal t\u00f6r\u00f6lj\u00fck \u00e1t az eg\u00e9sz arc, nyak illetve dekolt\u00e1zs ter\u00fclet\u00e9t.","og_url":"https:\/\/staging.cremiacosmetics.com\/osszes-termek\/ginkgo-tonic-150ml\/","og_site_name":"Cremia Cosmetics","article_publisher":"https:\/\/www.facebook.com\/cremiacosmetics","article_modified_time":"2025-03-11T08:35:59+00:00","og_image":[{"width":800,"height":800,"url":"https:\/\/staging.cremiacosmetics.com\/wp-content\/uploads\/2024\/03\/Cremia_Ginkgo-Tonic_800.jpg","type":"image\/jpeg"}],"twitter_card":"summary_large_image","twitter_misc":{"Price":"8 790&nbsp;&#70;&#116;","Availability":"In stock"},"schema":{"@context":"https:\/\/schema.org","@graph":[{"@type":"WebPage","@id":"https:\/\/staging.cremiacosmetics.com\/osszes-termek\/ginkgo-tonic-150ml\/","url":"https:\/\/staging.cremiacosmetics.com\/osszes-termek\/ginkgo-tonic-150ml\/","name":"Ginkgo Tonic 150ml - Cremia Cosmetics","isPartOf":{"@id":"https:\/\/staging.cremiacosmetics.com\/#website"},"primaryImageOfPage":{"@id":"https:\/\/staging.cremiacosmetics.com\/osszes-termek\/ginkgo-tonic-150ml\/#primaryimage"},"image":{"@id":"https:\/\/staging.cremiacosmetics.com\/osszes-termek\/ginkgo-tonic-150ml\/#primaryimage"},"thumbnailUrl":"https:\/\/staging.cremiacosmetics.com\/wp-content\/uploads\/2024\/03\/Cremia_Ginkgo-Tonic_800.jpg","datePublished":"2022-10-27T07:19:33+00:00","dateModified":"2025-03-11T08:35:59+00:00","breadcrumb":{"@id":"https:\/\/staging.cremiacosmetics.com\/osszes-termek\/ginkgo-tonic-150ml\/#breadcrumb"},"inLanguage":"en-US","potentialAction":[{"@type":"ReadAction","target":["https:\/\/staging.cremiacosmetics.com\/osszes-termek\/ginkgo-tonic-150ml\/"]}]},{"@type":"ImageObject","inLanguage":"en-US","@id":"https:\/\/staging.cremiacosmetics.com\/osszes-termek\/ginkgo-tonic-150ml\/#primaryimage","url":"https:\/\/staging.cremiacosmetics.com\/wp-content\/uploads\/2024\/03\/Cremia_Ginkgo-Tonic_800.jpg","contentUrl":"https:\/\/staging.cremiacosmetics.com\/wp-content\/uploads\/2024\/03\/Cremia_Ginkgo-Tonic_800.jpg","width":800,"height":800,"caption":"Cremia Ginkgo Tonic"},{"@type":"BreadcrumbList","@id":"https:\/\/staging.cremiacosmetics.com\/osszes-termek\/ginkgo-tonic-150ml\/#breadcrumb","itemListElement":[{"@type":"ListItem","position":1,"name":"Kezd\u0151lap","item":"https:\/\/staging.cremiacosmetics.com\/"},{"@type":"ListItem","position":2,"name":"\u00d6sszes term\u00e9k","item":"https:\/\/staging.cremiacosmetics.com\/?page_id=15931"},{"@type":"ListItem","position":3,"name":"Ginkgo Tonic 150ml"}]},{"@type":"WebSite","@id":"https:\/\/staging.cremiacosmetics.com\/#website","url":"https:\/\/staging.cremiacosmetics.com\/","name":"Cremia Cosmetics","description":"Nature-powered beauty","publisher":{"@id":"https:\/\/staging.cremiacosmetics.com\/#organization"},"potentialAction":[{"@type":"SearchAction","target":{"@type":"EntryPoint","urlTemplate":"https:\/\/staging.cremiacosmetics.com\/?s={search_term_string}"},"query-input":{"@type":"PropertyValueSpecification","valueRequired":true,"valueName":"search_term_string"}}],"inLanguage":"en-US"},{"@type":"Organization","@id":"https:\/\/staging.cremiacosmetics.com\/#organization","name":"Cremia Cosmetics","url":"https:\/\/staging.cremiacosmetics.com\/","logo":{"@type":"ImageObject","inLanguage":"en-US","@id":"https:\/\/staging.cremiacosmetics.com\/#\/schema\/logo\/image\/","url":"https:\/\/staging.cremiacosmetics.com\/wp-content\/uploads\/2024\/03\/Cremia-logo-15x15mm.svg","contentUrl":"https:\/\/staging.cremiacosmetics.com\/wp-content\/uploads\/2024\/03\/Cremia-logo-15x15mm.svg","width":42,"height":42,"caption":"Cremia Cosmetics"},"image":{"@id":"https:\/\/staging.cremiacosmetics.com\/#\/schema\/logo\/image\/"},"sameAs":["https:\/\/www.facebook.com\/cremiacosmetics","https:\/\/www.instagram.com\/cremiacosmetics\/"]}]},"product_price_amount":"8790","product_price_currency":"HUF","og_availability":"instock","product_availability":"instock","product_retailer_item_id":"C-GT-HU-150","product_condition":"new"},"_links":{"self":[{"href":"https:\/\/staging.cremiacosmetics.com\/index.php?rest_route=\/wp\/v2\/product\/28519","targetHints":{"allow":["GET"]}}],"collection":[{"href":"https:\/\/staging.cremiacosmetics.com\/index.php?rest_route=\/wp\/v2\/product"}],"about":[{"href":"https:\/\/staging.cremiacosmetics.com\/index.php?rest_route=\/wp\/v2\/types\/product"}],"replies":[{"embeddable":true,"href":"https:\/\/staging.cremiacosmetics.com\/index.php?rest_route=%2Fwp%2Fv2%2Fcomments&post=28519"}],"version-history":[{"count":1,"href":"https:\/\/staging.cremiacosmetics.com\/index.php?rest_route=\/wp\/v2\/product\/28519\/revisions"}],"predecessor-version":[{"id":34539,"href":"https:\/\/staging.cremiacosmetics.com\/index.php?rest_route=\/wp\/v2\/product\/28519\/revisions\/34539"}],"wp:featuredmedia":[{"embeddable":true,"href":"https:\/\/staging.cremiacosmetics.com\/index.php?rest_route=\/wp\/v2\/media\/33130"}],"wp:attachment":[{"href":"https:\/\/staging.cremiacosmetics.com\/index.php?rest_route=%2Fwp%2Fv2%2Fmedia&parent=28519"}],"wp:term":[{"taxonomy":"product_brand","embeddable":true,"href":"https:\/\/staging.cremiacosmetics.com\/index.php?rest_route=%2Fwp%2Fv2%2Fproduct_brand&post=28519"},{"taxonomy":"product_cat","embeddable":true,"href":"https:\/\/staging.cremiacosmetics.com\/index.php?rest_route=%2Fwp%2Fv2%2Fproduct_cat&post=28519"},{"taxonomy":"product_tag","embeddable":true,"href":"https:\/\/staging.cremiacosmetics.com\/index.php?rest_route=%2Fwp%2Fv2%2Fproduct_tag&post=28519"}],"curies":[{"name":"wp","href":"https:\/\/api.w.org\/{rel}","templated":true}]}}