{"id":28036,"date":"2022-09-03T10:36:45","date_gmt":"2022-09-03T08:36:45","guid":{"rendered":"https:\/\/cremiocosmetics.com\/?post_type=product&#038;p=28036"},"modified":"2025-03-11T09:35:56","modified_gmt":"2025-03-11T08:35:56","slug":"elastin-cream","status":"publish","type":"product","link":"https:\/\/staging.cremiacosmetics.com\/?product=elastin-cream","title":{"rendered":"Elastin Cream b\u0151rfeszes\u00edt\u0151 kr\u00e9m 50 ml"},"content":{"rendered":"<p><strong>\u00d6sszetev\u0151k:<\/strong> Aqua, Macadamia seed oil, Glycerin, Argan oil, Prunus Armeniaca kernel oil, Hydrolyzed Elastin, Glycoproteins, Salix nigra bark extract, Rosa moschata seed oil, Cetearyl Olivate,Sorbitan Olivate, Urea, Silk amino acids, Caprylic\/capric triglyceride, Spilanthes acmella flower extract, Caffeine, Sodium Hyaluronate, Phenoxyethanol, Ethylhexylglycerin, potassium sorbate, Parfum, Citronellol, Limonene, Linalool 50ml<\/p>\n<p>CPNP Reference: 4058926<\/p>\n","protected":false},"excerpt":{"rendered":"<p>Elasztin, n\u00f6v\u00e9nyi kollag\u00e9n, hialuron, acmella, koffein, selyemprotein, makad\u00e1miadi\u00f3 olaj, arg\u00e1n olaj \u00e9s vadr\u00f3zsaolaj tartalm\u00fa kr\u00e9m. Sokoldal\u00fa,\u00e9rt\u00e9kes \u00f6sszetev\u0151inek k\u00f6sz\u00f6nhet\u0151en seg\u00edt a b\u0151r rugalmass\u00e1g\u00e1t visszanyerni.<\/p>\n<p>Els\u0151sorban a nyak \u00e9s a dekolt\u00e1zs b\u0151r\u00e9nek mindennapi \u00e1pol\u00e1s\u00e1ra javasoljuk, de a k\u00e9zfej \u00e9s a kar b\u0151r\u00e9nek feszes\u00edt\u00e9s\u00e9re is kiv\u00e1l\u00f3. Koffein tartalma hossz\u00fa t\u00e1von alkalmazva seg\u00edti a toka zs\u00edrsz\u00f6vet\u00e9nek cs\u00f6kkent\u00e9s\u00e9t. Selymes, l\u00e1gy, k\u00f6nny\u0171 kr\u00e9m minden b\u0151rt\u00edpusra val\u00f3.<\/p>\n<p><strong>Haszn\u00e1lata:<\/strong> naponta 2x vigy\u00e9l fel di\u00f3nyi mennyis\u00e9g\u0171 kr\u00e9met az \u00e9rintett b\u0151rfel\u00fcletre, majd k\u00f6rk\u00f6r\u00f6s, massz\u00edroz\u00f3 mozdulatokkal gyeng\u00e9den massz\u00edrozd b\u0151r\u00f6dbe.<\/p>\n<p>50 ml<\/p>\n","protected":false},"featured_media":32324,"comment_status":"open","ping_status":"closed","template":"","meta":[],"product_brand":[],"product_cat":[1163,482,651],"product_tag":[1133,1129,1135,1141,1131],"class_list":{"0":"post-28036","1":"product","2":"type-product","3":"status-publish","4":"has-post-thumbnail","6":"product_cat-lakossagi-termekek","7":"product_cat-osszes","8":"product_cat-ujdonsagok","9":"product_tag-dekoltazs","10":"product_tag-elasztin","11":"product_tag-feszesites","12":"product_tag-kozmetikus-kedvezmeny","13":"product_tag-nyak","15":"first","16":"instock","17":"taxable","18":"shipping-taxable","19":"purchasable","20":"product-type-simple"},"bundled_by":[],"bundle_stock_status":"instock","bundle_stock_quantity":null,"bundle_virtual":false,"bundle_layout":"","bundle_add_to_cart_form_location":"","bundle_editable_in_cart":false,"bundle_sold_individually_context":"","bundle_item_grouping":"","bundle_min_size":"","bundle_max_size":"","bundle_price":[],"bundled_items":[],"bundle_sell_ids":[],"yoast_head":"<!-- This site is optimized with the Yoast SEO Premium plugin v24.9 (Yoast SEO v24.9) - https:\/\/yoast.com\/wordpress\/plugins\/seo\/ -->\n<title>Elastin Cream - Cremio Cosmetics<\/title>\n<meta name=\"description\" content=\"Az Elastin Cream b\u0151rfeszes\u00edt\u0151 kr\u00e9m sokoldal\u00fa,\u00e9rt\u00e9kes \u00f6sszetev\u0151inek k\u00f6sz\u00f6nhet\u0151en seg\u00edt a b\u0151r rugalmass\u00e1g\u00e1t visszanyerni. Els\u0151sorban a nyakra \u00e9s dekolt\u00e1zsra.\" \/>\n<meta name=\"robots\" content=\"index, follow, max-snippet:-1, max-image-preview:large, max-video-preview:-1\" \/>\n<link rel=\"canonical\" href=\"https:\/\/staging.cremiacosmetics.com\/osszes-termek\/elastin-cream\/\" \/>\n<meta property=\"og:locale\" content=\"en_US\" \/>\n<meta property=\"og:type\" content=\"article\" \/>\n<meta property=\"og:title\" content=\"Elastin Cream b\u0151rfeszes\u00edt\u0151 kr\u00e9m 50 ml\" \/>\n<meta property=\"og:description\" content=\"Az Elastin Cream b\u0151rfeszes\u00edt\u0151 kr\u00e9m sokoldal\u00fa,\u00e9rt\u00e9kes \u00f6sszetev\u0151inek k\u00f6sz\u00f6nhet\u0151en seg\u00edt a b\u0151r rugalmass\u00e1g\u00e1t visszanyerni. Els\u0151sorban a nyakra \u00e9s dekolt\u00e1zsra.\" \/>\n<meta property=\"og:url\" content=\"https:\/\/staging.cremiacosmetics.com\/osszes-termek\/elastin-cream\/\" \/>\n<meta property=\"og:site_name\" content=\"Cremia Cosmetics\" \/>\n<meta property=\"article:publisher\" content=\"https:\/\/www.facebook.com\/cremiacosmetics\" \/>\n<meta property=\"article:modified_time\" content=\"2025-03-11T08:35:56+00:00\" \/>\n<meta property=\"og:image\" content=\"https:\/\/staging.cremiacosmetics.com\/wp-content\/uploads\/2024\/02\/Cremia_Elastin-cream_800.jpg\" \/>\n\t<meta property=\"og:image:width\" content=\"800\" \/>\n\t<meta property=\"og:image:height\" content=\"800\" \/>\n\t<meta property=\"og:image:type\" content=\"image\/jpeg\" \/>\n<meta name=\"twitter:card\" content=\"summary_large_image\" \/>\n<meta name=\"twitter:label1\" content=\"Price\" \/>\n\t<meta name=\"twitter:data1\" content=\"25 990&nbsp;&#070;&#116;\" \/>\n\t<meta name=\"twitter:label2\" content=\"Availability\" \/>\n\t<meta name=\"twitter:data2\" content=\"In stock\" \/>\n<script type=\"application\/ld+json\" class=\"yoast-schema-graph\">{\"@context\":\"https:\/\/schema.org\",\"@graph\":[{\"@type\":\"WebPage\",\"@id\":\"https:\/\/staging.cremiacosmetics.com\/osszes-termek\/elastin-cream\/\",\"url\":\"https:\/\/staging.cremiacosmetics.com\/osszes-termek\/elastin-cream\/\",\"name\":\"Elastin Cream - Cremio Cosmetics\",\"isPartOf\":{\"@id\":\"https:\/\/staging.cremiacosmetics.com\/#website\"},\"primaryImageOfPage\":{\"@id\":\"https:\/\/staging.cremiacosmetics.com\/osszes-termek\/elastin-cream\/#primaryimage\"},\"image\":{\"@id\":\"https:\/\/staging.cremiacosmetics.com\/osszes-termek\/elastin-cream\/#primaryimage\"},\"thumbnailUrl\":\"https:\/\/staging.cremiacosmetics.com\/wp-content\/uploads\/2024\/02\/Cremia_Elastin-cream_800.jpg\",\"datePublished\":\"2022-09-03T08:36:45+00:00\",\"dateModified\":\"2025-03-11T08:35:56+00:00\",\"description\":\"Az Elastin Cream b\u0151rfeszes\u00edt\u0151 kr\u00e9m sokoldal\u00fa,\u00e9rt\u00e9kes \u00f6sszetev\u0151inek k\u00f6sz\u00f6nhet\u0151en seg\u00edt a b\u0151r rugalmass\u00e1g\u00e1t visszanyerni. Els\u0151sorban a nyakra \u00e9s dekolt\u00e1zsra.\",\"breadcrumb\":{\"@id\":\"https:\/\/staging.cremiacosmetics.com\/osszes-termek\/elastin-cream\/#breadcrumb\"},\"inLanguage\":\"en-US\",\"potentialAction\":[{\"@type\":\"ReadAction\",\"target\":[\"https:\/\/staging.cremiacosmetics.com\/osszes-termek\/elastin-cream\/\"]}]},{\"@type\":\"ImageObject\",\"inLanguage\":\"en-US\",\"@id\":\"https:\/\/staging.cremiacosmetics.com\/osszes-termek\/elastin-cream\/#primaryimage\",\"url\":\"https:\/\/staging.cremiacosmetics.com\/wp-content\/uploads\/2024\/02\/Cremia_Elastin-cream_800.jpg\",\"contentUrl\":\"https:\/\/staging.cremiacosmetics.com\/wp-content\/uploads\/2024\/02\/Cremia_Elastin-cream_800.jpg\",\"width\":800,\"height\":800,\"caption\":\"Cremia Elastin Cream\"},{\"@type\":\"BreadcrumbList\",\"@id\":\"https:\/\/staging.cremiacosmetics.com\/osszes-termek\/elastin-cream\/#breadcrumb\",\"itemListElement\":[{\"@type\":\"ListItem\",\"position\":1,\"name\":\"Kezd\u0151lap\",\"item\":\"https:\/\/staging.cremiacosmetics.com\/\"},{\"@type\":\"ListItem\",\"position\":2,\"name\":\"\u00d6sszes term\u00e9k\",\"item\":\"https:\/\/staging.cremiacosmetics.com\/?page_id=15931\"},{\"@type\":\"ListItem\",\"position\":3,\"name\":\"Elastin Cream b\u0151rfeszes\u00edt\u0151 kr\u00e9m 50 ml\"}]},{\"@type\":\"WebSite\",\"@id\":\"https:\/\/staging.cremiacosmetics.com\/#website\",\"url\":\"https:\/\/staging.cremiacosmetics.com\/\",\"name\":\"Cremia Cosmetics\",\"description\":\"Nature-powered beauty\",\"publisher\":{\"@id\":\"https:\/\/staging.cremiacosmetics.com\/#organization\"},\"potentialAction\":[{\"@type\":\"SearchAction\",\"target\":{\"@type\":\"EntryPoint\",\"urlTemplate\":\"https:\/\/staging.cremiacosmetics.com\/?s={search_term_string}\"},\"query-input\":{\"@type\":\"PropertyValueSpecification\",\"valueRequired\":true,\"valueName\":\"search_term_string\"}}],\"inLanguage\":\"en-US\"},{\"@type\":\"Organization\",\"@id\":\"https:\/\/staging.cremiacosmetics.com\/#organization\",\"name\":\"Cremia Cosmetics\",\"url\":\"https:\/\/staging.cremiacosmetics.com\/\",\"logo\":{\"@type\":\"ImageObject\",\"inLanguage\":\"en-US\",\"@id\":\"https:\/\/staging.cremiacosmetics.com\/#\/schema\/logo\/image\/\",\"url\":\"https:\/\/staging.cremiacosmetics.com\/wp-content\/uploads\/2024\/03\/Cremia-logo-15x15mm.svg\",\"contentUrl\":\"https:\/\/staging.cremiacosmetics.com\/wp-content\/uploads\/2024\/03\/Cremia-logo-15x15mm.svg\",\"width\":42,\"height\":42,\"caption\":\"Cremia Cosmetics\"},\"image\":{\"@id\":\"https:\/\/staging.cremiacosmetics.com\/#\/schema\/logo\/image\/\"},\"sameAs\":[\"https:\/\/www.facebook.com\/cremiacosmetics\",\"https:\/\/www.instagram.com\/cremiacosmetics\/\"]}]}<\/script>\n<meta property=\"product:price:amount\" content=\"25990\" \/>\n<meta property=\"product:price:currency\" content=\"HUF\" \/>\n<meta property=\"og:availability\" content=\"instock\" \/>\n<meta property=\"product:availability\" content=\"instock\" \/>\n<meta property=\"product:retailer_item_id\" content=\"C-EC-HU-50\" \/>\n<meta property=\"product:condition\" content=\"new\" \/>\n<!-- \/ Yoast SEO Premium plugin. -->","yoast_head_json":{"title":"Elastin Cream - Cremio Cosmetics","description":"Az Elastin Cream b\u0151rfeszes\u00edt\u0151 kr\u00e9m sokoldal\u00fa,\u00e9rt\u00e9kes \u00f6sszetev\u0151inek k\u00f6sz\u00f6nhet\u0151en seg\u00edt a b\u0151r rugalmass\u00e1g\u00e1t visszanyerni. Els\u0151sorban a nyakra \u00e9s dekolt\u00e1zsra.","robots":{"index":"index","follow":"follow","max-snippet":"max-snippet:-1","max-image-preview":"max-image-preview:large","max-video-preview":"max-video-preview:-1"},"canonical":"https:\/\/staging.cremiacosmetics.com\/osszes-termek\/elastin-cream\/","og_locale":"en_US","og_type":"article","og_title":"Elastin Cream b\u0151rfeszes\u00edt\u0151 kr\u00e9m 50 ml","og_description":"Az Elastin Cream b\u0151rfeszes\u00edt\u0151 kr\u00e9m sokoldal\u00fa,\u00e9rt\u00e9kes \u00f6sszetev\u0151inek k\u00f6sz\u00f6nhet\u0151en seg\u00edt a b\u0151r rugalmass\u00e1g\u00e1t visszanyerni. Els\u0151sorban a nyakra \u00e9s dekolt\u00e1zsra.","og_url":"https:\/\/staging.cremiacosmetics.com\/osszes-termek\/elastin-cream\/","og_site_name":"Cremia Cosmetics","article_publisher":"https:\/\/www.facebook.com\/cremiacosmetics","article_modified_time":"2025-03-11T08:35:56+00:00","og_image":[{"width":800,"height":800,"url":"https:\/\/staging.cremiacosmetics.com\/wp-content\/uploads\/2024\/02\/Cremia_Elastin-cream_800.jpg","type":"image\/jpeg"}],"twitter_card":"summary_large_image","twitter_misc":{"Price":"25 990&nbsp;&#70;&#116;","Availability":"In stock"},"schema":{"@context":"https:\/\/schema.org","@graph":[{"@type":"WebPage","@id":"https:\/\/staging.cremiacosmetics.com\/osszes-termek\/elastin-cream\/","url":"https:\/\/staging.cremiacosmetics.com\/osszes-termek\/elastin-cream\/","name":"Elastin Cream - Cremio Cosmetics","isPartOf":{"@id":"https:\/\/staging.cremiacosmetics.com\/#website"},"primaryImageOfPage":{"@id":"https:\/\/staging.cremiacosmetics.com\/osszes-termek\/elastin-cream\/#primaryimage"},"image":{"@id":"https:\/\/staging.cremiacosmetics.com\/osszes-termek\/elastin-cream\/#primaryimage"},"thumbnailUrl":"https:\/\/staging.cremiacosmetics.com\/wp-content\/uploads\/2024\/02\/Cremia_Elastin-cream_800.jpg","datePublished":"2022-09-03T08:36:45+00:00","dateModified":"2025-03-11T08:35:56+00:00","description":"Az Elastin Cream b\u0151rfeszes\u00edt\u0151 kr\u00e9m sokoldal\u00fa,\u00e9rt\u00e9kes \u00f6sszetev\u0151inek k\u00f6sz\u00f6nhet\u0151en seg\u00edt a b\u0151r rugalmass\u00e1g\u00e1t visszanyerni. Els\u0151sorban a nyakra \u00e9s dekolt\u00e1zsra.","breadcrumb":{"@id":"https:\/\/staging.cremiacosmetics.com\/osszes-termek\/elastin-cream\/#breadcrumb"},"inLanguage":"en-US","potentialAction":[{"@type":"ReadAction","target":["https:\/\/staging.cremiacosmetics.com\/osszes-termek\/elastin-cream\/"]}]},{"@type":"ImageObject","inLanguage":"en-US","@id":"https:\/\/staging.cremiacosmetics.com\/osszes-termek\/elastin-cream\/#primaryimage","url":"https:\/\/staging.cremiacosmetics.com\/wp-content\/uploads\/2024\/02\/Cremia_Elastin-cream_800.jpg","contentUrl":"https:\/\/staging.cremiacosmetics.com\/wp-content\/uploads\/2024\/02\/Cremia_Elastin-cream_800.jpg","width":800,"height":800,"caption":"Cremia Elastin Cream"},{"@type":"BreadcrumbList","@id":"https:\/\/staging.cremiacosmetics.com\/osszes-termek\/elastin-cream\/#breadcrumb","itemListElement":[{"@type":"ListItem","position":1,"name":"Kezd\u0151lap","item":"https:\/\/staging.cremiacosmetics.com\/"},{"@type":"ListItem","position":2,"name":"\u00d6sszes term\u00e9k","item":"https:\/\/staging.cremiacosmetics.com\/?page_id=15931"},{"@type":"ListItem","position":3,"name":"Elastin Cream b\u0151rfeszes\u00edt\u0151 kr\u00e9m 50 ml"}]},{"@type":"WebSite","@id":"https:\/\/staging.cremiacosmetics.com\/#website","url":"https:\/\/staging.cremiacosmetics.com\/","name":"Cremia Cosmetics","description":"Nature-powered beauty","publisher":{"@id":"https:\/\/staging.cremiacosmetics.com\/#organization"},"potentialAction":[{"@type":"SearchAction","target":{"@type":"EntryPoint","urlTemplate":"https:\/\/staging.cremiacosmetics.com\/?s={search_term_string}"},"query-input":{"@type":"PropertyValueSpecification","valueRequired":true,"valueName":"search_term_string"}}],"inLanguage":"en-US"},{"@type":"Organization","@id":"https:\/\/staging.cremiacosmetics.com\/#organization","name":"Cremia Cosmetics","url":"https:\/\/staging.cremiacosmetics.com\/","logo":{"@type":"ImageObject","inLanguage":"en-US","@id":"https:\/\/staging.cremiacosmetics.com\/#\/schema\/logo\/image\/","url":"https:\/\/staging.cremiacosmetics.com\/wp-content\/uploads\/2024\/03\/Cremia-logo-15x15mm.svg","contentUrl":"https:\/\/staging.cremiacosmetics.com\/wp-content\/uploads\/2024\/03\/Cremia-logo-15x15mm.svg","width":42,"height":42,"caption":"Cremia Cosmetics"},"image":{"@id":"https:\/\/staging.cremiacosmetics.com\/#\/schema\/logo\/image\/"},"sameAs":["https:\/\/www.facebook.com\/cremiacosmetics","https:\/\/www.instagram.com\/cremiacosmetics\/"]}]},"product_price_amount":"25990","product_price_currency":"HUF","og_availability":"instock","product_availability":"instock","product_retailer_item_id":"C-EC-HU-50","product_condition":"new"},"_links":{"self":[{"href":"https:\/\/staging.cremiacosmetics.com\/index.php?rest_route=\/wp\/v2\/product\/28036","targetHints":{"allow":["GET"]}}],"collection":[{"href":"https:\/\/staging.cremiacosmetics.com\/index.php?rest_route=\/wp\/v2\/product"}],"about":[{"href":"https:\/\/staging.cremiacosmetics.com\/index.php?rest_route=\/wp\/v2\/types\/product"}],"replies":[{"embeddable":true,"href":"https:\/\/staging.cremiacosmetics.com\/index.php?rest_route=%2Fwp%2Fv2%2Fcomments&post=28036"}],"version-history":[{"count":1,"href":"https:\/\/staging.cremiacosmetics.com\/index.php?rest_route=\/wp\/v2\/product\/28036\/revisions"}],"predecessor-version":[{"id":33788,"href":"https:\/\/staging.cremiacosmetics.com\/index.php?rest_route=\/wp\/v2\/product\/28036\/revisions\/33788"}],"wp:featuredmedia":[{"embeddable":true,"href":"https:\/\/staging.cremiacosmetics.com\/index.php?rest_route=\/wp\/v2\/media\/32324"}],"wp:attachment":[{"href":"https:\/\/staging.cremiacosmetics.com\/index.php?rest_route=%2Fwp%2Fv2%2Fmedia&parent=28036"}],"wp:term":[{"taxonomy":"product_brand","embeddable":true,"href":"https:\/\/staging.cremiacosmetics.com\/index.php?rest_route=%2Fwp%2Fv2%2Fproduct_brand&post=28036"},{"taxonomy":"product_cat","embeddable":true,"href":"https:\/\/staging.cremiacosmetics.com\/index.php?rest_route=%2Fwp%2Fv2%2Fproduct_cat&post=28036"},{"taxonomy":"product_tag","embeddable":true,"href":"https:\/\/staging.cremiacosmetics.com\/index.php?rest_route=%2Fwp%2Fv2%2Fproduct_tag&post=28036"}],"curies":[{"name":"wp","href":"https:\/\/api.w.org\/{rel}","templated":true}]}}