{"id":25849,"date":"2021-11-02T16:58:55","date_gmt":"2021-11-02T15:58:55","guid":{"rendered":"https:\/\/cremiocosmetics.com\/?post_type=product&#038;p=25849"},"modified":"2025-03-11T09:35:51","modified_gmt":"2025-03-11T08:35:51","slug":"white-pearls","status":"publish","type":"product","link":"https:\/\/staging.cremiacosmetics.com\/?product=white-pearls","title":{"rendered":"White Pearls Professional 200ml"},"content":{"rendered":"<p>\u00d6sszetev\u0151k: Aqua,Macadamia seed oil,Glycerin,Argan oil,Cetearyl Olivate, Sorbitan Olivate,Hydrogenated castor oil,Cetylacohol,Prunus armeniaca kernel oil,Urea,<br \/>\nPhenoxyethanol, Ethylhexylglycerin, Parfum, Litsea cubeba fruit oil,citral,limonene,citronellol,geraniol, linalool<br \/>\n200 ml<\/p>\n","protected":false},"excerpt":{"rendered":"<p>Tiszta, hidrat\u00e1lt ut\u00f3\u00e9rzet v\u00e1rhat\u00f3 ett\u0151l a ricinus gy\u00f6ngy\u00f6ket, hidrat\u00e1l\u00f3 glicerint \u00e9s ure\u00e1t tartalmaz\u00f3<br \/>\narcrad\u00edrt\u00f3l. M\u00edg a feh\u00e9r gy\u00f6ngy\u00f6csk\u00e9k k\u00edm\u00e9letesen h\u00e1mlasztj\u00e1k, massz\u00edrozz\u00e1k a b\u0151rt, a hidrat\u00e1l\u00f3 alapkr\u00e9mben l\u00e9v\u0151 s\u00e1rgabarackmag olaj \u00e9s a makad\u00e1miadi\u00f3 olaj t\u00e1pl\u00e1lj\u00e1k, \u00e1polj\u00e1k a b\u0151rt.<\/p>\n<p>Haszn\u00e1lata:A megtiszt\u00edtott b\u0151rre vigy\u00e9l fel kb 5 g-ot a b\u0151rrad\u00edrb\u00f3l \u00e9s l\u00e1gy mozdulatokkal 2-3 percig finom, k\u00f6rk\u00f6r\u00f6s mozdulatokkal rad\u00edrozd le a b\u0151rt, majd mosd le. G\u0151z\u00f6l\u00e9s alatt is alkalmazhat\u00f3.<\/p>\n","protected":false},"featured_media":33189,"comment_status":"open","ping_status":"closed","template":"","meta":[],"product_brand":[],"product_cat":[870,887],"product_tag":[],"class_list":{"0":"post-25849","1":"product","2":"type-product","3":"status-publish","4":"has-post-thumbnail","6":"product_cat-peeling","7":"product_cat-professional","9":"first","10":"instock","11":"taxable","12":"shipping-taxable","13":"product-type-simple"},"bundled_by":["27130"],"bundle_stock_status":"instock","bundle_stock_quantity":null,"bundle_virtual":false,"bundle_layout":"","bundle_add_to_cart_form_location":"","bundle_editable_in_cart":false,"bundle_sold_individually_context":"","bundle_item_grouping":"","bundle_min_size":"","bundle_max_size":"","bundle_price":[],"bundled_items":[],"bundle_sell_ids":[],"yoast_head":"<!-- This site is optimized with the Yoast SEO Premium plugin v24.9 (Yoast SEO v24.9) - https:\/\/yoast.com\/wordpress\/plugins\/seo\/ -->\n<title>White Pearls Professional 200ml - Cremia Cosmetics<\/title>\n<meta name=\"robots\" content=\"index, follow, max-snippet:-1, max-image-preview:large, max-video-preview:-1\" \/>\n<link rel=\"canonical\" href=\"https:\/\/staging.cremiacosmetics.com\/osszes-termek\/white-pearls\/\" \/>\n<meta property=\"og:locale\" content=\"en_US\" \/>\n<meta property=\"og:type\" content=\"article\" \/>\n<meta property=\"og:title\" content=\"White Pearls Professional 200ml\" \/>\n<meta property=\"og:description\" content=\"Tiszta, hidrat\u00e1lt ut\u00f3\u00e9rzet v\u00e1rhat\u00f3 ett\u0151l a ricinus gy\u00f6ngy\u00f6ket, hidrat\u00e1l\u00f3 glicerint \u00e9s ure\u00e1t tartalmaz\u00f3 arcrad\u00edrt\u00f3l. M\u00edg a feh\u00e9r gy\u00f6ngy\u00f6csk\u00e9k k\u00edm\u00e9letesen h\u00e1mlasztj\u00e1k, massz\u00edrozz\u00e1k a b\u0151rt, a hidrat\u00e1l\u00f3 alapkr\u00e9mben l\u00e9v\u0151 s\u00e1rgabarackmag olaj \u00e9s a makad\u00e1miadi\u00f3 olaj t\u00e1pl\u00e1lj\u00e1k, \u00e1polj\u00e1k a b\u0151rt.  Haszn\u00e1lata:A megtiszt\u00edtott b\u0151rre vigy\u00e9l fel kb 5 g-ot a b\u0151rrad\u00edrb\u00f3l \u00e9s l\u00e1gy mozdulatokkal 2-3 percig finom, k\u00f6rk\u00f6r\u00f6s mozdulatokkal rad\u00edrozd le a b\u0151rt, majd mosd le. G\u0151z\u00f6l\u00e9s alatt is alkalmazhat\u00f3.\" \/>\n<meta property=\"og:url\" content=\"https:\/\/staging.cremiacosmetics.com\/osszes-termek\/white-pearls\/\" \/>\n<meta property=\"og:site_name\" content=\"Cremia Cosmetics\" \/>\n<meta property=\"article:publisher\" content=\"https:\/\/www.facebook.com\/cremiacosmetics\" \/>\n<meta property=\"article:modified_time\" content=\"2025-03-11T08:35:51+00:00\" \/>\n<meta property=\"og:image\" content=\"https:\/\/staging.cremiacosmetics.com\/wp-content\/uploads\/2024\/03\/Cremia_Professional_White-pearls_800.jpg\" \/>\n\t<meta property=\"og:image:width\" content=\"800\" \/>\n\t<meta property=\"og:image:height\" content=\"800\" \/>\n\t<meta property=\"og:image:type\" content=\"image\/jpeg\" \/>\n<meta name=\"twitter:card\" content=\"summary_large_image\" \/>\n<meta name=\"twitter:label1\" content=\"Price\" \/>\n\t<meta name=\"twitter:data1\" content=\"\" \/>\n\t<meta name=\"twitter:label2\" content=\"Availability\" \/>\n\t<meta name=\"twitter:data2\" content=\"In stock\" \/>\n<script type=\"application\/ld+json\" class=\"yoast-schema-graph\">{\"@context\":\"https:\/\/schema.org\",\"@graph\":[{\"@type\":\"WebPage\",\"@id\":\"https:\/\/staging.cremiacosmetics.com\/osszes-termek\/white-pearls\/\",\"url\":\"https:\/\/staging.cremiacosmetics.com\/osszes-termek\/white-pearls\/\",\"name\":\"White Pearls Professional 200ml - Cremia Cosmetics\",\"isPartOf\":{\"@id\":\"https:\/\/staging.cremiacosmetics.com\/#website\"},\"primaryImageOfPage\":{\"@id\":\"https:\/\/staging.cremiacosmetics.com\/osszes-termek\/white-pearls\/#primaryimage\"},\"image\":{\"@id\":\"https:\/\/staging.cremiacosmetics.com\/osszes-termek\/white-pearls\/#primaryimage\"},\"thumbnailUrl\":\"https:\/\/staging.cremiacosmetics.com\/wp-content\/uploads\/2024\/03\/Cremia_Professional_White-pearls_800.jpg\",\"datePublished\":\"2021-11-02T15:58:55+00:00\",\"dateModified\":\"2025-03-11T08:35:51+00:00\",\"breadcrumb\":{\"@id\":\"https:\/\/staging.cremiacosmetics.com\/osszes-termek\/white-pearls\/#breadcrumb\"},\"inLanguage\":\"en-US\",\"potentialAction\":[{\"@type\":\"ReadAction\",\"target\":[\"https:\/\/staging.cremiacosmetics.com\/osszes-termek\/white-pearls\/\"]}]},{\"@type\":\"ImageObject\",\"inLanguage\":\"en-US\",\"@id\":\"https:\/\/staging.cremiacosmetics.com\/osszes-termek\/white-pearls\/#primaryimage\",\"url\":\"https:\/\/staging.cremiacosmetics.com\/wp-content\/uploads\/2024\/03\/Cremia_Professional_White-pearls_800.jpg\",\"contentUrl\":\"https:\/\/staging.cremiacosmetics.com\/wp-content\/uploads\/2024\/03\/Cremia_Professional_White-pearls_800.jpg\",\"width\":800,\"height\":800,\"caption\":\"White Pearls Professional 200ml\"},{\"@type\":\"BreadcrumbList\",\"@id\":\"https:\/\/staging.cremiacosmetics.com\/osszes-termek\/white-pearls\/#breadcrumb\",\"itemListElement\":[{\"@type\":\"ListItem\",\"position\":1,\"name\":\"Kezd\u0151lap\",\"item\":\"https:\/\/staging.cremiacosmetics.com\/\"},{\"@type\":\"ListItem\",\"position\":2,\"name\":\"\u00d6sszes term\u00e9k\",\"item\":\"https:\/\/staging.cremiacosmetics.com\/?page_id=15931\"},{\"@type\":\"ListItem\",\"position\":3,\"name\":\"White Pearls Professional 200ml\"}]},{\"@type\":\"WebSite\",\"@id\":\"https:\/\/staging.cremiacosmetics.com\/#website\",\"url\":\"https:\/\/staging.cremiacosmetics.com\/\",\"name\":\"Cremia Cosmetics\",\"description\":\"Nature-powered beauty\",\"publisher\":{\"@id\":\"https:\/\/staging.cremiacosmetics.com\/#organization\"},\"potentialAction\":[{\"@type\":\"SearchAction\",\"target\":{\"@type\":\"EntryPoint\",\"urlTemplate\":\"https:\/\/staging.cremiacosmetics.com\/?s={search_term_string}\"},\"query-input\":{\"@type\":\"PropertyValueSpecification\",\"valueRequired\":true,\"valueName\":\"search_term_string\"}}],\"inLanguage\":\"en-US\"},{\"@type\":\"Organization\",\"@id\":\"https:\/\/staging.cremiacosmetics.com\/#organization\",\"name\":\"Cremia Cosmetics\",\"url\":\"https:\/\/staging.cremiacosmetics.com\/\",\"logo\":{\"@type\":\"ImageObject\",\"inLanguage\":\"en-US\",\"@id\":\"https:\/\/staging.cremiacosmetics.com\/#\/schema\/logo\/image\/\",\"url\":\"https:\/\/staging.cremiacosmetics.com\/wp-content\/uploads\/2024\/03\/Cremia-logo-15x15mm.svg\",\"contentUrl\":\"https:\/\/staging.cremiacosmetics.com\/wp-content\/uploads\/2024\/03\/Cremia-logo-15x15mm.svg\",\"width\":42,\"height\":42,\"caption\":\"Cremia Cosmetics\"},\"image\":{\"@id\":\"https:\/\/staging.cremiacosmetics.com\/#\/schema\/logo\/image\/\"},\"sameAs\":[\"https:\/\/www.facebook.com\/cremiacosmetics\",\"https:\/\/www.instagram.com\/cremiacosmetics\/\"]}]}<\/script>\n<meta property=\"product:price:amount\" content=\"0\" \/>\n<meta property=\"product:price:currency\" content=\"HUF\" \/>\n<meta property=\"og:availability\" content=\"instock\" \/>\n<meta property=\"product:availability\" content=\"instock\" \/>\n<meta property=\"product:retailer_item_id\" content=\"C-WPP-HU-200\" \/>\n<meta property=\"product:condition\" content=\"new\" \/>\n<!-- \/ Yoast SEO Premium plugin. -->","yoast_head_json":{"title":"White Pearls Professional 200ml - Cremia Cosmetics","robots":{"index":"index","follow":"follow","max-snippet":"max-snippet:-1","max-image-preview":"max-image-preview:large","max-video-preview":"max-video-preview:-1"},"canonical":"https:\/\/staging.cremiacosmetics.com\/osszes-termek\/white-pearls\/","og_locale":"en_US","og_type":"article","og_title":"White Pearls Professional 200ml","og_description":"Tiszta, hidrat\u00e1lt ut\u00f3\u00e9rzet v\u00e1rhat\u00f3 ett\u0151l a ricinus gy\u00f6ngy\u00f6ket, hidrat\u00e1l\u00f3 glicerint \u00e9s ure\u00e1t tartalmaz\u00f3 arcrad\u00edrt\u00f3l. M\u00edg a feh\u00e9r gy\u00f6ngy\u00f6csk\u00e9k k\u00edm\u00e9letesen h\u00e1mlasztj\u00e1k, massz\u00edrozz\u00e1k a b\u0151rt, a hidrat\u00e1l\u00f3 alapkr\u00e9mben l\u00e9v\u0151 s\u00e1rgabarackmag olaj \u00e9s a makad\u00e1miadi\u00f3 olaj t\u00e1pl\u00e1lj\u00e1k, \u00e1polj\u00e1k a b\u0151rt.  Haszn\u00e1lata:A megtiszt\u00edtott b\u0151rre vigy\u00e9l fel kb 5 g-ot a b\u0151rrad\u00edrb\u00f3l \u00e9s l\u00e1gy mozdulatokkal 2-3 percig finom, k\u00f6rk\u00f6r\u00f6s mozdulatokkal rad\u00edrozd le a b\u0151rt, majd mosd le. G\u0151z\u00f6l\u00e9s alatt is alkalmazhat\u00f3.","og_url":"https:\/\/staging.cremiacosmetics.com\/osszes-termek\/white-pearls\/","og_site_name":"Cremia Cosmetics","article_publisher":"https:\/\/www.facebook.com\/cremiacosmetics","article_modified_time":"2025-03-11T08:35:51+00:00","og_image":[{"width":800,"height":800,"url":"https:\/\/staging.cremiacosmetics.com\/wp-content\/uploads\/2024\/03\/Cremia_Professional_White-pearls_800.jpg","type":"image\/jpeg"}],"twitter_card":"summary_large_image","twitter_misc":{"Price":"","Availability":"In stock"},"schema":{"@context":"https:\/\/schema.org","@graph":[{"@type":"WebPage","@id":"https:\/\/staging.cremiacosmetics.com\/osszes-termek\/white-pearls\/","url":"https:\/\/staging.cremiacosmetics.com\/osszes-termek\/white-pearls\/","name":"White Pearls Professional 200ml - Cremia Cosmetics","isPartOf":{"@id":"https:\/\/staging.cremiacosmetics.com\/#website"},"primaryImageOfPage":{"@id":"https:\/\/staging.cremiacosmetics.com\/osszes-termek\/white-pearls\/#primaryimage"},"image":{"@id":"https:\/\/staging.cremiacosmetics.com\/osszes-termek\/white-pearls\/#primaryimage"},"thumbnailUrl":"https:\/\/staging.cremiacosmetics.com\/wp-content\/uploads\/2024\/03\/Cremia_Professional_White-pearls_800.jpg","datePublished":"2021-11-02T15:58:55+00:00","dateModified":"2025-03-11T08:35:51+00:00","breadcrumb":{"@id":"https:\/\/staging.cremiacosmetics.com\/osszes-termek\/white-pearls\/#breadcrumb"},"inLanguage":"en-US","potentialAction":[{"@type":"ReadAction","target":["https:\/\/staging.cremiacosmetics.com\/osszes-termek\/white-pearls\/"]}]},{"@type":"ImageObject","inLanguage":"en-US","@id":"https:\/\/staging.cremiacosmetics.com\/osszes-termek\/white-pearls\/#primaryimage","url":"https:\/\/staging.cremiacosmetics.com\/wp-content\/uploads\/2024\/03\/Cremia_Professional_White-pearls_800.jpg","contentUrl":"https:\/\/staging.cremiacosmetics.com\/wp-content\/uploads\/2024\/03\/Cremia_Professional_White-pearls_800.jpg","width":800,"height":800,"caption":"White Pearls Professional 200ml"},{"@type":"BreadcrumbList","@id":"https:\/\/staging.cremiacosmetics.com\/osszes-termek\/white-pearls\/#breadcrumb","itemListElement":[{"@type":"ListItem","position":1,"name":"Kezd\u0151lap","item":"https:\/\/staging.cremiacosmetics.com\/"},{"@type":"ListItem","position":2,"name":"\u00d6sszes term\u00e9k","item":"https:\/\/staging.cremiacosmetics.com\/?page_id=15931"},{"@type":"ListItem","position":3,"name":"White Pearls Professional 200ml"}]},{"@type":"WebSite","@id":"https:\/\/staging.cremiacosmetics.com\/#website","url":"https:\/\/staging.cremiacosmetics.com\/","name":"Cremia Cosmetics","description":"Nature-powered beauty","publisher":{"@id":"https:\/\/staging.cremiacosmetics.com\/#organization"},"potentialAction":[{"@type":"SearchAction","target":{"@type":"EntryPoint","urlTemplate":"https:\/\/staging.cremiacosmetics.com\/?s={search_term_string}"},"query-input":{"@type":"PropertyValueSpecification","valueRequired":true,"valueName":"search_term_string"}}],"inLanguage":"en-US"},{"@type":"Organization","@id":"https:\/\/staging.cremiacosmetics.com\/#organization","name":"Cremia Cosmetics","url":"https:\/\/staging.cremiacosmetics.com\/","logo":{"@type":"ImageObject","inLanguage":"en-US","@id":"https:\/\/staging.cremiacosmetics.com\/#\/schema\/logo\/image\/","url":"https:\/\/staging.cremiacosmetics.com\/wp-content\/uploads\/2024\/03\/Cremia-logo-15x15mm.svg","contentUrl":"https:\/\/staging.cremiacosmetics.com\/wp-content\/uploads\/2024\/03\/Cremia-logo-15x15mm.svg","width":42,"height":42,"caption":"Cremia Cosmetics"},"image":{"@id":"https:\/\/staging.cremiacosmetics.com\/#\/schema\/logo\/image\/"},"sameAs":["https:\/\/www.facebook.com\/cremiacosmetics","https:\/\/www.instagram.com\/cremiacosmetics\/"]}]},"product_price_currency":"HUF","og_availability":"instock","product_availability":"instock","product_retailer_item_id":"C-WPP-HU-200","product_condition":"new"},"_links":{"self":[{"href":"https:\/\/staging.cremiacosmetics.com\/index.php?rest_route=\/wp\/v2\/product\/25849","targetHints":{"allow":["GET"]}}],"collection":[{"href":"https:\/\/staging.cremiacosmetics.com\/index.php?rest_route=\/wp\/v2\/product"}],"about":[{"href":"https:\/\/staging.cremiacosmetics.com\/index.php?rest_route=\/wp\/v2\/types\/product"}],"replies":[{"embeddable":true,"href":"https:\/\/staging.cremiacosmetics.com\/index.php?rest_route=%2Fwp%2Fv2%2Fcomments&post=25849"}],"version-history":[{"count":1,"href":"https:\/\/staging.cremiacosmetics.com\/index.php?rest_route=\/wp\/v2\/product\/25849\/revisions"}],"predecessor-version":[{"id":33595,"href":"https:\/\/staging.cremiacosmetics.com\/index.php?rest_route=\/wp\/v2\/product\/25849\/revisions\/33595"}],"wp:featuredmedia":[{"embeddable":true,"href":"https:\/\/staging.cremiacosmetics.com\/index.php?rest_route=\/wp\/v2\/media\/33189"}],"wp:attachment":[{"href":"https:\/\/staging.cremiacosmetics.com\/index.php?rest_route=%2Fwp%2Fv2%2Fmedia&parent=25849"}],"wp:term":[{"taxonomy":"product_brand","embeddable":true,"href":"https:\/\/staging.cremiacosmetics.com\/index.php?rest_route=%2Fwp%2Fv2%2Fproduct_brand&post=25849"},{"taxonomy":"product_cat","embeddable":true,"href":"https:\/\/staging.cremiacosmetics.com\/index.php?rest_route=%2Fwp%2Fv2%2Fproduct_cat&post=25849"},{"taxonomy":"product_tag","embeddable":true,"href":"https:\/\/staging.cremiacosmetics.com\/index.php?rest_route=%2Fwp%2Fv2%2Fproduct_tag&post=25849"}],"curies":[{"name":"wp","href":"https:\/\/api.w.org\/{rel}","templated":true}]}}