{"id":25835,"date":"2021-11-02T16:45:07","date_gmt":"2021-11-02T15:45:07","guid":{"rendered":"https:\/\/cremiocosmetics.com\/?post_type=product&#038;p=25835"},"modified":"2025-03-11T09:35:33","modified_gmt":"2025-03-11T08:35:33","slug":"mixit-q10","status":"publish","type":"product","link":"https:\/\/staging.cremiacosmetics.com\/?product=mixit-q10","title":{"rendered":"Mixit Q10 Professional 30ml"},"content":{"rendered":"<p>\u00d6sszetev\u0151k: Prunus amygdalus dulcis oil, Ubiquinone 50, tocopheryl acetate, Olive squalane, Fragrance<\/p>\n","protected":false},"excerpt":{"rendered":"<p>\u00c9rz\u00e9keny b\u0151rre is aj\u00e1nlott, antioxid\u00e1ns, anti aging Q10 komplexet tartalmaz.<\/p>\n<p>A Q10 koenzim ismert antioxid\u00e1ns, amely a b\u0151r \u00f6reged\u00e9s\u00e9t okoz\u00f3 k\u00e1ros szabadgy\u00f6k\u00f6k mennyis\u00e9g\u00e9t k\u00e9pes cs\u00f6kkenteni. Emiatt igazolt anti aging, gyullad\u00e1scs\u00f6kkent\u0151 alapanyag. A madulaolaj pedig minden b\u0151rt\u00edpus \u00e1ltal j\u00f3l toler\u00e1laht\u00f3 hidrat\u00e1l\u00f3, \u00e1pol\u00f3 olaj. A lakoss\u00e1gi Q10 serumn\u00e1l nagyobb mennyis\u00e9g\u0171 Q10 tartalommal \u00e9s kendermagolajjal, ami a b\u0151r szerkezet\u00e9t regener\u00e1l\u00f3, kiv\u00e1l\u00f3 gyullad\u00e1scs\u00f6kkent\u0151 olaj.<\/p>\n<p>Haszn\u00e1lata: 5-6 cseppet keverj a Mixit Base kr\u00e9mpakol\u00e1s alapba.<\/p>\n","protected":false},"featured_media":33178,"comment_status":"open","ping_status":"closed","template":"","meta":[],"product_brand":[],"product_cat":[887,878],"product_tag":[],"class_list":{"0":"post-25835","1":"product","2":"type-product","3":"status-publish","4":"has-post-thumbnail","6":"product_cat-professional","7":"product_cat-taplalo-pakolasok","9":"first","10":"instock","11":"taxable","12":"shipping-taxable","13":"product-type-simple"},"bundled_by":["27130"],"bundle_stock_status":"instock","bundle_stock_quantity":null,"bundle_virtual":false,"bundle_layout":"","bundle_add_to_cart_form_location":"","bundle_editable_in_cart":false,"bundle_sold_individually_context":"","bundle_item_grouping":"","bundle_min_size":"","bundle_max_size":"","bundle_price":[],"bundled_items":[],"bundle_sell_ids":[],"yoast_head":"<!-- This site is optimized with the Yoast SEO Premium plugin v24.9 (Yoast SEO v24.9) - https:\/\/yoast.com\/wordpress\/plugins\/seo\/ -->\n<title>Mixit Q10 Professional 30ml - Cremia Cosmetics<\/title>\n<meta name=\"robots\" content=\"index, follow, max-snippet:-1, max-image-preview:large, max-video-preview:-1\" \/>\n<link rel=\"canonical\" href=\"https:\/\/staging.cremiacosmetics.com\/osszes-termek\/mixit-q10\/\" \/>\n<meta property=\"og:locale\" content=\"en_US\" \/>\n<meta property=\"og:type\" content=\"article\" \/>\n<meta property=\"og:title\" content=\"Mixit Q10 Professional 30ml\" \/>\n<meta property=\"og:description\" content=\"\u00c9rz\u00e9keny b\u0151rre is aj\u00e1nlott, antioxid\u00e1ns, anti aging Q10 komplexet tartalmaz.  A Q10 koenzim ismert antioxid\u00e1ns, amely a b\u0151r \u00f6reged\u00e9s\u00e9t okoz\u00f3 k\u00e1ros szabadgy\u00f6k\u00f6k mennyis\u00e9g\u00e9t k\u00e9pes cs\u00f6kkenteni. Emiatt igazolt anti aging, gyullad\u00e1scs\u00f6kkent\u0151 alapanyag. A madulaolaj pedig minden b\u0151rt\u00edpus \u00e1ltal j\u00f3l toler\u00e1laht\u00f3 hidrat\u00e1l\u00f3, \u00e1pol\u00f3 olaj. A lakoss\u00e1gi Q10 serumn\u00e1l nagyobb mennyis\u00e9g\u0171 Q10 tartalommal \u00e9s kendermagolajjal, ami a b\u0151r szerkezet\u00e9t regener\u00e1l\u00f3, kiv\u00e1l\u00f3 gyullad\u00e1scs\u00f6kkent\u0151 olaj.  Haszn\u00e1lata: 5-6 cseppet keverj a Mixit Base kr\u00e9mpakol\u00e1s alapba.\" \/>\n<meta property=\"og:url\" content=\"https:\/\/staging.cremiacosmetics.com\/osszes-termek\/mixit-q10\/\" \/>\n<meta property=\"og:site_name\" content=\"Cremia Cosmetics\" \/>\n<meta property=\"article:publisher\" content=\"https:\/\/www.facebook.com\/cremiacosmetics\" \/>\n<meta property=\"article:modified_time\" content=\"2025-03-11T08:35:33+00:00\" \/>\n<meta property=\"og:image\" content=\"https:\/\/staging.cremiacosmetics.com\/wp-content\/uploads\/2024\/03\/Cremia_Professional_Mixit-Q10_800.jpg\" \/>\n\t<meta property=\"og:image:width\" content=\"800\" \/>\n\t<meta property=\"og:image:height\" content=\"800\" \/>\n\t<meta property=\"og:image:type\" content=\"image\/jpeg\" \/>\n<meta name=\"twitter:card\" content=\"summary_large_image\" \/>\n<meta name=\"twitter:label1\" content=\"Price\" \/>\n\t<meta name=\"twitter:data1\" content=\"\" \/>\n\t<meta name=\"twitter:label2\" content=\"Availability\" \/>\n\t<meta name=\"twitter:data2\" content=\"In stock\" \/>\n<script type=\"application\/ld+json\" class=\"yoast-schema-graph\">{\"@context\":\"https:\/\/schema.org\",\"@graph\":[{\"@type\":\"WebPage\",\"@id\":\"https:\/\/staging.cremiacosmetics.com\/osszes-termek\/mixit-q10\/\",\"url\":\"https:\/\/staging.cremiacosmetics.com\/osszes-termek\/mixit-q10\/\",\"name\":\"Mixit Q10 Professional 30ml - Cremia Cosmetics\",\"isPartOf\":{\"@id\":\"https:\/\/staging.cremiacosmetics.com\/#website\"},\"primaryImageOfPage\":{\"@id\":\"https:\/\/staging.cremiacosmetics.com\/osszes-termek\/mixit-q10\/#primaryimage\"},\"image\":{\"@id\":\"https:\/\/staging.cremiacosmetics.com\/osszes-termek\/mixit-q10\/#primaryimage\"},\"thumbnailUrl\":\"https:\/\/staging.cremiacosmetics.com\/wp-content\/uploads\/2024\/03\/Cremia_Professional_Mixit-Q10_800.jpg\",\"datePublished\":\"2021-11-02T15:45:07+00:00\",\"dateModified\":\"2025-03-11T08:35:33+00:00\",\"breadcrumb\":{\"@id\":\"https:\/\/staging.cremiacosmetics.com\/osszes-termek\/mixit-q10\/#breadcrumb\"},\"inLanguage\":\"en-US\",\"potentialAction\":[{\"@type\":\"ReadAction\",\"target\":[\"https:\/\/staging.cremiacosmetics.com\/osszes-termek\/mixit-q10\/\"]}]},{\"@type\":\"ImageObject\",\"inLanguage\":\"en-US\",\"@id\":\"https:\/\/staging.cremiacosmetics.com\/osszes-termek\/mixit-q10\/#primaryimage\",\"url\":\"https:\/\/staging.cremiacosmetics.com\/wp-content\/uploads\/2024\/03\/Cremia_Professional_Mixit-Q10_800.jpg\",\"contentUrl\":\"https:\/\/staging.cremiacosmetics.com\/wp-content\/uploads\/2024\/03\/Cremia_Professional_Mixit-Q10_800.jpg\",\"width\":800,\"height\":800,\"caption\":\"Mixit Q10 Professional 30ml\"},{\"@type\":\"BreadcrumbList\",\"@id\":\"https:\/\/staging.cremiacosmetics.com\/osszes-termek\/mixit-q10\/#breadcrumb\",\"itemListElement\":[{\"@type\":\"ListItem\",\"position\":1,\"name\":\"Kezd\u0151lap\",\"item\":\"https:\/\/staging.cremiacosmetics.com\/\"},{\"@type\":\"ListItem\",\"position\":2,\"name\":\"\u00d6sszes term\u00e9k\",\"item\":\"https:\/\/staging.cremiacosmetics.com\/?page_id=15931\"},{\"@type\":\"ListItem\",\"position\":3,\"name\":\"Mixit Q10 Professional 30ml\"}]},{\"@type\":\"WebSite\",\"@id\":\"https:\/\/staging.cremiacosmetics.com\/#website\",\"url\":\"https:\/\/staging.cremiacosmetics.com\/\",\"name\":\"Cremia Cosmetics\",\"description\":\"Nature-powered beauty\",\"publisher\":{\"@id\":\"https:\/\/staging.cremiacosmetics.com\/#organization\"},\"potentialAction\":[{\"@type\":\"SearchAction\",\"target\":{\"@type\":\"EntryPoint\",\"urlTemplate\":\"https:\/\/staging.cremiacosmetics.com\/?s={search_term_string}\"},\"query-input\":{\"@type\":\"PropertyValueSpecification\",\"valueRequired\":true,\"valueName\":\"search_term_string\"}}],\"inLanguage\":\"en-US\"},{\"@type\":\"Organization\",\"@id\":\"https:\/\/staging.cremiacosmetics.com\/#organization\",\"name\":\"Cremia Cosmetics\",\"url\":\"https:\/\/staging.cremiacosmetics.com\/\",\"logo\":{\"@type\":\"ImageObject\",\"inLanguage\":\"en-US\",\"@id\":\"https:\/\/staging.cremiacosmetics.com\/#\/schema\/logo\/image\/\",\"url\":\"https:\/\/staging.cremiacosmetics.com\/wp-content\/uploads\/2024\/03\/Cremia-logo-15x15mm.svg\",\"contentUrl\":\"https:\/\/staging.cremiacosmetics.com\/wp-content\/uploads\/2024\/03\/Cremia-logo-15x15mm.svg\",\"width\":42,\"height\":42,\"caption\":\"Cremia Cosmetics\"},\"image\":{\"@id\":\"https:\/\/staging.cremiacosmetics.com\/#\/schema\/logo\/image\/\"},\"sameAs\":[\"https:\/\/www.facebook.com\/cremiacosmetics\",\"https:\/\/www.instagram.com\/cremiacosmetics\/\"]}]}<\/script>\n<meta property=\"product:price:amount\" content=\"0\" \/>\n<meta property=\"product:price:currency\" content=\"HUF\" \/>\n<meta property=\"og:availability\" content=\"instock\" \/>\n<meta property=\"product:availability\" content=\"instock\" \/>\n<meta property=\"product:retailer_item_id\" content=\"C-MQP-HU-30\" \/>\n<meta property=\"product:condition\" content=\"new\" \/>\n<!-- \/ Yoast SEO Premium plugin. -->","yoast_head_json":{"title":"Mixit Q10 Professional 30ml - Cremia Cosmetics","robots":{"index":"index","follow":"follow","max-snippet":"max-snippet:-1","max-image-preview":"max-image-preview:large","max-video-preview":"max-video-preview:-1"},"canonical":"https:\/\/staging.cremiacosmetics.com\/osszes-termek\/mixit-q10\/","og_locale":"en_US","og_type":"article","og_title":"Mixit Q10 Professional 30ml","og_description":"\u00c9rz\u00e9keny b\u0151rre is aj\u00e1nlott, antioxid\u00e1ns, anti aging Q10 komplexet tartalmaz.  A Q10 koenzim ismert antioxid\u00e1ns, amely a b\u0151r \u00f6reged\u00e9s\u00e9t okoz\u00f3 k\u00e1ros szabadgy\u00f6k\u00f6k mennyis\u00e9g\u00e9t k\u00e9pes cs\u00f6kkenteni. Emiatt igazolt anti aging, gyullad\u00e1scs\u00f6kkent\u0151 alapanyag. A madulaolaj pedig minden b\u0151rt\u00edpus \u00e1ltal j\u00f3l toler\u00e1laht\u00f3 hidrat\u00e1l\u00f3, \u00e1pol\u00f3 olaj. A lakoss\u00e1gi Q10 serumn\u00e1l nagyobb mennyis\u00e9g\u0171 Q10 tartalommal \u00e9s kendermagolajjal, ami a b\u0151r szerkezet\u00e9t regener\u00e1l\u00f3, kiv\u00e1l\u00f3 gyullad\u00e1scs\u00f6kkent\u0151 olaj.  Haszn\u00e1lata: 5-6 cseppet keverj a Mixit Base kr\u00e9mpakol\u00e1s alapba.","og_url":"https:\/\/staging.cremiacosmetics.com\/osszes-termek\/mixit-q10\/","og_site_name":"Cremia Cosmetics","article_publisher":"https:\/\/www.facebook.com\/cremiacosmetics","article_modified_time":"2025-03-11T08:35:33+00:00","og_image":[{"width":800,"height":800,"url":"https:\/\/staging.cremiacosmetics.com\/wp-content\/uploads\/2024\/03\/Cremia_Professional_Mixit-Q10_800.jpg","type":"image\/jpeg"}],"twitter_card":"summary_large_image","twitter_misc":{"Price":"","Availability":"In stock"},"schema":{"@context":"https:\/\/schema.org","@graph":[{"@type":"WebPage","@id":"https:\/\/staging.cremiacosmetics.com\/osszes-termek\/mixit-q10\/","url":"https:\/\/staging.cremiacosmetics.com\/osszes-termek\/mixit-q10\/","name":"Mixit Q10 Professional 30ml - Cremia Cosmetics","isPartOf":{"@id":"https:\/\/staging.cremiacosmetics.com\/#website"},"primaryImageOfPage":{"@id":"https:\/\/staging.cremiacosmetics.com\/osszes-termek\/mixit-q10\/#primaryimage"},"image":{"@id":"https:\/\/staging.cremiacosmetics.com\/osszes-termek\/mixit-q10\/#primaryimage"},"thumbnailUrl":"https:\/\/staging.cremiacosmetics.com\/wp-content\/uploads\/2024\/03\/Cremia_Professional_Mixit-Q10_800.jpg","datePublished":"2021-11-02T15:45:07+00:00","dateModified":"2025-03-11T08:35:33+00:00","breadcrumb":{"@id":"https:\/\/staging.cremiacosmetics.com\/osszes-termek\/mixit-q10\/#breadcrumb"},"inLanguage":"en-US","potentialAction":[{"@type":"ReadAction","target":["https:\/\/staging.cremiacosmetics.com\/osszes-termek\/mixit-q10\/"]}]},{"@type":"ImageObject","inLanguage":"en-US","@id":"https:\/\/staging.cremiacosmetics.com\/osszes-termek\/mixit-q10\/#primaryimage","url":"https:\/\/staging.cremiacosmetics.com\/wp-content\/uploads\/2024\/03\/Cremia_Professional_Mixit-Q10_800.jpg","contentUrl":"https:\/\/staging.cremiacosmetics.com\/wp-content\/uploads\/2024\/03\/Cremia_Professional_Mixit-Q10_800.jpg","width":800,"height":800,"caption":"Mixit Q10 Professional 30ml"},{"@type":"BreadcrumbList","@id":"https:\/\/staging.cremiacosmetics.com\/osszes-termek\/mixit-q10\/#breadcrumb","itemListElement":[{"@type":"ListItem","position":1,"name":"Kezd\u0151lap","item":"https:\/\/staging.cremiacosmetics.com\/"},{"@type":"ListItem","position":2,"name":"\u00d6sszes term\u00e9k","item":"https:\/\/staging.cremiacosmetics.com\/?page_id=15931"},{"@type":"ListItem","position":3,"name":"Mixit Q10 Professional 30ml"}]},{"@type":"WebSite","@id":"https:\/\/staging.cremiacosmetics.com\/#website","url":"https:\/\/staging.cremiacosmetics.com\/","name":"Cremia Cosmetics","description":"Nature-powered beauty","publisher":{"@id":"https:\/\/staging.cremiacosmetics.com\/#organization"},"potentialAction":[{"@type":"SearchAction","target":{"@type":"EntryPoint","urlTemplate":"https:\/\/staging.cremiacosmetics.com\/?s={search_term_string}"},"query-input":{"@type":"PropertyValueSpecification","valueRequired":true,"valueName":"search_term_string"}}],"inLanguage":"en-US"},{"@type":"Organization","@id":"https:\/\/staging.cremiacosmetics.com\/#organization","name":"Cremia Cosmetics","url":"https:\/\/staging.cremiacosmetics.com\/","logo":{"@type":"ImageObject","inLanguage":"en-US","@id":"https:\/\/staging.cremiacosmetics.com\/#\/schema\/logo\/image\/","url":"https:\/\/staging.cremiacosmetics.com\/wp-content\/uploads\/2024\/03\/Cremia-logo-15x15mm.svg","contentUrl":"https:\/\/staging.cremiacosmetics.com\/wp-content\/uploads\/2024\/03\/Cremia-logo-15x15mm.svg","width":42,"height":42,"caption":"Cremia Cosmetics"},"image":{"@id":"https:\/\/staging.cremiacosmetics.com\/#\/schema\/logo\/image\/"},"sameAs":["https:\/\/www.facebook.com\/cremiacosmetics","https:\/\/www.instagram.com\/cremiacosmetics\/"]}]},"product_price_currency":"HUF","og_availability":"instock","product_availability":"instock","product_retailer_item_id":"C-MQP-HU-30","product_condition":"new"},"_links":{"self":[{"href":"https:\/\/staging.cremiacosmetics.com\/index.php?rest_route=\/wp\/v2\/product\/25835","targetHints":{"allow":["GET"]}}],"collection":[{"href":"https:\/\/staging.cremiacosmetics.com\/index.php?rest_route=\/wp\/v2\/product"}],"about":[{"href":"https:\/\/staging.cremiacosmetics.com\/index.php?rest_route=\/wp\/v2\/types\/product"}],"replies":[{"embeddable":true,"href":"https:\/\/staging.cremiacosmetics.com\/index.php?rest_route=%2Fwp%2Fv2%2Fcomments&post=25835"}],"version-history":[{"count":1,"href":"https:\/\/staging.cremiacosmetics.com\/index.php?rest_route=\/wp\/v2\/product\/25835\/revisions"}],"predecessor-version":[{"id":33587,"href":"https:\/\/staging.cremiacosmetics.com\/index.php?rest_route=\/wp\/v2\/product\/25835\/revisions\/33587"}],"wp:featuredmedia":[{"embeddable":true,"href":"https:\/\/staging.cremiacosmetics.com\/index.php?rest_route=\/wp\/v2\/media\/33178"}],"wp:attachment":[{"href":"https:\/\/staging.cremiacosmetics.com\/index.php?rest_route=%2Fwp%2Fv2%2Fmedia&parent=25835"}],"wp:term":[{"taxonomy":"product_brand","embeddable":true,"href":"https:\/\/staging.cremiacosmetics.com\/index.php?rest_route=%2Fwp%2Fv2%2Fproduct_brand&post=25835"},{"taxonomy":"product_cat","embeddable":true,"href":"https:\/\/staging.cremiacosmetics.com\/index.php?rest_route=%2Fwp%2Fv2%2Fproduct_cat&post=25835"},{"taxonomy":"product_tag","embeddable":true,"href":"https:\/\/staging.cremiacosmetics.com\/index.php?rest_route=%2Fwp%2Fv2%2Fproduct_tag&post=25835"}],"curies":[{"name":"wp","href":"https:\/\/api.w.org\/{rel}","templated":true}]}}