{"id":25833,"date":"2021-11-02T16:42:28","date_gmt":"2021-11-02T15:42:28","guid":{"rendered":"https:\/\/cremiocosmetics.com\/?post_type=product&#038;p=25833"},"modified":"2025-03-11T09:35:31","modified_gmt":"2025-03-11T08:35:31","slug":"mixit-lux","status":"publish","type":"product","link":"https:\/\/staging.cremiacosmetics.com\/?product=mixit-lux","title":{"rendered":"Mixit Lux Pakol\u00e1spor Professional 50ml"},"content":{"rendered":"<p>\u00d6sszetev\u0151k: kaolinite, silk amino acids, malpighia emarginata fruit powder, maltodextrin<br \/>\n50 ml, 27 g<\/p>\n<p>CPNP Reference: 4089342<\/p>\n","protected":false},"excerpt":{"rendered":"<p>Luxus \u00e9rzetet ny\u00fajt\u00f3 selyemprotein, tiszt\u00edt\u00f3 feh\u00e9r agyag \u00e9s C-vitaminban gazdag acerola por.<\/p>\n<p>A pakol\u00e1s alapj\u00e1t k\u00e9pez\u0151 feh\u00e9r agyag term\u00e9szetes \u00e1sv\u00e1nyi anyag forr\u00e1s. Seg\u00edts\u00e9g\u00e9vel a b\u0151rt vitaliz\u00e1lni, er\u0151s\u00edteni, hidrat\u00e1lni tudjuk. A selyemprotein kiv\u00e1l\u00f3 selymes, hidrat\u00e1l\u00f3 \u00e9rzetet ny\u00fajt, m\u00edg az acerola a benne nagy mennyis\u00e9gben tal\u00e1lhat\u00f3 term\u00e9szetes C-vitaminnak k\u00f6sz\u00f6nhet\u0151en \u00e9l\u00e9nk\u00edti, fiataloss\u00e1 teszi a b\u0151r kin\u00e9zet\u00e9t. Mivel az acerola por form\u00e1j\u00fa, \u00edgy a benne l\u00e9v\u0151 C-vitamin rendk\u00edv\u00fcl stabil. A Mixit Base kr\u00e9mpakol\u00e1s alapban l\u00e9v\u0151 v\u00edzzel \u00e9rintkezve old\u00f3dik ki a porb\u00f3l, lehet\u0151v\u00e9 t\u00e9ve a gyors b\u0151rbe jut\u00e1s\u00e1t.<\/p>\n<p>Adagol\u00e1s: 1 kiskan\u00e1lnyi port keverj 5g Mixit Base kr\u00e9mhez, ecsettel vidd fel az arcra, nyakra, dekolt\u00e1zsra, majd 15 perc m\u00falva mosd le lanygos v\u00edzzel.<\/p>\n","protected":false},"featured_media":33175,"comment_status":"open","ping_status":"closed","template":"","meta":[],"product_brand":[],"product_cat":[887,878],"product_tag":[],"class_list":{"0":"post-25833","1":"product","2":"type-product","3":"status-publish","4":"has-post-thumbnail","6":"product_cat-professional","7":"product_cat-taplalo-pakolasok","9":"first","10":"instock","11":"taxable","12":"shipping-taxable","13":"product-type-simple"},"bundled_by":["27130"],"bundle_stock_status":"instock","bundle_stock_quantity":null,"bundle_virtual":false,"bundle_layout":"","bundle_add_to_cart_form_location":"","bundle_editable_in_cart":false,"bundle_sold_individually_context":"","bundle_item_grouping":"","bundle_min_size":"","bundle_max_size":"","bundle_price":[],"bundled_items":[],"bundle_sell_ids":[],"yoast_head":"<!-- This site is optimized with the Yoast SEO Premium plugin v24.9 (Yoast SEO v24.9) - https:\/\/yoast.com\/wordpress\/plugins\/seo\/ -->\n<title>Mixit Lux Pakol\u00e1spor Professional 50ml - Cremia Cosmetics<\/title>\n<meta name=\"robots\" content=\"index, follow, max-snippet:-1, max-image-preview:large, max-video-preview:-1\" \/>\n<link rel=\"canonical\" href=\"https:\/\/staging.cremiacosmetics.com\/osszes-termek\/mixit-lux\/\" \/>\n<meta property=\"og:locale\" content=\"en_US\" \/>\n<meta property=\"og:type\" content=\"article\" \/>\n<meta property=\"og:title\" content=\"Mixit Lux Pakol\u00e1spor Professional 50ml\" \/>\n<meta property=\"og:description\" content=\"Luxus \u00e9rzetet ny\u00fajt\u00f3 selyemprotein, tiszt\u00edt\u00f3 feh\u00e9r agyag \u00e9s C-vitaminban gazdag acerola por.  A pakol\u00e1s alapj\u00e1t k\u00e9pez\u0151 feh\u00e9r agyag term\u00e9szetes \u00e1sv\u00e1nyi anyag forr\u00e1s. Seg\u00edts\u00e9g\u00e9vel a b\u0151rt vitaliz\u00e1lni, er\u0151s\u00edteni, hidrat\u00e1lni tudjuk. A selyemprotein kiv\u00e1l\u00f3 selymes, hidrat\u00e1l\u00f3 \u00e9rzetet ny\u00fajt, m\u00edg az acerola a benne nagy mennyis\u00e9gben tal\u00e1lhat\u00f3 term\u00e9szetes C-vitaminnak k\u00f6sz\u00f6nhet\u0151en \u00e9l\u00e9nk\u00edti, fiataloss\u00e1 teszi a b\u0151r kin\u00e9zet\u00e9t. Mivel az acerola por form\u00e1j\u00fa, \u00edgy a benne l\u00e9v\u0151 C-vitamin rendk\u00edv\u00fcl stabil. A Mixit Base kr\u00e9mpakol\u00e1s alapban l\u00e9v\u0151 v\u00edzzel \u00e9rintkezve old\u00f3dik ki a porb\u00f3l, lehet\u0151v\u00e9 t\u00e9ve a gyors b\u0151rbe jut\u00e1s\u00e1t.  Adagol\u00e1s: 1 kiskan\u00e1lnyi port keverj 5g Mixit Base kr\u00e9mhez, ecsettel vidd fel az arcra, nyakra, dekolt\u00e1zsra, majd 15 perc m\u00falva mosd le lanygos v\u00edzzel.\" \/>\n<meta property=\"og:url\" content=\"https:\/\/staging.cremiacosmetics.com\/osszes-termek\/mixit-lux\/\" \/>\n<meta property=\"og:site_name\" content=\"Cremia Cosmetics\" \/>\n<meta property=\"article:publisher\" content=\"https:\/\/www.facebook.com\/cremiacosmetics\" \/>\n<meta property=\"article:modified_time\" content=\"2025-03-11T08:35:31+00:00\" \/>\n<meta property=\"og:image\" content=\"https:\/\/staging.cremiacosmetics.com\/wp-content\/uploads\/2024\/03\/Cremia_Professional_Mixit-Lux_800.jpg\" \/>\n\t<meta property=\"og:image:width\" content=\"800\" \/>\n\t<meta property=\"og:image:height\" content=\"800\" \/>\n\t<meta property=\"og:image:type\" content=\"image\/jpeg\" \/>\n<meta name=\"twitter:card\" content=\"summary_large_image\" \/>\n<meta name=\"twitter:label1\" content=\"Price\" \/>\n\t<meta name=\"twitter:data1\" content=\"\" \/>\n\t<meta name=\"twitter:label2\" content=\"Availability\" \/>\n\t<meta name=\"twitter:data2\" content=\"In stock\" \/>\n<script type=\"application\/ld+json\" class=\"yoast-schema-graph\">{\"@context\":\"https:\/\/schema.org\",\"@graph\":[{\"@type\":\"WebPage\",\"@id\":\"https:\/\/staging.cremiacosmetics.com\/osszes-termek\/mixit-lux\/\",\"url\":\"https:\/\/staging.cremiacosmetics.com\/osszes-termek\/mixit-lux\/\",\"name\":\"Mixit Lux Pakol\u00e1spor Professional 50ml - Cremia Cosmetics\",\"isPartOf\":{\"@id\":\"https:\/\/staging.cremiacosmetics.com\/#website\"},\"primaryImageOfPage\":{\"@id\":\"https:\/\/staging.cremiacosmetics.com\/osszes-termek\/mixit-lux\/#primaryimage\"},\"image\":{\"@id\":\"https:\/\/staging.cremiacosmetics.com\/osszes-termek\/mixit-lux\/#primaryimage\"},\"thumbnailUrl\":\"https:\/\/staging.cremiacosmetics.com\/wp-content\/uploads\/2024\/03\/Cremia_Professional_Mixit-Lux_800.jpg\",\"datePublished\":\"2021-11-02T15:42:28+00:00\",\"dateModified\":\"2025-03-11T08:35:31+00:00\",\"breadcrumb\":{\"@id\":\"https:\/\/staging.cremiacosmetics.com\/osszes-termek\/mixit-lux\/#breadcrumb\"},\"inLanguage\":\"en-US\",\"potentialAction\":[{\"@type\":\"ReadAction\",\"target\":[\"https:\/\/staging.cremiacosmetics.com\/osszes-termek\/mixit-lux\/\"]}]},{\"@type\":\"ImageObject\",\"inLanguage\":\"en-US\",\"@id\":\"https:\/\/staging.cremiacosmetics.com\/osszes-termek\/mixit-lux\/#primaryimage\",\"url\":\"https:\/\/staging.cremiacosmetics.com\/wp-content\/uploads\/2024\/03\/Cremia_Professional_Mixit-Lux_800.jpg\",\"contentUrl\":\"https:\/\/staging.cremiacosmetics.com\/wp-content\/uploads\/2024\/03\/Cremia_Professional_Mixit-Lux_800.jpg\",\"width\":800,\"height\":800,\"caption\":\"Mixit Lux Pakol\u00e1spor Professional 50ml\"},{\"@type\":\"BreadcrumbList\",\"@id\":\"https:\/\/staging.cremiacosmetics.com\/osszes-termek\/mixit-lux\/#breadcrumb\",\"itemListElement\":[{\"@type\":\"ListItem\",\"position\":1,\"name\":\"Kezd\u0151lap\",\"item\":\"https:\/\/staging.cremiacosmetics.com\/\"},{\"@type\":\"ListItem\",\"position\":2,\"name\":\"\u00d6sszes term\u00e9k\",\"item\":\"https:\/\/staging.cremiacosmetics.com\/?page_id=15931\"},{\"@type\":\"ListItem\",\"position\":3,\"name\":\"Mixit Lux Pakol\u00e1spor Professional 50ml\"}]},{\"@type\":\"WebSite\",\"@id\":\"https:\/\/staging.cremiacosmetics.com\/#website\",\"url\":\"https:\/\/staging.cremiacosmetics.com\/\",\"name\":\"Cremia Cosmetics\",\"description\":\"Nature-powered beauty\",\"publisher\":{\"@id\":\"https:\/\/staging.cremiacosmetics.com\/#organization\"},\"potentialAction\":[{\"@type\":\"SearchAction\",\"target\":{\"@type\":\"EntryPoint\",\"urlTemplate\":\"https:\/\/staging.cremiacosmetics.com\/?s={search_term_string}\"},\"query-input\":{\"@type\":\"PropertyValueSpecification\",\"valueRequired\":true,\"valueName\":\"search_term_string\"}}],\"inLanguage\":\"en-US\"},{\"@type\":\"Organization\",\"@id\":\"https:\/\/staging.cremiacosmetics.com\/#organization\",\"name\":\"Cremia Cosmetics\",\"url\":\"https:\/\/staging.cremiacosmetics.com\/\",\"logo\":{\"@type\":\"ImageObject\",\"inLanguage\":\"en-US\",\"@id\":\"https:\/\/staging.cremiacosmetics.com\/#\/schema\/logo\/image\/\",\"url\":\"https:\/\/staging.cremiacosmetics.com\/wp-content\/uploads\/2024\/03\/Cremia-logo-15x15mm.svg\",\"contentUrl\":\"https:\/\/staging.cremiacosmetics.com\/wp-content\/uploads\/2024\/03\/Cremia-logo-15x15mm.svg\",\"width\":42,\"height\":42,\"caption\":\"Cremia Cosmetics\"},\"image\":{\"@id\":\"https:\/\/staging.cremiacosmetics.com\/#\/schema\/logo\/image\/\"},\"sameAs\":[\"https:\/\/www.facebook.com\/cremiacosmetics\",\"https:\/\/www.instagram.com\/cremiacosmetics\/\"]}]}<\/script>\n<meta property=\"product:price:amount\" content=\"0\" \/>\n<meta property=\"product:price:currency\" content=\"HUF\" \/>\n<meta property=\"og:availability\" content=\"instock\" \/>\n<meta property=\"product:availability\" content=\"instock\" \/>\n<meta property=\"product:retailer_item_id\" content=\"C-MLP-HU-50\" \/>\n<meta property=\"product:condition\" content=\"new\" \/>\n<!-- \/ Yoast SEO Premium plugin. -->","yoast_head_json":{"title":"Mixit Lux Pakol\u00e1spor Professional 50ml - Cremia Cosmetics","robots":{"index":"index","follow":"follow","max-snippet":"max-snippet:-1","max-image-preview":"max-image-preview:large","max-video-preview":"max-video-preview:-1"},"canonical":"https:\/\/staging.cremiacosmetics.com\/osszes-termek\/mixit-lux\/","og_locale":"en_US","og_type":"article","og_title":"Mixit Lux Pakol\u00e1spor Professional 50ml","og_description":"Luxus \u00e9rzetet ny\u00fajt\u00f3 selyemprotein, tiszt\u00edt\u00f3 feh\u00e9r agyag \u00e9s C-vitaminban gazdag acerola por.  A pakol\u00e1s alapj\u00e1t k\u00e9pez\u0151 feh\u00e9r agyag term\u00e9szetes \u00e1sv\u00e1nyi anyag forr\u00e1s. Seg\u00edts\u00e9g\u00e9vel a b\u0151rt vitaliz\u00e1lni, er\u0151s\u00edteni, hidrat\u00e1lni tudjuk. A selyemprotein kiv\u00e1l\u00f3 selymes, hidrat\u00e1l\u00f3 \u00e9rzetet ny\u00fajt, m\u00edg az acerola a benne nagy mennyis\u00e9gben tal\u00e1lhat\u00f3 term\u00e9szetes C-vitaminnak k\u00f6sz\u00f6nhet\u0151en \u00e9l\u00e9nk\u00edti, fiataloss\u00e1 teszi a b\u0151r kin\u00e9zet\u00e9t. Mivel az acerola por form\u00e1j\u00fa, \u00edgy a benne l\u00e9v\u0151 C-vitamin rendk\u00edv\u00fcl stabil. A Mixit Base kr\u00e9mpakol\u00e1s alapban l\u00e9v\u0151 v\u00edzzel \u00e9rintkezve old\u00f3dik ki a porb\u00f3l, lehet\u0151v\u00e9 t\u00e9ve a gyors b\u0151rbe jut\u00e1s\u00e1t.  Adagol\u00e1s: 1 kiskan\u00e1lnyi port keverj 5g Mixit Base kr\u00e9mhez, ecsettel vidd fel az arcra, nyakra, dekolt\u00e1zsra, majd 15 perc m\u00falva mosd le lanygos v\u00edzzel.","og_url":"https:\/\/staging.cremiacosmetics.com\/osszes-termek\/mixit-lux\/","og_site_name":"Cremia Cosmetics","article_publisher":"https:\/\/www.facebook.com\/cremiacosmetics","article_modified_time":"2025-03-11T08:35:31+00:00","og_image":[{"width":800,"height":800,"url":"https:\/\/staging.cremiacosmetics.com\/wp-content\/uploads\/2024\/03\/Cremia_Professional_Mixit-Lux_800.jpg","type":"image\/jpeg"}],"twitter_card":"summary_large_image","twitter_misc":{"Price":"","Availability":"In stock"},"schema":{"@context":"https:\/\/schema.org","@graph":[{"@type":"WebPage","@id":"https:\/\/staging.cremiacosmetics.com\/osszes-termek\/mixit-lux\/","url":"https:\/\/staging.cremiacosmetics.com\/osszes-termek\/mixit-lux\/","name":"Mixit Lux Pakol\u00e1spor Professional 50ml - Cremia Cosmetics","isPartOf":{"@id":"https:\/\/staging.cremiacosmetics.com\/#website"},"primaryImageOfPage":{"@id":"https:\/\/staging.cremiacosmetics.com\/osszes-termek\/mixit-lux\/#primaryimage"},"image":{"@id":"https:\/\/staging.cremiacosmetics.com\/osszes-termek\/mixit-lux\/#primaryimage"},"thumbnailUrl":"https:\/\/staging.cremiacosmetics.com\/wp-content\/uploads\/2024\/03\/Cremia_Professional_Mixit-Lux_800.jpg","datePublished":"2021-11-02T15:42:28+00:00","dateModified":"2025-03-11T08:35:31+00:00","breadcrumb":{"@id":"https:\/\/staging.cremiacosmetics.com\/osszes-termek\/mixit-lux\/#breadcrumb"},"inLanguage":"en-US","potentialAction":[{"@type":"ReadAction","target":["https:\/\/staging.cremiacosmetics.com\/osszes-termek\/mixit-lux\/"]}]},{"@type":"ImageObject","inLanguage":"en-US","@id":"https:\/\/staging.cremiacosmetics.com\/osszes-termek\/mixit-lux\/#primaryimage","url":"https:\/\/staging.cremiacosmetics.com\/wp-content\/uploads\/2024\/03\/Cremia_Professional_Mixit-Lux_800.jpg","contentUrl":"https:\/\/staging.cremiacosmetics.com\/wp-content\/uploads\/2024\/03\/Cremia_Professional_Mixit-Lux_800.jpg","width":800,"height":800,"caption":"Mixit Lux Pakol\u00e1spor Professional 50ml"},{"@type":"BreadcrumbList","@id":"https:\/\/staging.cremiacosmetics.com\/osszes-termek\/mixit-lux\/#breadcrumb","itemListElement":[{"@type":"ListItem","position":1,"name":"Kezd\u0151lap","item":"https:\/\/staging.cremiacosmetics.com\/"},{"@type":"ListItem","position":2,"name":"\u00d6sszes term\u00e9k","item":"https:\/\/staging.cremiacosmetics.com\/?page_id=15931"},{"@type":"ListItem","position":3,"name":"Mixit Lux Pakol\u00e1spor Professional 50ml"}]},{"@type":"WebSite","@id":"https:\/\/staging.cremiacosmetics.com\/#website","url":"https:\/\/staging.cremiacosmetics.com\/","name":"Cremia Cosmetics","description":"Nature-powered beauty","publisher":{"@id":"https:\/\/staging.cremiacosmetics.com\/#organization"},"potentialAction":[{"@type":"SearchAction","target":{"@type":"EntryPoint","urlTemplate":"https:\/\/staging.cremiacosmetics.com\/?s={search_term_string}"},"query-input":{"@type":"PropertyValueSpecification","valueRequired":true,"valueName":"search_term_string"}}],"inLanguage":"en-US"},{"@type":"Organization","@id":"https:\/\/staging.cremiacosmetics.com\/#organization","name":"Cremia Cosmetics","url":"https:\/\/staging.cremiacosmetics.com\/","logo":{"@type":"ImageObject","inLanguage":"en-US","@id":"https:\/\/staging.cremiacosmetics.com\/#\/schema\/logo\/image\/","url":"https:\/\/staging.cremiacosmetics.com\/wp-content\/uploads\/2024\/03\/Cremia-logo-15x15mm.svg","contentUrl":"https:\/\/staging.cremiacosmetics.com\/wp-content\/uploads\/2024\/03\/Cremia-logo-15x15mm.svg","width":42,"height":42,"caption":"Cremia Cosmetics"},"image":{"@id":"https:\/\/staging.cremiacosmetics.com\/#\/schema\/logo\/image\/"},"sameAs":["https:\/\/www.facebook.com\/cremiacosmetics","https:\/\/www.instagram.com\/cremiacosmetics\/"]}]},"product_price_currency":"HUF","og_availability":"instock","product_availability":"instock","product_retailer_item_id":"C-MLP-HU-50","product_condition":"new"},"_links":{"self":[{"href":"https:\/\/staging.cremiacosmetics.com\/index.php?rest_route=\/wp\/v2\/product\/25833","targetHints":{"allow":["GET"]}}],"collection":[{"href":"https:\/\/staging.cremiacosmetics.com\/index.php?rest_route=\/wp\/v2\/product"}],"about":[{"href":"https:\/\/staging.cremiacosmetics.com\/index.php?rest_route=\/wp\/v2\/types\/product"}],"replies":[{"embeddable":true,"href":"https:\/\/staging.cremiacosmetics.com\/index.php?rest_route=%2Fwp%2Fv2%2Fcomments&post=25833"}],"version-history":[{"count":1,"href":"https:\/\/staging.cremiacosmetics.com\/index.php?rest_route=\/wp\/v2\/product\/25833\/revisions"}],"predecessor-version":[{"id":33582,"href":"https:\/\/staging.cremiacosmetics.com\/index.php?rest_route=\/wp\/v2\/product\/25833\/revisions\/33582"}],"wp:featuredmedia":[{"embeddable":true,"href":"https:\/\/staging.cremiacosmetics.com\/index.php?rest_route=\/wp\/v2\/media\/33175"}],"wp:attachment":[{"href":"https:\/\/staging.cremiacosmetics.com\/index.php?rest_route=%2Fwp%2Fv2%2Fmedia&parent=25833"}],"wp:term":[{"taxonomy":"product_brand","embeddable":true,"href":"https:\/\/staging.cremiacosmetics.com\/index.php?rest_route=%2Fwp%2Fv2%2Fproduct_brand&post=25833"},{"taxonomy":"product_cat","embeddable":true,"href":"https:\/\/staging.cremiacosmetics.com\/index.php?rest_route=%2Fwp%2Fv2%2Fproduct_cat&post=25833"},{"taxonomy":"product_tag","embeddable":true,"href":"https:\/\/staging.cremiacosmetics.com\/index.php?rest_route=%2Fwp%2Fv2%2Fproduct_tag&post=25833"}],"curies":[{"name":"wp","href":"https:\/\/api.w.org\/{rel}","templated":true}]}}