{"id":25741,"date":"2021-11-02T10:12:26","date_gmt":"2021-11-02T09:12:26","guid":{"rendered":"https:\/\/cremiocosmetics.com\/?post_type=product&#038;p=25741"},"modified":"2025-03-11T09:35:24","modified_gmt":"2025-03-11T08:35:24","slug":"gentle-foam","status":"publish","type":"product","link":"https:\/\/staging.cremiacosmetics.com\/?product=gentle-foam","title":{"rendered":"Gentle Foam Professional 200ml"},"content":{"rendered":"<p>\u00d6sszet\u00e9tel: AQUA, ROSA DAMASCENA FLOWER WATER, SODIUM COCOAMPHOAC-ETATE, GLYCERIN, LAURYL GLUCOSIDE,<\/p>\n<p>SODIUM COCOYL GLUTAMATE, SODIUM LAURYL GLUCOSE CARBOXYLATE, GLYCERIN,<br \/>\nCAPRYLIC\/CAPRIC TRIGLYCERIDES, CAPRYLYL\/CAPRYL GLUCOSIDE, CITRIC ACID, POLYGLYCERYL-6 OLEATE, SODIUM SURFACTIN, PHENOXYETHANOL, ETHYLHEXYLGLYCERIN,<br \/>\nParfum, 200ml<\/p>\n","protected":false},"excerpt":{"rendered":"<p>P\u00faderes illat\u00fa k\u00edm\u00e9letes arctiszt\u00edt\u00f3 hab, n\u00f6v\u00e9nyi erdet\u0171, k\u00edm\u00e9l\u0151 tenzidekkel, hidrat\u00e1l\u00f3<br \/>\ndamaszkuszi r\u00f3zsav\u00edzzel, glicerinnel \u00e9s \u00e1pol\u00f3 frakcion\u00e1lt k\u00f3kuszolajjal. Minden b\u0151rt\u00edpusra aj\u00e1nlott.<\/p>\n<p>C\u00e9lja: A b\u0151r szennyez\u0151d\u00e9sekt\u0151l \u00e9s a sminkt\u0151l t\u00f6rt\u00e9n\u0151 megtiszt\u00edt\u00e1sa.<\/p>\n<p>Alkalmaz\u00e1sa: Tegy\u00fcnk a vend\u00e9g b\u0151r\u00e9re a lemos\u00f3 habb\u00f3l megfelel\u0151 mennyis\u00e9get, majd nedves ujjakkal dolgozzuk \u00e1t k\u00f6rk\u00f6r\u00f6s mozdulatokkal az eg\u00e9sz arcot, bentr\u0151l-kifel\u00e9 haladva, \u00fcgyelve arra, hogy a b\u0151rt soha ne toljuk befel\u00e9 \u00e9s lefel\u00e9. Ezut\u00e1n nedves szivaccsal mossuk le.<\/p>\n","protected":false},"featured_media":33164,"comment_status":"open","ping_status":"closed","template":"","meta":[],"product_brand":[],"product_cat":[868,887],"product_tag":[],"class_list":{"0":"post-25741","1":"product","2":"type-product","3":"status-publish","4":"has-post-thumbnail","6":"product_cat-letisztitas","7":"product_cat-professional","9":"first","10":"instock","11":"taxable","12":"shipping-taxable","13":"product-type-simple"},"bundled_by":[],"bundle_stock_status":"instock","bundle_stock_quantity":null,"bundle_virtual":false,"bundle_layout":"","bundle_add_to_cart_form_location":"","bundle_editable_in_cart":false,"bundle_sold_individually_context":"","bundle_item_grouping":"","bundle_min_size":"","bundle_max_size":"","bundle_price":[],"bundled_items":[],"bundle_sell_ids":[],"yoast_head":"<!-- This site is optimized with the Yoast SEO Premium plugin v24.9 (Yoast SEO v24.9) - https:\/\/yoast.com\/wordpress\/plugins\/seo\/ -->\n<title>Gentle Foam Professional 200ml - Cremia Cosmetics<\/title>\n<meta name=\"robots\" content=\"index, follow, max-snippet:-1, max-image-preview:large, max-video-preview:-1\" \/>\n<link rel=\"canonical\" href=\"https:\/\/staging.cremiacosmetics.com\/osszes-termek\/gentle-foam\/\" \/>\n<meta property=\"og:locale\" content=\"en_US\" \/>\n<meta property=\"og:type\" content=\"article\" \/>\n<meta property=\"og:title\" content=\"Gentle Foam Professional 200ml\" \/>\n<meta property=\"og:description\" content=\"P\u00faderes illat\u00fa k\u00edm\u00e9letes arctiszt\u00edt\u00f3 hab, n\u00f6v\u00e9nyi erdet\u0171, k\u00edm\u00e9l\u0151 tenzidekkel, hidrat\u00e1l\u00f3 damaszkuszi r\u00f3zsav\u00edzzel, glicerinnel \u00e9s \u00e1pol\u00f3 frakcion\u00e1lt k\u00f3kuszolajjal. Minden b\u0151rt\u00edpusra aj\u00e1nlott.  C\u00e9lja: A b\u0151r szennyez\u0151d\u00e9sekt\u0151l \u00e9s a sminkt\u0151l t\u00f6rt\u00e9n\u0151 megtiszt\u00edt\u00e1sa.  Alkalmaz\u00e1sa: Tegy\u00fcnk a vend\u00e9g b\u0151r\u00e9re a lemos\u00f3 habb\u00f3l megfelel\u0151 mennyis\u00e9get, majd nedves ujjakkal dolgozzuk \u00e1t k\u00f6rk\u00f6r\u00f6s mozdulatokkal az eg\u00e9sz arcot, bentr\u0151l-kifel\u00e9 haladva, \u00fcgyelve arra, hogy a b\u0151rt soha ne toljuk befel\u00e9 \u00e9s lefel\u00e9. Ezut\u00e1n nedves szivaccsal mossuk le.\" \/>\n<meta property=\"og:url\" content=\"https:\/\/staging.cremiacosmetics.com\/osszes-termek\/gentle-foam\/\" \/>\n<meta property=\"og:site_name\" content=\"Cremia Cosmetics\" \/>\n<meta property=\"article:publisher\" content=\"https:\/\/www.facebook.com\/cremiacosmetics\" \/>\n<meta property=\"article:modified_time\" content=\"2025-03-11T08:35:24+00:00\" \/>\n<meta property=\"og:image\" content=\"https:\/\/staging.cremiacosmetics.com\/wp-content\/uploads\/2024\/03\/Cremia_Professional_Gentle-Foam_800.jpg\" \/>\n\t<meta property=\"og:image:width\" content=\"800\" \/>\n\t<meta property=\"og:image:height\" content=\"800\" \/>\n\t<meta property=\"og:image:type\" content=\"image\/jpeg\" \/>\n<meta name=\"twitter:card\" content=\"summary_large_image\" \/>\n<meta name=\"twitter:label1\" content=\"Price\" \/>\n\t<meta name=\"twitter:data1\" content=\"\" \/>\n\t<meta name=\"twitter:label2\" content=\"Availability\" \/>\n\t<meta name=\"twitter:data2\" content=\"In stock\" \/>\n<script type=\"application\/ld+json\" class=\"yoast-schema-graph\">{\"@context\":\"https:\/\/schema.org\",\"@graph\":[{\"@type\":\"WebPage\",\"@id\":\"https:\/\/staging.cremiacosmetics.com\/osszes-termek\/gentle-foam\/\",\"url\":\"https:\/\/staging.cremiacosmetics.com\/osszes-termek\/gentle-foam\/\",\"name\":\"Gentle Foam Professional 200ml - Cremia Cosmetics\",\"isPartOf\":{\"@id\":\"https:\/\/staging.cremiacosmetics.com\/#website\"},\"primaryImageOfPage\":{\"@id\":\"https:\/\/staging.cremiacosmetics.com\/osszes-termek\/gentle-foam\/#primaryimage\"},\"image\":{\"@id\":\"https:\/\/staging.cremiacosmetics.com\/osszes-termek\/gentle-foam\/#primaryimage\"},\"thumbnailUrl\":\"https:\/\/staging.cremiacosmetics.com\/wp-content\/uploads\/2024\/03\/Cremia_Professional_Gentle-Foam_800.jpg\",\"datePublished\":\"2021-11-02T09:12:26+00:00\",\"dateModified\":\"2025-03-11T08:35:24+00:00\",\"breadcrumb\":{\"@id\":\"https:\/\/staging.cremiacosmetics.com\/osszes-termek\/gentle-foam\/#breadcrumb\"},\"inLanguage\":\"en-US\",\"potentialAction\":[{\"@type\":\"ReadAction\",\"target\":[\"https:\/\/staging.cremiacosmetics.com\/osszes-termek\/gentle-foam\/\"]}]},{\"@type\":\"ImageObject\",\"inLanguage\":\"en-US\",\"@id\":\"https:\/\/staging.cremiacosmetics.com\/osszes-termek\/gentle-foam\/#primaryimage\",\"url\":\"https:\/\/staging.cremiacosmetics.com\/wp-content\/uploads\/2024\/03\/Cremia_Professional_Gentle-Foam_800.jpg\",\"contentUrl\":\"https:\/\/staging.cremiacosmetics.com\/wp-content\/uploads\/2024\/03\/Cremia_Professional_Gentle-Foam_800.jpg\",\"width\":800,\"height\":800,\"caption\":\"Gentle Foam Professional 200ml\"},{\"@type\":\"BreadcrumbList\",\"@id\":\"https:\/\/staging.cremiacosmetics.com\/osszes-termek\/gentle-foam\/#breadcrumb\",\"itemListElement\":[{\"@type\":\"ListItem\",\"position\":1,\"name\":\"Kezd\u0151lap\",\"item\":\"https:\/\/staging.cremiacosmetics.com\/\"},{\"@type\":\"ListItem\",\"position\":2,\"name\":\"\u00d6sszes term\u00e9k\",\"item\":\"https:\/\/staging.cremiacosmetics.com\/?page_id=15931\"},{\"@type\":\"ListItem\",\"position\":3,\"name\":\"Gentle Foam Professional 200ml\"}]},{\"@type\":\"WebSite\",\"@id\":\"https:\/\/staging.cremiacosmetics.com\/#website\",\"url\":\"https:\/\/staging.cremiacosmetics.com\/\",\"name\":\"Cremia Cosmetics\",\"description\":\"Nature-powered beauty\",\"publisher\":{\"@id\":\"https:\/\/staging.cremiacosmetics.com\/#organization\"},\"potentialAction\":[{\"@type\":\"SearchAction\",\"target\":{\"@type\":\"EntryPoint\",\"urlTemplate\":\"https:\/\/staging.cremiacosmetics.com\/?s={search_term_string}\"},\"query-input\":{\"@type\":\"PropertyValueSpecification\",\"valueRequired\":true,\"valueName\":\"search_term_string\"}}],\"inLanguage\":\"en-US\"},{\"@type\":\"Organization\",\"@id\":\"https:\/\/staging.cremiacosmetics.com\/#organization\",\"name\":\"Cremia Cosmetics\",\"url\":\"https:\/\/staging.cremiacosmetics.com\/\",\"logo\":{\"@type\":\"ImageObject\",\"inLanguage\":\"en-US\",\"@id\":\"https:\/\/staging.cremiacosmetics.com\/#\/schema\/logo\/image\/\",\"url\":\"https:\/\/staging.cremiacosmetics.com\/wp-content\/uploads\/2024\/03\/Cremia-logo-15x15mm.svg\",\"contentUrl\":\"https:\/\/staging.cremiacosmetics.com\/wp-content\/uploads\/2024\/03\/Cremia-logo-15x15mm.svg\",\"width\":42,\"height\":42,\"caption\":\"Cremia Cosmetics\"},\"image\":{\"@id\":\"https:\/\/staging.cremiacosmetics.com\/#\/schema\/logo\/image\/\"},\"sameAs\":[\"https:\/\/www.facebook.com\/cremiacosmetics\",\"https:\/\/www.instagram.com\/cremiacosmetics\/\"]}]}<\/script>\n<meta property=\"product:price:amount\" content=\"0\" \/>\n<meta property=\"product:price:currency\" content=\"HUF\" \/>\n<meta property=\"og:availability\" content=\"instock\" \/>\n<meta property=\"product:availability\" content=\"instock\" \/>\n<meta property=\"product:retailer_item_id\" content=\"C-GFP-HU-200\" \/>\n<meta property=\"product:condition\" content=\"new\" \/>\n<!-- \/ Yoast SEO Premium plugin. -->","yoast_head_json":{"title":"Gentle Foam Professional 200ml - Cremia Cosmetics","robots":{"index":"index","follow":"follow","max-snippet":"max-snippet:-1","max-image-preview":"max-image-preview:large","max-video-preview":"max-video-preview:-1"},"canonical":"https:\/\/staging.cremiacosmetics.com\/osszes-termek\/gentle-foam\/","og_locale":"en_US","og_type":"article","og_title":"Gentle Foam Professional 200ml","og_description":"P\u00faderes illat\u00fa k\u00edm\u00e9letes arctiszt\u00edt\u00f3 hab, n\u00f6v\u00e9nyi erdet\u0171, k\u00edm\u00e9l\u0151 tenzidekkel, hidrat\u00e1l\u00f3 damaszkuszi r\u00f3zsav\u00edzzel, glicerinnel \u00e9s \u00e1pol\u00f3 frakcion\u00e1lt k\u00f3kuszolajjal. Minden b\u0151rt\u00edpusra aj\u00e1nlott.  C\u00e9lja: A b\u0151r szennyez\u0151d\u00e9sekt\u0151l \u00e9s a sminkt\u0151l t\u00f6rt\u00e9n\u0151 megtiszt\u00edt\u00e1sa.  Alkalmaz\u00e1sa: Tegy\u00fcnk a vend\u00e9g b\u0151r\u00e9re a lemos\u00f3 habb\u00f3l megfelel\u0151 mennyis\u00e9get, majd nedves ujjakkal dolgozzuk \u00e1t k\u00f6rk\u00f6r\u00f6s mozdulatokkal az eg\u00e9sz arcot, bentr\u0151l-kifel\u00e9 haladva, \u00fcgyelve arra, hogy a b\u0151rt soha ne toljuk befel\u00e9 \u00e9s lefel\u00e9. Ezut\u00e1n nedves szivaccsal mossuk le.","og_url":"https:\/\/staging.cremiacosmetics.com\/osszes-termek\/gentle-foam\/","og_site_name":"Cremia Cosmetics","article_publisher":"https:\/\/www.facebook.com\/cremiacosmetics","article_modified_time":"2025-03-11T08:35:24+00:00","og_image":[{"width":800,"height":800,"url":"https:\/\/staging.cremiacosmetics.com\/wp-content\/uploads\/2024\/03\/Cremia_Professional_Gentle-Foam_800.jpg","type":"image\/jpeg"}],"twitter_card":"summary_large_image","twitter_misc":{"Price":"","Availability":"In stock"},"schema":{"@context":"https:\/\/schema.org","@graph":[{"@type":"WebPage","@id":"https:\/\/staging.cremiacosmetics.com\/osszes-termek\/gentle-foam\/","url":"https:\/\/staging.cremiacosmetics.com\/osszes-termek\/gentle-foam\/","name":"Gentle Foam Professional 200ml - Cremia Cosmetics","isPartOf":{"@id":"https:\/\/staging.cremiacosmetics.com\/#website"},"primaryImageOfPage":{"@id":"https:\/\/staging.cremiacosmetics.com\/osszes-termek\/gentle-foam\/#primaryimage"},"image":{"@id":"https:\/\/staging.cremiacosmetics.com\/osszes-termek\/gentle-foam\/#primaryimage"},"thumbnailUrl":"https:\/\/staging.cremiacosmetics.com\/wp-content\/uploads\/2024\/03\/Cremia_Professional_Gentle-Foam_800.jpg","datePublished":"2021-11-02T09:12:26+00:00","dateModified":"2025-03-11T08:35:24+00:00","breadcrumb":{"@id":"https:\/\/staging.cremiacosmetics.com\/osszes-termek\/gentle-foam\/#breadcrumb"},"inLanguage":"en-US","potentialAction":[{"@type":"ReadAction","target":["https:\/\/staging.cremiacosmetics.com\/osszes-termek\/gentle-foam\/"]}]},{"@type":"ImageObject","inLanguage":"en-US","@id":"https:\/\/staging.cremiacosmetics.com\/osszes-termek\/gentle-foam\/#primaryimage","url":"https:\/\/staging.cremiacosmetics.com\/wp-content\/uploads\/2024\/03\/Cremia_Professional_Gentle-Foam_800.jpg","contentUrl":"https:\/\/staging.cremiacosmetics.com\/wp-content\/uploads\/2024\/03\/Cremia_Professional_Gentle-Foam_800.jpg","width":800,"height":800,"caption":"Gentle Foam Professional 200ml"},{"@type":"BreadcrumbList","@id":"https:\/\/staging.cremiacosmetics.com\/osszes-termek\/gentle-foam\/#breadcrumb","itemListElement":[{"@type":"ListItem","position":1,"name":"Kezd\u0151lap","item":"https:\/\/staging.cremiacosmetics.com\/"},{"@type":"ListItem","position":2,"name":"\u00d6sszes term\u00e9k","item":"https:\/\/staging.cremiacosmetics.com\/?page_id=15931"},{"@type":"ListItem","position":3,"name":"Gentle Foam Professional 200ml"}]},{"@type":"WebSite","@id":"https:\/\/staging.cremiacosmetics.com\/#website","url":"https:\/\/staging.cremiacosmetics.com\/","name":"Cremia Cosmetics","description":"Nature-powered beauty","publisher":{"@id":"https:\/\/staging.cremiacosmetics.com\/#organization"},"potentialAction":[{"@type":"SearchAction","target":{"@type":"EntryPoint","urlTemplate":"https:\/\/staging.cremiacosmetics.com\/?s={search_term_string}"},"query-input":{"@type":"PropertyValueSpecification","valueRequired":true,"valueName":"search_term_string"}}],"inLanguage":"en-US"},{"@type":"Organization","@id":"https:\/\/staging.cremiacosmetics.com\/#organization","name":"Cremia Cosmetics","url":"https:\/\/staging.cremiacosmetics.com\/","logo":{"@type":"ImageObject","inLanguage":"en-US","@id":"https:\/\/staging.cremiacosmetics.com\/#\/schema\/logo\/image\/","url":"https:\/\/staging.cremiacosmetics.com\/wp-content\/uploads\/2024\/03\/Cremia-logo-15x15mm.svg","contentUrl":"https:\/\/staging.cremiacosmetics.com\/wp-content\/uploads\/2024\/03\/Cremia-logo-15x15mm.svg","width":42,"height":42,"caption":"Cremia Cosmetics"},"image":{"@id":"https:\/\/staging.cremiacosmetics.com\/#\/schema\/logo\/image\/"},"sameAs":["https:\/\/www.facebook.com\/cremiacosmetics","https:\/\/www.instagram.com\/cremiacosmetics\/"]}]},"product_price_currency":"HUF","og_availability":"instock","product_availability":"instock","product_retailer_item_id":"C-GFP-HU-200","product_condition":"new"},"_links":{"self":[{"href":"https:\/\/staging.cremiacosmetics.com\/index.php?rest_route=\/wp\/v2\/product\/25741","targetHints":{"allow":["GET"]}}],"collection":[{"href":"https:\/\/staging.cremiacosmetics.com\/index.php?rest_route=\/wp\/v2\/product"}],"about":[{"href":"https:\/\/staging.cremiacosmetics.com\/index.php?rest_route=\/wp\/v2\/types\/product"}],"replies":[{"embeddable":true,"href":"https:\/\/staging.cremiacosmetics.com\/index.php?rest_route=%2Fwp%2Fv2%2Fcomments&post=25741"}],"version-history":[{"count":2,"href":"https:\/\/staging.cremiacosmetics.com\/index.php?rest_route=\/wp\/v2\/product\/25741\/revisions"}],"predecessor-version":[{"id":35258,"href":"https:\/\/staging.cremiacosmetics.com\/index.php?rest_route=\/wp\/v2\/product\/25741\/revisions\/35258"}],"wp:featuredmedia":[{"embeddable":true,"href":"https:\/\/staging.cremiacosmetics.com\/index.php?rest_route=\/wp\/v2\/media\/33164"}],"wp:attachment":[{"href":"https:\/\/staging.cremiacosmetics.com\/index.php?rest_route=%2Fwp%2Fv2%2Fmedia&parent=25741"}],"wp:term":[{"taxonomy":"product_brand","embeddable":true,"href":"https:\/\/staging.cremiacosmetics.com\/index.php?rest_route=%2Fwp%2Fv2%2Fproduct_brand&post=25741"},{"taxonomy":"product_cat","embeddable":true,"href":"https:\/\/staging.cremiacosmetics.com\/index.php?rest_route=%2Fwp%2Fv2%2Fproduct_cat&post=25741"},{"taxonomy":"product_tag","embeddable":true,"href":"https:\/\/staging.cremiacosmetics.com\/index.php?rest_route=%2Fwp%2Fv2%2Fproduct_tag&post=25741"}],"curies":[{"name":"wp","href":"https:\/\/api.w.org\/{rel}","templated":true}]}}