{"id":24944,"date":"2021-06-08T02:26:21","date_gmt":"2021-06-08T00:26:21","guid":{"rendered":"https:\/\/cremiocosmetics.com\/?post_type=product&#038;p=24944"},"modified":"2025-03-11T09:35:21","modified_gmt":"2025-03-11T08:35:21","slug":"spf-25-naptej-100ml","status":"publish","type":"product","link":"https:\/\/staging.cremiacosmetics.com\/?product=spf-25-naptej-100ml","title":{"rendered":"SPF 25 Naptej 100 ml"},"content":{"rendered":"<p><strong>F\u0151 alapanyagok<\/strong>:<\/p>\n<ul>\n<li>Tit\u00e1n dioxid: fizikai f\u00e9nyv\u00e9delem<\/li>\n<li>Pong\u00e1mia olaj: antioxid\u00e1n, b\u0151rv\u00e9d\u0151 kieg\u00e9sz\u00edt\u0151 f\u00e9nyv\u00e9delem<\/li>\n<li>Aloe Vera g\u00e9l: b\u0151rnyugtat\u00f3, hidrat\u00e1l\u00f3 hat\u00e1s<\/li>\n<li>K\u00f3kuszvaj: hidrat\u00e1l\u00f3, b\u0151rv\u00e9d\u0151 hat\u00e1s<\/li>\n<li>Napraforg\u00f3magolaj: b\u0151rpuh\u00edt\u00f3, \u00e1pol\u00f3 hat\u00e1s<\/li>\n<li>Jojoba olaj: b\u0151rpuh\u00edt\u00f3, \u00e1pol\u00f3 hat\u00e1s<\/li>\n<li>Shea vaj: b\u0151rv\u00e9d\u0151, \u00e1pol\u00f3, hidrat\u00e1l\u00f3 hat\u00e1s<\/li>\n<li>E-vitamin: antioxid\u00e1ns, b\u0151rv\u00e9d\u0151 hat\u00e1s<\/li>\n<\/ul>\n<p>&nbsp;<\/p>\n<p><strong>INCI:<\/strong>Aqua, Cocos nucifera, Helianthus annuus seed oil, Cetearyl alcohol, Coco-glucoside, Butyrospermum parkii, Titanium Dioxide, Polyglyceryl-2 Caprate, Sucrose Stearate, Simmondsia Chinensis Seed Oil, Stearic Acid, Alumina, Glyceryl Caprylate, Squalane, Phenoxyethanol, Xhanthan gum, Prunus armeniaca kernel oil, Aloe barbadensis lear juice powder, Citric acid, Tocopherol, Lactic acid, Benzoic acid, Dehydroacetic acid, Pongamia glabra seed oil, Parfum, citronellol, geraniol, linalool<\/p>\n<p>CPNP:3708803<\/p>\n","protected":false},"excerpt":{"rendered":"<p>Kellemes, levendula illat\u00fa, b\u0151rbar\u00e1t naptej a test eg\u00e9sz fel\u00fclet\u00e9nek f\u00e9nyv\u00e9delm\u00e9re. A fizikai f\u00e9nyv\u00e9d\u0151nek (tit\u00e1n-dioxidnak) \u00e9s a pong\u00e1mia olajnak k\u00f6sz\u00f6nhet\u0151en v\u00e9di b\u0151r\u00f6det a nap k\u00e1ros hat\u00e1sait\u00f3l.<\/p>\n<p>Hidrat\u00e1l\u00f3 aloe vera g\u00e9lt, \u00e1pol\u00f3 shea vajat, k\u00f3kusz olajat \u00e9s napraforg\u00f3mag olajat, jojoba olajat \u00e9s szkval\u00e1nt tartalmaz, melyeknek k\u00f6sz\u00f6nhet\u0151en a f\u00e9nyv\u00e9delem mellett b\u0151r\u00f6d \u00e1pol\u00e1s\u00e1r\u00f3l is gondoskodik.<\/p>\n<p><strong>Tudtad?<\/strong> A fizikai f\u00e9nyv\u00e9d\u0151k mint a tit\u00e1n-dioxid, nem sz\u00edv\u00f3dnak be a b\u0151rbe, felvitel\u00fck ut\u00e1n mintegy t\u00fck\u00f6rk\u00e9nt verik vissza a nap sugarait a b\u0151r felsz\u00edn\u00e9r\u0151l.<\/p>\n<p><strong>Aj\u00e1nljuk mell\u00e9<\/strong> napoz\u00e1s ut\u00e1ni test\u00e1pol\u00e1sra a shea vajas, panthenolos <a href=\"https:\/\/staging.cremiacosmetics.com\/product\/body-butter\/\">Body Butter testvaj<\/a>, vagy a <a href=\"https:\/\/staging.cremiacosmetics.com\/product\/silky-touch-body-milk\/\">hialuronos k\u00f6nnyedebb Silky Touch test\u00e1pol\u00f3<\/a>, illetve az illatoz\u00f3 <a href=\"https:\/\/staging.cremiacosmetics.com\/product\/relax-body-oil-masszazsolaj\/\">Relax testolaj<\/a> haszn\u00e1lat\u00e1t. Az arc \u00e9jszakai \u00e1pol\u00e1s\u00e1ra a <a href=\"https:\/\/staging.cremiacosmetics.com\/product\/night-repair-shea-and-q10\/\">Night repair shea Q10 \u00e9jszakai arckr\u00e9met<\/a>.<\/p>\n<p>B\u00e1rmely b\u0151rt\u00edpusra aj\u00e1nljuk 3 \u00e9ves kor felett<\/p>\n<p>Vigy\u00e9l fel a napsug\u00e1rz\u00e1snak kitett testfel\u00fcletre 1-2 pump\u00e1l\u00e1snyi naptejet \u00e9s egyenletesen oszlasd el a testeden. V\u00edzold\u00e9kony, \u00edgy f\u00fcrd\u00e9s ut\u00e1n ism\u00e9telten kend be magad a naptejjel. Enyhe feh\u00e9r bevonatot hagy a b\u0151r\u00f6n. B\u00e1rmely b\u0151rt\u00edpusra, mindennapi napoz\u00e1shoz aj\u00e1nljuk. 3 \u00e9ves kor feletti gyerekek is haszn\u00e1lhatj\u00e1k.<\/p>\n<p>100 ml<\/p>\n","protected":false},"featured_media":33203,"comment_status":"open","ping_status":"closed","template":"","meta":[],"product_brand":[],"product_cat":[825,1163,482],"product_tag":[841,829,843,582,831,839],"class_list":{"0":"post-24944","1":"product","2":"type-product","3":"status-publish","4":"has-post-thumbnail","6":"product_cat-bb-es-spf","7":"product_cat-lakossagi-termekek","8":"product_cat-osszes","9":"product_tag-faktor","10":"product_tag-fenyvedo","11":"product_tag-fizikai-fenyvedelem","12":"product_tag-hidratalas","13":"product_tag-spf","14":"product_tag-termeszetes-fenyvedelem","16":"first","17":"instock","18":"taxable","19":"shipping-taxable","20":"purchasable","21":"product-type-simple"},"bundled_by":[],"bundle_stock_status":"instock","bundle_stock_quantity":null,"bundle_virtual":false,"bundle_layout":"","bundle_add_to_cart_form_location":"","bundle_editable_in_cart":false,"bundle_sold_individually_context":"","bundle_item_grouping":"","bundle_min_size":"","bundle_max_size":"","bundle_price":[],"bundled_items":[],"bundle_sell_ids":[],"yoast_head":"<!-- This site is optimized with the Yoast SEO Premium plugin v24.9 (Yoast SEO v24.9) - https:\/\/yoast.com\/wordpress\/plugins\/seo\/ -->\n<title>SPF 25 Naptej 100 ml - Cremia Cosmetics<\/title>\n<meta name=\"robots\" content=\"index, follow, max-snippet:-1, max-image-preview:large, max-video-preview:-1\" \/>\n<link rel=\"canonical\" href=\"https:\/\/staging.cremiacosmetics.com\/osszes-termek\/spf-25-naptej-100ml\/\" \/>\n<meta property=\"og:locale\" content=\"en_US\" \/>\n<meta property=\"og:type\" content=\"article\" \/>\n<meta property=\"og:title\" content=\"SPF 25 Naptej 100 ml\" \/>\n<meta property=\"og:description\" content=\"Kellemes, levendula illat\u00fa, b\u0151rbar\u00e1t naptej a test eg\u00e9sz fel\u00fclet\u00e9nek f\u00e9nyv\u00e9delm\u00e9re. A fizikai f\u00e9nyv\u00e9d\u0151nek (tit\u00e1n-dioxidnak) \u00e9s a pong\u00e1mia olajnak k\u00f6sz\u00f6nhet\u0151en v\u00e9di b\u0151r\u00f6det a nap k\u00e1ros hat\u00e1sait\u00f3l.  Hidrat\u00e1l\u00f3 aloe vera g\u00e9lt, \u00e1pol\u00f3 shea vajat, k\u00f3kusz olajat \u00e9s napraforg\u00f3mag olajat, jojoba olajat \u00e9s szkval\u00e1nt tartalmaz, melyeknek k\u00f6sz\u00f6nhet\u0151en a f\u00e9nyv\u00e9delem mellett b\u0151r\u00f6d \u00e1pol\u00e1s\u00e1r\u00f3l is gondoskodik.  Tudtad? A fizikai f\u00e9nyv\u00e9d\u0151k mint a tit\u00e1n-dioxid, nem sz\u00edv\u00f3dnak be a b\u0151rbe, felvitel\u00fck ut\u00e1n mintegy t\u00fck\u00f6rk\u00e9nt verik vissza a nap sugarait a b\u0151r felsz\u00edn\u00e9r\u0151l.  Aj\u00e1nljuk mell\u00e9 napoz\u00e1s ut\u00e1ni test\u00e1pol\u00e1sra a shea vajas, panthenolos Body Butter testvaj, vagy a hialuronos k\u00f6nnyedebb Silky Touch test\u00e1pol\u00f3, illetve az illatoz\u00f3 Relax testolaj haszn\u00e1lat\u00e1t. Az arc \u00e9jszakai \u00e1pol\u00e1s\u00e1ra a Night repair shea Q10 \u00e9jszakai arckr\u00e9met.  B\u00e1rmely b\u0151rt\u00edpusra aj\u00e1nljuk 3 \u00e9ves kor felett  Vigy\u00e9l fel a napsug\u00e1rz\u00e1snak kitett testfel\u00fcletre 1-2 pump\u00e1l\u00e1snyi naptejet \u00e9s egyenletesen oszlasd el a testeden. V\u00edzold\u00e9kony, \u00edgy f\u00fcrd\u00e9s ut\u00e1n ism\u00e9telten kend be magad a naptejjel. Enyhe feh\u00e9r bevonatot hagy a b\u0151r\u00f6n. B\u00e1rmely b\u0151rt\u00edpusra, mindennapi napoz\u00e1shoz aj\u00e1nljuk. 3 \u00e9ves kor feletti gyerekek is haszn\u00e1lhatj\u00e1k.  100 ml\" \/>\n<meta property=\"og:url\" content=\"https:\/\/staging.cremiacosmetics.com\/osszes-termek\/spf-25-naptej-100ml\/\" \/>\n<meta property=\"og:site_name\" content=\"Cremia Cosmetics\" \/>\n<meta property=\"article:publisher\" content=\"https:\/\/www.facebook.com\/cremiacosmetics\" \/>\n<meta property=\"article:modified_time\" content=\"2025-03-11T08:35:21+00:00\" \/>\n<meta property=\"og:image\" content=\"https:\/\/staging.cremiacosmetics.com\/wp-content\/uploads\/2024\/03\/Cremia_SPF25_800.jpg\" \/>\n\t<meta property=\"og:image:width\" content=\"800\" \/>\n\t<meta property=\"og:image:height\" content=\"800\" \/>\n\t<meta property=\"og:image:type\" content=\"image\/jpeg\" \/>\n<meta name=\"twitter:card\" content=\"summary_large_image\" \/>\n<meta name=\"twitter:label1\" content=\"Price\" \/>\n\t<meta name=\"twitter:data1\" content=\"8 590&nbsp;&#070;&#116;\" \/>\n\t<meta name=\"twitter:label2\" content=\"Availability\" \/>\n\t<meta name=\"twitter:data2\" content=\"In stock\" \/>\n<script type=\"application\/ld+json\" class=\"yoast-schema-graph\">{\"@context\":\"https:\/\/schema.org\",\"@graph\":[{\"@type\":\"WebPage\",\"@id\":\"https:\/\/staging.cremiacosmetics.com\/osszes-termek\/spf-25-naptej-100ml\/\",\"url\":\"https:\/\/staging.cremiacosmetics.com\/osszes-termek\/spf-25-naptej-100ml\/\",\"name\":\"SPF 25 Naptej 100 ml - Cremia Cosmetics\",\"isPartOf\":{\"@id\":\"https:\/\/staging.cremiacosmetics.com\/#website\"},\"primaryImageOfPage\":{\"@id\":\"https:\/\/staging.cremiacosmetics.com\/osszes-termek\/spf-25-naptej-100ml\/#primaryimage\"},\"image\":{\"@id\":\"https:\/\/staging.cremiacosmetics.com\/osszes-termek\/spf-25-naptej-100ml\/#primaryimage\"},\"thumbnailUrl\":\"https:\/\/staging.cremiacosmetics.com\/wp-content\/uploads\/2024\/03\/Cremia_SPF25_800.jpg\",\"datePublished\":\"2021-06-08T00:26:21+00:00\",\"dateModified\":\"2025-03-11T08:35:21+00:00\",\"breadcrumb\":{\"@id\":\"https:\/\/staging.cremiacosmetics.com\/osszes-termek\/spf-25-naptej-100ml\/#breadcrumb\"},\"inLanguage\":\"en-US\",\"potentialAction\":[{\"@type\":\"ReadAction\",\"target\":[\"https:\/\/staging.cremiacosmetics.com\/osszes-termek\/spf-25-naptej-100ml\/\"]}]},{\"@type\":\"ImageObject\",\"inLanguage\":\"en-US\",\"@id\":\"https:\/\/staging.cremiacosmetics.com\/osszes-termek\/spf-25-naptej-100ml\/#primaryimage\",\"url\":\"https:\/\/staging.cremiacosmetics.com\/wp-content\/uploads\/2024\/03\/Cremia_SPF25_800.jpg\",\"contentUrl\":\"https:\/\/staging.cremiacosmetics.com\/wp-content\/uploads\/2024\/03\/Cremia_SPF25_800.jpg\",\"width\":800,\"height\":800,\"caption\":\"Cremia SPF 25 Naptej\"},{\"@type\":\"BreadcrumbList\",\"@id\":\"https:\/\/staging.cremiacosmetics.com\/osszes-termek\/spf-25-naptej-100ml\/#breadcrumb\",\"itemListElement\":[{\"@type\":\"ListItem\",\"position\":1,\"name\":\"Kezd\u0151lap\",\"item\":\"https:\/\/staging.cremiacosmetics.com\/\"},{\"@type\":\"ListItem\",\"position\":2,\"name\":\"\u00d6sszes term\u00e9k\",\"item\":\"https:\/\/staging.cremiacosmetics.com\/?page_id=15931\"},{\"@type\":\"ListItem\",\"position\":3,\"name\":\"SPF 25 Naptej 100 ml\"}]},{\"@type\":\"WebSite\",\"@id\":\"https:\/\/staging.cremiacosmetics.com\/#website\",\"url\":\"https:\/\/staging.cremiacosmetics.com\/\",\"name\":\"Cremia Cosmetics\",\"description\":\"Nature-powered beauty\",\"publisher\":{\"@id\":\"https:\/\/staging.cremiacosmetics.com\/#organization\"},\"potentialAction\":[{\"@type\":\"SearchAction\",\"target\":{\"@type\":\"EntryPoint\",\"urlTemplate\":\"https:\/\/staging.cremiacosmetics.com\/?s={search_term_string}\"},\"query-input\":{\"@type\":\"PropertyValueSpecification\",\"valueRequired\":true,\"valueName\":\"search_term_string\"}}],\"inLanguage\":\"en-US\"},{\"@type\":\"Organization\",\"@id\":\"https:\/\/staging.cremiacosmetics.com\/#organization\",\"name\":\"Cremia Cosmetics\",\"url\":\"https:\/\/staging.cremiacosmetics.com\/\",\"logo\":{\"@type\":\"ImageObject\",\"inLanguage\":\"en-US\",\"@id\":\"https:\/\/staging.cremiacosmetics.com\/#\/schema\/logo\/image\/\",\"url\":\"https:\/\/staging.cremiacosmetics.com\/wp-content\/uploads\/2024\/03\/Cremia-logo-15x15mm.svg\",\"contentUrl\":\"https:\/\/staging.cremiacosmetics.com\/wp-content\/uploads\/2024\/03\/Cremia-logo-15x15mm.svg\",\"width\":42,\"height\":42,\"caption\":\"Cremia Cosmetics\"},\"image\":{\"@id\":\"https:\/\/staging.cremiacosmetics.com\/#\/schema\/logo\/image\/\"},\"sameAs\":[\"https:\/\/www.facebook.com\/cremiacosmetics\",\"https:\/\/www.instagram.com\/cremiacosmetics\/\"]}]}<\/script>\n<meta property=\"product:price:amount\" content=\"8590\" \/>\n<meta property=\"product:price:currency\" content=\"HUF\" \/>\n<meta property=\"og:availability\" content=\"instock\" \/>\n<meta property=\"product:availability\" content=\"instock\" \/>\n<meta property=\"product:retailer_item_id\" content=\"C-Spf25-HU-100\" \/>\n<meta property=\"product:condition\" content=\"new\" \/>\n<!-- \/ Yoast SEO Premium plugin. -->","yoast_head_json":{"title":"SPF 25 Naptej 100 ml - Cremia Cosmetics","robots":{"index":"index","follow":"follow","max-snippet":"max-snippet:-1","max-image-preview":"max-image-preview:large","max-video-preview":"max-video-preview:-1"},"canonical":"https:\/\/staging.cremiacosmetics.com\/osszes-termek\/spf-25-naptej-100ml\/","og_locale":"en_US","og_type":"article","og_title":"SPF 25 Naptej 100 ml","og_description":"Kellemes, levendula illat\u00fa, b\u0151rbar\u00e1t naptej a test eg\u00e9sz fel\u00fclet\u00e9nek f\u00e9nyv\u00e9delm\u00e9re. A fizikai f\u00e9nyv\u00e9d\u0151nek (tit\u00e1n-dioxidnak) \u00e9s a pong\u00e1mia olajnak k\u00f6sz\u00f6nhet\u0151en v\u00e9di b\u0151r\u00f6det a nap k\u00e1ros hat\u00e1sait\u00f3l.  Hidrat\u00e1l\u00f3 aloe vera g\u00e9lt, \u00e1pol\u00f3 shea vajat, k\u00f3kusz olajat \u00e9s napraforg\u00f3mag olajat, jojoba olajat \u00e9s szkval\u00e1nt tartalmaz, melyeknek k\u00f6sz\u00f6nhet\u0151en a f\u00e9nyv\u00e9delem mellett b\u0151r\u00f6d \u00e1pol\u00e1s\u00e1r\u00f3l is gondoskodik.  Tudtad? A fizikai f\u00e9nyv\u00e9d\u0151k mint a tit\u00e1n-dioxid, nem sz\u00edv\u00f3dnak be a b\u0151rbe, felvitel\u00fck ut\u00e1n mintegy t\u00fck\u00f6rk\u00e9nt verik vissza a nap sugarait a b\u0151r felsz\u00edn\u00e9r\u0151l.  Aj\u00e1nljuk mell\u00e9 napoz\u00e1s ut\u00e1ni test\u00e1pol\u00e1sra a shea vajas, panthenolos Body Butter testvaj, vagy a hialuronos k\u00f6nnyedebb Silky Touch test\u00e1pol\u00f3, illetve az illatoz\u00f3 Relax testolaj haszn\u00e1lat\u00e1t. Az arc \u00e9jszakai \u00e1pol\u00e1s\u00e1ra a Night repair shea Q10 \u00e9jszakai arckr\u00e9met.  B\u00e1rmely b\u0151rt\u00edpusra aj\u00e1nljuk 3 \u00e9ves kor felett  Vigy\u00e9l fel a napsug\u00e1rz\u00e1snak kitett testfel\u00fcletre 1-2 pump\u00e1l\u00e1snyi naptejet \u00e9s egyenletesen oszlasd el a testeden. V\u00edzold\u00e9kony, \u00edgy f\u00fcrd\u00e9s ut\u00e1n ism\u00e9telten kend be magad a naptejjel. Enyhe feh\u00e9r bevonatot hagy a b\u0151r\u00f6n. B\u00e1rmely b\u0151rt\u00edpusra, mindennapi napoz\u00e1shoz aj\u00e1nljuk. 3 \u00e9ves kor feletti gyerekek is haszn\u00e1lhatj\u00e1k.  100 ml","og_url":"https:\/\/staging.cremiacosmetics.com\/osszes-termek\/spf-25-naptej-100ml\/","og_site_name":"Cremia Cosmetics","article_publisher":"https:\/\/www.facebook.com\/cremiacosmetics","article_modified_time":"2025-03-11T08:35:21+00:00","og_image":[{"width":800,"height":800,"url":"https:\/\/staging.cremiacosmetics.com\/wp-content\/uploads\/2024\/03\/Cremia_SPF25_800.jpg","type":"image\/jpeg"}],"twitter_card":"summary_large_image","twitter_misc":{"Price":"8 590&nbsp;&#70;&#116;","Availability":"In stock"},"schema":{"@context":"https:\/\/schema.org","@graph":[{"@type":"WebPage","@id":"https:\/\/staging.cremiacosmetics.com\/osszes-termek\/spf-25-naptej-100ml\/","url":"https:\/\/staging.cremiacosmetics.com\/osszes-termek\/spf-25-naptej-100ml\/","name":"SPF 25 Naptej 100 ml - Cremia Cosmetics","isPartOf":{"@id":"https:\/\/staging.cremiacosmetics.com\/#website"},"primaryImageOfPage":{"@id":"https:\/\/staging.cremiacosmetics.com\/osszes-termek\/spf-25-naptej-100ml\/#primaryimage"},"image":{"@id":"https:\/\/staging.cremiacosmetics.com\/osszes-termek\/spf-25-naptej-100ml\/#primaryimage"},"thumbnailUrl":"https:\/\/staging.cremiacosmetics.com\/wp-content\/uploads\/2024\/03\/Cremia_SPF25_800.jpg","datePublished":"2021-06-08T00:26:21+00:00","dateModified":"2025-03-11T08:35:21+00:00","breadcrumb":{"@id":"https:\/\/staging.cremiacosmetics.com\/osszes-termek\/spf-25-naptej-100ml\/#breadcrumb"},"inLanguage":"en-US","potentialAction":[{"@type":"ReadAction","target":["https:\/\/staging.cremiacosmetics.com\/osszes-termek\/spf-25-naptej-100ml\/"]}]},{"@type":"ImageObject","inLanguage":"en-US","@id":"https:\/\/staging.cremiacosmetics.com\/osszes-termek\/spf-25-naptej-100ml\/#primaryimage","url":"https:\/\/staging.cremiacosmetics.com\/wp-content\/uploads\/2024\/03\/Cremia_SPF25_800.jpg","contentUrl":"https:\/\/staging.cremiacosmetics.com\/wp-content\/uploads\/2024\/03\/Cremia_SPF25_800.jpg","width":800,"height":800,"caption":"Cremia SPF 25 Naptej"},{"@type":"BreadcrumbList","@id":"https:\/\/staging.cremiacosmetics.com\/osszes-termek\/spf-25-naptej-100ml\/#breadcrumb","itemListElement":[{"@type":"ListItem","position":1,"name":"Kezd\u0151lap","item":"https:\/\/staging.cremiacosmetics.com\/"},{"@type":"ListItem","position":2,"name":"\u00d6sszes term\u00e9k","item":"https:\/\/staging.cremiacosmetics.com\/?page_id=15931"},{"@type":"ListItem","position":3,"name":"SPF 25 Naptej 100 ml"}]},{"@type":"WebSite","@id":"https:\/\/staging.cremiacosmetics.com\/#website","url":"https:\/\/staging.cremiacosmetics.com\/","name":"Cremia Cosmetics","description":"Nature-powered beauty","publisher":{"@id":"https:\/\/staging.cremiacosmetics.com\/#organization"},"potentialAction":[{"@type":"SearchAction","target":{"@type":"EntryPoint","urlTemplate":"https:\/\/staging.cremiacosmetics.com\/?s={search_term_string}"},"query-input":{"@type":"PropertyValueSpecification","valueRequired":true,"valueName":"search_term_string"}}],"inLanguage":"en-US"},{"@type":"Organization","@id":"https:\/\/staging.cremiacosmetics.com\/#organization","name":"Cremia Cosmetics","url":"https:\/\/staging.cremiacosmetics.com\/","logo":{"@type":"ImageObject","inLanguage":"en-US","@id":"https:\/\/staging.cremiacosmetics.com\/#\/schema\/logo\/image\/","url":"https:\/\/staging.cremiacosmetics.com\/wp-content\/uploads\/2024\/03\/Cremia-logo-15x15mm.svg","contentUrl":"https:\/\/staging.cremiacosmetics.com\/wp-content\/uploads\/2024\/03\/Cremia-logo-15x15mm.svg","width":42,"height":42,"caption":"Cremia Cosmetics"},"image":{"@id":"https:\/\/staging.cremiacosmetics.com\/#\/schema\/logo\/image\/"},"sameAs":["https:\/\/www.facebook.com\/cremiacosmetics","https:\/\/www.instagram.com\/cremiacosmetics\/"]}]},"product_price_amount":"8590","product_price_currency":"HUF","og_availability":"instock","product_availability":"instock","product_retailer_item_id":"C-Spf25-HU-100","product_condition":"new"},"_links":{"self":[{"href":"https:\/\/staging.cremiacosmetics.com\/index.php?rest_route=\/wp\/v2\/product\/24944","targetHints":{"allow":["GET"]}}],"collection":[{"href":"https:\/\/staging.cremiacosmetics.com\/index.php?rest_route=\/wp\/v2\/product"}],"about":[{"href":"https:\/\/staging.cremiacosmetics.com\/index.php?rest_route=\/wp\/v2\/types\/product"}],"replies":[{"embeddable":true,"href":"https:\/\/staging.cremiacosmetics.com\/index.php?rest_route=%2Fwp%2Fv2%2Fcomments&post=24944"}],"version-history":[{"count":1,"href":"https:\/\/staging.cremiacosmetics.com\/index.php?rest_route=\/wp\/v2\/product\/24944\/revisions"}],"predecessor-version":[{"id":34208,"href":"https:\/\/staging.cremiacosmetics.com\/index.php?rest_route=\/wp\/v2\/product\/24944\/revisions\/34208"}],"wp:featuredmedia":[{"embeddable":true,"href":"https:\/\/staging.cremiacosmetics.com\/index.php?rest_route=\/wp\/v2\/media\/33203"}],"wp:attachment":[{"href":"https:\/\/staging.cremiacosmetics.com\/index.php?rest_route=%2Fwp%2Fv2%2Fmedia&parent=24944"}],"wp:term":[{"taxonomy":"product_brand","embeddable":true,"href":"https:\/\/staging.cremiacosmetics.com\/index.php?rest_route=%2Fwp%2Fv2%2Fproduct_brand&post=24944"},{"taxonomy":"product_cat","embeddable":true,"href":"https:\/\/staging.cremiacosmetics.com\/index.php?rest_route=%2Fwp%2Fv2%2Fproduct_cat&post=24944"},{"taxonomy":"product_tag","embeddable":true,"href":"https:\/\/staging.cremiacosmetics.com\/index.php?rest_route=%2Fwp%2Fv2%2Fproduct_tag&post=24944"}],"curies":[{"name":"wp","href":"https:\/\/api.w.org\/{rel}","templated":true}]}}