{"id":24931,"date":"2021-06-07T23:29:34","date_gmt":"2021-06-07T21:29:34","guid":{"rendered":"https:\/\/cremiocosmetics.com\/?post_type=product&#038;p=24931"},"modified":"2025-03-11T09:35:19","modified_gmt":"2025-03-11T08:35:19","slug":"happy-hand-shea-vajas-kezkrem-levendula-50ml","status":"publish","type":"product","link":"https:\/\/staging.cremiacosmetics.com\/?product=happy-hand-shea-vajas-kezkrem-levendula-50ml","title":{"rendered":"Happy Hand shea vajas k\u00e9zkr\u00e9m levendula 50ml"},"content":{"rendered":"<p>\u00c9rt\u00e9kes \u00f6sszetev\u0151k alkotj\u00e1k:<\/p>\n<p><strong>Shea vaj<\/strong>: nagyon j\u00f3 \u00e1pol\u00f3, bevon\u00f3 tulajdons\u00e1gokkal rendelkezik. A cserepes, sz\u00e1raz, pikkelyes b\u0151rfelsz\u00ednt finoman bevonja \u00e9s ezzel megg\u00e1tolja a v\u00edz kip\u00e1rolg\u00e1s\u00e1t a b\u0151rb\u0151l.<\/p>\n<p><strong>Levendulav\u00edz:<\/strong> a levendula ill\u00f3olaj lep\u00e1rl\u00e1sakor keletkez\u0151 vir\u00e1gv\u00edz. Kellemes, \u00e9desk\u00e9s illata miatt kompon\u00e1ltuk ebbe a kr\u00e9mbe, mely amellett is \u00e9rezhet\u0151, hogy mag\u00e1t a levendula ill\u00f3olajat is felhaszn\u00e1ltuk.<\/p>\n<p><strong>Levendula ill\u00f3olaj<\/strong>: Lavandula Angustifolia fajt\u00e1j\u00fa levendul\u00e1b\u00f3l nyert ill\u00f3olaj.<\/p>\n<p><strong>Cetearyl Olivate, Sorbitan Olivate<\/strong>: ez az olivaolajb\u00f3l nyert emulge\u00e1tor teszi lehet\u0151v\u00e9, hogy a v\u00edzf\u00e1zis \u00e9s az olajf\u00e1zis egym\u00e1ssal stabil kr\u00e9met alkosson.<\/p>\n<p>\u00d6sszetev\u0151k: Aqua, Lavandula Angustifolia flower water, Butyruspermum Parkii (Shea) butter, Coco Caprylate, Cetearyl Olivate, Sorbitane Olivate, Phenoxyaethanol and Ethylhexylglyverin, stearic acid, Lavandula Angustifolia oil (geraniol, limonene, linalool)* *az ill\u00f3olaj term\u00e9szetes \u00f6sszetev\u0151i<\/p>\n<p>CPNP Reference: 3694370<\/p>\n","protected":false},"excerpt":{"rendered":"<p>Mi\u00e9rt fogod szeretni ezt a k\u00e9zkr\u00e9met?<\/p>\n<p>A Shea vaj hat\u00e9konyan t\u00e1pl\u00e1lja, v\u00e9di \u00e9s \u00e1polja a b\u0151rt. A bio levendulav\u00edznek \u00e9s a levendula ill\u00f3olajnak k\u00f6sz\u00f6nheti egyedi \u00e9desk\u00e9s levendul\u00e1s illat\u00e1t. Nagyon gyorsan besz\u00edv\u00f3dik \u00e9s pillanatok alatt puh\u00e1v\u00e1 teszi a b\u0151rt. P\u00faderes ut\u00f3\u00e9rzetet ny\u00fajt\u00f3, k\u00f6nnyed k\u00e9zkr\u00e9m. Nem hagy ragacsos ut\u00f3\u00e9rzetet.<\/p>\n<p>Naponta 2 alkalommal kenj fel 1-1 di\u00f3nyi mennyis\u00e9g\u0171 kr\u00e9met mindk\u00e9t kez\u00e9re. J\u00f3l kombin\u00e1lhat\u00f3 a Cremia sz\u00e9rumokkal.<\/p>\n<p>50 ml<\/p>\n<p>H\u0171v\u00f6s helyen t\u00e1roland\u00f3.<\/p>\n","protected":false},"featured_media":33135,"comment_status":"open","ping_status":"closed","template":"","meta":[],"product_brand":[],"product_cat":[310,634,639,1163,827,482],"product_tag":[],"class_list":{"0":"post-24931","1":"product","2":"type-product","3":"status-publish","4":"has-post-thumbnail","6":"product_cat-kez-es-labapolas","7":"product_cat-kezapolas-shea-vajas-kezkremekkel","8":"product_cat-kezapolas","9":"product_cat-lakossagi-termekek","10":"product_cat-levendulas-termekeink","11":"product_cat-osszes","13":"first","14":"instock","15":"taxable","16":"shipping-taxable","17":"purchasable","18":"product-type-simple"},"bundled_by":[],"bundle_stock_status":"instock","bundle_stock_quantity":null,"bundle_virtual":false,"bundle_layout":"","bundle_add_to_cart_form_location":"","bundle_editable_in_cart":false,"bundle_sold_individually_context":"","bundle_item_grouping":"","bundle_min_size":"","bundle_max_size":"","bundle_price":[],"bundled_items":[],"bundle_sell_ids":[],"yoast_head":"<!-- This site is optimized with the Yoast SEO Premium plugin v24.9 (Yoast SEO v24.9) - https:\/\/yoast.com\/wordpress\/plugins\/seo\/ -->\n<title>Happy Hand shea vajas k\u00e9zkr\u00e9m levendula 50ml - Cremia Cosmetics<\/title>\n<meta name=\"robots\" content=\"index, follow, max-snippet:-1, max-image-preview:large, max-video-preview:-1\" \/>\n<link rel=\"canonical\" href=\"https:\/\/staging.cremiacosmetics.com\/osszes-termek\/happy-hand-shea-vajas-kezkrem-levendula-50ml\/\" \/>\n<meta property=\"og:locale\" content=\"en_US\" \/>\n<meta property=\"og:type\" content=\"article\" \/>\n<meta property=\"og:title\" content=\"Happy Hand shea vajas k\u00e9zkr\u00e9m levendula 50ml\" \/>\n<meta property=\"og:description\" content=\"Mi\u00e9rt fogod szeretni ezt a k\u00e9zkr\u00e9met?  A Shea vaj hat\u00e9konyan t\u00e1pl\u00e1lja, v\u00e9di \u00e9s \u00e1polja a b\u0151rt. A bio levendulav\u00edznek \u00e9s a levendula ill\u00f3olajnak k\u00f6sz\u00f6nheti egyedi \u00e9desk\u00e9s levendul\u00e1s illat\u00e1t. Nagyon gyorsan besz\u00edv\u00f3dik \u00e9s pillanatok alatt puh\u00e1v\u00e1 teszi a b\u0151rt. P\u00faderes ut\u00f3\u00e9rzetet ny\u00fajt\u00f3, k\u00f6nnyed k\u00e9zkr\u00e9m. Nem hagy ragacsos ut\u00f3\u00e9rzetet.  Naponta 2 alkalommal kenj fel 1-1 di\u00f3nyi mennyis\u00e9g\u0171 kr\u00e9met mindk\u00e9t kez\u00e9re. J\u00f3l kombin\u00e1lhat\u00f3 a Cremia sz\u00e9rumokkal.  50 ml  H\u0171v\u00f6s helyen t\u00e1roland\u00f3.\" \/>\n<meta property=\"og:url\" content=\"https:\/\/staging.cremiacosmetics.com\/osszes-termek\/happy-hand-shea-vajas-kezkrem-levendula-50ml\/\" \/>\n<meta property=\"og:site_name\" content=\"Cremia Cosmetics\" \/>\n<meta property=\"article:publisher\" content=\"https:\/\/www.facebook.com\/cremiacosmetics\" \/>\n<meta property=\"article:modified_time\" content=\"2025-03-11T08:35:19+00:00\" \/>\n<meta property=\"og:image\" content=\"https:\/\/staging.cremiacosmetics.com\/wp-content\/uploads\/2024\/03\/Cremia_Happy-Hand-levendula_800.jpg\" \/>\n\t<meta property=\"og:image:width\" content=\"800\" \/>\n\t<meta property=\"og:image:height\" content=\"800\" \/>\n\t<meta property=\"og:image:type\" content=\"image\/jpeg\" \/>\n<meta name=\"twitter:card\" content=\"summary_large_image\" \/>\n<meta name=\"twitter:label1\" content=\"Price\" \/>\n\t<meta name=\"twitter:data1\" content=\"5 290&nbsp;&#070;&#116;\" \/>\n\t<meta name=\"twitter:label2\" content=\"Availability\" \/>\n\t<meta name=\"twitter:data2\" content=\"In stock\" \/>\n<script type=\"application\/ld+json\" class=\"yoast-schema-graph\">{\"@context\":\"https:\/\/schema.org\",\"@graph\":[{\"@type\":\"WebPage\",\"@id\":\"https:\/\/staging.cremiacosmetics.com\/osszes-termek\/happy-hand-shea-vajas-kezkrem-levendula-50ml\/\",\"url\":\"https:\/\/staging.cremiacosmetics.com\/osszes-termek\/happy-hand-shea-vajas-kezkrem-levendula-50ml\/\",\"name\":\"Happy Hand shea vajas k\u00e9zkr\u00e9m levendula 50ml - Cremia Cosmetics\",\"isPartOf\":{\"@id\":\"https:\/\/staging.cremiacosmetics.com\/#website\"},\"primaryImageOfPage\":{\"@id\":\"https:\/\/staging.cremiacosmetics.com\/osszes-termek\/happy-hand-shea-vajas-kezkrem-levendula-50ml\/#primaryimage\"},\"image\":{\"@id\":\"https:\/\/staging.cremiacosmetics.com\/osszes-termek\/happy-hand-shea-vajas-kezkrem-levendula-50ml\/#primaryimage\"},\"thumbnailUrl\":\"https:\/\/staging.cremiacosmetics.com\/wp-content\/uploads\/2024\/03\/Cremia_Happy-Hand-levendula_800.jpg\",\"datePublished\":\"2021-06-07T21:29:34+00:00\",\"dateModified\":\"2025-03-11T08:35:19+00:00\",\"breadcrumb\":{\"@id\":\"https:\/\/staging.cremiacosmetics.com\/osszes-termek\/happy-hand-shea-vajas-kezkrem-levendula-50ml\/#breadcrumb\"},\"inLanguage\":\"en-US\",\"potentialAction\":[{\"@type\":\"ReadAction\",\"target\":[\"https:\/\/staging.cremiacosmetics.com\/osszes-termek\/happy-hand-shea-vajas-kezkrem-levendula-50ml\/\"]}]},{\"@type\":\"ImageObject\",\"inLanguage\":\"en-US\",\"@id\":\"https:\/\/staging.cremiacosmetics.com\/osszes-termek\/happy-hand-shea-vajas-kezkrem-levendula-50ml\/#primaryimage\",\"url\":\"https:\/\/staging.cremiacosmetics.com\/wp-content\/uploads\/2024\/03\/Cremia_Happy-Hand-levendula_800.jpg\",\"contentUrl\":\"https:\/\/staging.cremiacosmetics.com\/wp-content\/uploads\/2024\/03\/Cremia_Happy-Hand-levendula_800.jpg\",\"width\":800,\"height\":800,\"caption\":\"Cremia Happy Hand levendula\"},{\"@type\":\"BreadcrumbList\",\"@id\":\"https:\/\/staging.cremiacosmetics.com\/osszes-termek\/happy-hand-shea-vajas-kezkrem-levendula-50ml\/#breadcrumb\",\"itemListElement\":[{\"@type\":\"ListItem\",\"position\":1,\"name\":\"Kezd\u0151lap\",\"item\":\"https:\/\/staging.cremiacosmetics.com\/\"},{\"@type\":\"ListItem\",\"position\":2,\"name\":\"\u00d6sszes term\u00e9k\",\"item\":\"https:\/\/staging.cremiacosmetics.com\/?page_id=15931\"},{\"@type\":\"ListItem\",\"position\":3,\"name\":\"Happy Hand shea vajas k\u00e9zkr\u00e9m levendula 50ml\"}]},{\"@type\":\"WebSite\",\"@id\":\"https:\/\/staging.cremiacosmetics.com\/#website\",\"url\":\"https:\/\/staging.cremiacosmetics.com\/\",\"name\":\"Cremia Cosmetics\",\"description\":\"Nature-powered beauty\",\"publisher\":{\"@id\":\"https:\/\/staging.cremiacosmetics.com\/#organization\"},\"potentialAction\":[{\"@type\":\"SearchAction\",\"target\":{\"@type\":\"EntryPoint\",\"urlTemplate\":\"https:\/\/staging.cremiacosmetics.com\/?s={search_term_string}\"},\"query-input\":{\"@type\":\"PropertyValueSpecification\",\"valueRequired\":true,\"valueName\":\"search_term_string\"}}],\"inLanguage\":\"en-US\"},{\"@type\":\"Organization\",\"@id\":\"https:\/\/staging.cremiacosmetics.com\/#organization\",\"name\":\"Cremia Cosmetics\",\"url\":\"https:\/\/staging.cremiacosmetics.com\/\",\"logo\":{\"@type\":\"ImageObject\",\"inLanguage\":\"en-US\",\"@id\":\"https:\/\/staging.cremiacosmetics.com\/#\/schema\/logo\/image\/\",\"url\":\"https:\/\/staging.cremiacosmetics.com\/wp-content\/uploads\/2024\/03\/Cremia-logo-15x15mm.svg\",\"contentUrl\":\"https:\/\/staging.cremiacosmetics.com\/wp-content\/uploads\/2024\/03\/Cremia-logo-15x15mm.svg\",\"width\":42,\"height\":42,\"caption\":\"Cremia Cosmetics\"},\"image\":{\"@id\":\"https:\/\/staging.cremiacosmetics.com\/#\/schema\/logo\/image\/\"},\"sameAs\":[\"https:\/\/www.facebook.com\/cremiacosmetics\",\"https:\/\/www.instagram.com\/cremiacosmetics\/\"]}]}<\/script>\n<meta property=\"product:price:amount\" content=\"5290\" \/>\n<meta property=\"product:price:currency\" content=\"HUF\" \/>\n<meta property=\"og:availability\" content=\"instock\" \/>\n<meta property=\"product:availability\" content=\"instock\" \/>\n<meta property=\"product:retailer_item_id\" content=\"C-HHl-HU-50\" \/>\n<meta property=\"product:condition\" content=\"new\" \/>\n<!-- \/ Yoast SEO Premium plugin. -->","yoast_head_json":{"title":"Happy Hand shea vajas k\u00e9zkr\u00e9m levendula 50ml - Cremia Cosmetics","robots":{"index":"index","follow":"follow","max-snippet":"max-snippet:-1","max-image-preview":"max-image-preview:large","max-video-preview":"max-video-preview:-1"},"canonical":"https:\/\/staging.cremiacosmetics.com\/osszes-termek\/happy-hand-shea-vajas-kezkrem-levendula-50ml\/","og_locale":"en_US","og_type":"article","og_title":"Happy Hand shea vajas k\u00e9zkr\u00e9m levendula 50ml","og_description":"Mi\u00e9rt fogod szeretni ezt a k\u00e9zkr\u00e9met?  A Shea vaj hat\u00e9konyan t\u00e1pl\u00e1lja, v\u00e9di \u00e9s \u00e1polja a b\u0151rt. A bio levendulav\u00edznek \u00e9s a levendula ill\u00f3olajnak k\u00f6sz\u00f6nheti egyedi \u00e9desk\u00e9s levendul\u00e1s illat\u00e1t. Nagyon gyorsan besz\u00edv\u00f3dik \u00e9s pillanatok alatt puh\u00e1v\u00e1 teszi a b\u0151rt. P\u00faderes ut\u00f3\u00e9rzetet ny\u00fajt\u00f3, k\u00f6nnyed k\u00e9zkr\u00e9m. Nem hagy ragacsos ut\u00f3\u00e9rzetet.  Naponta 2 alkalommal kenj fel 1-1 di\u00f3nyi mennyis\u00e9g\u0171 kr\u00e9met mindk\u00e9t kez\u00e9re. J\u00f3l kombin\u00e1lhat\u00f3 a Cremia sz\u00e9rumokkal.  50 ml  H\u0171v\u00f6s helyen t\u00e1roland\u00f3.","og_url":"https:\/\/staging.cremiacosmetics.com\/osszes-termek\/happy-hand-shea-vajas-kezkrem-levendula-50ml\/","og_site_name":"Cremia Cosmetics","article_publisher":"https:\/\/www.facebook.com\/cremiacosmetics","article_modified_time":"2025-03-11T08:35:19+00:00","og_image":[{"width":800,"height":800,"url":"https:\/\/staging.cremiacosmetics.com\/wp-content\/uploads\/2024\/03\/Cremia_Happy-Hand-levendula_800.jpg","type":"image\/jpeg"}],"twitter_card":"summary_large_image","twitter_misc":{"Price":"5 290&nbsp;&#70;&#116;","Availability":"In stock"},"schema":{"@context":"https:\/\/schema.org","@graph":[{"@type":"WebPage","@id":"https:\/\/staging.cremiacosmetics.com\/osszes-termek\/happy-hand-shea-vajas-kezkrem-levendula-50ml\/","url":"https:\/\/staging.cremiacosmetics.com\/osszes-termek\/happy-hand-shea-vajas-kezkrem-levendula-50ml\/","name":"Happy Hand shea vajas k\u00e9zkr\u00e9m levendula 50ml - Cremia Cosmetics","isPartOf":{"@id":"https:\/\/staging.cremiacosmetics.com\/#website"},"primaryImageOfPage":{"@id":"https:\/\/staging.cremiacosmetics.com\/osszes-termek\/happy-hand-shea-vajas-kezkrem-levendula-50ml\/#primaryimage"},"image":{"@id":"https:\/\/staging.cremiacosmetics.com\/osszes-termek\/happy-hand-shea-vajas-kezkrem-levendula-50ml\/#primaryimage"},"thumbnailUrl":"https:\/\/staging.cremiacosmetics.com\/wp-content\/uploads\/2024\/03\/Cremia_Happy-Hand-levendula_800.jpg","datePublished":"2021-06-07T21:29:34+00:00","dateModified":"2025-03-11T08:35:19+00:00","breadcrumb":{"@id":"https:\/\/staging.cremiacosmetics.com\/osszes-termek\/happy-hand-shea-vajas-kezkrem-levendula-50ml\/#breadcrumb"},"inLanguage":"en-US","potentialAction":[{"@type":"ReadAction","target":["https:\/\/staging.cremiacosmetics.com\/osszes-termek\/happy-hand-shea-vajas-kezkrem-levendula-50ml\/"]}]},{"@type":"ImageObject","inLanguage":"en-US","@id":"https:\/\/staging.cremiacosmetics.com\/osszes-termek\/happy-hand-shea-vajas-kezkrem-levendula-50ml\/#primaryimage","url":"https:\/\/staging.cremiacosmetics.com\/wp-content\/uploads\/2024\/03\/Cremia_Happy-Hand-levendula_800.jpg","contentUrl":"https:\/\/staging.cremiacosmetics.com\/wp-content\/uploads\/2024\/03\/Cremia_Happy-Hand-levendula_800.jpg","width":800,"height":800,"caption":"Cremia Happy Hand levendula"},{"@type":"BreadcrumbList","@id":"https:\/\/staging.cremiacosmetics.com\/osszes-termek\/happy-hand-shea-vajas-kezkrem-levendula-50ml\/#breadcrumb","itemListElement":[{"@type":"ListItem","position":1,"name":"Kezd\u0151lap","item":"https:\/\/staging.cremiacosmetics.com\/"},{"@type":"ListItem","position":2,"name":"\u00d6sszes term\u00e9k","item":"https:\/\/staging.cremiacosmetics.com\/?page_id=15931"},{"@type":"ListItem","position":3,"name":"Happy Hand shea vajas k\u00e9zkr\u00e9m levendula 50ml"}]},{"@type":"WebSite","@id":"https:\/\/staging.cremiacosmetics.com\/#website","url":"https:\/\/staging.cremiacosmetics.com\/","name":"Cremia Cosmetics","description":"Nature-powered beauty","publisher":{"@id":"https:\/\/staging.cremiacosmetics.com\/#organization"},"potentialAction":[{"@type":"SearchAction","target":{"@type":"EntryPoint","urlTemplate":"https:\/\/staging.cremiacosmetics.com\/?s={search_term_string}"},"query-input":{"@type":"PropertyValueSpecification","valueRequired":true,"valueName":"search_term_string"}}],"inLanguage":"en-US"},{"@type":"Organization","@id":"https:\/\/staging.cremiacosmetics.com\/#organization","name":"Cremia Cosmetics","url":"https:\/\/staging.cremiacosmetics.com\/","logo":{"@type":"ImageObject","inLanguage":"en-US","@id":"https:\/\/staging.cremiacosmetics.com\/#\/schema\/logo\/image\/","url":"https:\/\/staging.cremiacosmetics.com\/wp-content\/uploads\/2024\/03\/Cremia-logo-15x15mm.svg","contentUrl":"https:\/\/staging.cremiacosmetics.com\/wp-content\/uploads\/2024\/03\/Cremia-logo-15x15mm.svg","width":42,"height":42,"caption":"Cremia Cosmetics"},"image":{"@id":"https:\/\/staging.cremiacosmetics.com\/#\/schema\/logo\/image\/"},"sameAs":["https:\/\/www.facebook.com\/cremiacosmetics","https:\/\/www.instagram.com\/cremiacosmetics\/"]}]},"product_price_amount":"5290","product_price_currency":"HUF","og_availability":"instock","product_availability":"instock","product_retailer_item_id":"C-HHl-HU-50","product_condition":"new"},"_links":{"self":[{"href":"https:\/\/staging.cremiacosmetics.com\/index.php?rest_route=\/wp\/v2\/product\/24931","targetHints":{"allow":["GET"]}}],"collection":[{"href":"https:\/\/staging.cremiacosmetics.com\/index.php?rest_route=\/wp\/v2\/product"}],"about":[{"href":"https:\/\/staging.cremiacosmetics.com\/index.php?rest_route=\/wp\/v2\/types\/product"}],"replies":[{"embeddable":true,"href":"https:\/\/staging.cremiacosmetics.com\/index.php?rest_route=%2Fwp%2Fv2%2Fcomments&post=24931"}],"version-history":[{"count":2,"href":"https:\/\/staging.cremiacosmetics.com\/index.php?rest_route=\/wp\/v2\/product\/24931\/revisions"}],"predecessor-version":[{"id":34450,"href":"https:\/\/staging.cremiacosmetics.com\/index.php?rest_route=\/wp\/v2\/product\/24931\/revisions\/34450"}],"wp:featuredmedia":[{"embeddable":true,"href":"https:\/\/staging.cremiacosmetics.com\/index.php?rest_route=\/wp\/v2\/media\/33135"}],"wp:attachment":[{"href":"https:\/\/staging.cremiacosmetics.com\/index.php?rest_route=%2Fwp%2Fv2%2Fmedia&parent=24931"}],"wp:term":[{"taxonomy":"product_brand","embeddable":true,"href":"https:\/\/staging.cremiacosmetics.com\/index.php?rest_route=%2Fwp%2Fv2%2Fproduct_brand&post=24931"},{"taxonomy":"product_cat","embeddable":true,"href":"https:\/\/staging.cremiacosmetics.com\/index.php?rest_route=%2Fwp%2Fv2%2Fproduct_cat&post=24931"},{"taxonomy":"product_tag","embeddable":true,"href":"https:\/\/staging.cremiacosmetics.com\/index.php?rest_route=%2Fwp%2Fv2%2Fproduct_tag&post=24931"}],"curies":[{"name":"wp","href":"https:\/\/api.w.org\/{rel}","templated":true}]}}