{"id":24929,"date":"2021-06-07T23:13:57","date_gmt":"2021-06-07T21:13:57","guid":{"rendered":"https:\/\/cremiocosmetics.com\/?post_type=product&#038;p=24929"},"modified":"2025-03-11T09:35:18","modified_gmt":"2025-03-11T08:35:18","slug":"bb-hyaluron-nude","status":"publish","type":"product","link":"https:\/\/staging.cremiacosmetics.com\/?product=bb-hyaluron-nude","title":{"rendered":"BB Hyaluron Nude sz\u00ednezett hidrat\u00e1l\u00f3 kr\u00e9m 50 ml"},"content":{"rendered":"<p>\u00d6sszetev\u0151k: Aqua, Rosa damascena flower water, Caprylic\/Capric triglyceride, Glycerin, Cetearyl Olivate, Sorbitan Olivvate, Urea, Macadamia ternifolia seed oil, Tocopherol, Panthenol, Prunus cerasus seed oil, Phenoxyethanol, Ethylhexylglycerin, stearic acid, Simmondsia Chinensis Seed Oil*, Hydrolyzed Tomato Skin, Daucus Carota Root Extract*, Sodium hyaluronate, CI77891,77491,77492,77499, parfum, citronellol, geraniol, linalool<\/p>\n<p>CPNP Reference: 2707587<\/p>\n","protected":false},"excerpt":{"rendered":"<p>K\u00f6nnyed, gyorsan felsz\u00edv\u00f3d\u00f3, a b\u0151rt p\u00faderesen <strong>egys\u00e9ges\u00edt\u0151 hat\u00e1s\u00fa<\/strong> sz\u00ednezett arckr\u00e9m intenz\u00edv hidrat\u00e1l\u00f3 <strong>hialuronnal, <\/strong>karbamiddal \u00e9s glicerinnel. A paradicsom h\u00e9j\u00e1b\u00f3l kivont <strong>likopin<\/strong> \u00e9s a s\u00e1rgar\u00e9pa sz\u00edn\u00e9t is ad\u00f3 <strong>karo<\/strong><strong>ti<\/strong><strong>n <\/strong>antioxid\u00e1ns, ami a sejtek v\u00e9delm\u00e9r\u0151l bel\u00fclr\u0151l gondoskodik. A <strong>tit\u00e1n dioxid<\/strong> fizikai f\u00e9nyv\u00e9d\u0151k\u00e9nt hat.Minden b\u0151rt\u00edpusra aj\u00e1nlott. <strong>Kev\u00e9sb\u00e9 fed\u0151 kr\u00e9m<\/strong>, hogy a p\u00f3rusokba \u00e9s a r\u00e1ncokba ne \u00fclj\u00f6n bele, viszont r\u00e9tegezhet\u0151, ami azt jelenti, hogy a a nagyobb fed\u00e9s \u00e9rdek\u00e9ben t\u00f6bb r\u00e9tegben is felvihet\u0151, b\u0151rt\u00edpusnak megfelel\u0151en.<\/p>\n","protected":false},"featured_media":33122,"comment_status":"open","ping_status":"closed","template":"","meta":[],"product_brand":[],"product_cat":[825,880,889,1163,482],"product_tag":[556,582,377,1141,686,835],"class_list":{"0":"post-24929","1":"product","2":"type-product","3":"status-publish","4":"has-post-thumbnail","6":"product_cat-bb-es-spf","7":"product_cat-befejezes","8":"product_cat-befejezo-lepes","9":"product_cat-lakossagi-termekek","10":"product_cat-osszes","11":"product_tag-hialuron-en","12":"product_tag-hidratalas","13":"product_tag-hyaluron-en-hu","14":"product_tag-kozmetikus-kedvezmeny","15":"product_tag-krem","16":"product_tag-szinezett-hidratalo","18":"first","19":"instock","20":"taxable","21":"shipping-taxable","22":"purchasable","23":"product-type-simple"},"bundled_by":[],"bundle_stock_status":"instock","bundle_stock_quantity":null,"bundle_virtual":false,"bundle_layout":"","bundle_add_to_cart_form_location":"","bundle_editable_in_cart":false,"bundle_sold_individually_context":"","bundle_item_grouping":"","bundle_min_size":"","bundle_max_size":"","bundle_price":[],"bundled_items":[],"bundle_sell_ids":[],"yoast_head":"<!-- This site is optimized with the Yoast SEO Premium plugin v24.9 (Yoast SEO v24.9) - https:\/\/yoast.com\/wordpress\/plugins\/seo\/ -->\n<title>BB Hyaluron Nude sz\u00ednezett hidrat\u00e1l\u00f3 kr\u00e9m 50 ml - Cremia Cosmetics<\/title>\n<meta name=\"robots\" content=\"index, follow, max-snippet:-1, max-image-preview:large, max-video-preview:-1\" \/>\n<link rel=\"canonical\" href=\"https:\/\/staging.cremiacosmetics.com\/osszes-termek\/bb-hyaluron-nude\/\" \/>\n<meta property=\"og:locale\" content=\"en_US\" \/>\n<meta property=\"og:type\" content=\"article\" \/>\n<meta property=\"og:title\" content=\"BB Hyaluron Nude sz\u00ednezett hidrat\u00e1l\u00f3 kr\u00e9m 50 ml\" \/>\n<meta property=\"og:description\" content=\"K\u00f6nnyed, gyorsan felsz\u00edv\u00f3d\u00f3, a b\u0151rt p\u00faderesen egys\u00e9ges\u00edt\u0151 hat\u00e1s\u00fa sz\u00ednezett arckr\u00e9m intenz\u00edv hidrat\u00e1l\u00f3 hialuronnal, karbamiddal \u00e9s glicerinnel. A paradicsom h\u00e9j\u00e1b\u00f3l kivont likopin \u00e9s a s\u00e1rgar\u00e9pa sz\u00edn\u00e9t is ad\u00f3 karotin antioxid\u00e1ns, ami a sejtek v\u00e9delm\u00e9r\u0151l bel\u00fclr\u0151l gondoskodik. A tit\u00e1n dioxid fizikai f\u00e9nyv\u00e9d\u0151k\u00e9nt hat.Minden b\u0151rt\u00edpusra aj\u00e1nlott. Kev\u00e9sb\u00e9 fed\u0151 kr\u00e9m, hogy a p\u00f3rusokba \u00e9s a r\u00e1ncokba ne \u00fclj\u00f6n bele, viszont r\u00e9tegezhet\u0151, ami azt jelenti, hogy a a nagyobb fed\u00e9s \u00e9rdek\u00e9ben t\u00f6bb r\u00e9tegben is felvihet\u0151, b\u0151rt\u00edpusnak megfelel\u0151en.\" \/>\n<meta property=\"og:url\" content=\"https:\/\/staging.cremiacosmetics.com\/osszes-termek\/bb-hyaluron-nude\/\" \/>\n<meta property=\"og:site_name\" content=\"Cremia Cosmetics\" \/>\n<meta property=\"article:publisher\" content=\"https:\/\/www.facebook.com\/cremiacosmetics\" \/>\n<meta property=\"article:modified_time\" content=\"2025-03-11T08:35:18+00:00\" \/>\n<meta property=\"og:image\" content=\"https:\/\/staging.cremiacosmetics.com\/wp-content\/uploads\/2024\/03\/Cremia_BB-Hyaluron-Nude_800.jpg\" \/>\n\t<meta property=\"og:image:width\" content=\"800\" \/>\n\t<meta property=\"og:image:height\" content=\"800\" \/>\n\t<meta property=\"og:image:type\" content=\"image\/jpeg\" \/>\n<meta name=\"twitter:card\" content=\"summary_large_image\" \/>\n<meta name=\"twitter:label1\" content=\"Price\" \/>\n\t<meta name=\"twitter:data1\" content=\"19 990&nbsp;&#070;&#116;\" \/>\n\t<meta name=\"twitter:label2\" content=\"Availability\" \/>\n\t<meta name=\"twitter:data2\" content=\"In stock\" \/>\n<script type=\"application\/ld+json\" class=\"yoast-schema-graph\">{\"@context\":\"https:\/\/schema.org\",\"@graph\":[{\"@type\":\"WebPage\",\"@id\":\"https:\/\/staging.cremiacosmetics.com\/osszes-termek\/bb-hyaluron-nude\/\",\"url\":\"https:\/\/staging.cremiacosmetics.com\/osszes-termek\/bb-hyaluron-nude\/\",\"name\":\"BB Hyaluron Nude sz\u00ednezett hidrat\u00e1l\u00f3 kr\u00e9m 50 ml - Cremia Cosmetics\",\"isPartOf\":{\"@id\":\"https:\/\/staging.cremiacosmetics.com\/#website\"},\"primaryImageOfPage\":{\"@id\":\"https:\/\/staging.cremiacosmetics.com\/osszes-termek\/bb-hyaluron-nude\/#primaryimage\"},\"image\":{\"@id\":\"https:\/\/staging.cremiacosmetics.com\/osszes-termek\/bb-hyaluron-nude\/#primaryimage\"},\"thumbnailUrl\":\"https:\/\/staging.cremiacosmetics.com\/wp-content\/uploads\/2024\/03\/Cremia_BB-Hyaluron-Nude_800.jpg\",\"datePublished\":\"2021-06-07T21:13:57+00:00\",\"dateModified\":\"2025-03-11T08:35:18+00:00\",\"breadcrumb\":{\"@id\":\"https:\/\/staging.cremiacosmetics.com\/osszes-termek\/bb-hyaluron-nude\/#breadcrumb\"},\"inLanguage\":\"en-US\",\"potentialAction\":[{\"@type\":\"ReadAction\",\"target\":[\"https:\/\/staging.cremiacosmetics.com\/osszes-termek\/bb-hyaluron-nude\/\"]}]},{\"@type\":\"ImageObject\",\"inLanguage\":\"en-US\",\"@id\":\"https:\/\/staging.cremiacosmetics.com\/osszes-termek\/bb-hyaluron-nude\/#primaryimage\",\"url\":\"https:\/\/staging.cremiacosmetics.com\/wp-content\/uploads\/2024\/03\/Cremia_BB-Hyaluron-Nude_800.jpg\",\"contentUrl\":\"https:\/\/staging.cremiacosmetics.com\/wp-content\/uploads\/2024\/03\/Cremia_BB-Hyaluron-Nude_800.jpg\",\"width\":800,\"height\":800,\"caption\":\"Cremia BB Hyaluron Cream - Nude\"},{\"@type\":\"BreadcrumbList\",\"@id\":\"https:\/\/staging.cremiacosmetics.com\/osszes-termek\/bb-hyaluron-nude\/#breadcrumb\",\"itemListElement\":[{\"@type\":\"ListItem\",\"position\":1,\"name\":\"Kezd\u0151lap\",\"item\":\"https:\/\/staging.cremiacosmetics.com\/\"},{\"@type\":\"ListItem\",\"position\":2,\"name\":\"\u00d6sszes term\u00e9k\",\"item\":\"https:\/\/staging.cremiacosmetics.com\/?page_id=15931\"},{\"@type\":\"ListItem\",\"position\":3,\"name\":\"BB Hyaluron Nude sz\u00ednezett hidrat\u00e1l\u00f3 kr\u00e9m 50 ml\"}]},{\"@type\":\"WebSite\",\"@id\":\"https:\/\/staging.cremiacosmetics.com\/#website\",\"url\":\"https:\/\/staging.cremiacosmetics.com\/\",\"name\":\"Cremia Cosmetics\",\"description\":\"Nature-powered beauty\",\"publisher\":{\"@id\":\"https:\/\/staging.cremiacosmetics.com\/#organization\"},\"potentialAction\":[{\"@type\":\"SearchAction\",\"target\":{\"@type\":\"EntryPoint\",\"urlTemplate\":\"https:\/\/staging.cremiacosmetics.com\/?s={search_term_string}\"},\"query-input\":{\"@type\":\"PropertyValueSpecification\",\"valueRequired\":true,\"valueName\":\"search_term_string\"}}],\"inLanguage\":\"en-US\"},{\"@type\":\"Organization\",\"@id\":\"https:\/\/staging.cremiacosmetics.com\/#organization\",\"name\":\"Cremia Cosmetics\",\"url\":\"https:\/\/staging.cremiacosmetics.com\/\",\"logo\":{\"@type\":\"ImageObject\",\"inLanguage\":\"en-US\",\"@id\":\"https:\/\/staging.cremiacosmetics.com\/#\/schema\/logo\/image\/\",\"url\":\"https:\/\/staging.cremiacosmetics.com\/wp-content\/uploads\/2024\/03\/Cremia-logo-15x15mm.svg\",\"contentUrl\":\"https:\/\/staging.cremiacosmetics.com\/wp-content\/uploads\/2024\/03\/Cremia-logo-15x15mm.svg\",\"width\":42,\"height\":42,\"caption\":\"Cremia Cosmetics\"},\"image\":{\"@id\":\"https:\/\/staging.cremiacosmetics.com\/#\/schema\/logo\/image\/\"},\"sameAs\":[\"https:\/\/www.facebook.com\/cremiacosmetics\",\"https:\/\/www.instagram.com\/cremiacosmetics\/\"]}]}<\/script>\n<meta property=\"product:price:amount\" content=\"19990\" \/>\n<meta property=\"product:price:currency\" content=\"HUF\" \/>\n<meta property=\"og:availability\" content=\"instock\" \/>\n<meta property=\"product:availability\" content=\"instock\" \/>\n<meta property=\"product:retailer_item_id\" content=\"C-BBN-HU-50\" \/>\n<meta property=\"product:condition\" content=\"new\" \/>\n<!-- \/ Yoast SEO Premium plugin. -->","yoast_head_json":{"title":"BB Hyaluron Nude sz\u00ednezett hidrat\u00e1l\u00f3 kr\u00e9m 50 ml - Cremia Cosmetics","robots":{"index":"index","follow":"follow","max-snippet":"max-snippet:-1","max-image-preview":"max-image-preview:large","max-video-preview":"max-video-preview:-1"},"canonical":"https:\/\/staging.cremiacosmetics.com\/osszes-termek\/bb-hyaluron-nude\/","og_locale":"en_US","og_type":"article","og_title":"BB Hyaluron Nude sz\u00ednezett hidrat\u00e1l\u00f3 kr\u00e9m 50 ml","og_description":"K\u00f6nnyed, gyorsan felsz\u00edv\u00f3d\u00f3, a b\u0151rt p\u00faderesen egys\u00e9ges\u00edt\u0151 hat\u00e1s\u00fa sz\u00ednezett arckr\u00e9m intenz\u00edv hidrat\u00e1l\u00f3 hialuronnal, karbamiddal \u00e9s glicerinnel. A paradicsom h\u00e9j\u00e1b\u00f3l kivont likopin \u00e9s a s\u00e1rgar\u00e9pa sz\u00edn\u00e9t is ad\u00f3 karotin antioxid\u00e1ns, ami a sejtek v\u00e9delm\u00e9r\u0151l bel\u00fclr\u0151l gondoskodik. A tit\u00e1n dioxid fizikai f\u00e9nyv\u00e9d\u0151k\u00e9nt hat.Minden b\u0151rt\u00edpusra aj\u00e1nlott. Kev\u00e9sb\u00e9 fed\u0151 kr\u00e9m, hogy a p\u00f3rusokba \u00e9s a r\u00e1ncokba ne \u00fclj\u00f6n bele, viszont r\u00e9tegezhet\u0151, ami azt jelenti, hogy a a nagyobb fed\u00e9s \u00e9rdek\u00e9ben t\u00f6bb r\u00e9tegben is felvihet\u0151, b\u0151rt\u00edpusnak megfelel\u0151en.","og_url":"https:\/\/staging.cremiacosmetics.com\/osszes-termek\/bb-hyaluron-nude\/","og_site_name":"Cremia Cosmetics","article_publisher":"https:\/\/www.facebook.com\/cremiacosmetics","article_modified_time":"2025-03-11T08:35:18+00:00","og_image":[{"width":800,"height":800,"url":"https:\/\/staging.cremiacosmetics.com\/wp-content\/uploads\/2024\/03\/Cremia_BB-Hyaluron-Nude_800.jpg","type":"image\/jpeg"}],"twitter_card":"summary_large_image","twitter_misc":{"Price":"19 990&nbsp;&#70;&#116;","Availability":"In stock"},"schema":{"@context":"https:\/\/schema.org","@graph":[{"@type":"WebPage","@id":"https:\/\/staging.cremiacosmetics.com\/osszes-termek\/bb-hyaluron-nude\/","url":"https:\/\/staging.cremiacosmetics.com\/osszes-termek\/bb-hyaluron-nude\/","name":"BB Hyaluron Nude sz\u00ednezett hidrat\u00e1l\u00f3 kr\u00e9m 50 ml - Cremia Cosmetics","isPartOf":{"@id":"https:\/\/staging.cremiacosmetics.com\/#website"},"primaryImageOfPage":{"@id":"https:\/\/staging.cremiacosmetics.com\/osszes-termek\/bb-hyaluron-nude\/#primaryimage"},"image":{"@id":"https:\/\/staging.cremiacosmetics.com\/osszes-termek\/bb-hyaluron-nude\/#primaryimage"},"thumbnailUrl":"https:\/\/staging.cremiacosmetics.com\/wp-content\/uploads\/2024\/03\/Cremia_BB-Hyaluron-Nude_800.jpg","datePublished":"2021-06-07T21:13:57+00:00","dateModified":"2025-03-11T08:35:18+00:00","breadcrumb":{"@id":"https:\/\/staging.cremiacosmetics.com\/osszes-termek\/bb-hyaluron-nude\/#breadcrumb"},"inLanguage":"en-US","potentialAction":[{"@type":"ReadAction","target":["https:\/\/staging.cremiacosmetics.com\/osszes-termek\/bb-hyaluron-nude\/"]}]},{"@type":"ImageObject","inLanguage":"en-US","@id":"https:\/\/staging.cremiacosmetics.com\/osszes-termek\/bb-hyaluron-nude\/#primaryimage","url":"https:\/\/staging.cremiacosmetics.com\/wp-content\/uploads\/2024\/03\/Cremia_BB-Hyaluron-Nude_800.jpg","contentUrl":"https:\/\/staging.cremiacosmetics.com\/wp-content\/uploads\/2024\/03\/Cremia_BB-Hyaluron-Nude_800.jpg","width":800,"height":800,"caption":"Cremia BB Hyaluron Cream - Nude"},{"@type":"BreadcrumbList","@id":"https:\/\/staging.cremiacosmetics.com\/osszes-termek\/bb-hyaluron-nude\/#breadcrumb","itemListElement":[{"@type":"ListItem","position":1,"name":"Kezd\u0151lap","item":"https:\/\/staging.cremiacosmetics.com\/"},{"@type":"ListItem","position":2,"name":"\u00d6sszes term\u00e9k","item":"https:\/\/staging.cremiacosmetics.com\/?page_id=15931"},{"@type":"ListItem","position":3,"name":"BB Hyaluron Nude sz\u00ednezett hidrat\u00e1l\u00f3 kr\u00e9m 50 ml"}]},{"@type":"WebSite","@id":"https:\/\/staging.cremiacosmetics.com\/#website","url":"https:\/\/staging.cremiacosmetics.com\/","name":"Cremia Cosmetics","description":"Nature-powered beauty","publisher":{"@id":"https:\/\/staging.cremiacosmetics.com\/#organization"},"potentialAction":[{"@type":"SearchAction","target":{"@type":"EntryPoint","urlTemplate":"https:\/\/staging.cremiacosmetics.com\/?s={search_term_string}"},"query-input":{"@type":"PropertyValueSpecification","valueRequired":true,"valueName":"search_term_string"}}],"inLanguage":"en-US"},{"@type":"Organization","@id":"https:\/\/staging.cremiacosmetics.com\/#organization","name":"Cremia Cosmetics","url":"https:\/\/staging.cremiacosmetics.com\/","logo":{"@type":"ImageObject","inLanguage":"en-US","@id":"https:\/\/staging.cremiacosmetics.com\/#\/schema\/logo\/image\/","url":"https:\/\/staging.cremiacosmetics.com\/wp-content\/uploads\/2024\/03\/Cremia-logo-15x15mm.svg","contentUrl":"https:\/\/staging.cremiacosmetics.com\/wp-content\/uploads\/2024\/03\/Cremia-logo-15x15mm.svg","width":42,"height":42,"caption":"Cremia Cosmetics"},"image":{"@id":"https:\/\/staging.cremiacosmetics.com\/#\/schema\/logo\/image\/"},"sameAs":["https:\/\/www.facebook.com\/cremiacosmetics","https:\/\/www.instagram.com\/cremiacosmetics\/"]}]},"product_price_amount":"19990","product_price_currency":"HUF","og_availability":"instock","product_availability":"instock","product_retailer_item_id":"C-BBN-HU-50","product_condition":"new"},"_links":{"self":[{"href":"https:\/\/staging.cremiacosmetics.com\/index.php?rest_route=\/wp\/v2\/product\/24929","targetHints":{"allow":["GET"]}}],"collection":[{"href":"https:\/\/staging.cremiacosmetics.com\/index.php?rest_route=\/wp\/v2\/product"}],"about":[{"href":"https:\/\/staging.cremiacosmetics.com\/index.php?rest_route=\/wp\/v2\/types\/product"}],"replies":[{"embeddable":true,"href":"https:\/\/staging.cremiacosmetics.com\/index.php?rest_route=%2Fwp%2Fv2%2Fcomments&post=24929"}],"version-history":[{"count":1,"href":"https:\/\/staging.cremiacosmetics.com\/index.php?rest_route=\/wp\/v2\/product\/24929\/revisions"}],"predecessor-version":[{"id":35533,"href":"https:\/\/staging.cremiacosmetics.com\/index.php?rest_route=\/wp\/v2\/product\/24929\/revisions\/35533"}],"wp:featuredmedia":[{"embeddable":true,"href":"https:\/\/staging.cremiacosmetics.com\/index.php?rest_route=\/wp\/v2\/media\/33122"}],"wp:attachment":[{"href":"https:\/\/staging.cremiacosmetics.com\/index.php?rest_route=%2Fwp%2Fv2%2Fmedia&parent=24929"}],"wp:term":[{"taxonomy":"product_brand","embeddable":true,"href":"https:\/\/staging.cremiacosmetics.com\/index.php?rest_route=%2Fwp%2Fv2%2Fproduct_brand&post=24929"},{"taxonomy":"product_cat","embeddable":true,"href":"https:\/\/staging.cremiacosmetics.com\/index.php?rest_route=%2Fwp%2Fv2%2Fproduct_cat&post=24929"},{"taxonomy":"product_tag","embeddable":true,"href":"https:\/\/staging.cremiacosmetics.com\/index.php?rest_route=%2Fwp%2Fv2%2Fproduct_tag&post=24929"}],"curies":[{"name":"wp","href":"https:\/\/api.w.org\/{rel}","templated":true}]}}