{"id":23917,"date":"2020-12-10T15:21:43","date_gmt":"2020-12-10T14:21:43","guid":{"rendered":"https:\/\/cremiocosmetics.com\/?post_type=product&#038;p=23917"},"modified":"2025-03-11T09:35:17","modified_gmt":"2025-03-11T08:35:17","slug":"white-pearls-scrub-arcradir-50ml","status":"publish","type":"product","link":"https:\/\/staging.cremiacosmetics.com\/?product=white-pearls-scrub-arcradir-50ml","title":{"rendered":"White Pearls scrub arcrad\u00edr 50 ml"},"content":{"rendered":"<p>\u00d6sszetev\u0151k:<\/p>\n<p><strong>Makad\u00e1mia olaj<\/strong>: ez egy nagyon j\u00f3l toler\u00e1lhat\u00f3, \u00e9rt\u00e9kes n\u00f6v\u00e9nyi olaj. A makad\u00e1m fa Ausztr\u00e1li\u00e1ban \u00e9s Madagaszk\u00e1r sziget\u00e9n\u00a0 honos, napjainkban Indon\u00e9zi\u00e1ban, Hawaiin, \u00daj-Z\u00e9landon termesztik. A makad\u00e1mia di\u00f3nak k\u00fcl\u00f6nleges az arom\u00e1ja, fogyasztj\u00e1k \u00f6nmag\u00e1ban nyersen vagy k\u00fcl\u00f6nb\u00f6z\u0151 konyhai k\u00e9sz\u00edtm\u00e9nyekben. Kozmetikumainkban az\u00e9rt szeretj\u00fck haszn\u00e1lni, mert \u00e9rt\u00e9kes zs\u00edrsavakat (olajsav, palmitoleinsav, palmitinsav), E-vitamint, szkval\u00e9nt \u00e9s fitoszterolokat tartalmaz, melyek mind a b\u0151r eg\u00e9szs\u00e9ges m\u0171k\u00f6d\u00e9s\u00e9t szolg\u00e1lj\u00e1k.<\/p>\n<p><strong>Arg\u00e1n olaj<\/strong>: a marokk\u00f3i csoda olaj. Az arg\u00e1n magj\u00e1b\u00f3l hideg pr\u00e9sel\u00e9ssel nagyon j\u00f3 min\u0151s\u00e9g\u0171 \u00e9s t\u00e1p\u00e9rt\u00e9k\u0171 olajat nyernek, mely kiv\u00e1l\u00f3 tulajdons\u00e1gokkal rendelkezik, \u00e9pen meg\u0151rzi a mag minden hat\u00f3anyag\u00e1t. Az \u00e1ltalunk felhaszn\u00e1lt bio arg\u00e1n olaj ellen\u0151rz\u00f6tt \u00f6kol\u00f3giai gazd\u00e1lkod\u00e1sb\u00f3l sz\u00e1rmazik. Szeretj\u00fck \u00e9rt\u00e9kes zs\u00edrsav\u00f6sszet\u00e9tele miatt (olajsav, linolsav, palmitinsav, sztearinsav), valamint term\u00e9szetes E-vitamin, fitoszterol \u00e9s karotinoid tartalma miatt.<\/p>\n<p><strong>S\u00e1rgabarackmag olaj<\/strong>: a s\u00e1rgabarack magj\u00e1b\u00f3l hidegen pr\u00e9selik az olajat, ami egy igazi kincs; k\u00f6nnyed, nem hagy nyomot, j\u00f3l felsz\u00edv\u00f3dik a b\u0151rbe \u00e9s nem marad f\u00e9nyes t\u0151le a b\u0151r. Az \u00e1ltalunk haszn\u00e1lt bio olaj ellen\u0151rz\u00f6tt \u00f6kol\u00f3giai gazd\u00e1lkod\u00e1sb\u00f3l sz\u00e1rmazik. Nagyon szeretj\u00fck, t\u00f6bb term\u00e9k\u00fcnkben is megtal\u00e1lj\u00e1tok, mert minden b\u0151rt\u00edpus j\u00f3l toler\u00e1lja, \u00e9s \u00f6sszetev\u0151inek (olajsav, linolsav, palmitinsav, sztearinsav, E-vitamin \u00e9s fitoszterolok) k\u00f6sz\u00f6nhet\u0151 b\u0151rpuh\u00edt\u00f3 hat\u00e1sa.<\/p>\n<p><strong>N\u00f6v\u00e9nyi glicerin:<\/strong> a b\u0151r term\u00e9szetes v\u00edzmegk\u00f6t\u0151 faktor\u00e1nak r\u00e9sze, k\u00fcls\u0151leges bevitele fokozza a b\u0151r hidrat\u00e1lts\u00e1g\u00e1t \u00e9s ezzel a puhas\u00e1g\u00e1t.<\/p>\n<p><strong>Urea vagy karbamid<\/strong>: szint\u00e9n a b\u0151r term\u00e9szetes v\u00edzmegk\u00f6t\u0151 faktor\u00e1nak r\u00e9sze. 5% alatti mennyis\u00e9gben hidrat\u00e1l, e felett pedig h\u00e1mlaszt. Mi a term\u00e9keinkben 1-3% -os koncentr\u00e1ci\u00f3ban haszn\u00e1ljuk a kiv\u00e1l\u00f3 hidrat\u00e1l\u00f3 \u00e9s rugalmass\u00e1g-fokoz\u00f3 tulajdons\u00e1ga miatt.<\/p>\n<p><strong>Ricinus olajb\u00f3l k\u00e9sz\u00fclt goly\u00f3csk\u00e1k<\/strong>: v\u00edzben nem old\u00f3d\u00f3 apr\u00f3 g\u00f6mb\u00f6k, melyek a b\u0151r legfels\u0151 elszarusodott sejtjeit t\u00e1vol\u00edtj\u00e1k el mechanikus hat\u00e1sra. A form\u00e1juk \u00e9s a m\u00e9ret\u00fck miatt k\u00edm\u00e9letesek a b\u0151rh\u00f6z, ez\u00e9rt a fiatalabb vagy \u00e9pp az \u00e9rz\u00e9kenyebb b\u0151rt sem k\u00e1ros\u00edtj\u00e1k.<\/p>\n<p><strong>Litsea cubeba<\/strong>: A kubebafa egy tr\u00f3pusi n\u00f6v\u00e9ny, vibr\u00e1l\u00f3 sz\u00edn\u0171, kellemes citrus illat\u00fa levelekkel. Az ill\u00f3olajat, melynek gy\u00f3gyhat\u00e1sa elismert, g\u0151zlep\u00e1rl\u00e1ssal nyerik az apr\u00f3, borsszemszer\u0171 gy\u00fcm\u00f6lcsb\u0151l.<\/p>\n<p><strong>Cetearyl Olivate, Sorbitan Olivate<\/strong>: ez az olivaolajb\u00f3l nyert emulge\u00e1tor teszi lehet\u0151v\u00e9, hogy a v\u00edzf\u00e1zis \u00e9s az olajf\u00e1zis egym\u00e1ssal stabil kr\u00e9met alkosson.<\/p>\n<p><strong>N\u00f6v\u00e9nyi cetilalkohol<\/strong>: 100%-ban n\u00f6v\u00e9nyi eredet\u0171 alapanyag, amely a kr\u00e9m konzisztenci\u00e1j\u00e1t n\u00f6veli.<\/p>\n<p><strong>Parfum<\/strong>: term\u00e9szetes n\u00f6v\u00e9nyi \u00f6sszetev\u0151kb\u0151l kompon\u00e1lt illatolaj, amely a kubeba olajjal egy\u00fctt alkotja az arcrad\u00edr kellemes, enyh\u00e9n citrusos illat\u00e1t.<\/p>\n<p><strong>INCI:<\/strong>Aqua,Macadamia ternifolia seed oil,Glycerin,Argan oil,Cetearyl Olivate, Sorbitan Olivate,Hydrogenated castor oil,Cetylacohol,Prunus armeniaca kernel oil,Urea, Phenoxyethanol, Ethylhexylglycerin, Parfum, Litsea cubeba fruit oil,citral,limonene,citronellol,geraniol,linalool<\/p>\n<p>CPNP Reference: 2883996<\/p>\n","protected":false},"excerpt":{"rendered":"<p>Tiszta, hidrat\u00e1lt ut\u00f3\u00e9rzet v\u00e1rhat\u00f3 ett\u0151l a n\u00f6v\u00e9nyi eredet\u0171 gy\u00f6ngy\u00f6ket, hidrat\u00e1l\u00f3 glicerint \u00e9s ure\u00e1t tartalmaz\u00f3 arcrad\u00edrt\u00f3l. M\u00edg a feh\u00e9r gy\u00f6ngy\u00f6csk\u00e9k k\u00edm\u00e9letesen h\u00e1mlasztj\u00e1k, massz\u00edrozz\u00e1k arcodat, a hidrat\u00e1l\u00f3 alapkr\u00e9mben l\u00e9v\u0151 s\u00e1rgabarackmag olaj \u00e9s a makad\u00e1miadi\u00f3 olaj t\u00e1pl\u00e1lj\u00e1k, \u00e1polj\u00e1k a b\u0151rt.<\/p>\n<p>Ak\u00e1r naponta vigy\u00e9l fel di\u00f3nyi mennyis\u00e9g\u0171 kr\u00e9met az arcra, dekolt\u00e1zsra, majd k\u00f6rk\u00f6r\u00f6s, massz\u00edroz\u00f3 mozdulatokkal gyeng\u00e9den massz\u00edrozd b\u0151r\u00f6det egy percig. B\u0151, langyos v\u00edzzel \u00f6bl\u00edtsd le \u00e9s \u00e9lvezd b\u0151r\u00f6d fel\u00fcd\u00fcl\u00e9s\u00e9t! Beauty tipp: cseppents hozz\u00e1 1-2 csepp Cremia Anti Age serumot!<\/p>\n<p>50 ml<\/p>\n","protected":false},"featured_media":33206,"comment_status":"open","ping_status":"closed","template":"","meta":[],"product_brand":[],"product_cat":[1163,482],"product_tag":[758,762,517,760,1141,515],"class_list":{"0":"post-23917","1":"product","2":"type-product","3":"status-publish","4":"has-post-thumbnail","6":"product_cat-lakossagi-termekek","7":"product_cat-osszes","8":"product_tag-arcradir","9":"product_tag-arctisztitas","10":"product_tag-borradir","11":"product_tag-gyongy","12":"product_tag-kozmetikus-kedvezmeny","13":"product_tag-scrub","15":"first","16":"instock","17":"taxable","18":"shipping-taxable","19":"purchasable","20":"product-type-simple"},"bundled_by":[],"bundle_stock_status":"instock","bundle_stock_quantity":null,"bundle_virtual":false,"bundle_layout":"","bundle_add_to_cart_form_location":"","bundle_editable_in_cart":false,"bundle_sold_individually_context":"","bundle_item_grouping":"","bundle_min_size":"","bundle_max_size":"","bundle_price":[],"bundled_items":[],"bundle_sell_ids":[],"yoast_head":"<!-- This site is optimized with the Yoast SEO Premium plugin v24.9 (Yoast SEO v24.9) - https:\/\/yoast.com\/wordpress\/plugins\/seo\/ -->\n<title>White Pearls scrub arcrad\u00edr 50 ml - Cremia Cosmetics<\/title>\n<meta name=\"robots\" content=\"index, follow, max-snippet:-1, max-image-preview:large, max-video-preview:-1\" \/>\n<link rel=\"canonical\" href=\"https:\/\/staging.cremiacosmetics.com\/osszes-termek\/white-pearls-scrub-arcradir-50ml\/\" \/>\n<meta property=\"og:locale\" content=\"en_US\" \/>\n<meta property=\"og:type\" content=\"article\" \/>\n<meta property=\"og:title\" content=\"White Pearls scrub arcrad\u00edr 50 ml\" \/>\n<meta property=\"og:description\" content=\"Tiszta, hidrat\u00e1lt ut\u00f3\u00e9rzet v\u00e1rhat\u00f3 ett\u0151l a n\u00f6v\u00e9nyi eredet\u0171 gy\u00f6ngy\u00f6ket, hidrat\u00e1l\u00f3 glicerint \u00e9s ure\u00e1t tartalmaz\u00f3 arcrad\u00edrt\u00f3l. M\u00edg a feh\u00e9r gy\u00f6ngy\u00f6csk\u00e9k k\u00edm\u00e9letesen h\u00e1mlasztj\u00e1k, massz\u00edrozz\u00e1k arcodat, a hidrat\u00e1l\u00f3 alapkr\u00e9mben l\u00e9v\u0151 s\u00e1rgabarackmag olaj \u00e9s a makad\u00e1miadi\u00f3 olaj t\u00e1pl\u00e1lj\u00e1k, \u00e1polj\u00e1k a b\u0151rt.  Ak\u00e1r naponta vigy\u00e9l fel di\u00f3nyi mennyis\u00e9g\u0171 kr\u00e9met az arcra, dekolt\u00e1zsra, majd k\u00f6rk\u00f6r\u00f6s, massz\u00edroz\u00f3 mozdulatokkal gyeng\u00e9den massz\u00edrozd b\u0151r\u00f6det egy percig. B\u0151, langyos v\u00edzzel \u00f6bl\u00edtsd le \u00e9s \u00e9lvezd b\u0151r\u00f6d fel\u00fcd\u00fcl\u00e9s\u00e9t! Beauty tipp: cseppents hozz\u00e1 1-2 csepp Cremia Anti Age serumot!  50 ml\" \/>\n<meta property=\"og:url\" content=\"https:\/\/staging.cremiacosmetics.com\/osszes-termek\/white-pearls-scrub-arcradir-50ml\/\" \/>\n<meta property=\"og:site_name\" content=\"Cremia Cosmetics\" \/>\n<meta property=\"article:publisher\" content=\"https:\/\/www.facebook.com\/cremiacosmetics\" \/>\n<meta property=\"article:modified_time\" content=\"2025-03-11T08:35:17+00:00\" \/>\n<meta property=\"og:image\" content=\"https:\/\/staging.cremiacosmetics.com\/wp-content\/uploads\/2024\/03\/Cremia_White-pearls_800.jpg\" \/>\n\t<meta property=\"og:image:width\" content=\"800\" \/>\n\t<meta property=\"og:image:height\" content=\"800\" \/>\n\t<meta property=\"og:image:type\" content=\"image\/jpeg\" \/>\n<meta name=\"twitter:card\" content=\"summary_large_image\" \/>\n<meta name=\"twitter:label1\" content=\"Price\" \/>\n\t<meta name=\"twitter:data1\" content=\"7 580&nbsp;&#070;&#116;\" \/>\n\t<meta name=\"twitter:label2\" content=\"Availability\" \/>\n\t<meta name=\"twitter:data2\" content=\"In stock\" \/>\n<script type=\"application\/ld+json\" class=\"yoast-schema-graph\">{\"@context\":\"https:\/\/schema.org\",\"@graph\":[{\"@type\":\"WebPage\",\"@id\":\"https:\/\/staging.cremiacosmetics.com\/osszes-termek\/white-pearls-scrub-arcradir-50ml\/\",\"url\":\"https:\/\/staging.cremiacosmetics.com\/osszes-termek\/white-pearls-scrub-arcradir-50ml\/\",\"name\":\"White Pearls scrub arcrad\u00edr 50 ml - Cremia Cosmetics\",\"isPartOf\":{\"@id\":\"https:\/\/staging.cremiacosmetics.com\/#website\"},\"primaryImageOfPage\":{\"@id\":\"https:\/\/staging.cremiacosmetics.com\/osszes-termek\/white-pearls-scrub-arcradir-50ml\/#primaryimage\"},\"image\":{\"@id\":\"https:\/\/staging.cremiacosmetics.com\/osszes-termek\/white-pearls-scrub-arcradir-50ml\/#primaryimage\"},\"thumbnailUrl\":\"https:\/\/staging.cremiacosmetics.com\/wp-content\/uploads\/2024\/03\/Cremia_White-pearls_800.jpg\",\"datePublished\":\"2020-12-10T14:21:43+00:00\",\"dateModified\":\"2025-03-11T08:35:17+00:00\",\"breadcrumb\":{\"@id\":\"https:\/\/staging.cremiacosmetics.com\/osszes-termek\/white-pearls-scrub-arcradir-50ml\/#breadcrumb\"},\"inLanguage\":\"en-US\",\"potentialAction\":[{\"@type\":\"ReadAction\",\"target\":[\"https:\/\/staging.cremiacosmetics.com\/osszes-termek\/white-pearls-scrub-arcradir-50ml\/\"]}]},{\"@type\":\"ImageObject\",\"inLanguage\":\"en-US\",\"@id\":\"https:\/\/staging.cremiacosmetics.com\/osszes-termek\/white-pearls-scrub-arcradir-50ml\/#primaryimage\",\"url\":\"https:\/\/staging.cremiacosmetics.com\/wp-content\/uploads\/2024\/03\/Cremia_White-pearls_800.jpg\",\"contentUrl\":\"https:\/\/staging.cremiacosmetics.com\/wp-content\/uploads\/2024\/03\/Cremia_White-pearls_800.jpg\",\"width\":800,\"height\":800,\"caption\":\"Cremia White Pearls\"},{\"@type\":\"BreadcrumbList\",\"@id\":\"https:\/\/staging.cremiacosmetics.com\/osszes-termek\/white-pearls-scrub-arcradir-50ml\/#breadcrumb\",\"itemListElement\":[{\"@type\":\"ListItem\",\"position\":1,\"name\":\"Kezd\u0151lap\",\"item\":\"https:\/\/staging.cremiacosmetics.com\/\"},{\"@type\":\"ListItem\",\"position\":2,\"name\":\"\u00d6sszes term\u00e9k\",\"item\":\"https:\/\/staging.cremiacosmetics.com\/?page_id=15931\"},{\"@type\":\"ListItem\",\"position\":3,\"name\":\"White Pearls scrub arcrad\u00edr 50 ml\"}]},{\"@type\":\"WebSite\",\"@id\":\"https:\/\/staging.cremiacosmetics.com\/#website\",\"url\":\"https:\/\/staging.cremiacosmetics.com\/\",\"name\":\"Cremia Cosmetics\",\"description\":\"Nature-powered beauty\",\"publisher\":{\"@id\":\"https:\/\/staging.cremiacosmetics.com\/#organization\"},\"potentialAction\":[{\"@type\":\"SearchAction\",\"target\":{\"@type\":\"EntryPoint\",\"urlTemplate\":\"https:\/\/staging.cremiacosmetics.com\/?s={search_term_string}\"},\"query-input\":{\"@type\":\"PropertyValueSpecification\",\"valueRequired\":true,\"valueName\":\"search_term_string\"}}],\"inLanguage\":\"en-US\"},{\"@type\":\"Organization\",\"@id\":\"https:\/\/staging.cremiacosmetics.com\/#organization\",\"name\":\"Cremia Cosmetics\",\"url\":\"https:\/\/staging.cremiacosmetics.com\/\",\"logo\":{\"@type\":\"ImageObject\",\"inLanguage\":\"en-US\",\"@id\":\"https:\/\/staging.cremiacosmetics.com\/#\/schema\/logo\/image\/\",\"url\":\"https:\/\/staging.cremiacosmetics.com\/wp-content\/uploads\/2024\/03\/Cremia-logo-15x15mm.svg\",\"contentUrl\":\"https:\/\/staging.cremiacosmetics.com\/wp-content\/uploads\/2024\/03\/Cremia-logo-15x15mm.svg\",\"width\":42,\"height\":42,\"caption\":\"Cremia Cosmetics\"},\"image\":{\"@id\":\"https:\/\/staging.cremiacosmetics.com\/#\/schema\/logo\/image\/\"},\"sameAs\":[\"https:\/\/www.facebook.com\/cremiacosmetics\",\"https:\/\/www.instagram.com\/cremiacosmetics\/\"]}]}<\/script>\n<meta property=\"product:price:amount\" content=\"7580\" \/>\n<meta property=\"product:price:currency\" content=\"HUF\" \/>\n<meta property=\"og:availability\" content=\"instock\" \/>\n<meta property=\"product:availability\" content=\"instock\" \/>\n<meta property=\"product:retailer_item_id\" content=\"C-WP-HU-50\" \/>\n<meta property=\"product:condition\" content=\"new\" \/>\n<!-- \/ Yoast SEO Premium plugin. -->","yoast_head_json":{"title":"White Pearls scrub arcrad\u00edr 50 ml - Cremia Cosmetics","robots":{"index":"index","follow":"follow","max-snippet":"max-snippet:-1","max-image-preview":"max-image-preview:large","max-video-preview":"max-video-preview:-1"},"canonical":"https:\/\/staging.cremiacosmetics.com\/osszes-termek\/white-pearls-scrub-arcradir-50ml\/","og_locale":"en_US","og_type":"article","og_title":"White Pearls scrub arcrad\u00edr 50 ml","og_description":"Tiszta, hidrat\u00e1lt ut\u00f3\u00e9rzet v\u00e1rhat\u00f3 ett\u0151l a n\u00f6v\u00e9nyi eredet\u0171 gy\u00f6ngy\u00f6ket, hidrat\u00e1l\u00f3 glicerint \u00e9s ure\u00e1t tartalmaz\u00f3 arcrad\u00edrt\u00f3l. M\u00edg a feh\u00e9r gy\u00f6ngy\u00f6csk\u00e9k k\u00edm\u00e9letesen h\u00e1mlasztj\u00e1k, massz\u00edrozz\u00e1k arcodat, a hidrat\u00e1l\u00f3 alapkr\u00e9mben l\u00e9v\u0151 s\u00e1rgabarackmag olaj \u00e9s a makad\u00e1miadi\u00f3 olaj t\u00e1pl\u00e1lj\u00e1k, \u00e1polj\u00e1k a b\u0151rt.  Ak\u00e1r naponta vigy\u00e9l fel di\u00f3nyi mennyis\u00e9g\u0171 kr\u00e9met az arcra, dekolt\u00e1zsra, majd k\u00f6rk\u00f6r\u00f6s, massz\u00edroz\u00f3 mozdulatokkal gyeng\u00e9den massz\u00edrozd b\u0151r\u00f6det egy percig. B\u0151, langyos v\u00edzzel \u00f6bl\u00edtsd le \u00e9s \u00e9lvezd b\u0151r\u00f6d fel\u00fcd\u00fcl\u00e9s\u00e9t! Beauty tipp: cseppents hozz\u00e1 1-2 csepp Cremia Anti Age serumot!  50 ml","og_url":"https:\/\/staging.cremiacosmetics.com\/osszes-termek\/white-pearls-scrub-arcradir-50ml\/","og_site_name":"Cremia Cosmetics","article_publisher":"https:\/\/www.facebook.com\/cremiacosmetics","article_modified_time":"2025-03-11T08:35:17+00:00","og_image":[{"width":800,"height":800,"url":"https:\/\/staging.cremiacosmetics.com\/wp-content\/uploads\/2024\/03\/Cremia_White-pearls_800.jpg","type":"image\/jpeg"}],"twitter_card":"summary_large_image","twitter_misc":{"Price":"7 580&nbsp;&#70;&#116;","Availability":"In stock"},"schema":{"@context":"https:\/\/schema.org","@graph":[{"@type":"WebPage","@id":"https:\/\/staging.cremiacosmetics.com\/osszes-termek\/white-pearls-scrub-arcradir-50ml\/","url":"https:\/\/staging.cremiacosmetics.com\/osszes-termek\/white-pearls-scrub-arcradir-50ml\/","name":"White Pearls scrub arcrad\u00edr 50 ml - Cremia Cosmetics","isPartOf":{"@id":"https:\/\/staging.cremiacosmetics.com\/#website"},"primaryImageOfPage":{"@id":"https:\/\/staging.cremiacosmetics.com\/osszes-termek\/white-pearls-scrub-arcradir-50ml\/#primaryimage"},"image":{"@id":"https:\/\/staging.cremiacosmetics.com\/osszes-termek\/white-pearls-scrub-arcradir-50ml\/#primaryimage"},"thumbnailUrl":"https:\/\/staging.cremiacosmetics.com\/wp-content\/uploads\/2024\/03\/Cremia_White-pearls_800.jpg","datePublished":"2020-12-10T14:21:43+00:00","dateModified":"2025-03-11T08:35:17+00:00","breadcrumb":{"@id":"https:\/\/staging.cremiacosmetics.com\/osszes-termek\/white-pearls-scrub-arcradir-50ml\/#breadcrumb"},"inLanguage":"en-US","potentialAction":[{"@type":"ReadAction","target":["https:\/\/staging.cremiacosmetics.com\/osszes-termek\/white-pearls-scrub-arcradir-50ml\/"]}]},{"@type":"ImageObject","inLanguage":"en-US","@id":"https:\/\/staging.cremiacosmetics.com\/osszes-termek\/white-pearls-scrub-arcradir-50ml\/#primaryimage","url":"https:\/\/staging.cremiacosmetics.com\/wp-content\/uploads\/2024\/03\/Cremia_White-pearls_800.jpg","contentUrl":"https:\/\/staging.cremiacosmetics.com\/wp-content\/uploads\/2024\/03\/Cremia_White-pearls_800.jpg","width":800,"height":800,"caption":"Cremia White Pearls"},{"@type":"BreadcrumbList","@id":"https:\/\/staging.cremiacosmetics.com\/osszes-termek\/white-pearls-scrub-arcradir-50ml\/#breadcrumb","itemListElement":[{"@type":"ListItem","position":1,"name":"Kezd\u0151lap","item":"https:\/\/staging.cremiacosmetics.com\/"},{"@type":"ListItem","position":2,"name":"\u00d6sszes term\u00e9k","item":"https:\/\/staging.cremiacosmetics.com\/?page_id=15931"},{"@type":"ListItem","position":3,"name":"White Pearls scrub arcrad\u00edr 50 ml"}]},{"@type":"WebSite","@id":"https:\/\/staging.cremiacosmetics.com\/#website","url":"https:\/\/staging.cremiacosmetics.com\/","name":"Cremia Cosmetics","description":"Nature-powered beauty","publisher":{"@id":"https:\/\/staging.cremiacosmetics.com\/#organization"},"potentialAction":[{"@type":"SearchAction","target":{"@type":"EntryPoint","urlTemplate":"https:\/\/staging.cremiacosmetics.com\/?s={search_term_string}"},"query-input":{"@type":"PropertyValueSpecification","valueRequired":true,"valueName":"search_term_string"}}],"inLanguage":"en-US"},{"@type":"Organization","@id":"https:\/\/staging.cremiacosmetics.com\/#organization","name":"Cremia Cosmetics","url":"https:\/\/staging.cremiacosmetics.com\/","logo":{"@type":"ImageObject","inLanguage":"en-US","@id":"https:\/\/staging.cremiacosmetics.com\/#\/schema\/logo\/image\/","url":"https:\/\/staging.cremiacosmetics.com\/wp-content\/uploads\/2024\/03\/Cremia-logo-15x15mm.svg","contentUrl":"https:\/\/staging.cremiacosmetics.com\/wp-content\/uploads\/2024\/03\/Cremia-logo-15x15mm.svg","width":42,"height":42,"caption":"Cremia Cosmetics"},"image":{"@id":"https:\/\/staging.cremiacosmetics.com\/#\/schema\/logo\/image\/"},"sameAs":["https:\/\/www.facebook.com\/cremiacosmetics","https:\/\/www.instagram.com\/cremiacosmetics\/"]}]},"product_price_amount":"7580","product_price_currency":"HUF","og_availability":"instock","product_availability":"instock","product_retailer_item_id":"C-WP-HU-50","product_condition":"new"},"_links":{"self":[{"href":"https:\/\/staging.cremiacosmetics.com\/index.php?rest_route=\/wp\/v2\/product\/23917","targetHints":{"allow":["GET"]}}],"collection":[{"href":"https:\/\/staging.cremiacosmetics.com\/index.php?rest_route=\/wp\/v2\/product"}],"about":[{"href":"https:\/\/staging.cremiacosmetics.com\/index.php?rest_route=\/wp\/v2\/types\/product"}],"replies":[{"embeddable":true,"href":"https:\/\/staging.cremiacosmetics.com\/index.php?rest_route=%2Fwp%2Fv2%2Fcomments&post=23917"}],"version-history":[{"count":2,"href":"https:\/\/staging.cremiacosmetics.com\/index.php?rest_route=\/wp\/v2\/product\/23917\/revisions"}],"predecessor-version":[{"id":34493,"href":"https:\/\/staging.cremiacosmetics.com\/index.php?rest_route=\/wp\/v2\/product\/23917\/revisions\/34493"}],"wp:featuredmedia":[{"embeddable":true,"href":"https:\/\/staging.cremiacosmetics.com\/index.php?rest_route=\/wp\/v2\/media\/33206"}],"wp:attachment":[{"href":"https:\/\/staging.cremiacosmetics.com\/index.php?rest_route=%2Fwp%2Fv2%2Fmedia&parent=23917"}],"wp:term":[{"taxonomy":"product_brand","embeddable":true,"href":"https:\/\/staging.cremiacosmetics.com\/index.php?rest_route=%2Fwp%2Fv2%2Fproduct_brand&post=23917"},{"taxonomy":"product_cat","embeddable":true,"href":"https:\/\/staging.cremiacosmetics.com\/index.php?rest_route=%2Fwp%2Fv2%2Fproduct_cat&post=23917"},{"taxonomy":"product_tag","embeddable":true,"href":"https:\/\/staging.cremiacosmetics.com\/index.php?rest_route=%2Fwp%2Fv2%2Fproduct_tag&post=23917"}],"curies":[{"name":"wp","href":"https:\/\/api.w.org\/{rel}","templated":true}]}}