{"id":23462,"date":"2020-11-27T03:12:46","date_gmt":"2020-11-27T02:12:46","guid":{"rendered":"https:\/\/cremiocosmetics.com\/?post_type=product&#038;p=23462"},"modified":"2025-03-11T09:35:16","modified_gmt":"2025-03-11T08:35:16","slug":"vitamin-booster-vitaminos-ejszakai-krem","status":"publish","type":"product","link":"https:\/\/staging.cremiacosmetics.com\/?product=vitamin-booster-vitaminos-ejszakai-krem","title":{"rendered":"Vitamin Booster A+C+E+B3 vitaminos \u00e9jszakai arckr\u00e9m 50 ml"},"content":{"rendered":"<p>\u00d6sszetev\u0151k: Aqua, Macadamia seed oil, Glycerin, Argan oil, Cetearyl Olivate, Sorbitan Olivate, Cetylacohol, Prunus armeniaca kernel oil, Urea, Retinyl palmitate, Helianthus annuus seed oil, Tocopherol, Magnesium ascorbyl phosphate, Niacinamide, Phenoxyethanol, Ethylhexylglycerin, Fragrance,<\/p>\n<p>CPNP: 3782489<\/p>\n","protected":false},"excerpt":{"rendered":"<p>Mi\u00e9rt fogod szeretni ezt az arckr\u00e9met?<\/p>\n<p>Fak\u00f3 \u00e9s f\u00e1radt az arcb\u0151r\u00f6d? \u00daj, <strong>A, C, E \u00e9s B3 vitaminokkal<\/strong> <strong>d\u00fas\u00edtott<\/strong> arg\u00e1n olajos \u00e9jszakai kr\u00e9m\u00fcnk haszn\u00e1lat\u00e1val garant\u00e1ltan \u00fcde, nyugodt \u00e9s hidrat\u00e1lt arccal \u00e9bredsz. Ez a kr\u00e9m egy multivitamin bomba, t\u00f6bbf\u00e9lek\u00e9ppen hat a b\u0151r felfriss\u00edt\u00e9s\u00e9re, \u00e9l\u00e9nk\u00edt\u00e9s\u00e9re:<\/p>\n<ul>\n<li><strong>A-vitamin<\/strong>: normaliz\u00e1lja a b\u0151r m\u0171k\u00f6d\u00e9s\u00e9t, n\u00e9lk\u00fcl\u00f6zhetetlen a b\u0151rsz\u00f6vet n\u00f6veked\u00e9s\u00e9ben. A kr\u00e9mben tal\u00e1lhat\u00f3 retinol palmit\u00e1t a b\u0151rbe felsz\u00edv\u00f3dva alakul \u00e1t retinoll\u00e1.<\/li>\n<li><strong>C-vitamin<\/strong>: ebben a kr\u00e9mben a C-vitamin stabil, magnesium ascorbyl phosphate (MAP) v\u00e1ltozat\u00e1t haszn\u00e1ljuk, amely a f\u00e9ny \u00e9s az oxig\u00e9n hat\u00e1s\u00e1ra nem bomlik le.<\/li>\n<li><strong>E-vitamin<\/strong>: antioxid\u00e1ns tulajdons\u00e1g\u00fa vitamin, ami azt jelenti, hogy v\u00e9delmezi a b\u0151rt a szabadgy\u00f6k\u00f6k k\u00e1ros\u00edt\u00f3 hat\u00e1s\u00e1t\u00f3l. Ennek k\u00f6sz\u00f6nhet\u0151 anti aging hat\u00e1sa. A b\u0151r rugalmass\u00e1g\u00e1t fokozza, a r\u00e1ncmegel\u0151z\u00e9sben jelent\u0151s szerepe van.<\/li>\n<li><strong>B3 vitamin, <\/strong>azaz <strong>niacinamid<\/strong>: sokoldal\u00fa vitamin, mert gyullad\u00e1scs\u00f6kkent\u0151 hat\u00e1s\u00e1nak k\u00f6sz\u00f6nhet\u0151en cs\u00f6kkenti a b\u0151rp\u00edrt, jav\u00edtja a b\u0151r szerkezet\u00e9t, rugalmass\u00e1g\u00e1t. El\u0151seg\u00edti a b\u0151r term\u00e9szetes v\u00e9d\u0151g\u00e1tj\u00e1nak norm\u00e1lis m\u0171k\u00f6d\u00e9s\u00e9t, ezzel seg\u00edtve a hidrat\u00e1lt, puha b\u0151r el\u00e9r\u00e9s\u00e9t.<\/li>\n<\/ul>\n<p>&nbsp;<\/p>\n<p>Visszajelz\u00e9sek alapj\u00e1n p\u00e1r nap haszn\u00e1lat ut\u00e1n \u00e9szrevehet\u0151en \u00e9l\u00e9nkebb\u00e9 teszi a b\u0151rt! Probl\u00e9m\u00e1s b\u0151r\u0171ek \u00e9s sz\u00e1raz b\u0151r\u0171ek egyar\u00e1nt normaliz\u00e1l\u00f3, nyugtat\u00f3 \u00e9s \u00e9l\u00e9nkebb arcb\u0151rr\u0151l sz\u00e1moltak be. Illata mag\u00e1val ragad\u00f3an citrusos! Minden b\u0151rt\u00edpusra aj\u00e1nlott.<\/p>\n<p>50 ml<\/p>\n<p>H\u0171v\u00f6s helyen t\u00e1roland\u00f3.<\/p>\n<p>&nbsp;<\/p>\n","protected":false},"featured_media":33205,"comment_status":"open","ping_status":"closed","template":"","meta":[],"product_brand":[],"product_cat":[899,895,296,1411,438,1163,482,756],"product_tag":[737,741,578,582,739,1025],"class_list":{"0":"post-23462","1":"product","2":"type-product","3":"status-publish","4":"has-post-thumbnail","6":"product_cat-pigmentfoltos-borre","7":"product_cat-hidratalas-ejjel-nappal","8":"product_cat-arcapolas","9":"product_cat-ejszakai-arckremek","10":"product_cat-hidratalas","11":"product_cat-lakossagi-termekek","12":"product_cat-osszes","13":"product_cat-premium","14":"product_tag-c-vitamin","15":"product_tag-cremio","16":"product_tag-ejszakai-krem","17":"product_tag-hidratalas","18":"product_tag-niacinamid","19":"product_tag-vitamin-en","21":"first","22":"instock","23":"taxable","24":"shipping-taxable","25":"purchasable","26":"product-type-simple"},"bundled_by":[],"bundle_stock_status":"instock","bundle_stock_quantity":null,"bundle_virtual":false,"bundle_layout":"","bundle_add_to_cart_form_location":"","bundle_editable_in_cart":false,"bundle_sold_individually_context":"","bundle_item_grouping":"","bundle_min_size":"","bundle_max_size":"","bundle_price":[],"bundled_items":[],"bundle_sell_ids":[],"yoast_head":"<!-- This site is optimized with the Yoast SEO Premium plugin v24.9 (Yoast SEO v24.9) - https:\/\/yoast.com\/wordpress\/plugins\/seo\/ -->\n<title>Vitamin Booster A+C+E+B3 vitaminos \u00e9jszakai arckr\u00e9m 50 ml - Cremia Cosmetics<\/title>\n<meta name=\"robots\" content=\"index, follow, max-snippet:-1, max-image-preview:large, max-video-preview:-1\" \/>\n<link rel=\"canonical\" href=\"https:\/\/staging.cremiacosmetics.com\/osszes-termek\/vitamin-booster-vitaminos-ejszakai-krem\/\" \/>\n<meta property=\"og:locale\" content=\"en_US\" \/>\n<meta property=\"og:type\" content=\"article\" \/>\n<meta property=\"og:title\" content=\"Vitamin Booster A+C+E+B3 vitaminos \u00e9jszakai arckr\u00e9m 50 ml\" \/>\n<meta property=\"og:description\" content=\"Mi\u00e9rt fogod szeretni ezt az arckr\u00e9met?  Fak\u00f3 \u00e9s f\u00e1radt az arcb\u0151r\u00f6d? \u00daj, A, C, E \u00e9s B3 vitaminokkal d\u00fas\u00edtott arg\u00e1n olajos \u00e9jszakai kr\u00e9m\u00fcnk haszn\u00e1lat\u00e1val garant\u00e1ltan \u00fcde, nyugodt \u00e9s hidrat\u00e1lt arccal \u00e9bredsz. Ez a kr\u00e9m egy multivitamin bomba, t\u00f6bbf\u00e9lek\u00e9ppen hat a b\u0151r felfriss\u00edt\u00e9s\u00e9re, \u00e9l\u00e9nk\u00edt\u00e9s\u00e9re:   A-vitamin: normaliz\u00e1lja a b\u0151r m\u0171k\u00f6d\u00e9s\u00e9t, n\u00e9lk\u00fcl\u00f6zhetetlen a b\u0151rsz\u00f6vet n\u00f6veked\u00e9s\u00e9ben. A kr\u00e9mben tal\u00e1lhat\u00f3 retinol palmit\u00e1t a b\u0151rbe felsz\u00edv\u00f3dva alakul \u00e1t retinoll\u00e1.  C-vitamin: ebben a kr\u00e9mben a C-vitamin stabil, magnesium ascorbyl phosphate (MAP) v\u00e1ltozat\u00e1t haszn\u00e1ljuk, amely a f\u00e9ny \u00e9s az oxig\u00e9n hat\u00e1s\u00e1ra nem bomlik le.  E-vitamin: antioxid\u00e1ns tulajdons\u00e1g\u00fa vitamin, ami azt jelenti, hogy v\u00e9delmezi a b\u0151rt a szabadgy\u00f6k\u00f6k k\u00e1ros\u00edt\u00f3 hat\u00e1s\u00e1t\u00f3l. Ennek k\u00f6sz\u00f6nhet\u0151 anti aging hat\u00e1sa. A b\u0151r rugalmass\u00e1g\u00e1t fokozza, a r\u00e1ncmegel\u0151z\u00e9sben jelent\u0151s szerepe van.  B3 vitamin, azaz niacinamid: sokoldal\u00fa vitamin, mert gyullad\u00e1scs\u00f6kkent\u0151 hat\u00e1s\u00e1nak k\u00f6sz\u00f6nhet\u0151en cs\u00f6kkenti a b\u0151rp\u00edrt, jav\u00edtja a b\u0151r szerkezet\u00e9t, rugalmass\u00e1g\u00e1t. El\u0151seg\u00edti a b\u0151r term\u00e9szetes v\u00e9d\u0151g\u00e1tj\u00e1nak norm\u00e1lis m\u0171k\u00f6d\u00e9s\u00e9t, ezzel seg\u00edtve a hidrat\u00e1lt, puha b\u0151r el\u00e9r\u00e9s\u00e9t.  &nbsp;  Visszajelz\u00e9sek alapj\u00e1n p\u00e1r nap haszn\u00e1lat ut\u00e1n \u00e9szrevehet\u0151en \u00e9l\u00e9nkebb\u00e9 teszi a b\u0151rt! Probl\u00e9m\u00e1s b\u0151r\u0171ek \u00e9s sz\u00e1raz b\u0151r\u0171ek egyar\u00e1nt normaliz\u00e1l\u00f3, nyugtat\u00f3 \u00e9s \u00e9l\u00e9nkebb arcb\u0151rr\u0151l sz\u00e1moltak be. Illata mag\u00e1val ragad\u00f3an citrusos! Minden b\u0151rt\u00edpusra aj\u00e1nlott.  50 ml  H\u0171v\u00f6s helyen t\u00e1roland\u00f3.  &nbsp;\" \/>\n<meta property=\"og:url\" content=\"https:\/\/staging.cremiacosmetics.com\/osszes-termek\/vitamin-booster-vitaminos-ejszakai-krem\/\" \/>\n<meta property=\"og:site_name\" content=\"Cremia Cosmetics\" \/>\n<meta property=\"article:publisher\" content=\"https:\/\/www.facebook.com\/cremiacosmetics\" \/>\n<meta property=\"article:modified_time\" content=\"2025-03-11T08:35:16+00:00\" \/>\n<meta property=\"og:image\" content=\"https:\/\/staging.cremiacosmetics.com\/wp-content\/uploads\/2024\/03\/Cremia_Vitamin-booster_800.jpg\" \/>\n\t<meta property=\"og:image:width\" content=\"800\" \/>\n\t<meta property=\"og:image:height\" content=\"800\" \/>\n\t<meta property=\"og:image:type\" content=\"image\/jpeg\" \/>\n<meta name=\"twitter:card\" content=\"summary_large_image\" \/>\n<meta name=\"twitter:label1\" content=\"Price\" \/>\n\t<meta name=\"twitter:data1\" content=\"18 990&nbsp;&#070;&#116;\" \/>\n\t<meta name=\"twitter:label2\" content=\"Availability\" \/>\n\t<meta name=\"twitter:data2\" content=\"In stock\" \/>\n<script type=\"application\/ld+json\" class=\"yoast-schema-graph\">{\"@context\":\"https:\/\/schema.org\",\"@graph\":[{\"@type\":\"WebPage\",\"@id\":\"https:\/\/staging.cremiacosmetics.com\/osszes-termek\/vitamin-booster-vitaminos-ejszakai-krem\/\",\"url\":\"https:\/\/staging.cremiacosmetics.com\/osszes-termek\/vitamin-booster-vitaminos-ejszakai-krem\/\",\"name\":\"Vitamin Booster A+C+E+B3 vitaminos \u00e9jszakai arckr\u00e9m 50 ml - Cremia Cosmetics\",\"isPartOf\":{\"@id\":\"https:\/\/staging.cremiacosmetics.com\/#website\"},\"primaryImageOfPage\":{\"@id\":\"https:\/\/staging.cremiacosmetics.com\/osszes-termek\/vitamin-booster-vitaminos-ejszakai-krem\/#primaryimage\"},\"image\":{\"@id\":\"https:\/\/staging.cremiacosmetics.com\/osszes-termek\/vitamin-booster-vitaminos-ejszakai-krem\/#primaryimage\"},\"thumbnailUrl\":\"https:\/\/staging.cremiacosmetics.com\/wp-content\/uploads\/2024\/03\/Cremia_Vitamin-booster_800.jpg\",\"datePublished\":\"2020-11-27T02:12:46+00:00\",\"dateModified\":\"2025-03-11T08:35:16+00:00\",\"breadcrumb\":{\"@id\":\"https:\/\/staging.cremiacosmetics.com\/osszes-termek\/vitamin-booster-vitaminos-ejszakai-krem\/#breadcrumb\"},\"inLanguage\":\"en-US\",\"potentialAction\":[{\"@type\":\"ReadAction\",\"target\":[\"https:\/\/staging.cremiacosmetics.com\/osszes-termek\/vitamin-booster-vitaminos-ejszakai-krem\/\"]}]},{\"@type\":\"ImageObject\",\"inLanguage\":\"en-US\",\"@id\":\"https:\/\/staging.cremiacosmetics.com\/osszes-termek\/vitamin-booster-vitaminos-ejszakai-krem\/#primaryimage\",\"url\":\"https:\/\/staging.cremiacosmetics.com\/wp-content\/uploads\/2024\/03\/Cremia_Vitamin-booster_800.jpg\",\"contentUrl\":\"https:\/\/staging.cremiacosmetics.com\/wp-content\/uploads\/2024\/03\/Cremia_Vitamin-booster_800.jpg\",\"width\":800,\"height\":800,\"caption\":\"Cremia Vitamin booster\"},{\"@type\":\"BreadcrumbList\",\"@id\":\"https:\/\/staging.cremiacosmetics.com\/osszes-termek\/vitamin-booster-vitaminos-ejszakai-krem\/#breadcrumb\",\"itemListElement\":[{\"@type\":\"ListItem\",\"position\":1,\"name\":\"Kezd\u0151lap\",\"item\":\"https:\/\/staging.cremiacosmetics.com\/\"},{\"@type\":\"ListItem\",\"position\":2,\"name\":\"\u00d6sszes term\u00e9k\",\"item\":\"https:\/\/staging.cremiacosmetics.com\/?page_id=15931\"},{\"@type\":\"ListItem\",\"position\":3,\"name\":\"Vitamin Booster A+C+E+B3 vitaminos \u00e9jszakai arckr\u00e9m 50 ml\"}]},{\"@type\":\"WebSite\",\"@id\":\"https:\/\/staging.cremiacosmetics.com\/#website\",\"url\":\"https:\/\/staging.cremiacosmetics.com\/\",\"name\":\"Cremia Cosmetics\",\"description\":\"Nature-powered beauty\",\"publisher\":{\"@id\":\"https:\/\/staging.cremiacosmetics.com\/#organization\"},\"potentialAction\":[{\"@type\":\"SearchAction\",\"target\":{\"@type\":\"EntryPoint\",\"urlTemplate\":\"https:\/\/staging.cremiacosmetics.com\/?s={search_term_string}\"},\"query-input\":{\"@type\":\"PropertyValueSpecification\",\"valueRequired\":true,\"valueName\":\"search_term_string\"}}],\"inLanguage\":\"en-US\"},{\"@type\":\"Organization\",\"@id\":\"https:\/\/staging.cremiacosmetics.com\/#organization\",\"name\":\"Cremia Cosmetics\",\"url\":\"https:\/\/staging.cremiacosmetics.com\/\",\"logo\":{\"@type\":\"ImageObject\",\"inLanguage\":\"en-US\",\"@id\":\"https:\/\/staging.cremiacosmetics.com\/#\/schema\/logo\/image\/\",\"url\":\"https:\/\/staging.cremiacosmetics.com\/wp-content\/uploads\/2024\/03\/Cremia-logo-15x15mm.svg\",\"contentUrl\":\"https:\/\/staging.cremiacosmetics.com\/wp-content\/uploads\/2024\/03\/Cremia-logo-15x15mm.svg\",\"width\":42,\"height\":42,\"caption\":\"Cremia Cosmetics\"},\"image\":{\"@id\":\"https:\/\/staging.cremiacosmetics.com\/#\/schema\/logo\/image\/\"},\"sameAs\":[\"https:\/\/www.facebook.com\/cremiacosmetics\",\"https:\/\/www.instagram.com\/cremiacosmetics\/\"]}]}<\/script>\n<meta property=\"product:price:amount\" content=\"18990\" \/>\n<meta property=\"product:price:currency\" content=\"HUF\" \/>\n<meta property=\"og:availability\" content=\"instock\" \/>\n<meta property=\"product:availability\" content=\"instock\" \/>\n<meta property=\"product:retailer_item_id\" content=\"C-VB-HU-50\" \/>\n<meta property=\"product:condition\" content=\"new\" \/>\n<!-- \/ Yoast SEO Premium plugin. -->","yoast_head_json":{"title":"Vitamin Booster A+C+E+B3 vitaminos \u00e9jszakai arckr\u00e9m 50 ml - Cremia Cosmetics","robots":{"index":"index","follow":"follow","max-snippet":"max-snippet:-1","max-image-preview":"max-image-preview:large","max-video-preview":"max-video-preview:-1"},"canonical":"https:\/\/staging.cremiacosmetics.com\/osszes-termek\/vitamin-booster-vitaminos-ejszakai-krem\/","og_locale":"en_US","og_type":"article","og_title":"Vitamin Booster A+C+E+B3 vitaminos \u00e9jszakai arckr\u00e9m 50 ml","og_description":"Mi\u00e9rt fogod szeretni ezt az arckr\u00e9met?  Fak\u00f3 \u00e9s f\u00e1radt az arcb\u0151r\u00f6d? \u00daj, A, C, E \u00e9s B3 vitaminokkal d\u00fas\u00edtott arg\u00e1n olajos \u00e9jszakai kr\u00e9m\u00fcnk haszn\u00e1lat\u00e1val garant\u00e1ltan \u00fcde, nyugodt \u00e9s hidrat\u00e1lt arccal \u00e9bredsz. Ez a kr\u00e9m egy multivitamin bomba, t\u00f6bbf\u00e9lek\u00e9ppen hat a b\u0151r felfriss\u00edt\u00e9s\u00e9re, \u00e9l\u00e9nk\u00edt\u00e9s\u00e9re:   A-vitamin: normaliz\u00e1lja a b\u0151r m\u0171k\u00f6d\u00e9s\u00e9t, n\u00e9lk\u00fcl\u00f6zhetetlen a b\u0151rsz\u00f6vet n\u00f6veked\u00e9s\u00e9ben. A kr\u00e9mben tal\u00e1lhat\u00f3 retinol palmit\u00e1t a b\u0151rbe felsz\u00edv\u00f3dva alakul \u00e1t retinoll\u00e1.  C-vitamin: ebben a kr\u00e9mben a C-vitamin stabil, magnesium ascorbyl phosphate (MAP) v\u00e1ltozat\u00e1t haszn\u00e1ljuk, amely a f\u00e9ny \u00e9s az oxig\u00e9n hat\u00e1s\u00e1ra nem bomlik le.  E-vitamin: antioxid\u00e1ns tulajdons\u00e1g\u00fa vitamin, ami azt jelenti, hogy v\u00e9delmezi a b\u0151rt a szabadgy\u00f6k\u00f6k k\u00e1ros\u00edt\u00f3 hat\u00e1s\u00e1t\u00f3l. Ennek k\u00f6sz\u00f6nhet\u0151 anti aging hat\u00e1sa. A b\u0151r rugalmass\u00e1g\u00e1t fokozza, a r\u00e1ncmegel\u0151z\u00e9sben jelent\u0151s szerepe van.  B3 vitamin, azaz niacinamid: sokoldal\u00fa vitamin, mert gyullad\u00e1scs\u00f6kkent\u0151 hat\u00e1s\u00e1nak k\u00f6sz\u00f6nhet\u0151en cs\u00f6kkenti a b\u0151rp\u00edrt, jav\u00edtja a b\u0151r szerkezet\u00e9t, rugalmass\u00e1g\u00e1t. El\u0151seg\u00edti a b\u0151r term\u00e9szetes v\u00e9d\u0151g\u00e1tj\u00e1nak norm\u00e1lis m\u0171k\u00f6d\u00e9s\u00e9t, ezzel seg\u00edtve a hidrat\u00e1lt, puha b\u0151r el\u00e9r\u00e9s\u00e9t.  &nbsp;  Visszajelz\u00e9sek alapj\u00e1n p\u00e1r nap haszn\u00e1lat ut\u00e1n \u00e9szrevehet\u0151en \u00e9l\u00e9nkebb\u00e9 teszi a b\u0151rt! Probl\u00e9m\u00e1s b\u0151r\u0171ek \u00e9s sz\u00e1raz b\u0151r\u0171ek egyar\u00e1nt normaliz\u00e1l\u00f3, nyugtat\u00f3 \u00e9s \u00e9l\u00e9nkebb arcb\u0151rr\u0151l sz\u00e1moltak be. Illata mag\u00e1val ragad\u00f3an citrusos! Minden b\u0151rt\u00edpusra aj\u00e1nlott.  50 ml  H\u0171v\u00f6s helyen t\u00e1roland\u00f3.  &nbsp;","og_url":"https:\/\/staging.cremiacosmetics.com\/osszes-termek\/vitamin-booster-vitaminos-ejszakai-krem\/","og_site_name":"Cremia Cosmetics","article_publisher":"https:\/\/www.facebook.com\/cremiacosmetics","article_modified_time":"2025-03-11T08:35:16+00:00","og_image":[{"width":800,"height":800,"url":"https:\/\/staging.cremiacosmetics.com\/wp-content\/uploads\/2024\/03\/Cremia_Vitamin-booster_800.jpg","type":"image\/jpeg"}],"twitter_card":"summary_large_image","twitter_misc":{"Price":"18 990&nbsp;&#70;&#116;","Availability":"In stock"},"schema":{"@context":"https:\/\/schema.org","@graph":[{"@type":"WebPage","@id":"https:\/\/staging.cremiacosmetics.com\/osszes-termek\/vitamin-booster-vitaminos-ejszakai-krem\/","url":"https:\/\/staging.cremiacosmetics.com\/osszes-termek\/vitamin-booster-vitaminos-ejszakai-krem\/","name":"Vitamin Booster A+C+E+B3 vitaminos \u00e9jszakai arckr\u00e9m 50 ml - Cremia Cosmetics","isPartOf":{"@id":"https:\/\/staging.cremiacosmetics.com\/#website"},"primaryImageOfPage":{"@id":"https:\/\/staging.cremiacosmetics.com\/osszes-termek\/vitamin-booster-vitaminos-ejszakai-krem\/#primaryimage"},"image":{"@id":"https:\/\/staging.cremiacosmetics.com\/osszes-termek\/vitamin-booster-vitaminos-ejszakai-krem\/#primaryimage"},"thumbnailUrl":"https:\/\/staging.cremiacosmetics.com\/wp-content\/uploads\/2024\/03\/Cremia_Vitamin-booster_800.jpg","datePublished":"2020-11-27T02:12:46+00:00","dateModified":"2025-03-11T08:35:16+00:00","breadcrumb":{"@id":"https:\/\/staging.cremiacosmetics.com\/osszes-termek\/vitamin-booster-vitaminos-ejszakai-krem\/#breadcrumb"},"inLanguage":"en-US","potentialAction":[{"@type":"ReadAction","target":["https:\/\/staging.cremiacosmetics.com\/osszes-termek\/vitamin-booster-vitaminos-ejszakai-krem\/"]}]},{"@type":"ImageObject","inLanguage":"en-US","@id":"https:\/\/staging.cremiacosmetics.com\/osszes-termek\/vitamin-booster-vitaminos-ejszakai-krem\/#primaryimage","url":"https:\/\/staging.cremiacosmetics.com\/wp-content\/uploads\/2024\/03\/Cremia_Vitamin-booster_800.jpg","contentUrl":"https:\/\/staging.cremiacosmetics.com\/wp-content\/uploads\/2024\/03\/Cremia_Vitamin-booster_800.jpg","width":800,"height":800,"caption":"Cremia Vitamin booster"},{"@type":"BreadcrumbList","@id":"https:\/\/staging.cremiacosmetics.com\/osszes-termek\/vitamin-booster-vitaminos-ejszakai-krem\/#breadcrumb","itemListElement":[{"@type":"ListItem","position":1,"name":"Kezd\u0151lap","item":"https:\/\/staging.cremiacosmetics.com\/"},{"@type":"ListItem","position":2,"name":"\u00d6sszes term\u00e9k","item":"https:\/\/staging.cremiacosmetics.com\/?page_id=15931"},{"@type":"ListItem","position":3,"name":"Vitamin Booster A+C+E+B3 vitaminos \u00e9jszakai arckr\u00e9m 50 ml"}]},{"@type":"WebSite","@id":"https:\/\/staging.cremiacosmetics.com\/#website","url":"https:\/\/staging.cremiacosmetics.com\/","name":"Cremia Cosmetics","description":"Nature-powered beauty","publisher":{"@id":"https:\/\/staging.cremiacosmetics.com\/#organization"},"potentialAction":[{"@type":"SearchAction","target":{"@type":"EntryPoint","urlTemplate":"https:\/\/staging.cremiacosmetics.com\/?s={search_term_string}"},"query-input":{"@type":"PropertyValueSpecification","valueRequired":true,"valueName":"search_term_string"}}],"inLanguage":"en-US"},{"@type":"Organization","@id":"https:\/\/staging.cremiacosmetics.com\/#organization","name":"Cremia Cosmetics","url":"https:\/\/staging.cremiacosmetics.com\/","logo":{"@type":"ImageObject","inLanguage":"en-US","@id":"https:\/\/staging.cremiacosmetics.com\/#\/schema\/logo\/image\/","url":"https:\/\/staging.cremiacosmetics.com\/wp-content\/uploads\/2024\/03\/Cremia-logo-15x15mm.svg","contentUrl":"https:\/\/staging.cremiacosmetics.com\/wp-content\/uploads\/2024\/03\/Cremia-logo-15x15mm.svg","width":42,"height":42,"caption":"Cremia Cosmetics"},"image":{"@id":"https:\/\/staging.cremiacosmetics.com\/#\/schema\/logo\/image\/"},"sameAs":["https:\/\/www.facebook.com\/cremiacosmetics","https:\/\/www.instagram.com\/cremiacosmetics\/"]}]},"product_price_amount":"18990","product_price_currency":"HUF","og_availability":"instock","product_availability":"instock","product_retailer_item_id":"C-VB-HU-50","product_condition":"new"},"_links":{"self":[{"href":"https:\/\/staging.cremiacosmetics.com\/index.php?rest_route=\/wp\/v2\/product\/23462","targetHints":{"allow":["GET"]}}],"collection":[{"href":"https:\/\/staging.cremiacosmetics.com\/index.php?rest_route=\/wp\/v2\/product"}],"about":[{"href":"https:\/\/staging.cremiacosmetics.com\/index.php?rest_route=\/wp\/v2\/types\/product"}],"replies":[{"embeddable":true,"href":"https:\/\/staging.cremiacosmetics.com\/index.php?rest_route=%2Fwp%2Fv2%2Fcomments&post=23462"}],"version-history":[{"count":1,"href":"https:\/\/staging.cremiacosmetics.com\/index.php?rest_route=\/wp\/v2\/product\/23462\/revisions"}],"predecessor-version":[{"id":34193,"href":"https:\/\/staging.cremiacosmetics.com\/index.php?rest_route=\/wp\/v2\/product\/23462\/revisions\/34193"}],"wp:featuredmedia":[{"embeddable":true,"href":"https:\/\/staging.cremiacosmetics.com\/index.php?rest_route=\/wp\/v2\/media\/33205"}],"wp:attachment":[{"href":"https:\/\/staging.cremiacosmetics.com\/index.php?rest_route=%2Fwp%2Fv2%2Fmedia&parent=23462"}],"wp:term":[{"taxonomy":"product_brand","embeddable":true,"href":"https:\/\/staging.cremiacosmetics.com\/index.php?rest_route=%2Fwp%2Fv2%2Fproduct_brand&post=23462"},{"taxonomy":"product_cat","embeddable":true,"href":"https:\/\/staging.cremiacosmetics.com\/index.php?rest_route=%2Fwp%2Fv2%2Fproduct_cat&post=23462"},{"taxonomy":"product_tag","embeddable":true,"href":"https:\/\/staging.cremiacosmetics.com\/index.php?rest_route=%2Fwp%2Fv2%2Fproduct_tag&post=23462"}],"curies":[{"name":"wp","href":"https:\/\/api.w.org\/{rel}","templated":true}]}}