{"id":23339,"date":"2020-10-13T12:02:50","date_gmt":"2020-10-13T10:02:50","guid":{"rendered":"https:\/\/cremiocosmetics.com\/?post_type=product&#038;p=23339"},"modified":"2025-03-11T09:35:13","modified_gmt":"2025-03-11T08:35:13","slug":"lily-serum","status":"publish","type":"product","link":"https:\/\/staging.cremiacosmetics.com\/?product=lily-serum","title":{"rendered":"Lily serum 15 ml"},"content":{"rendered":"<p>CPNP Reference: 3469666<\/p>\n","protected":false},"excerpt":{"rendered":"<p>Szeretn\u00e9d b\u0151r\u00f6det term\u00e9szetes m\u00f3don halv\u00e1ny\u00edtani?<\/p>\n<p>K\u00e9sz\u00edtett\u00fcnk egy b\u0151rhalv\u00e1ny\u00edt\u00f3 \u00e9s b\u0151rpuh\u00edt\u00f3 olajokat tartalmaz\u00f3 koncentr\u00e1tumot, amit a feh\u00e9r lilom olaj\u00a0 tartalma miatt nevezt\u00fcnk Lily serumnak. Term\u00e9szetes \u00f6sszetev\u0151i, mint a ligetsz\u00e9pe olaj, az E-vitamin,\u00a0 r\u00e9pamag olaj gyeng\u00e9den \u00e1polj\u00e1k \u00e9s nyugtatj\u00e1k b\u0151r\u00f6det, a feh\u00e9rliliom olaj hossz\u00fa t\u00e1von fejti ki b\u0151rhalv\u00e1ny\u00edt\u00f3 hat\u00e1s\u00e1t.<\/p>\n<p>Amilyen kecses, l\u00e1gy a neve, olyan gyeng\u00e9d a hat\u00e1sa is. Finom, enyhe gy\u00f3gyn\u00f6v\u00e9nyes illattal, melyet a r\u00e9pamag olajnak \u00e9s a citrom ill\u00f3olajnak k\u00f6sz\u00f6nhet. A sz\u00e9rumban tal\u00e1lhat\u00f3 citrom ill\u00f3olaj nem tartalmaz furokumarinokat, azaz nem f\u00e9ny\u00e9rz\u00e9keny\u00edt\u0151.<\/p>\n<p>Hossz\u00fa t\u00e1von aj\u00e1nljuk haszn\u00e1lni, est\u00e9nk\u00e9nt. Minden b\u0151rt\u00edpus j\u00f3l toler\u00e1lja.<\/p>\n<p>15 ml<\/p>\n<p>F\u00e9nyt\u0151l v\u00e9dve, h\u0171v\u00f6s helyen t\u00e1roland\u00f3.<\/p>\n","protected":false},"featured_media":33141,"comment_status":"open","ping_status":"closed","template":"","meta":[],"product_brand":[],"product_cat":[899,296,1163,442,482,1412,672],"product_tag":[1141,1149,698,389],"class_list":{"0":"post-23339","1":"product","2":"type-product","3":"status-publish","4":"has-post-thumbnail","6":"product_cat-pigmentfoltos-borre","7":"product_cat-arcapolas","8":"product_cat-lakossagi-termekek","9":"product_cat-olajkompoziciok","10":"product_cat-osszes","11":"product_cat-szerumok","12":"product_cat-uj-olajkompoziciok","13":"product_tag-kozmetikus-kedvezmeny","14":"product_tag-lily","15":"product_tag-olajszerum","16":"product_tag-serum-en-hu","18":"first","19":"instock","20":"taxable","21":"shipping-taxable","22":"purchasable","23":"product-type-simple"},"bundled_by":[],"bundle_stock_status":"instock","bundle_stock_quantity":null,"bundle_virtual":false,"bundle_layout":"","bundle_add_to_cart_form_location":"","bundle_editable_in_cart":false,"bundle_sold_individually_context":"","bundle_item_grouping":"","bundle_min_size":"","bundle_max_size":"","bundle_price":[],"bundled_items":[],"bundle_sell_ids":[],"yoast_head":"<!-- This site is optimized with the Yoast SEO Premium plugin v24.9 (Yoast SEO v24.9) - https:\/\/yoast.com\/wordpress\/plugins\/seo\/ -->\n<title>Lily serum 15 ml - Cremia Cosmetics<\/title>\n<meta name=\"robots\" content=\"index, follow, max-snippet:-1, max-image-preview:large, max-video-preview:-1\" \/>\n<link rel=\"canonical\" href=\"https:\/\/staging.cremiacosmetics.com\/osszes-termek\/lily-serum\/\" \/>\n<meta property=\"og:locale\" content=\"en_US\" \/>\n<meta property=\"og:type\" content=\"article\" \/>\n<meta property=\"og:title\" content=\"Lily serum 15 ml\" \/>\n<meta property=\"og:description\" content=\"Szeretn\u00e9d b\u0151r\u00f6det term\u00e9szetes m\u00f3don halv\u00e1ny\u00edtani?  K\u00e9sz\u00edtett\u00fcnk egy b\u0151rhalv\u00e1ny\u00edt\u00f3 \u00e9s b\u0151rpuh\u00edt\u00f3 olajokat tartalmaz\u00f3 koncentr\u00e1tumot, amit a feh\u00e9r lilom olaj\u00a0 tartalma miatt nevezt\u00fcnk Lily serumnak. Term\u00e9szetes \u00f6sszetev\u0151i, mint a ligetsz\u00e9pe olaj, az E-vitamin,\u00a0 r\u00e9pamag olaj gyeng\u00e9den \u00e1polj\u00e1k \u00e9s nyugtatj\u00e1k b\u0151r\u00f6det, a feh\u00e9rliliom olaj hossz\u00fa t\u00e1von fejti ki b\u0151rhalv\u00e1ny\u00edt\u00f3 hat\u00e1s\u00e1t.  Amilyen kecses, l\u00e1gy a neve, olyan gyeng\u00e9d a hat\u00e1sa is. Finom, enyhe gy\u00f3gyn\u00f6v\u00e9nyes illattal, melyet a r\u00e9pamag olajnak \u00e9s a citrom ill\u00f3olajnak k\u00f6sz\u00f6nhet. A sz\u00e9rumban tal\u00e1lhat\u00f3 citrom ill\u00f3olaj nem tartalmaz furokumarinokat, azaz nem f\u00e9ny\u00e9rz\u00e9keny\u00edt\u0151.  Hossz\u00fa t\u00e1von aj\u00e1nljuk haszn\u00e1lni, est\u00e9nk\u00e9nt. Minden b\u0151rt\u00edpus j\u00f3l toler\u00e1lja.  15 ml  F\u00e9nyt\u0151l v\u00e9dve, h\u0171v\u00f6s helyen t\u00e1roland\u00f3.\" \/>\n<meta property=\"og:url\" content=\"https:\/\/staging.cremiacosmetics.com\/osszes-termek\/lily-serum\/\" \/>\n<meta property=\"og:site_name\" content=\"Cremia Cosmetics\" \/>\n<meta property=\"article:publisher\" content=\"https:\/\/www.facebook.com\/cremiacosmetics\" \/>\n<meta property=\"article:modified_time\" content=\"2025-03-11T08:35:13+00:00\" \/>\n<meta property=\"og:image\" content=\"https:\/\/staging.cremiacosmetics.com\/wp-content\/uploads\/2024\/03\/Cremia_Lily-serum_800.jpg\" \/>\n\t<meta property=\"og:image:width\" content=\"800\" \/>\n\t<meta property=\"og:image:height\" content=\"800\" \/>\n\t<meta property=\"og:image:type\" content=\"image\/jpeg\" \/>\n<meta name=\"twitter:card\" content=\"summary_large_image\" \/>\n<meta name=\"twitter:label1\" content=\"Price\" \/>\n\t<meta name=\"twitter:data1\" content=\"9 890&nbsp;&#070;&#116;\" \/>\n\t<meta name=\"twitter:label2\" content=\"Availability\" \/>\n\t<meta name=\"twitter:data2\" content=\"In stock\" \/>\n<script type=\"application\/ld+json\" class=\"yoast-schema-graph\">{\"@context\":\"https:\/\/schema.org\",\"@graph\":[{\"@type\":\"WebPage\",\"@id\":\"https:\/\/staging.cremiacosmetics.com\/osszes-termek\/lily-serum\/\",\"url\":\"https:\/\/staging.cremiacosmetics.com\/osszes-termek\/lily-serum\/\",\"name\":\"Lily serum 15 ml - Cremia Cosmetics\",\"isPartOf\":{\"@id\":\"https:\/\/staging.cremiacosmetics.com\/#website\"},\"primaryImageOfPage\":{\"@id\":\"https:\/\/staging.cremiacosmetics.com\/osszes-termek\/lily-serum\/#primaryimage\"},\"image\":{\"@id\":\"https:\/\/staging.cremiacosmetics.com\/osszes-termek\/lily-serum\/#primaryimage\"},\"thumbnailUrl\":\"https:\/\/staging.cremiacosmetics.com\/wp-content\/uploads\/2024\/03\/Cremia_Lily-serum_800.jpg\",\"datePublished\":\"2020-10-13T10:02:50+00:00\",\"dateModified\":\"2025-03-11T08:35:13+00:00\",\"breadcrumb\":{\"@id\":\"https:\/\/staging.cremiacosmetics.com\/osszes-termek\/lily-serum\/#breadcrumb\"},\"inLanguage\":\"en-US\",\"potentialAction\":[{\"@type\":\"ReadAction\",\"target\":[\"https:\/\/staging.cremiacosmetics.com\/osszes-termek\/lily-serum\/\"]}]},{\"@type\":\"ImageObject\",\"inLanguage\":\"en-US\",\"@id\":\"https:\/\/staging.cremiacosmetics.com\/osszes-termek\/lily-serum\/#primaryimage\",\"url\":\"https:\/\/staging.cremiacosmetics.com\/wp-content\/uploads\/2024\/03\/Cremia_Lily-serum_800.jpg\",\"contentUrl\":\"https:\/\/staging.cremiacosmetics.com\/wp-content\/uploads\/2024\/03\/Cremia_Lily-serum_800.jpg\",\"width\":800,\"height\":800,\"caption\":\"Cremia Lily Serum\"},{\"@type\":\"BreadcrumbList\",\"@id\":\"https:\/\/staging.cremiacosmetics.com\/osszes-termek\/lily-serum\/#breadcrumb\",\"itemListElement\":[{\"@type\":\"ListItem\",\"position\":1,\"name\":\"Kezd\u0151lap\",\"item\":\"https:\/\/staging.cremiacosmetics.com\/\"},{\"@type\":\"ListItem\",\"position\":2,\"name\":\"\u00d6sszes term\u00e9k\",\"item\":\"https:\/\/staging.cremiacosmetics.com\/?page_id=15931\"},{\"@type\":\"ListItem\",\"position\":3,\"name\":\"Lily serum 15 ml\"}]},{\"@type\":\"WebSite\",\"@id\":\"https:\/\/staging.cremiacosmetics.com\/#website\",\"url\":\"https:\/\/staging.cremiacosmetics.com\/\",\"name\":\"Cremia Cosmetics\",\"description\":\"Nature-powered beauty\",\"publisher\":{\"@id\":\"https:\/\/staging.cremiacosmetics.com\/#organization\"},\"potentialAction\":[{\"@type\":\"SearchAction\",\"target\":{\"@type\":\"EntryPoint\",\"urlTemplate\":\"https:\/\/staging.cremiacosmetics.com\/?s={search_term_string}\"},\"query-input\":{\"@type\":\"PropertyValueSpecification\",\"valueRequired\":true,\"valueName\":\"search_term_string\"}}],\"inLanguage\":\"en-US\"},{\"@type\":\"Organization\",\"@id\":\"https:\/\/staging.cremiacosmetics.com\/#organization\",\"name\":\"Cremia Cosmetics\",\"url\":\"https:\/\/staging.cremiacosmetics.com\/\",\"logo\":{\"@type\":\"ImageObject\",\"inLanguage\":\"en-US\",\"@id\":\"https:\/\/staging.cremiacosmetics.com\/#\/schema\/logo\/image\/\",\"url\":\"https:\/\/staging.cremiacosmetics.com\/wp-content\/uploads\/2024\/03\/Cremia-logo-15x15mm.svg\",\"contentUrl\":\"https:\/\/staging.cremiacosmetics.com\/wp-content\/uploads\/2024\/03\/Cremia-logo-15x15mm.svg\",\"width\":42,\"height\":42,\"caption\":\"Cremia Cosmetics\"},\"image\":{\"@id\":\"https:\/\/staging.cremiacosmetics.com\/#\/schema\/logo\/image\/\"},\"sameAs\":[\"https:\/\/www.facebook.com\/cremiacosmetics\",\"https:\/\/www.instagram.com\/cremiacosmetics\/\"]}]}<\/script>\n<meta property=\"product:price:amount\" content=\"9890\" \/>\n<meta property=\"product:price:currency\" content=\"HUF\" \/>\n<meta property=\"og:availability\" content=\"instock\" \/>\n<meta property=\"product:availability\" content=\"instock\" \/>\n<meta property=\"product:retailer_item_id\" content=\"C-LS-HU-15\" \/>\n<meta property=\"product:condition\" content=\"new\" \/>\n<!-- \/ Yoast SEO Premium plugin. -->","yoast_head_json":{"title":"Lily serum 15 ml - Cremia Cosmetics","robots":{"index":"index","follow":"follow","max-snippet":"max-snippet:-1","max-image-preview":"max-image-preview:large","max-video-preview":"max-video-preview:-1"},"canonical":"https:\/\/staging.cremiacosmetics.com\/osszes-termek\/lily-serum\/","og_locale":"en_US","og_type":"article","og_title":"Lily serum 15 ml","og_description":"Szeretn\u00e9d b\u0151r\u00f6det term\u00e9szetes m\u00f3don halv\u00e1ny\u00edtani?  K\u00e9sz\u00edtett\u00fcnk egy b\u0151rhalv\u00e1ny\u00edt\u00f3 \u00e9s b\u0151rpuh\u00edt\u00f3 olajokat tartalmaz\u00f3 koncentr\u00e1tumot, amit a feh\u00e9r lilom olaj\u00a0 tartalma miatt nevezt\u00fcnk Lily serumnak. Term\u00e9szetes \u00f6sszetev\u0151i, mint a ligetsz\u00e9pe olaj, az E-vitamin,\u00a0 r\u00e9pamag olaj gyeng\u00e9den \u00e1polj\u00e1k \u00e9s nyugtatj\u00e1k b\u0151r\u00f6det, a feh\u00e9rliliom olaj hossz\u00fa t\u00e1von fejti ki b\u0151rhalv\u00e1ny\u00edt\u00f3 hat\u00e1s\u00e1t.  Amilyen kecses, l\u00e1gy a neve, olyan gyeng\u00e9d a hat\u00e1sa is. Finom, enyhe gy\u00f3gyn\u00f6v\u00e9nyes illattal, melyet a r\u00e9pamag olajnak \u00e9s a citrom ill\u00f3olajnak k\u00f6sz\u00f6nhet. A sz\u00e9rumban tal\u00e1lhat\u00f3 citrom ill\u00f3olaj nem tartalmaz furokumarinokat, azaz nem f\u00e9ny\u00e9rz\u00e9keny\u00edt\u0151.  Hossz\u00fa t\u00e1von aj\u00e1nljuk haszn\u00e1lni, est\u00e9nk\u00e9nt. Minden b\u0151rt\u00edpus j\u00f3l toler\u00e1lja.  15 ml  F\u00e9nyt\u0151l v\u00e9dve, h\u0171v\u00f6s helyen t\u00e1roland\u00f3.","og_url":"https:\/\/staging.cremiacosmetics.com\/osszes-termek\/lily-serum\/","og_site_name":"Cremia Cosmetics","article_publisher":"https:\/\/www.facebook.com\/cremiacosmetics","article_modified_time":"2025-03-11T08:35:13+00:00","og_image":[{"width":800,"height":800,"url":"https:\/\/staging.cremiacosmetics.com\/wp-content\/uploads\/2024\/03\/Cremia_Lily-serum_800.jpg","type":"image\/jpeg"}],"twitter_card":"summary_large_image","twitter_misc":{"Price":"9 890&nbsp;&#70;&#116;","Availability":"In stock"},"schema":{"@context":"https:\/\/schema.org","@graph":[{"@type":"WebPage","@id":"https:\/\/staging.cremiacosmetics.com\/osszes-termek\/lily-serum\/","url":"https:\/\/staging.cremiacosmetics.com\/osszes-termek\/lily-serum\/","name":"Lily serum 15 ml - Cremia Cosmetics","isPartOf":{"@id":"https:\/\/staging.cremiacosmetics.com\/#website"},"primaryImageOfPage":{"@id":"https:\/\/staging.cremiacosmetics.com\/osszes-termek\/lily-serum\/#primaryimage"},"image":{"@id":"https:\/\/staging.cremiacosmetics.com\/osszes-termek\/lily-serum\/#primaryimage"},"thumbnailUrl":"https:\/\/staging.cremiacosmetics.com\/wp-content\/uploads\/2024\/03\/Cremia_Lily-serum_800.jpg","datePublished":"2020-10-13T10:02:50+00:00","dateModified":"2025-03-11T08:35:13+00:00","breadcrumb":{"@id":"https:\/\/staging.cremiacosmetics.com\/osszes-termek\/lily-serum\/#breadcrumb"},"inLanguage":"en-US","potentialAction":[{"@type":"ReadAction","target":["https:\/\/staging.cremiacosmetics.com\/osszes-termek\/lily-serum\/"]}]},{"@type":"ImageObject","inLanguage":"en-US","@id":"https:\/\/staging.cremiacosmetics.com\/osszes-termek\/lily-serum\/#primaryimage","url":"https:\/\/staging.cremiacosmetics.com\/wp-content\/uploads\/2024\/03\/Cremia_Lily-serum_800.jpg","contentUrl":"https:\/\/staging.cremiacosmetics.com\/wp-content\/uploads\/2024\/03\/Cremia_Lily-serum_800.jpg","width":800,"height":800,"caption":"Cremia Lily Serum"},{"@type":"BreadcrumbList","@id":"https:\/\/staging.cremiacosmetics.com\/osszes-termek\/lily-serum\/#breadcrumb","itemListElement":[{"@type":"ListItem","position":1,"name":"Kezd\u0151lap","item":"https:\/\/staging.cremiacosmetics.com\/"},{"@type":"ListItem","position":2,"name":"\u00d6sszes term\u00e9k","item":"https:\/\/staging.cremiacosmetics.com\/?page_id=15931"},{"@type":"ListItem","position":3,"name":"Lily serum 15 ml"}]},{"@type":"WebSite","@id":"https:\/\/staging.cremiacosmetics.com\/#website","url":"https:\/\/staging.cremiacosmetics.com\/","name":"Cremia Cosmetics","description":"Nature-powered beauty","publisher":{"@id":"https:\/\/staging.cremiacosmetics.com\/#organization"},"potentialAction":[{"@type":"SearchAction","target":{"@type":"EntryPoint","urlTemplate":"https:\/\/staging.cremiacosmetics.com\/?s={search_term_string}"},"query-input":{"@type":"PropertyValueSpecification","valueRequired":true,"valueName":"search_term_string"}}],"inLanguage":"en-US"},{"@type":"Organization","@id":"https:\/\/staging.cremiacosmetics.com\/#organization","name":"Cremia Cosmetics","url":"https:\/\/staging.cremiacosmetics.com\/","logo":{"@type":"ImageObject","inLanguage":"en-US","@id":"https:\/\/staging.cremiacosmetics.com\/#\/schema\/logo\/image\/","url":"https:\/\/staging.cremiacosmetics.com\/wp-content\/uploads\/2024\/03\/Cremia-logo-15x15mm.svg","contentUrl":"https:\/\/staging.cremiacosmetics.com\/wp-content\/uploads\/2024\/03\/Cremia-logo-15x15mm.svg","width":42,"height":42,"caption":"Cremia Cosmetics"},"image":{"@id":"https:\/\/staging.cremiacosmetics.com\/#\/schema\/logo\/image\/"},"sameAs":["https:\/\/www.facebook.com\/cremiacosmetics","https:\/\/www.instagram.com\/cremiacosmetics\/"]}]},"product_price_amount":"9890","product_price_currency":"HUF","og_availability":"instock","product_availability":"instock","product_retailer_item_id":"C-LS-HU-15","product_condition":"new"},"_links":{"self":[{"href":"https:\/\/staging.cremiacosmetics.com\/index.php?rest_route=\/wp\/v2\/product\/23339","targetHints":{"allow":["GET"]}}],"collection":[{"href":"https:\/\/staging.cremiacosmetics.com\/index.php?rest_route=\/wp\/v2\/product"}],"about":[{"href":"https:\/\/staging.cremiacosmetics.com\/index.php?rest_route=\/wp\/v2\/types\/product"}],"replies":[{"embeddable":true,"href":"https:\/\/staging.cremiacosmetics.com\/index.php?rest_route=%2Fwp%2Fv2%2Fcomments&post=23339"}],"version-history":[{"count":1,"href":"https:\/\/staging.cremiacosmetics.com\/index.php?rest_route=\/wp\/v2\/product\/23339\/revisions"}],"predecessor-version":[{"id":34199,"href":"https:\/\/staging.cremiacosmetics.com\/index.php?rest_route=\/wp\/v2\/product\/23339\/revisions\/34199"}],"wp:featuredmedia":[{"embeddable":true,"href":"https:\/\/staging.cremiacosmetics.com\/index.php?rest_route=\/wp\/v2\/media\/33141"}],"wp:attachment":[{"href":"https:\/\/staging.cremiacosmetics.com\/index.php?rest_route=%2Fwp%2Fv2%2Fmedia&parent=23339"}],"wp:term":[{"taxonomy":"product_brand","embeddable":true,"href":"https:\/\/staging.cremiacosmetics.com\/index.php?rest_route=%2Fwp%2Fv2%2Fproduct_brand&post=23339"},{"taxonomy":"product_cat","embeddable":true,"href":"https:\/\/staging.cremiacosmetics.com\/index.php?rest_route=%2Fwp%2Fv2%2Fproduct_cat&post=23339"},{"taxonomy":"product_tag","embeddable":true,"href":"https:\/\/staging.cremiacosmetics.com\/index.php?rest_route=%2Fwp%2Fv2%2Fproduct_tag&post=23339"}],"curies":[{"name":"wp","href":"https:\/\/api.w.org\/{rel}","templated":true}]}}