{"id":23267,"date":"2020-10-12T18:16:51","date_gmt":"2020-10-12T16:16:51","guid":{"rendered":"https:\/\/cremiocosmetics.com\/?post_type=product&#038;p=23267"},"modified":"2025-03-11T09:35:12","modified_gmt":"2025-03-11T08:35:12","slug":"sixty-one-serum","status":"publish","type":"product","link":"https:\/\/staging.cremiacosmetics.com\/?product=sixty-one-serum","title":{"rendered":"Sixty One serum 15 ml"},"content":{"rendered":"<p>\u00d6sszetev\u0151k: Prunus Amygdalus Dulcis Oil , Pongamia Glabra Seed Oil, Tocopherol, Caprylic\/Capric Triglyceride, Spilanthes Acmella Flower Extract, Cucumis Sativus Seed Oil, Simmondsia Chinensis Seed Oil, Daucus Carota Root Extract, Rosmarinus Officinalis Leaf Extract, Fragrance, Punica Granatum Seed Oil, Rubus Idaeus Seed Extract and Rosmarinus Officinalis Leaf Extract, Coffea Arabica Oil, Ubiquitone 50 and Tocopheryl Acetate and Olive Squalane<\/p>\n<p>CPNP Reference: 3469648<\/p>\n","protected":false},"excerpt":{"rendered":"<p>A Sixty One olajsz\u00e9rum egy igazi antioxid\u00e1ns bomba, mely a b\u0151rt \u00e9r\u0151 k\u00e1ros hat\u00e1sokat k\u00e9pes cs\u00f6kkenteni, hogy b\u0151r\u00f6d hatvanegy \u00e9vesen is b\u00e1rsonyosan fiatalos legyen!<\/p>\n<p>Arcra, dekolt\u00e1zsra \u00e9s a k\u00e9zfejek \u00e1pol\u00e1s\u00e1ra alkottuk meg ezt a nagyon finom olajkompoz\u00edci\u00f3t, amely olyan \u00e9rt\u00e9kes olajritkas\u00e1gokat tartalmaz, mint a<\/p>\n<ul>\n<li><em>karanja olaj<\/em>, ami a napf\u00e9ny k\u00e1ros hat\u00e1sait\u00f3l \u00f3vja a b\u0151rt \u00e9s k\u00e9pes az UV sugarak egy r\u00e9sz\u00e9t elnyelni<\/li>\n<li><em>z\u00f6ldk\u00e1v\u00e9 olaj<\/em>, ami esszenci\u00e1lis zs\u00edrsavakban nagyon gazdag \u00e9s er\u0151s antioxid\u00e1ns hat\u00e1s\u00fa olaj<\/li>\n<li><em>uborkamag olaj<\/em>, ami friss\u00edt\u0151, antioxid\u00e1ns hat\u00e1s\u00fa olaj, tele fitoszterolokkal<\/li>\n<li><em>karotin<\/em>, ami az A-vitamin el\u0151anyaga, kiv\u00e1l\u00f3 antioxid\u00e1ns tulajdons\u00e1g\u00fa \u00e9s r\u00e1ncellenes hat\u00f3anyag<\/li>\n<li><em>m\u00e1lnamag olaj<\/em>, ami kiv\u00e1l\u00f3 t\u00f3nusjav\u00edt\u00f3 \u00e9s a b\u0151rszerkezetet jav\u00edt\u00f3 tulajdons\u00e1g\u00fa olaj<\/li>\n<li><em>acmella kivonat<\/em>, ami ismert r\u00e1ncfelt\u00f6lt\u0151 hat\u00e1s\u00fa olaj<\/li>\n<li><em>mandula olaj<\/em>, ami kiv\u00e1l\u00f3 hidrat\u00e1l\u00f3, \u00e1pol\u00f3 tulajdons\u00e1g\u00fa olaj<\/li>\n<\/ul>\n<p>&nbsp;<\/p>\n<p>A Sixty One serum gy\u00f6ny\u00f6r\u0171, m\u00e9lys\u00e1rga sz\u00edn\u00e9t a benne l\u00e9v\u0151 olajoknak \u00e9s ill\u00f3olajoknak k\u00f6sz\u00f6nheti. \u00c9rett b\u0151rre aj\u00e1nljuk, nev\u00e9t is innen kapta. Kiv\u00e1l\u00f3an hidrat\u00e1l, a b\u0151rt puh\u00e1v\u00e1, \u00fcd\u00e9v\u00e9 var\u00e1zsolja \u00e9s a r\u00e1ncosod\u00e1s ellen is hat antioxid\u00e1ns tulajdons\u00e1ga miatt. Gyorsan felsz\u00edv\u00f3dik, nem hagy ragacsos ut\u00f3\u00e9rzetet.<\/p>\n<p>15 ml<\/p>\n<p>F\u00e9nyt\u0151l v\u00e9dve, h\u0171v\u00f6s helyen t\u00e1roland\u00f3.<\/p>\n<p>&nbsp;<\/p>\n","protected":false},"featured_media":33201,"comment_status":"open","ping_status":"closed","template":"","meta":[],"product_brand":[],"product_cat":[296,676,310,634,639,1163,442,482,1412,672],"product_tag":[1058,1060,1062,1064,1066,389,1068],"class_list":{"0":"post-23267","1":"product","2":"type-product","3":"status-publish","4":"has-post-thumbnail","6":"product_cat-arcapolas","7":"product_cat-erett-bor","8":"product_cat-kez-es-labapolas","9":"product_cat-kezapolas-shea-vajas-kezkremekkel","10":"product_cat-kezapolas","11":"product_cat-lakossagi-termekek","12":"product_cat-olajkompoziciok","13":"product_cat-osszes","14":"product_cat-szerumok","15":"product_cat-uj-olajkompoziciok","16":"product_tag-anti-age-en","17":"product_tag-antioxidans-en","18":"product_tag-erett-bor-en","19":"product_tag-fenyvedelem-en","20":"product_tag-olaj-en","21":"product_tag-serum-en-hu","22":"product_tag-szerum-en","24":"first","25":"instock","26":"taxable","27":"shipping-taxable","28":"purchasable","29":"product-type-simple"},"bundled_by":[],"bundle_stock_status":"instock","bundle_stock_quantity":null,"bundle_virtual":false,"bundle_layout":"","bundle_add_to_cart_form_location":"","bundle_editable_in_cart":false,"bundle_sold_individually_context":"","bundle_item_grouping":"","bundle_min_size":"","bundle_max_size":"","bundle_price":[],"bundled_items":[],"bundle_sell_ids":[],"yoast_head":"<!-- This site is optimized with the Yoast SEO Premium plugin v24.9 (Yoast SEO v24.9) - https:\/\/yoast.com\/wordpress\/plugins\/seo\/ -->\n<title>Sixty One serum 15 ml - Cremia Cosmetics<\/title>\n<meta name=\"robots\" content=\"index, follow, max-snippet:-1, max-image-preview:large, max-video-preview:-1\" \/>\n<link rel=\"canonical\" href=\"https:\/\/staging.cremiacosmetics.com\/osszes-termek\/sixty-one-serum\/\" \/>\n<meta property=\"og:locale\" content=\"en_US\" \/>\n<meta property=\"og:type\" content=\"article\" \/>\n<meta property=\"og:title\" content=\"Sixty One serum 15 ml\" \/>\n<meta property=\"og:description\" content=\"A Sixty One olajsz\u00e9rum egy igazi antioxid\u00e1ns bomba, mely a b\u0151rt \u00e9r\u0151 k\u00e1ros hat\u00e1sokat k\u00e9pes cs\u00f6kkenteni, hogy b\u0151r\u00f6d hatvanegy \u00e9vesen is b\u00e1rsonyosan fiatalos legyen!  Arcra, dekolt\u00e1zsra \u00e9s a k\u00e9zfejek \u00e1pol\u00e1s\u00e1ra alkottuk meg ezt a nagyon finom olajkompoz\u00edci\u00f3t, amely olyan \u00e9rt\u00e9kes olajritkas\u00e1gokat tartalmaz, mint a   karanja olaj, ami a napf\u00e9ny k\u00e1ros hat\u00e1sait\u00f3l \u00f3vja a b\u0151rt \u00e9s k\u00e9pes az UV sugarak egy r\u00e9sz\u00e9t elnyelni  z\u00f6ldk\u00e1v\u00e9 olaj, ami esszenci\u00e1lis zs\u00edrsavakban nagyon gazdag \u00e9s er\u0151s antioxid\u00e1ns hat\u00e1s\u00fa olaj  uborkamag olaj, ami friss\u00edt\u0151, antioxid\u00e1ns hat\u00e1s\u00fa olaj, tele fitoszterolokkal  karotin, ami az A-vitamin el\u0151anyaga, kiv\u00e1l\u00f3 antioxid\u00e1ns tulajdons\u00e1g\u00fa \u00e9s r\u00e1ncellenes hat\u00f3anyag  m\u00e1lnamag olaj, ami kiv\u00e1l\u00f3 t\u00f3nusjav\u00edt\u00f3 \u00e9s a b\u0151rszerkezetet jav\u00edt\u00f3 tulajdons\u00e1g\u00fa olaj  acmella kivonat, ami ismert r\u00e1ncfelt\u00f6lt\u0151 hat\u00e1s\u00fa olaj  mandula olaj, ami kiv\u00e1l\u00f3 hidrat\u00e1l\u00f3, \u00e1pol\u00f3 tulajdons\u00e1g\u00fa olaj  &nbsp;  A Sixty One serum gy\u00f6ny\u00f6r\u0171, m\u00e9lys\u00e1rga sz\u00edn\u00e9t a benne l\u00e9v\u0151 olajoknak \u00e9s ill\u00f3olajoknak k\u00f6sz\u00f6nheti. \u00c9rett b\u0151rre aj\u00e1nljuk, nev\u00e9t is innen kapta. Kiv\u00e1l\u00f3an hidrat\u00e1l, a b\u0151rt puh\u00e1v\u00e1, \u00fcd\u00e9v\u00e9 var\u00e1zsolja \u00e9s a r\u00e1ncosod\u00e1s ellen is hat antioxid\u00e1ns tulajdons\u00e1ga miatt. Gyorsan felsz\u00edv\u00f3dik, nem hagy ragacsos ut\u00f3\u00e9rzetet.  15 ml  F\u00e9nyt\u0151l v\u00e9dve, h\u0171v\u00f6s helyen t\u00e1roland\u00f3.  &nbsp;\" \/>\n<meta property=\"og:url\" content=\"https:\/\/staging.cremiacosmetics.com\/osszes-termek\/sixty-one-serum\/\" \/>\n<meta property=\"og:site_name\" content=\"Cremia Cosmetics\" \/>\n<meta property=\"article:publisher\" content=\"https:\/\/www.facebook.com\/cremiacosmetics\" \/>\n<meta property=\"article:modified_time\" content=\"2025-03-11T08:35:12+00:00\" \/>\n<meta property=\"og:image\" content=\"https:\/\/staging.cremiacosmetics.com\/wp-content\/uploads\/2024\/03\/Cremia_Sixty-One_800.jpg\" \/>\n\t<meta property=\"og:image:width\" content=\"800\" \/>\n\t<meta property=\"og:image:height\" content=\"800\" \/>\n\t<meta property=\"og:image:type\" content=\"image\/jpeg\" \/>\n<meta name=\"twitter:card\" content=\"summary_large_image\" \/>\n<meta name=\"twitter:label1\" content=\"Price\" \/>\n\t<meta name=\"twitter:data1\" content=\"9 890&nbsp;&#070;&#116;\" \/>\n\t<meta name=\"twitter:label2\" content=\"Availability\" \/>\n\t<meta name=\"twitter:data2\" content=\"In stock\" \/>\n<script type=\"application\/ld+json\" class=\"yoast-schema-graph\">{\"@context\":\"https:\/\/schema.org\",\"@graph\":[{\"@type\":\"WebPage\",\"@id\":\"https:\/\/staging.cremiacosmetics.com\/osszes-termek\/sixty-one-serum\/\",\"url\":\"https:\/\/staging.cremiacosmetics.com\/osszes-termek\/sixty-one-serum\/\",\"name\":\"Sixty One serum 15 ml - Cremia Cosmetics\",\"isPartOf\":{\"@id\":\"https:\/\/staging.cremiacosmetics.com\/#website\"},\"primaryImageOfPage\":{\"@id\":\"https:\/\/staging.cremiacosmetics.com\/osszes-termek\/sixty-one-serum\/#primaryimage\"},\"image\":{\"@id\":\"https:\/\/staging.cremiacosmetics.com\/osszes-termek\/sixty-one-serum\/#primaryimage\"},\"thumbnailUrl\":\"https:\/\/staging.cremiacosmetics.com\/wp-content\/uploads\/2024\/03\/Cremia_Sixty-One_800.jpg\",\"datePublished\":\"2020-10-12T16:16:51+00:00\",\"dateModified\":\"2025-03-11T08:35:12+00:00\",\"breadcrumb\":{\"@id\":\"https:\/\/staging.cremiacosmetics.com\/osszes-termek\/sixty-one-serum\/#breadcrumb\"},\"inLanguage\":\"en-US\",\"potentialAction\":[{\"@type\":\"ReadAction\",\"target\":[\"https:\/\/staging.cremiacosmetics.com\/osszes-termek\/sixty-one-serum\/\"]}]},{\"@type\":\"ImageObject\",\"inLanguage\":\"en-US\",\"@id\":\"https:\/\/staging.cremiacosmetics.com\/osszes-termek\/sixty-one-serum\/#primaryimage\",\"url\":\"https:\/\/staging.cremiacosmetics.com\/wp-content\/uploads\/2024\/03\/Cremia_Sixty-One_800.jpg\",\"contentUrl\":\"https:\/\/staging.cremiacosmetics.com\/wp-content\/uploads\/2024\/03\/Cremia_Sixty-One_800.jpg\",\"width\":800,\"height\":800,\"caption\":\"Cremia Sixty One Serum\"},{\"@type\":\"BreadcrumbList\",\"@id\":\"https:\/\/staging.cremiacosmetics.com\/osszes-termek\/sixty-one-serum\/#breadcrumb\",\"itemListElement\":[{\"@type\":\"ListItem\",\"position\":1,\"name\":\"Kezd\u0151lap\",\"item\":\"https:\/\/staging.cremiacosmetics.com\/\"},{\"@type\":\"ListItem\",\"position\":2,\"name\":\"\u00d6sszes term\u00e9k\",\"item\":\"https:\/\/staging.cremiacosmetics.com\/?page_id=15931\"},{\"@type\":\"ListItem\",\"position\":3,\"name\":\"Sixty One serum 15 ml\"}]},{\"@type\":\"WebSite\",\"@id\":\"https:\/\/staging.cremiacosmetics.com\/#website\",\"url\":\"https:\/\/staging.cremiacosmetics.com\/\",\"name\":\"Cremia Cosmetics\",\"description\":\"Nature-powered beauty\",\"publisher\":{\"@id\":\"https:\/\/staging.cremiacosmetics.com\/#organization\"},\"potentialAction\":[{\"@type\":\"SearchAction\",\"target\":{\"@type\":\"EntryPoint\",\"urlTemplate\":\"https:\/\/staging.cremiacosmetics.com\/?s={search_term_string}\"},\"query-input\":{\"@type\":\"PropertyValueSpecification\",\"valueRequired\":true,\"valueName\":\"search_term_string\"}}],\"inLanguage\":\"en-US\"},{\"@type\":\"Organization\",\"@id\":\"https:\/\/staging.cremiacosmetics.com\/#organization\",\"name\":\"Cremia Cosmetics\",\"url\":\"https:\/\/staging.cremiacosmetics.com\/\",\"logo\":{\"@type\":\"ImageObject\",\"inLanguage\":\"en-US\",\"@id\":\"https:\/\/staging.cremiacosmetics.com\/#\/schema\/logo\/image\/\",\"url\":\"https:\/\/staging.cremiacosmetics.com\/wp-content\/uploads\/2024\/03\/Cremia-logo-15x15mm.svg\",\"contentUrl\":\"https:\/\/staging.cremiacosmetics.com\/wp-content\/uploads\/2024\/03\/Cremia-logo-15x15mm.svg\",\"width\":42,\"height\":42,\"caption\":\"Cremia Cosmetics\"},\"image\":{\"@id\":\"https:\/\/staging.cremiacosmetics.com\/#\/schema\/logo\/image\/\"},\"sameAs\":[\"https:\/\/www.facebook.com\/cremiacosmetics\",\"https:\/\/www.instagram.com\/cremiacosmetics\/\"]}]}<\/script>\n<meta property=\"product:price:amount\" content=\"9890\" \/>\n<meta property=\"product:price:currency\" content=\"HUF\" \/>\n<meta property=\"og:availability\" content=\"instock\" \/>\n<meta property=\"product:availability\" content=\"instock\" \/>\n<meta property=\"product:retailer_item_id\" content=\"C-SOS-HU-15\" \/>\n<meta property=\"product:condition\" content=\"new\" \/>\n<!-- \/ Yoast SEO Premium plugin. -->","yoast_head_json":{"title":"Sixty One serum 15 ml - Cremia Cosmetics","robots":{"index":"index","follow":"follow","max-snippet":"max-snippet:-1","max-image-preview":"max-image-preview:large","max-video-preview":"max-video-preview:-1"},"canonical":"https:\/\/staging.cremiacosmetics.com\/osszes-termek\/sixty-one-serum\/","og_locale":"en_US","og_type":"article","og_title":"Sixty One serum 15 ml","og_description":"A Sixty One olajsz\u00e9rum egy igazi antioxid\u00e1ns bomba, mely a b\u0151rt \u00e9r\u0151 k\u00e1ros hat\u00e1sokat k\u00e9pes cs\u00f6kkenteni, hogy b\u0151r\u00f6d hatvanegy \u00e9vesen is b\u00e1rsonyosan fiatalos legyen!  Arcra, dekolt\u00e1zsra \u00e9s a k\u00e9zfejek \u00e1pol\u00e1s\u00e1ra alkottuk meg ezt a nagyon finom olajkompoz\u00edci\u00f3t, amely olyan \u00e9rt\u00e9kes olajritkas\u00e1gokat tartalmaz, mint a   karanja olaj, ami a napf\u00e9ny k\u00e1ros hat\u00e1sait\u00f3l \u00f3vja a b\u0151rt \u00e9s k\u00e9pes az UV sugarak egy r\u00e9sz\u00e9t elnyelni  z\u00f6ldk\u00e1v\u00e9 olaj, ami esszenci\u00e1lis zs\u00edrsavakban nagyon gazdag \u00e9s er\u0151s antioxid\u00e1ns hat\u00e1s\u00fa olaj  uborkamag olaj, ami friss\u00edt\u0151, antioxid\u00e1ns hat\u00e1s\u00fa olaj, tele fitoszterolokkal  karotin, ami az A-vitamin el\u0151anyaga, kiv\u00e1l\u00f3 antioxid\u00e1ns tulajdons\u00e1g\u00fa \u00e9s r\u00e1ncellenes hat\u00f3anyag  m\u00e1lnamag olaj, ami kiv\u00e1l\u00f3 t\u00f3nusjav\u00edt\u00f3 \u00e9s a b\u0151rszerkezetet jav\u00edt\u00f3 tulajdons\u00e1g\u00fa olaj  acmella kivonat, ami ismert r\u00e1ncfelt\u00f6lt\u0151 hat\u00e1s\u00fa olaj  mandula olaj, ami kiv\u00e1l\u00f3 hidrat\u00e1l\u00f3, \u00e1pol\u00f3 tulajdons\u00e1g\u00fa olaj  &nbsp;  A Sixty One serum gy\u00f6ny\u00f6r\u0171, m\u00e9lys\u00e1rga sz\u00edn\u00e9t a benne l\u00e9v\u0151 olajoknak \u00e9s ill\u00f3olajoknak k\u00f6sz\u00f6nheti. \u00c9rett b\u0151rre aj\u00e1nljuk, nev\u00e9t is innen kapta. Kiv\u00e1l\u00f3an hidrat\u00e1l, a b\u0151rt puh\u00e1v\u00e1, \u00fcd\u00e9v\u00e9 var\u00e1zsolja \u00e9s a r\u00e1ncosod\u00e1s ellen is hat antioxid\u00e1ns tulajdons\u00e1ga miatt. Gyorsan felsz\u00edv\u00f3dik, nem hagy ragacsos ut\u00f3\u00e9rzetet.  15 ml  F\u00e9nyt\u0151l v\u00e9dve, h\u0171v\u00f6s helyen t\u00e1roland\u00f3.  &nbsp;","og_url":"https:\/\/staging.cremiacosmetics.com\/osszes-termek\/sixty-one-serum\/","og_site_name":"Cremia Cosmetics","article_publisher":"https:\/\/www.facebook.com\/cremiacosmetics","article_modified_time":"2025-03-11T08:35:12+00:00","og_image":[{"width":800,"height":800,"url":"https:\/\/staging.cremiacosmetics.com\/wp-content\/uploads\/2024\/03\/Cremia_Sixty-One_800.jpg","type":"image\/jpeg"}],"twitter_card":"summary_large_image","twitter_misc":{"Price":"9 890&nbsp;&#70;&#116;","Availability":"In stock"},"schema":{"@context":"https:\/\/schema.org","@graph":[{"@type":"WebPage","@id":"https:\/\/staging.cremiacosmetics.com\/osszes-termek\/sixty-one-serum\/","url":"https:\/\/staging.cremiacosmetics.com\/osszes-termek\/sixty-one-serum\/","name":"Sixty One serum 15 ml - Cremia Cosmetics","isPartOf":{"@id":"https:\/\/staging.cremiacosmetics.com\/#website"},"primaryImageOfPage":{"@id":"https:\/\/staging.cremiacosmetics.com\/osszes-termek\/sixty-one-serum\/#primaryimage"},"image":{"@id":"https:\/\/staging.cremiacosmetics.com\/osszes-termek\/sixty-one-serum\/#primaryimage"},"thumbnailUrl":"https:\/\/staging.cremiacosmetics.com\/wp-content\/uploads\/2024\/03\/Cremia_Sixty-One_800.jpg","datePublished":"2020-10-12T16:16:51+00:00","dateModified":"2025-03-11T08:35:12+00:00","breadcrumb":{"@id":"https:\/\/staging.cremiacosmetics.com\/osszes-termek\/sixty-one-serum\/#breadcrumb"},"inLanguage":"en-US","potentialAction":[{"@type":"ReadAction","target":["https:\/\/staging.cremiacosmetics.com\/osszes-termek\/sixty-one-serum\/"]}]},{"@type":"ImageObject","inLanguage":"en-US","@id":"https:\/\/staging.cremiacosmetics.com\/osszes-termek\/sixty-one-serum\/#primaryimage","url":"https:\/\/staging.cremiacosmetics.com\/wp-content\/uploads\/2024\/03\/Cremia_Sixty-One_800.jpg","contentUrl":"https:\/\/staging.cremiacosmetics.com\/wp-content\/uploads\/2024\/03\/Cremia_Sixty-One_800.jpg","width":800,"height":800,"caption":"Cremia Sixty One Serum"},{"@type":"BreadcrumbList","@id":"https:\/\/staging.cremiacosmetics.com\/osszes-termek\/sixty-one-serum\/#breadcrumb","itemListElement":[{"@type":"ListItem","position":1,"name":"Kezd\u0151lap","item":"https:\/\/staging.cremiacosmetics.com\/"},{"@type":"ListItem","position":2,"name":"\u00d6sszes term\u00e9k","item":"https:\/\/staging.cremiacosmetics.com\/?page_id=15931"},{"@type":"ListItem","position":3,"name":"Sixty One serum 15 ml"}]},{"@type":"WebSite","@id":"https:\/\/staging.cremiacosmetics.com\/#website","url":"https:\/\/staging.cremiacosmetics.com\/","name":"Cremia Cosmetics","description":"Nature-powered beauty","publisher":{"@id":"https:\/\/staging.cremiacosmetics.com\/#organization"},"potentialAction":[{"@type":"SearchAction","target":{"@type":"EntryPoint","urlTemplate":"https:\/\/staging.cremiacosmetics.com\/?s={search_term_string}"},"query-input":{"@type":"PropertyValueSpecification","valueRequired":true,"valueName":"search_term_string"}}],"inLanguage":"en-US"},{"@type":"Organization","@id":"https:\/\/staging.cremiacosmetics.com\/#organization","name":"Cremia Cosmetics","url":"https:\/\/staging.cremiacosmetics.com\/","logo":{"@type":"ImageObject","inLanguage":"en-US","@id":"https:\/\/staging.cremiacosmetics.com\/#\/schema\/logo\/image\/","url":"https:\/\/staging.cremiacosmetics.com\/wp-content\/uploads\/2024\/03\/Cremia-logo-15x15mm.svg","contentUrl":"https:\/\/staging.cremiacosmetics.com\/wp-content\/uploads\/2024\/03\/Cremia-logo-15x15mm.svg","width":42,"height":42,"caption":"Cremia Cosmetics"},"image":{"@id":"https:\/\/staging.cremiacosmetics.com\/#\/schema\/logo\/image\/"},"sameAs":["https:\/\/www.facebook.com\/cremiacosmetics","https:\/\/www.instagram.com\/cremiacosmetics\/"]}]},"product_price_amount":"9890","product_price_currency":"HUF","og_availability":"instock","product_availability":"instock","product_retailer_item_id":"C-SOS-HU-15","product_condition":"new"},"_links":{"self":[{"href":"https:\/\/staging.cremiacosmetics.com\/index.php?rest_route=\/wp\/v2\/product\/23267","targetHints":{"allow":["GET"]}}],"collection":[{"href":"https:\/\/staging.cremiacosmetics.com\/index.php?rest_route=\/wp\/v2\/product"}],"about":[{"href":"https:\/\/staging.cremiacosmetics.com\/index.php?rest_route=\/wp\/v2\/types\/product"}],"replies":[{"embeddable":true,"href":"https:\/\/staging.cremiacosmetics.com\/index.php?rest_route=%2Fwp%2Fv2%2Fcomments&post=23267"}],"version-history":[{"count":1,"href":"https:\/\/staging.cremiacosmetics.com\/index.php?rest_route=\/wp\/v2\/product\/23267\/revisions"}],"predecessor-version":[{"id":34635,"href":"https:\/\/staging.cremiacosmetics.com\/index.php?rest_route=\/wp\/v2\/product\/23267\/revisions\/34635"}],"wp:featuredmedia":[{"embeddable":true,"href":"https:\/\/staging.cremiacosmetics.com\/index.php?rest_route=\/wp\/v2\/media\/33201"}],"wp:attachment":[{"href":"https:\/\/staging.cremiacosmetics.com\/index.php?rest_route=%2Fwp%2Fv2%2Fmedia&parent=23267"}],"wp:term":[{"taxonomy":"product_brand","embeddable":true,"href":"https:\/\/staging.cremiacosmetics.com\/index.php?rest_route=%2Fwp%2Fv2%2Fproduct_brand&post=23267"},{"taxonomy":"product_cat","embeddable":true,"href":"https:\/\/staging.cremiacosmetics.com\/index.php?rest_route=%2Fwp%2Fv2%2Fproduct_cat&post=23267"},{"taxonomy":"product_tag","embeddable":true,"href":"https:\/\/staging.cremiacosmetics.com\/index.php?rest_route=%2Fwp%2Fv2%2Fproduct_tag&post=23267"}],"curies":[{"name":"wp","href":"https:\/\/api.w.org\/{rel}","templated":true}]}}