{"id":23099,"date":"2020-10-05T07:36:39","date_gmt":"2020-10-05T05:36:39","guid":{"rendered":"https:\/\/cremiocosmetics.com\/?post_type=product&#038;p=23099"},"modified":"2025-03-11T09:35:10","modified_gmt":"2025-03-11T08:35:10","slug":"sensy-lifting-serum","status":"publish","type":"product","link":"https:\/\/staging.cremiacosmetics.com\/?product=sensy-lifting-serum","title":{"rendered":"Sensy lifting serum 15 ml"},"content":{"rendered":"<p>\u00d6sszetev\u0151k: Prunus amygdalus dulcis (mandula) oil, Caprylic\/ capric triglyceride and spilanthes acmella flower extract<\/p>\n<p>CPNP Reference: 3155308<\/p>\n","protected":false},"excerpt":{"rendered":"<p>Ha \u00e9rz\u00e9keny a b\u0151r\u00f6d \u00e9s r\u00e1ncfelt\u00f6lt\u0151 sz\u00e9rumot keresel, akkor megtal\u00e1ltad!<\/p>\n<p>Ig\u00e9nyeitek szerint hoztuk l\u00e9tre ezt az olajat, ami \u00fagy feszes\u00edti az arcb\u0151rt, hogy a rendk\u00edv\u00fcl \u00e9rz\u00e9keny b\u0151r is j\u00f3l toler\u00e1lja. Illatmentes sz\u00e9rum, a bizony\u00edtottan felt\u00f6lt\u0151 hat\u00e1s\u00fa Acmella kivonattal. Minimalista kompoz\u00edci\u00f3.<\/p>\n<p>Reggelente 1-2 cseppet \u00f6nmag\u00e1ban vigy\u00e9l fel k\u00f6rk\u00f6r\u00f6sen az \u00e9rz\u00e9keny arcb\u0151rre, sim\u00edtsd el az eg\u00e9sz arcon, vagy haszn\u00e1ld csak a szarkal\u00e1bakban \u00e9s a mimikai r\u00e1ncokban.<\/p>\n<p>J\u00f3l kombin\u00e1lhat\u00f3 a Rosa Cream-mel \u00e9s a Rosa serum-mal.<\/p>\n<p>15 ml<\/p>\n<p>F\u00e9nyt\u0151l v\u00e9dve, h\u0171v\u00f6s helyen t\u00e1roland\u00f3.<\/p>\n","protected":false},"featured_media":33196,"comment_status":"open","ping_status":"closed","template":"","meta":[],"product_brand":[],"product_cat":[1163,442,482,672],"product_tag":[1141,698,389],"class_list":{"0":"post-23099","1":"product","2":"type-product","3":"status-publish","4":"has-post-thumbnail","6":"product_cat-lakossagi-termekek","7":"product_cat-olajkompoziciok","8":"product_cat-osszes","9":"product_cat-uj-olajkompoziciok","10":"product_tag-kozmetikus-kedvezmeny","11":"product_tag-olajszerum","12":"product_tag-serum-en-hu","14":"first","15":"instock","16":"taxable","17":"shipping-taxable","18":"purchasable","19":"product-type-simple"},"bundled_by":[],"bundle_stock_status":"instock","bundle_stock_quantity":null,"bundle_virtual":false,"bundle_layout":"","bundle_add_to_cart_form_location":"","bundle_editable_in_cart":false,"bundle_sold_individually_context":"","bundle_item_grouping":"","bundle_min_size":"","bundle_max_size":"","bundle_price":[],"bundled_items":[],"bundle_sell_ids":[],"yoast_head":"<!-- This site is optimized with the Yoast SEO Premium plugin v24.9 (Yoast SEO v24.9) - https:\/\/yoast.com\/wordpress\/plugins\/seo\/ -->\n<title>Sensy lifting serum 15 ml - Cremia Cosmetics<\/title>\n<meta name=\"robots\" content=\"index, follow, max-snippet:-1, max-image-preview:large, max-video-preview:-1\" \/>\n<link rel=\"canonical\" href=\"https:\/\/staging.cremiacosmetics.com\/osszes-termek\/sensy-lifting-serum\/\" \/>\n<meta property=\"og:locale\" content=\"en_US\" \/>\n<meta property=\"og:type\" content=\"article\" \/>\n<meta property=\"og:title\" content=\"Sensy lifting serum 15 ml\" \/>\n<meta property=\"og:description\" content=\"Ha \u00e9rz\u00e9keny a b\u0151r\u00f6d \u00e9s r\u00e1ncfelt\u00f6lt\u0151 sz\u00e9rumot keresel, akkor megtal\u00e1ltad!  Ig\u00e9nyeitek szerint hoztuk l\u00e9tre ezt az olajat, ami \u00fagy feszes\u00edti az arcb\u0151rt, hogy a rendk\u00edv\u00fcl \u00e9rz\u00e9keny b\u0151r is j\u00f3l toler\u00e1lja. Illatmentes sz\u00e9rum, a bizony\u00edtottan felt\u00f6lt\u0151 hat\u00e1s\u00fa Acmella kivonattal. Minimalista kompoz\u00edci\u00f3.  Reggelente 1-2 cseppet \u00f6nmag\u00e1ban vigy\u00e9l fel k\u00f6rk\u00f6r\u00f6sen az \u00e9rz\u00e9keny arcb\u0151rre, sim\u00edtsd el az eg\u00e9sz arcon, vagy haszn\u00e1ld csak a szarkal\u00e1bakban \u00e9s a mimikai r\u00e1ncokban.  J\u00f3l kombin\u00e1lhat\u00f3 a Rosa Cream-mel \u00e9s a Rosa serum-mal.  15 ml  F\u00e9nyt\u0151l v\u00e9dve, h\u0171v\u00f6s helyen t\u00e1roland\u00f3.\" \/>\n<meta property=\"og:url\" content=\"https:\/\/staging.cremiacosmetics.com\/osszes-termek\/sensy-lifting-serum\/\" \/>\n<meta property=\"og:site_name\" content=\"Cremia Cosmetics\" \/>\n<meta property=\"article:publisher\" content=\"https:\/\/www.facebook.com\/cremiacosmetics\" \/>\n<meta property=\"article:modified_time\" content=\"2025-03-11T08:35:10+00:00\" \/>\n<meta property=\"og:image\" content=\"https:\/\/staging.cremiacosmetics.com\/wp-content\/uploads\/2024\/03\/Cremia_Sensy-liftin.jpg\" \/>\n\t<meta property=\"og:image:width\" content=\"800\" \/>\n\t<meta property=\"og:image:height\" content=\"800\" \/>\n\t<meta property=\"og:image:type\" content=\"image\/jpeg\" \/>\n<meta name=\"twitter:card\" content=\"summary_large_image\" \/>\n<meta name=\"twitter:label1\" content=\"Price\" \/>\n\t<meta name=\"twitter:data1\" content=\"7 790&nbsp;&#070;&#116;\" \/>\n\t<meta name=\"twitter:label2\" content=\"Availability\" \/>\n\t<meta name=\"twitter:data2\" content=\"In stock\" \/>\n<script type=\"application\/ld+json\" class=\"yoast-schema-graph\">{\"@context\":\"https:\/\/schema.org\",\"@graph\":[{\"@type\":\"WebPage\",\"@id\":\"https:\/\/staging.cremiacosmetics.com\/osszes-termek\/sensy-lifting-serum\/\",\"url\":\"https:\/\/staging.cremiacosmetics.com\/osszes-termek\/sensy-lifting-serum\/\",\"name\":\"Sensy lifting serum 15 ml - Cremia Cosmetics\",\"isPartOf\":{\"@id\":\"https:\/\/staging.cremiacosmetics.com\/#website\"},\"primaryImageOfPage\":{\"@id\":\"https:\/\/staging.cremiacosmetics.com\/osszes-termek\/sensy-lifting-serum\/#primaryimage\"},\"image\":{\"@id\":\"https:\/\/staging.cremiacosmetics.com\/osszes-termek\/sensy-lifting-serum\/#primaryimage\"},\"thumbnailUrl\":\"https:\/\/staging.cremiacosmetics.com\/wp-content\/uploads\/2024\/03\/Cremia_Sensy-liftin.jpg\",\"datePublished\":\"2020-10-05T05:36:39+00:00\",\"dateModified\":\"2025-03-11T08:35:10+00:00\",\"breadcrumb\":{\"@id\":\"https:\/\/staging.cremiacosmetics.com\/osszes-termek\/sensy-lifting-serum\/#breadcrumb\"},\"inLanguage\":\"en-US\",\"potentialAction\":[{\"@type\":\"ReadAction\",\"target\":[\"https:\/\/staging.cremiacosmetics.com\/osszes-termek\/sensy-lifting-serum\/\"]}]},{\"@type\":\"ImageObject\",\"inLanguage\":\"en-US\",\"@id\":\"https:\/\/staging.cremiacosmetics.com\/osszes-termek\/sensy-lifting-serum\/#primaryimage\",\"url\":\"https:\/\/staging.cremiacosmetics.com\/wp-content\/uploads\/2024\/03\/Cremia_Sensy-liftin.jpg\",\"contentUrl\":\"https:\/\/staging.cremiacosmetics.com\/wp-content\/uploads\/2024\/03\/Cremia_Sensy-liftin.jpg\",\"width\":800,\"height\":800,\"caption\":\"Cremia Sensy lifting serum\"},{\"@type\":\"BreadcrumbList\",\"@id\":\"https:\/\/staging.cremiacosmetics.com\/osszes-termek\/sensy-lifting-serum\/#breadcrumb\",\"itemListElement\":[{\"@type\":\"ListItem\",\"position\":1,\"name\":\"Kezd\u0151lap\",\"item\":\"https:\/\/staging.cremiacosmetics.com\/\"},{\"@type\":\"ListItem\",\"position\":2,\"name\":\"\u00d6sszes term\u00e9k\",\"item\":\"https:\/\/staging.cremiacosmetics.com\/?page_id=15931\"},{\"@type\":\"ListItem\",\"position\":3,\"name\":\"Sensy lifting serum 15 ml\"}]},{\"@type\":\"WebSite\",\"@id\":\"https:\/\/staging.cremiacosmetics.com\/#website\",\"url\":\"https:\/\/staging.cremiacosmetics.com\/\",\"name\":\"Cremia Cosmetics\",\"description\":\"Nature-powered beauty\",\"publisher\":{\"@id\":\"https:\/\/staging.cremiacosmetics.com\/#organization\"},\"potentialAction\":[{\"@type\":\"SearchAction\",\"target\":{\"@type\":\"EntryPoint\",\"urlTemplate\":\"https:\/\/staging.cremiacosmetics.com\/?s={search_term_string}\"},\"query-input\":{\"@type\":\"PropertyValueSpecification\",\"valueRequired\":true,\"valueName\":\"search_term_string\"}}],\"inLanguage\":\"en-US\"},{\"@type\":\"Organization\",\"@id\":\"https:\/\/staging.cremiacosmetics.com\/#organization\",\"name\":\"Cremia Cosmetics\",\"url\":\"https:\/\/staging.cremiacosmetics.com\/\",\"logo\":{\"@type\":\"ImageObject\",\"inLanguage\":\"en-US\",\"@id\":\"https:\/\/staging.cremiacosmetics.com\/#\/schema\/logo\/image\/\",\"url\":\"https:\/\/staging.cremiacosmetics.com\/wp-content\/uploads\/2024\/03\/Cremia-logo-15x15mm.svg\",\"contentUrl\":\"https:\/\/staging.cremiacosmetics.com\/wp-content\/uploads\/2024\/03\/Cremia-logo-15x15mm.svg\",\"width\":42,\"height\":42,\"caption\":\"Cremia Cosmetics\"},\"image\":{\"@id\":\"https:\/\/staging.cremiacosmetics.com\/#\/schema\/logo\/image\/\"},\"sameAs\":[\"https:\/\/www.facebook.com\/cremiacosmetics\",\"https:\/\/www.instagram.com\/cremiacosmetics\/\"]}]}<\/script>\n<meta property=\"product:price:amount\" content=\"7790\" \/>\n<meta property=\"product:price:currency\" content=\"HUF\" \/>\n<meta property=\"og:availability\" content=\"instock\" \/>\n<meta property=\"product:availability\" content=\"instock\" \/>\n<meta property=\"product:retailer_item_id\" content=\"C-SLS-HU-15\" \/>\n<meta property=\"product:condition\" content=\"new\" \/>\n<!-- \/ Yoast SEO Premium plugin. -->","yoast_head_json":{"title":"Sensy lifting serum 15 ml - Cremia Cosmetics","robots":{"index":"index","follow":"follow","max-snippet":"max-snippet:-1","max-image-preview":"max-image-preview:large","max-video-preview":"max-video-preview:-1"},"canonical":"https:\/\/staging.cremiacosmetics.com\/osszes-termek\/sensy-lifting-serum\/","og_locale":"en_US","og_type":"article","og_title":"Sensy lifting serum 15 ml","og_description":"Ha \u00e9rz\u00e9keny a b\u0151r\u00f6d \u00e9s r\u00e1ncfelt\u00f6lt\u0151 sz\u00e9rumot keresel, akkor megtal\u00e1ltad!  Ig\u00e9nyeitek szerint hoztuk l\u00e9tre ezt az olajat, ami \u00fagy feszes\u00edti az arcb\u0151rt, hogy a rendk\u00edv\u00fcl \u00e9rz\u00e9keny b\u0151r is j\u00f3l toler\u00e1lja. Illatmentes sz\u00e9rum, a bizony\u00edtottan felt\u00f6lt\u0151 hat\u00e1s\u00fa Acmella kivonattal. Minimalista kompoz\u00edci\u00f3.  Reggelente 1-2 cseppet \u00f6nmag\u00e1ban vigy\u00e9l fel k\u00f6rk\u00f6r\u00f6sen az \u00e9rz\u00e9keny arcb\u0151rre, sim\u00edtsd el az eg\u00e9sz arcon, vagy haszn\u00e1ld csak a szarkal\u00e1bakban \u00e9s a mimikai r\u00e1ncokban.  J\u00f3l kombin\u00e1lhat\u00f3 a Rosa Cream-mel \u00e9s a Rosa serum-mal.  15 ml  F\u00e9nyt\u0151l v\u00e9dve, h\u0171v\u00f6s helyen t\u00e1roland\u00f3.","og_url":"https:\/\/staging.cremiacosmetics.com\/osszes-termek\/sensy-lifting-serum\/","og_site_name":"Cremia Cosmetics","article_publisher":"https:\/\/www.facebook.com\/cremiacosmetics","article_modified_time":"2025-03-11T08:35:10+00:00","og_image":[{"width":800,"height":800,"url":"https:\/\/staging.cremiacosmetics.com\/wp-content\/uploads\/2024\/03\/Cremia_Sensy-liftin.jpg","type":"image\/jpeg"}],"twitter_card":"summary_large_image","twitter_misc":{"Price":"7 790&nbsp;&#70;&#116;","Availability":"In stock"},"schema":{"@context":"https:\/\/schema.org","@graph":[{"@type":"WebPage","@id":"https:\/\/staging.cremiacosmetics.com\/osszes-termek\/sensy-lifting-serum\/","url":"https:\/\/staging.cremiacosmetics.com\/osszes-termek\/sensy-lifting-serum\/","name":"Sensy lifting serum 15 ml - Cremia Cosmetics","isPartOf":{"@id":"https:\/\/staging.cremiacosmetics.com\/#website"},"primaryImageOfPage":{"@id":"https:\/\/staging.cremiacosmetics.com\/osszes-termek\/sensy-lifting-serum\/#primaryimage"},"image":{"@id":"https:\/\/staging.cremiacosmetics.com\/osszes-termek\/sensy-lifting-serum\/#primaryimage"},"thumbnailUrl":"https:\/\/staging.cremiacosmetics.com\/wp-content\/uploads\/2024\/03\/Cremia_Sensy-liftin.jpg","datePublished":"2020-10-05T05:36:39+00:00","dateModified":"2025-03-11T08:35:10+00:00","breadcrumb":{"@id":"https:\/\/staging.cremiacosmetics.com\/osszes-termek\/sensy-lifting-serum\/#breadcrumb"},"inLanguage":"en-US","potentialAction":[{"@type":"ReadAction","target":["https:\/\/staging.cremiacosmetics.com\/osszes-termek\/sensy-lifting-serum\/"]}]},{"@type":"ImageObject","inLanguage":"en-US","@id":"https:\/\/staging.cremiacosmetics.com\/osszes-termek\/sensy-lifting-serum\/#primaryimage","url":"https:\/\/staging.cremiacosmetics.com\/wp-content\/uploads\/2024\/03\/Cremia_Sensy-liftin.jpg","contentUrl":"https:\/\/staging.cremiacosmetics.com\/wp-content\/uploads\/2024\/03\/Cremia_Sensy-liftin.jpg","width":800,"height":800,"caption":"Cremia Sensy lifting serum"},{"@type":"BreadcrumbList","@id":"https:\/\/staging.cremiacosmetics.com\/osszes-termek\/sensy-lifting-serum\/#breadcrumb","itemListElement":[{"@type":"ListItem","position":1,"name":"Kezd\u0151lap","item":"https:\/\/staging.cremiacosmetics.com\/"},{"@type":"ListItem","position":2,"name":"\u00d6sszes term\u00e9k","item":"https:\/\/staging.cremiacosmetics.com\/?page_id=15931"},{"@type":"ListItem","position":3,"name":"Sensy lifting serum 15 ml"}]},{"@type":"WebSite","@id":"https:\/\/staging.cremiacosmetics.com\/#website","url":"https:\/\/staging.cremiacosmetics.com\/","name":"Cremia Cosmetics","description":"Nature-powered beauty","publisher":{"@id":"https:\/\/staging.cremiacosmetics.com\/#organization"},"potentialAction":[{"@type":"SearchAction","target":{"@type":"EntryPoint","urlTemplate":"https:\/\/staging.cremiacosmetics.com\/?s={search_term_string}"},"query-input":{"@type":"PropertyValueSpecification","valueRequired":true,"valueName":"search_term_string"}}],"inLanguage":"en-US"},{"@type":"Organization","@id":"https:\/\/staging.cremiacosmetics.com\/#organization","name":"Cremia Cosmetics","url":"https:\/\/staging.cremiacosmetics.com\/","logo":{"@type":"ImageObject","inLanguage":"en-US","@id":"https:\/\/staging.cremiacosmetics.com\/#\/schema\/logo\/image\/","url":"https:\/\/staging.cremiacosmetics.com\/wp-content\/uploads\/2024\/03\/Cremia-logo-15x15mm.svg","contentUrl":"https:\/\/staging.cremiacosmetics.com\/wp-content\/uploads\/2024\/03\/Cremia-logo-15x15mm.svg","width":42,"height":42,"caption":"Cremia Cosmetics"},"image":{"@id":"https:\/\/staging.cremiacosmetics.com\/#\/schema\/logo\/image\/"},"sameAs":["https:\/\/www.facebook.com\/cremiacosmetics","https:\/\/www.instagram.com\/cremiacosmetics\/"]}]},"product_price_amount":"7790","product_price_currency":"HUF","og_availability":"instock","product_availability":"instock","product_retailer_item_id":"C-SLS-HU-15","product_condition":"new"},"_links":{"self":[{"href":"https:\/\/staging.cremiacosmetics.com\/index.php?rest_route=\/wp\/v2\/product\/23099","targetHints":{"allow":["GET"]}}],"collection":[{"href":"https:\/\/staging.cremiacosmetics.com\/index.php?rest_route=\/wp\/v2\/product"}],"about":[{"href":"https:\/\/staging.cremiacosmetics.com\/index.php?rest_route=\/wp\/v2\/types\/product"}],"replies":[{"embeddable":true,"href":"https:\/\/staging.cremiacosmetics.com\/index.php?rest_route=%2Fwp%2Fv2%2Fcomments&post=23099"}],"version-history":[{"count":1,"href":"https:\/\/staging.cremiacosmetics.com\/index.php?rest_route=\/wp\/v2\/product\/23099\/revisions"}],"predecessor-version":[{"id":35565,"href":"https:\/\/staging.cremiacosmetics.com\/index.php?rest_route=\/wp\/v2\/product\/23099\/revisions\/35565"}],"wp:featuredmedia":[{"embeddable":true,"href":"https:\/\/staging.cremiacosmetics.com\/index.php?rest_route=\/wp\/v2\/media\/33196"}],"wp:attachment":[{"href":"https:\/\/staging.cremiacosmetics.com\/index.php?rest_route=%2Fwp%2Fv2%2Fmedia&parent=23099"}],"wp:term":[{"taxonomy":"product_brand","embeddable":true,"href":"https:\/\/staging.cremiacosmetics.com\/index.php?rest_route=%2Fwp%2Fv2%2Fproduct_brand&post=23099"},{"taxonomy":"product_cat","embeddable":true,"href":"https:\/\/staging.cremiacosmetics.com\/index.php?rest_route=%2Fwp%2Fv2%2Fproduct_cat&post=23099"},{"taxonomy":"product_tag","embeddable":true,"href":"https:\/\/staging.cremiacosmetics.com\/index.php?rest_route=%2Fwp%2Fv2%2Fproduct_tag&post=23099"}],"curies":[{"name":"wp","href":"https:\/\/api.w.org\/{rel}","templated":true}]}}