{"id":23095,"date":"2020-10-05T07:22:11","date_gmt":"2020-10-05T05:22:11","guid":{"rendered":"https:\/\/cremiocosmetics.com\/?post_type=product&#038;p=23095"},"modified":"2025-03-11T09:35:09","modified_gmt":"2025-03-11T08:35:09","slug":"peptide-lifting","status":"publish","type":"product","link":"https:\/\/staging.cremiacosmetics.com\/?product=peptide-lifting","title":{"rendered":"Peptide Lifting Cream r\u00e1ncfelt\u00f6lt\u0151 \u00e9s anti aging arckr\u00e9m 50 ml"},"content":{"rendered":"<p>\u00d6sszetev\u0151k: Aqua, Macadamia Seed Oil, Glycerin, Argan Oil, Cetearyl Olivate, Sorbitan Olivate, Cetylalcohol, Prunus Armeniaca Kernel Oil, Acetyl Hexapeptide-8, Camelia Sinensis Leaf Extract, Palmitoyl Tripeptide-5, Caprylic Capric Trigliceride, Spilanthes Acmella Flower Extract, Squalane, Tocopheryl Acetate, Ubiquinone, Oryza Sativa Rice Starch, Phenoxyethanol, Aniba rosaeodora Wood Oil, Ethylhexylglyceryl, Caprylyl Glycol, Sodium Benzoate, Potassium Sorbate, Citric Acid<\/p>\n<p>CPNP Reference: 3469386<\/p>\n","protected":false},"excerpt":{"rendered":"<p>M\u00ednusz t\u00edz \u00e9v?<\/p>\n<p>\u00daj, intenz\u00edv kollag\u00e9n termel\u00e9st serkent\u0151 kr\u00e9m\u00fcnket aj\u00e1nljuk a figyelmedbe, ha \u00fagy \u00e9rzed m\u00e9ly\u00fclnek a r\u00e1ncok \u00e9s feszes\u00edteni szeretn\u00e9d a b\u0151r\u00f6det. Peptideket \u00e9s r\u00e1ncfelt\u00f6lt\u0151 hat\u00f3anyagokat tartalmaz, kisim\u00edtja a mimikai r\u00e1ncokat, felt\u00f6lti, \u00e9lettel teliv\u00e9 \u00e9s fiataloss\u00e1 var\u00e1zsolja az arcb\u0151rt. A Peptid Lifting Cream kiv\u00e9teles hat\u00f3anyagai seg\u00edtik a b\u0151r\u00f6reged\u00e9s folyamat\u00e1nak lass\u00edt\u00e1s\u00e1t, serkentik a kollag\u00e9n termel\u0151d\u00e9st. A Q10 \u00e9s a z\u00f6ldtea kivonat kiv\u00e1l\u00f3 antioxid\u00e1ns \u00e9s szabadgy\u00f6kellenes hat\u00e1s\u00fa b\u0151r- regener\u00e1l\u00f3 hat\u00f3anyagok.<\/p>\n<p>\u00c9rett, norm\u00e1l b\u0151rre aj\u00e1nlott.<\/p>\n<p>50ml<\/p>\n<p>H\u0171v\u00f6s helyen t\u00e1roland\u00f3.<\/p>\n","protected":false},"featured_media":33153,"comment_status":"open","ping_status":"closed","template":"","meta":[],"product_brand":[],"product_cat":[905,880,889,438,1163,482,756],"product_tag":[582,1109,1141,1111,1113,1115,1117],"class_list":{"0":"post-23095","1":"product","2":"type-product","3":"status-publish","4":"has-post-thumbnail","6":"product_cat-ajandekotletek-erett-borre","7":"product_cat-befejezes","8":"product_cat-befejezo-lepes","9":"product_cat-hidratalas","10":"product_cat-lakossagi-termekek","11":"product_cat-osszes","12":"product_cat-premium","13":"product_tag-hidratalas","14":"product_tag-kollagen-en","15":"product_tag-kozmetikus-kedvezmeny","16":"product_tag-lifting-en","17":"product_tag-peptid-en","18":"product_tag-rancos-bor-en","19":"product_tag-zoldtea-en","21":"first","22":"instock","23":"taxable","24":"shipping-taxable","25":"purchasable","26":"product-type-simple"},"bundled_by":[],"bundle_stock_status":"instock","bundle_stock_quantity":null,"bundle_virtual":false,"bundle_layout":"","bundle_add_to_cart_form_location":"","bundle_editable_in_cart":false,"bundle_sold_individually_context":"","bundle_item_grouping":"","bundle_min_size":"","bundle_max_size":"","bundle_price":[],"bundled_items":[],"bundle_sell_ids":[],"yoast_head":"<!-- This site is optimized with the Yoast SEO Premium plugin v24.9 (Yoast SEO v24.9) - https:\/\/yoast.com\/wordpress\/plugins\/seo\/ -->\n<title>Cremia Peptid Lifting Cream r\u00e1ncfelt\u00f6lt\u0151 \u00e9s anti aging arckr\u00e9m<\/title>\n<meta name=\"description\" content=\"A Peptid Lifting Cream peptideket \u00e9s r\u00e1ncfelt\u00f6lt\u0151 anyagokat tartalmaz. Kisim\u00edtja a mimikai r\u00e1ncokat, felt\u00f6lti, fiataloss\u00e1 var\u00e1zsolja a b\u0151rt.\" \/>\n<meta name=\"robots\" content=\"index, follow, max-snippet:-1, max-image-preview:large, max-video-preview:-1\" \/>\n<link rel=\"canonical\" href=\"https:\/\/staging.cremiacosmetics.com\/osszes-termek\/peptide-lifting\/\" \/>\n<meta property=\"og:locale\" content=\"en_US\" \/>\n<meta property=\"og:type\" content=\"article\" \/>\n<meta property=\"og:title\" content=\"Peptide Lifting Cream r\u00e1ncfelt\u00f6lt\u0151 \u00e9s anti aging arckr\u00e9m 50 ml\" \/>\n<meta property=\"og:description\" content=\"A Peptid Lifting Cream peptideket \u00e9s r\u00e1ncfelt\u00f6lt\u0151 anyagokat tartalmaz. Kisim\u00edtja a mimikai r\u00e1ncokat, felt\u00f6lti, fiataloss\u00e1 var\u00e1zsolja a b\u0151rt.\" \/>\n<meta property=\"og:url\" content=\"https:\/\/staging.cremiacosmetics.com\/osszes-termek\/peptide-lifting\/\" \/>\n<meta property=\"og:site_name\" content=\"Cremia Cosmetics\" \/>\n<meta property=\"article:publisher\" content=\"https:\/\/www.facebook.com\/cremiacosmetics\" \/>\n<meta property=\"article:modified_time\" content=\"2025-03-11T08:35:09+00:00\" \/>\n<meta property=\"og:image\" content=\"https:\/\/staging.cremiacosmetics.com\/wp-content\/uploads\/2024\/03\/Cremia_Peptide-lifting-cream_800.jpg\" \/>\n\t<meta property=\"og:image:width\" content=\"800\" \/>\n\t<meta property=\"og:image:height\" content=\"800\" \/>\n\t<meta property=\"og:image:type\" content=\"image\/jpeg\" \/>\n<meta name=\"twitter:card\" content=\"summary_large_image\" \/>\n<meta name=\"twitter:label1\" content=\"Price\" \/>\n\t<meta name=\"twitter:data1\" content=\"20 590&nbsp;&#070;&#116;\" \/>\n\t<meta name=\"twitter:label2\" content=\"Availability\" \/>\n\t<meta name=\"twitter:data2\" content=\"In stock\" \/>\n<script type=\"application\/ld+json\" class=\"yoast-schema-graph\">{\"@context\":\"https:\/\/schema.org\",\"@graph\":[{\"@type\":\"WebPage\",\"@id\":\"https:\/\/staging.cremiacosmetics.com\/osszes-termek\/peptide-lifting\/\",\"url\":\"https:\/\/staging.cremiacosmetics.com\/osszes-termek\/peptide-lifting\/\",\"name\":\"Cremia Peptid Lifting Cream r\u00e1ncfelt\u00f6lt\u0151 \u00e9s anti aging arckr\u00e9m\",\"isPartOf\":{\"@id\":\"https:\/\/staging.cremiacosmetics.com\/#website\"},\"primaryImageOfPage\":{\"@id\":\"https:\/\/staging.cremiacosmetics.com\/osszes-termek\/peptide-lifting\/#primaryimage\"},\"image\":{\"@id\":\"https:\/\/staging.cremiacosmetics.com\/osszes-termek\/peptide-lifting\/#primaryimage\"},\"thumbnailUrl\":\"https:\/\/staging.cremiacosmetics.com\/wp-content\/uploads\/2024\/03\/Cremia_Peptide-lifting-cream_800.jpg\",\"datePublished\":\"2020-10-05T05:22:11+00:00\",\"dateModified\":\"2025-03-11T08:35:09+00:00\",\"description\":\"A Peptid Lifting Cream peptideket \u00e9s r\u00e1ncfelt\u00f6lt\u0151 anyagokat tartalmaz. Kisim\u00edtja a mimikai r\u00e1ncokat, felt\u00f6lti, fiataloss\u00e1 var\u00e1zsolja a b\u0151rt.\",\"breadcrumb\":{\"@id\":\"https:\/\/staging.cremiacosmetics.com\/osszes-termek\/peptide-lifting\/#breadcrumb\"},\"inLanguage\":\"en-US\",\"potentialAction\":[{\"@type\":\"ReadAction\",\"target\":[\"https:\/\/staging.cremiacosmetics.com\/osszes-termek\/peptide-lifting\/\"]}]},{\"@type\":\"ImageObject\",\"inLanguage\":\"en-US\",\"@id\":\"https:\/\/staging.cremiacosmetics.com\/osszes-termek\/peptide-lifting\/#primaryimage\",\"url\":\"https:\/\/staging.cremiacosmetics.com\/wp-content\/uploads\/2024\/03\/Cremia_Peptide-lifting-cream_800.jpg\",\"contentUrl\":\"https:\/\/staging.cremiacosmetics.com\/wp-content\/uploads\/2024\/03\/Cremia_Peptide-lifting-cream_800.jpg\",\"width\":800,\"height\":800,\"caption\":\"Cremia Peptide lifting cream\"},{\"@type\":\"BreadcrumbList\",\"@id\":\"https:\/\/staging.cremiacosmetics.com\/osszes-termek\/peptide-lifting\/#breadcrumb\",\"itemListElement\":[{\"@type\":\"ListItem\",\"position\":1,\"name\":\"Kezd\u0151lap\",\"item\":\"https:\/\/staging.cremiacosmetics.com\/\"},{\"@type\":\"ListItem\",\"position\":2,\"name\":\"\u00d6sszes term\u00e9k\",\"item\":\"https:\/\/staging.cremiacosmetics.com\/?page_id=15931\"},{\"@type\":\"ListItem\",\"position\":3,\"name\":\"Peptide Lifting Cream r\u00e1ncfelt\u00f6lt\u0151 \u00e9s anti aging arckr\u00e9m 50 ml\"}]},{\"@type\":\"WebSite\",\"@id\":\"https:\/\/staging.cremiacosmetics.com\/#website\",\"url\":\"https:\/\/staging.cremiacosmetics.com\/\",\"name\":\"Cremia Cosmetics\",\"description\":\"Nature-powered beauty\",\"publisher\":{\"@id\":\"https:\/\/staging.cremiacosmetics.com\/#organization\"},\"potentialAction\":[{\"@type\":\"SearchAction\",\"target\":{\"@type\":\"EntryPoint\",\"urlTemplate\":\"https:\/\/staging.cremiacosmetics.com\/?s={search_term_string}\"},\"query-input\":{\"@type\":\"PropertyValueSpecification\",\"valueRequired\":true,\"valueName\":\"search_term_string\"}}],\"inLanguage\":\"en-US\"},{\"@type\":\"Organization\",\"@id\":\"https:\/\/staging.cremiacosmetics.com\/#organization\",\"name\":\"Cremia Cosmetics\",\"url\":\"https:\/\/staging.cremiacosmetics.com\/\",\"logo\":{\"@type\":\"ImageObject\",\"inLanguage\":\"en-US\",\"@id\":\"https:\/\/staging.cremiacosmetics.com\/#\/schema\/logo\/image\/\",\"url\":\"https:\/\/staging.cremiacosmetics.com\/wp-content\/uploads\/2024\/03\/Cremia-logo-15x15mm.svg\",\"contentUrl\":\"https:\/\/staging.cremiacosmetics.com\/wp-content\/uploads\/2024\/03\/Cremia-logo-15x15mm.svg\",\"width\":42,\"height\":42,\"caption\":\"Cremia Cosmetics\"},\"image\":{\"@id\":\"https:\/\/staging.cremiacosmetics.com\/#\/schema\/logo\/image\/\"},\"sameAs\":[\"https:\/\/www.facebook.com\/cremiacosmetics\",\"https:\/\/www.instagram.com\/cremiacosmetics\/\"]}]}<\/script>\n<meta property=\"product:price:amount\" content=\"20590\" \/>\n<meta property=\"product:price:currency\" content=\"HUF\" \/>\n<meta property=\"og:availability\" content=\"instock\" \/>\n<meta property=\"product:availability\" content=\"instock\" \/>\n<meta property=\"product:retailer_item_id\" content=\"C-PL-HU-50\" \/>\n<meta property=\"product:condition\" content=\"new\" \/>\n<!-- \/ Yoast SEO Premium plugin. -->","yoast_head_json":{"title":"Cremia Peptid Lifting Cream r\u00e1ncfelt\u00f6lt\u0151 \u00e9s anti aging arckr\u00e9m","description":"A Peptid Lifting Cream peptideket \u00e9s r\u00e1ncfelt\u00f6lt\u0151 anyagokat tartalmaz. Kisim\u00edtja a mimikai r\u00e1ncokat, felt\u00f6lti, fiataloss\u00e1 var\u00e1zsolja a b\u0151rt.","robots":{"index":"index","follow":"follow","max-snippet":"max-snippet:-1","max-image-preview":"max-image-preview:large","max-video-preview":"max-video-preview:-1"},"canonical":"https:\/\/staging.cremiacosmetics.com\/osszes-termek\/peptide-lifting\/","og_locale":"en_US","og_type":"article","og_title":"Peptide Lifting Cream r\u00e1ncfelt\u00f6lt\u0151 \u00e9s anti aging arckr\u00e9m 50 ml","og_description":"A Peptid Lifting Cream peptideket \u00e9s r\u00e1ncfelt\u00f6lt\u0151 anyagokat tartalmaz. Kisim\u00edtja a mimikai r\u00e1ncokat, felt\u00f6lti, fiataloss\u00e1 var\u00e1zsolja a b\u0151rt.","og_url":"https:\/\/staging.cremiacosmetics.com\/osszes-termek\/peptide-lifting\/","og_site_name":"Cremia Cosmetics","article_publisher":"https:\/\/www.facebook.com\/cremiacosmetics","article_modified_time":"2025-03-11T08:35:09+00:00","og_image":[{"width":800,"height":800,"url":"https:\/\/staging.cremiacosmetics.com\/wp-content\/uploads\/2024\/03\/Cremia_Peptide-lifting-cream_800.jpg","type":"image\/jpeg"}],"twitter_card":"summary_large_image","twitter_misc":{"Price":"20 590&nbsp;&#70;&#116;","Availability":"In stock"},"schema":{"@context":"https:\/\/schema.org","@graph":[{"@type":"WebPage","@id":"https:\/\/staging.cremiacosmetics.com\/osszes-termek\/peptide-lifting\/","url":"https:\/\/staging.cremiacosmetics.com\/osszes-termek\/peptide-lifting\/","name":"Cremia Peptid Lifting Cream r\u00e1ncfelt\u00f6lt\u0151 \u00e9s anti aging arckr\u00e9m","isPartOf":{"@id":"https:\/\/staging.cremiacosmetics.com\/#website"},"primaryImageOfPage":{"@id":"https:\/\/staging.cremiacosmetics.com\/osszes-termek\/peptide-lifting\/#primaryimage"},"image":{"@id":"https:\/\/staging.cremiacosmetics.com\/osszes-termek\/peptide-lifting\/#primaryimage"},"thumbnailUrl":"https:\/\/staging.cremiacosmetics.com\/wp-content\/uploads\/2024\/03\/Cremia_Peptide-lifting-cream_800.jpg","datePublished":"2020-10-05T05:22:11+00:00","dateModified":"2025-03-11T08:35:09+00:00","description":"A Peptid Lifting Cream peptideket \u00e9s r\u00e1ncfelt\u00f6lt\u0151 anyagokat tartalmaz. Kisim\u00edtja a mimikai r\u00e1ncokat, felt\u00f6lti, fiataloss\u00e1 var\u00e1zsolja a b\u0151rt.","breadcrumb":{"@id":"https:\/\/staging.cremiacosmetics.com\/osszes-termek\/peptide-lifting\/#breadcrumb"},"inLanguage":"en-US","potentialAction":[{"@type":"ReadAction","target":["https:\/\/staging.cremiacosmetics.com\/osszes-termek\/peptide-lifting\/"]}]},{"@type":"ImageObject","inLanguage":"en-US","@id":"https:\/\/staging.cremiacosmetics.com\/osszes-termek\/peptide-lifting\/#primaryimage","url":"https:\/\/staging.cremiacosmetics.com\/wp-content\/uploads\/2024\/03\/Cremia_Peptide-lifting-cream_800.jpg","contentUrl":"https:\/\/staging.cremiacosmetics.com\/wp-content\/uploads\/2024\/03\/Cremia_Peptide-lifting-cream_800.jpg","width":800,"height":800,"caption":"Cremia Peptide lifting cream"},{"@type":"BreadcrumbList","@id":"https:\/\/staging.cremiacosmetics.com\/osszes-termek\/peptide-lifting\/#breadcrumb","itemListElement":[{"@type":"ListItem","position":1,"name":"Kezd\u0151lap","item":"https:\/\/staging.cremiacosmetics.com\/"},{"@type":"ListItem","position":2,"name":"\u00d6sszes term\u00e9k","item":"https:\/\/staging.cremiacosmetics.com\/?page_id=15931"},{"@type":"ListItem","position":3,"name":"Peptide Lifting Cream r\u00e1ncfelt\u00f6lt\u0151 \u00e9s anti aging arckr\u00e9m 50 ml"}]},{"@type":"WebSite","@id":"https:\/\/staging.cremiacosmetics.com\/#website","url":"https:\/\/staging.cremiacosmetics.com\/","name":"Cremia Cosmetics","description":"Nature-powered beauty","publisher":{"@id":"https:\/\/staging.cremiacosmetics.com\/#organization"},"potentialAction":[{"@type":"SearchAction","target":{"@type":"EntryPoint","urlTemplate":"https:\/\/staging.cremiacosmetics.com\/?s={search_term_string}"},"query-input":{"@type":"PropertyValueSpecification","valueRequired":true,"valueName":"search_term_string"}}],"inLanguage":"en-US"},{"@type":"Organization","@id":"https:\/\/staging.cremiacosmetics.com\/#organization","name":"Cremia Cosmetics","url":"https:\/\/staging.cremiacosmetics.com\/","logo":{"@type":"ImageObject","inLanguage":"en-US","@id":"https:\/\/staging.cremiacosmetics.com\/#\/schema\/logo\/image\/","url":"https:\/\/staging.cremiacosmetics.com\/wp-content\/uploads\/2024\/03\/Cremia-logo-15x15mm.svg","contentUrl":"https:\/\/staging.cremiacosmetics.com\/wp-content\/uploads\/2024\/03\/Cremia-logo-15x15mm.svg","width":42,"height":42,"caption":"Cremia Cosmetics"},"image":{"@id":"https:\/\/staging.cremiacosmetics.com\/#\/schema\/logo\/image\/"},"sameAs":["https:\/\/www.facebook.com\/cremiacosmetics","https:\/\/www.instagram.com\/cremiacosmetics\/"]}]},"product_price_amount":"20590","product_price_currency":"HUF","og_availability":"instock","product_availability":"instock","product_retailer_item_id":"C-PL-HU-50","product_condition":"new"},"_links":{"self":[{"href":"https:\/\/staging.cremiacosmetics.com\/index.php?rest_route=\/wp\/v2\/product\/23095","targetHints":{"allow":["GET"]}}],"collection":[{"href":"https:\/\/staging.cremiacosmetics.com\/index.php?rest_route=\/wp\/v2\/product"}],"about":[{"href":"https:\/\/staging.cremiacosmetics.com\/index.php?rest_route=\/wp\/v2\/types\/product"}],"replies":[{"embeddable":true,"href":"https:\/\/staging.cremiacosmetics.com\/index.php?rest_route=%2Fwp%2Fv2%2Fcomments&post=23095"}],"version-history":[{"count":2,"href":"https:\/\/staging.cremiacosmetics.com\/index.php?rest_route=\/wp\/v2\/product\/23095\/revisions"}],"predecessor-version":[{"id":35469,"href":"https:\/\/staging.cremiacosmetics.com\/index.php?rest_route=\/wp\/v2\/product\/23095\/revisions\/35469"}],"wp:featuredmedia":[{"embeddable":true,"href":"https:\/\/staging.cremiacosmetics.com\/index.php?rest_route=\/wp\/v2\/media\/33153"}],"wp:attachment":[{"href":"https:\/\/staging.cremiacosmetics.com\/index.php?rest_route=%2Fwp%2Fv2%2Fmedia&parent=23095"}],"wp:term":[{"taxonomy":"product_brand","embeddable":true,"href":"https:\/\/staging.cremiacosmetics.com\/index.php?rest_route=%2Fwp%2Fv2%2Fproduct_brand&post=23095"},{"taxonomy":"product_cat","embeddable":true,"href":"https:\/\/staging.cremiacosmetics.com\/index.php?rest_route=%2Fwp%2Fv2%2Fproduct_cat&post=23095"},{"taxonomy":"product_tag","embeddable":true,"href":"https:\/\/staging.cremiacosmetics.com\/index.php?rest_route=%2Fwp%2Fv2%2Fproduct_tag&post=23095"}],"curies":[{"name":"wp","href":"https:\/\/api.w.org\/{rel}","templated":true}]}}