{"id":23092,"date":"2020-10-03T15:44:06","date_gmt":"2020-10-03T13:44:06","guid":{"rendered":"https:\/\/cremiocosmetics.com\/?post_type=product&#038;p=23092"},"modified":"2025-03-11T09:34:58","modified_gmt":"2025-03-11T08:34:58","slug":"pure-rose-body-oil-masszazsolaj","status":"publish","type":"product","link":"https:\/\/staging.cremiacosmetics.com\/?product=pure-rose-body-oil-masszazsolaj","title":{"rendered":"Pure Rose Body Oil testolaj Professional 100 ml"},"content":{"rendered":"<p>\u00d6sszet\u00e9tel: Prunus amygdalus dulcis (Mandula) oil, Helianthus Annuus (Napraforg\u00f3) oil, Prunus Armeniaca kernel (S\u00e1rgabarackmag) oil, Oryza sativa bran (Rizs) oil, Argania Spinosa (Arg\u00e1n) kernel oil, Tocopherol (E-vitamin), Rosa Damascena Flower extract, Fragrance<\/p>\n","protected":false},"excerpt":{"rendered":"<p>P\u00faderr\u00f3zsasz\u00edn n\u0151iess\u00e9g!<\/p>\n<p>Ha kell egy kis meger\u0151s\u00edt\u00e9s n\u0151iess\u00e9gedben, massz\u00edrozz f\u00fcrd\u00e9s ut\u00e1n a m\u00e9g nedves b\u0151r\u00f6dbe Pure Rose testolajat, mert<\/p>\n<ul>\n<li>k\u00e9nyeztet\u0151,<\/li>\n<li>\u00e9rt\u00e9kes,<\/li>\n<li>100%-ban term\u00e9szetes \u00f6sszetev\u0151kkel<\/li>\n<li>b\u00e1rsonyosan puh\u00e1v\u00e1 var\u00e1zsolja b\u0151r\u00f6det \u00e9s<\/li>\n<li>illata a k\u00fcl\u00f6nleges ill\u00f3olajoknak k\u00f6sz\u00f6nhet\u0151en p\u00faderes, b\u00e1jos, n\u0151ies.<\/li>\n<\/ul>\n<p>&nbsp;<\/p>\n<p>Minden b\u0151rt\u00edpus \u00e1ltal nagyon j\u00f3l toler\u00e1lhat\u00f3 mandula olajat, s\u00e1rgabarackmag olajat, napraforg\u00f3 olajat, arg\u00e1n olajat \u00e9s rizs olajat tartalmaz. Haszn\u00e1lat\u00e1val sug\u00e1rozni fogod az eleganci\u00e1t, b\u00e1jt, n\u0151ies kedvess\u00e9get.<\/p>\n<p>Nagyon fontosnak tartjuk, hogy olyan massz\u00e1zsolajokat k\u00e9sz\u00edts\u00fcnk, melyek nem tartalmaznak k\u0151olajsz\u00e1rmaz\u00e9kot, tart\u00f3s\u00edt\u00f3szert \u00e9s szilikont.<\/p>\n<p>100 ml<\/p>\n","protected":false},"featured_media":32381,"comment_status":"open","ping_status":"closed","template":"","meta":[],"product_brand":[],"product_cat":[876,887],"product_tag":[582,1141,1051,1071,1119,1121],"class_list":{"0":"post-23092","1":"product","2":"type-product","3":"status-publish","4":"has-post-thumbnail","6":"product_cat-masszazs-hu","7":"product_cat-professional","8":"product_tag-hidratalas","9":"product_tag-kozmetikus-kedvezmeny","10":"product_tag-masszazs-en","11":"product_tag-masszazsolaj-en","12":"product_tag-testapolas-en","13":"product_tag-testolaj-en","15":"first","16":"instock","17":"taxable","18":"shipping-taxable","19":"product-type-simple"},"bundled_by":[],"bundle_stock_status":"instock","bundle_stock_quantity":null,"bundle_virtual":false,"bundle_layout":"","bundle_add_to_cart_form_location":"","bundle_editable_in_cart":false,"bundle_sold_individually_context":"","bundle_item_grouping":"","bundle_min_size":"","bundle_max_size":"","bundle_price":[],"bundled_items":[],"bundle_sell_ids":[],"yoast_head":"<!-- This site is optimized with the Yoast SEO Premium plugin v24.9 (Yoast SEO v24.9) - https:\/\/yoast.com\/wordpress\/plugins\/seo\/ -->\n<title>Pure Rose Body Oil testolaj Professional 100 ml - Cremia Cosmetics<\/title>\n<meta name=\"robots\" content=\"index, follow, max-snippet:-1, max-image-preview:large, max-video-preview:-1\" \/>\n<link rel=\"canonical\" href=\"https:\/\/staging.cremiacosmetics.com\/osszes-termek\/pure-rose-body-oil-masszazsolaj\/\" \/>\n<meta property=\"og:locale\" content=\"en_US\" \/>\n<meta property=\"og:type\" content=\"article\" \/>\n<meta property=\"og:title\" content=\"Pure Rose Body Oil testolaj Professional 100 ml\" \/>\n<meta property=\"og:description\" content=\"P\u00faderr\u00f3zsasz\u00edn n\u0151iess\u00e9g!  Ha kell egy kis meger\u0151s\u00edt\u00e9s n\u0151iess\u00e9gedben, massz\u00edrozz f\u00fcrd\u00e9s ut\u00e1n a m\u00e9g nedves b\u0151r\u00f6dbe Pure Rose testolajat, mert   k\u00e9nyeztet\u0151,  \u00e9rt\u00e9kes,  100%-ban term\u00e9szetes \u00f6sszetev\u0151kkel  b\u00e1rsonyosan puh\u00e1v\u00e1 var\u00e1zsolja b\u0151r\u00f6det \u00e9s  illata a k\u00fcl\u00f6nleges ill\u00f3olajoknak k\u00f6sz\u00f6nhet\u0151en p\u00faderes, b\u00e1jos, n\u0151ies.  &nbsp;  Minden b\u0151rt\u00edpus \u00e1ltal nagyon j\u00f3l toler\u00e1lhat\u00f3 mandula olajat, s\u00e1rgabarackmag olajat, napraforg\u00f3 olajat, arg\u00e1n olajat \u00e9s rizs olajat tartalmaz. Haszn\u00e1lat\u00e1val sug\u00e1rozni fogod az eleganci\u00e1t, b\u00e1jt, n\u0151ies kedvess\u00e9get.  Nagyon fontosnak tartjuk, hogy olyan massz\u00e1zsolajokat k\u00e9sz\u00edts\u00fcnk, melyek nem tartalmaznak k\u0151olajsz\u00e1rmaz\u00e9kot, tart\u00f3s\u00edt\u00f3szert \u00e9s szilikont.  100 ml\" \/>\n<meta property=\"og:url\" content=\"https:\/\/staging.cremiacosmetics.com\/osszes-termek\/pure-rose-body-oil-masszazsolaj\/\" \/>\n<meta property=\"og:site_name\" content=\"Cremia Cosmetics\" \/>\n<meta property=\"article:publisher\" content=\"https:\/\/www.facebook.com\/cremiacosmetics\" \/>\n<meta property=\"article:modified_time\" content=\"2025-03-11T08:34:58+00:00\" \/>\n<meta property=\"og:image\" content=\"https:\/\/staging.cremiacosmetics.com\/wp-content\/uploads\/2024\/02\/Cremia_Professional_Pure-Rose_800.jpg\" \/>\n\t<meta property=\"og:image:width\" content=\"800\" \/>\n\t<meta property=\"og:image:height\" content=\"800\" \/>\n\t<meta property=\"og:image:type\" content=\"image\/jpeg\" \/>\n<meta name=\"twitter:card\" content=\"summary_large_image\" \/>\n<meta name=\"twitter:label1\" content=\"Price\" \/>\n\t<meta name=\"twitter:data1\" content=\"\" \/>\n\t<meta name=\"twitter:label2\" content=\"Availability\" \/>\n\t<meta name=\"twitter:data2\" content=\"In stock\" \/>\n<script type=\"application\/ld+json\" class=\"yoast-schema-graph\">{\"@context\":\"https:\/\/schema.org\",\"@graph\":[{\"@type\":\"WebPage\",\"@id\":\"https:\/\/staging.cremiacosmetics.com\/osszes-termek\/pure-rose-body-oil-masszazsolaj\/\",\"url\":\"https:\/\/staging.cremiacosmetics.com\/osszes-termek\/pure-rose-body-oil-masszazsolaj\/\",\"name\":\"Pure Rose Body Oil testolaj Professional 100 ml - Cremia Cosmetics\",\"isPartOf\":{\"@id\":\"https:\/\/staging.cremiacosmetics.com\/#website\"},\"primaryImageOfPage\":{\"@id\":\"https:\/\/staging.cremiacosmetics.com\/osszes-termek\/pure-rose-body-oil-masszazsolaj\/#primaryimage\"},\"image\":{\"@id\":\"https:\/\/staging.cremiacosmetics.com\/osszes-termek\/pure-rose-body-oil-masszazsolaj\/#primaryimage\"},\"thumbnailUrl\":\"https:\/\/staging.cremiacosmetics.com\/wp-content\/uploads\/2024\/02\/Cremia_Professional_Pure-Rose_800.jpg\",\"datePublished\":\"2020-10-03T13:44:06+00:00\",\"dateModified\":\"2025-03-11T08:34:58+00:00\",\"breadcrumb\":{\"@id\":\"https:\/\/staging.cremiacosmetics.com\/osszes-termek\/pure-rose-body-oil-masszazsolaj\/#breadcrumb\"},\"inLanguage\":\"en-US\",\"potentialAction\":[{\"@type\":\"ReadAction\",\"target\":[\"https:\/\/staging.cremiacosmetics.com\/osszes-termek\/pure-rose-body-oil-masszazsolaj\/\"]}]},{\"@type\":\"ImageObject\",\"inLanguage\":\"en-US\",\"@id\":\"https:\/\/staging.cremiacosmetics.com\/osszes-termek\/pure-rose-body-oil-masszazsolaj\/#primaryimage\",\"url\":\"https:\/\/staging.cremiacosmetics.com\/wp-content\/uploads\/2024\/02\/Cremia_Professional_Pure-Rose_800.jpg\",\"contentUrl\":\"https:\/\/staging.cremiacosmetics.com\/wp-content\/uploads\/2024\/02\/Cremia_Professional_Pure-Rose_800.jpg\",\"width\":800,\"height\":800,\"caption\":\"Pure Rose Body Oil testolaj Professional 100 ml\"},{\"@type\":\"BreadcrumbList\",\"@id\":\"https:\/\/staging.cremiacosmetics.com\/osszes-termek\/pure-rose-body-oil-masszazsolaj\/#breadcrumb\",\"itemListElement\":[{\"@type\":\"ListItem\",\"position\":1,\"name\":\"Kezd\u0151lap\",\"item\":\"https:\/\/staging.cremiacosmetics.com\/\"},{\"@type\":\"ListItem\",\"position\":2,\"name\":\"\u00d6sszes term\u00e9k\",\"item\":\"https:\/\/staging.cremiacosmetics.com\/?page_id=15931\"},{\"@type\":\"ListItem\",\"position\":3,\"name\":\"Pure Rose Body Oil testolaj Professional 100 ml\"}]},{\"@type\":\"WebSite\",\"@id\":\"https:\/\/staging.cremiacosmetics.com\/#website\",\"url\":\"https:\/\/staging.cremiacosmetics.com\/\",\"name\":\"Cremia Cosmetics\",\"description\":\"Nature-powered beauty\",\"publisher\":{\"@id\":\"https:\/\/staging.cremiacosmetics.com\/#organization\"},\"potentialAction\":[{\"@type\":\"SearchAction\",\"target\":{\"@type\":\"EntryPoint\",\"urlTemplate\":\"https:\/\/staging.cremiacosmetics.com\/?s={search_term_string}\"},\"query-input\":{\"@type\":\"PropertyValueSpecification\",\"valueRequired\":true,\"valueName\":\"search_term_string\"}}],\"inLanguage\":\"en-US\"},{\"@type\":\"Organization\",\"@id\":\"https:\/\/staging.cremiacosmetics.com\/#organization\",\"name\":\"Cremia Cosmetics\",\"url\":\"https:\/\/staging.cremiacosmetics.com\/\",\"logo\":{\"@type\":\"ImageObject\",\"inLanguage\":\"en-US\",\"@id\":\"https:\/\/staging.cremiacosmetics.com\/#\/schema\/logo\/image\/\",\"url\":\"https:\/\/staging.cremiacosmetics.com\/wp-content\/uploads\/2024\/03\/Cremia-logo-15x15mm.svg\",\"contentUrl\":\"https:\/\/staging.cremiacosmetics.com\/wp-content\/uploads\/2024\/03\/Cremia-logo-15x15mm.svg\",\"width\":42,\"height\":42,\"caption\":\"Cremia Cosmetics\"},\"image\":{\"@id\":\"https:\/\/staging.cremiacosmetics.com\/#\/schema\/logo\/image\/\"},\"sameAs\":[\"https:\/\/www.facebook.com\/cremiacosmetics\",\"https:\/\/www.instagram.com\/cremiacosmetics\/\"]}]}<\/script>\n<meta property=\"product:price:amount\" content=\"0\" \/>\n<meta property=\"product:price:currency\" content=\"HUF\" \/>\n<meta property=\"og:availability\" content=\"instock\" \/>\n<meta property=\"product:availability\" content=\"instock\" \/>\n<meta property=\"product:retailer_item_id\" content=\"C-PROP-HU-100\" \/>\n<meta property=\"product:condition\" content=\"new\" \/>\n<!-- \/ Yoast SEO Premium plugin. -->","yoast_head_json":{"title":"Pure Rose Body Oil testolaj Professional 100 ml - Cremia Cosmetics","robots":{"index":"index","follow":"follow","max-snippet":"max-snippet:-1","max-image-preview":"max-image-preview:large","max-video-preview":"max-video-preview:-1"},"canonical":"https:\/\/staging.cremiacosmetics.com\/osszes-termek\/pure-rose-body-oil-masszazsolaj\/","og_locale":"en_US","og_type":"article","og_title":"Pure Rose Body Oil testolaj Professional 100 ml","og_description":"P\u00faderr\u00f3zsasz\u00edn n\u0151iess\u00e9g!  Ha kell egy kis meger\u0151s\u00edt\u00e9s n\u0151iess\u00e9gedben, massz\u00edrozz f\u00fcrd\u00e9s ut\u00e1n a m\u00e9g nedves b\u0151r\u00f6dbe Pure Rose testolajat, mert   k\u00e9nyeztet\u0151,  \u00e9rt\u00e9kes,  100%-ban term\u00e9szetes \u00f6sszetev\u0151kkel  b\u00e1rsonyosan puh\u00e1v\u00e1 var\u00e1zsolja b\u0151r\u00f6det \u00e9s  illata a k\u00fcl\u00f6nleges ill\u00f3olajoknak k\u00f6sz\u00f6nhet\u0151en p\u00faderes, b\u00e1jos, n\u0151ies.  &nbsp;  Minden b\u0151rt\u00edpus \u00e1ltal nagyon j\u00f3l toler\u00e1lhat\u00f3 mandula olajat, s\u00e1rgabarackmag olajat, napraforg\u00f3 olajat, arg\u00e1n olajat \u00e9s rizs olajat tartalmaz. Haszn\u00e1lat\u00e1val sug\u00e1rozni fogod az eleganci\u00e1t, b\u00e1jt, n\u0151ies kedvess\u00e9get.  Nagyon fontosnak tartjuk, hogy olyan massz\u00e1zsolajokat k\u00e9sz\u00edts\u00fcnk, melyek nem tartalmaznak k\u0151olajsz\u00e1rmaz\u00e9kot, tart\u00f3s\u00edt\u00f3szert \u00e9s szilikont.  100 ml","og_url":"https:\/\/staging.cremiacosmetics.com\/osszes-termek\/pure-rose-body-oil-masszazsolaj\/","og_site_name":"Cremia Cosmetics","article_publisher":"https:\/\/www.facebook.com\/cremiacosmetics","article_modified_time":"2025-03-11T08:34:58+00:00","og_image":[{"width":800,"height":800,"url":"https:\/\/staging.cremiacosmetics.com\/wp-content\/uploads\/2024\/02\/Cremia_Professional_Pure-Rose_800.jpg","type":"image\/jpeg"}],"twitter_card":"summary_large_image","twitter_misc":{"Price":"","Availability":"In stock"},"schema":{"@context":"https:\/\/schema.org","@graph":[{"@type":"WebPage","@id":"https:\/\/staging.cremiacosmetics.com\/osszes-termek\/pure-rose-body-oil-masszazsolaj\/","url":"https:\/\/staging.cremiacosmetics.com\/osszes-termek\/pure-rose-body-oil-masszazsolaj\/","name":"Pure Rose Body Oil testolaj Professional 100 ml - Cremia Cosmetics","isPartOf":{"@id":"https:\/\/staging.cremiacosmetics.com\/#website"},"primaryImageOfPage":{"@id":"https:\/\/staging.cremiacosmetics.com\/osszes-termek\/pure-rose-body-oil-masszazsolaj\/#primaryimage"},"image":{"@id":"https:\/\/staging.cremiacosmetics.com\/osszes-termek\/pure-rose-body-oil-masszazsolaj\/#primaryimage"},"thumbnailUrl":"https:\/\/staging.cremiacosmetics.com\/wp-content\/uploads\/2024\/02\/Cremia_Professional_Pure-Rose_800.jpg","datePublished":"2020-10-03T13:44:06+00:00","dateModified":"2025-03-11T08:34:58+00:00","breadcrumb":{"@id":"https:\/\/staging.cremiacosmetics.com\/osszes-termek\/pure-rose-body-oil-masszazsolaj\/#breadcrumb"},"inLanguage":"en-US","potentialAction":[{"@type":"ReadAction","target":["https:\/\/staging.cremiacosmetics.com\/osszes-termek\/pure-rose-body-oil-masszazsolaj\/"]}]},{"@type":"ImageObject","inLanguage":"en-US","@id":"https:\/\/staging.cremiacosmetics.com\/osszes-termek\/pure-rose-body-oil-masszazsolaj\/#primaryimage","url":"https:\/\/staging.cremiacosmetics.com\/wp-content\/uploads\/2024\/02\/Cremia_Professional_Pure-Rose_800.jpg","contentUrl":"https:\/\/staging.cremiacosmetics.com\/wp-content\/uploads\/2024\/02\/Cremia_Professional_Pure-Rose_800.jpg","width":800,"height":800,"caption":"Pure Rose Body Oil testolaj Professional 100 ml"},{"@type":"BreadcrumbList","@id":"https:\/\/staging.cremiacosmetics.com\/osszes-termek\/pure-rose-body-oil-masszazsolaj\/#breadcrumb","itemListElement":[{"@type":"ListItem","position":1,"name":"Kezd\u0151lap","item":"https:\/\/staging.cremiacosmetics.com\/"},{"@type":"ListItem","position":2,"name":"\u00d6sszes term\u00e9k","item":"https:\/\/staging.cremiacosmetics.com\/?page_id=15931"},{"@type":"ListItem","position":3,"name":"Pure Rose Body Oil testolaj Professional 100 ml"}]},{"@type":"WebSite","@id":"https:\/\/staging.cremiacosmetics.com\/#website","url":"https:\/\/staging.cremiacosmetics.com\/","name":"Cremia Cosmetics","description":"Nature-powered beauty","publisher":{"@id":"https:\/\/staging.cremiacosmetics.com\/#organization"},"potentialAction":[{"@type":"SearchAction","target":{"@type":"EntryPoint","urlTemplate":"https:\/\/staging.cremiacosmetics.com\/?s={search_term_string}"},"query-input":{"@type":"PropertyValueSpecification","valueRequired":true,"valueName":"search_term_string"}}],"inLanguage":"en-US"},{"@type":"Organization","@id":"https:\/\/staging.cremiacosmetics.com\/#organization","name":"Cremia Cosmetics","url":"https:\/\/staging.cremiacosmetics.com\/","logo":{"@type":"ImageObject","inLanguage":"en-US","@id":"https:\/\/staging.cremiacosmetics.com\/#\/schema\/logo\/image\/","url":"https:\/\/staging.cremiacosmetics.com\/wp-content\/uploads\/2024\/03\/Cremia-logo-15x15mm.svg","contentUrl":"https:\/\/staging.cremiacosmetics.com\/wp-content\/uploads\/2024\/03\/Cremia-logo-15x15mm.svg","width":42,"height":42,"caption":"Cremia Cosmetics"},"image":{"@id":"https:\/\/staging.cremiacosmetics.com\/#\/schema\/logo\/image\/"},"sameAs":["https:\/\/www.facebook.com\/cremiacosmetics","https:\/\/www.instagram.com\/cremiacosmetics\/"]}]},"product_price_currency":"HUF","og_availability":"instock","product_availability":"instock","product_retailer_item_id":"C-PROP-HU-100","product_condition":"new"},"_links":{"self":[{"href":"https:\/\/staging.cremiacosmetics.com\/index.php?rest_route=\/wp\/v2\/product\/23092","targetHints":{"allow":["GET"]}}],"collection":[{"href":"https:\/\/staging.cremiacosmetics.com\/index.php?rest_route=\/wp\/v2\/product"}],"about":[{"href":"https:\/\/staging.cremiacosmetics.com\/index.php?rest_route=\/wp\/v2\/types\/product"}],"replies":[{"embeddable":true,"href":"https:\/\/staging.cremiacosmetics.com\/index.php?rest_route=%2Fwp%2Fv2%2Fcomments&post=23092"}],"version-history":[{"count":1,"href":"https:\/\/staging.cremiacosmetics.com\/index.php?rest_route=\/wp\/v2\/product\/23092\/revisions"}],"predecessor-version":[{"id":33591,"href":"https:\/\/staging.cremiacosmetics.com\/index.php?rest_route=\/wp\/v2\/product\/23092\/revisions\/33591"}],"wp:featuredmedia":[{"embeddable":true,"href":"https:\/\/staging.cremiacosmetics.com\/index.php?rest_route=\/wp\/v2\/media\/32381"}],"wp:attachment":[{"href":"https:\/\/staging.cremiacosmetics.com\/index.php?rest_route=%2Fwp%2Fv2%2Fmedia&parent=23092"}],"wp:term":[{"taxonomy":"product_brand","embeddable":true,"href":"https:\/\/staging.cremiacosmetics.com\/index.php?rest_route=%2Fwp%2Fv2%2Fproduct_brand&post=23092"},{"taxonomy":"product_cat","embeddable":true,"href":"https:\/\/staging.cremiacosmetics.com\/index.php?rest_route=%2Fwp%2Fv2%2Fproduct_cat&post=23092"},{"taxonomy":"product_tag","embeddable":true,"href":"https:\/\/staging.cremiacosmetics.com\/index.php?rest_route=%2Fwp%2Fv2%2Fproduct_tag&post=23092"}],"curies":[{"name":"wp","href":"https:\/\/api.w.org\/{rel}","templated":true}]}}