{"id":16768,"date":"2019-09-23T19:22:26","date_gmt":"2019-09-23T17:22:26","guid":{"rendered":"https:\/\/cremiocosmetics.com\/?post_type=product&#038;p=16768"},"modified":"2025-03-11T09:34:55","modified_gmt":"2025-03-11T08:34:55","slug":"azulene-cream-50ml-bornyugtato-arckrem-azulennel","status":"publish","type":"product","link":"https:\/\/staging.cremiacosmetics.com\/?product=azulene-cream-50ml-bornyugtato-arckrem-azulennel","title":{"rendered":"Azulene Cream b\u0151rnyugtat\u00f3 arckr\u00e9m 50 ml"},"content":{"rendered":"<p>\u00d6sszetev\u0151k: Aqua, Butyrospermum Parkii (Shea) Butter, Cetearyl Olivate, Sorbitan Olivate, Citrullus vulgaris seed (G\u00f6r\u00f6gdinnyemag) oil, Tocopherol (E-vitamin), Stearic acid, Phenoxyethanol, Oenothera biennis oil (Ligetsz\u00e9pe), Allatoin, Bisabolol, Ethylhexylglycerin, Achillea millefoulim (Cickafarkf\u0171) oil, Lavandula angustifolia oil, linalool<\/p>\n<p>CPNP Reference: 2931583<\/p>\n","protected":false},"excerpt":{"rendered":"<p>Mi\u00e9rt fogod szeretni ezt a kr\u00e9met?<\/p>\n<p>A zs\u00edros-v\u00edzhi\u00e1nyos b\u0151r \u00e1pol\u00e1sa nem egyszer\u0171. \u00dagy kell hidrat\u00e1lni a b\u0151rt, hogy k\u00f6zben ne csillogjon, ne legyen m\u00e9g olajosabb.\u00a0A visszajelz\u00e9sek igazolj\u00e1k, hogy siker\u00fclt kifejleszten\u00fcnk egy szuper kr\u00e9met, ami ennek a kih\u00edv\u00e1snak megfelel!<\/p>\n<p>Az Azulene Cream egy tisztas\u00e1got id\u00e9z\u0151 friss illat\u00fa kr\u00e9m a pattan\u00e1sos \u00e9s irrit\u00e1lt b\u0151r mindennapi \u00e1pol\u00e1s\u00e1ra. K\u00f6nnyed, gyorsan felsz\u00edv\u00f3dik \u00e9s a g\u00f6r\u00f6gdinnyemag olajnak k\u00f6sz\u00f6nhet\u0151en b\u00e1rsonyos \u00e9s matt \u00e9rzetet biztos\u00edt. A gyullad\u00e1sg\u00e1tl\u00f3 hat\u00e1s\u00e1r\u00f3l ismert cickafarkf\u0171 olaj, az allantoin \u00e9s a kamill\u00e1b\u00f3l kivont bisabolol hat\u00e1sos b\u0151rnyugtat\u00f3k. A shea vaj \u00e9s a ligetsz\u00e9pe olaj kiv\u00e1l\u00f3 t\u00e1pl\u00e1l\u00f3, hidrat\u00e1l\u00f3 \u00f6sszetev\u0151k. Illat\u00e1t \u00e9s sz\u00edn\u00e9t a cickafarkf\u0171 olaj adja.<\/p>\n<p>Reggel-este hidrat\u00e1ld vele arcb\u0151r\u00f6det, gyullad\u00e1scs\u00f6kkent\u0151 n\u00f6v\u00e9nyi hat\u00f3anyagai seg\u00edtenek, hogy \u00e1poltnak \u00e9s magabiztosnak \u00e9rezd magad.<\/p>\n<p>50 ml<\/p>\n<p>H\u0171v\u00f6s helyen t\u00e1roland\u00f3.<\/p>\n<p>&nbsp;<\/p>\n<p><img decoding=\"async\" class=\"alignright wp-image-17038 size-thumbnail\" src=\"https:\/\/staging.cremiacosmetics.com\/wp-content\/uploads\/2019\/09\/k\u00e9k-olajzsel\u00e9-pexels-photo-332824-Copy-150x150.jpeg\" alt=\"\" width=\"150\" height=\"150\" srcset=\"https:\/\/staging.cremiacosmetics.com\/wp-content\/uploads\/2019\/09\/k\u00e9k-olajzsel\u00e9-pexels-photo-332824-Copy-150x150.jpeg 150w, https:\/\/staging.cremiacosmetics.com\/wp-content\/uploads\/2019\/09\/k\u00e9k-olajzsel\u00e9-pexels-photo-332824-Copy-100x100.jpeg 100w, https:\/\/staging.cremiacosmetics.com\/wp-content\/uploads\/2019\/09\/k\u00e9k-olajzsel\u00e9-pexels-photo-332824-Copy-300x300.jpeg 300w, https:\/\/staging.cremiacosmetics.com\/wp-content\/uploads\/2019\/09\/k\u00e9k-olajzsel\u00e9-pexels-photo-332824-Copy-1024x1024.jpeg 1024w, https:\/\/staging.cremiacosmetics.com\/wp-content\/uploads\/2019\/09\/k\u00e9k-olajzsel\u00e9-pexels-photo-332824-Copy-1536x1536.jpeg 1536w, https:\/\/staging.cremiacosmetics.com\/wp-content\/uploads\/2019\/09\/k\u00e9k-olajzsel\u00e9-pexels-photo-332824-Copy-2048x2048.jpeg 2048w, https:\/\/staging.cremiacosmetics.com\/wp-content\/uploads\/2019\/09\/k\u00e9k-olajzsel\u00e9-pexels-photo-332824-Copy-20x20.jpeg 20w\" sizes=\"(max-width: 150px) 100vw, 150px\" \/><\/p>\n","protected":false},"featured_media":33121,"comment_status":"open","ping_status":"closed","template":"","meta":[],"product_brand":[],"product_cat":[903,296,1411,438,1163,1410,482],"product_tag":[1043,1045,541,539,529,531,525,718,527,1030],"class_list":{"0":"post-16768","1":"product","2":"type-product","3":"status-publish","4":"has-post-thumbnail","6":"product_cat-pattanasos-bor","7":"product_cat-arcapolas","8":"product_cat-ejszakai-arckremek","9":"product_cat-hidratalas","10":"product_cat-lakossagi-termekek","11":"product_cat-nappali-arckremek","12":"product_cat-osszes","13":"product_tag-ajandek-en","14":"product_tag-ajandekotlet-en","15":"product_tag-arcapolas","16":"product_tag-arckrem","17":"product_tag-azulene","18":"product_tag-bisabolol","19":"product_tag-calm","20":"product_tag-hidratala","21":"product_tag-matt","22":"product_tag-pattanasos-bor-en","24":"first","25":"instock","26":"taxable","27":"shipping-taxable","28":"purchasable","29":"product-type-simple"},"bundled_by":[],"bundle_stock_status":"instock","bundle_stock_quantity":null,"bundle_virtual":false,"bundle_layout":"","bundle_add_to_cart_form_location":"","bundle_editable_in_cart":false,"bundle_sold_individually_context":"","bundle_item_grouping":"","bundle_min_size":"","bundle_max_size":"","bundle_price":[],"bundled_items":[],"bundle_sell_ids":[],"yoast_head":"<!-- This site is optimized with the Yoast SEO Premium plugin v24.9 (Yoast SEO v24.9) - https:\/\/yoast.com\/wordpress\/plugins\/seo\/ -->\n<title>Azulene Cream b\u0151rnyugtat\u00f3 arckr\u00e9m 50 ml - Cremia Cosmetics<\/title>\n<meta name=\"robots\" content=\"index, follow, max-snippet:-1, max-image-preview:large, max-video-preview:-1\" \/>\n<link rel=\"canonical\" href=\"https:\/\/staging.cremiacosmetics.com\/osszes-termek\/azulene-cream-50ml-bornyugtato-arckrem-azulennel\/\" \/>\n<meta property=\"og:locale\" content=\"en_US\" \/>\n<meta property=\"og:type\" content=\"article\" \/>\n<meta property=\"og:title\" content=\"Azulene Cream b\u0151rnyugtat\u00f3 arckr\u00e9m 50 ml\" \/>\n<meta property=\"og:description\" content=\"Mi\u00e9rt fogod szeretni ezt a kr\u00e9met?  A zs\u00edros-v\u00edzhi\u00e1nyos b\u0151r \u00e1pol\u00e1sa nem egyszer\u0171. \u00dagy kell hidrat\u00e1lni a b\u0151rt, hogy k\u00f6zben ne csillogjon, ne legyen m\u00e9g olajosabb.\u00a0A visszajelz\u00e9sek igazolj\u00e1k, hogy siker\u00fclt kifejleszten\u00fcnk egy szuper kr\u00e9met, ami ennek a kih\u00edv\u00e1snak megfelel!  Az Azulene Cream egy tisztas\u00e1got id\u00e9z\u0151 friss illat\u00fa kr\u00e9m a pattan\u00e1sos \u00e9s irrit\u00e1lt b\u0151r mindennapi \u00e1pol\u00e1s\u00e1ra. K\u00f6nnyed, gyorsan felsz\u00edv\u00f3dik \u00e9s a g\u00f6r\u00f6gdinnyemag olajnak k\u00f6sz\u00f6nhet\u0151en b\u00e1rsonyos \u00e9s matt \u00e9rzetet biztos\u00edt. A gyullad\u00e1sg\u00e1tl\u00f3 hat\u00e1s\u00e1r\u00f3l ismert cickafarkf\u0171 olaj, az allantoin \u00e9s a kamill\u00e1b\u00f3l kivont bisabolol hat\u00e1sos b\u0151rnyugtat\u00f3k. A shea vaj \u00e9s a ligetsz\u00e9pe olaj kiv\u00e1l\u00f3 t\u00e1pl\u00e1l\u00f3, hidrat\u00e1l\u00f3 \u00f6sszetev\u0151k. Illat\u00e1t \u00e9s sz\u00edn\u00e9t a cickafarkf\u0171 olaj adja.  Reggel-este hidrat\u00e1ld vele arcb\u0151r\u00f6det, gyullad\u00e1scs\u00f6kkent\u0151 n\u00f6v\u00e9nyi hat\u00f3anyagai seg\u00edtenek, hogy \u00e1poltnak \u00e9s magabiztosnak \u00e9rezd magad.  50 ml  H\u0171v\u00f6s helyen t\u00e1roland\u00f3.  &nbsp;\" \/>\n<meta property=\"og:url\" content=\"https:\/\/staging.cremiacosmetics.com\/osszes-termek\/azulene-cream-50ml-bornyugtato-arckrem-azulennel\/\" \/>\n<meta property=\"og:site_name\" content=\"Cremia Cosmetics\" \/>\n<meta property=\"article:publisher\" content=\"https:\/\/www.facebook.com\/cremiacosmetics\" \/>\n<meta property=\"article:modified_time\" content=\"2025-03-11T08:34:55+00:00\" \/>\n<meta property=\"og:image\" content=\"https:\/\/staging.cremiacosmetics.com\/wp-content\/uploads\/2024\/03\/Cremia_Azulene-cream_800.jpg\" \/>\n\t<meta property=\"og:image:width\" content=\"800\" \/>\n\t<meta property=\"og:image:height\" content=\"800\" \/>\n\t<meta property=\"og:image:type\" content=\"image\/jpeg\" \/>\n<meta name=\"twitter:card\" content=\"summary_large_image\" \/>\n<meta name=\"twitter:label1\" content=\"Price\" \/>\n\t<meta name=\"twitter:data1\" content=\"18 990&nbsp;&#070;&#116;\" \/>\n\t<meta name=\"twitter:label2\" content=\"Availability\" \/>\n\t<meta name=\"twitter:data2\" content=\"In stock\" \/>\n<script type=\"application\/ld+json\" class=\"yoast-schema-graph\">{\"@context\":\"https:\/\/schema.org\",\"@graph\":[{\"@type\":\"WebPage\",\"@id\":\"https:\/\/staging.cremiacosmetics.com\/osszes-termek\/azulene-cream-50ml-bornyugtato-arckrem-azulennel\/\",\"url\":\"https:\/\/staging.cremiacosmetics.com\/osszes-termek\/azulene-cream-50ml-bornyugtato-arckrem-azulennel\/\",\"name\":\"Azulene Cream b\u0151rnyugtat\u00f3 arckr\u00e9m 50 ml - Cremia Cosmetics\",\"isPartOf\":{\"@id\":\"https:\/\/staging.cremiacosmetics.com\/#website\"},\"primaryImageOfPage\":{\"@id\":\"https:\/\/staging.cremiacosmetics.com\/osszes-termek\/azulene-cream-50ml-bornyugtato-arckrem-azulennel\/#primaryimage\"},\"image\":{\"@id\":\"https:\/\/staging.cremiacosmetics.com\/osszes-termek\/azulene-cream-50ml-bornyugtato-arckrem-azulennel\/#primaryimage\"},\"thumbnailUrl\":\"https:\/\/staging.cremiacosmetics.com\/wp-content\/uploads\/2024\/03\/Cremia_Azulene-cream_800.jpg\",\"datePublished\":\"2019-09-23T17:22:26+00:00\",\"dateModified\":\"2025-03-11T08:34:55+00:00\",\"breadcrumb\":{\"@id\":\"https:\/\/staging.cremiacosmetics.com\/osszes-termek\/azulene-cream-50ml-bornyugtato-arckrem-azulennel\/#breadcrumb\"},\"inLanguage\":\"en-US\",\"potentialAction\":[{\"@type\":\"ReadAction\",\"target\":[\"https:\/\/staging.cremiacosmetics.com\/osszes-termek\/azulene-cream-50ml-bornyugtato-arckrem-azulennel\/\"]}]},{\"@type\":\"ImageObject\",\"inLanguage\":\"en-US\",\"@id\":\"https:\/\/staging.cremiacosmetics.com\/osszes-termek\/azulene-cream-50ml-bornyugtato-arckrem-azulennel\/#primaryimage\",\"url\":\"https:\/\/staging.cremiacosmetics.com\/wp-content\/uploads\/2024\/03\/Cremia_Azulene-cream_800.jpg\",\"contentUrl\":\"https:\/\/staging.cremiacosmetics.com\/wp-content\/uploads\/2024\/03\/Cremia_Azulene-cream_800.jpg\",\"width\":800,\"height\":800},{\"@type\":\"BreadcrumbList\",\"@id\":\"https:\/\/staging.cremiacosmetics.com\/osszes-termek\/azulene-cream-50ml-bornyugtato-arckrem-azulennel\/#breadcrumb\",\"itemListElement\":[{\"@type\":\"ListItem\",\"position\":1,\"name\":\"Kezd\u0151lap\",\"item\":\"https:\/\/staging.cremiacosmetics.com\/\"},{\"@type\":\"ListItem\",\"position\":2,\"name\":\"\u00d6sszes term\u00e9k\",\"item\":\"https:\/\/staging.cremiacosmetics.com\/?page_id=15931\"},{\"@type\":\"ListItem\",\"position\":3,\"name\":\"Azulene Cream b\u0151rnyugtat\u00f3 arckr\u00e9m 50 ml\"}]},{\"@type\":\"WebSite\",\"@id\":\"https:\/\/staging.cremiacosmetics.com\/#website\",\"url\":\"https:\/\/staging.cremiacosmetics.com\/\",\"name\":\"Cremia Cosmetics\",\"description\":\"Nature-powered beauty\",\"publisher\":{\"@id\":\"https:\/\/staging.cremiacosmetics.com\/#organization\"},\"potentialAction\":[{\"@type\":\"SearchAction\",\"target\":{\"@type\":\"EntryPoint\",\"urlTemplate\":\"https:\/\/staging.cremiacosmetics.com\/?s={search_term_string}\"},\"query-input\":{\"@type\":\"PropertyValueSpecification\",\"valueRequired\":true,\"valueName\":\"search_term_string\"}}],\"inLanguage\":\"en-US\"},{\"@type\":\"Organization\",\"@id\":\"https:\/\/staging.cremiacosmetics.com\/#organization\",\"name\":\"Cremia Cosmetics\",\"url\":\"https:\/\/staging.cremiacosmetics.com\/\",\"logo\":{\"@type\":\"ImageObject\",\"inLanguage\":\"en-US\",\"@id\":\"https:\/\/staging.cremiacosmetics.com\/#\/schema\/logo\/image\/\",\"url\":\"https:\/\/staging.cremiacosmetics.com\/wp-content\/uploads\/2024\/03\/Cremia-logo-15x15mm.svg\",\"contentUrl\":\"https:\/\/staging.cremiacosmetics.com\/wp-content\/uploads\/2024\/03\/Cremia-logo-15x15mm.svg\",\"width\":42,\"height\":42,\"caption\":\"Cremia Cosmetics\"},\"image\":{\"@id\":\"https:\/\/staging.cremiacosmetics.com\/#\/schema\/logo\/image\/\"},\"sameAs\":[\"https:\/\/www.facebook.com\/cremiacosmetics\",\"https:\/\/www.instagram.com\/cremiacosmetics\/\"]}]}<\/script>\n<meta property=\"product:price:amount\" content=\"18990\" \/>\n<meta property=\"product:price:currency\" content=\"HUF\" \/>\n<meta property=\"og:availability\" content=\"instock\" \/>\n<meta property=\"product:availability\" content=\"instock\" \/>\n<meta property=\"product:retailer_item_id\" content=\"C-AC-HU-50\" \/>\n<meta property=\"product:condition\" content=\"new\" \/>\n<!-- \/ Yoast SEO Premium plugin. -->","yoast_head_json":{"title":"Azulene Cream b\u0151rnyugtat\u00f3 arckr\u00e9m 50 ml - Cremia Cosmetics","robots":{"index":"index","follow":"follow","max-snippet":"max-snippet:-1","max-image-preview":"max-image-preview:large","max-video-preview":"max-video-preview:-1"},"canonical":"https:\/\/staging.cremiacosmetics.com\/osszes-termek\/azulene-cream-50ml-bornyugtato-arckrem-azulennel\/","og_locale":"en_US","og_type":"article","og_title":"Azulene Cream b\u0151rnyugtat\u00f3 arckr\u00e9m 50 ml","og_description":"Mi\u00e9rt fogod szeretni ezt a kr\u00e9met?  A zs\u00edros-v\u00edzhi\u00e1nyos b\u0151r \u00e1pol\u00e1sa nem egyszer\u0171. \u00dagy kell hidrat\u00e1lni a b\u0151rt, hogy k\u00f6zben ne csillogjon, ne legyen m\u00e9g olajosabb.\u00a0A visszajelz\u00e9sek igazolj\u00e1k, hogy siker\u00fclt kifejleszten\u00fcnk egy szuper kr\u00e9met, ami ennek a kih\u00edv\u00e1snak megfelel!  Az Azulene Cream egy tisztas\u00e1got id\u00e9z\u0151 friss illat\u00fa kr\u00e9m a pattan\u00e1sos \u00e9s irrit\u00e1lt b\u0151r mindennapi \u00e1pol\u00e1s\u00e1ra. K\u00f6nnyed, gyorsan felsz\u00edv\u00f3dik \u00e9s a g\u00f6r\u00f6gdinnyemag olajnak k\u00f6sz\u00f6nhet\u0151en b\u00e1rsonyos \u00e9s matt \u00e9rzetet biztos\u00edt. A gyullad\u00e1sg\u00e1tl\u00f3 hat\u00e1s\u00e1r\u00f3l ismert cickafarkf\u0171 olaj, az allantoin \u00e9s a kamill\u00e1b\u00f3l kivont bisabolol hat\u00e1sos b\u0151rnyugtat\u00f3k. A shea vaj \u00e9s a ligetsz\u00e9pe olaj kiv\u00e1l\u00f3 t\u00e1pl\u00e1l\u00f3, hidrat\u00e1l\u00f3 \u00f6sszetev\u0151k. Illat\u00e1t \u00e9s sz\u00edn\u00e9t a cickafarkf\u0171 olaj adja.  Reggel-este hidrat\u00e1ld vele arcb\u0151r\u00f6det, gyullad\u00e1scs\u00f6kkent\u0151 n\u00f6v\u00e9nyi hat\u00f3anyagai seg\u00edtenek, hogy \u00e1poltnak \u00e9s magabiztosnak \u00e9rezd magad.  50 ml  H\u0171v\u00f6s helyen t\u00e1roland\u00f3.  &nbsp;","og_url":"https:\/\/staging.cremiacosmetics.com\/osszes-termek\/azulene-cream-50ml-bornyugtato-arckrem-azulennel\/","og_site_name":"Cremia Cosmetics","article_publisher":"https:\/\/www.facebook.com\/cremiacosmetics","article_modified_time":"2025-03-11T08:34:55+00:00","og_image":[{"width":800,"height":800,"url":"https:\/\/staging.cremiacosmetics.com\/wp-content\/uploads\/2024\/03\/Cremia_Azulene-cream_800.jpg","type":"image\/jpeg"}],"twitter_card":"summary_large_image","twitter_misc":{"Price":"18 990&nbsp;&#70;&#116;","Availability":"In stock"},"schema":{"@context":"https:\/\/schema.org","@graph":[{"@type":"WebPage","@id":"https:\/\/staging.cremiacosmetics.com\/osszes-termek\/azulene-cream-50ml-bornyugtato-arckrem-azulennel\/","url":"https:\/\/staging.cremiacosmetics.com\/osszes-termek\/azulene-cream-50ml-bornyugtato-arckrem-azulennel\/","name":"Azulene Cream b\u0151rnyugtat\u00f3 arckr\u00e9m 50 ml - Cremia Cosmetics","isPartOf":{"@id":"https:\/\/staging.cremiacosmetics.com\/#website"},"primaryImageOfPage":{"@id":"https:\/\/staging.cremiacosmetics.com\/osszes-termek\/azulene-cream-50ml-bornyugtato-arckrem-azulennel\/#primaryimage"},"image":{"@id":"https:\/\/staging.cremiacosmetics.com\/osszes-termek\/azulene-cream-50ml-bornyugtato-arckrem-azulennel\/#primaryimage"},"thumbnailUrl":"https:\/\/staging.cremiacosmetics.com\/wp-content\/uploads\/2024\/03\/Cremia_Azulene-cream_800.jpg","datePublished":"2019-09-23T17:22:26+00:00","dateModified":"2025-03-11T08:34:55+00:00","breadcrumb":{"@id":"https:\/\/staging.cremiacosmetics.com\/osszes-termek\/azulene-cream-50ml-bornyugtato-arckrem-azulennel\/#breadcrumb"},"inLanguage":"en-US","potentialAction":[{"@type":"ReadAction","target":["https:\/\/staging.cremiacosmetics.com\/osszes-termek\/azulene-cream-50ml-bornyugtato-arckrem-azulennel\/"]}]},{"@type":"ImageObject","inLanguage":"en-US","@id":"https:\/\/staging.cremiacosmetics.com\/osszes-termek\/azulene-cream-50ml-bornyugtato-arckrem-azulennel\/#primaryimage","url":"https:\/\/staging.cremiacosmetics.com\/wp-content\/uploads\/2024\/03\/Cremia_Azulene-cream_800.jpg","contentUrl":"https:\/\/staging.cremiacosmetics.com\/wp-content\/uploads\/2024\/03\/Cremia_Azulene-cream_800.jpg","width":800,"height":800},{"@type":"BreadcrumbList","@id":"https:\/\/staging.cremiacosmetics.com\/osszes-termek\/azulene-cream-50ml-bornyugtato-arckrem-azulennel\/#breadcrumb","itemListElement":[{"@type":"ListItem","position":1,"name":"Kezd\u0151lap","item":"https:\/\/staging.cremiacosmetics.com\/"},{"@type":"ListItem","position":2,"name":"\u00d6sszes term\u00e9k","item":"https:\/\/staging.cremiacosmetics.com\/?page_id=15931"},{"@type":"ListItem","position":3,"name":"Azulene Cream b\u0151rnyugtat\u00f3 arckr\u00e9m 50 ml"}]},{"@type":"WebSite","@id":"https:\/\/staging.cremiacosmetics.com\/#website","url":"https:\/\/staging.cremiacosmetics.com\/","name":"Cremia Cosmetics","description":"Nature-powered beauty","publisher":{"@id":"https:\/\/staging.cremiacosmetics.com\/#organization"},"potentialAction":[{"@type":"SearchAction","target":{"@type":"EntryPoint","urlTemplate":"https:\/\/staging.cremiacosmetics.com\/?s={search_term_string}"},"query-input":{"@type":"PropertyValueSpecification","valueRequired":true,"valueName":"search_term_string"}}],"inLanguage":"en-US"},{"@type":"Organization","@id":"https:\/\/staging.cremiacosmetics.com\/#organization","name":"Cremia Cosmetics","url":"https:\/\/staging.cremiacosmetics.com\/","logo":{"@type":"ImageObject","inLanguage":"en-US","@id":"https:\/\/staging.cremiacosmetics.com\/#\/schema\/logo\/image\/","url":"https:\/\/staging.cremiacosmetics.com\/wp-content\/uploads\/2024\/03\/Cremia-logo-15x15mm.svg","contentUrl":"https:\/\/staging.cremiacosmetics.com\/wp-content\/uploads\/2024\/03\/Cremia-logo-15x15mm.svg","width":42,"height":42,"caption":"Cremia Cosmetics"},"image":{"@id":"https:\/\/staging.cremiacosmetics.com\/#\/schema\/logo\/image\/"},"sameAs":["https:\/\/www.facebook.com\/cremiacosmetics","https:\/\/www.instagram.com\/cremiacosmetics\/"]}]},"product_price_amount":"18990","product_price_currency":"HUF","og_availability":"instock","product_availability":"instock","product_retailer_item_id":"C-AC-HU-50","product_condition":"new"},"_links":{"self":[{"href":"https:\/\/staging.cremiacosmetics.com\/index.php?rest_route=\/wp\/v2\/product\/16768","targetHints":{"allow":["GET"]}}],"collection":[{"href":"https:\/\/staging.cremiacosmetics.com\/index.php?rest_route=\/wp\/v2\/product"}],"about":[{"href":"https:\/\/staging.cremiacosmetics.com\/index.php?rest_route=\/wp\/v2\/types\/product"}],"replies":[{"embeddable":true,"href":"https:\/\/staging.cremiacosmetics.com\/index.php?rest_route=%2Fwp%2Fv2%2Fcomments&post=16768"}],"version-history":[{"count":1,"href":"https:\/\/staging.cremiacosmetics.com\/index.php?rest_route=\/wp\/v2\/product\/16768\/revisions"}],"predecessor-version":[{"id":34195,"href":"https:\/\/staging.cremiacosmetics.com\/index.php?rest_route=\/wp\/v2\/product\/16768\/revisions\/34195"}],"wp:featuredmedia":[{"embeddable":true,"href":"https:\/\/staging.cremiacosmetics.com\/index.php?rest_route=\/wp\/v2\/media\/33121"}],"wp:attachment":[{"href":"https:\/\/staging.cremiacosmetics.com\/index.php?rest_route=%2Fwp%2Fv2%2Fmedia&parent=16768"}],"wp:term":[{"taxonomy":"product_brand","embeddable":true,"href":"https:\/\/staging.cremiacosmetics.com\/index.php?rest_route=%2Fwp%2Fv2%2Fproduct_brand&post=16768"},{"taxonomy":"product_cat","embeddable":true,"href":"https:\/\/staging.cremiacosmetics.com\/index.php?rest_route=%2Fwp%2Fv2%2Fproduct_cat&post=16768"},{"taxonomy":"product_tag","embeddable":true,"href":"https:\/\/staging.cremiacosmetics.com\/index.php?rest_route=%2Fwp%2Fv2%2Fproduct_tag&post=16768"}],"curies":[{"name":"wp","href":"https:\/\/api.w.org\/{rel}","templated":true}]}}