{"id":16317,"date":"2019-09-17T21:16:19","date_gmt":"2019-09-17T19:16:19","guid":{"rendered":"https:\/\/cremiocosmetics.com\/?post_type=product&#038;p=16317"},"modified":"2025-03-11T09:34:53","modified_gmt":"2025-03-11T08:34:53","slug":"body-butter","status":"publish","type":"product","link":"https:\/\/staging.cremiacosmetics.com\/?product=body-butter","title":{"rendered":"Body Butter hidrat\u00e1l\u00f3 testvaj 200 g"},"content":{"rendered":"<p>\u00d6sszet\u00e9tel: Aqua,Butyrospermum Parkii (Shea) Butter, Coco Caprylate, Cetearyl Olivate,Sorbitan<br \/>\nOlivate,Urea,Stearic Acid,Magnesium stearate, Panthenol, Phenoxyethanol,Ethylhexylglycerin,Ubiquinone<br \/>\n50 and Tocopheryl Acetate and Olive Squalane, parfum (Citronellol, Limonene,Linalool, Geraniol,)<\/p>\n<p>CPNP Reference: 3077751<\/p>\n","protected":false},"excerpt":{"rendered":"<p>Mi\u00e9rt fogod szeretni ezt a term\u00e9ket?<\/p>\n<p>Kr\u00e9mesen hidrat\u00e1l\u00f3 testvaj bevon\u00f3 hat\u00e1s\u00fa shea vajjal, hidrat\u00e1l\u00f3 hat\u00e1s\u00fa ure\u00e1val, regener\u00e1l\u00f3 \u00e9s b\u0151rnyugtat\u00f3 hat\u00e1s\u00fa D-panthenollal. K\u00fcl\u00f6n\u00f6sen aj\u00e1nlott sz\u00e1raz b\u0151rre vagy ny\u00e1ron napoz\u00e1s ut\u00e1n \u00e9jszak\u00e1ra az eg\u00e9sz test \u00e1pol\u00e1s\u00e1ra. K\u00f6nnyen kenhet\u0151, nem t\u00f6m\u00edti el a p\u00f3rusokat.<\/p>\n<p>Aj\u00e1nljuk, hogy f\u00fcrd\u0151z\u00e9s el\u0151tt haszn\u00e1lj Cremia Himalayan Body Scrub himal\u00e1ja s\u00f3s testrad\u00edrt, majd f\u00fcrd\u00e9s ut\u00e1n k\u00e9nyeztesd magad Cremia Body Butter testvajjal.<\/p>\n<p>F\u00fcrd\u00e9s ut\u00e1n a megsz\u00e1r\u00edtott, de m\u00e9g picit nedves b\u0151rre vigy\u00e9l fel k\u00f6rk\u00f6r\u00f6s mozdulatokkal egy adagol\u00f3kan\u00e1lnyi kr\u00e9met a testedre.<\/p>\n<p>200 g<\/p>\n","protected":false},"featured_media":33125,"comment_status":"open","ping_status":"closed","template":"","meta":[],"product_brand":[],"product_cat":[1163,482,294,454],"product_tag":[45,495,503,593,499,497],"class_list":{"0":"post-16317","1":"product","2":"type-product","3":"status-publish","4":"has-post-thumbnail","6":"product_cat-lakossagi-termekek","7":"product_cat-osszes","8":"product_cat-testapolas","9":"product_cat-wellness","10":"product_tag-body","11":"product_tag-butter","12":"product_tag-panthenol","13":"product_tag-shea-vaj-en","14":"product_tag-testapolo","15":"product_tag-testvaj","17":"first","18":"instock","19":"taxable","20":"shipping-taxable","21":"purchasable","22":"product-type-simple"},"bundled_by":["28411"],"bundle_stock_status":"instock","bundle_stock_quantity":null,"bundle_virtual":false,"bundle_layout":"","bundle_add_to_cart_form_location":"","bundle_editable_in_cart":false,"bundle_sold_individually_context":"","bundle_item_grouping":"","bundle_min_size":"","bundle_max_size":"","bundle_price":[],"bundled_items":[],"bundle_sell_ids":[],"yoast_head":"<!-- This site is optimized with the Yoast SEO Premium plugin v24.9 (Yoast SEO v24.9) - https:\/\/yoast.com\/wordpress\/plugins\/seo\/ -->\n<title>Body Butter hidrat\u00e1l\u00f3 testvaj 200 g - Cremia Cosmetics<\/title>\n<meta name=\"robots\" content=\"index, follow, max-snippet:-1, max-image-preview:large, max-video-preview:-1\" \/>\n<link rel=\"canonical\" href=\"https:\/\/staging.cremiacosmetics.com\/osszes-termek\/body-butter\/\" \/>\n<meta property=\"og:locale\" content=\"en_US\" \/>\n<meta property=\"og:type\" content=\"article\" \/>\n<meta property=\"og:title\" content=\"Body Butter hidrat\u00e1l\u00f3 testvaj 200 g\" \/>\n<meta property=\"og:description\" content=\"Mi\u00e9rt fogod szeretni ezt a term\u00e9ket?  Kr\u00e9mesen hidrat\u00e1l\u00f3 testvaj bevon\u00f3 hat\u00e1s\u00fa shea vajjal, hidrat\u00e1l\u00f3 hat\u00e1s\u00fa ure\u00e1val, regener\u00e1l\u00f3 \u00e9s b\u0151rnyugtat\u00f3 hat\u00e1s\u00fa D-panthenollal. K\u00fcl\u00f6n\u00f6sen aj\u00e1nlott sz\u00e1raz b\u0151rre vagy ny\u00e1ron napoz\u00e1s ut\u00e1n \u00e9jszak\u00e1ra az eg\u00e9sz test \u00e1pol\u00e1s\u00e1ra. K\u00f6nnyen kenhet\u0151, nem t\u00f6m\u00edti el a p\u00f3rusokat.  Aj\u00e1nljuk, hogy f\u00fcrd\u0151z\u00e9s el\u0151tt haszn\u00e1lj Cremia Himalayan Body Scrub himal\u00e1ja s\u00f3s testrad\u00edrt, majd f\u00fcrd\u00e9s ut\u00e1n k\u00e9nyeztesd magad Cremia Body Butter testvajjal.  F\u00fcrd\u00e9s ut\u00e1n a megsz\u00e1r\u00edtott, de m\u00e9g picit nedves b\u0151rre vigy\u00e9l fel k\u00f6rk\u00f6r\u00f6s mozdulatokkal egy adagol\u00f3kan\u00e1lnyi kr\u00e9met a testedre.  200 g\" \/>\n<meta property=\"og:url\" content=\"https:\/\/staging.cremiacosmetics.com\/osszes-termek\/body-butter\/\" \/>\n<meta property=\"og:site_name\" content=\"Cremia Cosmetics\" \/>\n<meta property=\"article:publisher\" content=\"https:\/\/www.facebook.com\/cremiacosmetics\" \/>\n<meta property=\"article:modified_time\" content=\"2025-03-11T08:34:53+00:00\" \/>\n<meta property=\"og:image\" content=\"https:\/\/staging.cremiacosmetics.com\/wp-content\/uploads\/2024\/03\/Cremia_Body-Butter_800.jpg\" \/>\n\t<meta property=\"og:image:width\" content=\"800\" \/>\n\t<meta property=\"og:image:height\" content=\"800\" \/>\n\t<meta property=\"og:image:type\" content=\"image\/jpeg\" \/>\n<meta name=\"twitter:card\" content=\"summary_large_image\" \/>\n<meta name=\"twitter:label1\" content=\"Price\" \/>\n\t<meta name=\"twitter:data1\" content=\"8 990&nbsp;&#070;&#116;\" \/>\n\t<meta name=\"twitter:label2\" content=\"Availability\" \/>\n\t<meta name=\"twitter:data2\" content=\"In stock\" \/>\n<script type=\"application\/ld+json\" class=\"yoast-schema-graph\">{\"@context\":\"https:\/\/schema.org\",\"@graph\":[{\"@type\":\"WebPage\",\"@id\":\"https:\/\/staging.cremiacosmetics.com\/osszes-termek\/body-butter\/\",\"url\":\"https:\/\/staging.cremiacosmetics.com\/osszes-termek\/body-butter\/\",\"name\":\"Body Butter hidrat\u00e1l\u00f3 testvaj 200 g - Cremia Cosmetics\",\"isPartOf\":{\"@id\":\"https:\/\/staging.cremiacosmetics.com\/#website\"},\"primaryImageOfPage\":{\"@id\":\"https:\/\/staging.cremiacosmetics.com\/osszes-termek\/body-butter\/#primaryimage\"},\"image\":{\"@id\":\"https:\/\/staging.cremiacosmetics.com\/osszes-termek\/body-butter\/#primaryimage\"},\"thumbnailUrl\":\"https:\/\/staging.cremiacosmetics.com\/wp-content\/uploads\/2024\/03\/Cremia_Body-Butter_800.jpg\",\"datePublished\":\"2019-09-17T19:16:19+00:00\",\"dateModified\":\"2025-03-11T08:34:53+00:00\",\"breadcrumb\":{\"@id\":\"https:\/\/staging.cremiacosmetics.com\/osszes-termek\/body-butter\/#breadcrumb\"},\"inLanguage\":\"en-US\",\"potentialAction\":[{\"@type\":\"ReadAction\",\"target\":[\"https:\/\/staging.cremiacosmetics.com\/osszes-termek\/body-butter\/\"]}]},{\"@type\":\"ImageObject\",\"inLanguage\":\"en-US\",\"@id\":\"https:\/\/staging.cremiacosmetics.com\/osszes-termek\/body-butter\/#primaryimage\",\"url\":\"https:\/\/staging.cremiacosmetics.com\/wp-content\/uploads\/2024\/03\/Cremia_Body-Butter_800.jpg\",\"contentUrl\":\"https:\/\/staging.cremiacosmetics.com\/wp-content\/uploads\/2024\/03\/Cremia_Body-Butter_800.jpg\",\"width\":800,\"height\":800,\"caption\":\"Cremia Body Butter\"},{\"@type\":\"BreadcrumbList\",\"@id\":\"https:\/\/staging.cremiacosmetics.com\/osszes-termek\/body-butter\/#breadcrumb\",\"itemListElement\":[{\"@type\":\"ListItem\",\"position\":1,\"name\":\"Kezd\u0151lap\",\"item\":\"https:\/\/staging.cremiacosmetics.com\/\"},{\"@type\":\"ListItem\",\"position\":2,\"name\":\"\u00d6sszes term\u00e9k\",\"item\":\"https:\/\/staging.cremiacosmetics.com\/?page_id=15931\"},{\"@type\":\"ListItem\",\"position\":3,\"name\":\"Body Butter hidrat\u00e1l\u00f3 testvaj 200 g\"}]},{\"@type\":\"WebSite\",\"@id\":\"https:\/\/staging.cremiacosmetics.com\/#website\",\"url\":\"https:\/\/staging.cremiacosmetics.com\/\",\"name\":\"Cremia Cosmetics\",\"description\":\"Nature-powered beauty\",\"publisher\":{\"@id\":\"https:\/\/staging.cremiacosmetics.com\/#organization\"},\"potentialAction\":[{\"@type\":\"SearchAction\",\"target\":{\"@type\":\"EntryPoint\",\"urlTemplate\":\"https:\/\/staging.cremiacosmetics.com\/?s={search_term_string}\"},\"query-input\":{\"@type\":\"PropertyValueSpecification\",\"valueRequired\":true,\"valueName\":\"search_term_string\"}}],\"inLanguage\":\"en-US\"},{\"@type\":\"Organization\",\"@id\":\"https:\/\/staging.cremiacosmetics.com\/#organization\",\"name\":\"Cremia Cosmetics\",\"url\":\"https:\/\/staging.cremiacosmetics.com\/\",\"logo\":{\"@type\":\"ImageObject\",\"inLanguage\":\"en-US\",\"@id\":\"https:\/\/staging.cremiacosmetics.com\/#\/schema\/logo\/image\/\",\"url\":\"https:\/\/staging.cremiacosmetics.com\/wp-content\/uploads\/2024\/03\/Cremia-logo-15x15mm.svg\",\"contentUrl\":\"https:\/\/staging.cremiacosmetics.com\/wp-content\/uploads\/2024\/03\/Cremia-logo-15x15mm.svg\",\"width\":42,\"height\":42,\"caption\":\"Cremia Cosmetics\"},\"image\":{\"@id\":\"https:\/\/staging.cremiacosmetics.com\/#\/schema\/logo\/image\/\"},\"sameAs\":[\"https:\/\/www.facebook.com\/cremiacosmetics\",\"https:\/\/www.instagram.com\/cremiacosmetics\/\"]}]}<\/script>\n<meta property=\"product:price:amount\" content=\"8990\" \/>\n<meta property=\"product:price:currency\" content=\"HUF\" \/>\n<meta property=\"og:availability\" content=\"instock\" \/>\n<meta property=\"product:availability\" content=\"instock\" \/>\n<meta property=\"product:retailer_item_id\" content=\"C-BB-HU-200\" \/>\n<meta property=\"product:condition\" content=\"new\" \/>\n<!-- \/ Yoast SEO Premium plugin. -->","yoast_head_json":{"title":"Body Butter hidrat\u00e1l\u00f3 testvaj 200 g - Cremia Cosmetics","robots":{"index":"index","follow":"follow","max-snippet":"max-snippet:-1","max-image-preview":"max-image-preview:large","max-video-preview":"max-video-preview:-1"},"canonical":"https:\/\/staging.cremiacosmetics.com\/osszes-termek\/body-butter\/","og_locale":"en_US","og_type":"article","og_title":"Body Butter hidrat\u00e1l\u00f3 testvaj 200 g","og_description":"Mi\u00e9rt fogod szeretni ezt a term\u00e9ket?  Kr\u00e9mesen hidrat\u00e1l\u00f3 testvaj bevon\u00f3 hat\u00e1s\u00fa shea vajjal, hidrat\u00e1l\u00f3 hat\u00e1s\u00fa ure\u00e1val, regener\u00e1l\u00f3 \u00e9s b\u0151rnyugtat\u00f3 hat\u00e1s\u00fa D-panthenollal. K\u00fcl\u00f6n\u00f6sen aj\u00e1nlott sz\u00e1raz b\u0151rre vagy ny\u00e1ron napoz\u00e1s ut\u00e1n \u00e9jszak\u00e1ra az eg\u00e9sz test \u00e1pol\u00e1s\u00e1ra. K\u00f6nnyen kenhet\u0151, nem t\u00f6m\u00edti el a p\u00f3rusokat.  Aj\u00e1nljuk, hogy f\u00fcrd\u0151z\u00e9s el\u0151tt haszn\u00e1lj Cremia Himalayan Body Scrub himal\u00e1ja s\u00f3s testrad\u00edrt, majd f\u00fcrd\u00e9s ut\u00e1n k\u00e9nyeztesd magad Cremia Body Butter testvajjal.  F\u00fcrd\u00e9s ut\u00e1n a megsz\u00e1r\u00edtott, de m\u00e9g picit nedves b\u0151rre vigy\u00e9l fel k\u00f6rk\u00f6r\u00f6s mozdulatokkal egy adagol\u00f3kan\u00e1lnyi kr\u00e9met a testedre.  200 g","og_url":"https:\/\/staging.cremiacosmetics.com\/osszes-termek\/body-butter\/","og_site_name":"Cremia Cosmetics","article_publisher":"https:\/\/www.facebook.com\/cremiacosmetics","article_modified_time":"2025-03-11T08:34:53+00:00","og_image":[{"width":800,"height":800,"url":"https:\/\/staging.cremiacosmetics.com\/wp-content\/uploads\/2024\/03\/Cremia_Body-Butter_800.jpg","type":"image\/jpeg"}],"twitter_card":"summary_large_image","twitter_misc":{"Price":"8 990&nbsp;&#70;&#116;","Availability":"In stock"},"schema":{"@context":"https:\/\/schema.org","@graph":[{"@type":"WebPage","@id":"https:\/\/staging.cremiacosmetics.com\/osszes-termek\/body-butter\/","url":"https:\/\/staging.cremiacosmetics.com\/osszes-termek\/body-butter\/","name":"Body Butter hidrat\u00e1l\u00f3 testvaj 200 g - Cremia Cosmetics","isPartOf":{"@id":"https:\/\/staging.cremiacosmetics.com\/#website"},"primaryImageOfPage":{"@id":"https:\/\/staging.cremiacosmetics.com\/osszes-termek\/body-butter\/#primaryimage"},"image":{"@id":"https:\/\/staging.cremiacosmetics.com\/osszes-termek\/body-butter\/#primaryimage"},"thumbnailUrl":"https:\/\/staging.cremiacosmetics.com\/wp-content\/uploads\/2024\/03\/Cremia_Body-Butter_800.jpg","datePublished":"2019-09-17T19:16:19+00:00","dateModified":"2025-03-11T08:34:53+00:00","breadcrumb":{"@id":"https:\/\/staging.cremiacosmetics.com\/osszes-termek\/body-butter\/#breadcrumb"},"inLanguage":"en-US","potentialAction":[{"@type":"ReadAction","target":["https:\/\/staging.cremiacosmetics.com\/osszes-termek\/body-butter\/"]}]},{"@type":"ImageObject","inLanguage":"en-US","@id":"https:\/\/staging.cremiacosmetics.com\/osszes-termek\/body-butter\/#primaryimage","url":"https:\/\/staging.cremiacosmetics.com\/wp-content\/uploads\/2024\/03\/Cremia_Body-Butter_800.jpg","contentUrl":"https:\/\/staging.cremiacosmetics.com\/wp-content\/uploads\/2024\/03\/Cremia_Body-Butter_800.jpg","width":800,"height":800,"caption":"Cremia Body Butter"},{"@type":"BreadcrumbList","@id":"https:\/\/staging.cremiacosmetics.com\/osszes-termek\/body-butter\/#breadcrumb","itemListElement":[{"@type":"ListItem","position":1,"name":"Kezd\u0151lap","item":"https:\/\/staging.cremiacosmetics.com\/"},{"@type":"ListItem","position":2,"name":"\u00d6sszes term\u00e9k","item":"https:\/\/staging.cremiacosmetics.com\/?page_id=15931"},{"@type":"ListItem","position":3,"name":"Body Butter hidrat\u00e1l\u00f3 testvaj 200 g"}]},{"@type":"WebSite","@id":"https:\/\/staging.cremiacosmetics.com\/#website","url":"https:\/\/staging.cremiacosmetics.com\/","name":"Cremia Cosmetics","description":"Nature-powered beauty","publisher":{"@id":"https:\/\/staging.cremiacosmetics.com\/#organization"},"potentialAction":[{"@type":"SearchAction","target":{"@type":"EntryPoint","urlTemplate":"https:\/\/staging.cremiacosmetics.com\/?s={search_term_string}"},"query-input":{"@type":"PropertyValueSpecification","valueRequired":true,"valueName":"search_term_string"}}],"inLanguage":"en-US"},{"@type":"Organization","@id":"https:\/\/staging.cremiacosmetics.com\/#organization","name":"Cremia Cosmetics","url":"https:\/\/staging.cremiacosmetics.com\/","logo":{"@type":"ImageObject","inLanguage":"en-US","@id":"https:\/\/staging.cremiacosmetics.com\/#\/schema\/logo\/image\/","url":"https:\/\/staging.cremiacosmetics.com\/wp-content\/uploads\/2024\/03\/Cremia-logo-15x15mm.svg","contentUrl":"https:\/\/staging.cremiacosmetics.com\/wp-content\/uploads\/2024\/03\/Cremia-logo-15x15mm.svg","width":42,"height":42,"caption":"Cremia Cosmetics"},"image":{"@id":"https:\/\/staging.cremiacosmetics.com\/#\/schema\/logo\/image\/"},"sameAs":["https:\/\/www.facebook.com\/cremiacosmetics","https:\/\/www.instagram.com\/cremiacosmetics\/"]}]},"product_price_amount":"8990","product_price_currency":"HUF","og_availability":"instock","product_availability":"instock","product_retailer_item_id":"C-BB-HU-200","product_condition":"new"},"_links":{"self":[{"href":"https:\/\/staging.cremiacosmetics.com\/index.php?rest_route=\/wp\/v2\/product\/16317","targetHints":{"allow":["GET"]}}],"collection":[{"href":"https:\/\/staging.cremiacosmetics.com\/index.php?rest_route=\/wp\/v2\/product"}],"about":[{"href":"https:\/\/staging.cremiacosmetics.com\/index.php?rest_route=\/wp\/v2\/types\/product"}],"replies":[{"embeddable":true,"href":"https:\/\/staging.cremiacosmetics.com\/index.php?rest_route=%2Fwp%2Fv2%2Fcomments&post=16317"}],"version-history":[{"count":2,"href":"https:\/\/staging.cremiacosmetics.com\/index.php?rest_route=\/wp\/v2\/product\/16317\/revisions"}],"predecessor-version":[{"id":34507,"href":"https:\/\/staging.cremiacosmetics.com\/index.php?rest_route=\/wp\/v2\/product\/16317\/revisions\/34507"}],"wp:featuredmedia":[{"embeddable":true,"href":"https:\/\/staging.cremiacosmetics.com\/index.php?rest_route=\/wp\/v2\/media\/33125"}],"wp:attachment":[{"href":"https:\/\/staging.cremiacosmetics.com\/index.php?rest_route=%2Fwp%2Fv2%2Fmedia&parent=16317"}],"wp:term":[{"taxonomy":"product_brand","embeddable":true,"href":"https:\/\/staging.cremiacosmetics.com\/index.php?rest_route=%2Fwp%2Fv2%2Fproduct_brand&post=16317"},{"taxonomy":"product_cat","embeddable":true,"href":"https:\/\/staging.cremiacosmetics.com\/index.php?rest_route=%2Fwp%2Fv2%2Fproduct_cat&post=16317"},{"taxonomy":"product_tag","embeddable":true,"href":"https:\/\/staging.cremiacosmetics.com\/index.php?rest_route=%2Fwp%2Fv2%2Fproduct_tag&post=16317"}],"curies":[{"name":"wp","href":"https:\/\/api.w.org\/{rel}","templated":true}]}}