{"id":12660,"date":"2019-04-05T17:45:22","date_gmt":"2019-04-05T15:45:22","guid":{"rendered":"https:\/\/cremiocosmetics.com\/?post_type=product&#038;p=12660"},"modified":"2025-03-11T09:34:49","modified_gmt":"2025-03-11T08:34:49","slug":"silky-touch-body-milk","status":"publish","type":"product","link":"https:\/\/staging.cremiacosmetics.com\/?product=silky-touch-body-milk","title":{"rendered":"Silky Touch test\u00e1pol\u00f3 tej cherry blossom 200 ml"},"content":{"rendered":"<p><strong>\u00c9rt\u00e9kes hat\u00f3anyagok:<\/strong><\/p>\n<ul>\n<li><strong>Arg\u00e1n olaj<\/strong>: b\u00e1rsonyos b\u0151r\u00e9rzetet ny\u00fajt\u00f3, k\u00e9nyeztet\u0151, t\u00e1pl\u00e1l\u00f3 olaj,\u00a0 Az arg\u00e1n egy Marokk\u00f3ban honos fa, melynek \u00e9lettartama 200 \u00e9v is lehet, olaj\u00e1t a fa gy\u00fcm\u00f6lcs\u00e9b\u0151l pr\u00e9selik. Antioxid\u00e1nsokban gazdag olaj &#8211; t\u00e1pl\u00e1l\u00f3, regener\u00e1l\u00f3 hat\u00e1s\u00fa, g\u00e1tolja a b\u0151r \u00e9lettani \u00f6reged\u00e9s\u00e9t, fiatalosabb, feszesebb \u00e9s s\u00edm\u00e1bb kin\u00e9zetet k\u00f6lcs\u00f6n\u00f6z a b\u0151rnek.<\/li>\n<li><strong>Szkval\u00e9n:<\/strong> Oliva olajb\u00f3l nyerik, a b\u0151r term\u00e9szetes alkot\u00f3eleme, serkenti a b\u0151r regener\u00e1l\u00f3d\u00f3 k\u00e9pess\u00e9g\u00e9t, kellemes \u00e9rzetet hagy a b\u0151r\u00f6n<\/li>\n<li><strong>E-vitamin<\/strong>: antioxid\u00e1ns hat\u00e1s\u00e1r\u00f3l ismert, a b\u0151rt \u00e9r\u0151 oxidat\u00edv k\u00e1rosod\u00e1sok megel\u0151z\u00e9s\u00e9re javasolt olaj<\/li>\n<\/ul>\n<p>CPNP Reference: 2707585<\/p>\n","protected":false},"excerpt":{"rendered":"<p>Mi\u00e9rt fogod szeretni ezt a term\u00e9ket?<\/p>\n<p>Nagyon finom, n\u0151ies illat\u00fa, selymes tapint\u00e1st, p\u00faderes ut\u00f3\u00e9rzetet ny\u00fajt\u00f3, k\u00f6nnyed test\u00e1pol\u00f3 tej. A t\u00f6bbsz\u00f6r\u00f6sen tel\u00edtetlen esszenci\u00e1lis zs\u00edrsavakban, tokoferolokban, szterinekben \u00e9s fenolos antioxid\u00e1nsokban gazdag arg\u00e1n olajnak, az oliva olajb\u00f3l sz\u00e1rmaz\u00f3 szkval\u00e1nnak \u00e9s az antioxid\u00e1ns E-vitaminnak k\u00f6sz\u00f6nhet\u0151en seg\u00edti a b\u0151r term\u00e9szetes regener\u00e1l\u00f3d\u00f3 k\u00e9pess\u00e9g\u00e9t, t\u00e1pl\u00e1lja \u00e9s hidrat\u00e1lja a b\u0151rsz\u00f6veteket. Cs\u00f6kkenti a b\u0151r kisz\u00e1rad\u00e1si hajlam\u00e1t, m\u00e9rs\u00e9kli a h\u00e1ml\u00e1st. Kit\u0171n\u0151en kombin\u00e1lhat\u00f3 a Cremia olaj- \u00e9s v\u00edzb\u00e1zis\u00fa sz\u00e9rumaival.<\/p>\n<p>F\u00fcrd\u00e9s ut\u00e1n reggel \u00e9s este aj\u00e1nljuk, massz\u00edrozz b\u0151r\u00f6dbe 2-3 pump\u00e1l\u00e1snyi test\u00e1pol\u00f3t \u00e9s \u00e9lvezd a gyors hidrat\u00e1l\u00f3 hat\u00e1s\u00e1t!<\/p>\n<p>Kecses \u00e9s praktikus pump\u00e1s flakonba csomagoltuk.<\/p>\n<p>200 ml<\/p>\n<p>&nbsp;<\/p>\n","protected":false},"featured_media":33199,"comment_status":"open","ping_status":"closed","template":"","meta":[],"product_brand":[],"product_cat":[1163,482,294],"product_tag":[],"class_list":{"0":"post-12660","1":"product","2":"type-product","3":"status-publish","4":"has-post-thumbnail","6":"product_cat-lakossagi-termekek","7":"product_cat-osszes","8":"product_cat-testapolas","10":"first","11":"instock","12":"taxable","13":"shipping-taxable","14":"purchasable","15":"product-type-simple"},"bundled_by":[],"bundle_stock_status":"instock","bundle_stock_quantity":null,"bundle_virtual":false,"bundle_layout":"","bundle_add_to_cart_form_location":"","bundle_editable_in_cart":false,"bundle_sold_individually_context":"","bundle_item_grouping":"","bundle_min_size":"","bundle_max_size":"","bundle_price":[],"bundled_items":[],"bundle_sell_ids":[],"yoast_head":"<!-- This site is optimized with the Yoast SEO Premium plugin v24.9 (Yoast SEO v24.9) - https:\/\/yoast.com\/wordpress\/plugins\/seo\/ -->\n<title>Silky Touch test\u00e1pol\u00f3 tej cherry blossom 200 ml - Cremia Cosmetics<\/title>\n<meta name=\"robots\" content=\"index, follow, max-snippet:-1, max-image-preview:large, max-video-preview:-1\" \/>\n<link rel=\"canonical\" href=\"https:\/\/staging.cremiacosmetics.com\/osszes-termek\/silky-touch-body-milk\/\" \/>\n<meta property=\"og:locale\" content=\"en_US\" \/>\n<meta property=\"og:type\" content=\"article\" \/>\n<meta property=\"og:title\" content=\"Silky Touch test\u00e1pol\u00f3 tej cherry blossom 200 ml\" \/>\n<meta property=\"og:description\" content=\"Mi\u00e9rt fogod szeretni ezt a term\u00e9ket?  Nagyon finom, n\u0151ies illat\u00fa, selymes tapint\u00e1st, p\u00faderes ut\u00f3\u00e9rzetet ny\u00fajt\u00f3, k\u00f6nnyed test\u00e1pol\u00f3 tej. A t\u00f6bbsz\u00f6r\u00f6sen tel\u00edtetlen esszenci\u00e1lis zs\u00edrsavakban, tokoferolokban, szterinekben \u00e9s fenolos antioxid\u00e1nsokban gazdag arg\u00e1n olajnak, az oliva olajb\u00f3l sz\u00e1rmaz\u00f3 szkval\u00e1nnak \u00e9s az antioxid\u00e1ns E-vitaminnak k\u00f6sz\u00f6nhet\u0151en seg\u00edti a b\u0151r term\u00e9szetes regener\u00e1l\u00f3d\u00f3 k\u00e9pess\u00e9g\u00e9t, t\u00e1pl\u00e1lja \u00e9s hidrat\u00e1lja a b\u0151rsz\u00f6veteket. Cs\u00f6kkenti a b\u0151r kisz\u00e1rad\u00e1si hajlam\u00e1t, m\u00e9rs\u00e9kli a h\u00e1ml\u00e1st. Kit\u0171n\u0151en kombin\u00e1lhat\u00f3 a Cremia olaj- \u00e9s v\u00edzb\u00e1zis\u00fa sz\u00e9rumaival.  F\u00fcrd\u00e9s ut\u00e1n reggel \u00e9s este aj\u00e1nljuk, massz\u00edrozz b\u0151r\u00f6dbe 2-3 pump\u00e1l\u00e1snyi test\u00e1pol\u00f3t \u00e9s \u00e9lvezd a gyors hidrat\u00e1l\u00f3 hat\u00e1s\u00e1t!  Kecses \u00e9s praktikus pump\u00e1s flakonba csomagoltuk.  200 ml  &nbsp;\" \/>\n<meta property=\"og:url\" content=\"https:\/\/staging.cremiacosmetics.com\/osszes-termek\/silky-touch-body-milk\/\" \/>\n<meta property=\"og:site_name\" content=\"Cremia Cosmetics\" \/>\n<meta property=\"article:publisher\" content=\"https:\/\/www.facebook.com\/cremiacosmetics\" \/>\n<meta property=\"article:modified_time\" content=\"2025-03-11T08:34:49+00:00\" \/>\n<meta property=\"og:image\" content=\"https:\/\/staging.cremiacosmetics.com\/wp-content\/uploads\/2024\/03\/Cremia_silky-Touch-cherry_800.jpg\" \/>\n\t<meta property=\"og:image:width\" content=\"800\" \/>\n\t<meta property=\"og:image:height\" content=\"800\" \/>\n\t<meta property=\"og:image:type\" content=\"image\/jpeg\" \/>\n<meta name=\"twitter:card\" content=\"summary_large_image\" \/>\n<meta name=\"twitter:label1\" content=\"Price\" \/>\n\t<meta name=\"twitter:data1\" content=\"8 990&nbsp;&#070;&#116;\" \/>\n\t<meta name=\"twitter:label2\" content=\"Availability\" \/>\n\t<meta name=\"twitter:data2\" content=\"In stock\" \/>\n<script type=\"application\/ld+json\" class=\"yoast-schema-graph\">{\"@context\":\"https:\/\/schema.org\",\"@graph\":[{\"@type\":\"WebPage\",\"@id\":\"https:\/\/staging.cremiacosmetics.com\/osszes-termek\/silky-touch-body-milk\/\",\"url\":\"https:\/\/staging.cremiacosmetics.com\/osszes-termek\/silky-touch-body-milk\/\",\"name\":\"Silky Touch test\u00e1pol\u00f3 tej cherry blossom 200 ml - Cremia Cosmetics\",\"isPartOf\":{\"@id\":\"https:\/\/staging.cremiacosmetics.com\/#website\"},\"primaryImageOfPage\":{\"@id\":\"https:\/\/staging.cremiacosmetics.com\/osszes-termek\/silky-touch-body-milk\/#primaryimage\"},\"image\":{\"@id\":\"https:\/\/staging.cremiacosmetics.com\/osszes-termek\/silky-touch-body-milk\/#primaryimage\"},\"thumbnailUrl\":\"https:\/\/staging.cremiacosmetics.com\/wp-content\/uploads\/2024\/03\/Cremia_silky-Touch-cherry_800.jpg\",\"datePublished\":\"2019-04-05T15:45:22+00:00\",\"dateModified\":\"2025-03-11T08:34:49+00:00\",\"breadcrumb\":{\"@id\":\"https:\/\/staging.cremiacosmetics.com\/osszes-termek\/silky-touch-body-milk\/#breadcrumb\"},\"inLanguage\":\"en-US\",\"potentialAction\":[{\"@type\":\"ReadAction\",\"target\":[\"https:\/\/staging.cremiacosmetics.com\/osszes-termek\/silky-touch-body-milk\/\"]}]},{\"@type\":\"ImageObject\",\"inLanguage\":\"en-US\",\"@id\":\"https:\/\/staging.cremiacosmetics.com\/osszes-termek\/silky-touch-body-milk\/#primaryimage\",\"url\":\"https:\/\/staging.cremiacosmetics.com\/wp-content\/uploads\/2024\/03\/Cremia_silky-Touch-cherry_800.jpg\",\"contentUrl\":\"https:\/\/staging.cremiacosmetics.com\/wp-content\/uploads\/2024\/03\/Cremia_silky-Touch-cherry_800.jpg\",\"width\":800,\"height\":800,\"caption\":\"Cremia silky Touch cherry\"},{\"@type\":\"BreadcrumbList\",\"@id\":\"https:\/\/staging.cremiacosmetics.com\/osszes-termek\/silky-touch-body-milk\/#breadcrumb\",\"itemListElement\":[{\"@type\":\"ListItem\",\"position\":1,\"name\":\"Kezd\u0151lap\",\"item\":\"https:\/\/staging.cremiacosmetics.com\/\"},{\"@type\":\"ListItem\",\"position\":2,\"name\":\"\u00d6sszes term\u00e9k\",\"item\":\"https:\/\/staging.cremiacosmetics.com\/?page_id=15931\"},{\"@type\":\"ListItem\",\"position\":3,\"name\":\"Silky Touch test\u00e1pol\u00f3 tej cherry blossom 200 ml\"}]},{\"@type\":\"WebSite\",\"@id\":\"https:\/\/staging.cremiacosmetics.com\/#website\",\"url\":\"https:\/\/staging.cremiacosmetics.com\/\",\"name\":\"Cremia Cosmetics\",\"description\":\"Nature-powered beauty\",\"publisher\":{\"@id\":\"https:\/\/staging.cremiacosmetics.com\/#organization\"},\"potentialAction\":[{\"@type\":\"SearchAction\",\"target\":{\"@type\":\"EntryPoint\",\"urlTemplate\":\"https:\/\/staging.cremiacosmetics.com\/?s={search_term_string}\"},\"query-input\":{\"@type\":\"PropertyValueSpecification\",\"valueRequired\":true,\"valueName\":\"search_term_string\"}}],\"inLanguage\":\"en-US\"},{\"@type\":\"Organization\",\"@id\":\"https:\/\/staging.cremiacosmetics.com\/#organization\",\"name\":\"Cremia Cosmetics\",\"url\":\"https:\/\/staging.cremiacosmetics.com\/\",\"logo\":{\"@type\":\"ImageObject\",\"inLanguage\":\"en-US\",\"@id\":\"https:\/\/staging.cremiacosmetics.com\/#\/schema\/logo\/image\/\",\"url\":\"https:\/\/staging.cremiacosmetics.com\/wp-content\/uploads\/2024\/03\/Cremia-logo-15x15mm.svg\",\"contentUrl\":\"https:\/\/staging.cremiacosmetics.com\/wp-content\/uploads\/2024\/03\/Cremia-logo-15x15mm.svg\",\"width\":42,\"height\":42,\"caption\":\"Cremia Cosmetics\"},\"image\":{\"@id\":\"https:\/\/staging.cremiacosmetics.com\/#\/schema\/logo\/image\/\"},\"sameAs\":[\"https:\/\/www.facebook.com\/cremiacosmetics\",\"https:\/\/www.instagram.com\/cremiacosmetics\/\"]}]}<\/script>\n<meta property=\"product:price:amount\" content=\"8990\" \/>\n<meta property=\"product:price:currency\" content=\"HUF\" \/>\n<meta property=\"og:availability\" content=\"instock\" \/>\n<meta property=\"product:availability\" content=\"instock\" \/>\n<meta property=\"product:retailer_item_id\" content=\"C-STCh-HU-200\" \/>\n<meta property=\"product:condition\" content=\"new\" \/>\n<!-- \/ Yoast SEO Premium plugin. -->","yoast_head_json":{"title":"Silky Touch test\u00e1pol\u00f3 tej cherry blossom 200 ml - Cremia Cosmetics","robots":{"index":"index","follow":"follow","max-snippet":"max-snippet:-1","max-image-preview":"max-image-preview:large","max-video-preview":"max-video-preview:-1"},"canonical":"https:\/\/staging.cremiacosmetics.com\/osszes-termek\/silky-touch-body-milk\/","og_locale":"en_US","og_type":"article","og_title":"Silky Touch test\u00e1pol\u00f3 tej cherry blossom 200 ml","og_description":"Mi\u00e9rt fogod szeretni ezt a term\u00e9ket?  Nagyon finom, n\u0151ies illat\u00fa, selymes tapint\u00e1st, p\u00faderes ut\u00f3\u00e9rzetet ny\u00fajt\u00f3, k\u00f6nnyed test\u00e1pol\u00f3 tej. A t\u00f6bbsz\u00f6r\u00f6sen tel\u00edtetlen esszenci\u00e1lis zs\u00edrsavakban, tokoferolokban, szterinekben \u00e9s fenolos antioxid\u00e1nsokban gazdag arg\u00e1n olajnak, az oliva olajb\u00f3l sz\u00e1rmaz\u00f3 szkval\u00e1nnak \u00e9s az antioxid\u00e1ns E-vitaminnak k\u00f6sz\u00f6nhet\u0151en seg\u00edti a b\u0151r term\u00e9szetes regener\u00e1l\u00f3d\u00f3 k\u00e9pess\u00e9g\u00e9t, t\u00e1pl\u00e1lja \u00e9s hidrat\u00e1lja a b\u0151rsz\u00f6veteket. Cs\u00f6kkenti a b\u0151r kisz\u00e1rad\u00e1si hajlam\u00e1t, m\u00e9rs\u00e9kli a h\u00e1ml\u00e1st. Kit\u0171n\u0151en kombin\u00e1lhat\u00f3 a Cremia olaj- \u00e9s v\u00edzb\u00e1zis\u00fa sz\u00e9rumaival.  F\u00fcrd\u00e9s ut\u00e1n reggel \u00e9s este aj\u00e1nljuk, massz\u00edrozz b\u0151r\u00f6dbe 2-3 pump\u00e1l\u00e1snyi test\u00e1pol\u00f3t \u00e9s \u00e9lvezd a gyors hidrat\u00e1l\u00f3 hat\u00e1s\u00e1t!  Kecses \u00e9s praktikus pump\u00e1s flakonba csomagoltuk.  200 ml  &nbsp;","og_url":"https:\/\/staging.cremiacosmetics.com\/osszes-termek\/silky-touch-body-milk\/","og_site_name":"Cremia Cosmetics","article_publisher":"https:\/\/www.facebook.com\/cremiacosmetics","article_modified_time":"2025-03-11T08:34:49+00:00","og_image":[{"width":800,"height":800,"url":"https:\/\/staging.cremiacosmetics.com\/wp-content\/uploads\/2024\/03\/Cremia_silky-Touch-cherry_800.jpg","type":"image\/jpeg"}],"twitter_card":"summary_large_image","twitter_misc":{"Price":"8 990&nbsp;&#70;&#116;","Availability":"In stock"},"schema":{"@context":"https:\/\/schema.org","@graph":[{"@type":"WebPage","@id":"https:\/\/staging.cremiacosmetics.com\/osszes-termek\/silky-touch-body-milk\/","url":"https:\/\/staging.cremiacosmetics.com\/osszes-termek\/silky-touch-body-milk\/","name":"Silky Touch test\u00e1pol\u00f3 tej cherry blossom 200 ml - Cremia Cosmetics","isPartOf":{"@id":"https:\/\/staging.cremiacosmetics.com\/#website"},"primaryImageOfPage":{"@id":"https:\/\/staging.cremiacosmetics.com\/osszes-termek\/silky-touch-body-milk\/#primaryimage"},"image":{"@id":"https:\/\/staging.cremiacosmetics.com\/osszes-termek\/silky-touch-body-milk\/#primaryimage"},"thumbnailUrl":"https:\/\/staging.cremiacosmetics.com\/wp-content\/uploads\/2024\/03\/Cremia_silky-Touch-cherry_800.jpg","datePublished":"2019-04-05T15:45:22+00:00","dateModified":"2025-03-11T08:34:49+00:00","breadcrumb":{"@id":"https:\/\/staging.cremiacosmetics.com\/osszes-termek\/silky-touch-body-milk\/#breadcrumb"},"inLanguage":"en-US","potentialAction":[{"@type":"ReadAction","target":["https:\/\/staging.cremiacosmetics.com\/osszes-termek\/silky-touch-body-milk\/"]}]},{"@type":"ImageObject","inLanguage":"en-US","@id":"https:\/\/staging.cremiacosmetics.com\/osszes-termek\/silky-touch-body-milk\/#primaryimage","url":"https:\/\/staging.cremiacosmetics.com\/wp-content\/uploads\/2024\/03\/Cremia_silky-Touch-cherry_800.jpg","contentUrl":"https:\/\/staging.cremiacosmetics.com\/wp-content\/uploads\/2024\/03\/Cremia_silky-Touch-cherry_800.jpg","width":800,"height":800,"caption":"Cremia silky Touch cherry"},{"@type":"BreadcrumbList","@id":"https:\/\/staging.cremiacosmetics.com\/osszes-termek\/silky-touch-body-milk\/#breadcrumb","itemListElement":[{"@type":"ListItem","position":1,"name":"Kezd\u0151lap","item":"https:\/\/staging.cremiacosmetics.com\/"},{"@type":"ListItem","position":2,"name":"\u00d6sszes term\u00e9k","item":"https:\/\/staging.cremiacosmetics.com\/?page_id=15931"},{"@type":"ListItem","position":3,"name":"Silky Touch test\u00e1pol\u00f3 tej cherry blossom 200 ml"}]},{"@type":"WebSite","@id":"https:\/\/staging.cremiacosmetics.com\/#website","url":"https:\/\/staging.cremiacosmetics.com\/","name":"Cremia Cosmetics","description":"Nature-powered beauty","publisher":{"@id":"https:\/\/staging.cremiacosmetics.com\/#organization"},"potentialAction":[{"@type":"SearchAction","target":{"@type":"EntryPoint","urlTemplate":"https:\/\/staging.cremiacosmetics.com\/?s={search_term_string}"},"query-input":{"@type":"PropertyValueSpecification","valueRequired":true,"valueName":"search_term_string"}}],"inLanguage":"en-US"},{"@type":"Organization","@id":"https:\/\/staging.cremiacosmetics.com\/#organization","name":"Cremia Cosmetics","url":"https:\/\/staging.cremiacosmetics.com\/","logo":{"@type":"ImageObject","inLanguage":"en-US","@id":"https:\/\/staging.cremiacosmetics.com\/#\/schema\/logo\/image\/","url":"https:\/\/staging.cremiacosmetics.com\/wp-content\/uploads\/2024\/03\/Cremia-logo-15x15mm.svg","contentUrl":"https:\/\/staging.cremiacosmetics.com\/wp-content\/uploads\/2024\/03\/Cremia-logo-15x15mm.svg","width":42,"height":42,"caption":"Cremia Cosmetics"},"image":{"@id":"https:\/\/staging.cremiacosmetics.com\/#\/schema\/logo\/image\/"},"sameAs":["https:\/\/www.facebook.com\/cremiacosmetics","https:\/\/www.instagram.com\/cremiacosmetics\/"]}]},"product_price_amount":"8990","product_price_currency":"HUF","og_availability":"instock","product_availability":"instock","product_retailer_item_id":"C-STCh-HU-200","product_condition":"new"},"_links":{"self":[{"href":"https:\/\/staging.cremiacosmetics.com\/index.php?rest_route=\/wp\/v2\/product\/12660","targetHints":{"allow":["GET"]}}],"collection":[{"href":"https:\/\/staging.cremiacosmetics.com\/index.php?rest_route=\/wp\/v2\/product"}],"about":[{"href":"https:\/\/staging.cremiacosmetics.com\/index.php?rest_route=\/wp\/v2\/types\/product"}],"replies":[{"embeddable":true,"href":"https:\/\/staging.cremiacosmetics.com\/index.php?rest_route=%2Fwp%2Fv2%2Fcomments&post=12660"}],"version-history":[{"count":2,"href":"https:\/\/staging.cremiacosmetics.com\/index.php?rest_route=\/wp\/v2\/product\/12660\/revisions"}],"predecessor-version":[{"id":34481,"href":"https:\/\/staging.cremiacosmetics.com\/index.php?rest_route=\/wp\/v2\/product\/12660\/revisions\/34481"}],"wp:featuredmedia":[{"embeddable":true,"href":"https:\/\/staging.cremiacosmetics.com\/index.php?rest_route=\/wp\/v2\/media\/33199"}],"wp:attachment":[{"href":"https:\/\/staging.cremiacosmetics.com\/index.php?rest_route=%2Fwp%2Fv2%2Fmedia&parent=12660"}],"wp:term":[{"taxonomy":"product_brand","embeddable":true,"href":"https:\/\/staging.cremiacosmetics.com\/index.php?rest_route=%2Fwp%2Fv2%2Fproduct_brand&post=12660"},{"taxonomy":"product_cat","embeddable":true,"href":"https:\/\/staging.cremiacosmetics.com\/index.php?rest_route=%2Fwp%2Fv2%2Fproduct_cat&post=12660"},{"taxonomy":"product_tag","embeddable":true,"href":"https:\/\/staging.cremiacosmetics.com\/index.php?rest_route=%2Fwp%2Fv2%2Fproduct_tag&post=12660"}],"curies":[{"name":"wp","href":"https:\/\/api.w.org\/{rel}","templated":true}]}}