{"id":12372,"date":"2018-11-29T19:23:52","date_gmt":"2018-11-29T18:23:52","guid":{"rendered":"https:\/\/cremiocosmetics.com\/?post_type=product&#038;p=12372"},"modified":"2025-03-11T09:34:43","modified_gmt":"2025-03-11T08:34:43","slug":"anti-age-serum-2","status":"publish","type":"product","link":"https:\/\/staging.cremiacosmetics.com\/?product=anti-age-serum-2","title":{"rendered":"Anti Age serum 15 ml"},"content":{"rendered":"<p><strong>\u00d6sszetev\u0151k:<\/strong> Prunus amygdalus dulcis (<strong>mandula<\/strong>) oil, Prunus cerasus seed (<strong>meggymag<\/strong>) oil, Tocopherol (<strong>E-vit.<\/strong>), Caprylic\/capric triglyceride and spilanthes <strong>acmella<\/strong> flower extract, Argania spinosa kernel (<strong>arg\u00e1n<\/strong>) oil, Rosa Canina hip (<strong>vadr\u00f3zsa<\/strong>) oil, Litsea cubeba fruit oil, Aniba rosaeodora (<strong>r\u00f3zsafa<\/strong>) wood oil, Jasminum officinale,\u00a0Ubiquinone 50 &amp; Tocopheryl Acetate &amp; Olive Squalane (<strong>Q10<\/strong>), benzyl benzoate, citral, citronellol, geraniol, limonene, linalool<\/p>\n<p>CPNP Reference: 2707581<\/p>\n","protected":false},"excerpt":{"rendered":"<p>Mi\u00e9rt fogod szeretni ezt a sz\u00e9rumot?<\/p>\n<p>Az Anti age serum t\u00e1pl\u00e1l\u00f3 \u00e9s anti-aging \u00f6sszetev\u0151ket tartalmaz\u00f3 k\u00f6nnyed olajkombin\u00e1ci\u00f3 40 koroszt\u00e1ly sz\u00e1m\u00e1ra. A finom olajok gyorsan besz\u00edv\u00f3dnak a b\u0151rbe, \u00e9s biztos\u00edtj\u00e1k a b\u0151r sz\u00e1m\u00e1ra sz\u00fcks\u00e9ges \u00e9rt\u00e9kes esszenci\u00e1lis zs\u00edrsavakat.<\/p>\n<p>Minden b\u0151rt\u00edpusra aj\u00e1nlott, zs\u00edros b\u0151r\u0171eknek ritk\u00e1bban \u00e9s ink\u00e1bb este javasolt a haszn\u00e1lata, sz\u00e1raz b\u0151r\u0171eknek pedig ak\u00e1r naponta 2-szer is.<\/p>\n<p>15 ml.<\/p>\n<p>F\u00e9nyt\u0151l v\u00e9dve, h\u0171v\u00f6s helyen t\u00e1roland\u00f3.<\/p>\n<p>&nbsp;<\/p>\n","protected":false},"featured_media":33120,"comment_status":"open","ping_status":"closed","template":"","meta":[],"product_brand":[],"product_cat":[905,891,901,296,634,1163,442,482],"product_tag":[1058,1141,389],"class_list":{"0":"post-12372","1":"product","2":"type-product","3":"status-publish","4":"has-post-thumbnail","6":"product_cat-ajandekotletek-erett-borre","7":"product_cat-minden-bortipusra","8":"product_cat-feltolto-szerum","9":"product_cat-arcapolas","10":"product_cat-kezapolas-shea-vajas-kezkremekkel","11":"product_cat-lakossagi-termekek","12":"product_cat-olajkompoziciok","13":"product_cat-osszes","14":"product_tag-anti-age-en","15":"product_tag-kozmetikus-kedvezmeny","16":"product_tag-serum-en-hu","18":"first","19":"instock","20":"taxable","21":"shipping-taxable","22":"purchasable","23":"product-type-simple"},"bundled_by":["20038","23275"],"bundle_stock_status":"instock","bundle_stock_quantity":null,"bundle_virtual":false,"bundle_layout":"","bundle_add_to_cart_form_location":"","bundle_editable_in_cart":false,"bundle_sold_individually_context":"","bundle_item_grouping":"","bundle_min_size":"","bundle_max_size":"","bundle_price":[],"bundled_items":[],"bundle_sell_ids":[],"yoast_head":"<!-- This site is optimized with the Yoast SEO Premium plugin v24.9 (Yoast SEO v24.9) - https:\/\/yoast.com\/wordpress\/plugins\/seo\/ -->\n<title>Anti age serum - Cremio Cosmetics<\/title>\n<meta name=\"description\" content=\"Az Anti age serum \u00f6reged\u00e9sg\u00e1tl\u00f3 \u00f6sszetev\u0151ket tartalmaz\u00f3 k\u00f6nnyed olajkombin\u00e1ci\u00f3 40+ koroszt\u00e1ly sz\u00e1m\u00e1ra. Minden b\u0151rt\u00edpusra aj\u00e1nlott.\" \/>\n<meta name=\"robots\" content=\"index, follow, max-snippet:-1, max-image-preview:large, max-video-preview:-1\" \/>\n<link rel=\"canonical\" href=\"https:\/\/staging.cremiacosmetics.com\/osszes-termek\/anti-age-serum-2\/\" \/>\n<meta property=\"og:locale\" content=\"en_US\" \/>\n<meta property=\"og:type\" content=\"article\" \/>\n<meta property=\"og:title\" content=\"Anti Age serum 15 ml\" \/>\n<meta property=\"og:description\" content=\"Az Anti age serum \u00f6reged\u00e9sg\u00e1tl\u00f3 \u00f6sszetev\u0151ket tartalmaz\u00f3 k\u00f6nnyed olajkombin\u00e1ci\u00f3 40+ koroszt\u00e1ly sz\u00e1m\u00e1ra. Minden b\u0151rt\u00edpusra aj\u00e1nlott.\" \/>\n<meta property=\"og:url\" content=\"https:\/\/staging.cremiacosmetics.com\/osszes-termek\/anti-age-serum-2\/\" \/>\n<meta property=\"og:site_name\" content=\"Cremia Cosmetics\" \/>\n<meta property=\"article:publisher\" content=\"https:\/\/www.facebook.com\/cremiacosmetics\" \/>\n<meta property=\"article:modified_time\" content=\"2025-03-11T08:34:43+00:00\" \/>\n<meta property=\"og:image\" content=\"https:\/\/staging.cremiacosmetics.com\/wp-content\/uploads\/2024\/03\/Cremia_AntiAge-serum_800.jpg\" \/>\n\t<meta property=\"og:image:width\" content=\"800\" \/>\n\t<meta property=\"og:image:height\" content=\"800\" \/>\n\t<meta property=\"og:image:type\" content=\"image\/jpeg\" \/>\n<meta name=\"twitter:card\" content=\"summary_large_image\" \/>\n<meta name=\"twitter:label1\" content=\"Price\" \/>\n\t<meta name=\"twitter:data1\" content=\"9 890&nbsp;&#070;&#116;\" \/>\n\t<meta name=\"twitter:label2\" content=\"Availability\" \/>\n\t<meta name=\"twitter:data2\" content=\"In stock\" \/>\n<script type=\"application\/ld+json\" class=\"yoast-schema-graph\">{\"@context\":\"https:\/\/schema.org\",\"@graph\":[{\"@type\":\"WebPage\",\"@id\":\"https:\/\/staging.cremiacosmetics.com\/osszes-termek\/anti-age-serum-2\/\",\"url\":\"https:\/\/staging.cremiacosmetics.com\/osszes-termek\/anti-age-serum-2\/\",\"name\":\"Anti age serum - Cremio Cosmetics\",\"isPartOf\":{\"@id\":\"https:\/\/staging.cremiacosmetics.com\/#website\"},\"primaryImageOfPage\":{\"@id\":\"https:\/\/staging.cremiacosmetics.com\/osszes-termek\/anti-age-serum-2\/#primaryimage\"},\"image\":{\"@id\":\"https:\/\/staging.cremiacosmetics.com\/osszes-termek\/anti-age-serum-2\/#primaryimage\"},\"thumbnailUrl\":\"https:\/\/staging.cremiacosmetics.com\/wp-content\/uploads\/2024\/03\/Cremia_AntiAge-serum_800.jpg\",\"datePublished\":\"2018-11-29T18:23:52+00:00\",\"dateModified\":\"2025-03-11T08:34:43+00:00\",\"description\":\"Az Anti age serum \u00f6reged\u00e9sg\u00e1tl\u00f3 \u00f6sszetev\u0151ket tartalmaz\u00f3 k\u00f6nnyed olajkombin\u00e1ci\u00f3 40+ koroszt\u00e1ly sz\u00e1m\u00e1ra. Minden b\u0151rt\u00edpusra aj\u00e1nlott.\",\"breadcrumb\":{\"@id\":\"https:\/\/staging.cremiacosmetics.com\/osszes-termek\/anti-age-serum-2\/#breadcrumb\"},\"inLanguage\":\"en-US\",\"potentialAction\":[{\"@type\":\"ReadAction\",\"target\":[\"https:\/\/staging.cremiacosmetics.com\/osszes-termek\/anti-age-serum-2\/\"]}]},{\"@type\":\"ImageObject\",\"inLanguage\":\"en-US\",\"@id\":\"https:\/\/staging.cremiacosmetics.com\/osszes-termek\/anti-age-serum-2\/#primaryimage\",\"url\":\"https:\/\/staging.cremiacosmetics.com\/wp-content\/uploads\/2024\/03\/Cremia_AntiAge-serum_800.jpg\",\"contentUrl\":\"https:\/\/staging.cremiacosmetics.com\/wp-content\/uploads\/2024\/03\/Cremia_AntiAge-serum_800.jpg\",\"width\":800,\"height\":800,\"caption\":\"Cremia Anti Age Serum\"},{\"@type\":\"BreadcrumbList\",\"@id\":\"https:\/\/staging.cremiacosmetics.com\/osszes-termek\/anti-age-serum-2\/#breadcrumb\",\"itemListElement\":[{\"@type\":\"ListItem\",\"position\":1,\"name\":\"Kezd\u0151lap\",\"item\":\"https:\/\/staging.cremiacosmetics.com\/\"},{\"@type\":\"ListItem\",\"position\":2,\"name\":\"\u00d6sszes term\u00e9k\",\"item\":\"https:\/\/staging.cremiacosmetics.com\/?page_id=15931\"},{\"@type\":\"ListItem\",\"position\":3,\"name\":\"Anti Age serum 15 ml\"}]},{\"@type\":\"WebSite\",\"@id\":\"https:\/\/staging.cremiacosmetics.com\/#website\",\"url\":\"https:\/\/staging.cremiacosmetics.com\/\",\"name\":\"Cremia Cosmetics\",\"description\":\"Nature-powered beauty\",\"publisher\":{\"@id\":\"https:\/\/staging.cremiacosmetics.com\/#organization\"},\"potentialAction\":[{\"@type\":\"SearchAction\",\"target\":{\"@type\":\"EntryPoint\",\"urlTemplate\":\"https:\/\/staging.cremiacosmetics.com\/?s={search_term_string}\"},\"query-input\":{\"@type\":\"PropertyValueSpecification\",\"valueRequired\":true,\"valueName\":\"search_term_string\"}}],\"inLanguage\":\"en-US\"},{\"@type\":\"Organization\",\"@id\":\"https:\/\/staging.cremiacosmetics.com\/#organization\",\"name\":\"Cremia Cosmetics\",\"url\":\"https:\/\/staging.cremiacosmetics.com\/\",\"logo\":{\"@type\":\"ImageObject\",\"inLanguage\":\"en-US\",\"@id\":\"https:\/\/staging.cremiacosmetics.com\/#\/schema\/logo\/image\/\",\"url\":\"https:\/\/staging.cremiacosmetics.com\/wp-content\/uploads\/2024\/03\/Cremia-logo-15x15mm.svg\",\"contentUrl\":\"https:\/\/staging.cremiacosmetics.com\/wp-content\/uploads\/2024\/03\/Cremia-logo-15x15mm.svg\",\"width\":42,\"height\":42,\"caption\":\"Cremia Cosmetics\"},\"image\":{\"@id\":\"https:\/\/staging.cremiacosmetics.com\/#\/schema\/logo\/image\/\"},\"sameAs\":[\"https:\/\/www.facebook.com\/cremiacosmetics\",\"https:\/\/www.instagram.com\/cremiacosmetics\/\"]}]}<\/script>\n<meta property=\"product:price:amount\" content=\"9890\" \/>\n<meta property=\"product:price:currency\" content=\"HUF\" \/>\n<meta property=\"og:availability\" content=\"instock\" \/>\n<meta property=\"product:availability\" content=\"instock\" \/>\n<meta property=\"product:retailer_item_id\" content=\"C-AAS-HU-15\" \/>\n<meta property=\"product:condition\" content=\"new\" \/>\n<!-- \/ Yoast SEO Premium plugin. -->","yoast_head_json":{"title":"Anti age serum - Cremio Cosmetics","description":"Az Anti age serum \u00f6reged\u00e9sg\u00e1tl\u00f3 \u00f6sszetev\u0151ket tartalmaz\u00f3 k\u00f6nnyed olajkombin\u00e1ci\u00f3 40+ koroszt\u00e1ly sz\u00e1m\u00e1ra. Minden b\u0151rt\u00edpusra aj\u00e1nlott.","robots":{"index":"index","follow":"follow","max-snippet":"max-snippet:-1","max-image-preview":"max-image-preview:large","max-video-preview":"max-video-preview:-1"},"canonical":"https:\/\/staging.cremiacosmetics.com\/osszes-termek\/anti-age-serum-2\/","og_locale":"en_US","og_type":"article","og_title":"Anti Age serum 15 ml","og_description":"Az Anti age serum \u00f6reged\u00e9sg\u00e1tl\u00f3 \u00f6sszetev\u0151ket tartalmaz\u00f3 k\u00f6nnyed olajkombin\u00e1ci\u00f3 40+ koroszt\u00e1ly sz\u00e1m\u00e1ra. Minden b\u0151rt\u00edpusra aj\u00e1nlott.","og_url":"https:\/\/staging.cremiacosmetics.com\/osszes-termek\/anti-age-serum-2\/","og_site_name":"Cremia Cosmetics","article_publisher":"https:\/\/www.facebook.com\/cremiacosmetics","article_modified_time":"2025-03-11T08:34:43+00:00","og_image":[{"width":800,"height":800,"url":"https:\/\/staging.cremiacosmetics.com\/wp-content\/uploads\/2024\/03\/Cremia_AntiAge-serum_800.jpg","type":"image\/jpeg"}],"twitter_card":"summary_large_image","twitter_misc":{"Price":"9 890&nbsp;&#70;&#116;","Availability":"In stock"},"schema":{"@context":"https:\/\/schema.org","@graph":[{"@type":"WebPage","@id":"https:\/\/staging.cremiacosmetics.com\/osszes-termek\/anti-age-serum-2\/","url":"https:\/\/staging.cremiacosmetics.com\/osszes-termek\/anti-age-serum-2\/","name":"Anti age serum - Cremio Cosmetics","isPartOf":{"@id":"https:\/\/staging.cremiacosmetics.com\/#website"},"primaryImageOfPage":{"@id":"https:\/\/staging.cremiacosmetics.com\/osszes-termek\/anti-age-serum-2\/#primaryimage"},"image":{"@id":"https:\/\/staging.cremiacosmetics.com\/osszes-termek\/anti-age-serum-2\/#primaryimage"},"thumbnailUrl":"https:\/\/staging.cremiacosmetics.com\/wp-content\/uploads\/2024\/03\/Cremia_AntiAge-serum_800.jpg","datePublished":"2018-11-29T18:23:52+00:00","dateModified":"2025-03-11T08:34:43+00:00","description":"Az Anti age serum \u00f6reged\u00e9sg\u00e1tl\u00f3 \u00f6sszetev\u0151ket tartalmaz\u00f3 k\u00f6nnyed olajkombin\u00e1ci\u00f3 40+ koroszt\u00e1ly sz\u00e1m\u00e1ra. Minden b\u0151rt\u00edpusra aj\u00e1nlott.","breadcrumb":{"@id":"https:\/\/staging.cremiacosmetics.com\/osszes-termek\/anti-age-serum-2\/#breadcrumb"},"inLanguage":"en-US","potentialAction":[{"@type":"ReadAction","target":["https:\/\/staging.cremiacosmetics.com\/osszes-termek\/anti-age-serum-2\/"]}]},{"@type":"ImageObject","inLanguage":"en-US","@id":"https:\/\/staging.cremiacosmetics.com\/osszes-termek\/anti-age-serum-2\/#primaryimage","url":"https:\/\/staging.cremiacosmetics.com\/wp-content\/uploads\/2024\/03\/Cremia_AntiAge-serum_800.jpg","contentUrl":"https:\/\/staging.cremiacosmetics.com\/wp-content\/uploads\/2024\/03\/Cremia_AntiAge-serum_800.jpg","width":800,"height":800,"caption":"Cremia Anti Age Serum"},{"@type":"BreadcrumbList","@id":"https:\/\/staging.cremiacosmetics.com\/osszes-termek\/anti-age-serum-2\/#breadcrumb","itemListElement":[{"@type":"ListItem","position":1,"name":"Kezd\u0151lap","item":"https:\/\/staging.cremiacosmetics.com\/"},{"@type":"ListItem","position":2,"name":"\u00d6sszes term\u00e9k","item":"https:\/\/staging.cremiacosmetics.com\/?page_id=15931"},{"@type":"ListItem","position":3,"name":"Anti Age serum 15 ml"}]},{"@type":"WebSite","@id":"https:\/\/staging.cremiacosmetics.com\/#website","url":"https:\/\/staging.cremiacosmetics.com\/","name":"Cremia Cosmetics","description":"Nature-powered beauty","publisher":{"@id":"https:\/\/staging.cremiacosmetics.com\/#organization"},"potentialAction":[{"@type":"SearchAction","target":{"@type":"EntryPoint","urlTemplate":"https:\/\/staging.cremiacosmetics.com\/?s={search_term_string}"},"query-input":{"@type":"PropertyValueSpecification","valueRequired":true,"valueName":"search_term_string"}}],"inLanguage":"en-US"},{"@type":"Organization","@id":"https:\/\/staging.cremiacosmetics.com\/#organization","name":"Cremia Cosmetics","url":"https:\/\/staging.cremiacosmetics.com\/","logo":{"@type":"ImageObject","inLanguage":"en-US","@id":"https:\/\/staging.cremiacosmetics.com\/#\/schema\/logo\/image\/","url":"https:\/\/staging.cremiacosmetics.com\/wp-content\/uploads\/2024\/03\/Cremia-logo-15x15mm.svg","contentUrl":"https:\/\/staging.cremiacosmetics.com\/wp-content\/uploads\/2024\/03\/Cremia-logo-15x15mm.svg","width":42,"height":42,"caption":"Cremia Cosmetics"},"image":{"@id":"https:\/\/staging.cremiacosmetics.com\/#\/schema\/logo\/image\/"},"sameAs":["https:\/\/www.facebook.com\/cremiacosmetics","https:\/\/www.instagram.com\/cremiacosmetics\/"]}]},"product_price_amount":"9890","product_price_currency":"HUF","og_availability":"instock","product_availability":"instock","product_retailer_item_id":"C-AAS-HU-15","product_condition":"new"},"_links":{"self":[{"href":"https:\/\/staging.cremiacosmetics.com\/index.php?rest_route=\/wp\/v2\/product\/12372","targetHints":{"allow":["GET"]}}],"collection":[{"href":"https:\/\/staging.cremiacosmetics.com\/index.php?rest_route=\/wp\/v2\/product"}],"about":[{"href":"https:\/\/staging.cremiacosmetics.com\/index.php?rest_route=\/wp\/v2\/types\/product"}],"replies":[{"embeddable":true,"href":"https:\/\/staging.cremiacosmetics.com\/index.php?rest_route=%2Fwp%2Fv2%2Fcomments&post=12372"}],"version-history":[{"count":1,"href":"https:\/\/staging.cremiacosmetics.com\/index.php?rest_route=\/wp\/v2\/product\/12372\/revisions"}],"predecessor-version":[{"id":33518,"href":"https:\/\/staging.cremiacosmetics.com\/index.php?rest_route=\/wp\/v2\/product\/12372\/revisions\/33518"}],"wp:featuredmedia":[{"embeddable":true,"href":"https:\/\/staging.cremiacosmetics.com\/index.php?rest_route=\/wp\/v2\/media\/33120"}],"wp:attachment":[{"href":"https:\/\/staging.cremiacosmetics.com\/index.php?rest_route=%2Fwp%2Fv2%2Fmedia&parent=12372"}],"wp:term":[{"taxonomy":"product_brand","embeddable":true,"href":"https:\/\/staging.cremiacosmetics.com\/index.php?rest_route=%2Fwp%2Fv2%2Fproduct_brand&post=12372"},{"taxonomy":"product_cat","embeddable":true,"href":"https:\/\/staging.cremiacosmetics.com\/index.php?rest_route=%2Fwp%2Fv2%2Fproduct_cat&post=12372"},{"taxonomy":"product_tag","embeddable":true,"href":"https:\/\/staging.cremiacosmetics.com\/index.php?rest_route=%2Fwp%2Fv2%2Fproduct_tag&post=12372"}],"curies":[{"name":"wp","href":"https:\/\/api.w.org\/{rel}","templated":true}]}}