{"id":12371,"date":"2018-11-29T19:21:39","date_gmt":"2018-11-29T18:21:39","guid":{"rendered":"https:\/\/cremiocosmetics.com\/?post_type=product&#038;p=12371"},"modified":"2025-03-11T09:34:42","modified_gmt":"2025-03-11T08:34:42","slug":"q10-oil-serum-2","status":"publish","type":"product","link":"https:\/\/staging.cremiacosmetics.com\/?product=q10-oil-serum-2","title":{"rendered":"Q10 serum 15 ml"},"content":{"rendered":"<p>\u00d6sszetev\u0151k: Prunus amygdalus dulcis oil, Ubiquinone 50, Tocopheryl acetate, Olive squalane, Fragrance, citronellol, geraniol, limonene, linalool.<\/p>\n<p>CPNP Reference: 2931403<\/p>\n","protected":false},"excerpt":{"rendered":"<p>Mi\u00e9rt fogod szeretni ezt a sz\u00e9rumot?<\/p>\n<p>A Q10 egy kiv\u00e1l\u00f3 regener\u00e1l\u00f3, antioxid\u00e1ns hat\u00e1s\u00fa komplex \u00f6sszetev\u0151, amit ez a sz\u00e9rum magas koncentr\u00e1ci\u00f3ban tartalmaz. Lehet \u00f6n\u00e1ll\u00f3an is haszn\u00e1lni, de \u00e9rdemes p\u00e1r cseppet belekeverni a szok\u00e1sos arc- vagy k\u00e9zkr\u00e9mekbe, p\u00e9ld\u00e1ul a Happy Face, a Night Repair \u00e9s a Happy Hands kr\u00e9mekbe.<\/p>\n<p>Sz\u00e1m\u00edt\u00f3g\u00e9p el\u0151tt dolgoz\u00f3 n\u0151k \u00e9s f\u00e9rfiak sz\u00e1m\u00e1ra egyar\u00e1nt aj\u00e1nlott a sz\u00e1m\u00edt\u00f3g\u00e9pb\u0151l \u00e9rkez\u0151 k\u00e9k f\u00e9ny b\u0151r-\u00f6reg\u00edt\u0151 hat\u00e1sainak cs\u00f6kkent\u00e9s\u00e9re.<\/p>\n<p>Haszn\u00e1ld a b\u0151rp\u00edr cs\u00f6kkent\u00e9s\u00e9re, napoz\u00e1s ut\u00e1n vagy \u00e9jszak\u00e1ra a gazdag hat\u00f3anyagok min\u00e9l jobb felsz\u00edv\u00f3d\u00e1s\u00e1\u00e9rt.<\/p>\n<p>15 ml<\/p>\n<p>F\u00e9nyt\u0151l v\u00e9dve, h\u0171v\u00f6s helyen t\u00e1roland\u00f3.<\/p>\n","protected":false},"featured_media":33190,"comment_status":"open","ping_status":"closed","template":"","meta":[],"product_brand":[],"product_cat":[296,310,634,639,1163,442,482,1412],"product_tag":[],"class_list":{"0":"post-12371","1":"product","2":"type-product","3":"status-publish","4":"has-post-thumbnail","6":"product_cat-arcapolas","7":"product_cat-kez-es-labapolas","8":"product_cat-kezapolas-shea-vajas-kezkremekkel","9":"product_cat-kezapolas","10":"product_cat-lakossagi-termekek","11":"product_cat-olajkompoziciok","12":"product_cat-osszes","13":"product_cat-szerumok","15":"first","16":"instock","17":"taxable","18":"shipping-taxable","19":"purchasable","20":"product-type-simple"},"bundled_by":[],"bundle_stock_status":"instock","bundle_stock_quantity":null,"bundle_virtual":false,"bundle_layout":"","bundle_add_to_cart_form_location":"","bundle_editable_in_cart":false,"bundle_sold_individually_context":"","bundle_item_grouping":"","bundle_min_size":"","bundle_max_size":"","bundle_price":[],"bundled_items":[],"bundle_sell_ids":[],"yoast_head":"<!-- This site is optimized with the Yoast SEO Premium plugin v24.9 (Yoast SEO v24.9) - https:\/\/yoast.com\/wordpress\/plugins\/seo\/ -->\n<title>Q10 serum 15 ml - Cremia Cosmetics<\/title>\n<meta name=\"robots\" content=\"index, follow, max-snippet:-1, max-image-preview:large, max-video-preview:-1\" \/>\n<link rel=\"canonical\" href=\"https:\/\/staging.cremiacosmetics.com\/osszes-termek\/q10-oil-serum-2\/\" \/>\n<meta property=\"og:locale\" content=\"en_US\" \/>\n<meta property=\"og:type\" content=\"article\" \/>\n<meta property=\"og:title\" content=\"Q10 serum 15 ml\" \/>\n<meta property=\"og:description\" content=\"Mi\u00e9rt fogod szeretni ezt a sz\u00e9rumot?  A Q10 egy kiv\u00e1l\u00f3 regener\u00e1l\u00f3, antioxid\u00e1ns hat\u00e1s\u00fa komplex \u00f6sszetev\u0151, amit ez a sz\u00e9rum magas koncentr\u00e1ci\u00f3ban tartalmaz. Lehet \u00f6n\u00e1ll\u00f3an is haszn\u00e1lni, de \u00e9rdemes p\u00e1r cseppet belekeverni a szok\u00e1sos arc- vagy k\u00e9zkr\u00e9mekbe, p\u00e9ld\u00e1ul a Happy Face, a Night Repair \u00e9s a Happy Hands kr\u00e9mekbe.  Sz\u00e1m\u00edt\u00f3g\u00e9p el\u0151tt dolgoz\u00f3 n\u0151k \u00e9s f\u00e9rfiak sz\u00e1m\u00e1ra egyar\u00e1nt aj\u00e1nlott a sz\u00e1m\u00edt\u00f3g\u00e9pb\u0151l \u00e9rkez\u0151 k\u00e9k f\u00e9ny b\u0151r-\u00f6reg\u00edt\u0151 hat\u00e1sainak cs\u00f6kkent\u00e9s\u00e9re.  Haszn\u00e1ld a b\u0151rp\u00edr cs\u00f6kkent\u00e9s\u00e9re, napoz\u00e1s ut\u00e1n vagy \u00e9jszak\u00e1ra a gazdag hat\u00f3anyagok min\u00e9l jobb felsz\u00edv\u00f3d\u00e1s\u00e1\u00e9rt.  15 ml  F\u00e9nyt\u0151l v\u00e9dve, h\u0171v\u00f6s helyen t\u00e1roland\u00f3.\" \/>\n<meta property=\"og:url\" content=\"https:\/\/staging.cremiacosmetics.com\/osszes-termek\/q10-oil-serum-2\/\" \/>\n<meta property=\"og:site_name\" content=\"Cremia Cosmetics\" \/>\n<meta property=\"article:publisher\" content=\"https:\/\/www.facebook.com\/cremiacosmetics\" \/>\n<meta property=\"article:modified_time\" content=\"2025-03-11T08:34:42+00:00\" \/>\n<meta property=\"og:image\" content=\"https:\/\/staging.cremiacosmetics.com\/wp-content\/uploads\/2024\/03\/Cremia_Q10_800.jpg\" \/>\n\t<meta property=\"og:image:width\" content=\"800\" \/>\n\t<meta property=\"og:image:height\" content=\"800\" \/>\n\t<meta property=\"og:image:type\" content=\"image\/jpeg\" \/>\n<meta name=\"twitter:card\" content=\"summary_large_image\" \/>\n<meta name=\"twitter:label1\" content=\"Price\" \/>\n\t<meta name=\"twitter:data1\" content=\"8 790&nbsp;&#070;&#116;\" \/>\n\t<meta name=\"twitter:label2\" content=\"Availability\" \/>\n\t<meta name=\"twitter:data2\" content=\"In stock\" \/>\n<script type=\"application\/ld+json\" class=\"yoast-schema-graph\">{\"@context\":\"https:\/\/schema.org\",\"@graph\":[{\"@type\":\"WebPage\",\"@id\":\"https:\/\/staging.cremiacosmetics.com\/osszes-termek\/q10-oil-serum-2\/\",\"url\":\"https:\/\/staging.cremiacosmetics.com\/osszes-termek\/q10-oil-serum-2\/\",\"name\":\"Q10 serum 15 ml - Cremia Cosmetics\",\"isPartOf\":{\"@id\":\"https:\/\/staging.cremiacosmetics.com\/#website\"},\"primaryImageOfPage\":{\"@id\":\"https:\/\/staging.cremiacosmetics.com\/osszes-termek\/q10-oil-serum-2\/#primaryimage\"},\"image\":{\"@id\":\"https:\/\/staging.cremiacosmetics.com\/osszes-termek\/q10-oil-serum-2\/#primaryimage\"},\"thumbnailUrl\":\"https:\/\/staging.cremiacosmetics.com\/wp-content\/uploads\/2024\/03\/Cremia_Q10_800.jpg\",\"datePublished\":\"2018-11-29T18:21:39+00:00\",\"dateModified\":\"2025-03-11T08:34:42+00:00\",\"breadcrumb\":{\"@id\":\"https:\/\/staging.cremiacosmetics.com\/osszes-termek\/q10-oil-serum-2\/#breadcrumb\"},\"inLanguage\":\"en-US\",\"potentialAction\":[{\"@type\":\"ReadAction\",\"target\":[\"https:\/\/staging.cremiacosmetics.com\/osszes-termek\/q10-oil-serum-2\/\"]}]},{\"@type\":\"ImageObject\",\"inLanguage\":\"en-US\",\"@id\":\"https:\/\/staging.cremiacosmetics.com\/osszes-termek\/q10-oil-serum-2\/#primaryimage\",\"url\":\"https:\/\/staging.cremiacosmetics.com\/wp-content\/uploads\/2024\/03\/Cremia_Q10_800.jpg\",\"contentUrl\":\"https:\/\/staging.cremiacosmetics.com\/wp-content\/uploads\/2024\/03\/Cremia_Q10_800.jpg\",\"width\":800,\"height\":800,\"caption\":\"Cremia Q10 Serum\"},{\"@type\":\"BreadcrumbList\",\"@id\":\"https:\/\/staging.cremiacosmetics.com\/osszes-termek\/q10-oil-serum-2\/#breadcrumb\",\"itemListElement\":[{\"@type\":\"ListItem\",\"position\":1,\"name\":\"Kezd\u0151lap\",\"item\":\"https:\/\/staging.cremiacosmetics.com\/\"},{\"@type\":\"ListItem\",\"position\":2,\"name\":\"\u00d6sszes term\u00e9k\",\"item\":\"https:\/\/staging.cremiacosmetics.com\/?page_id=15931\"},{\"@type\":\"ListItem\",\"position\":3,\"name\":\"Q10 serum 15 ml\"}]},{\"@type\":\"WebSite\",\"@id\":\"https:\/\/staging.cremiacosmetics.com\/#website\",\"url\":\"https:\/\/staging.cremiacosmetics.com\/\",\"name\":\"Cremia Cosmetics\",\"description\":\"Nature-powered beauty\",\"publisher\":{\"@id\":\"https:\/\/staging.cremiacosmetics.com\/#organization\"},\"potentialAction\":[{\"@type\":\"SearchAction\",\"target\":{\"@type\":\"EntryPoint\",\"urlTemplate\":\"https:\/\/staging.cremiacosmetics.com\/?s={search_term_string}\"},\"query-input\":{\"@type\":\"PropertyValueSpecification\",\"valueRequired\":true,\"valueName\":\"search_term_string\"}}],\"inLanguage\":\"en-US\"},{\"@type\":\"Organization\",\"@id\":\"https:\/\/staging.cremiacosmetics.com\/#organization\",\"name\":\"Cremia Cosmetics\",\"url\":\"https:\/\/staging.cremiacosmetics.com\/\",\"logo\":{\"@type\":\"ImageObject\",\"inLanguage\":\"en-US\",\"@id\":\"https:\/\/staging.cremiacosmetics.com\/#\/schema\/logo\/image\/\",\"url\":\"https:\/\/staging.cremiacosmetics.com\/wp-content\/uploads\/2024\/03\/Cremia-logo-15x15mm.svg\",\"contentUrl\":\"https:\/\/staging.cremiacosmetics.com\/wp-content\/uploads\/2024\/03\/Cremia-logo-15x15mm.svg\",\"width\":42,\"height\":42,\"caption\":\"Cremia Cosmetics\"},\"image\":{\"@id\":\"https:\/\/staging.cremiacosmetics.com\/#\/schema\/logo\/image\/\"},\"sameAs\":[\"https:\/\/www.facebook.com\/cremiacosmetics\",\"https:\/\/www.instagram.com\/cremiacosmetics\/\"]}]}<\/script>\n<meta property=\"product:price:amount\" content=\"8790\" \/>\n<meta property=\"product:price:currency\" content=\"HUF\" \/>\n<meta property=\"og:availability\" content=\"instock\" \/>\n<meta property=\"product:availability\" content=\"instock\" \/>\n<meta property=\"product:retailer_item_id\" content=\"C-QS-HU-15\" \/>\n<meta property=\"product:condition\" content=\"new\" \/>\n<!-- \/ Yoast SEO Premium plugin. -->","yoast_head_json":{"title":"Q10 serum 15 ml - Cremia Cosmetics","robots":{"index":"index","follow":"follow","max-snippet":"max-snippet:-1","max-image-preview":"max-image-preview:large","max-video-preview":"max-video-preview:-1"},"canonical":"https:\/\/staging.cremiacosmetics.com\/osszes-termek\/q10-oil-serum-2\/","og_locale":"en_US","og_type":"article","og_title":"Q10 serum 15 ml","og_description":"Mi\u00e9rt fogod szeretni ezt a sz\u00e9rumot?  A Q10 egy kiv\u00e1l\u00f3 regener\u00e1l\u00f3, antioxid\u00e1ns hat\u00e1s\u00fa komplex \u00f6sszetev\u0151, amit ez a sz\u00e9rum magas koncentr\u00e1ci\u00f3ban tartalmaz. Lehet \u00f6n\u00e1ll\u00f3an is haszn\u00e1lni, de \u00e9rdemes p\u00e1r cseppet belekeverni a szok\u00e1sos arc- vagy k\u00e9zkr\u00e9mekbe, p\u00e9ld\u00e1ul a Happy Face, a Night Repair \u00e9s a Happy Hands kr\u00e9mekbe.  Sz\u00e1m\u00edt\u00f3g\u00e9p el\u0151tt dolgoz\u00f3 n\u0151k \u00e9s f\u00e9rfiak sz\u00e1m\u00e1ra egyar\u00e1nt aj\u00e1nlott a sz\u00e1m\u00edt\u00f3g\u00e9pb\u0151l \u00e9rkez\u0151 k\u00e9k f\u00e9ny b\u0151r-\u00f6reg\u00edt\u0151 hat\u00e1sainak cs\u00f6kkent\u00e9s\u00e9re.  Haszn\u00e1ld a b\u0151rp\u00edr cs\u00f6kkent\u00e9s\u00e9re, napoz\u00e1s ut\u00e1n vagy \u00e9jszak\u00e1ra a gazdag hat\u00f3anyagok min\u00e9l jobb felsz\u00edv\u00f3d\u00e1s\u00e1\u00e9rt.  15 ml  F\u00e9nyt\u0151l v\u00e9dve, h\u0171v\u00f6s helyen t\u00e1roland\u00f3.","og_url":"https:\/\/staging.cremiacosmetics.com\/osszes-termek\/q10-oil-serum-2\/","og_site_name":"Cremia Cosmetics","article_publisher":"https:\/\/www.facebook.com\/cremiacosmetics","article_modified_time":"2025-03-11T08:34:42+00:00","og_image":[{"width":800,"height":800,"url":"https:\/\/staging.cremiacosmetics.com\/wp-content\/uploads\/2024\/03\/Cremia_Q10_800.jpg","type":"image\/jpeg"}],"twitter_card":"summary_large_image","twitter_misc":{"Price":"8 790&nbsp;&#70;&#116;","Availability":"In stock"},"schema":{"@context":"https:\/\/schema.org","@graph":[{"@type":"WebPage","@id":"https:\/\/staging.cremiacosmetics.com\/osszes-termek\/q10-oil-serum-2\/","url":"https:\/\/staging.cremiacosmetics.com\/osszes-termek\/q10-oil-serum-2\/","name":"Q10 serum 15 ml - Cremia Cosmetics","isPartOf":{"@id":"https:\/\/staging.cremiacosmetics.com\/#website"},"primaryImageOfPage":{"@id":"https:\/\/staging.cremiacosmetics.com\/osszes-termek\/q10-oil-serum-2\/#primaryimage"},"image":{"@id":"https:\/\/staging.cremiacosmetics.com\/osszes-termek\/q10-oil-serum-2\/#primaryimage"},"thumbnailUrl":"https:\/\/staging.cremiacosmetics.com\/wp-content\/uploads\/2024\/03\/Cremia_Q10_800.jpg","datePublished":"2018-11-29T18:21:39+00:00","dateModified":"2025-03-11T08:34:42+00:00","breadcrumb":{"@id":"https:\/\/staging.cremiacosmetics.com\/osszes-termek\/q10-oil-serum-2\/#breadcrumb"},"inLanguage":"en-US","potentialAction":[{"@type":"ReadAction","target":["https:\/\/staging.cremiacosmetics.com\/osszes-termek\/q10-oil-serum-2\/"]}]},{"@type":"ImageObject","inLanguage":"en-US","@id":"https:\/\/staging.cremiacosmetics.com\/osszes-termek\/q10-oil-serum-2\/#primaryimage","url":"https:\/\/staging.cremiacosmetics.com\/wp-content\/uploads\/2024\/03\/Cremia_Q10_800.jpg","contentUrl":"https:\/\/staging.cremiacosmetics.com\/wp-content\/uploads\/2024\/03\/Cremia_Q10_800.jpg","width":800,"height":800,"caption":"Cremia Q10 Serum"},{"@type":"BreadcrumbList","@id":"https:\/\/staging.cremiacosmetics.com\/osszes-termek\/q10-oil-serum-2\/#breadcrumb","itemListElement":[{"@type":"ListItem","position":1,"name":"Kezd\u0151lap","item":"https:\/\/staging.cremiacosmetics.com\/"},{"@type":"ListItem","position":2,"name":"\u00d6sszes term\u00e9k","item":"https:\/\/staging.cremiacosmetics.com\/?page_id=15931"},{"@type":"ListItem","position":3,"name":"Q10 serum 15 ml"}]},{"@type":"WebSite","@id":"https:\/\/staging.cremiacosmetics.com\/#website","url":"https:\/\/staging.cremiacosmetics.com\/","name":"Cremia Cosmetics","description":"Nature-powered beauty","publisher":{"@id":"https:\/\/staging.cremiacosmetics.com\/#organization"},"potentialAction":[{"@type":"SearchAction","target":{"@type":"EntryPoint","urlTemplate":"https:\/\/staging.cremiacosmetics.com\/?s={search_term_string}"},"query-input":{"@type":"PropertyValueSpecification","valueRequired":true,"valueName":"search_term_string"}}],"inLanguage":"en-US"},{"@type":"Organization","@id":"https:\/\/staging.cremiacosmetics.com\/#organization","name":"Cremia Cosmetics","url":"https:\/\/staging.cremiacosmetics.com\/","logo":{"@type":"ImageObject","inLanguage":"en-US","@id":"https:\/\/staging.cremiacosmetics.com\/#\/schema\/logo\/image\/","url":"https:\/\/staging.cremiacosmetics.com\/wp-content\/uploads\/2024\/03\/Cremia-logo-15x15mm.svg","contentUrl":"https:\/\/staging.cremiacosmetics.com\/wp-content\/uploads\/2024\/03\/Cremia-logo-15x15mm.svg","width":42,"height":42,"caption":"Cremia Cosmetics"},"image":{"@id":"https:\/\/staging.cremiacosmetics.com\/#\/schema\/logo\/image\/"},"sameAs":["https:\/\/www.facebook.com\/cremiacosmetics","https:\/\/www.instagram.com\/cremiacosmetics\/"]}]},"product_price_amount":"8790","product_price_currency":"HUF","og_availability":"instock","product_availability":"instock","product_retailer_item_id":"C-QS-HU-15","product_condition":"new"},"_links":{"self":[{"href":"https:\/\/staging.cremiacosmetics.com\/index.php?rest_route=\/wp\/v2\/product\/12371","targetHints":{"allow":["GET"]}}],"collection":[{"href":"https:\/\/staging.cremiacosmetics.com\/index.php?rest_route=\/wp\/v2\/product"}],"about":[{"href":"https:\/\/staging.cremiacosmetics.com\/index.php?rest_route=\/wp\/v2\/types\/product"}],"replies":[{"embeddable":true,"href":"https:\/\/staging.cremiacosmetics.com\/index.php?rest_route=%2Fwp%2Fv2%2Fcomments&post=12371"}],"version-history":[{"count":1,"href":"https:\/\/staging.cremiacosmetics.com\/index.php?rest_route=\/wp\/v2\/product\/12371\/revisions"}],"predecessor-version":[{"id":34202,"href":"https:\/\/staging.cremiacosmetics.com\/index.php?rest_route=\/wp\/v2\/product\/12371\/revisions\/34202"}],"wp:featuredmedia":[{"embeddable":true,"href":"https:\/\/staging.cremiacosmetics.com\/index.php?rest_route=\/wp\/v2\/media\/33190"}],"wp:attachment":[{"href":"https:\/\/staging.cremiacosmetics.com\/index.php?rest_route=%2Fwp%2Fv2%2Fmedia&parent=12371"}],"wp:term":[{"taxonomy":"product_brand","embeddable":true,"href":"https:\/\/staging.cremiacosmetics.com\/index.php?rest_route=%2Fwp%2Fv2%2Fproduct_brand&post=12371"},{"taxonomy":"product_cat","embeddable":true,"href":"https:\/\/staging.cremiacosmetics.com\/index.php?rest_route=%2Fwp%2Fv2%2Fproduct_cat&post=12371"},{"taxonomy":"product_tag","embeddable":true,"href":"https:\/\/staging.cremiacosmetics.com\/index.php?rest_route=%2Fwp%2Fv2%2Fproduct_tag&post=12371"}],"curies":[{"name":"wp","href":"https:\/\/api.w.org\/{rel}","templated":true}]}}